{"id":459323,"date":"2020-05-21T08:15:22","date_gmt":"2020-05-21T05:15:22","guid":{"rendered":"https:\/\/beebipood.ee\/toode\/babydan-olaf-turvapiire-xx-wide-valge\/"},"modified":"2025-04-01T01:00:29","modified_gmt":"2025-03-31T22:00:29","slug":"babydan-olaf-turvapiire-xx-wide-valge","status":"publish","type":"product","link":"https:\/\/beebipood.ee\/ru\/produkt\/babydan-olaf-turvapiire-xx-wide-valge\/","title":{"rendered":"BabyDan Olaf turvapiire XX wide, valge"},"content":{"rendered":"<p>BabyDan Olaf turvav\u00e4rava s\u00fcsteem koosneb mitmest detailist, <br \/>mida saab kasutada vastavalt oma soovidele. <br \/>XX suuruses s\u00fcsteem sobib ideaalselt laiade usteavade piiramiseks ning ruumipoolitajaks. <br \/>V\u00f5imalik kasutada ka k\u00fcttekolde piirdena. <br \/>Turvav\u00e4rav on lihtsasti monteeritav ning teil on v\u00f5imalus pikendada antud v\u00e4ravat <br \/>lisasektsioonidega vastavalt enda vajadustele.<br \/><span style=\"text-decoration: underline;\"><br \/>Omadused<\/span><br \/>Komplektis on ekstra lai v\u00e4ravaosa<br \/>Lihtsasti \u00fche k\u00e4ega avatav (t\u00e4iskasvanu poolt)<br \/>Turvav\u00e4rav avaneb m\u00f5lemale poole<br \/>Antud s\u00fcsteemi on v\u00f5imalik pikendada l\u00f5pmatuseni <br \/>(lisasektsioonid 33cm v\u00f5i 72cm on saadaval eraldi)<br \/>V\u00e4rava (ukse) sektsiooni on v\u00f5imalik paigaldada t\u00e4pselt sinna, kuhu ise soovite<br \/>Tootel on Quick Release mehhanism, mis v\u00f5imaldab turvav\u00e4ravat h\u00f5lpsasti <br \/>ja kiirelt eemaldada ja taas paigaldada<br \/>Vastab Euroopa turvastandardile EN1930:2011<br \/>Toodetud Taanis<br \/>Materjal: metallist v\u00e4ravaosa \/ plastikust k\u00e4epide<br \/>100% PVC vaba<br \/><span style=\"text-decoration: underline;\">N\u00e4itajad<\/span><br \/>Standard suurus 90 &#8212; 278cm<br \/>V\u00e4rava k\u00f5rgus 71cm<br \/><span style=\"text-decoration: underline;\">Komplektis<\/span><br \/>1 x ukseosa (72cm)<br \/>2 x v\u00e4ravaosa (72cm)<br \/>2 x v\u00e4ravaosa (33cm)<br \/>Seinakinnitused<\/p>\n","protected":false},"excerpt":{"rendered":"<p>BabyDan Olaf turvav\u00e4rava s\u00fcsteem koosneb mitmest detailist, mida saab kasutada vastavalt oma soovidele. XX suuruses s\u00fcsteem sobib ideaalselt laiade usteavade piiramiseks ning ruumipoolitajaks. V\u00f5imalik kasutada ka k\u00fcttekolde piirdena. Turvav\u00e4rav on lihtsasti monteeritav ning teil on v\u00f5imalus pikendada antud v\u00e4ravat lisasektsioonidega vastavalt enda vajadustele.OmadusedKomplektis on ekstra lai v\u00e4ravaosaLihtsasti \u00fche k\u00e4ega avatav (t\u00e4iskasvanu poolt)Turvav\u00e4rav avaneb m\u00f5lemale pooleAntud [&hellip;]<\/p>\n","protected":false},"featured_media":134462,"template":"","meta":{"_acf_changed":false},"pwb-brand":[11971],"product_brand":[],"product_cat":[11703,11705,11751,11791],"product_tag":[],"class_list":{"0":"post-459323","1":"product","2":"type-product","3":"status-publish","4":"has-post-thumbnail","6":"pwb-brand-babydan-ru","7":"product_cat-turvalisus-maneezid-turvavaravad-piirded-ru","8":"product_cat-turvavaravad-ru","9":"product_cat-piirded-ru","10":"product_cat-turvavarustus-ru","11":"pa_manufacturer-babydan-ru","13":"first","14":"onbackorder","15":"taxable","16":"shipping-taxable","17":"purchasable","18":"product-type-simple"},"exclude_global_add_ons":[],"addons":[],"acf":[],"yoast_head":"<!-- This site is optimized with the Yoast SEO plugin v27.1.1 - https:\/\/yoast.com\/product\/yoast-seo-wordpress\/ -->\n<title>BabyDan Olaf turvapiire XX wide, valge, \u0421\u041a\u0418\u0414\u041a\u0418, \u0411\u0435\u0437\u043e\u043f\u0430\u0441\u043d\u043e\u0441\u0442\u044c, \u0432\u043e\u0440\u043e\u0442\u0430 \u0431\u0435\u0437\u043e\u043f\u0430\u0441\u043d\u043e\u0441\u0442\u0438,\u043c\u0430\u043d\u0435\u0436\u0438, \u0412\u043e\u0440\u043e\u0442\u0430 \u0431\u0435\u0437\u043e\u043f\u0430\u0441\u043d\u043e\u0441\u0442\u0438, \u041e\u0433\u0440\u0430\u0436\u0434\u0435\u043d\u0438\u044f, \u0421\u043d\u0430\u0440\u044f\u0436\u0435\u043d\u0438\u044f \u0431\u0435\u0437\u043e\u043f\u0430\u0441\u043d\u043e\u0441\u0442\u0438, Beebipood<\/title>\n<meta name=\"description\" content=\"BabyDan Olaf turvapiire XX wide, valge, BabyDan Olaf turvav&auml;rava s&uuml;steem koosneb mitmest detailist, mida saab kasutada vastavalt oma soovidel\" \/>\n<meta name=\"robots\" content=\"index, follow, max-snippet:-1, max-image-preview:large, max-video-preview:-1\" \/>\n<link rel=\"canonical\" href=\"https:\/\/beebipood.ee\/ru\/produkt\/babydan-olaf-turvapiire-xx-wide-valge\/\" \/>\n<meta property=\"og:locale\" content=\"ru_RU\" \/>\n<meta property=\"og:type\" content=\"article\" \/>\n<meta property=\"og:title\" content=\"BabyDan Olaf turvapiire XX wide, valge, \u0421\u041a\u0418\u0414\u041a\u0418, \u0411\u0435\u0437\u043e\u043f\u0430\u0441\u043d\u043e\u0441\u0442\u044c, \u0432\u043e\u0440\u043e\u0442\u0430 \u0431\u0435\u0437\u043e\u043f\u0430\u0441\u043d\u043e\u0441\u0442\u0438,\u043c\u0430\u043d\u0435\u0436\u0438, \u0412\u043e\u0440\u043e\u0442\u0430 \u0431\u0435\u0437\u043e\u043f\u0430\u0441\u043d\u043e\u0441\u0442\u0438, \u041e\u0433\u0440\u0430\u0436\u0434\u0435\u043d\u0438\u044f, \u0421\u043d\u0430\u0440\u044f\u0436\u0435\u043d\u0438\u044f \u0431\u0435\u0437\u043e\u043f\u0430\u0441\u043d\u043e\u0441\u0442\u0438, Beebipood\" \/>\n<meta property=\"og:description\" content=\"BabyDan Olaf turvapiire XX wide, valge, BabyDan Olaf turvav&auml;rava s&uuml;steem koosneb mitmest detailist, mida saab kasutada vastavalt oma soovidel\" \/>\n<meta property=\"og:url\" content=\"https:\/\/beebipood.ee\/ru\/produkt\/babydan-olaf-turvapiire-xx-wide-valge\/\" \/>\n<meta property=\"og:site_name\" content=\"Beebipood\" \/>\n<meta property=\"article:modified_time\" content=\"2025-03-31T22:00:29+00:00\" \/>\n<meta property=\"og:image\" content=\"https:\/\/beebipood.ee\/wp-content\/uploads\/2020\/05\/BabyDan-Olaf-turvapiire-XX-wide-valge-UUED-TOOTED-Turvalisus-maneeid-turvavaravad-piirded-Turvavaravad-Piirded-Turvavarustus_3-bdd.jpg\" \/>\n\t<meta property=\"og:image:width\" content=\"907\" \/>\n\t<meta property=\"og:image:height\" content=\"850\" \/>\n\t<meta property=\"og:image:type\" content=\"image\/jpeg\" \/>\n<meta name=\"twitter:card\" content=\"summary_large_image\" \/>\n<meta name=\"twitter:label1\" content=\"\u041f\u0440\u0438\u043c\u0435\u0440\u043d\u043e\u0435 \u0432\u0440\u0435\u043c\u044f \u0434\u043b\u044f \u0447\u0442\u0435\u043d\u0438\u044f\" \/>\n\t<meta name=\"twitter:data1\" content=\"1 \u043c\u0438\u043d\u0443\u0442\u0430\" \/>\n<script type=\"application\/ld+json\" class=\"yoast-schema-graph\">{\"@context\":\"https:\/\/schema.org\",\"@graph\":[{\"@type\":\"WebPage\",\"@id\":\"https:\/\/beebipood.ee\/ru\/produkt\/babydan-olaf-turvapiire-xx-wide-valge\/\",\"url\":\"https:\/\/beebipood.ee\/ru\/produkt\/babydan-olaf-turvapiire-xx-wide-valge\/\",\"name\":\"BabyDan Olaf turvapiire XX wide, valge, \u0421\u041a\u0418\u0414\u041a\u0418, \u0411\u0435\u0437\u043e\u043f\u0430\u0441\u043d\u043e\u0441\u0442\u044c, \u0432\u043e\u0440\u043e\u0442\u0430 \u0431\u0435\u0437\u043e\u043f\u0430\u0441\u043d\u043e\u0441\u0442\u0438,\u043c\u0430\u043d\u0435\u0436\u0438, \u0412\u043e\u0440\u043e\u0442\u0430 \u0431\u0435\u0437\u043e\u043f\u0430\u0441\u043d\u043e\u0441\u0442\u0438, \u041e\u0433\u0440\u0430\u0436\u0434\u0435\u043d\u0438\u044f, \u0421\u043d\u0430\u0440\u044f\u0436\u0435\u043d\u0438\u044f \u0431\u0435\u0437\u043e\u043f\u0430\u0441\u043d\u043e\u0441\u0442\u0438, Beebipood\",\"isPartOf\":{\"@id\":\"https:\/\/beebipood.ee\/ru\/#website\"},\"primaryImageOfPage\":{\"@id\":\"https:\/\/beebipood.ee\/ru\/produkt\/babydan-olaf-turvapiire-xx-wide-valge\/#primaryimage\"},\"image\":{\"@id\":\"https:\/\/beebipood.ee\/ru\/produkt\/babydan-olaf-turvapiire-xx-wide-valge\/#primaryimage\"},\"thumbnailUrl\":\"https:\/\/beebipood.ee\/wp-content\/uploads\/2020\/05\/BabyDan-Olaf-turvapiire-XX-wide-valge-UUED-TOOTED-Turvalisus-maneeid-turvavaravad-piirded-Turvavaravad-Piirded-Turvavarustus_3-bdd.jpg\",\"datePublished\":\"2020-05-21T05:15:22+00:00\",\"dateModified\":\"2025-03-31T22:00:29+00:00\",\"description\":\"BabyDan Olaf turvapiire XX wide, valge, BabyDan Olaf turvav&auml;rava s&uuml;steem koosneb mitmest detailist, mida saab kasutada vastavalt oma soovidel\",\"breadcrumb\":{\"@id\":\"https:\/\/beebipood.ee\/ru\/produkt\/babydan-olaf-turvapiire-xx-wide-valge\/#breadcrumb\"},\"inLanguage\":\"ru-RU\",\"potentialAction\":[{\"@type\":\"ReadAction\",\"target\":[\"https:\/\/beebipood.ee\/ru\/produkt\/babydan-olaf-turvapiire-xx-wide-valge\/\"]}]},{\"@type\":\"ImageObject\",\"inLanguage\":\"ru-RU\",\"@id\":\"https:\/\/beebipood.ee\/ru\/produkt\/babydan-olaf-turvapiire-xx-wide-valge\/#primaryimage\",\"url\":\"https:\/\/beebipood.ee\/wp-content\/uploads\/2020\/05\/BabyDan-Olaf-turvapiire-XX-wide-valge-UUED-TOOTED-Turvalisus-maneeid-turvavaravad-piirded-Turvavaravad-Piirded-Turvavarustus_3-bdd.jpg\",\"contentUrl\":\"https:\/\/beebipood.ee\/wp-content\/uploads\/2020\/05\/BabyDan-Olaf-turvapiire-XX-wide-valge-UUED-TOOTED-Turvalisus-maneeid-turvavaravad-piirded-Turvavaravad-Piirded-Turvavarustus_3-bdd.jpg\",\"width\":907,\"height\":850},{\"@type\":\"BreadcrumbList\",\"@id\":\"https:\/\/beebipood.ee\/ru\/produkt\/babydan-olaf-turvapiire-xx-wide-valge\/#breadcrumb\",\"itemListElement\":[{\"@type\":\"ListItem\",\"position\":1,\"name\":\"Home\",\"item\":\"https:\/\/beebipood.ee\/ru\/\"},{\"@type\":\"ListItem\",\"position\":2,\"name\":\"\u041a\u0430\u0442\u0430\u043b\u043e\u0433 \u0442\u043e\u0432\u0430\u0440\u043e\u0432\",\"item\":\"https:\/\/beebipood.ee\/tooted\/\"},{\"@type\":\"ListItem\",\"position\":3,\"name\":\"BabyDan Olaf turvapiire XX wide, valge\"}]},{\"@type\":\"WebSite\",\"@id\":\"https:\/\/beebipood.ee\/ru\/#website\",\"url\":\"https:\/\/beebipood.ee\/ru\/\",\"name\":\"Beebipood\",\"description\":\"Lastekaubad, beebikaubad, m\u00e4nguasjad\",\"publisher\":{\"@id\":\"https:\/\/beebipood.ee\/ru\/#organization\"},\"potentialAction\":[{\"@type\":\"SearchAction\",\"target\":{\"@type\":\"EntryPoint\",\"urlTemplate\":\"https:\/\/beebipood.ee\/ru\/?s={search_term_string}\"},\"query-input\":{\"@type\":\"PropertyValueSpecification\",\"valueRequired\":true,\"valueName\":\"search_term_string\"}}],\"inLanguage\":\"ru-RU\"},{\"@type\":\"Organization\",\"@id\":\"https:\/\/beebipood.ee\/ru\/#organization\",\"name\":\"Beebipood\",\"url\":\"https:\/\/beebipood.ee\/ru\/\",\"logo\":{\"@type\":\"ImageObject\",\"inLanguage\":\"ru-RU\",\"@id\":\"https:\/\/beebipood.ee\/ru\/#\/schema\/logo\/image\/\",\"url\":\"https:\/\/beebipood.ee\/wp-content\/uploads\/2025\/03\/beebipood.ee-logo-1.svg\",\"contentUrl\":\"https:\/\/beebipood.ee\/wp-content\/uploads\/2025\/03\/beebipood.ee-logo-1.svg\",\"caption\":\"Beebipood\"},\"image\":{\"@id\":\"https:\/\/beebipood.ee\/ru\/#\/schema\/logo\/image\/\"}}]}<\/script>\n<!-- \/ Yoast SEO plugin. -->","yoast_head_json":{"title":"BabyDan Olaf turvapiire XX wide, valge, \u0421\u041a\u0418\u0414\u041a\u0418, \u0411\u0435\u0437\u043e\u043f\u0430\u0441\u043d\u043e\u0441\u0442\u044c, \u0432\u043e\u0440\u043e\u0442\u0430 \u0431\u0435\u0437\u043e\u043f\u0430\u0441\u043d\u043e\u0441\u0442\u0438,\u043c\u0430\u043d\u0435\u0436\u0438, \u0412\u043e\u0440\u043e\u0442\u0430 \u0431\u0435\u0437\u043e\u043f\u0430\u0441\u043d\u043e\u0441\u0442\u0438, \u041e\u0433\u0440\u0430\u0436\u0434\u0435\u043d\u0438\u044f, \u0421\u043d\u0430\u0440\u044f\u0436\u0435\u043d\u0438\u044f \u0431\u0435\u0437\u043e\u043f\u0430\u0441\u043d\u043e\u0441\u0442\u0438, Beebipood","description":"BabyDan Olaf turvapiire XX wide, valge, BabyDan Olaf turvav&auml;rava s&uuml;steem koosneb mitmest detailist, mida saab kasutada vastavalt oma soovidel","robots":{"index":"index","follow":"follow","max-snippet":"max-snippet:-1","max-image-preview":"max-image-preview:large","max-video-preview":"max-video-preview:-1"},"canonical":"https:\/\/beebipood.ee\/ru\/produkt\/babydan-olaf-turvapiire-xx-wide-valge\/","og_locale":"ru_RU","og_type":"article","og_title":"BabyDan Olaf turvapiire XX wide, valge, \u0421\u041a\u0418\u0414\u041a\u0418, \u0411\u0435\u0437\u043e\u043f\u0430\u0441\u043d\u043e\u0441\u0442\u044c, \u0432\u043e\u0440\u043e\u0442\u0430 \u0431\u0435\u0437\u043e\u043f\u0430\u0441\u043d\u043e\u0441\u0442\u0438,\u043c\u0430\u043d\u0435\u0436\u0438, \u0412\u043e\u0440\u043e\u0442\u0430 \u0431\u0435\u0437\u043e\u043f\u0430\u0441\u043d\u043e\u0441\u0442\u0438, \u041e\u0433\u0440\u0430\u0436\u0434\u0435\u043d\u0438\u044f, \u0421\u043d\u0430\u0440\u044f\u0436\u0435\u043d\u0438\u044f \u0431\u0435\u0437\u043e\u043f\u0430\u0441\u043d\u043e\u0441\u0442\u0438, Beebipood","og_description":"BabyDan Olaf turvapiire XX wide, valge, BabyDan Olaf turvav&auml;rava s&uuml;steem koosneb mitmest detailist, mida saab kasutada vastavalt oma soovidel","og_url":"https:\/\/beebipood.ee\/ru\/produkt\/babydan-olaf-turvapiire-xx-wide-valge\/","og_site_name":"Beebipood","article_modified_time":"2025-03-31T22:00:29+00:00","og_image":[{"width":907,"height":850,"url":"https:\/\/beebipood.ee\/wp-content\/uploads\/2020\/05\/BabyDan-Olaf-turvapiire-XX-wide-valge-UUED-TOOTED-Turvalisus-maneeid-turvavaravad-piirded-Turvavaravad-Piirded-Turvavarustus_3-bdd.jpg","type":"image\/jpeg"}],"twitter_card":"summary_large_image","twitter_misc":{"\u041f\u0440\u0438\u043c\u0435\u0440\u043d\u043e\u0435 \u0432\u0440\u0435\u043c\u044f \u0434\u043b\u044f \u0447\u0442\u0435\u043d\u0438\u044f":"1 \u043c\u0438\u043d\u0443\u0442\u0430"},"schema":{"@context":"https:\/\/schema.org","@graph":[{"@type":"WebPage","@id":"https:\/\/beebipood.ee\/ru\/produkt\/babydan-olaf-turvapiire-xx-wide-valge\/","url":"https:\/\/beebipood.ee\/ru\/produkt\/babydan-olaf-turvapiire-xx-wide-valge\/","name":"BabyDan Olaf turvapiire XX wide, valge, \u0421\u041a\u0418\u0414\u041a\u0418, \u0411\u0435\u0437\u043e\u043f\u0430\u0441\u043d\u043e\u0441\u0442\u044c, \u0432\u043e\u0440\u043e\u0442\u0430 \u0431\u0435\u0437\u043e\u043f\u0430\u0441\u043d\u043e\u0441\u0442\u0438,\u043c\u0430\u043d\u0435\u0436\u0438, \u0412\u043e\u0440\u043e\u0442\u0430 \u0431\u0435\u0437\u043e\u043f\u0430\u0441\u043d\u043e\u0441\u0442\u0438, \u041e\u0433\u0440\u0430\u0436\u0434\u0435\u043d\u0438\u044f, \u0421\u043d\u0430\u0440\u044f\u0436\u0435\u043d\u0438\u044f \u0431\u0435\u0437\u043e\u043f\u0430\u0441\u043d\u043e\u0441\u0442\u0438, Beebipood","isPartOf":{"@id":"https:\/\/beebipood.ee\/ru\/#website"},"primaryImageOfPage":{"@id":"https:\/\/beebipood.ee\/ru\/produkt\/babydan-olaf-turvapiire-xx-wide-valge\/#primaryimage"},"image":{"@id":"https:\/\/beebipood.ee\/ru\/produkt\/babydan-olaf-turvapiire-xx-wide-valge\/#primaryimage"},"thumbnailUrl":"https:\/\/beebipood.ee\/wp-content\/uploads\/2020\/05\/BabyDan-Olaf-turvapiire-XX-wide-valge-UUED-TOOTED-Turvalisus-maneeid-turvavaravad-piirded-Turvavaravad-Piirded-Turvavarustus_3-bdd.jpg","datePublished":"2020-05-21T05:15:22+00:00","dateModified":"2025-03-31T22:00:29+00:00","description":"BabyDan Olaf turvapiire XX wide, valge, BabyDan Olaf turvav&auml;rava s&uuml;steem koosneb mitmest detailist, mida saab kasutada vastavalt oma soovidel","breadcrumb":{"@id":"https:\/\/beebipood.ee\/ru\/produkt\/babydan-olaf-turvapiire-xx-wide-valge\/#breadcrumb"},"inLanguage":"ru-RU","potentialAction":[{"@type":"ReadAction","target":["https:\/\/beebipood.ee\/ru\/produkt\/babydan-olaf-turvapiire-xx-wide-valge\/"]}]},{"@type":"ImageObject","inLanguage":"ru-RU","@id":"https:\/\/beebipood.ee\/ru\/produkt\/babydan-olaf-turvapiire-xx-wide-valge\/#primaryimage","url":"https:\/\/beebipood.ee\/wp-content\/uploads\/2020\/05\/BabyDan-Olaf-turvapiire-XX-wide-valge-UUED-TOOTED-Turvalisus-maneeid-turvavaravad-piirded-Turvavaravad-Piirded-Turvavarustus_3-bdd.jpg","contentUrl":"https:\/\/beebipood.ee\/wp-content\/uploads\/2020\/05\/BabyDan-Olaf-turvapiire-XX-wide-valge-UUED-TOOTED-Turvalisus-maneeid-turvavaravad-piirded-Turvavaravad-Piirded-Turvavarustus_3-bdd.jpg","width":907,"height":850},{"@type":"BreadcrumbList","@id":"https:\/\/beebipood.ee\/ru\/produkt\/babydan-olaf-turvapiire-xx-wide-valge\/#breadcrumb","itemListElement":[{"@type":"ListItem","position":1,"name":"Home","item":"https:\/\/beebipood.ee\/ru\/"},{"@type":"ListItem","position":2,"name":"\u041a\u0430\u0442\u0430\u043b\u043e\u0433 \u0442\u043e\u0432\u0430\u0440\u043e\u0432","item":"https:\/\/beebipood.ee\/tooted\/"},{"@type":"ListItem","position":3,"name":"BabyDan Olaf turvapiire XX wide, valge"}]},{"@type":"WebSite","@id":"https:\/\/beebipood.ee\/ru\/#website","url":"https:\/\/beebipood.ee\/ru\/","name":"Beebipood","description":"Lastekaubad, beebikaubad, m\u00e4nguasjad","publisher":{"@id":"https:\/\/beebipood.ee\/ru\/#organization"},"potentialAction":[{"@type":"SearchAction","target":{"@type":"EntryPoint","urlTemplate":"https:\/\/beebipood.ee\/ru\/?s={search_term_string}"},"query-input":{"@type":"PropertyValueSpecification","valueRequired":true,"valueName":"search_term_string"}}],"inLanguage":"ru-RU"},{"@type":"Organization","@id":"https:\/\/beebipood.ee\/ru\/#organization","name":"Beebipood","url":"https:\/\/beebipood.ee\/ru\/","logo":{"@type":"ImageObject","inLanguage":"ru-RU","@id":"https:\/\/beebipood.ee\/ru\/#\/schema\/logo\/image\/","url":"https:\/\/beebipood.ee\/wp-content\/uploads\/2025\/03\/beebipood.ee-logo-1.svg","contentUrl":"https:\/\/beebipood.ee\/wp-content\/uploads\/2025\/03\/beebipood.ee-logo-1.svg","caption":"Beebipood"},"image":{"@id":"https:\/\/beebipood.ee\/ru\/#\/schema\/logo\/image\/"}}]}},"brands":[{"id":11971,"name":"BabyDan","slug":"babydan-ru"}],"_links":{"self":[{"href":"https:\/\/beebipood.ee\/ru\/wp-json\/wp\/v2\/product\/459323","targetHints":{"allow":["GET"]}}],"collection":[{"href":"https:\/\/beebipood.ee\/ru\/wp-json\/wp\/v2\/product"}],"about":[{"href":"https:\/\/beebipood.ee\/ru\/wp-json\/wp\/v2\/types\/product"}],"wp:featuredmedia":[{"embeddable":true,"href":"https:\/\/beebipood.ee\/ru\/wp-json\/wp\/v2\/media\/134462"}],"wp:attachment":[{"href":"https:\/\/beebipood.ee\/ru\/wp-json\/wp\/v2\/media?parent=459323"}],"wp:term":[{"taxonomy":"pwb-brand","embeddable":true,"href":"https:\/\/beebipood.ee\/ru\/wp-json\/wp\/v2\/pwb-brand?post=459323"},{"taxonomy":"product_brand","embeddable":true,"href":"https:\/\/beebipood.ee\/ru\/wp-json\/wp\/v2\/product_brand?post=459323"},{"taxonomy":"product_cat","embeddable":true,"href":"https:\/\/beebipood.ee\/ru\/wp-json\/wp\/v2\/product_cat?post=459323"},{"taxonomy":"product_tag","embeddable":true,"href":"https:\/\/beebipood.ee\/ru\/wp-json\/wp\/v2\/product_tag?post=459323"}],"curies":[{"name":"wp","href":"https:\/\/api.w.org\/{rel}","templated":true}]}}