{"id":459337,"date":"2020-05-22T05:55:48","date_gmt":"2020-05-22T02:55:48","guid":{"rendered":"https:\/\/beebipood.ee\/toode\/yappymustard-imetamispadi\/"},"modified":"2025-01-09T10:48:25","modified_gmt":"2025-01-09T08:48:25","slug":"yappymustard-imetamispadi","status":"publish","type":"product","link":"https:\/\/beebipood.ee\/ru\/produkt\/yappymustard-imetamispadi\/","title":{"rendered":"YappyMustard imetamispadi"},"content":{"rendered":"<p>YappyKids puuvillane imetamispadi on loodud m\u00f5eldes nii beebile kui ka emale.<br \/>P\u00f5hjused, miks valida YappyKids imetamispadi? <br \/>Selle kaarjas kuju sobitub mugavalt ema talje \u00fcmber, <br \/>et last saaks toitmise ajal sellele mugavalt asetada ja beebi raskus ei toetuks ema k\u00e4tele.<br \/>Imetamispadi v\u00e4hendab pinget ja valu ema l\u00fclisambale.<br \/>Vorm on loodud selliselt, et beebi toitmise ajal tunneks mugavalt ennast nii ema kui ka beebi.<br \/>Looduslik materjal on ideaalne Teie beebi tundlikule nahale.<br \/>Imetamispadi sobib ka lapse liikumiste ja lihaste arenguks, kui beebit on vaja asetada k\u00f5huli, <br \/>et tugevdada kaelalihaseid, v\u00f5i panna istuma, et laps ise \u00f5piks liikuma, roomama v\u00f5i toetuma.<br \/>M\u00f5\u00f5dud:\u00a0150 x 20 x 15 cm<br \/>100% puuvillast valmistatud pealiskate<\/p>\n","protected":false},"excerpt":{"rendered":"<p>YappyKids puuvillane imetamispadi on loodud m\u00f5eldes nii beebile kui ka emale.P\u00f5hjused, miks valida YappyKids imetamispadi? Selle kaarjas kuju sobitub mugavalt ema talje \u00fcmber, et last saaks toitmise ajal sellele mugavalt asetada ja beebi raskus ei toetuks ema k\u00e4tele.Imetamispadi v\u00e4hendab pinget ja valu ema l\u00fclisambale.Vorm on loodud selliselt, et beebi toitmise ajal tunneks mugavalt ennast nii [&hellip;]<\/p>\n","protected":false},"featured_media":134514,"template":"","meta":{"_acf_changed":false},"pwb-brand":[11969],"product_brand":[],"product_cat":[11613,11715,11763,11709],"product_tag":[],"class_list":{"0":"post-459337","1":"product","2":"type-product","3":"status-publish","4":"has-post-thumbnail","6":"pwb-brand-yappykids-ru","7":"product_cat-voodipesu-ru","8":"product_cat-hugieenitarbed-ru","9":"product_cat-tekid-padjad-lisad-ru","10":"product_cat-sootmistoolid-beebi-ja-lastetarbed-mahkimine-hugieen-ru","11":"pa_manufacturer-yappykids-ru","13":"first","14":"onbackorder","15":"taxable","16":"shipping-taxable","17":"purchasable","18":"product-type-simple"},"exclude_global_add_ons":[],"addons":[],"acf":[],"yoast_head":"<!-- This site is optimized with the Yoast SEO plugin v27.1.1 - https:\/\/yoast.com\/product\/yoast-seo-wordpress\/ -->\n<title>YappyMustard imetamispadi, \u041f\u043e\u0441\u0442\u0435\u043b\u044c\u043d\u043e\u0435 \u0431\u0435\u043b\u044c\u0435, \u041f\u0440\u0438\u043d\u0430\u0434\u043b\u0435\u0436\u043d\u043e\u0441\u0442\u0438 \u0434\u043b\u044f \u043c\u043b\u0430\u0434\u0435\u043d\u0446\u0435\u0432, \u0413\u0438\u0433\u0438\u0435\u043d\u0430, \u041e\u0434\u0435\u044f\u043b\u0430, \u043f\u043e\u0434\u0443\u0448\u043a\u0438, \u0434\u043e\u043f\u043e\u043b\u043d\u0435\u043d\u0438\u044f, YappyKids -20%, Beebipood<\/title>\n<meta name=\"description\" content=\"YappyMustard imetamispadi, YappyKids puuvillane imetamispadi on loodud m&otilde;eldes nii beebile kui ka emale.P&otilde;hjused, miks valida YappyKids i\" \/>\n<meta name=\"robots\" content=\"index, follow, max-snippet:-1, max-image-preview:large, max-video-preview:-1\" \/>\n<link rel=\"canonical\" href=\"https:\/\/beebipood.ee\/ru\/produkt\/yappymustard-imetamispadi\/\" \/>\n<meta property=\"og:locale\" content=\"ru_RU\" \/>\n<meta property=\"og:type\" content=\"article\" \/>\n<meta property=\"og:title\" content=\"YappyMustard imetamispadi, \u041f\u043e\u0441\u0442\u0435\u043b\u044c\u043d\u043e\u0435 \u0431\u0435\u043b\u044c\u0435, \u041f\u0440\u0438\u043d\u0430\u0434\u043b\u0435\u0436\u043d\u043e\u0441\u0442\u0438 \u0434\u043b\u044f \u043c\u043b\u0430\u0434\u0435\u043d\u0446\u0435\u0432, \u0413\u0438\u0433\u0438\u0435\u043d\u0430, \u041e\u0434\u0435\u044f\u043b\u0430, \u043f\u043e\u0434\u0443\u0448\u043a\u0438, \u0434\u043e\u043f\u043e\u043b\u043d\u0435\u043d\u0438\u044f, YappyKids -20%, Beebipood\" \/>\n<meta property=\"og:description\" content=\"YappyMustard imetamispadi, YappyKids puuvillane imetamispadi on loodud m&otilde;eldes nii beebile kui ka emale.P&otilde;hjused, miks valida YappyKids i\" \/>\n<meta property=\"og:url\" content=\"https:\/\/beebipood.ee\/ru\/produkt\/yappymustard-imetamispadi\/\" \/>\n<meta property=\"og:site_name\" content=\"Beebipood\" \/>\n<meta property=\"article:modified_time\" content=\"2025-01-09T08:48:25+00:00\" \/>\n<meta property=\"og:image\" content=\"https:\/\/beebipood.ee\/wp-content\/uploads\/2020\/05\/YappyMustard-imetamispadi-UUED-TOOTED-Voodipesu-Beebi-ja-lastetarbed-Hugieenitarbed-Tekid-padjad-lisad_1-243.jpg\" \/>\n\t<meta property=\"og:image:width\" content=\"1000\" \/>\n\t<meta property=\"og:image:height\" content=\"1000\" \/>\n\t<meta property=\"og:image:type\" content=\"image\/jpeg\" \/>\n<meta name=\"twitter:card\" content=\"summary_large_image\" \/>\n<meta name=\"twitter:label1\" content=\"\u041f\u0440\u0438\u043c\u0435\u0440\u043d\u043e\u0435 \u0432\u0440\u0435\u043c\u044f \u0434\u043b\u044f \u0447\u0442\u0435\u043d\u0438\u044f\" \/>\n\t<meta name=\"twitter:data1\" content=\"1 \u043c\u0438\u043d\u0443\u0442\u0430\" \/>\n<script type=\"application\/ld+json\" class=\"yoast-schema-graph\">{\"@context\":\"https:\/\/schema.org\",\"@graph\":[{\"@type\":\"WebPage\",\"@id\":\"https:\/\/beebipood.ee\/ru\/produkt\/yappymustard-imetamispadi\/\",\"url\":\"https:\/\/beebipood.ee\/ru\/produkt\/yappymustard-imetamispadi\/\",\"name\":\"YappyMustard imetamispadi, \u041f\u043e\u0441\u0442\u0435\u043b\u044c\u043d\u043e\u0435 \u0431\u0435\u043b\u044c\u0435, \u041f\u0440\u0438\u043d\u0430\u0434\u043b\u0435\u0436\u043d\u043e\u0441\u0442\u0438 \u0434\u043b\u044f \u043c\u043b\u0430\u0434\u0435\u043d\u0446\u0435\u0432, \u0413\u0438\u0433\u0438\u0435\u043d\u0430, \u041e\u0434\u0435\u044f\u043b\u0430, \u043f\u043e\u0434\u0443\u0448\u043a\u0438, \u0434\u043e\u043f\u043e\u043b\u043d\u0435\u043d\u0438\u044f, YappyKids -20%, Beebipood\",\"isPartOf\":{\"@id\":\"https:\/\/beebipood.ee\/ru\/#website\"},\"primaryImageOfPage\":{\"@id\":\"https:\/\/beebipood.ee\/ru\/produkt\/yappymustard-imetamispadi\/#primaryimage\"},\"image\":{\"@id\":\"https:\/\/beebipood.ee\/ru\/produkt\/yappymustard-imetamispadi\/#primaryimage\"},\"thumbnailUrl\":\"https:\/\/beebipood.ee\/wp-content\/uploads\/2020\/05\/YappyMustard-imetamispadi-UUED-TOOTED-Voodipesu-Beebi-ja-lastetarbed-Hugieenitarbed-Tekid-padjad-lisad_1-243.jpg\",\"datePublished\":\"2020-05-22T02:55:48+00:00\",\"dateModified\":\"2025-01-09T08:48:25+00:00\",\"description\":\"YappyMustard imetamispadi, YappyKids puuvillane imetamispadi on loodud m&otilde;eldes nii beebile kui ka emale.P&otilde;hjused, miks valida YappyKids i\",\"breadcrumb\":{\"@id\":\"https:\/\/beebipood.ee\/ru\/produkt\/yappymustard-imetamispadi\/#breadcrumb\"},\"inLanguage\":\"ru-RU\",\"potentialAction\":[{\"@type\":\"ReadAction\",\"target\":[\"https:\/\/beebipood.ee\/ru\/produkt\/yappymustard-imetamispadi\/\"]}]},{\"@type\":\"ImageObject\",\"inLanguage\":\"ru-RU\",\"@id\":\"https:\/\/beebipood.ee\/ru\/produkt\/yappymustard-imetamispadi\/#primaryimage\",\"url\":\"https:\/\/beebipood.ee\/wp-content\/uploads\/2020\/05\/YappyMustard-imetamispadi-UUED-TOOTED-Voodipesu-Beebi-ja-lastetarbed-Hugieenitarbed-Tekid-padjad-lisad_1-243.jpg\",\"contentUrl\":\"https:\/\/beebipood.ee\/wp-content\/uploads\/2020\/05\/YappyMustard-imetamispadi-UUED-TOOTED-Voodipesu-Beebi-ja-lastetarbed-Hugieenitarbed-Tekid-padjad-lisad_1-243.jpg\",\"width\":1000,\"height\":1000},{\"@type\":\"BreadcrumbList\",\"@id\":\"https:\/\/beebipood.ee\/ru\/produkt\/yappymustard-imetamispadi\/#breadcrumb\",\"itemListElement\":[{\"@type\":\"ListItem\",\"position\":1,\"name\":\"Home\",\"item\":\"https:\/\/beebipood.ee\/ru\/\"},{\"@type\":\"ListItem\",\"position\":2,\"name\":\"\u041a\u0430\u0442\u0430\u043b\u043e\u0433 \u0442\u043e\u0432\u0430\u0440\u043e\u0432\",\"item\":\"https:\/\/beebipood.ee\/tooted\/\"},{\"@type\":\"ListItem\",\"position\":3,\"name\":\"YappyMustard imetamispadi\"}]},{\"@type\":\"WebSite\",\"@id\":\"https:\/\/beebipood.ee\/ru\/#website\",\"url\":\"https:\/\/beebipood.ee\/ru\/\",\"name\":\"Beebipood\",\"description\":\"Lastekaubad, beebikaubad, m\u00e4nguasjad\",\"publisher\":{\"@id\":\"https:\/\/beebipood.ee\/ru\/#organization\"},\"potentialAction\":[{\"@type\":\"SearchAction\",\"target\":{\"@type\":\"EntryPoint\",\"urlTemplate\":\"https:\/\/beebipood.ee\/ru\/?s={search_term_string}\"},\"query-input\":{\"@type\":\"PropertyValueSpecification\",\"valueRequired\":true,\"valueName\":\"search_term_string\"}}],\"inLanguage\":\"ru-RU\"},{\"@type\":\"Organization\",\"@id\":\"https:\/\/beebipood.ee\/ru\/#organization\",\"name\":\"Beebipood\",\"url\":\"https:\/\/beebipood.ee\/ru\/\",\"logo\":{\"@type\":\"ImageObject\",\"inLanguage\":\"ru-RU\",\"@id\":\"https:\/\/beebipood.ee\/ru\/#\/schema\/logo\/image\/\",\"url\":\"https:\/\/beebipood.ee\/wp-content\/uploads\/2025\/03\/beebipood.ee-logo-1.svg\",\"contentUrl\":\"https:\/\/beebipood.ee\/wp-content\/uploads\/2025\/03\/beebipood.ee-logo-1.svg\",\"caption\":\"Beebipood\"},\"image\":{\"@id\":\"https:\/\/beebipood.ee\/ru\/#\/schema\/logo\/image\/\"}}]}<\/script>\n<!-- \/ Yoast SEO plugin. -->","yoast_head_json":{"title":"YappyMustard imetamispadi, \u041f\u043e\u0441\u0442\u0435\u043b\u044c\u043d\u043e\u0435 \u0431\u0435\u043b\u044c\u0435, \u041f\u0440\u0438\u043d\u0430\u0434\u043b\u0435\u0436\u043d\u043e\u0441\u0442\u0438 \u0434\u043b\u044f \u043c\u043b\u0430\u0434\u0435\u043d\u0446\u0435\u0432, \u0413\u0438\u0433\u0438\u0435\u043d\u0430, \u041e\u0434\u0435\u044f\u043b\u0430, \u043f\u043e\u0434\u0443\u0448\u043a\u0438, \u0434\u043e\u043f\u043e\u043b\u043d\u0435\u043d\u0438\u044f, YappyKids -20%, Beebipood","description":"YappyMustard imetamispadi, YappyKids puuvillane imetamispadi on loodud m&otilde;eldes nii beebile kui ka emale.P&otilde;hjused, miks valida YappyKids i","robots":{"index":"index","follow":"follow","max-snippet":"max-snippet:-1","max-image-preview":"max-image-preview:large","max-video-preview":"max-video-preview:-1"},"canonical":"https:\/\/beebipood.ee\/ru\/produkt\/yappymustard-imetamispadi\/","og_locale":"ru_RU","og_type":"article","og_title":"YappyMustard imetamispadi, \u041f\u043e\u0441\u0442\u0435\u043b\u044c\u043d\u043e\u0435 \u0431\u0435\u043b\u044c\u0435, \u041f\u0440\u0438\u043d\u0430\u0434\u043b\u0435\u0436\u043d\u043e\u0441\u0442\u0438 \u0434\u043b\u044f \u043c\u043b\u0430\u0434\u0435\u043d\u0446\u0435\u0432, \u0413\u0438\u0433\u0438\u0435\u043d\u0430, \u041e\u0434\u0435\u044f\u043b\u0430, \u043f\u043e\u0434\u0443\u0448\u043a\u0438, \u0434\u043e\u043f\u043e\u043b\u043d\u0435\u043d\u0438\u044f, YappyKids -20%, Beebipood","og_description":"YappyMustard imetamispadi, YappyKids puuvillane imetamispadi on loodud m&otilde;eldes nii beebile kui ka emale.P&otilde;hjused, miks valida YappyKids i","og_url":"https:\/\/beebipood.ee\/ru\/produkt\/yappymustard-imetamispadi\/","og_site_name":"Beebipood","article_modified_time":"2025-01-09T08:48:25+00:00","og_image":[{"width":1000,"height":1000,"url":"https:\/\/beebipood.ee\/wp-content\/uploads\/2020\/05\/YappyMustard-imetamispadi-UUED-TOOTED-Voodipesu-Beebi-ja-lastetarbed-Hugieenitarbed-Tekid-padjad-lisad_1-243.jpg","type":"image\/jpeg"}],"twitter_card":"summary_large_image","twitter_misc":{"\u041f\u0440\u0438\u043c\u0435\u0440\u043d\u043e\u0435 \u0432\u0440\u0435\u043c\u044f \u0434\u043b\u044f \u0447\u0442\u0435\u043d\u0438\u044f":"1 \u043c\u0438\u043d\u0443\u0442\u0430"},"schema":{"@context":"https:\/\/schema.org","@graph":[{"@type":"WebPage","@id":"https:\/\/beebipood.ee\/ru\/produkt\/yappymustard-imetamispadi\/","url":"https:\/\/beebipood.ee\/ru\/produkt\/yappymustard-imetamispadi\/","name":"YappyMustard imetamispadi, \u041f\u043e\u0441\u0442\u0435\u043b\u044c\u043d\u043e\u0435 \u0431\u0435\u043b\u044c\u0435, \u041f\u0440\u0438\u043d\u0430\u0434\u043b\u0435\u0436\u043d\u043e\u0441\u0442\u0438 \u0434\u043b\u044f \u043c\u043b\u0430\u0434\u0435\u043d\u0446\u0435\u0432, \u0413\u0438\u0433\u0438\u0435\u043d\u0430, \u041e\u0434\u0435\u044f\u043b\u0430, \u043f\u043e\u0434\u0443\u0448\u043a\u0438, \u0434\u043e\u043f\u043e\u043b\u043d\u0435\u043d\u0438\u044f, YappyKids -20%, Beebipood","isPartOf":{"@id":"https:\/\/beebipood.ee\/ru\/#website"},"primaryImageOfPage":{"@id":"https:\/\/beebipood.ee\/ru\/produkt\/yappymustard-imetamispadi\/#primaryimage"},"image":{"@id":"https:\/\/beebipood.ee\/ru\/produkt\/yappymustard-imetamispadi\/#primaryimage"},"thumbnailUrl":"https:\/\/beebipood.ee\/wp-content\/uploads\/2020\/05\/YappyMustard-imetamispadi-UUED-TOOTED-Voodipesu-Beebi-ja-lastetarbed-Hugieenitarbed-Tekid-padjad-lisad_1-243.jpg","datePublished":"2020-05-22T02:55:48+00:00","dateModified":"2025-01-09T08:48:25+00:00","description":"YappyMustard imetamispadi, YappyKids puuvillane imetamispadi on loodud m&otilde;eldes nii beebile kui ka emale.P&otilde;hjused, miks valida YappyKids i","breadcrumb":{"@id":"https:\/\/beebipood.ee\/ru\/produkt\/yappymustard-imetamispadi\/#breadcrumb"},"inLanguage":"ru-RU","potentialAction":[{"@type":"ReadAction","target":["https:\/\/beebipood.ee\/ru\/produkt\/yappymustard-imetamispadi\/"]}]},{"@type":"ImageObject","inLanguage":"ru-RU","@id":"https:\/\/beebipood.ee\/ru\/produkt\/yappymustard-imetamispadi\/#primaryimage","url":"https:\/\/beebipood.ee\/wp-content\/uploads\/2020\/05\/YappyMustard-imetamispadi-UUED-TOOTED-Voodipesu-Beebi-ja-lastetarbed-Hugieenitarbed-Tekid-padjad-lisad_1-243.jpg","contentUrl":"https:\/\/beebipood.ee\/wp-content\/uploads\/2020\/05\/YappyMustard-imetamispadi-UUED-TOOTED-Voodipesu-Beebi-ja-lastetarbed-Hugieenitarbed-Tekid-padjad-lisad_1-243.jpg","width":1000,"height":1000},{"@type":"BreadcrumbList","@id":"https:\/\/beebipood.ee\/ru\/produkt\/yappymustard-imetamispadi\/#breadcrumb","itemListElement":[{"@type":"ListItem","position":1,"name":"Home","item":"https:\/\/beebipood.ee\/ru\/"},{"@type":"ListItem","position":2,"name":"\u041a\u0430\u0442\u0430\u043b\u043e\u0433 \u0442\u043e\u0432\u0430\u0440\u043e\u0432","item":"https:\/\/beebipood.ee\/tooted\/"},{"@type":"ListItem","position":3,"name":"YappyMustard imetamispadi"}]},{"@type":"WebSite","@id":"https:\/\/beebipood.ee\/ru\/#website","url":"https:\/\/beebipood.ee\/ru\/","name":"Beebipood","description":"Lastekaubad, beebikaubad, m\u00e4nguasjad","publisher":{"@id":"https:\/\/beebipood.ee\/ru\/#organization"},"potentialAction":[{"@type":"SearchAction","target":{"@type":"EntryPoint","urlTemplate":"https:\/\/beebipood.ee\/ru\/?s={search_term_string}"},"query-input":{"@type":"PropertyValueSpecification","valueRequired":true,"valueName":"search_term_string"}}],"inLanguage":"ru-RU"},{"@type":"Organization","@id":"https:\/\/beebipood.ee\/ru\/#organization","name":"Beebipood","url":"https:\/\/beebipood.ee\/ru\/","logo":{"@type":"ImageObject","inLanguage":"ru-RU","@id":"https:\/\/beebipood.ee\/ru\/#\/schema\/logo\/image\/","url":"https:\/\/beebipood.ee\/wp-content\/uploads\/2025\/03\/beebipood.ee-logo-1.svg","contentUrl":"https:\/\/beebipood.ee\/wp-content\/uploads\/2025\/03\/beebipood.ee-logo-1.svg","caption":"Beebipood"},"image":{"@id":"https:\/\/beebipood.ee\/ru\/#\/schema\/logo\/image\/"}}]}},"brands":[{"id":11969,"name":"YappyKids","slug":"yappykids-ru"}],"_links":{"self":[{"href":"https:\/\/beebipood.ee\/ru\/wp-json\/wp\/v2\/product\/459337","targetHints":{"allow":["GET"]}}],"collection":[{"href":"https:\/\/beebipood.ee\/ru\/wp-json\/wp\/v2\/product"}],"about":[{"href":"https:\/\/beebipood.ee\/ru\/wp-json\/wp\/v2\/types\/product"}],"wp:featuredmedia":[{"embeddable":true,"href":"https:\/\/beebipood.ee\/ru\/wp-json\/wp\/v2\/media\/134514"}],"wp:attachment":[{"href":"https:\/\/beebipood.ee\/ru\/wp-json\/wp\/v2\/media?parent=459337"}],"wp:term":[{"taxonomy":"pwb-brand","embeddable":true,"href":"https:\/\/beebipood.ee\/ru\/wp-json\/wp\/v2\/pwb-brand?post=459337"},{"taxonomy":"product_brand","embeddable":true,"href":"https:\/\/beebipood.ee\/ru\/wp-json\/wp\/v2\/product_brand?post=459337"},{"taxonomy":"product_cat","embeddable":true,"href":"https:\/\/beebipood.ee\/ru\/wp-json\/wp\/v2\/product_cat?post=459337"},{"taxonomy":"product_tag","embeddable":true,"href":"https:\/\/beebipood.ee\/ru\/wp-json\/wp\/v2\/product_tag?post=459337"}],"curies":[{"name":"wp","href":"https:\/\/api.w.org\/{rel}","templated":true}]}}