{"id":459347,"date":"2020-05-22T09:52:52","date_gmt":"2020-05-22T06:52:52","guid":{"rendered":"https:\/\/beebipood.ee\/toode\/yappygrey-toetav-padi\/"},"modified":"2025-01-09T10:48:24","modified_gmt":"2025-01-09T08:48:24","slug":"yappygrey-toetav-padi","status":"publish","type":"product","link":"https:\/\/beebipood.ee\/ru\/produkt\/yappygrey-toetav-padi\/","title":{"rendered":"YappyGrey toetav padi"},"content":{"rendered":"<p>YappyKids poolt on v\u00e4lja t\u00f6\u00f6tatud spetsiaalne toetav padi.<br \/>Padi on etten\u00e4htud kasutamiseks nii raseduse ajal kui ka peale lapse s\u00fcndi. <br \/>See toetab kogu keha &#8212; eriti selga, p\u00f5lvi ja puusasid, <br \/>et lapseootel naine saaks uneajal paremini l\u00f5\u00f5gastuda ja v\u00e4lja puhata. <br \/>Padi on asendamatu abivahend ka peale lapses\u00fcndi ning seda saab kasutada <br \/>imetamise ajal selja toetamiseks voodis v\u00f5i diivanil istudes. <br \/>Miks valida just YappyKids&#8217;i toetav padi?<br \/>1. Padi on valmistatud hingavast ja nahas\u00f5bralikust materjalist &#8212; looduslikust puuvillasatiinist, <br \/>mis on meeldiv ja pehme nii Sinu kui ka Su lapse nahale. <br \/>2. Padi on t\u00e4idetud PES pol\u00fcestermaterjaliga, mis ei vaju kokku ja ei kaota oma vormi.<br \/>3. Padi ei deformeeru.<br \/>4. Padja kuju aitab Sul kiiresti uinuda ja korralikult v\u00e4lja magada.<br \/>*Lukuga eemaldatav pealiskate padja h\u00f5lpsaks puhastamiseks. \u201c<br \/>M\u00f5\u00f5t: 130 x 50 cm<\/p>\n","protected":false},"excerpt":{"rendered":"<p>YappyKids poolt on v\u00e4lja t\u00f6\u00f6tatud spetsiaalne toetav padi.Padi on etten\u00e4htud kasutamiseks nii raseduse ajal kui ka peale lapse s\u00fcndi. See toetab kogu keha &#8212; eriti selga, p\u00f5lvi ja puusasid, et lapseootel naine saaks uneajal paremini l\u00f5\u00f5gastuda ja v\u00e4lja puhata. Padi on asendamatu abivahend ka peale lapses\u00fcndi ning seda saab kasutada imetamise ajal selja toetamiseks voodis [&hellip;]<\/p>\n","protected":false},"featured_media":134538,"template":"","meta":{"_acf_changed":false},"pwb-brand":[11536],"product_brand":[],"product_cat":[11613,11715,11763,11709],"product_tag":[],"class_list":{"0":"post-459347","1":"product","2":"type-product","3":"status-publish","4":"has-post-thumbnail","6":"pwb-brand-yappykids","7":"product_cat-voodipesu-ru","8":"product_cat-hugieenitarbed-ru","9":"product_cat-tekid-padjad-lisad-ru","10":"product_cat-sootmistoolid-beebi-ja-lastetarbed-mahkimine-hugieen-ru","11":"pa_manufacturer-yappykids-ru","13":"first","14":"onbackorder","15":"taxable","16":"shipping-taxable","17":"purchasable","18":"product-type-simple"},"exclude_global_add_ons":[],"addons":[],"acf":[],"yoast_head":"<!-- This site is optimized with the Yoast SEO plugin v27.1.1 - https:\/\/yoast.com\/product\/yoast-seo-wordpress\/ -->\n<title>YappyGrey toetav padi, \u041f\u043e\u0441\u0442\u0435\u043b\u044c\u043d\u043e\u0435 \u0431\u0435\u043b\u044c\u0435, \u041f\u0440\u0438\u043d\u0430\u0434\u043b\u0435\u0436\u043d\u043e\u0441\u0442\u0438 \u0434\u043b\u044f \u043c\u043b\u0430\u0434\u0435\u043d\u0446\u0435\u0432, \u0413\u0438\u0433\u0438\u0435\u043d\u0430, \u041e\u0434\u0435\u044f\u043b\u0430, \u043f\u043e\u0434\u0443\u0448\u043a\u0438, \u0434\u043e\u043f\u043e\u043b\u043d\u0435\u043d\u0438\u044f, YappyKids -20%, Beebipood<\/title>\n<meta name=\"description\" content=\"YappyGrey toetav padi, YappyKids poolt on v&auml;lja t&ouml;&ouml;tatud spetsiaalne toetav padi.Padi on etten&auml;htud kasutamiseks nii raseduse ajal\" \/>\n<meta name=\"robots\" content=\"index, follow, max-snippet:-1, max-image-preview:large, max-video-preview:-1\" \/>\n<link rel=\"canonical\" href=\"https:\/\/beebipood.ee\/ru\/produkt\/yappygrey-toetav-padi\/\" \/>\n<meta property=\"og:locale\" content=\"ru_RU\" \/>\n<meta property=\"og:type\" content=\"article\" \/>\n<meta property=\"og:title\" content=\"YappyGrey toetav padi, \u041f\u043e\u0441\u0442\u0435\u043b\u044c\u043d\u043e\u0435 \u0431\u0435\u043b\u044c\u0435, \u041f\u0440\u0438\u043d\u0430\u0434\u043b\u0435\u0436\u043d\u043e\u0441\u0442\u0438 \u0434\u043b\u044f \u043c\u043b\u0430\u0434\u0435\u043d\u0446\u0435\u0432, \u0413\u0438\u0433\u0438\u0435\u043d\u0430, \u041e\u0434\u0435\u044f\u043b\u0430, \u043f\u043e\u0434\u0443\u0448\u043a\u0438, \u0434\u043e\u043f\u043e\u043b\u043d\u0435\u043d\u0438\u044f, YappyKids -20%, Beebipood\" \/>\n<meta property=\"og:description\" content=\"YappyGrey toetav padi, YappyKids poolt on v&auml;lja t&ouml;&ouml;tatud spetsiaalne toetav padi.Padi on etten&auml;htud kasutamiseks nii raseduse ajal\" \/>\n<meta property=\"og:url\" content=\"https:\/\/beebipood.ee\/ru\/produkt\/yappygrey-toetav-padi\/\" \/>\n<meta property=\"og:site_name\" content=\"Beebipood\" \/>\n<meta property=\"article:modified_time\" content=\"2025-01-09T08:48:24+00:00\" \/>\n<meta property=\"og:image\" content=\"https:\/\/beebipood.ee\/wp-content\/uploads\/2020\/05\/YappyGrey-toetav-padi-UUED-TOOTED-Voodipesu-Beebi-ja-lastetarbed-Hugieenitarbed-Tekid-padjad-lisad_1-447.jpg\" \/>\n\t<meta property=\"og:image:width\" content=\"1039\" \/>\n\t<meta property=\"og:image:height\" content=\"1000\" \/>\n\t<meta property=\"og:image:type\" content=\"image\/jpeg\" \/>\n<meta name=\"twitter:card\" content=\"summary_large_image\" \/>\n<meta name=\"twitter:label1\" content=\"\u041f\u0440\u0438\u043c\u0435\u0440\u043d\u043e\u0435 \u0432\u0440\u0435\u043c\u044f \u0434\u043b\u044f \u0447\u0442\u0435\u043d\u0438\u044f\" \/>\n\t<meta name=\"twitter:data1\" content=\"1 \u043c\u0438\u043d\u0443\u0442\u0430\" \/>\n<script type=\"application\/ld+json\" class=\"yoast-schema-graph\">{\"@context\":\"https:\/\/schema.org\",\"@graph\":[{\"@type\":\"WebPage\",\"@id\":\"https:\/\/beebipood.ee\/ru\/produkt\/yappygrey-toetav-padi\/\",\"url\":\"https:\/\/beebipood.ee\/ru\/produkt\/yappygrey-toetav-padi\/\",\"name\":\"YappyGrey toetav padi, \u041f\u043e\u0441\u0442\u0435\u043b\u044c\u043d\u043e\u0435 \u0431\u0435\u043b\u044c\u0435, \u041f\u0440\u0438\u043d\u0430\u0434\u043b\u0435\u0436\u043d\u043e\u0441\u0442\u0438 \u0434\u043b\u044f \u043c\u043b\u0430\u0434\u0435\u043d\u0446\u0435\u0432, \u0413\u0438\u0433\u0438\u0435\u043d\u0430, \u041e\u0434\u0435\u044f\u043b\u0430, \u043f\u043e\u0434\u0443\u0448\u043a\u0438, \u0434\u043e\u043f\u043e\u043b\u043d\u0435\u043d\u0438\u044f, YappyKids -20%, Beebipood\",\"isPartOf\":{\"@id\":\"https:\/\/beebipood.ee\/ru\/#website\"},\"primaryImageOfPage\":{\"@id\":\"https:\/\/beebipood.ee\/ru\/produkt\/yappygrey-toetav-padi\/#primaryimage\"},\"image\":{\"@id\":\"https:\/\/beebipood.ee\/ru\/produkt\/yappygrey-toetav-padi\/#primaryimage\"},\"thumbnailUrl\":\"https:\/\/beebipood.ee\/wp-content\/uploads\/2020\/05\/YappyGrey-toetav-padi-UUED-TOOTED-Voodipesu-Beebi-ja-lastetarbed-Hugieenitarbed-Tekid-padjad-lisad_1-447.jpg\",\"datePublished\":\"2020-05-22T06:52:52+00:00\",\"dateModified\":\"2025-01-09T08:48:24+00:00\",\"description\":\"YappyGrey toetav padi, YappyKids poolt on v&auml;lja t&ouml;&ouml;tatud spetsiaalne toetav padi.Padi on etten&auml;htud kasutamiseks nii raseduse ajal\",\"breadcrumb\":{\"@id\":\"https:\/\/beebipood.ee\/ru\/produkt\/yappygrey-toetav-padi\/#breadcrumb\"},\"inLanguage\":\"ru-RU\",\"potentialAction\":[{\"@type\":\"ReadAction\",\"target\":[\"https:\/\/beebipood.ee\/ru\/produkt\/yappygrey-toetav-padi\/\"]}]},{\"@type\":\"ImageObject\",\"inLanguage\":\"ru-RU\",\"@id\":\"https:\/\/beebipood.ee\/ru\/produkt\/yappygrey-toetav-padi\/#primaryimage\",\"url\":\"https:\/\/beebipood.ee\/wp-content\/uploads\/2020\/05\/YappyGrey-toetav-padi-UUED-TOOTED-Voodipesu-Beebi-ja-lastetarbed-Hugieenitarbed-Tekid-padjad-lisad_1-447.jpg\",\"contentUrl\":\"https:\/\/beebipood.ee\/wp-content\/uploads\/2020\/05\/YappyGrey-toetav-padi-UUED-TOOTED-Voodipesu-Beebi-ja-lastetarbed-Hugieenitarbed-Tekid-padjad-lisad_1-447.jpg\",\"width\":1039,\"height\":1000},{\"@type\":\"BreadcrumbList\",\"@id\":\"https:\/\/beebipood.ee\/ru\/produkt\/yappygrey-toetav-padi\/#breadcrumb\",\"itemListElement\":[{\"@type\":\"ListItem\",\"position\":1,\"name\":\"Home\",\"item\":\"https:\/\/beebipood.ee\/ru\/\"},{\"@type\":\"ListItem\",\"position\":2,\"name\":\"\u041a\u0430\u0442\u0430\u043b\u043e\u0433 \u0442\u043e\u0432\u0430\u0440\u043e\u0432\",\"item\":\"https:\/\/beebipood.ee\/tooted\/\"},{\"@type\":\"ListItem\",\"position\":3,\"name\":\"YappyGrey toetav padi\"}]},{\"@type\":\"WebSite\",\"@id\":\"https:\/\/beebipood.ee\/ru\/#website\",\"url\":\"https:\/\/beebipood.ee\/ru\/\",\"name\":\"Beebipood\",\"description\":\"Lastekaubad, beebikaubad, m\u00e4nguasjad\",\"publisher\":{\"@id\":\"https:\/\/beebipood.ee\/ru\/#organization\"},\"potentialAction\":[{\"@type\":\"SearchAction\",\"target\":{\"@type\":\"EntryPoint\",\"urlTemplate\":\"https:\/\/beebipood.ee\/ru\/?s={search_term_string}\"},\"query-input\":{\"@type\":\"PropertyValueSpecification\",\"valueRequired\":true,\"valueName\":\"search_term_string\"}}],\"inLanguage\":\"ru-RU\"},{\"@type\":\"Organization\",\"@id\":\"https:\/\/beebipood.ee\/ru\/#organization\",\"name\":\"Beebipood\",\"url\":\"https:\/\/beebipood.ee\/ru\/\",\"logo\":{\"@type\":\"ImageObject\",\"inLanguage\":\"ru-RU\",\"@id\":\"https:\/\/beebipood.ee\/ru\/#\/schema\/logo\/image\/\",\"url\":\"https:\/\/beebipood.ee\/wp-content\/uploads\/2025\/03\/beebipood.ee-logo-1.svg\",\"contentUrl\":\"https:\/\/beebipood.ee\/wp-content\/uploads\/2025\/03\/beebipood.ee-logo-1.svg\",\"caption\":\"Beebipood\"},\"image\":{\"@id\":\"https:\/\/beebipood.ee\/ru\/#\/schema\/logo\/image\/\"}}]}<\/script>\n<!-- \/ Yoast SEO plugin. -->","yoast_head_json":{"title":"YappyGrey toetav padi, \u041f\u043e\u0441\u0442\u0435\u043b\u044c\u043d\u043e\u0435 \u0431\u0435\u043b\u044c\u0435, \u041f\u0440\u0438\u043d\u0430\u0434\u043b\u0435\u0436\u043d\u043e\u0441\u0442\u0438 \u0434\u043b\u044f \u043c\u043b\u0430\u0434\u0435\u043d\u0446\u0435\u0432, \u0413\u0438\u0433\u0438\u0435\u043d\u0430, \u041e\u0434\u0435\u044f\u043b\u0430, \u043f\u043e\u0434\u0443\u0448\u043a\u0438, \u0434\u043e\u043f\u043e\u043b\u043d\u0435\u043d\u0438\u044f, YappyKids -20%, Beebipood","description":"YappyGrey toetav padi, YappyKids poolt on v&auml;lja t&ouml;&ouml;tatud spetsiaalne toetav padi.Padi on etten&auml;htud kasutamiseks nii raseduse ajal","robots":{"index":"index","follow":"follow","max-snippet":"max-snippet:-1","max-image-preview":"max-image-preview:large","max-video-preview":"max-video-preview:-1"},"canonical":"https:\/\/beebipood.ee\/ru\/produkt\/yappygrey-toetav-padi\/","og_locale":"ru_RU","og_type":"article","og_title":"YappyGrey toetav padi, \u041f\u043e\u0441\u0442\u0435\u043b\u044c\u043d\u043e\u0435 \u0431\u0435\u043b\u044c\u0435, \u041f\u0440\u0438\u043d\u0430\u0434\u043b\u0435\u0436\u043d\u043e\u0441\u0442\u0438 \u0434\u043b\u044f \u043c\u043b\u0430\u0434\u0435\u043d\u0446\u0435\u0432, \u0413\u0438\u0433\u0438\u0435\u043d\u0430, \u041e\u0434\u0435\u044f\u043b\u0430, \u043f\u043e\u0434\u0443\u0448\u043a\u0438, \u0434\u043e\u043f\u043e\u043b\u043d\u0435\u043d\u0438\u044f, YappyKids -20%, Beebipood","og_description":"YappyGrey toetav padi, YappyKids poolt on v&auml;lja t&ouml;&ouml;tatud spetsiaalne toetav padi.Padi on etten&auml;htud kasutamiseks nii raseduse ajal","og_url":"https:\/\/beebipood.ee\/ru\/produkt\/yappygrey-toetav-padi\/","og_site_name":"Beebipood","article_modified_time":"2025-01-09T08:48:24+00:00","og_image":[{"width":1039,"height":1000,"url":"https:\/\/beebipood.ee\/wp-content\/uploads\/2020\/05\/YappyGrey-toetav-padi-UUED-TOOTED-Voodipesu-Beebi-ja-lastetarbed-Hugieenitarbed-Tekid-padjad-lisad_1-447.jpg","type":"image\/jpeg"}],"twitter_card":"summary_large_image","twitter_misc":{"\u041f\u0440\u0438\u043c\u0435\u0440\u043d\u043e\u0435 \u0432\u0440\u0435\u043c\u044f \u0434\u043b\u044f \u0447\u0442\u0435\u043d\u0438\u044f":"1 \u043c\u0438\u043d\u0443\u0442\u0430"},"schema":{"@context":"https:\/\/schema.org","@graph":[{"@type":"WebPage","@id":"https:\/\/beebipood.ee\/ru\/produkt\/yappygrey-toetav-padi\/","url":"https:\/\/beebipood.ee\/ru\/produkt\/yappygrey-toetav-padi\/","name":"YappyGrey toetav padi, \u041f\u043e\u0441\u0442\u0435\u043b\u044c\u043d\u043e\u0435 \u0431\u0435\u043b\u044c\u0435, \u041f\u0440\u0438\u043d\u0430\u0434\u043b\u0435\u0436\u043d\u043e\u0441\u0442\u0438 \u0434\u043b\u044f \u043c\u043b\u0430\u0434\u0435\u043d\u0446\u0435\u0432, \u0413\u0438\u0433\u0438\u0435\u043d\u0430, \u041e\u0434\u0435\u044f\u043b\u0430, \u043f\u043e\u0434\u0443\u0448\u043a\u0438, \u0434\u043e\u043f\u043e\u043b\u043d\u0435\u043d\u0438\u044f, YappyKids -20%, Beebipood","isPartOf":{"@id":"https:\/\/beebipood.ee\/ru\/#website"},"primaryImageOfPage":{"@id":"https:\/\/beebipood.ee\/ru\/produkt\/yappygrey-toetav-padi\/#primaryimage"},"image":{"@id":"https:\/\/beebipood.ee\/ru\/produkt\/yappygrey-toetav-padi\/#primaryimage"},"thumbnailUrl":"https:\/\/beebipood.ee\/wp-content\/uploads\/2020\/05\/YappyGrey-toetav-padi-UUED-TOOTED-Voodipesu-Beebi-ja-lastetarbed-Hugieenitarbed-Tekid-padjad-lisad_1-447.jpg","datePublished":"2020-05-22T06:52:52+00:00","dateModified":"2025-01-09T08:48:24+00:00","description":"YappyGrey toetav padi, YappyKids poolt on v&auml;lja t&ouml;&ouml;tatud spetsiaalne toetav padi.Padi on etten&auml;htud kasutamiseks nii raseduse ajal","breadcrumb":{"@id":"https:\/\/beebipood.ee\/ru\/produkt\/yappygrey-toetav-padi\/#breadcrumb"},"inLanguage":"ru-RU","potentialAction":[{"@type":"ReadAction","target":["https:\/\/beebipood.ee\/ru\/produkt\/yappygrey-toetav-padi\/"]}]},{"@type":"ImageObject","inLanguage":"ru-RU","@id":"https:\/\/beebipood.ee\/ru\/produkt\/yappygrey-toetav-padi\/#primaryimage","url":"https:\/\/beebipood.ee\/wp-content\/uploads\/2020\/05\/YappyGrey-toetav-padi-UUED-TOOTED-Voodipesu-Beebi-ja-lastetarbed-Hugieenitarbed-Tekid-padjad-lisad_1-447.jpg","contentUrl":"https:\/\/beebipood.ee\/wp-content\/uploads\/2020\/05\/YappyGrey-toetav-padi-UUED-TOOTED-Voodipesu-Beebi-ja-lastetarbed-Hugieenitarbed-Tekid-padjad-lisad_1-447.jpg","width":1039,"height":1000},{"@type":"BreadcrumbList","@id":"https:\/\/beebipood.ee\/ru\/produkt\/yappygrey-toetav-padi\/#breadcrumb","itemListElement":[{"@type":"ListItem","position":1,"name":"Home","item":"https:\/\/beebipood.ee\/ru\/"},{"@type":"ListItem","position":2,"name":"\u041a\u0430\u0442\u0430\u043b\u043e\u0433 \u0442\u043e\u0432\u0430\u0440\u043e\u0432","item":"https:\/\/beebipood.ee\/tooted\/"},{"@type":"ListItem","position":3,"name":"YappyGrey toetav padi"}]},{"@type":"WebSite","@id":"https:\/\/beebipood.ee\/ru\/#website","url":"https:\/\/beebipood.ee\/ru\/","name":"Beebipood","description":"Lastekaubad, beebikaubad, m\u00e4nguasjad","publisher":{"@id":"https:\/\/beebipood.ee\/ru\/#organization"},"potentialAction":[{"@type":"SearchAction","target":{"@type":"EntryPoint","urlTemplate":"https:\/\/beebipood.ee\/ru\/?s={search_term_string}"},"query-input":{"@type":"PropertyValueSpecification","valueRequired":true,"valueName":"search_term_string"}}],"inLanguage":"ru-RU"},{"@type":"Organization","@id":"https:\/\/beebipood.ee\/ru\/#organization","name":"Beebipood","url":"https:\/\/beebipood.ee\/ru\/","logo":{"@type":"ImageObject","inLanguage":"ru-RU","@id":"https:\/\/beebipood.ee\/ru\/#\/schema\/logo\/image\/","url":"https:\/\/beebipood.ee\/wp-content\/uploads\/2025\/03\/beebipood.ee-logo-1.svg","contentUrl":"https:\/\/beebipood.ee\/wp-content\/uploads\/2025\/03\/beebipood.ee-logo-1.svg","caption":"Beebipood"},"image":{"@id":"https:\/\/beebipood.ee\/ru\/#\/schema\/logo\/image\/"}}]}},"brands":[{"id":11969,"name":"YappyKids","slug":"yappykids-ru"}],"_links":{"self":[{"href":"https:\/\/beebipood.ee\/ru\/wp-json\/wp\/v2\/product\/459347","targetHints":{"allow":["GET"]}}],"collection":[{"href":"https:\/\/beebipood.ee\/ru\/wp-json\/wp\/v2\/product"}],"about":[{"href":"https:\/\/beebipood.ee\/ru\/wp-json\/wp\/v2\/types\/product"}],"wp:featuredmedia":[{"embeddable":true,"href":"https:\/\/beebipood.ee\/ru\/wp-json\/wp\/v2\/media\/134538"}],"wp:attachment":[{"href":"https:\/\/beebipood.ee\/ru\/wp-json\/wp\/v2\/media?parent=459347"}],"wp:term":[{"taxonomy":"pwb-brand","embeddable":true,"href":"https:\/\/beebipood.ee\/ru\/wp-json\/wp\/v2\/pwb-brand?post=459347"},{"taxonomy":"product_brand","embeddable":true,"href":"https:\/\/beebipood.ee\/ru\/wp-json\/wp\/v2\/product_brand?post=459347"},{"taxonomy":"product_cat","embeddable":true,"href":"https:\/\/beebipood.ee\/ru\/wp-json\/wp\/v2\/product_cat?post=459347"},{"taxonomy":"product_tag","embeddable":true,"href":"https:\/\/beebipood.ee\/ru\/wp-json\/wp\/v2\/product_tag?post=459347"}],"curies":[{"name":"wp","href":"https:\/\/api.w.org\/{rel}","templated":true}]}}