{"id":459349,"date":"2020-05-26T08:07:43","date_gmt":"2020-05-26T05:07:43","guid":{"rendered":"https:\/\/beebipood.ee\/toode\/yappymove-beebivoodi-ja-yappyclassic-kummut-valge\/"},"modified":"2025-01-09T10:48:24","modified_gmt":"2025-01-09T08:48:24","slug":"yappymove-beebivoodi-ja-yappyclassic-kummut-valge","status":"publish","type":"product","link":"https:\/\/beebipood.ee\/ru\/produkt\/yappymove-beebivoodi-ja-yappyclassic-kummut-valge\/","title":{"rendered":"YappyMove beebivoodi ja YappyClassic kummut, valge"},"content":{"rendered":"<p>YappyMove voodi<br \/>P\u00e4rast s\u00fcndi \u00f5pib beebi tundma mitte ainult oma vanemaid, uut kodu ja maailma, <br \/>vaid kohaneb ka hoopis teistsuguse keskkonna ja f\u00fc\u00fcsilise seisundiga. <br \/>Ema k\u00f5hus viibides last kiigutatakse, kuid p\u00e4rast s\u00fcndimist asetatakse ta voodisse, <br \/>kus ta veedab suurema osa oma elu algusajast \u2013 voodi aga ei liigu. <br \/>Kergendamaks beebi kohanemist uue keskkonnaga, on YappyKids\u2019i meeskond erilise hoolega valmistanud YappyMove kiikvoodi.<br \/><span style=\"text-decoration: underline;\"><br \/>Miks valida just YappyMove?<\/span><br \/>1. Beebil on kergem uinuda ja uue keskkonnaga kohaneda.<br \/>2. Kergendab beebi magama panemist nii emal kui isal &#8212; seda ei ole vaja igal \u00f5htul teha k\u00e4tel.<br \/>3. Kiikumiskalle vastab ohutustingimustele, et laps v\u00e4lja ei kukuks.<br \/>4. Voodi liigub \u00fchtlaselt, s\u00f5ltuvalt kiigutamiseks hool\u00fckkamise j\u00f5ust ning seet\u00f5ttu on vanematel lihtne kontrollida, <br \/>\u00a0 \u00a0et liikumine ei oleks liiga intensiivne.<br \/>5. Kiikumine toimub p\u00f5randaga paralleelselt, mitte lainetades, muutes selle meeldivaks ja \u00f5rnaks.<br \/>6. Voodit on v\u00f5imalik ka fikseerida, et see oleks t\u00e4iesti stabiilne ja liikumatu. <br \/>7. YappyMove\u2019l on sisse ehitatud kompaktne v\u00e4ljat\u00f5mmatav kahe jaotisega kast teleskoopsiinidel, <br \/>\u00a0 \u00a0et vajalik alati k\u00e4ep\u00e4rast oleks. Lisaks sellele on kastil ka kaas, et \u00e4ra hoida tolmu kogunemist.<br \/>Kokkuv\u00f5te funktsioonidest:<br \/>&#8212; Looduslik t\u00e4ispuitmaterjal: P\u00f6\u00f6k (vastupidavuselt v\u00f5rreldav tammega)<br \/>&#8212; \u00dche k\u00e4e abil allalastav k\u00fclg<br \/>&#8212; Madratsi 3 baask\u00f5rgust<br \/>&#8212; Kiikumine paralleelselt p\u00f5randaga (voodi fikseerimise v\u00f5imalus selliselt, et see ei liiguks)<br \/>&#8212; Sisseehitatud, kaanega sahtel<br \/>&#8212; YappyLong-Life: 3 v\u00e4ljav\u00f5etavad liistu fikseeritud k\u00fcljes<br \/>&#8212; YappyProtection: spetsiaalsed plastmassist detailid<br \/>&#8212; Veebaasil lakid ja v\u00e4rvid<\/p>\n<p><span style=\"text-decoration: underline;\">YappyClassic<\/span> on l\u00e4bim\u00f5eldud <span style=\"text-decoration: underline;\">kummut<\/span>, <br \/>et see lisaks visuaalsele veetlusele vastaks ka ohutusstandarditele.<br \/>Vaadates selle neljakandilist kuju l\u00e4hemalt, on m\u00e4rgata, <br \/>et tegelikult on k\u00f5ik nurgad \u00fcmardatud, k\u00f5rvaldamaks ohtu, et beebi v\u00f5iks viga saada. <br \/>3 kummutisse sisseehitatud sahtlit tagavad piisava ruumi, <br \/>et paigutada kummutisse k\u00f5ik vajalik. <br \/>Sahtlid on varustatud teleskoopsiinidega, mis v\u00f5imaldavad sahtlid l\u00f5puni lahti t\u00f5mmata. <br \/>Komplekti kuulub puidust m\u00e4hkimisalus m\u00f5\u00f5tudega 75x55cm<br \/>Selle v\u00f5ib peale asetada nii vasakult kui ka paremalt poolt.<br \/>M\u00e4hkimisalus on eemaldatav, et beebi kasvades ei peaks Te v\u00e4lja vahetama kummutit.<br \/>Materjal: MDF\/Kask<br \/>Veebaasil lakid ja v\u00e4rvid.<\/p>\n","protected":false},"excerpt":{"rendered":"<p>YappyMove voodiP\u00e4rast s\u00fcndi \u00f5pib beebi tundma mitte ainult oma vanemaid, uut kodu ja maailma, vaid kohaneb ka hoopis teistsuguse keskkonna ja f\u00fc\u00fcsilise seisundiga. Ema k\u00f5hus viibides last kiigutatakse, kuid p\u00e4rast s\u00fcndimist asetatakse ta voodisse, kus ta veedab suurema osa oma elu algusajast \u2013 voodi aga ei liigu. Kergendamaks beebi kohanemist uue keskkonnaga, on YappyKids\u2019i meeskond [&hellip;]<\/p>\n","protected":false},"featured_media":134542,"template":"","meta":{"_acf_changed":false},"pwb-brand":[11969],"product_brand":[],"product_cat":[11573,11561,11789],"product_tag":[],"class_list":{"0":"post-459349","1":"product","2":"type-product","3":"status-publish","4":"has-post-thumbnail","6":"pwb-brand-yappykids-ru","7":"product_cat-sooduspakkumised-ru","8":"product_cat-tubade-komplektid-ru","9":"product_cat-lastemoobel-ja-sisustus-ru","10":"pa_manufacturer-yappykids","12":"first","13":"onbackorder","14":"sale","15":"taxable","16":"shipping-taxable","17":"purchasable","18":"product-type-simple"},"exclude_global_add_ons":[],"addons":[],"acf":[],"yoast_head":"<!-- This site is optimized with the Yoast SEO plugin v27.1.1 - https:\/\/yoast.com\/product\/yoast-seo-wordpress\/ -->\n<title>YappyMove beebivoodi ja YappyClassic kummut, valge, \u041a\u043e\u043c\u043f\u043b\u0435\u043a\u0442\u044b \u0434\u043b\u044f \u043a\u043e\u043c\u043d\u0430\u0442, \u0421\u041a\u0418\u0414\u041a\u0418, M\u0435\u0431\u0435\u043b\u044c, YappyKids -20%, Beebipood<\/title>\n<meta name=\"description\" content=\"YappyMove beebivoodi ja YappyClassic kummut, valge, YappyMove voodiP&auml;rast s&uuml;ndi &otilde;pib beebi tundma mitte ainult oma vanemaid, uut kodu\" \/>\n<meta name=\"robots\" content=\"index, follow, max-snippet:-1, max-image-preview:large, max-video-preview:-1\" \/>\n<link rel=\"canonical\" href=\"https:\/\/beebipood.ee\/ru\/produkt\/yappymove-beebivoodi-ja-yappyclassic-kummut-valge\/\" \/>\n<meta property=\"og:locale\" content=\"ru_RU\" \/>\n<meta property=\"og:type\" content=\"article\" \/>\n<meta property=\"og:title\" content=\"YappyMove beebivoodi ja YappyClassic kummut, valge, \u041a\u043e\u043c\u043f\u043b\u0435\u043a\u0442\u044b \u0434\u043b\u044f \u043a\u043e\u043c\u043d\u0430\u0442, \u0421\u041a\u0418\u0414\u041a\u0418, M\u0435\u0431\u0435\u043b\u044c, YappyKids -20%, Beebipood\" \/>\n<meta property=\"og:description\" content=\"YappyMove beebivoodi ja YappyClassic kummut, valge, YappyMove voodiP&auml;rast s&uuml;ndi &otilde;pib beebi tundma mitte ainult oma vanemaid, uut kodu\" \/>\n<meta property=\"og:url\" content=\"https:\/\/beebipood.ee\/ru\/produkt\/yappymove-beebivoodi-ja-yappyclassic-kummut-valge\/\" \/>\n<meta property=\"og:site_name\" content=\"Beebipood\" \/>\n<meta property=\"article:modified_time\" content=\"2025-01-09T08:48:24+00:00\" \/>\n<meta property=\"og:image\" content=\"https:\/\/beebipood.ee\/wp-content\/uploads\/2020\/05\/YappyMove-beebivoodi-ja-YappyClassic-kummut-valge-Tubade-komplektid-SOODUSPAKKUMISED-UUED-TOOTED-Lastemoobel-ja-sisustus_5-974.jpg\" \/>\n\t<meta property=\"og:image:width\" content=\"1200\" \/>\n\t<meta property=\"og:image:height\" content=\"753\" \/>\n\t<meta property=\"og:image:type\" content=\"image\/jpeg\" \/>\n<meta name=\"twitter:card\" content=\"summary_large_image\" \/>\n<meta name=\"twitter:label1\" content=\"\u041f\u0440\u0438\u043c\u0435\u0440\u043d\u043e\u0435 \u0432\u0440\u0435\u043c\u044f \u0434\u043b\u044f \u0447\u0442\u0435\u043d\u0438\u044f\" \/>\n\t<meta name=\"twitter:data1\" content=\"2 \u043c\u0438\u043d\u0443\u0442\u044b\" \/>\n<script type=\"application\/ld+json\" class=\"yoast-schema-graph\">{\"@context\":\"https:\/\/schema.org\",\"@graph\":[{\"@type\":\"WebPage\",\"@id\":\"https:\/\/beebipood.ee\/ru\/produkt\/yappymove-beebivoodi-ja-yappyclassic-kummut-valge\/\",\"url\":\"https:\/\/beebipood.ee\/ru\/produkt\/yappymove-beebivoodi-ja-yappyclassic-kummut-valge\/\",\"name\":\"YappyMove beebivoodi ja YappyClassic kummut, valge, \u041a\u043e\u043c\u043f\u043b\u0435\u043a\u0442\u044b \u0434\u043b\u044f \u043a\u043e\u043c\u043d\u0430\u0442, \u0421\u041a\u0418\u0414\u041a\u0418, M\u0435\u0431\u0435\u043b\u044c, YappyKids -20%, Beebipood\",\"isPartOf\":{\"@id\":\"https:\/\/beebipood.ee\/ru\/#website\"},\"primaryImageOfPage\":{\"@id\":\"https:\/\/beebipood.ee\/ru\/produkt\/yappymove-beebivoodi-ja-yappyclassic-kummut-valge\/#primaryimage\"},\"image\":{\"@id\":\"https:\/\/beebipood.ee\/ru\/produkt\/yappymove-beebivoodi-ja-yappyclassic-kummut-valge\/#primaryimage\"},\"thumbnailUrl\":\"https:\/\/beebipood.ee\/wp-content\/uploads\/2020\/05\/YappyMove-beebivoodi-ja-YappyClassic-kummut-valge-Tubade-komplektid-SOODUSPAKKUMISED-UUED-TOOTED-Lastemoobel-ja-sisustus_5-974.jpg\",\"datePublished\":\"2020-05-26T05:07:43+00:00\",\"dateModified\":\"2025-01-09T08:48:24+00:00\",\"description\":\"YappyMove beebivoodi ja YappyClassic kummut, valge, YappyMove voodiP&auml;rast s&uuml;ndi &otilde;pib beebi tundma mitte ainult oma vanemaid, uut kodu\",\"breadcrumb\":{\"@id\":\"https:\/\/beebipood.ee\/ru\/produkt\/yappymove-beebivoodi-ja-yappyclassic-kummut-valge\/#breadcrumb\"},\"inLanguage\":\"ru-RU\",\"potentialAction\":[{\"@type\":\"ReadAction\",\"target\":[\"https:\/\/beebipood.ee\/ru\/produkt\/yappymove-beebivoodi-ja-yappyclassic-kummut-valge\/\"]}]},{\"@type\":\"ImageObject\",\"inLanguage\":\"ru-RU\",\"@id\":\"https:\/\/beebipood.ee\/ru\/produkt\/yappymove-beebivoodi-ja-yappyclassic-kummut-valge\/#primaryimage\",\"url\":\"https:\/\/beebipood.ee\/wp-content\/uploads\/2020\/05\/YappyMove-beebivoodi-ja-YappyClassic-kummut-valge-Tubade-komplektid-SOODUSPAKKUMISED-UUED-TOOTED-Lastemoobel-ja-sisustus_5-974.jpg\",\"contentUrl\":\"https:\/\/beebipood.ee\/wp-content\/uploads\/2020\/05\/YappyMove-beebivoodi-ja-YappyClassic-kummut-valge-Tubade-komplektid-SOODUSPAKKUMISED-UUED-TOOTED-Lastemoobel-ja-sisustus_5-974.jpg\",\"width\":1200,\"height\":753},{\"@type\":\"BreadcrumbList\",\"@id\":\"https:\/\/beebipood.ee\/ru\/produkt\/yappymove-beebivoodi-ja-yappyclassic-kummut-valge\/#breadcrumb\",\"itemListElement\":[{\"@type\":\"ListItem\",\"position\":1,\"name\":\"Home\",\"item\":\"https:\/\/beebipood.ee\/ru\/\"},{\"@type\":\"ListItem\",\"position\":2,\"name\":\"\u041a\u0430\u0442\u0430\u043b\u043e\u0433 \u0442\u043e\u0432\u0430\u0440\u043e\u0432\",\"item\":\"https:\/\/beebipood.ee\/tooted\/\"},{\"@type\":\"ListItem\",\"position\":3,\"name\":\"YappyMove beebivoodi ja YappyClassic kummut, valge\"}]},{\"@type\":\"WebSite\",\"@id\":\"https:\/\/beebipood.ee\/ru\/#website\",\"url\":\"https:\/\/beebipood.ee\/ru\/\",\"name\":\"Beebipood\",\"description\":\"Lastekaubad, beebikaubad, m\u00e4nguasjad\",\"publisher\":{\"@id\":\"https:\/\/beebipood.ee\/ru\/#organization\"},\"potentialAction\":[{\"@type\":\"SearchAction\",\"target\":{\"@type\":\"EntryPoint\",\"urlTemplate\":\"https:\/\/beebipood.ee\/ru\/?s={search_term_string}\"},\"query-input\":{\"@type\":\"PropertyValueSpecification\",\"valueRequired\":true,\"valueName\":\"search_term_string\"}}],\"inLanguage\":\"ru-RU\"},{\"@type\":\"Organization\",\"@id\":\"https:\/\/beebipood.ee\/ru\/#organization\",\"name\":\"Beebipood\",\"url\":\"https:\/\/beebipood.ee\/ru\/\",\"logo\":{\"@type\":\"ImageObject\",\"inLanguage\":\"ru-RU\",\"@id\":\"https:\/\/beebipood.ee\/ru\/#\/schema\/logo\/image\/\",\"url\":\"https:\/\/beebipood.ee\/wp-content\/uploads\/2025\/03\/beebipood.ee-logo-1.svg\",\"contentUrl\":\"https:\/\/beebipood.ee\/wp-content\/uploads\/2025\/03\/beebipood.ee-logo-1.svg\",\"caption\":\"Beebipood\"},\"image\":{\"@id\":\"https:\/\/beebipood.ee\/ru\/#\/schema\/logo\/image\/\"}}]}<\/script>\n<!-- \/ Yoast SEO plugin. -->","yoast_head_json":{"title":"YappyMove beebivoodi ja YappyClassic kummut, valge, \u041a\u043e\u043c\u043f\u043b\u0435\u043a\u0442\u044b \u0434\u043b\u044f \u043a\u043e\u043c\u043d\u0430\u0442, \u0421\u041a\u0418\u0414\u041a\u0418, M\u0435\u0431\u0435\u043b\u044c, YappyKids -20%, Beebipood","description":"YappyMove beebivoodi ja YappyClassic kummut, valge, YappyMove voodiP&auml;rast s&uuml;ndi &otilde;pib beebi tundma mitte ainult oma vanemaid, uut kodu","robots":{"index":"index","follow":"follow","max-snippet":"max-snippet:-1","max-image-preview":"max-image-preview:large","max-video-preview":"max-video-preview:-1"},"canonical":"https:\/\/beebipood.ee\/ru\/produkt\/yappymove-beebivoodi-ja-yappyclassic-kummut-valge\/","og_locale":"ru_RU","og_type":"article","og_title":"YappyMove beebivoodi ja YappyClassic kummut, valge, \u041a\u043e\u043c\u043f\u043b\u0435\u043a\u0442\u044b \u0434\u043b\u044f \u043a\u043e\u043c\u043d\u0430\u0442, \u0421\u041a\u0418\u0414\u041a\u0418, M\u0435\u0431\u0435\u043b\u044c, YappyKids -20%, Beebipood","og_description":"YappyMove beebivoodi ja YappyClassic kummut, valge, YappyMove voodiP&auml;rast s&uuml;ndi &otilde;pib beebi tundma mitte ainult oma vanemaid, uut kodu","og_url":"https:\/\/beebipood.ee\/ru\/produkt\/yappymove-beebivoodi-ja-yappyclassic-kummut-valge\/","og_site_name":"Beebipood","article_modified_time":"2025-01-09T08:48:24+00:00","og_image":[{"width":1200,"height":753,"url":"https:\/\/beebipood.ee\/wp-content\/uploads\/2020\/05\/YappyMove-beebivoodi-ja-YappyClassic-kummut-valge-Tubade-komplektid-SOODUSPAKKUMISED-UUED-TOOTED-Lastemoobel-ja-sisustus_5-974.jpg","type":"image\/jpeg"}],"twitter_card":"summary_large_image","twitter_misc":{"\u041f\u0440\u0438\u043c\u0435\u0440\u043d\u043e\u0435 \u0432\u0440\u0435\u043c\u044f \u0434\u043b\u044f \u0447\u0442\u0435\u043d\u0438\u044f":"2 \u043c\u0438\u043d\u0443\u0442\u044b"},"schema":{"@context":"https:\/\/schema.org","@graph":[{"@type":"WebPage","@id":"https:\/\/beebipood.ee\/ru\/produkt\/yappymove-beebivoodi-ja-yappyclassic-kummut-valge\/","url":"https:\/\/beebipood.ee\/ru\/produkt\/yappymove-beebivoodi-ja-yappyclassic-kummut-valge\/","name":"YappyMove beebivoodi ja YappyClassic kummut, valge, \u041a\u043e\u043c\u043f\u043b\u0435\u043a\u0442\u044b \u0434\u043b\u044f \u043a\u043e\u043c\u043d\u0430\u0442, \u0421\u041a\u0418\u0414\u041a\u0418, M\u0435\u0431\u0435\u043b\u044c, YappyKids -20%, Beebipood","isPartOf":{"@id":"https:\/\/beebipood.ee\/ru\/#website"},"primaryImageOfPage":{"@id":"https:\/\/beebipood.ee\/ru\/produkt\/yappymove-beebivoodi-ja-yappyclassic-kummut-valge\/#primaryimage"},"image":{"@id":"https:\/\/beebipood.ee\/ru\/produkt\/yappymove-beebivoodi-ja-yappyclassic-kummut-valge\/#primaryimage"},"thumbnailUrl":"https:\/\/beebipood.ee\/wp-content\/uploads\/2020\/05\/YappyMove-beebivoodi-ja-YappyClassic-kummut-valge-Tubade-komplektid-SOODUSPAKKUMISED-UUED-TOOTED-Lastemoobel-ja-sisustus_5-974.jpg","datePublished":"2020-05-26T05:07:43+00:00","dateModified":"2025-01-09T08:48:24+00:00","description":"YappyMove beebivoodi ja YappyClassic kummut, valge, YappyMove voodiP&auml;rast s&uuml;ndi &otilde;pib beebi tundma mitte ainult oma vanemaid, uut kodu","breadcrumb":{"@id":"https:\/\/beebipood.ee\/ru\/produkt\/yappymove-beebivoodi-ja-yappyclassic-kummut-valge\/#breadcrumb"},"inLanguage":"ru-RU","potentialAction":[{"@type":"ReadAction","target":["https:\/\/beebipood.ee\/ru\/produkt\/yappymove-beebivoodi-ja-yappyclassic-kummut-valge\/"]}]},{"@type":"ImageObject","inLanguage":"ru-RU","@id":"https:\/\/beebipood.ee\/ru\/produkt\/yappymove-beebivoodi-ja-yappyclassic-kummut-valge\/#primaryimage","url":"https:\/\/beebipood.ee\/wp-content\/uploads\/2020\/05\/YappyMove-beebivoodi-ja-YappyClassic-kummut-valge-Tubade-komplektid-SOODUSPAKKUMISED-UUED-TOOTED-Lastemoobel-ja-sisustus_5-974.jpg","contentUrl":"https:\/\/beebipood.ee\/wp-content\/uploads\/2020\/05\/YappyMove-beebivoodi-ja-YappyClassic-kummut-valge-Tubade-komplektid-SOODUSPAKKUMISED-UUED-TOOTED-Lastemoobel-ja-sisustus_5-974.jpg","width":1200,"height":753},{"@type":"BreadcrumbList","@id":"https:\/\/beebipood.ee\/ru\/produkt\/yappymove-beebivoodi-ja-yappyclassic-kummut-valge\/#breadcrumb","itemListElement":[{"@type":"ListItem","position":1,"name":"Home","item":"https:\/\/beebipood.ee\/ru\/"},{"@type":"ListItem","position":2,"name":"\u041a\u0430\u0442\u0430\u043b\u043e\u0433 \u0442\u043e\u0432\u0430\u0440\u043e\u0432","item":"https:\/\/beebipood.ee\/tooted\/"},{"@type":"ListItem","position":3,"name":"YappyMove beebivoodi ja YappyClassic kummut, valge"}]},{"@type":"WebSite","@id":"https:\/\/beebipood.ee\/ru\/#website","url":"https:\/\/beebipood.ee\/ru\/","name":"Beebipood","description":"Lastekaubad, beebikaubad, m\u00e4nguasjad","publisher":{"@id":"https:\/\/beebipood.ee\/ru\/#organization"},"potentialAction":[{"@type":"SearchAction","target":{"@type":"EntryPoint","urlTemplate":"https:\/\/beebipood.ee\/ru\/?s={search_term_string}"},"query-input":{"@type":"PropertyValueSpecification","valueRequired":true,"valueName":"search_term_string"}}],"inLanguage":"ru-RU"},{"@type":"Organization","@id":"https:\/\/beebipood.ee\/ru\/#organization","name":"Beebipood","url":"https:\/\/beebipood.ee\/ru\/","logo":{"@type":"ImageObject","inLanguage":"ru-RU","@id":"https:\/\/beebipood.ee\/ru\/#\/schema\/logo\/image\/","url":"https:\/\/beebipood.ee\/wp-content\/uploads\/2025\/03\/beebipood.ee-logo-1.svg","contentUrl":"https:\/\/beebipood.ee\/wp-content\/uploads\/2025\/03\/beebipood.ee-logo-1.svg","caption":"Beebipood"},"image":{"@id":"https:\/\/beebipood.ee\/ru\/#\/schema\/logo\/image\/"}}]}},"brands":[{"id":11969,"name":"YappyKids","slug":"yappykids-ru"}],"_links":{"self":[{"href":"https:\/\/beebipood.ee\/ru\/wp-json\/wp\/v2\/product\/459349","targetHints":{"allow":["GET"]}}],"collection":[{"href":"https:\/\/beebipood.ee\/ru\/wp-json\/wp\/v2\/product"}],"about":[{"href":"https:\/\/beebipood.ee\/ru\/wp-json\/wp\/v2\/types\/product"}],"wp:featuredmedia":[{"embeddable":true,"href":"https:\/\/beebipood.ee\/ru\/wp-json\/wp\/v2\/media\/134542"}],"wp:attachment":[{"href":"https:\/\/beebipood.ee\/ru\/wp-json\/wp\/v2\/media?parent=459349"}],"wp:term":[{"taxonomy":"pwb-brand","embeddable":true,"href":"https:\/\/beebipood.ee\/ru\/wp-json\/wp\/v2\/pwb-brand?post=459349"},{"taxonomy":"product_brand","embeddable":true,"href":"https:\/\/beebipood.ee\/ru\/wp-json\/wp\/v2\/product_brand?post=459349"},{"taxonomy":"product_cat","embeddable":true,"href":"https:\/\/beebipood.ee\/ru\/wp-json\/wp\/v2\/product_cat?post=459349"},{"taxonomy":"product_tag","embeddable":true,"href":"https:\/\/beebipood.ee\/ru\/wp-json\/wp\/v2\/product_tag?post=459349"}],"curies":[{"name":"wp","href":"https:\/\/api.w.org\/{rel}","templated":true}]}}