{"id":459353,"date":"2020-05-26T08:41:49","date_gmt":"2020-05-26T05:41:49","guid":{"rendered":"https:\/\/beebipood.ee\/toode\/yappyhytte-majavoodi-voodikastidega-90x200-white\/"},"modified":"2025-01-09T10:48:24","modified_gmt":"2025-01-09T08:48:24","slug":"yappyhytte-majavoodi-voodikastidega-90x200-white","status":"publish","type":"product","link":"https:\/\/beebipood.ee\/ru\/produkt\/yappyhytte-majavoodi-voodikastidega-90x200-white\/","title":{"rendered":"YappyHytte majavoodi voodikastidega 90&#215;200, White"},"content":{"rendered":"<p>Yappy Kids laiendab oma tootevaliku Skandinaavia stiilis majavoodiga.<br \/>Seda saab kasutada nii voodina kui ka m\u00e4ngukohana.<br \/>YappyHytte on suurep\u00e4rane lahendus ajal, mil beebi on beebivoodist v\u00e4lja kasvanud<br \/>ja vajab magamiseks suuremat voodit.<br \/>Voodi on originaalse disaini ja funktsionaalsuse kombinatsioon.<br \/>Voodikujundus annab lapse toas t\u00f5eliselt hubase tunde.<br \/>Majavoodid on suurep\u00e4rane valik lastele, sest t\u00e4nu oma ahvatlevale<br \/>ja m\u00e4ngulisele disainile tekib lapsel soov seal magada<br \/>ning kohanemine beebivoodist teismelise voodisse toimub kiiremini.<br \/>Sinu lapse turvalisuse huvides on v\u00f5imalik YappyHytte majavoodi<br \/>\u00fchele v\u00f5i teisele k\u00fcljele kinnitada turvapiire (komplektis kaasas).<br \/>Materjal: m\u00e4nnipuit.<br \/>Puit on t\u00f6\u00f6deldud \u00f6koloogilise, lastele ohutu naturaalse puiduvahaga.<br \/>See on mitmeotstarbeline materjal, annab s\u00e4ra, t\u00f5rjub niiskust<br \/>ja kaitseb m\u00f6\u00f6blit mustuse eest.<br \/>Puitdetailide kokkupuutel teiste puitdetailidega kipub see tekitama puidu h\u00e4\u00e4lt<br \/>(kr\u00f5binat) ja seet\u00f5ttu kasutatakse puiduvaha, mis takistab neid helisid<br \/>ja ei tekita m\u00f6\u00f6bli kasutamise ajal m\u00fcra.<br \/>Komplekti kuuluvad p\u00f5hjalipid ja turvapiire<br \/>Voodip\u00f5hja lipid on vineerist.<br \/>Vineeris lipid on vastupidavad ning loovad madratsile korraliku<br \/>ja ergonoomilise aluse, seega on YappyHytte voodis magamine lapsele naudinguks.<br \/>Voodisse sobib madrats m\u00f5\u00f5duga <a href=\"https:\/\/www.beebipood.ee\/lastemoobel-ja-sisustus\/madratsid-ja-kattemadratsid\/kuni-90cm-laiused.html\">90x200cm<\/a><br \/>See m\u00f6\u00f6bel on valmistatud FSC sertifikaadiga puidust.<br \/>FSC sertifikaat tagab, et tooted p\u00e4rinevad vastutustundlikult majandatud metsadest,<br \/>mis pakuvad keskkonna-, sotsiaalset ja majanduslikku kasu.<br \/>M\u00f5\u00f5t: Pikkus: 208cm Laius: 98,5cm K\u00f5rgus: 145cm<\/p>\n<p><span style=\"text-decoration: underline;\">YappySpot<\/span> on ratastel olev voodikast voodipesu, m\u00e4nguasjade jne. hoidmiseks.<br \/>Komplekti kuulub sahtli p\u00f5hi<br \/>Komplektis on kaks voodikasti<br \/>Materjal: t\u00e4ism\u00e4nnipuit.<br \/>Sahtel sobib 90&#215;200 cm suurusele voodi alla.<br \/>Voodisahtel on t\u00f6\u00f6deldud \u00f6koloogilise, lastele ohutu naturaalse puiduvahaga.<br \/>Valmistatud FSC sertifikaadiga puidust.<br \/>FSC sertifikaat tagab, et tooted p\u00e4rinevad vastutustundlikult majandatud metsadest,<br \/>mis pakuvad keskkonna-, sotsiaalset ja majanduslikku kasu.<br \/>M\u00f5\u00f5t: Pikkus: 99 cm S\u00fcgavus: 93 cm K\u00f5rgus: 27 cm<br \/>Hooldamine:<br \/>Puhastada niiske lapiga. Seej\u00e4rel kuivaks p\u00fchkida.<\/p>\n","protected":false},"excerpt":{"rendered":"<p>Yappy Kids laiendab oma tootevaliku Skandinaavia stiilis majavoodiga.Seda saab kasutada nii voodina kui ka m\u00e4ngukohana.YappyHytte on suurep\u00e4rane lahendus ajal, mil beebi on beebivoodist v\u00e4lja kasvanudja vajab magamiseks suuremat voodit.Voodi on originaalse disaini ja funktsionaalsuse kombinatsioon.Voodikujundus annab lapse toas t\u00f5eliselt hubase tunde.Majavoodid on suurep\u00e4rane valik lastele, sest t\u00e4nu oma ahvatlevaleja m\u00e4ngulisele disainile tekib lapsel soov seal [&hellip;]<\/p>\n","protected":false},"featured_media":172540,"template":"","meta":{"_acf_changed":false},"pwb-brand":[11969],"product_brand":[],"product_cat":[11591,11559,11789],"product_tag":[],"class_list":{"0":"post-459353","1":"product","2":"type-product","3":"status-publish","4":"has-post-thumbnail","6":"pwb-brand-yappykids-ru","7":"product_cat-90cm-laiused-ru","8":"product_cat-laste-ja-noortevoodid-ru","9":"product_cat-lastemoobel-ja-sisustus-ru","10":"pa_manufacturer-yappykids-ru","12":"first","13":"onbackorder","14":"sale","15":"taxable","16":"shipping-taxable","17":"purchasable","18":"product-type-simple"},"exclude_global_add_ons":[],"addons":[],"acf":[],"yoast_head":"<!-- This site is optimized with the Yoast SEO plugin v27.1.1 - https:\/\/yoast.com\/product\/yoast-seo-wordpress\/ -->\n<title>YappyHytte majavoodi voodikastidega 90x200, White, \u041a\u0440\u043e\u0432\u0430\u0442\u0438 \u0434\u043b\u044f \u0434\u0435\u0442\u0435\u0439 \u0438 \u043f\u043e\u0434\u0440\u043e\u0441\u0442\u043a\u043e\u0432, \u041d\u041e\u0412\u042b\u0415 \u0422\u041e\u0412\u0410\u0420\u042b, \u0428\u0438\u0440\u0438\u043d\u0430 90c\u043c, M\u0435\u0431\u0435\u043b\u044c, Yappy sets -20%, YappyKids -20%, Beebipood<\/title>\n<meta name=\"description\" content=\"YappyHytte majavoodi voodikastidega 90x200, White, Yappy Kids laiendab oma tootevaliku Skandinaavia stiilis majavoodiga.Seda saab kasutada nii voodina\" \/>\n<meta name=\"robots\" content=\"index, follow, max-snippet:-1, max-image-preview:large, max-video-preview:-1\" \/>\n<link rel=\"canonical\" href=\"https:\/\/beebipood.ee\/ru\/produkt\/yappyhytte-majavoodi-voodikastidega-90x200-white\/\" \/>\n<meta property=\"og:locale\" content=\"ru_RU\" \/>\n<meta property=\"og:type\" content=\"article\" \/>\n<meta property=\"og:title\" content=\"YappyHytte majavoodi voodikastidega 90x200, White, \u041a\u0440\u043e\u0432\u0430\u0442\u0438 \u0434\u043b\u044f \u0434\u0435\u0442\u0435\u0439 \u0438 \u043f\u043e\u0434\u0440\u043e\u0441\u0442\u043a\u043e\u0432, \u041d\u041e\u0412\u042b\u0415 \u0422\u041e\u0412\u0410\u0420\u042b, \u0428\u0438\u0440\u0438\u043d\u0430 90c\u043c, M\u0435\u0431\u0435\u043b\u044c, Yappy sets -20%, YappyKids -20%, Beebipood\" \/>\n<meta property=\"og:description\" content=\"YappyHytte majavoodi voodikastidega 90x200, White, Yappy Kids laiendab oma tootevaliku Skandinaavia stiilis majavoodiga.Seda saab kasutada nii voodina\" \/>\n<meta property=\"og:url\" content=\"https:\/\/beebipood.ee\/ru\/produkt\/yappyhytte-majavoodi-voodikastidega-90x200-white\/\" \/>\n<meta property=\"og:site_name\" content=\"Beebipood\" \/>\n<meta property=\"article:modified_time\" content=\"2025-01-09T08:48:24+00:00\" \/>\n<meta property=\"og:image\" content=\"https:\/\/beebipood.ee\/wp-content\/uploads\/2020\/05\/YappyHytte-majavoodi-voodikastidega-90x200-Light-grey-Tubade-komplektid-SOODUSPAKKUMISED-Lastemoobel-ja-sisustus-Yappy-sets-20-YappyKids-20_1-b3f-scaled.jpg\" \/>\n\t<meta property=\"og:image:width\" content=\"2560\" \/>\n\t<meta property=\"og:image:height\" content=\"1905\" \/>\n\t<meta property=\"og:image:type\" content=\"image\/jpeg\" \/>\n<meta name=\"twitter:card\" content=\"summary_large_image\" \/>\n<meta name=\"twitter:label1\" content=\"\u041f\u0440\u0438\u043c\u0435\u0440\u043d\u043e\u0435 \u0432\u0440\u0435\u043c\u044f \u0434\u043b\u044f \u0447\u0442\u0435\u043d\u0438\u044f\" \/>\n\t<meta name=\"twitter:data1\" content=\"1 \u043c\u0438\u043d\u0443\u0442\u0430\" \/>\n<script type=\"application\/ld+json\" class=\"yoast-schema-graph\">{\"@context\":\"https:\/\/schema.org\",\"@graph\":[{\"@type\":\"WebPage\",\"@id\":\"https:\/\/beebipood.ee\/ru\/produkt\/yappyhytte-majavoodi-voodikastidega-90x200-white\/\",\"url\":\"https:\/\/beebipood.ee\/ru\/produkt\/yappyhytte-majavoodi-voodikastidega-90x200-white\/\",\"name\":\"YappyHytte majavoodi voodikastidega 90x200, White, \u041a\u0440\u043e\u0432\u0430\u0442\u0438 \u0434\u043b\u044f \u0434\u0435\u0442\u0435\u0439 \u0438 \u043f\u043e\u0434\u0440\u043e\u0441\u0442\u043a\u043e\u0432, \u041d\u041e\u0412\u042b\u0415 \u0422\u041e\u0412\u0410\u0420\u042b, \u0428\u0438\u0440\u0438\u043d\u0430 90c\u043c, M\u0435\u0431\u0435\u043b\u044c, Yappy sets -20%, YappyKids -20%, Beebipood\",\"isPartOf\":{\"@id\":\"https:\/\/beebipood.ee\/ru\/#website\"},\"primaryImageOfPage\":{\"@id\":\"https:\/\/beebipood.ee\/ru\/produkt\/yappyhytte-majavoodi-voodikastidega-90x200-white\/#primaryimage\"},\"image\":{\"@id\":\"https:\/\/beebipood.ee\/ru\/produkt\/yappyhytte-majavoodi-voodikastidega-90x200-white\/#primaryimage\"},\"thumbnailUrl\":\"https:\/\/beebipood.ee\/wp-content\/uploads\/2020\/05\/YappyHytte-majavoodi-voodikastidega-90x200-Light-grey-Tubade-komplektid-SOODUSPAKKUMISED-Lastemoobel-ja-sisustus-Yappy-sets-20-YappyKids-20_1-b3f-scaled.jpg\",\"datePublished\":\"2020-05-26T05:41:49+00:00\",\"dateModified\":\"2025-01-09T08:48:24+00:00\",\"description\":\"YappyHytte majavoodi voodikastidega 90x200, White, Yappy Kids laiendab oma tootevaliku Skandinaavia stiilis majavoodiga.Seda saab kasutada nii voodina\",\"breadcrumb\":{\"@id\":\"https:\/\/beebipood.ee\/ru\/produkt\/yappyhytte-majavoodi-voodikastidega-90x200-white\/#breadcrumb\"},\"inLanguage\":\"ru-RU\",\"potentialAction\":[{\"@type\":\"ReadAction\",\"target\":[\"https:\/\/beebipood.ee\/ru\/produkt\/yappyhytte-majavoodi-voodikastidega-90x200-white\/\"]}]},{\"@type\":\"ImageObject\",\"inLanguage\":\"ru-RU\",\"@id\":\"https:\/\/beebipood.ee\/ru\/produkt\/yappyhytte-majavoodi-voodikastidega-90x200-white\/#primaryimage\",\"url\":\"https:\/\/beebipood.ee\/wp-content\/uploads\/2020\/05\/YappyHytte-majavoodi-voodikastidega-90x200-Light-grey-Tubade-komplektid-SOODUSPAKKUMISED-Lastemoobel-ja-sisustus-Yappy-sets-20-YappyKids-20_1-b3f-scaled.jpg\",\"contentUrl\":\"https:\/\/beebipood.ee\/wp-content\/uploads\/2020\/05\/YappyHytte-majavoodi-voodikastidega-90x200-Light-grey-Tubade-komplektid-SOODUSPAKKUMISED-Lastemoobel-ja-sisustus-Yappy-sets-20-YappyKids-20_1-b3f-scaled.jpg\",\"width\":2560,\"height\":1905},{\"@type\":\"BreadcrumbList\",\"@id\":\"https:\/\/beebipood.ee\/ru\/produkt\/yappyhytte-majavoodi-voodikastidega-90x200-white\/#breadcrumb\",\"itemListElement\":[{\"@type\":\"ListItem\",\"position\":1,\"name\":\"Home\",\"item\":\"https:\/\/beebipood.ee\/ru\/\"},{\"@type\":\"ListItem\",\"position\":2,\"name\":\"\u041a\u0430\u0442\u0430\u043b\u043e\u0433 \u0442\u043e\u0432\u0430\u0440\u043e\u0432\",\"item\":\"https:\/\/beebipood.ee\/tooted\/\"},{\"@type\":\"ListItem\",\"position\":3,\"name\":\"YappyHytte majavoodi voodikastidega 90&#215;200, White\"}]},{\"@type\":\"WebSite\",\"@id\":\"https:\/\/beebipood.ee\/ru\/#website\",\"url\":\"https:\/\/beebipood.ee\/ru\/\",\"name\":\"Beebipood\",\"description\":\"Lastekaubad, beebikaubad, m\u00e4nguasjad\",\"publisher\":{\"@id\":\"https:\/\/beebipood.ee\/ru\/#organization\"},\"potentialAction\":[{\"@type\":\"SearchAction\",\"target\":{\"@type\":\"EntryPoint\",\"urlTemplate\":\"https:\/\/beebipood.ee\/ru\/?s={search_term_string}\"},\"query-input\":{\"@type\":\"PropertyValueSpecification\",\"valueRequired\":true,\"valueName\":\"search_term_string\"}}],\"inLanguage\":\"ru-RU\"},{\"@type\":\"Organization\",\"@id\":\"https:\/\/beebipood.ee\/ru\/#organization\",\"name\":\"Beebipood\",\"url\":\"https:\/\/beebipood.ee\/ru\/\",\"logo\":{\"@type\":\"ImageObject\",\"inLanguage\":\"ru-RU\",\"@id\":\"https:\/\/beebipood.ee\/ru\/#\/schema\/logo\/image\/\",\"url\":\"https:\/\/beebipood.ee\/wp-content\/uploads\/2025\/03\/beebipood.ee-logo-1.svg\",\"contentUrl\":\"https:\/\/beebipood.ee\/wp-content\/uploads\/2025\/03\/beebipood.ee-logo-1.svg\",\"caption\":\"Beebipood\"},\"image\":{\"@id\":\"https:\/\/beebipood.ee\/ru\/#\/schema\/logo\/image\/\"}}]}<\/script>\n<!-- \/ Yoast SEO plugin. -->","yoast_head_json":{"title":"YappyHytte majavoodi voodikastidega 90x200, White, \u041a\u0440\u043e\u0432\u0430\u0442\u0438 \u0434\u043b\u044f \u0434\u0435\u0442\u0435\u0439 \u0438 \u043f\u043e\u0434\u0440\u043e\u0441\u0442\u043a\u043e\u0432, \u041d\u041e\u0412\u042b\u0415 \u0422\u041e\u0412\u0410\u0420\u042b, \u0428\u0438\u0440\u0438\u043d\u0430 90c\u043c, M\u0435\u0431\u0435\u043b\u044c, Yappy sets -20%, YappyKids -20%, Beebipood","description":"YappyHytte majavoodi voodikastidega 90x200, White, Yappy Kids laiendab oma tootevaliku Skandinaavia stiilis majavoodiga.Seda saab kasutada nii voodina","robots":{"index":"index","follow":"follow","max-snippet":"max-snippet:-1","max-image-preview":"max-image-preview:large","max-video-preview":"max-video-preview:-1"},"canonical":"https:\/\/beebipood.ee\/ru\/produkt\/yappyhytte-majavoodi-voodikastidega-90x200-white\/","og_locale":"ru_RU","og_type":"article","og_title":"YappyHytte majavoodi voodikastidega 90x200, White, \u041a\u0440\u043e\u0432\u0430\u0442\u0438 \u0434\u043b\u044f \u0434\u0435\u0442\u0435\u0439 \u0438 \u043f\u043e\u0434\u0440\u043e\u0441\u0442\u043a\u043e\u0432, \u041d\u041e\u0412\u042b\u0415 \u0422\u041e\u0412\u0410\u0420\u042b, \u0428\u0438\u0440\u0438\u043d\u0430 90c\u043c, M\u0435\u0431\u0435\u043b\u044c, Yappy sets -20%, YappyKids -20%, Beebipood","og_description":"YappyHytte majavoodi voodikastidega 90x200, White, Yappy Kids laiendab oma tootevaliku Skandinaavia stiilis majavoodiga.Seda saab kasutada nii voodina","og_url":"https:\/\/beebipood.ee\/ru\/produkt\/yappyhytte-majavoodi-voodikastidega-90x200-white\/","og_site_name":"Beebipood","article_modified_time":"2025-01-09T08:48:24+00:00","og_image":[{"width":2560,"height":1905,"url":"https:\/\/beebipood.ee\/wp-content\/uploads\/2020\/05\/YappyHytte-majavoodi-voodikastidega-90x200-Light-grey-Tubade-komplektid-SOODUSPAKKUMISED-Lastemoobel-ja-sisustus-Yappy-sets-20-YappyKids-20_1-b3f-scaled.jpg","type":"image\/jpeg"}],"twitter_card":"summary_large_image","twitter_misc":{"\u041f\u0440\u0438\u043c\u0435\u0440\u043d\u043e\u0435 \u0432\u0440\u0435\u043c\u044f \u0434\u043b\u044f \u0447\u0442\u0435\u043d\u0438\u044f":"1 \u043c\u0438\u043d\u0443\u0442\u0430"},"schema":{"@context":"https:\/\/schema.org","@graph":[{"@type":"WebPage","@id":"https:\/\/beebipood.ee\/ru\/produkt\/yappyhytte-majavoodi-voodikastidega-90x200-white\/","url":"https:\/\/beebipood.ee\/ru\/produkt\/yappyhytte-majavoodi-voodikastidega-90x200-white\/","name":"YappyHytte majavoodi voodikastidega 90x200, White, \u041a\u0440\u043e\u0432\u0430\u0442\u0438 \u0434\u043b\u044f \u0434\u0435\u0442\u0435\u0439 \u0438 \u043f\u043e\u0434\u0440\u043e\u0441\u0442\u043a\u043e\u0432, \u041d\u041e\u0412\u042b\u0415 \u0422\u041e\u0412\u0410\u0420\u042b, \u0428\u0438\u0440\u0438\u043d\u0430 90c\u043c, M\u0435\u0431\u0435\u043b\u044c, Yappy sets -20%, YappyKids -20%, Beebipood","isPartOf":{"@id":"https:\/\/beebipood.ee\/ru\/#website"},"primaryImageOfPage":{"@id":"https:\/\/beebipood.ee\/ru\/produkt\/yappyhytte-majavoodi-voodikastidega-90x200-white\/#primaryimage"},"image":{"@id":"https:\/\/beebipood.ee\/ru\/produkt\/yappyhytte-majavoodi-voodikastidega-90x200-white\/#primaryimage"},"thumbnailUrl":"https:\/\/beebipood.ee\/wp-content\/uploads\/2020\/05\/YappyHytte-majavoodi-voodikastidega-90x200-Light-grey-Tubade-komplektid-SOODUSPAKKUMISED-Lastemoobel-ja-sisustus-Yappy-sets-20-YappyKids-20_1-b3f-scaled.jpg","datePublished":"2020-05-26T05:41:49+00:00","dateModified":"2025-01-09T08:48:24+00:00","description":"YappyHytte majavoodi voodikastidega 90x200, White, Yappy Kids laiendab oma tootevaliku Skandinaavia stiilis majavoodiga.Seda saab kasutada nii voodina","breadcrumb":{"@id":"https:\/\/beebipood.ee\/ru\/produkt\/yappyhytte-majavoodi-voodikastidega-90x200-white\/#breadcrumb"},"inLanguage":"ru-RU","potentialAction":[{"@type":"ReadAction","target":["https:\/\/beebipood.ee\/ru\/produkt\/yappyhytte-majavoodi-voodikastidega-90x200-white\/"]}]},{"@type":"ImageObject","inLanguage":"ru-RU","@id":"https:\/\/beebipood.ee\/ru\/produkt\/yappyhytte-majavoodi-voodikastidega-90x200-white\/#primaryimage","url":"https:\/\/beebipood.ee\/wp-content\/uploads\/2020\/05\/YappyHytte-majavoodi-voodikastidega-90x200-Light-grey-Tubade-komplektid-SOODUSPAKKUMISED-Lastemoobel-ja-sisustus-Yappy-sets-20-YappyKids-20_1-b3f-scaled.jpg","contentUrl":"https:\/\/beebipood.ee\/wp-content\/uploads\/2020\/05\/YappyHytte-majavoodi-voodikastidega-90x200-Light-grey-Tubade-komplektid-SOODUSPAKKUMISED-Lastemoobel-ja-sisustus-Yappy-sets-20-YappyKids-20_1-b3f-scaled.jpg","width":2560,"height":1905},{"@type":"BreadcrumbList","@id":"https:\/\/beebipood.ee\/ru\/produkt\/yappyhytte-majavoodi-voodikastidega-90x200-white\/#breadcrumb","itemListElement":[{"@type":"ListItem","position":1,"name":"Home","item":"https:\/\/beebipood.ee\/ru\/"},{"@type":"ListItem","position":2,"name":"\u041a\u0430\u0442\u0430\u043b\u043e\u0433 \u0442\u043e\u0432\u0430\u0440\u043e\u0432","item":"https:\/\/beebipood.ee\/tooted\/"},{"@type":"ListItem","position":3,"name":"YappyHytte majavoodi voodikastidega 90&#215;200, White"}]},{"@type":"WebSite","@id":"https:\/\/beebipood.ee\/ru\/#website","url":"https:\/\/beebipood.ee\/ru\/","name":"Beebipood","description":"Lastekaubad, beebikaubad, m\u00e4nguasjad","publisher":{"@id":"https:\/\/beebipood.ee\/ru\/#organization"},"potentialAction":[{"@type":"SearchAction","target":{"@type":"EntryPoint","urlTemplate":"https:\/\/beebipood.ee\/ru\/?s={search_term_string}"},"query-input":{"@type":"PropertyValueSpecification","valueRequired":true,"valueName":"search_term_string"}}],"inLanguage":"ru-RU"},{"@type":"Organization","@id":"https:\/\/beebipood.ee\/ru\/#organization","name":"Beebipood","url":"https:\/\/beebipood.ee\/ru\/","logo":{"@type":"ImageObject","inLanguage":"ru-RU","@id":"https:\/\/beebipood.ee\/ru\/#\/schema\/logo\/image\/","url":"https:\/\/beebipood.ee\/wp-content\/uploads\/2025\/03\/beebipood.ee-logo-1.svg","contentUrl":"https:\/\/beebipood.ee\/wp-content\/uploads\/2025\/03\/beebipood.ee-logo-1.svg","caption":"Beebipood"},"image":{"@id":"https:\/\/beebipood.ee\/ru\/#\/schema\/logo\/image\/"}}]}},"brands":[{"id":11969,"name":"YappyKids","slug":"yappykids-ru"}],"_links":{"self":[{"href":"https:\/\/beebipood.ee\/ru\/wp-json\/wp\/v2\/product\/459353","targetHints":{"allow":["GET"]}}],"collection":[{"href":"https:\/\/beebipood.ee\/ru\/wp-json\/wp\/v2\/product"}],"about":[{"href":"https:\/\/beebipood.ee\/ru\/wp-json\/wp\/v2\/types\/product"}],"wp:featuredmedia":[{"embeddable":true,"href":"https:\/\/beebipood.ee\/ru\/wp-json\/wp\/v2\/media\/172540"}],"wp:attachment":[{"href":"https:\/\/beebipood.ee\/ru\/wp-json\/wp\/v2\/media?parent=459353"}],"wp:term":[{"taxonomy":"pwb-brand","embeddable":true,"href":"https:\/\/beebipood.ee\/ru\/wp-json\/wp\/v2\/pwb-brand?post=459353"},{"taxonomy":"product_brand","embeddable":true,"href":"https:\/\/beebipood.ee\/ru\/wp-json\/wp\/v2\/product_brand?post=459353"},{"taxonomy":"product_cat","embeddable":true,"href":"https:\/\/beebipood.ee\/ru\/wp-json\/wp\/v2\/product_cat?post=459353"},{"taxonomy":"product_tag","embeddable":true,"href":"https:\/\/beebipood.ee\/ru\/wp-json\/wp\/v2\/product_tag?post=459353"}],"curies":[{"name":"wp","href":"https:\/\/api.w.org\/{rel}","templated":true}]}}