{"id":459369,"date":"2020-05-26T12:28:45","date_gmt":"2020-05-26T09:28:45","guid":{"rendered":"https:\/\/beebipood.ee\/toode\/maxi-cosi-leona2-kergkaru-luxe-twillic-truffle\/"},"modified":"2025-05-01T00:00:30","modified_gmt":"2025-04-30T21:00:30","slug":"maxi-cosi-leona2-kergkaru-luxe-twillic-truffle","status":"publish","type":"product","link":"https:\/\/beebipood.ee\/ru\/produkt\/maxi-cosi-leona2-kergkaru-luxe-twillic-truffle\/","title":{"rendered":"Maxi-Cosi Leona2 kergk\u00e4ru, Luxe Twillic Truffle"},"content":{"rendered":"<p>\u00dclikompaktses Leona\u00b2-s on k\u00f5ik olemas &#8212; maksimaalne mugavus linnas\u00f5bralikus suuruses.<br \/>Suurte torkekindlate rataste, \u00fclipehme vedrustuse, mugava isteosa <br \/>ja pikendatud varikatusega Leona\u00b2 pakub suurep\u00e4rast kasutajakogemust.<br \/>&#8212; Lihtsasti \u00fche k\u00e4ega kokkupandav<br \/>&#8212; M\u00f5lemas suunas kasutatav isteosa<br \/>&#8212; T\u00e4islamav asend<br \/>&#8212; Kasutamiseks kuni lapse kaaluni 22kg<br \/>V\u00f5rreldes tavalise Maxi-Cosi Leona jalutusk\u00e4ruga <br \/>on Leona\u00b2 varustatud suuremate ratastega.<br \/><span style=\"text-decoration: underline;\">Kasutajas\u00f5bralikkus<\/span><br \/>Leona\u00b2 jalutusk\u00e4ru suurus on linnas\u00f5bralik ning mahub ka k\u00e4sipagasi m\u00f5\u00f5tmetesse<br \/>Kokkupandav koos isteosaga (m\u00f5lemas suunas)<br \/>\u00dclimalt kompaktne ja kerge (8,8kg)<br \/>Lihtsasti \u00fche k\u00e4ega kokkupandav<br \/>Kokkupandult seisab iseseisvalt p\u00fcsti<br \/>\u00d5larihmad hoiavad avatud asendis, et last oleks lihtsam sisse ja v\u00e4lja v\u00f5tta<br \/>Magneetiline pandlas\u00fcsteem<br \/>P\u00f6\u00f6ratav turvakaar<br \/>\u00dche k\u00e4ega lihtsasti reguleeritav seljatugi<br \/>Mahukas pakikorv (kuni 5kg)<br \/>Lapsevanema tasku, et hoiustada oma v\u00e4\u00e4rtuslike asju<br \/>M\u00e4luga nupud isteosa ja turvah\u00e4lli eemaldamiseks <br \/>(st. vajutad nupud sisse ja seej\u00e4rel saab t\u00f5sta isteosa \u00fche k\u00e4ega pealt \u00e4ra)<br \/><span style=\"text-decoration: underline;\">Mugavus<\/span><br \/>Isteosa on kasutatav nii n\u00e4oga kui ka seljaga s\u00f5idusuunas<br \/>K\u00f5rgusesse reguleeritav seljatugi<br \/>T\u00e4islamavasse asendisse reguleeritav seljatugi<br \/>Pehme polsterdusega isteosa<br \/>Reguleeritav jalatugi<br \/>UV-kaitsega pikendatav kaarvari<br \/>\u00d5hutusava kaarvarju k\u00fcljes<br \/>Pehme vedrustus k\u00f5igil neljal rattal<br \/>Esirattad lukustatavad<br \/><span style=\"text-decoration: underline;\">Turvalisus<\/span><br \/>5-punkti kinnitusega turvarihmad<br \/>Suured t\u00e4iskumm rehvidel rattad<br \/>\u00dcldine<br \/>Kasutamiseks lastele alates s\u00fcnnist kuni kaaluni 22kg (0-4 eluaastat)<br \/>Katteriided on eemaldatavad ja pestavad<br \/><span style=\"text-decoration: underline;\">Komplektis<\/span><br \/>Jalutusk\u00e4ru raam<br \/>Isteosa<br \/>Kaarvari<br \/>Pakikorv<br \/>Turvakaar<br \/>4 ratast<br \/>Vankrikorvi adapterid<br \/><span style=\"text-decoration: underline;\">N\u00e4itajad<\/span><br \/>Jalutusk\u00e4ru kaal 8,8kg<br \/>Raami kaal 5,3kg<br \/>M\u00f5\u00f5dud 85,5 x 103,5 x 46,5cm (pikkus, k\u00f5rgus, laius)<br \/>M\u00f5\u00f5dud kokkupandult 46 x 31 x 52,5cm (laius, k\u00f5rgus, pikkus)<br \/>Seljatoe k\u00f5rgus 45-56cm<br \/>Isteosa s\u00fcgavus 22cm<br \/>Isteosa laius 29cm<br \/>Esiratta diameeter 18cm<br \/>Tagaratta diameeter 21cm<\/p>\n","protected":false},"excerpt":{"rendered":"<p>\u00dclikompaktses Leona\u00b2-s on k\u00f5ik olemas &#8212; maksimaalne mugavus linnas\u00f5bralikus suuruses.Suurte torkekindlate rataste, \u00fclipehme vedrustuse, mugava isteosa ja pikendatud varikatusega Leona\u00b2 pakub suurep\u00e4rast kasutajakogemust.&#8212; Lihtsasti \u00fche k\u00e4ega kokkupandav&#8212; M\u00f5lemas suunas kasutatav isteosa&#8212; T\u00e4islamav asend&#8212; Kasutamiseks kuni lapse kaaluni 22kgV\u00f5rreldes tavalise Maxi-Cosi Leona jalutusk\u00e4ruga on Leona\u00b2 varustatud suuremate ratastega.Kasutajas\u00f5bralikkusLeona\u00b2 jalutusk\u00e4ru suurus on linnas\u00f5bralik ning mahub ka k\u00e4sipagasi [&hellip;]<\/p>\n","protected":false},"featured_media":504945,"template":"","meta":{"_acf_changed":false},"pwb-brand":[11961],"product_brand":[],"product_cat":[11573,11721,11717],"product_tag":[],"class_list":{"0":"post-459369","1":"product","2":"type-product","3":"status-publish","4":"has-post-thumbnail","6":"pwb-brand-maxi-cosi-ru","7":"product_cat-sooduspakkumised-ru","8":"product_cat-jalutuskarud-ru","9":"product_cat-lastevankrid-ja-karud-ru","10":"pa_manufacturer-maxi_cosi-ru","12":"first","13":"onbackorder","14":"sale","15":"taxable","16":"shipping-taxable","17":"purchasable","18":"product-type-simple"},"exclude_global_add_ons":[],"addons":[],"acf":[],"yoast_head":"<!-- This site is optimized with the Yoast SEO plugin v27.1.1 - https:\/\/yoast.com\/product\/yoast-seo-wordpress\/ -->\n<title>Maxi-Cosi Leona2 kergk\u00e4ru, Luxe Twillic Truffle, \u0421\u041a\u0418\u0414\u041a\u0418, \u041a\u043e\u043b\u044f\u0441\u043a\u0438, \u041f\u0440\u043e\u0433\u0443\u043b\u043e\u0447\u043d\u044b\u0435 \u043a\u043e\u043b\u044f\u0441\u043a\u0438, Beebipood<\/title>\n<meta name=\"description\" content=\"Maxi-Cosi Leona2 kergk\u00e4ru, Luxe Twillic Truffle, &Uuml;likompaktses Leona&sup2;-s on k&otilde;ik olemas - maksimaalne mugavus linnas&otilde;bralikus suuruse\" \/>\n<meta name=\"robots\" content=\"index, follow, max-snippet:-1, max-image-preview:large, max-video-preview:-1\" \/>\n<link rel=\"canonical\" href=\"https:\/\/beebipood.ee\/ru\/produkt\/maxi-cosi-leona2-kergkaru-luxe-twillic-truffle\/\" \/>\n<meta property=\"og:locale\" content=\"ru_RU\" \/>\n<meta property=\"og:type\" content=\"article\" \/>\n<meta property=\"og:title\" content=\"Maxi-Cosi Leona2 kergk\u00e4ru, Luxe Twillic Truffle, \u0421\u041a\u0418\u0414\u041a\u0418, \u041a\u043e\u043b\u044f\u0441\u043a\u0438, \u041f\u0440\u043e\u0433\u0443\u043b\u043e\u0447\u043d\u044b\u0435 \u043a\u043e\u043b\u044f\u0441\u043a\u0438, Beebipood\" \/>\n<meta property=\"og:description\" content=\"Maxi-Cosi Leona2 kergk\u00e4ru, Luxe Twillic Truffle, &Uuml;likompaktses Leona&sup2;-s on k&otilde;ik olemas - maksimaalne mugavus linnas&otilde;bralikus suuruse\" \/>\n<meta property=\"og:url\" content=\"https:\/\/beebipood.ee\/ru\/produkt\/maxi-cosi-leona2-kergkaru-luxe-twillic-truffle\/\" \/>\n<meta property=\"og:site_name\" content=\"Beebipood\" \/>\n<meta property=\"article:modified_time\" content=\"2025-04-30T21:00:30+00:00\" \/>\n<meta property=\"og:image\" content=\"https:\/\/beebipood.ee\/wp-content\/uploads\/2020\/05\/maxi-cosi-leona2-kergkaru.jpg\" \/>\n\t<meta property=\"og:image:width\" content=\"1062\" \/>\n\t<meta property=\"og:image:height\" content=\"1200\" \/>\n\t<meta property=\"og:image:type\" content=\"image\/jpeg\" \/>\n<meta name=\"twitter:card\" content=\"summary_large_image\" \/>\n<meta name=\"twitter:label1\" content=\"\u041f\u0440\u0438\u043c\u0435\u0440\u043d\u043e\u0435 \u0432\u0440\u0435\u043c\u044f \u0434\u043b\u044f \u0447\u0442\u0435\u043d\u0438\u044f\" \/>\n\t<meta name=\"twitter:data1\" content=\"1 \u043c\u0438\u043d\u0443\u0442\u0430\" \/>\n<script type=\"application\/ld+json\" class=\"yoast-schema-graph\">{\"@context\":\"https:\/\/schema.org\",\"@graph\":[{\"@type\":\"WebPage\",\"@id\":\"https:\/\/beebipood.ee\/ru\/produkt\/maxi-cosi-leona2-kergkaru-luxe-twillic-truffle\/\",\"url\":\"https:\/\/beebipood.ee\/ru\/produkt\/maxi-cosi-leona2-kergkaru-luxe-twillic-truffle\/\",\"name\":\"Maxi-Cosi Leona2 kergk\u00e4ru, Luxe Twillic Truffle, \u0421\u041a\u0418\u0414\u041a\u0418, \u041a\u043e\u043b\u044f\u0441\u043a\u0438, \u041f\u0440\u043e\u0433\u0443\u043b\u043e\u0447\u043d\u044b\u0435 \u043a\u043e\u043b\u044f\u0441\u043a\u0438, Beebipood\",\"isPartOf\":{\"@id\":\"https:\/\/beebipood.ee\/ru\/#website\"},\"primaryImageOfPage\":{\"@id\":\"https:\/\/beebipood.ee\/ru\/produkt\/maxi-cosi-leona2-kergkaru-luxe-twillic-truffle\/#primaryimage\"},\"image\":{\"@id\":\"https:\/\/beebipood.ee\/ru\/produkt\/maxi-cosi-leona2-kergkaru-luxe-twillic-truffle\/#primaryimage\"},\"thumbnailUrl\":\"https:\/\/beebipood.ee\/wp-content\/uploads\/2020\/05\/maxi-cosi-leona2-kergkaru.jpg\",\"datePublished\":\"2020-05-26T09:28:45+00:00\",\"dateModified\":\"2025-04-30T21:00:30+00:00\",\"description\":\"Maxi-Cosi Leona2 kergk\u00e4ru, Luxe Twillic Truffle, &Uuml;likompaktses Leona&sup2;-s on k&otilde;ik olemas - maksimaalne mugavus linnas&otilde;bralikus suuruse\",\"breadcrumb\":{\"@id\":\"https:\/\/beebipood.ee\/ru\/produkt\/maxi-cosi-leona2-kergkaru-luxe-twillic-truffle\/#breadcrumb\"},\"inLanguage\":\"ru-RU\",\"potentialAction\":[{\"@type\":\"ReadAction\",\"target\":[\"https:\/\/beebipood.ee\/ru\/produkt\/maxi-cosi-leona2-kergkaru-luxe-twillic-truffle\/\"]}]},{\"@type\":\"ImageObject\",\"inLanguage\":\"ru-RU\",\"@id\":\"https:\/\/beebipood.ee\/ru\/produkt\/maxi-cosi-leona2-kergkaru-luxe-twillic-truffle\/#primaryimage\",\"url\":\"https:\/\/beebipood.ee\/wp-content\/uploads\/2020\/05\/maxi-cosi-leona2-kergkaru.jpg\",\"contentUrl\":\"https:\/\/beebipood.ee\/wp-content\/uploads\/2020\/05\/maxi-cosi-leona2-kergkaru.jpg\",\"width\":1062,\"height\":1200},{\"@type\":\"BreadcrumbList\",\"@id\":\"https:\/\/beebipood.ee\/ru\/produkt\/maxi-cosi-leona2-kergkaru-luxe-twillic-truffle\/#breadcrumb\",\"itemListElement\":[{\"@type\":\"ListItem\",\"position\":1,\"name\":\"Home\",\"item\":\"https:\/\/beebipood.ee\/ru\/\"},{\"@type\":\"ListItem\",\"position\":2,\"name\":\"\u041a\u0430\u0442\u0430\u043b\u043e\u0433 \u0442\u043e\u0432\u0430\u0440\u043e\u0432\",\"item\":\"https:\/\/beebipood.ee\/tooted\/\"},{\"@type\":\"ListItem\",\"position\":3,\"name\":\"Maxi-Cosi Leona2 kergk\u00e4ru, Luxe Twillic Truffle\"}]},{\"@type\":\"WebSite\",\"@id\":\"https:\/\/beebipood.ee\/ru\/#website\",\"url\":\"https:\/\/beebipood.ee\/ru\/\",\"name\":\"Beebipood\",\"description\":\"Lastekaubad, beebikaubad, m\u00e4nguasjad\",\"publisher\":{\"@id\":\"https:\/\/beebipood.ee\/ru\/#organization\"},\"potentialAction\":[{\"@type\":\"SearchAction\",\"target\":{\"@type\":\"EntryPoint\",\"urlTemplate\":\"https:\/\/beebipood.ee\/ru\/?s={search_term_string}\"},\"query-input\":{\"@type\":\"PropertyValueSpecification\",\"valueRequired\":true,\"valueName\":\"search_term_string\"}}],\"inLanguage\":\"ru-RU\"},{\"@type\":\"Organization\",\"@id\":\"https:\/\/beebipood.ee\/ru\/#organization\",\"name\":\"Beebipood\",\"url\":\"https:\/\/beebipood.ee\/ru\/\",\"logo\":{\"@type\":\"ImageObject\",\"inLanguage\":\"ru-RU\",\"@id\":\"https:\/\/beebipood.ee\/ru\/#\/schema\/logo\/image\/\",\"url\":\"https:\/\/beebipood.ee\/wp-content\/uploads\/2025\/03\/beebipood.ee-logo-1.svg\",\"contentUrl\":\"https:\/\/beebipood.ee\/wp-content\/uploads\/2025\/03\/beebipood.ee-logo-1.svg\",\"caption\":\"Beebipood\"},\"image\":{\"@id\":\"https:\/\/beebipood.ee\/ru\/#\/schema\/logo\/image\/\"}}]}<\/script>\n<!-- \/ Yoast SEO plugin. -->","yoast_head_json":{"title":"Maxi-Cosi Leona2 kergk\u00e4ru, Luxe Twillic Truffle, \u0421\u041a\u0418\u0414\u041a\u0418, \u041a\u043e\u043b\u044f\u0441\u043a\u0438, \u041f\u0440\u043e\u0433\u0443\u043b\u043e\u0447\u043d\u044b\u0435 \u043a\u043e\u043b\u044f\u0441\u043a\u0438, Beebipood","description":"Maxi-Cosi Leona2 kergk\u00e4ru, Luxe Twillic Truffle, &Uuml;likompaktses Leona&sup2;-s on k&otilde;ik olemas - maksimaalne mugavus linnas&otilde;bralikus suuruse","robots":{"index":"index","follow":"follow","max-snippet":"max-snippet:-1","max-image-preview":"max-image-preview:large","max-video-preview":"max-video-preview:-1"},"canonical":"https:\/\/beebipood.ee\/ru\/produkt\/maxi-cosi-leona2-kergkaru-luxe-twillic-truffle\/","og_locale":"ru_RU","og_type":"article","og_title":"Maxi-Cosi Leona2 kergk\u00e4ru, Luxe Twillic Truffle, \u0421\u041a\u0418\u0414\u041a\u0418, \u041a\u043e\u043b\u044f\u0441\u043a\u0438, \u041f\u0440\u043e\u0433\u0443\u043b\u043e\u0447\u043d\u044b\u0435 \u043a\u043e\u043b\u044f\u0441\u043a\u0438, Beebipood","og_description":"Maxi-Cosi Leona2 kergk\u00e4ru, Luxe Twillic Truffle, &Uuml;likompaktses Leona&sup2;-s on k&otilde;ik olemas - maksimaalne mugavus linnas&otilde;bralikus suuruse","og_url":"https:\/\/beebipood.ee\/ru\/produkt\/maxi-cosi-leona2-kergkaru-luxe-twillic-truffle\/","og_site_name":"Beebipood","article_modified_time":"2025-04-30T21:00:30+00:00","og_image":[{"width":1062,"height":1200,"url":"https:\/\/beebipood.ee\/wp-content\/uploads\/2020\/05\/maxi-cosi-leona2-kergkaru.jpg","type":"image\/jpeg"}],"twitter_card":"summary_large_image","twitter_misc":{"\u041f\u0440\u0438\u043c\u0435\u0440\u043d\u043e\u0435 \u0432\u0440\u0435\u043c\u044f \u0434\u043b\u044f \u0447\u0442\u0435\u043d\u0438\u044f":"1 \u043c\u0438\u043d\u0443\u0442\u0430"},"schema":{"@context":"https:\/\/schema.org","@graph":[{"@type":"WebPage","@id":"https:\/\/beebipood.ee\/ru\/produkt\/maxi-cosi-leona2-kergkaru-luxe-twillic-truffle\/","url":"https:\/\/beebipood.ee\/ru\/produkt\/maxi-cosi-leona2-kergkaru-luxe-twillic-truffle\/","name":"Maxi-Cosi Leona2 kergk\u00e4ru, Luxe Twillic Truffle, \u0421\u041a\u0418\u0414\u041a\u0418, \u041a\u043e\u043b\u044f\u0441\u043a\u0438, \u041f\u0440\u043e\u0433\u0443\u043b\u043e\u0447\u043d\u044b\u0435 \u043a\u043e\u043b\u044f\u0441\u043a\u0438, Beebipood","isPartOf":{"@id":"https:\/\/beebipood.ee\/ru\/#website"},"primaryImageOfPage":{"@id":"https:\/\/beebipood.ee\/ru\/produkt\/maxi-cosi-leona2-kergkaru-luxe-twillic-truffle\/#primaryimage"},"image":{"@id":"https:\/\/beebipood.ee\/ru\/produkt\/maxi-cosi-leona2-kergkaru-luxe-twillic-truffle\/#primaryimage"},"thumbnailUrl":"https:\/\/beebipood.ee\/wp-content\/uploads\/2020\/05\/maxi-cosi-leona2-kergkaru.jpg","datePublished":"2020-05-26T09:28:45+00:00","dateModified":"2025-04-30T21:00:30+00:00","description":"Maxi-Cosi Leona2 kergk\u00e4ru, Luxe Twillic Truffle, &Uuml;likompaktses Leona&sup2;-s on k&otilde;ik olemas - maksimaalne mugavus linnas&otilde;bralikus suuruse","breadcrumb":{"@id":"https:\/\/beebipood.ee\/ru\/produkt\/maxi-cosi-leona2-kergkaru-luxe-twillic-truffle\/#breadcrumb"},"inLanguage":"ru-RU","potentialAction":[{"@type":"ReadAction","target":["https:\/\/beebipood.ee\/ru\/produkt\/maxi-cosi-leona2-kergkaru-luxe-twillic-truffle\/"]}]},{"@type":"ImageObject","inLanguage":"ru-RU","@id":"https:\/\/beebipood.ee\/ru\/produkt\/maxi-cosi-leona2-kergkaru-luxe-twillic-truffle\/#primaryimage","url":"https:\/\/beebipood.ee\/wp-content\/uploads\/2020\/05\/maxi-cosi-leona2-kergkaru.jpg","contentUrl":"https:\/\/beebipood.ee\/wp-content\/uploads\/2020\/05\/maxi-cosi-leona2-kergkaru.jpg","width":1062,"height":1200},{"@type":"BreadcrumbList","@id":"https:\/\/beebipood.ee\/ru\/produkt\/maxi-cosi-leona2-kergkaru-luxe-twillic-truffle\/#breadcrumb","itemListElement":[{"@type":"ListItem","position":1,"name":"Home","item":"https:\/\/beebipood.ee\/ru\/"},{"@type":"ListItem","position":2,"name":"\u041a\u0430\u0442\u0430\u043b\u043e\u0433 \u0442\u043e\u0432\u0430\u0440\u043e\u0432","item":"https:\/\/beebipood.ee\/tooted\/"},{"@type":"ListItem","position":3,"name":"Maxi-Cosi Leona2 kergk\u00e4ru, Luxe Twillic Truffle"}]},{"@type":"WebSite","@id":"https:\/\/beebipood.ee\/ru\/#website","url":"https:\/\/beebipood.ee\/ru\/","name":"Beebipood","description":"Lastekaubad, beebikaubad, m\u00e4nguasjad","publisher":{"@id":"https:\/\/beebipood.ee\/ru\/#organization"},"potentialAction":[{"@type":"SearchAction","target":{"@type":"EntryPoint","urlTemplate":"https:\/\/beebipood.ee\/ru\/?s={search_term_string}"},"query-input":{"@type":"PropertyValueSpecification","valueRequired":true,"valueName":"search_term_string"}}],"inLanguage":"ru-RU"},{"@type":"Organization","@id":"https:\/\/beebipood.ee\/ru\/#organization","name":"Beebipood","url":"https:\/\/beebipood.ee\/ru\/","logo":{"@type":"ImageObject","inLanguage":"ru-RU","@id":"https:\/\/beebipood.ee\/ru\/#\/schema\/logo\/image\/","url":"https:\/\/beebipood.ee\/wp-content\/uploads\/2025\/03\/beebipood.ee-logo-1.svg","contentUrl":"https:\/\/beebipood.ee\/wp-content\/uploads\/2025\/03\/beebipood.ee-logo-1.svg","caption":"Beebipood"},"image":{"@id":"https:\/\/beebipood.ee\/ru\/#\/schema\/logo\/image\/"}}]}},"brands":[{"id":11961,"name":"Maxi-Cosi","slug":"maxi-cosi-ru"}],"_links":{"self":[{"href":"https:\/\/beebipood.ee\/ru\/wp-json\/wp\/v2\/product\/459369","targetHints":{"allow":["GET"]}}],"collection":[{"href":"https:\/\/beebipood.ee\/ru\/wp-json\/wp\/v2\/product"}],"about":[{"href":"https:\/\/beebipood.ee\/ru\/wp-json\/wp\/v2\/types\/product"}],"wp:featuredmedia":[{"embeddable":true,"href":"https:\/\/beebipood.ee\/ru\/wp-json\/wp\/v2\/media\/504945"}],"wp:attachment":[{"href":"https:\/\/beebipood.ee\/ru\/wp-json\/wp\/v2\/media?parent=459369"}],"wp:term":[{"taxonomy":"pwb-brand","embeddable":true,"href":"https:\/\/beebipood.ee\/ru\/wp-json\/wp\/v2\/pwb-brand?post=459369"},{"taxonomy":"product_brand","embeddable":true,"href":"https:\/\/beebipood.ee\/ru\/wp-json\/wp\/v2\/product_brand?post=459369"},{"taxonomy":"product_cat","embeddable":true,"href":"https:\/\/beebipood.ee\/ru\/wp-json\/wp\/v2\/product_cat?post=459369"},{"taxonomy":"product_tag","embeddable":true,"href":"https:\/\/beebipood.ee\/ru\/wp-json\/wp\/v2\/product_tag?post=459369"}],"curies":[{"name":"wp","href":"https:\/\/api.w.org\/{rel}","templated":true}]}}