{"id":459373,"date":"2020-05-26T12:44:05","date_gmt":"2020-05-26T09:44:05","guid":{"rendered":"https:\/\/beebipood.ee\/toode\/maxi-cosi-lara-jalutuskaru-essential-graphite\/"},"modified":"2025-01-09T10:48:23","modified_gmt":"2025-01-09T08:48:23","slug":"maxi-cosi-lara-jalutuskaru-essential-graphite","status":"publish","type":"product","link":"https:\/\/beebipood.ee\/ru\/produkt\/maxi-cosi-lara-jalutuskaru-essential-graphite\/","title":{"rendered":"Maxi-Cosi Lara2 jalutusk\u00e4ru, Essential Graphite"},"content":{"rendered":"<p>Maxi-Cosi kergk\u00e4ru Lara2 on valmis kitsasteks kohtadeks ning suurteks seiklusteks. <br \/>Alates s\u00fcnnist kasutatav Lara2 jalutusk\u00e4ru on m\u00f5eldud kasutamiseks lastele kaaluga kuni 22kg. <br \/>Automaatselt kokkupandav kergk\u00e4ru on \u00fclimalt kompaktne ning kerge, <br \/>mist\u00f5ttu on Lara2 ideaalne kaaslane lennureisidel.<br \/><span style=\"text-decoration: underline;\"><br \/>Kasutajas\u00f5bralikkus<\/span><br \/>Lihtsasti \u00fche k\u00e4ega kokkupandav<br \/>\u00dclimalt kompaktne &#8212; mahub ka k\u00f5ige pisematesse ruumidesse<br \/>Kergesti \u00fcle \u00f5la kantav t\u00e4nu \u00f5larihmale<br \/>Esirattad on lukustatavad<br \/>2 lihtsasti ligip\u00e4\u00e4setavat pakikorvi<br \/>Pestavad katteriided<br \/>Lihtne piduris\u00fcsteem<br \/><span style=\"text-decoration: underline;\">Mugavus ja turvalisus<\/span><br \/>Lai ja pehme polsterdusega isteosa<br \/>Hingavad kangad, et beebil ei hakkaks palav<br \/>UV50+ kaitsega kaarvari<br \/>T\u00e4islamav asend kasutamiseks alates s\u00fcnnist<br \/>Mitu erinevat seljatoe asendit<br \/>Maxi-Cosi 5-punkti kinnitusega turvarihmad<br \/>Vedrustus igal rattal<br \/>Reguleeritav jalatugi<br \/><span style=\"text-decoration: underline;\">Komplektis<\/span><br \/>Jalutusk\u00e4ru<br \/>Turvakaar<br \/>Lisatarvikuna on v\u00f5imalik juurde osta turvah\u00e4lli adapterid!<br \/><span style=\"text-decoration: underline;\">N\u00e4itajad<\/span><br \/>Kasutamiseks alates s\u00fcnnist kuni kaaluni 22kg<br \/>Kaal 6,4kg<br \/>M\u00f5\u00f5dud 70 x 104 x 50cm (pikkus, k\u00f5rgus, laius)<br \/>M\u00f5\u00f5dud kokkupandult 51 x 26 x 50cm (pikkus, k\u00f5rgus, laius) <br \/>M\u00f5\u00f5dud kokkupandult ilma ratasteta 51 x 25,5 x 43cm (pikkus, k\u00f5rgus, laius)<br \/>Isteosa nurk 107-160 kraadi<br \/>Tagaratta diameeter 15cm \/ Esiratta diameeter 13cm<\/p>\n","protected":false},"excerpt":{"rendered":"<p>Maxi-Cosi kergk\u00e4ru Lara2 on valmis kitsasteks kohtadeks ning suurteks seiklusteks. Alates s\u00fcnnist kasutatav Lara2 jalutusk\u00e4ru on m\u00f5eldud kasutamiseks lastele kaaluga kuni 22kg. Automaatselt kokkupandav kergk\u00e4ru on \u00fclimalt kompaktne ning kerge, mist\u00f5ttu on Lara2 ideaalne kaaslane lennureisidel.Kasutajas\u00f5bralikkusLihtsasti \u00fche k\u00e4ega kokkupandav\u00dclimalt kompaktne &#8212; mahub ka k\u00f5ige pisematesse ruumidesseKergesti \u00fcle \u00f5la kantav t\u00e4nu \u00f5larihmaleEsirattad on lukustatavad2 lihtsasti ligip\u00e4\u00e4setavat [&hellip;]<\/p>\n","protected":false},"featured_media":134733,"template":"","meta":{"_acf_changed":false},"pwb-brand":[11527],"product_brand":[],"product_cat":[11720,11716],"product_tag":[],"class_list":{"0":"post-459373","1":"product","2":"type-product","3":"status-publish","4":"has-post-thumbnail","6":"pwb-brand-maxi-cosi","7":"product_cat-jalutuskarud","8":"product_cat-lastevankrid-ja-karud","9":"pa_manufacturer-maxi_cosi-ru","11":"first","12":"onbackorder","13":"taxable","14":"shipping-taxable","15":"purchasable","16":"product-type-simple"},"exclude_global_add_ons":[],"addons":[],"acf":[],"yoast_head":"<!-- This site is optimized with the Yoast SEO plugin v27.1.1 - https:\/\/yoast.com\/product\/yoast-seo-wordpress\/ -->\n<title>Maxi-Cosi Lara2 jalutusk\u00e4ru, Essential Graphite, \u0421\u041a\u0418\u0414\u041a\u0418, \u041a\u043e\u043b\u044f\u0441\u043a\u0438, \u041f\u0440\u043e\u0433\u0443\u043b\u043e\u0447\u043d\u044b\u0435 \u043a\u043e\u043b\u044f\u0441\u043a\u0438, Beebipood<\/title>\n<meta name=\"description\" content=\"Maxi-Cosi Lara2 jalutusk\u00e4ru, Essential Graphite, Maxi-Cosi kergk&auml;ru Lara2 on valmis kitsasteks kohtadeks ning suurteks seiklusteks. Alates s&amp;uuml\" \/>\n<meta name=\"robots\" content=\"index, follow, max-snippet:-1, max-image-preview:large, max-video-preview:-1\" \/>\n<link rel=\"canonical\" href=\"https:\/\/beebipood.ee\/ru\/produkt\/maxi-cosi-lara-jalutuskaru-essential-graphite\/\" \/>\n<meta property=\"og:locale\" content=\"ru_RU\" \/>\n<meta property=\"og:type\" content=\"article\" \/>\n<meta property=\"og:title\" content=\"Maxi-Cosi Lara2 jalutusk\u00e4ru, Essential Graphite, \u0421\u041a\u0418\u0414\u041a\u0418, \u041a\u043e\u043b\u044f\u0441\u043a\u0438, \u041f\u0440\u043e\u0433\u0443\u043b\u043e\u0447\u043d\u044b\u0435 \u043a\u043e\u043b\u044f\u0441\u043a\u0438, Beebipood\" \/>\n<meta property=\"og:description\" content=\"Maxi-Cosi Lara2 jalutusk\u00e4ru, Essential Graphite, Maxi-Cosi kergk&auml;ru Lara2 on valmis kitsasteks kohtadeks ning suurteks seiklusteks. Alates s&amp;uuml\" \/>\n<meta property=\"og:url\" content=\"https:\/\/beebipood.ee\/ru\/produkt\/maxi-cosi-lara-jalutuskaru-essential-graphite\/\" \/>\n<meta property=\"og:site_name\" content=\"Beebipood\" \/>\n<meta property=\"article:modified_time\" content=\"2025-01-09T08:48:23+00:00\" \/>\n<meta property=\"og:image\" content=\"https:\/\/beebipood.ee\/wp-content\/uploads\/2020\/05\/MaxiCosi-Lara2-jalutuskaru-Essential-Graphite-SOODUSPAKKUMISED-Lastevankrid-ja-karud-Jalutuskarud-MaxiCosi-15_1-75c.jpg\" \/>\n\t<meta property=\"og:image:width\" content=\"1061\" \/>\n\t<meta property=\"og:image:height\" content=\"1200\" \/>\n\t<meta property=\"og:image:type\" content=\"image\/jpeg\" \/>\n<meta name=\"twitter:card\" content=\"summary_large_image\" \/>\n<meta name=\"twitter:label1\" content=\"\u041f\u0440\u0438\u043c\u0435\u0440\u043d\u043e\u0435 \u0432\u0440\u0435\u043c\u044f \u0434\u043b\u044f \u0447\u0442\u0435\u043d\u0438\u044f\" \/>\n\t<meta name=\"twitter:data1\" content=\"1 \u043c\u0438\u043d\u0443\u0442\u0430\" \/>\n<script type=\"application\/ld+json\" class=\"yoast-schema-graph\">{\"@context\":\"https:\/\/schema.org\",\"@graph\":[{\"@type\":\"WebPage\",\"@id\":\"https:\/\/beebipood.ee\/ru\/produkt\/maxi-cosi-lara-jalutuskaru-essential-graphite\/\",\"url\":\"https:\/\/beebipood.ee\/ru\/produkt\/maxi-cosi-lara-jalutuskaru-essential-graphite\/\",\"name\":\"Maxi-Cosi Lara2 jalutusk\u00e4ru, Essential Graphite, \u0421\u041a\u0418\u0414\u041a\u0418, \u041a\u043e\u043b\u044f\u0441\u043a\u0438, \u041f\u0440\u043e\u0433\u0443\u043b\u043e\u0447\u043d\u044b\u0435 \u043a\u043e\u043b\u044f\u0441\u043a\u0438, Beebipood\",\"isPartOf\":{\"@id\":\"https:\/\/beebipood.ee\/ru\/#website\"},\"primaryImageOfPage\":{\"@id\":\"https:\/\/beebipood.ee\/ru\/produkt\/maxi-cosi-lara-jalutuskaru-essential-graphite\/#primaryimage\"},\"image\":{\"@id\":\"https:\/\/beebipood.ee\/ru\/produkt\/maxi-cosi-lara-jalutuskaru-essential-graphite\/#primaryimage\"},\"thumbnailUrl\":\"https:\/\/beebipood.ee\/wp-content\/uploads\/2020\/05\/MaxiCosi-Lara2-jalutuskaru-Essential-Graphite-SOODUSPAKKUMISED-Lastevankrid-ja-karud-Jalutuskarud-MaxiCosi-15_1-75c.jpg\",\"datePublished\":\"2020-05-26T09:44:05+00:00\",\"dateModified\":\"2025-01-09T08:48:23+00:00\",\"description\":\"Maxi-Cosi Lara2 jalutusk\u00e4ru, Essential Graphite, Maxi-Cosi kergk&auml;ru Lara2 on valmis kitsasteks kohtadeks ning suurteks seiklusteks. Alates s&uuml\",\"breadcrumb\":{\"@id\":\"https:\/\/beebipood.ee\/ru\/produkt\/maxi-cosi-lara-jalutuskaru-essential-graphite\/#breadcrumb\"},\"inLanguage\":\"ru-RU\",\"potentialAction\":[{\"@type\":\"ReadAction\",\"target\":[\"https:\/\/beebipood.ee\/ru\/produkt\/maxi-cosi-lara-jalutuskaru-essential-graphite\/\"]}]},{\"@type\":\"ImageObject\",\"inLanguage\":\"ru-RU\",\"@id\":\"https:\/\/beebipood.ee\/ru\/produkt\/maxi-cosi-lara-jalutuskaru-essential-graphite\/#primaryimage\",\"url\":\"https:\/\/beebipood.ee\/wp-content\/uploads\/2020\/05\/MaxiCosi-Lara2-jalutuskaru-Essential-Graphite-SOODUSPAKKUMISED-Lastevankrid-ja-karud-Jalutuskarud-MaxiCosi-15_1-75c.jpg\",\"contentUrl\":\"https:\/\/beebipood.ee\/wp-content\/uploads\/2020\/05\/MaxiCosi-Lara2-jalutuskaru-Essential-Graphite-SOODUSPAKKUMISED-Lastevankrid-ja-karud-Jalutuskarud-MaxiCosi-15_1-75c.jpg\",\"width\":1061,\"height\":1200},{\"@type\":\"BreadcrumbList\",\"@id\":\"https:\/\/beebipood.ee\/ru\/produkt\/maxi-cosi-lara-jalutuskaru-essential-graphite\/#breadcrumb\",\"itemListElement\":[{\"@type\":\"ListItem\",\"position\":1,\"name\":\"Home\",\"item\":\"https:\/\/beebipood.ee\/ru\/\"},{\"@type\":\"ListItem\",\"position\":2,\"name\":\"\u041a\u0430\u0442\u0430\u043b\u043e\u0433 \u0442\u043e\u0432\u0430\u0440\u043e\u0432\",\"item\":\"https:\/\/beebipood.ee\/tooted\/\"},{\"@type\":\"ListItem\",\"position\":3,\"name\":\"Maxi-Cosi Lara2 jalutusk\u00e4ru, Essential Graphite\"}]},{\"@type\":\"WebSite\",\"@id\":\"https:\/\/beebipood.ee\/ru\/#website\",\"url\":\"https:\/\/beebipood.ee\/ru\/\",\"name\":\"Beebipood\",\"description\":\"Lastekaubad, beebikaubad, m\u00e4nguasjad\",\"publisher\":{\"@id\":\"https:\/\/beebipood.ee\/ru\/#organization\"},\"potentialAction\":[{\"@type\":\"SearchAction\",\"target\":{\"@type\":\"EntryPoint\",\"urlTemplate\":\"https:\/\/beebipood.ee\/ru\/?s={search_term_string}\"},\"query-input\":{\"@type\":\"PropertyValueSpecification\",\"valueRequired\":true,\"valueName\":\"search_term_string\"}}],\"inLanguage\":\"ru-RU\"},{\"@type\":\"Organization\",\"@id\":\"https:\/\/beebipood.ee\/ru\/#organization\",\"name\":\"Beebipood\",\"url\":\"https:\/\/beebipood.ee\/ru\/\",\"logo\":{\"@type\":\"ImageObject\",\"inLanguage\":\"ru-RU\",\"@id\":\"https:\/\/beebipood.ee\/ru\/#\/schema\/logo\/image\/\",\"url\":\"https:\/\/beebipood.ee\/wp-content\/uploads\/2025\/03\/beebipood.ee-logo-1.svg\",\"contentUrl\":\"https:\/\/beebipood.ee\/wp-content\/uploads\/2025\/03\/beebipood.ee-logo-1.svg\",\"caption\":\"Beebipood\"},\"image\":{\"@id\":\"https:\/\/beebipood.ee\/ru\/#\/schema\/logo\/image\/\"}}]}<\/script>\n<!-- \/ Yoast SEO plugin. -->","yoast_head_json":{"title":"Maxi-Cosi Lara2 jalutusk\u00e4ru, Essential Graphite, \u0421\u041a\u0418\u0414\u041a\u0418, \u041a\u043e\u043b\u044f\u0441\u043a\u0438, \u041f\u0440\u043e\u0433\u0443\u043b\u043e\u0447\u043d\u044b\u0435 \u043a\u043e\u043b\u044f\u0441\u043a\u0438, Beebipood","description":"Maxi-Cosi Lara2 jalutusk\u00e4ru, Essential Graphite, Maxi-Cosi kergk&auml;ru Lara2 on valmis kitsasteks kohtadeks ning suurteks seiklusteks. Alates s&uuml","robots":{"index":"index","follow":"follow","max-snippet":"max-snippet:-1","max-image-preview":"max-image-preview:large","max-video-preview":"max-video-preview:-1"},"canonical":"https:\/\/beebipood.ee\/ru\/produkt\/maxi-cosi-lara-jalutuskaru-essential-graphite\/","og_locale":"ru_RU","og_type":"article","og_title":"Maxi-Cosi Lara2 jalutusk\u00e4ru, Essential Graphite, \u0421\u041a\u0418\u0414\u041a\u0418, \u041a\u043e\u043b\u044f\u0441\u043a\u0438, \u041f\u0440\u043e\u0433\u0443\u043b\u043e\u0447\u043d\u044b\u0435 \u043a\u043e\u043b\u044f\u0441\u043a\u0438, Beebipood","og_description":"Maxi-Cosi Lara2 jalutusk\u00e4ru, Essential Graphite, Maxi-Cosi kergk&auml;ru Lara2 on valmis kitsasteks kohtadeks ning suurteks seiklusteks. Alates s&uuml","og_url":"https:\/\/beebipood.ee\/ru\/produkt\/maxi-cosi-lara-jalutuskaru-essential-graphite\/","og_site_name":"Beebipood","article_modified_time":"2025-01-09T08:48:23+00:00","og_image":[{"width":1061,"height":1200,"url":"https:\/\/beebipood.ee\/wp-content\/uploads\/2020\/05\/MaxiCosi-Lara2-jalutuskaru-Essential-Graphite-SOODUSPAKKUMISED-Lastevankrid-ja-karud-Jalutuskarud-MaxiCosi-15_1-75c.jpg","type":"image\/jpeg"}],"twitter_card":"summary_large_image","twitter_misc":{"\u041f\u0440\u0438\u043c\u0435\u0440\u043d\u043e\u0435 \u0432\u0440\u0435\u043c\u044f \u0434\u043b\u044f \u0447\u0442\u0435\u043d\u0438\u044f":"1 \u043c\u0438\u043d\u0443\u0442\u0430"},"schema":{"@context":"https:\/\/schema.org","@graph":[{"@type":"WebPage","@id":"https:\/\/beebipood.ee\/ru\/produkt\/maxi-cosi-lara-jalutuskaru-essential-graphite\/","url":"https:\/\/beebipood.ee\/ru\/produkt\/maxi-cosi-lara-jalutuskaru-essential-graphite\/","name":"Maxi-Cosi Lara2 jalutusk\u00e4ru, Essential Graphite, \u0421\u041a\u0418\u0414\u041a\u0418, \u041a\u043e\u043b\u044f\u0441\u043a\u0438, \u041f\u0440\u043e\u0433\u0443\u043b\u043e\u0447\u043d\u044b\u0435 \u043a\u043e\u043b\u044f\u0441\u043a\u0438, Beebipood","isPartOf":{"@id":"https:\/\/beebipood.ee\/ru\/#website"},"primaryImageOfPage":{"@id":"https:\/\/beebipood.ee\/ru\/produkt\/maxi-cosi-lara-jalutuskaru-essential-graphite\/#primaryimage"},"image":{"@id":"https:\/\/beebipood.ee\/ru\/produkt\/maxi-cosi-lara-jalutuskaru-essential-graphite\/#primaryimage"},"thumbnailUrl":"https:\/\/beebipood.ee\/wp-content\/uploads\/2020\/05\/MaxiCosi-Lara2-jalutuskaru-Essential-Graphite-SOODUSPAKKUMISED-Lastevankrid-ja-karud-Jalutuskarud-MaxiCosi-15_1-75c.jpg","datePublished":"2020-05-26T09:44:05+00:00","dateModified":"2025-01-09T08:48:23+00:00","description":"Maxi-Cosi Lara2 jalutusk\u00e4ru, Essential Graphite, Maxi-Cosi kergk&auml;ru Lara2 on valmis kitsasteks kohtadeks ning suurteks seiklusteks. Alates s&uuml","breadcrumb":{"@id":"https:\/\/beebipood.ee\/ru\/produkt\/maxi-cosi-lara-jalutuskaru-essential-graphite\/#breadcrumb"},"inLanguage":"ru-RU","potentialAction":[{"@type":"ReadAction","target":["https:\/\/beebipood.ee\/ru\/produkt\/maxi-cosi-lara-jalutuskaru-essential-graphite\/"]}]},{"@type":"ImageObject","inLanguage":"ru-RU","@id":"https:\/\/beebipood.ee\/ru\/produkt\/maxi-cosi-lara-jalutuskaru-essential-graphite\/#primaryimage","url":"https:\/\/beebipood.ee\/wp-content\/uploads\/2020\/05\/MaxiCosi-Lara2-jalutuskaru-Essential-Graphite-SOODUSPAKKUMISED-Lastevankrid-ja-karud-Jalutuskarud-MaxiCosi-15_1-75c.jpg","contentUrl":"https:\/\/beebipood.ee\/wp-content\/uploads\/2020\/05\/MaxiCosi-Lara2-jalutuskaru-Essential-Graphite-SOODUSPAKKUMISED-Lastevankrid-ja-karud-Jalutuskarud-MaxiCosi-15_1-75c.jpg","width":1061,"height":1200},{"@type":"BreadcrumbList","@id":"https:\/\/beebipood.ee\/ru\/produkt\/maxi-cosi-lara-jalutuskaru-essential-graphite\/#breadcrumb","itemListElement":[{"@type":"ListItem","position":1,"name":"Home","item":"https:\/\/beebipood.ee\/ru\/"},{"@type":"ListItem","position":2,"name":"\u041a\u0430\u0442\u0430\u043b\u043e\u0433 \u0442\u043e\u0432\u0430\u0440\u043e\u0432","item":"https:\/\/beebipood.ee\/tooted\/"},{"@type":"ListItem","position":3,"name":"Maxi-Cosi Lara2 jalutusk\u00e4ru, Essential Graphite"}]},{"@type":"WebSite","@id":"https:\/\/beebipood.ee\/ru\/#website","url":"https:\/\/beebipood.ee\/ru\/","name":"Beebipood","description":"Lastekaubad, beebikaubad, m\u00e4nguasjad","publisher":{"@id":"https:\/\/beebipood.ee\/ru\/#organization"},"potentialAction":[{"@type":"SearchAction","target":{"@type":"EntryPoint","urlTemplate":"https:\/\/beebipood.ee\/ru\/?s={search_term_string}"},"query-input":{"@type":"PropertyValueSpecification","valueRequired":true,"valueName":"search_term_string"}}],"inLanguage":"ru-RU"},{"@type":"Organization","@id":"https:\/\/beebipood.ee\/ru\/#organization","name":"Beebipood","url":"https:\/\/beebipood.ee\/ru\/","logo":{"@type":"ImageObject","inLanguage":"ru-RU","@id":"https:\/\/beebipood.ee\/ru\/#\/schema\/logo\/image\/","url":"https:\/\/beebipood.ee\/wp-content\/uploads\/2025\/03\/beebipood.ee-logo-1.svg","contentUrl":"https:\/\/beebipood.ee\/wp-content\/uploads\/2025\/03\/beebipood.ee-logo-1.svg","caption":"Beebipood"},"image":{"@id":"https:\/\/beebipood.ee\/ru\/#\/schema\/logo\/image\/"}}]}},"brands":[{"id":11961,"name":"Maxi-Cosi","slug":"maxi-cosi-ru"}],"_links":{"self":[{"href":"https:\/\/beebipood.ee\/ru\/wp-json\/wp\/v2\/product\/459373","targetHints":{"allow":["GET"]}}],"collection":[{"href":"https:\/\/beebipood.ee\/ru\/wp-json\/wp\/v2\/product"}],"about":[{"href":"https:\/\/beebipood.ee\/ru\/wp-json\/wp\/v2\/types\/product"}],"wp:featuredmedia":[{"embeddable":true,"href":"https:\/\/beebipood.ee\/ru\/wp-json\/wp\/v2\/media\/134733"}],"wp:attachment":[{"href":"https:\/\/beebipood.ee\/ru\/wp-json\/wp\/v2\/media?parent=459373"}],"wp:term":[{"taxonomy":"pwb-brand","embeddable":true,"href":"https:\/\/beebipood.ee\/ru\/wp-json\/wp\/v2\/pwb-brand?post=459373"},{"taxonomy":"product_brand","embeddable":true,"href":"https:\/\/beebipood.ee\/ru\/wp-json\/wp\/v2\/product_brand?post=459373"},{"taxonomy":"product_cat","embeddable":true,"href":"https:\/\/beebipood.ee\/ru\/wp-json\/wp\/v2\/product_cat?post=459373"},{"taxonomy":"product_tag","embeddable":true,"href":"https:\/\/beebipood.ee\/ru\/wp-json\/wp\/v2\/product_tag?post=459373"}],"curies":[{"name":"wp","href":"https:\/\/api.w.org\/{rel}","templated":true}]}}