{"id":459385,"date":"2020-06-03T11:57:51","date_gmt":"2020-06-03T08:57:51","guid":{"rendered":"https:\/\/beebipood.ee\/toode\/maxi-cosi-pebble-360-pro-turvahall-twillic-black\/"},"modified":"2025-05-01T00:00:23","modified_gmt":"2025-04-30T21:00:23","slug":"maxi-cosi-pebble-360-pro-turvahall-twillic-black","status":"publish","type":"product","link":"https:\/\/beebipood.ee\/ru\/produkt\/maxi-cosi-pebble-360-pro-turvahall-twillic-black\/","title":{"rendered":"Maxi-Cosi Pebble 360 Pro\u00b2 turvah\u00e4ll, Twillic Black"},"content":{"rendered":"<p><span>Maxi-Cosi 360 Pro s\u00fcsteemi kuuluv Pebble 360 Pro\u00b2 turvah\u00e4ll<\/span><br \/><span>on juba t\u00e4iustatud versioon oma eelk\u00e4ijast.<\/span><br \/><span>Lisandunud on ClimaFlow v\u00f5rkkangad, mis tagavad parema \u00f5huringluse<\/span><br \/><span>ning j\u00e4ttes lapsele alles pehmuse ning mugavuse.<\/span><br \/><span>&#8212; T\u00e4islamav asend nii autos kui ka vankriraamil<\/span><br \/><span>&#8212; Revolutsiooniline liugs\u00fcsteem,<\/span><br \/><span>mis v\u00f5imaldab nihutada turvah\u00e4lli ukse avasse (kasutades FamilyFix 360 Pro alusel)<\/span><br \/><span>&#8212; G-CELL k\u00fclgkaitse tagab parima turvalisuse k\u00fclgkokkup\u00f5rgete korral<\/span><br \/><span>&#8212; Lihtne lapse paigaldamine t\u00e4nu turvarihmadele, mis hoiavad ise avatud asendis<\/span><br \/><span>Kasutamiseks lastele pikkuses 40-87cm (s\u00fcnnist kuni 15. elukuuni v\u00f5i kuni 13kg)<\/span><br \/><span style=\"text-decoration: underline;\">Kasutajas\u00f5bralikkus<\/span><br \/><span>360 Pro Family on tervishoiut\u00f6\u00f6tajate s\u00f5ltumatu \u00fchenduse (AGR)<\/span><br \/><span>poolt tunnistanud &#171;seljas\u00f5bralikuks&#187;. T\u00e4nu revolutsioonilisele SlideTech\u2122<\/span><br \/><span>tehnoloogiale on Pebble 360 Pro turvah\u00e4lli v\u00e4lja t\u00f5stmine \u00fclimalt mugav<\/span><br \/><span>Ergonoomiline k\u00e4epide v\u00f5imaldab teil oma last h\u00f5lpsalt autosse ja sealt v\u00e4lja t\u00f5sta<\/span><br \/><span>Pebble 360 Pro on loodud kasvama koos lapsega<\/span><br \/><span>sellel on 7 reguleeritavat peatoe asendit ja reguleeritavad turvarihmad,<\/span><br \/><span>mis sobivad lapsele s\u00fcnnist (40 cm) kuni 15. kuuni (87 cm)<\/span><br \/><span>Beebi kinnitamine turvah\u00e4lli on 360\u00b0 p\u00f6\u00f6ramise abil lihtne ja turvaline,<\/span><br \/><span>kuna ta on p\u00f6\u00f6ratud teie poole (ainult koos FamilyFix 360 Pro alusega, mida m\u00fc\u00fcakse eraldi)<\/span><br \/><span style=\"text-decoration: underline;\">Mugavus<\/span><br \/><span>3 lamamisasendit (k\u00f5ige lamavam 177\u00b0 koos beebisisuga)<\/span><br \/><span>Pebble 360 Pro on valmistatud hingavate ClimaFlow paneelidega,<\/span><br \/><span>et v\u00f5imaldada optimaalne \u00f5huringlus ja tagada lapsele alati \u00f5ige kehatemperatuur<\/span><br \/><span>K\u00f5ige uuem lisandus &#8212; ClimaFlow pehmed v\u00f5rkkangad,<\/span><br \/><span>mis lasevad \u00f5hul paremini liikuda ka l\u00e4bi kangaste.<\/span><br \/><span>T\u00e4nu Pebble 360 Pro ainulaadsele disainile saavad<\/span><br \/><span>nii esiistmel reisija kui ka teie laps mugavalt reisida,<\/span><br \/><span>isegi kui turvah\u00e4ll on lamamisasendis<\/span><br \/><span>Beebisisu pakub parimat mugavust, sobivat istuvust ja kasvuruumi<\/span><br \/><span>Eriti suurt kaarvarju (UPF50+) on lihtne reguleerida<\/span><br \/><span>ja see hoiab beebi jahedana isegi l\u00f5\u00f5skava p\u00e4ikese k\u00e4es<\/span><br \/><span style=\"text-decoration: underline;\">Turvalisus<\/span><br \/><span>V\u00e4\u00e4rkasutamise vastane p\u00f6\u00f6rlemislukk annab meelerahu, teades,<\/span><br \/><span>et teie laps reisib alati seljaga s\u00f5idusuunas, v\u00e4hemalt kuni 15 kuud.<\/span><br \/><span>FamilyFix 360 Pro alusel on visuaalsed indikaatorid, mis garanteerivad,<\/span><br \/><span>et paigaldate Pebble 360 Pro \u00f5igesti ja ohutult, et saaksite rahulikult reisida<\/span><br \/><span>Vastab k\u00f5rgeimatele ja uusimatele i-Size&#8217;i ohutusstandarditele (R129\/03),<\/span><br \/><span>pakkudes teie lapsele maksimaalset ohutust nii alusega kasutamisel<\/span><br \/><span>kui ka s\u00f5iduki turvav\u00f6\u00f6ga paigaldamisel<\/span><br \/><span style=\"text-decoration: underline;\">\u00dcldine<\/span><br \/><span>Pebble 360 Pro on TUV poolt heakskiidetud, mis t\u00e4hendab,<\/span><br \/><span>et sellega on lubatud reisida beebiga lennukis k\u00f5igis lamamisasendites<\/span><br \/><span>360 Pro s\u00fcsteemis on v\u00f5imalik peale Pebble 360 Pro turvah\u00e4lli kasutada<\/span><br \/><span>samal alusel ka Pearl 360 Pro turvatooli (kuni 4. eluaastani).<\/span><br \/><span>\u00dchildub FamilyFix 360 Pro alusega (m\u00fc\u00fcakse eraldi)<\/span><br \/><span>Valmistatud pehmest, 100% taaskasutatud pol\u00fcesterkangast.<\/span><br \/><span>EcoCare&#8217;i kangad on toodetud ilma ohtlikke kemikaale kasutamata,<\/span><br \/><span>mis t\u00e4hendab, et imikute nahk ei puutu kokku v\u00f5imalike ohtudega<\/span><br \/><span>Puhastatav niiske lapiga v\u00f5i pesumasinas kuni 30\u00b0C<\/span><br \/><span>Elegantsete tikandidetailide ja DuaLife&#8217;i kangaga Pebble Pro 360,<\/span><br \/><span>on valmistatud vastupidavast kahetoonist kootud kangast ja EcoCare 100% taaskasutatud kangastest<\/span><br \/><span style=\"text-decoration: underline;\">N\u00e4itajad<\/span><br \/><span>Kasutamiseks lastele pikkusega 40-87cm (0-15 kuud) \/ 0-13kg<\/span><br \/><span>Kaal 4.7kg<\/span><br \/><span>M\u00f5\u00f5dud 44 x 66-75 x 58cm (laius, pikkus, k\u00f5rgus)<\/span><br \/><span>Sisem\u00f5\u00f5dud ilma beebisisuta 21 x 27 x 36-43cm (laius, s\u00fcgavus, k\u00f5rgus)<\/span><br \/><span>Kaldenurgad beebisisuga 140-177\u00b0<\/span><br \/><span>Kaldenurga ilma beebisisuta 104-155\u00b0<\/span><br \/>Komplektis<br \/><span>Maxi-Cosi Pebble\u00a0<span>360 Pro\u00b2<\/span> turvah\u00e4ll<\/span><br \/><span>Beebisisu<\/span><br \/><span>Kaarvari<\/span><\/p>\n","protected":false},"excerpt":{"rendered":"<p>Maxi-Cosi 360 Pro s\u00fcsteemi kuuluv Pebble 360 Pro\u00b2 turvah\u00e4llon juba t\u00e4iustatud versioon oma eelk\u00e4ijast.Lisandunud on ClimaFlow v\u00f5rkkangad, mis tagavad parema \u00f5huringlusening j\u00e4ttes lapsele alles pehmuse ning mugavuse.&#8212; T\u00e4islamav asend nii autos kui ka vankriraamil&#8212; Revolutsiooniline liugs\u00fcsteem,mis v\u00f5imaldab nihutada turvah\u00e4lli ukse avasse (kasutades FamilyFix 360 Pro alusel)&#8212; G-CELL k\u00fclgkaitse tagab parima turvalisuse k\u00fclgkokkup\u00f5rgete korral&#8212; Lihtne lapse [&hellip;]<\/p>\n","protected":false},"featured_media":172624,"template":"","meta":{"_acf_changed":false},"pwb-brand":[11961],"product_brand":[],"product_cat":[11743,11573,11727,11791],"product_tag":[],"class_list":{"0":"post-459385","1":"product","2":"type-product","3":"status-publish","4":"has-post-thumbnail","6":"pwb-brand-maxi-cosi-ru","7":"product_cat-turvahallid-ru","8":"product_cat-sooduspakkumised-ru","9":"product_cat-turvatoolid-hallid-ru","10":"product_cat-turvavarustus-ru","11":"pa_manufacturer-maxi_cosi-ru","13":"first","14":"onbackorder","15":"sale","16":"taxable","17":"shipping-taxable","18":"purchasable","19":"product-type-simple"},"exclude_global_add_ons":[],"addons":[],"acf":[],"yoast_head":"<!-- This site is optimized with the Yoast SEO plugin v27.1.1 - https:\/\/yoast.com\/product\/yoast-seo-wordpress\/ -->\n<title>Maxi-Cosi Pebble 360 Pro\u00b2 turvah\u00e4ll, Twillic Black, \u0421\u041a\u0418\u0414\u041a\u0418, \u0410\u0432\u0442\u043e\u043a\u0440\u0435\u0441\u043b\u0430, \u043b\u044e\u043b\u044c\u043a\u0438, \u0410\u0432\u0442\u043e\u043b\u044e\u043b\u044c\u043a\u0430, \u0421\u043d\u0430\u0440\u044f\u0436\u0435\u043d\u0438\u044f \u0431\u0435\u0437\u043e\u043f\u0430\u0441\u043d\u043e\u0441\u0442\u0438, Beebipood<\/title>\n<meta name=\"description\" content=\"Maxi-Cosi Pebble 360 Pro\u00b2 turvah\u00e4ll, Twillic Black, Maxi-Cosi 360 Pro s&uuml;steemi kuuluv Pebble 360 Pro&sup2; turvah&auml;llon j\" \/>\n<meta name=\"robots\" content=\"index, follow, max-snippet:-1, max-image-preview:large, max-video-preview:-1\" \/>\n<link rel=\"canonical\" href=\"https:\/\/beebipood.ee\/ru\/produkt\/maxi-cosi-pebble-360-pro-turvahall-twillic-black\/\" \/>\n<meta property=\"og:locale\" content=\"ru_RU\" \/>\n<meta property=\"og:type\" content=\"article\" \/>\n<meta property=\"og:title\" content=\"Maxi-Cosi Pebble 360 Pro\u00b2 turvah\u00e4ll, Twillic Black, \u0421\u041a\u0418\u0414\u041a\u0418, \u0410\u0432\u0442\u043e\u043a\u0440\u0435\u0441\u043b\u0430, \u043b\u044e\u043b\u044c\u043a\u0438, \u0410\u0432\u0442\u043e\u043b\u044e\u043b\u044c\u043a\u0430, \u0421\u043d\u0430\u0440\u044f\u0436\u0435\u043d\u0438\u044f \u0431\u0435\u0437\u043e\u043f\u0430\u0441\u043d\u043e\u0441\u0442\u0438, Beebipood\" \/>\n<meta property=\"og:description\" content=\"Maxi-Cosi Pebble 360 Pro\u00b2 turvah\u00e4ll, Twillic Black, Maxi-Cosi 360 Pro s&uuml;steemi kuuluv Pebble 360 Pro&sup2; turvah&auml;llon j\" \/>\n<meta property=\"og:url\" content=\"https:\/\/beebipood.ee\/ru\/produkt\/maxi-cosi-pebble-360-pro-turvahall-twillic-black\/\" \/>\n<meta property=\"og:site_name\" content=\"Beebipood\" \/>\n<meta property=\"article:modified_time\" content=\"2025-04-30T21:00:23+00:00\" \/>\n<meta property=\"og:image\" content=\"https:\/\/beebipood.ee\/wp-content\/uploads\/2020\/06\/MaxiCosi-Pebble-360-Pro-turvahall-Twillic-Black-UUED-TOOTED-Turvatoolid-hallid-Turvahallid-Turvavarustus_3-3ad.jpg\" \/>\n\t<meta property=\"og:image:width\" content=\"512\" \/>\n\t<meta property=\"og:image:height\" content=\"512\" \/>\n\t<meta property=\"og:image:type\" content=\"image\/jpeg\" \/>\n<meta name=\"twitter:card\" content=\"summary_large_image\" \/>\n<meta name=\"twitter:label1\" content=\"\u041f\u0440\u0438\u043c\u0435\u0440\u043d\u043e\u0435 \u0432\u0440\u0435\u043c\u044f \u0434\u043b\u044f \u0447\u0442\u0435\u043d\u0438\u044f\" \/>\n\t<meta name=\"twitter:data1\" content=\"2 \u043c\u0438\u043d\u0443\u0442\u044b\" \/>\n<script type=\"application\/ld+json\" class=\"yoast-schema-graph\">{\"@context\":\"https:\/\/schema.org\",\"@graph\":[{\"@type\":\"WebPage\",\"@id\":\"https:\/\/beebipood.ee\/ru\/produkt\/maxi-cosi-pebble-360-pro-turvahall-twillic-black\/\",\"url\":\"https:\/\/beebipood.ee\/ru\/produkt\/maxi-cosi-pebble-360-pro-turvahall-twillic-black\/\",\"name\":\"Maxi-Cosi Pebble 360 Pro\u00b2 turvah\u00e4ll, Twillic Black, \u0421\u041a\u0418\u0414\u041a\u0418, \u0410\u0432\u0442\u043e\u043a\u0440\u0435\u0441\u043b\u0430, \u043b\u044e\u043b\u044c\u043a\u0438, \u0410\u0432\u0442\u043e\u043b\u044e\u043b\u044c\u043a\u0430, \u0421\u043d\u0430\u0440\u044f\u0436\u0435\u043d\u0438\u044f \u0431\u0435\u0437\u043e\u043f\u0430\u0441\u043d\u043e\u0441\u0442\u0438, Beebipood\",\"isPartOf\":{\"@id\":\"https:\/\/beebipood.ee\/ru\/#website\"},\"primaryImageOfPage\":{\"@id\":\"https:\/\/beebipood.ee\/ru\/produkt\/maxi-cosi-pebble-360-pro-turvahall-twillic-black\/#primaryimage\"},\"image\":{\"@id\":\"https:\/\/beebipood.ee\/ru\/produkt\/maxi-cosi-pebble-360-pro-turvahall-twillic-black\/#primaryimage\"},\"thumbnailUrl\":\"https:\/\/beebipood.ee\/wp-content\/uploads\/2020\/06\/MaxiCosi-Pebble-360-Pro-turvahall-Twillic-Black-UUED-TOOTED-Turvatoolid-hallid-Turvahallid-Turvavarustus_3-3ad.jpg\",\"datePublished\":\"2020-06-03T08:57:51+00:00\",\"dateModified\":\"2025-04-30T21:00:23+00:00\",\"description\":\"Maxi-Cosi Pebble 360 Pro\u00b2 turvah\u00e4ll, Twillic Black, Maxi-Cosi 360 Pro s&uuml;steemi kuuluv Pebble 360 Pro&sup2; turvah&auml;llon j\",\"breadcrumb\":{\"@id\":\"https:\/\/beebipood.ee\/ru\/produkt\/maxi-cosi-pebble-360-pro-turvahall-twillic-black\/#breadcrumb\"},\"inLanguage\":\"ru-RU\",\"potentialAction\":[{\"@type\":\"ReadAction\",\"target\":[\"https:\/\/beebipood.ee\/ru\/produkt\/maxi-cosi-pebble-360-pro-turvahall-twillic-black\/\"]}]},{\"@type\":\"ImageObject\",\"inLanguage\":\"ru-RU\",\"@id\":\"https:\/\/beebipood.ee\/ru\/produkt\/maxi-cosi-pebble-360-pro-turvahall-twillic-black\/#primaryimage\",\"url\":\"https:\/\/beebipood.ee\/wp-content\/uploads\/2020\/06\/MaxiCosi-Pebble-360-Pro-turvahall-Twillic-Black-UUED-TOOTED-Turvatoolid-hallid-Turvahallid-Turvavarustus_3-3ad.jpg\",\"contentUrl\":\"https:\/\/beebipood.ee\/wp-content\/uploads\/2020\/06\/MaxiCosi-Pebble-360-Pro-turvahall-Twillic-Black-UUED-TOOTED-Turvatoolid-hallid-Turvahallid-Turvavarustus_3-3ad.jpg\",\"width\":512,\"height\":512},{\"@type\":\"BreadcrumbList\",\"@id\":\"https:\/\/beebipood.ee\/ru\/produkt\/maxi-cosi-pebble-360-pro-turvahall-twillic-black\/#breadcrumb\",\"itemListElement\":[{\"@type\":\"ListItem\",\"position\":1,\"name\":\"Home\",\"item\":\"https:\/\/beebipood.ee\/ru\/\"},{\"@type\":\"ListItem\",\"position\":2,\"name\":\"\u041a\u0430\u0442\u0430\u043b\u043e\u0433 \u0442\u043e\u0432\u0430\u0440\u043e\u0432\",\"item\":\"https:\/\/beebipood.ee\/tooted\/\"},{\"@type\":\"ListItem\",\"position\":3,\"name\":\"Maxi-Cosi Pebble 360 Pro\u00b2 turvah\u00e4ll, Twillic Black\"}]},{\"@type\":\"WebSite\",\"@id\":\"https:\/\/beebipood.ee\/ru\/#website\",\"url\":\"https:\/\/beebipood.ee\/ru\/\",\"name\":\"Beebipood\",\"description\":\"Lastekaubad, beebikaubad, m\u00e4nguasjad\",\"publisher\":{\"@id\":\"https:\/\/beebipood.ee\/ru\/#organization\"},\"potentialAction\":[{\"@type\":\"SearchAction\",\"target\":{\"@type\":\"EntryPoint\",\"urlTemplate\":\"https:\/\/beebipood.ee\/ru\/?s={search_term_string}\"},\"query-input\":{\"@type\":\"PropertyValueSpecification\",\"valueRequired\":true,\"valueName\":\"search_term_string\"}}],\"inLanguage\":\"ru-RU\"},{\"@type\":\"Organization\",\"@id\":\"https:\/\/beebipood.ee\/ru\/#organization\",\"name\":\"Beebipood\",\"url\":\"https:\/\/beebipood.ee\/ru\/\",\"logo\":{\"@type\":\"ImageObject\",\"inLanguage\":\"ru-RU\",\"@id\":\"https:\/\/beebipood.ee\/ru\/#\/schema\/logo\/image\/\",\"url\":\"https:\/\/beebipood.ee\/wp-content\/uploads\/2025\/03\/beebipood.ee-logo-1.svg\",\"contentUrl\":\"https:\/\/beebipood.ee\/wp-content\/uploads\/2025\/03\/beebipood.ee-logo-1.svg\",\"caption\":\"Beebipood\"},\"image\":{\"@id\":\"https:\/\/beebipood.ee\/ru\/#\/schema\/logo\/image\/\"}}]}<\/script>\n<!-- \/ Yoast SEO plugin. -->","yoast_head_json":{"title":"Maxi-Cosi Pebble 360 Pro\u00b2 turvah\u00e4ll, Twillic Black, \u0421\u041a\u0418\u0414\u041a\u0418, \u0410\u0432\u0442\u043e\u043a\u0440\u0435\u0441\u043b\u0430, \u043b\u044e\u043b\u044c\u043a\u0438, \u0410\u0432\u0442\u043e\u043b\u044e\u043b\u044c\u043a\u0430, \u0421\u043d\u0430\u0440\u044f\u0436\u0435\u043d\u0438\u044f \u0431\u0435\u0437\u043e\u043f\u0430\u0441\u043d\u043e\u0441\u0442\u0438, Beebipood","description":"Maxi-Cosi Pebble 360 Pro\u00b2 turvah\u00e4ll, Twillic Black, Maxi-Cosi 360 Pro s&uuml;steemi kuuluv Pebble 360 Pro&sup2; turvah&auml;llon j","robots":{"index":"index","follow":"follow","max-snippet":"max-snippet:-1","max-image-preview":"max-image-preview:large","max-video-preview":"max-video-preview:-1"},"canonical":"https:\/\/beebipood.ee\/ru\/produkt\/maxi-cosi-pebble-360-pro-turvahall-twillic-black\/","og_locale":"ru_RU","og_type":"article","og_title":"Maxi-Cosi Pebble 360 Pro\u00b2 turvah\u00e4ll, Twillic Black, \u0421\u041a\u0418\u0414\u041a\u0418, \u0410\u0432\u0442\u043e\u043a\u0440\u0435\u0441\u043b\u0430, \u043b\u044e\u043b\u044c\u043a\u0438, \u0410\u0432\u0442\u043e\u043b\u044e\u043b\u044c\u043a\u0430, \u0421\u043d\u0430\u0440\u044f\u0436\u0435\u043d\u0438\u044f \u0431\u0435\u0437\u043e\u043f\u0430\u0441\u043d\u043e\u0441\u0442\u0438, Beebipood","og_description":"Maxi-Cosi Pebble 360 Pro\u00b2 turvah\u00e4ll, Twillic Black, Maxi-Cosi 360 Pro s&uuml;steemi kuuluv Pebble 360 Pro&sup2; turvah&auml;llon j","og_url":"https:\/\/beebipood.ee\/ru\/produkt\/maxi-cosi-pebble-360-pro-turvahall-twillic-black\/","og_site_name":"Beebipood","article_modified_time":"2025-04-30T21:00:23+00:00","og_image":[{"width":512,"height":512,"url":"https:\/\/beebipood.ee\/wp-content\/uploads\/2020\/06\/MaxiCosi-Pebble-360-Pro-turvahall-Twillic-Black-UUED-TOOTED-Turvatoolid-hallid-Turvahallid-Turvavarustus_3-3ad.jpg","type":"image\/jpeg"}],"twitter_card":"summary_large_image","twitter_misc":{"\u041f\u0440\u0438\u043c\u0435\u0440\u043d\u043e\u0435 \u0432\u0440\u0435\u043c\u044f \u0434\u043b\u044f \u0447\u0442\u0435\u043d\u0438\u044f":"2 \u043c\u0438\u043d\u0443\u0442\u044b"},"schema":{"@context":"https:\/\/schema.org","@graph":[{"@type":"WebPage","@id":"https:\/\/beebipood.ee\/ru\/produkt\/maxi-cosi-pebble-360-pro-turvahall-twillic-black\/","url":"https:\/\/beebipood.ee\/ru\/produkt\/maxi-cosi-pebble-360-pro-turvahall-twillic-black\/","name":"Maxi-Cosi Pebble 360 Pro\u00b2 turvah\u00e4ll, Twillic Black, \u0421\u041a\u0418\u0414\u041a\u0418, \u0410\u0432\u0442\u043e\u043a\u0440\u0435\u0441\u043b\u0430, \u043b\u044e\u043b\u044c\u043a\u0438, \u0410\u0432\u0442\u043e\u043b\u044e\u043b\u044c\u043a\u0430, \u0421\u043d\u0430\u0440\u044f\u0436\u0435\u043d\u0438\u044f \u0431\u0435\u0437\u043e\u043f\u0430\u0441\u043d\u043e\u0441\u0442\u0438, Beebipood","isPartOf":{"@id":"https:\/\/beebipood.ee\/ru\/#website"},"primaryImageOfPage":{"@id":"https:\/\/beebipood.ee\/ru\/produkt\/maxi-cosi-pebble-360-pro-turvahall-twillic-black\/#primaryimage"},"image":{"@id":"https:\/\/beebipood.ee\/ru\/produkt\/maxi-cosi-pebble-360-pro-turvahall-twillic-black\/#primaryimage"},"thumbnailUrl":"https:\/\/beebipood.ee\/wp-content\/uploads\/2020\/06\/MaxiCosi-Pebble-360-Pro-turvahall-Twillic-Black-UUED-TOOTED-Turvatoolid-hallid-Turvahallid-Turvavarustus_3-3ad.jpg","datePublished":"2020-06-03T08:57:51+00:00","dateModified":"2025-04-30T21:00:23+00:00","description":"Maxi-Cosi Pebble 360 Pro\u00b2 turvah\u00e4ll, Twillic Black, Maxi-Cosi 360 Pro s&uuml;steemi kuuluv Pebble 360 Pro&sup2; turvah&auml;llon j","breadcrumb":{"@id":"https:\/\/beebipood.ee\/ru\/produkt\/maxi-cosi-pebble-360-pro-turvahall-twillic-black\/#breadcrumb"},"inLanguage":"ru-RU","potentialAction":[{"@type":"ReadAction","target":["https:\/\/beebipood.ee\/ru\/produkt\/maxi-cosi-pebble-360-pro-turvahall-twillic-black\/"]}]},{"@type":"ImageObject","inLanguage":"ru-RU","@id":"https:\/\/beebipood.ee\/ru\/produkt\/maxi-cosi-pebble-360-pro-turvahall-twillic-black\/#primaryimage","url":"https:\/\/beebipood.ee\/wp-content\/uploads\/2020\/06\/MaxiCosi-Pebble-360-Pro-turvahall-Twillic-Black-UUED-TOOTED-Turvatoolid-hallid-Turvahallid-Turvavarustus_3-3ad.jpg","contentUrl":"https:\/\/beebipood.ee\/wp-content\/uploads\/2020\/06\/MaxiCosi-Pebble-360-Pro-turvahall-Twillic-Black-UUED-TOOTED-Turvatoolid-hallid-Turvahallid-Turvavarustus_3-3ad.jpg","width":512,"height":512},{"@type":"BreadcrumbList","@id":"https:\/\/beebipood.ee\/ru\/produkt\/maxi-cosi-pebble-360-pro-turvahall-twillic-black\/#breadcrumb","itemListElement":[{"@type":"ListItem","position":1,"name":"Home","item":"https:\/\/beebipood.ee\/ru\/"},{"@type":"ListItem","position":2,"name":"\u041a\u0430\u0442\u0430\u043b\u043e\u0433 \u0442\u043e\u0432\u0430\u0440\u043e\u0432","item":"https:\/\/beebipood.ee\/tooted\/"},{"@type":"ListItem","position":3,"name":"Maxi-Cosi Pebble 360 Pro\u00b2 turvah\u00e4ll, Twillic Black"}]},{"@type":"WebSite","@id":"https:\/\/beebipood.ee\/ru\/#website","url":"https:\/\/beebipood.ee\/ru\/","name":"Beebipood","description":"Lastekaubad, beebikaubad, m\u00e4nguasjad","publisher":{"@id":"https:\/\/beebipood.ee\/ru\/#organization"},"potentialAction":[{"@type":"SearchAction","target":{"@type":"EntryPoint","urlTemplate":"https:\/\/beebipood.ee\/ru\/?s={search_term_string}"},"query-input":{"@type":"PropertyValueSpecification","valueRequired":true,"valueName":"search_term_string"}}],"inLanguage":"ru-RU"},{"@type":"Organization","@id":"https:\/\/beebipood.ee\/ru\/#organization","name":"Beebipood","url":"https:\/\/beebipood.ee\/ru\/","logo":{"@type":"ImageObject","inLanguage":"ru-RU","@id":"https:\/\/beebipood.ee\/ru\/#\/schema\/logo\/image\/","url":"https:\/\/beebipood.ee\/wp-content\/uploads\/2025\/03\/beebipood.ee-logo-1.svg","contentUrl":"https:\/\/beebipood.ee\/wp-content\/uploads\/2025\/03\/beebipood.ee-logo-1.svg","caption":"Beebipood"},"image":{"@id":"https:\/\/beebipood.ee\/ru\/#\/schema\/logo\/image\/"}}]}},"brands":[{"id":11961,"name":"Maxi-Cosi","slug":"maxi-cosi-ru"}],"_links":{"self":[{"href":"https:\/\/beebipood.ee\/ru\/wp-json\/wp\/v2\/product\/459385","targetHints":{"allow":["GET"]}}],"collection":[{"href":"https:\/\/beebipood.ee\/ru\/wp-json\/wp\/v2\/product"}],"about":[{"href":"https:\/\/beebipood.ee\/ru\/wp-json\/wp\/v2\/types\/product"}],"wp:featuredmedia":[{"embeddable":true,"href":"https:\/\/beebipood.ee\/ru\/wp-json\/wp\/v2\/media\/172624"}],"wp:attachment":[{"href":"https:\/\/beebipood.ee\/ru\/wp-json\/wp\/v2\/media?parent=459385"}],"wp:term":[{"taxonomy":"pwb-brand","embeddable":true,"href":"https:\/\/beebipood.ee\/ru\/wp-json\/wp\/v2\/pwb-brand?post=459385"},{"taxonomy":"product_brand","embeddable":true,"href":"https:\/\/beebipood.ee\/ru\/wp-json\/wp\/v2\/product_brand?post=459385"},{"taxonomy":"product_cat","embeddable":true,"href":"https:\/\/beebipood.ee\/ru\/wp-json\/wp\/v2\/product_cat?post=459385"},{"taxonomy":"product_tag","embeddable":true,"href":"https:\/\/beebipood.ee\/ru\/wp-json\/wp\/v2\/product_tag?post=459385"}],"curies":[{"name":"wp","href":"https:\/\/api.w.org\/{rel}","templated":true}]}}