{"id":459403,"date":"2020-06-10T08:14:47","date_gmt":"2020-06-10T05:14:47","guid":{"rendered":"https:\/\/beebipood.ee\/toode\/maxi-cosi-cabriofix-i-size-turvahall-essential-graphite\/"},"modified":"2025-05-01T00:00:21","modified_gmt":"2025-04-30T21:00:21","slug":"maxi-cosi-cabriofix-i-size-turvahall-essential-graphite","status":"publish","type":"product","link":"https:\/\/beebipood.ee\/ru\/produkt\/maxi-cosi-cabriofix-i-size-turvahall-essential-graphite\/","title":{"rendered":"Maxi-Cosi CabrioFix i-Size turvah\u00e4ll, Essential Graphite"},"content":{"rendered":"<p>Maxi-Cosi on oma p\u00e4randi \u00fcle v\u00e4ga uhke. <br \/>Kuna nad on enimm\u00fc\u00fcdud turvatoolibr\u00e4nd alates 1984. aastast, <br \/>on nende tooteid usaldatud kandma haiglast koju \u00fcle 50 miljoni beebi <br \/>(ja neid tuleb veelgi juurde). <br \/>Paljud neist beebidest on s\u00f5itnud \u00fches nende ikoonilisemas <br \/>ja enimm\u00fc\u00fcdud turvah\u00e4llis: CabrioFix (kujundatud 2003. aastal). <br \/>Kuna maailm on pidevalt uuenemas, on saabunud aeg, <br \/>mil see v\u00e4ga armastatud toode kasvab ja areneb j\u00e4rgmisele tasemele; <br \/>tutvustame uut CabrioFix i-Size&#8217;i!<br \/>Kaaluga vaid 3,2kg &#8212; Maxi-Cosi CabrioFix i-Size on i-Size standardile vastav turvah\u00e4ll, <br \/>mis on disainitud kasutajamugavusele. <br \/>Sellele lisaks tagab i-Size turvastandard parima vastavuse turvan\u00f5uetele. <br \/>Sobib kasutamiseks lastele pikkuses 45-75cm (kuni 12kg). <br \/>V\u00f5imalik kinnitada nii FamilyFix2, FamilyFix3 kui ka CabrioFix i-Size alusele. <br \/>Samuti ka auto 3-punkti turvav\u00f6\u00f6ga.<\/p>\n<p><span style=\"text-decoration: underline;\">Kasutajamugavus<\/span><br \/>Kiire ja lihtne kinnitus nii auto turvav\u00f6\u00f6ga kui ka ISOFIX alustel<br \/>Pehme beebisisu<br \/>Lihtsasti eemaldatav katteriie (masinpestav)<br \/>Ergonoomiline ja mugav kandesang<br \/>Kerge kaaluga (3,2kg)<br \/>Memory-nupud, mille abil on v\u00f5imalik turvah\u00e4lli \u00fche k\u00e4ega k\u00e4ruraamilt eemaldada<br \/><span style=\"text-decoration: underline;\">Mugavus<\/span><br \/>UV-kaitsega p\u00e4ikesevari<br \/>Lisapehmendused \u00fcmber peaosa, mis pakuvad vasts\u00fcndinule tuge ja mugavust<br \/><span style=\"text-decoration: underline;\">Turvalisus<\/span><br \/>i-Size turvastandardile vastav<br \/>Turvah\u00e4llil on 3-punkti kinnitusega turvarihmade s\u00fcsteem<br \/>Turvah\u00e4ll asetatakse alati seljaga s\u00f5idusuunas, et tagada k\u00f5ige optimaalsem turvalisus<br \/>T\u00e4iustatud k\u00fclgkaitse s\u00fcsteem, mis tagab \u00fclima turvalisuse ka k\u00fclgkokkup\u00f5rke korral<br \/><span style=\"text-decoration: underline;\">\u00dcldine<\/span><br \/>Kasutamiseks lapsele pikkuses 40-75cm (0-12kg \/ s\u00fcnnist kuni ca. 12. elukuuni)<br \/>Kasutades koos FamilyFix2 v\u00f5i FamilyFix3 alusega, <br \/>saate hiljem kinnitada samale alusele ka Maxi-Cosi PearlPro 2 turvatooli. <br \/>Lahendus, mis kestab alates s\u00fcnnist kuni ca. 4. eluaastani<br \/>V\u00f5imalik kinnitada mitmete Maxi-Cosi ja Quinny k\u00e4rude k\u00fclge <br \/><span style=\"text-decoration: underline;\">N\u00e4itajad<\/span><br \/>Kaal 3,2kg<br \/>M\u00f5\u00f5dud: 44 x 66 x 55,5cm (laius, pikkus, k\u00f5rgus)<br \/><span style=\"text-decoration: underline;\">Sobivus<\/span><br \/>CabrioFix i-Size turvah\u00e4ll kinnitub j\u00e4rgmiste aluste k\u00fclge:<br \/>FamilyFix2<br \/>FamilyFix3<br \/>CabrioFix i-Size alus<\/p>\n<p>Lisatarvikud: soojakott, suvekate, s\u00e4\u00e4sev\u00f5rk, vihmakate.<br \/>Maxi-Cosi poolt v\u00e4lja t\u00f6\u00f6tatud turvatoolid <br \/>ja turvah\u00e4llid on m\u00f5eldud intensiivseks kasutamiseks normaaltingimustes kuni ca. 10 aastat.<br \/>Kontrolli kas antud turvah\u00e4ll sobib sinu autosse: <br \/>https:\/\/www.maxi-cosi.com\/international\/car-seat-advisory-tool#\/<\/p>\n","protected":false},"excerpt":{"rendered":"<p>Maxi-Cosi on oma p\u00e4randi \u00fcle v\u00e4ga uhke. Kuna nad on enimm\u00fc\u00fcdud turvatoolibr\u00e4nd alates 1984. aastast, on nende tooteid usaldatud kandma haiglast koju \u00fcle 50 miljoni beebi (ja neid tuleb veelgi juurde). Paljud neist beebidest on s\u00f5itnud \u00fches nende ikoonilisemas ja enimm\u00fc\u00fcdud turvah\u00e4llis: CabrioFix (kujundatud 2003. aastal). Kuna maailm on pidevalt uuenemas, on saabunud aeg, mil [&hellip;]<\/p>\n","protected":false},"featured_media":134909,"template":"","meta":{"_acf_changed":false},"pwb-brand":[11961],"product_brand":[],"product_cat":[11573,11743,11727,11791],"product_tag":[],"class_list":{"0":"post-459403","1":"product","2":"type-product","3":"status-publish","4":"has-post-thumbnail","6":"pwb-brand-maxi-cosi-ru","7":"product_cat-sooduspakkumised-ru","8":"product_cat-turvahallid-ru","9":"product_cat-turvatoolid-hallid-ru","10":"product_cat-turvavarustus-ru","11":"pa_manufacturer-maxi_cosi-ru","13":"first","14":"onbackorder","15":"sale","16":"taxable","17":"shipping-taxable","18":"purchasable","19":"product-type-simple"},"exclude_global_add_ons":[],"addons":[],"acf":[],"yoast_head":"<!-- This site is optimized with the Yoast SEO plugin v27.1.1 - https:\/\/yoast.com\/product\/yoast-seo-wordpress\/ -->\n<title>Maxi-Cosi CabrioFix i-Size turvah\u00e4ll, Essential Graphite, \u0421\u041a\u0418\u0414\u041a\u0418, \u0410\u0432\u0442\u043e\u043a\u0440\u0435\u0441\u043b\u0430, \u043b\u044e\u043b\u044c\u043a\u0438, \u0410\u0432\u0442\u043e\u043b\u044e\u043b\u044c\u043a\u0430, \u0421\u043d\u0430\u0440\u044f\u0436\u0435\u043d\u0438\u044f \u0431\u0435\u0437\u043e\u043f\u0430\u0441\u043d\u043e\u0441\u0442\u0438, Beebipood<\/title>\n<meta name=\"description\" content=\"Maxi-Cosi CabrioFix i-Size turvah\u00e4ll, Essential Graphite, Maxi-Cosi on oma p&auml;randi &uuml;le v&auml;ga uhke. Kuna nad on enimm&uuml;&uuml;dud tur\" \/>\n<meta name=\"robots\" content=\"index, follow, max-snippet:-1, max-image-preview:large, max-video-preview:-1\" \/>\n<link rel=\"canonical\" href=\"https:\/\/beebipood.ee\/ru\/produkt\/maxi-cosi-cabriofix-i-size-turvahall-essential-graphite\/\" \/>\n<meta property=\"og:locale\" content=\"ru_RU\" \/>\n<meta property=\"og:type\" content=\"article\" \/>\n<meta property=\"og:title\" content=\"Maxi-Cosi CabrioFix i-Size turvah\u00e4ll, Essential Graphite, \u0421\u041a\u0418\u0414\u041a\u0418, \u0410\u0432\u0442\u043e\u043a\u0440\u0435\u0441\u043b\u0430, \u043b\u044e\u043b\u044c\u043a\u0438, \u0410\u0432\u0442\u043e\u043b\u044e\u043b\u044c\u043a\u0430, \u0421\u043d\u0430\u0440\u044f\u0436\u0435\u043d\u0438\u044f \u0431\u0435\u0437\u043e\u043f\u0430\u0441\u043d\u043e\u0441\u0442\u0438, Beebipood\" \/>\n<meta property=\"og:description\" content=\"Maxi-Cosi CabrioFix i-Size turvah\u00e4ll, Essential Graphite, Maxi-Cosi on oma p&auml;randi &uuml;le v&auml;ga uhke. Kuna nad on enimm&uuml;&uuml;dud tur\" \/>\n<meta property=\"og:url\" content=\"https:\/\/beebipood.ee\/ru\/produkt\/maxi-cosi-cabriofix-i-size-turvahall-essential-graphite\/\" \/>\n<meta property=\"og:site_name\" content=\"Beebipood\" \/>\n<meta property=\"article:modified_time\" content=\"2025-04-30T21:00:21+00:00\" \/>\n<meta property=\"og:image\" content=\"https:\/\/beebipood.ee\/wp-content\/uploads\/2020\/06\/MaxiCosi-CabrioFix-iSize-turvahall-Essential-Graphite-SOODUSPAKKUMISED-Turvatoolid-hallid-Turvahallid-Turvavarustus-MaxiCosi-15_2-bb4.jpg\" \/>\n\t<meta property=\"og:image:width\" content=\"1200\" \/>\n\t<meta property=\"og:image:height\" content=\"1200\" \/>\n\t<meta property=\"og:image:type\" content=\"image\/jpeg\" \/>\n<meta name=\"twitter:card\" content=\"summary_large_image\" \/>\n<meta name=\"twitter:label1\" content=\"\u041f\u0440\u0438\u043c\u0435\u0440\u043d\u043e\u0435 \u0432\u0440\u0435\u043c\u044f \u0434\u043b\u044f \u0447\u0442\u0435\u043d\u0438\u044f\" \/>\n\t<meta name=\"twitter:data1\" content=\"2 \u043c\u0438\u043d\u0443\u0442\u044b\" \/>\n<script type=\"application\/ld+json\" class=\"yoast-schema-graph\">{\"@context\":\"https:\/\/schema.org\",\"@graph\":[{\"@type\":\"WebPage\",\"@id\":\"https:\/\/beebipood.ee\/ru\/produkt\/maxi-cosi-cabriofix-i-size-turvahall-essential-graphite\/\",\"url\":\"https:\/\/beebipood.ee\/ru\/produkt\/maxi-cosi-cabriofix-i-size-turvahall-essential-graphite\/\",\"name\":\"Maxi-Cosi CabrioFix i-Size turvah\u00e4ll, Essential Graphite, \u0421\u041a\u0418\u0414\u041a\u0418, \u0410\u0432\u0442\u043e\u043a\u0440\u0435\u0441\u043b\u0430, \u043b\u044e\u043b\u044c\u043a\u0438, \u0410\u0432\u0442\u043e\u043b\u044e\u043b\u044c\u043a\u0430, \u0421\u043d\u0430\u0440\u044f\u0436\u0435\u043d\u0438\u044f \u0431\u0435\u0437\u043e\u043f\u0430\u0441\u043d\u043e\u0441\u0442\u0438, Beebipood\",\"isPartOf\":{\"@id\":\"https:\/\/beebipood.ee\/ru\/#website\"},\"primaryImageOfPage\":{\"@id\":\"https:\/\/beebipood.ee\/ru\/produkt\/maxi-cosi-cabriofix-i-size-turvahall-essential-graphite\/#primaryimage\"},\"image\":{\"@id\":\"https:\/\/beebipood.ee\/ru\/produkt\/maxi-cosi-cabriofix-i-size-turvahall-essential-graphite\/#primaryimage\"},\"thumbnailUrl\":\"https:\/\/beebipood.ee\/wp-content\/uploads\/2020\/06\/MaxiCosi-CabrioFix-iSize-turvahall-Essential-Graphite-SOODUSPAKKUMISED-Turvatoolid-hallid-Turvahallid-Turvavarustus-MaxiCosi-15_2-bb4.jpg\",\"datePublished\":\"2020-06-10T05:14:47+00:00\",\"dateModified\":\"2025-04-30T21:00:21+00:00\",\"description\":\"Maxi-Cosi CabrioFix i-Size turvah\u00e4ll, Essential Graphite, Maxi-Cosi on oma p&auml;randi &uuml;le v&auml;ga uhke. Kuna nad on enimm&uuml;&uuml;dud tur\",\"breadcrumb\":{\"@id\":\"https:\/\/beebipood.ee\/ru\/produkt\/maxi-cosi-cabriofix-i-size-turvahall-essential-graphite\/#breadcrumb\"},\"inLanguage\":\"ru-RU\",\"potentialAction\":[{\"@type\":\"ReadAction\",\"target\":[\"https:\/\/beebipood.ee\/ru\/produkt\/maxi-cosi-cabriofix-i-size-turvahall-essential-graphite\/\"]}]},{\"@type\":\"ImageObject\",\"inLanguage\":\"ru-RU\",\"@id\":\"https:\/\/beebipood.ee\/ru\/produkt\/maxi-cosi-cabriofix-i-size-turvahall-essential-graphite\/#primaryimage\",\"url\":\"https:\/\/beebipood.ee\/wp-content\/uploads\/2020\/06\/MaxiCosi-CabrioFix-iSize-turvahall-Essential-Graphite-SOODUSPAKKUMISED-Turvatoolid-hallid-Turvahallid-Turvavarustus-MaxiCosi-15_2-bb4.jpg\",\"contentUrl\":\"https:\/\/beebipood.ee\/wp-content\/uploads\/2020\/06\/MaxiCosi-CabrioFix-iSize-turvahall-Essential-Graphite-SOODUSPAKKUMISED-Turvatoolid-hallid-Turvahallid-Turvavarustus-MaxiCosi-15_2-bb4.jpg\",\"width\":1200,\"height\":1200},{\"@type\":\"BreadcrumbList\",\"@id\":\"https:\/\/beebipood.ee\/ru\/produkt\/maxi-cosi-cabriofix-i-size-turvahall-essential-graphite\/#breadcrumb\",\"itemListElement\":[{\"@type\":\"ListItem\",\"position\":1,\"name\":\"Home\",\"item\":\"https:\/\/beebipood.ee\/ru\/\"},{\"@type\":\"ListItem\",\"position\":2,\"name\":\"\u041a\u0430\u0442\u0430\u043b\u043e\u0433 \u0442\u043e\u0432\u0430\u0440\u043e\u0432\",\"item\":\"https:\/\/beebipood.ee\/tooted\/\"},{\"@type\":\"ListItem\",\"position\":3,\"name\":\"Maxi-Cosi CabrioFix i-Size turvah\u00e4ll, Essential Graphite\"}]},{\"@type\":\"WebSite\",\"@id\":\"https:\/\/beebipood.ee\/ru\/#website\",\"url\":\"https:\/\/beebipood.ee\/ru\/\",\"name\":\"Beebipood\",\"description\":\"Lastekaubad, beebikaubad, m\u00e4nguasjad\",\"publisher\":{\"@id\":\"https:\/\/beebipood.ee\/ru\/#organization\"},\"potentialAction\":[{\"@type\":\"SearchAction\",\"target\":{\"@type\":\"EntryPoint\",\"urlTemplate\":\"https:\/\/beebipood.ee\/ru\/?s={search_term_string}\"},\"query-input\":{\"@type\":\"PropertyValueSpecification\",\"valueRequired\":true,\"valueName\":\"search_term_string\"}}],\"inLanguage\":\"ru-RU\"},{\"@type\":\"Organization\",\"@id\":\"https:\/\/beebipood.ee\/ru\/#organization\",\"name\":\"Beebipood\",\"url\":\"https:\/\/beebipood.ee\/ru\/\",\"logo\":{\"@type\":\"ImageObject\",\"inLanguage\":\"ru-RU\",\"@id\":\"https:\/\/beebipood.ee\/ru\/#\/schema\/logo\/image\/\",\"url\":\"https:\/\/beebipood.ee\/wp-content\/uploads\/2025\/03\/beebipood.ee-logo-1.svg\",\"contentUrl\":\"https:\/\/beebipood.ee\/wp-content\/uploads\/2025\/03\/beebipood.ee-logo-1.svg\",\"caption\":\"Beebipood\"},\"image\":{\"@id\":\"https:\/\/beebipood.ee\/ru\/#\/schema\/logo\/image\/\"}}]}<\/script>\n<!-- \/ Yoast SEO plugin. -->","yoast_head_json":{"title":"Maxi-Cosi CabrioFix i-Size turvah\u00e4ll, Essential Graphite, \u0421\u041a\u0418\u0414\u041a\u0418, \u0410\u0432\u0442\u043e\u043a\u0440\u0435\u0441\u043b\u0430, \u043b\u044e\u043b\u044c\u043a\u0438, \u0410\u0432\u0442\u043e\u043b\u044e\u043b\u044c\u043a\u0430, \u0421\u043d\u0430\u0440\u044f\u0436\u0435\u043d\u0438\u044f \u0431\u0435\u0437\u043e\u043f\u0430\u0441\u043d\u043e\u0441\u0442\u0438, Beebipood","description":"Maxi-Cosi CabrioFix i-Size turvah\u00e4ll, Essential Graphite, Maxi-Cosi on oma p&auml;randi &uuml;le v&auml;ga uhke. Kuna nad on enimm&uuml;&uuml;dud tur","robots":{"index":"index","follow":"follow","max-snippet":"max-snippet:-1","max-image-preview":"max-image-preview:large","max-video-preview":"max-video-preview:-1"},"canonical":"https:\/\/beebipood.ee\/ru\/produkt\/maxi-cosi-cabriofix-i-size-turvahall-essential-graphite\/","og_locale":"ru_RU","og_type":"article","og_title":"Maxi-Cosi CabrioFix i-Size turvah\u00e4ll, Essential Graphite, \u0421\u041a\u0418\u0414\u041a\u0418, \u0410\u0432\u0442\u043e\u043a\u0440\u0435\u0441\u043b\u0430, \u043b\u044e\u043b\u044c\u043a\u0438, \u0410\u0432\u0442\u043e\u043b\u044e\u043b\u044c\u043a\u0430, \u0421\u043d\u0430\u0440\u044f\u0436\u0435\u043d\u0438\u044f \u0431\u0435\u0437\u043e\u043f\u0430\u0441\u043d\u043e\u0441\u0442\u0438, Beebipood","og_description":"Maxi-Cosi CabrioFix i-Size turvah\u00e4ll, Essential Graphite, Maxi-Cosi on oma p&auml;randi &uuml;le v&auml;ga uhke. Kuna nad on enimm&uuml;&uuml;dud tur","og_url":"https:\/\/beebipood.ee\/ru\/produkt\/maxi-cosi-cabriofix-i-size-turvahall-essential-graphite\/","og_site_name":"Beebipood","article_modified_time":"2025-04-30T21:00:21+00:00","og_image":[{"width":1200,"height":1200,"url":"https:\/\/beebipood.ee\/wp-content\/uploads\/2020\/06\/MaxiCosi-CabrioFix-iSize-turvahall-Essential-Graphite-SOODUSPAKKUMISED-Turvatoolid-hallid-Turvahallid-Turvavarustus-MaxiCosi-15_2-bb4.jpg","type":"image\/jpeg"}],"twitter_card":"summary_large_image","twitter_misc":{"\u041f\u0440\u0438\u043c\u0435\u0440\u043d\u043e\u0435 \u0432\u0440\u0435\u043c\u044f \u0434\u043b\u044f \u0447\u0442\u0435\u043d\u0438\u044f":"2 \u043c\u0438\u043d\u0443\u0442\u044b"},"schema":{"@context":"https:\/\/schema.org","@graph":[{"@type":"WebPage","@id":"https:\/\/beebipood.ee\/ru\/produkt\/maxi-cosi-cabriofix-i-size-turvahall-essential-graphite\/","url":"https:\/\/beebipood.ee\/ru\/produkt\/maxi-cosi-cabriofix-i-size-turvahall-essential-graphite\/","name":"Maxi-Cosi CabrioFix i-Size turvah\u00e4ll, Essential Graphite, \u0421\u041a\u0418\u0414\u041a\u0418, \u0410\u0432\u0442\u043e\u043a\u0440\u0435\u0441\u043b\u0430, \u043b\u044e\u043b\u044c\u043a\u0438, \u0410\u0432\u0442\u043e\u043b\u044e\u043b\u044c\u043a\u0430, \u0421\u043d\u0430\u0440\u044f\u0436\u0435\u043d\u0438\u044f \u0431\u0435\u0437\u043e\u043f\u0430\u0441\u043d\u043e\u0441\u0442\u0438, Beebipood","isPartOf":{"@id":"https:\/\/beebipood.ee\/ru\/#website"},"primaryImageOfPage":{"@id":"https:\/\/beebipood.ee\/ru\/produkt\/maxi-cosi-cabriofix-i-size-turvahall-essential-graphite\/#primaryimage"},"image":{"@id":"https:\/\/beebipood.ee\/ru\/produkt\/maxi-cosi-cabriofix-i-size-turvahall-essential-graphite\/#primaryimage"},"thumbnailUrl":"https:\/\/beebipood.ee\/wp-content\/uploads\/2020\/06\/MaxiCosi-CabrioFix-iSize-turvahall-Essential-Graphite-SOODUSPAKKUMISED-Turvatoolid-hallid-Turvahallid-Turvavarustus-MaxiCosi-15_2-bb4.jpg","datePublished":"2020-06-10T05:14:47+00:00","dateModified":"2025-04-30T21:00:21+00:00","description":"Maxi-Cosi CabrioFix i-Size turvah\u00e4ll, Essential Graphite, Maxi-Cosi on oma p&auml;randi &uuml;le v&auml;ga uhke. Kuna nad on enimm&uuml;&uuml;dud tur","breadcrumb":{"@id":"https:\/\/beebipood.ee\/ru\/produkt\/maxi-cosi-cabriofix-i-size-turvahall-essential-graphite\/#breadcrumb"},"inLanguage":"ru-RU","potentialAction":[{"@type":"ReadAction","target":["https:\/\/beebipood.ee\/ru\/produkt\/maxi-cosi-cabriofix-i-size-turvahall-essential-graphite\/"]}]},{"@type":"ImageObject","inLanguage":"ru-RU","@id":"https:\/\/beebipood.ee\/ru\/produkt\/maxi-cosi-cabriofix-i-size-turvahall-essential-graphite\/#primaryimage","url":"https:\/\/beebipood.ee\/wp-content\/uploads\/2020\/06\/MaxiCosi-CabrioFix-iSize-turvahall-Essential-Graphite-SOODUSPAKKUMISED-Turvatoolid-hallid-Turvahallid-Turvavarustus-MaxiCosi-15_2-bb4.jpg","contentUrl":"https:\/\/beebipood.ee\/wp-content\/uploads\/2020\/06\/MaxiCosi-CabrioFix-iSize-turvahall-Essential-Graphite-SOODUSPAKKUMISED-Turvatoolid-hallid-Turvahallid-Turvavarustus-MaxiCosi-15_2-bb4.jpg","width":1200,"height":1200},{"@type":"BreadcrumbList","@id":"https:\/\/beebipood.ee\/ru\/produkt\/maxi-cosi-cabriofix-i-size-turvahall-essential-graphite\/#breadcrumb","itemListElement":[{"@type":"ListItem","position":1,"name":"Home","item":"https:\/\/beebipood.ee\/ru\/"},{"@type":"ListItem","position":2,"name":"\u041a\u0430\u0442\u0430\u043b\u043e\u0433 \u0442\u043e\u0432\u0430\u0440\u043e\u0432","item":"https:\/\/beebipood.ee\/tooted\/"},{"@type":"ListItem","position":3,"name":"Maxi-Cosi CabrioFix i-Size turvah\u00e4ll, Essential Graphite"}]},{"@type":"WebSite","@id":"https:\/\/beebipood.ee\/ru\/#website","url":"https:\/\/beebipood.ee\/ru\/","name":"Beebipood","description":"Lastekaubad, beebikaubad, m\u00e4nguasjad","publisher":{"@id":"https:\/\/beebipood.ee\/ru\/#organization"},"potentialAction":[{"@type":"SearchAction","target":{"@type":"EntryPoint","urlTemplate":"https:\/\/beebipood.ee\/ru\/?s={search_term_string}"},"query-input":{"@type":"PropertyValueSpecification","valueRequired":true,"valueName":"search_term_string"}}],"inLanguage":"ru-RU"},{"@type":"Organization","@id":"https:\/\/beebipood.ee\/ru\/#organization","name":"Beebipood","url":"https:\/\/beebipood.ee\/ru\/","logo":{"@type":"ImageObject","inLanguage":"ru-RU","@id":"https:\/\/beebipood.ee\/ru\/#\/schema\/logo\/image\/","url":"https:\/\/beebipood.ee\/wp-content\/uploads\/2025\/03\/beebipood.ee-logo-1.svg","contentUrl":"https:\/\/beebipood.ee\/wp-content\/uploads\/2025\/03\/beebipood.ee-logo-1.svg","caption":"Beebipood"},"image":{"@id":"https:\/\/beebipood.ee\/ru\/#\/schema\/logo\/image\/"}}]}},"brands":[{"id":11961,"name":"Maxi-Cosi","slug":"maxi-cosi-ru"}],"_links":{"self":[{"href":"https:\/\/beebipood.ee\/ru\/wp-json\/wp\/v2\/product\/459403","targetHints":{"allow":["GET"]}}],"collection":[{"href":"https:\/\/beebipood.ee\/ru\/wp-json\/wp\/v2\/product"}],"about":[{"href":"https:\/\/beebipood.ee\/ru\/wp-json\/wp\/v2\/types\/product"}],"wp:featuredmedia":[{"embeddable":true,"href":"https:\/\/beebipood.ee\/ru\/wp-json\/wp\/v2\/media\/134909"}],"wp:attachment":[{"href":"https:\/\/beebipood.ee\/ru\/wp-json\/wp\/v2\/media?parent=459403"}],"wp:term":[{"taxonomy":"pwb-brand","embeddable":true,"href":"https:\/\/beebipood.ee\/ru\/wp-json\/wp\/v2\/pwb-brand?post=459403"},{"taxonomy":"product_brand","embeddable":true,"href":"https:\/\/beebipood.ee\/ru\/wp-json\/wp\/v2\/product_brand?post=459403"},{"taxonomy":"product_cat","embeddable":true,"href":"https:\/\/beebipood.ee\/ru\/wp-json\/wp\/v2\/product_cat?post=459403"},{"taxonomy":"product_tag","embeddable":true,"href":"https:\/\/beebipood.ee\/ru\/wp-json\/wp\/v2\/product_tag?post=459403"}],"curies":[{"name":"wp","href":"https:\/\/api.w.org\/{rel}","templated":true}]}}