{"id":459417,"date":"2020-06-30T12:06:05","date_gmt":"2020-06-30T09:06:05","guid":{"rendered":"https:\/\/beebipood.ee\/toode\/maxi-cosi-pearl-pro-2-i-size-turvatool-authentic-black\/"},"modified":"2025-01-09T10:48:21","modified_gmt":"2025-01-09T08:48:21","slug":"maxi-cosi-pearl-pro-2-i-size-turvatool-authentic-black","status":"publish","type":"product","link":"https:\/\/beebipood.ee\/ru\/produkt\/maxi-cosi-pearl-pro-2-i-size-turvatool-authentic-black\/","title":{"rendered":"Maxi-Cosi Pearl Pro 2 i-Size turvatool, Authentic Black"},"content":{"rendered":"<p>\u00dclim mugavus ja k\u00f5rgeim turvalisus on koondatud \u00fchte turvatooli &#8212; selleks on Pearl Pro 2.<br \/>M\u00f5eldud kasutamiseks alates 6. elukuust kuni ca. 4. eluaastani. <br \/>Kasutamiseks seljaga ja n\u00e4oga s\u00f5idusuunas FamilyFix3 v\u00f5i 3wayFix alusel.<br \/>Maxi-Cosi Pearl Pro 2 turvatoolil on n\u00fc\u00fcd komplektis ka pehme polsterdusega beebisisu, <br \/>mis on m\u00f5eldud kasutamiseks kuni 2. eluaastani. <br \/>Samuti on uuendatud isteosa pehmust.<\/p>\n<p><span style=\"text-decoration: underline;\">Kasutajas\u00f5bralikkus<\/span><br \/>Lihtsasti \u00fcheaegselt reguleeritavad turvarihmad ja peatugi<br \/>Uuenduslikud turvarihmad, mis hoiavad avatud asendis, <br \/>et saaksite laste lihtsamini turvatooli asetada<br \/>Katteriie on h\u00f5lpsasti eemaldatav ja masinpestav<br \/>ISOFIX kinnitused pakuvad k\u00f5ige turvalisemat, lihtsamat ja kiiremat v\u00f5imalust turvatooli kinnitamiseks<br \/><span style=\"text-decoration: underline;\">Mugavus<\/span><br \/>Integreeritud beebisisu, mis on m\u00f5eldud kasutamiseks alates 67cm kuni 2. eluaastani<br \/>Beebisisul on kaks k\u00fclge: 3D v\u00f5rkkangast k\u00fclg palavateks suvep\u00e4evadeks <br \/>ning pehme ja soe kate k\u00fclmemateks ilmadeks<br \/>Suure tihedusega isteosa polsterdus aitab s\u00e4ilitada \u00fclimat mugavust ka p\u00e4rast beebisisu eemaldamist<br \/>4 erinevat seljatoe asendit<br \/><span style=\"text-decoration: underline;\">Turvalisus<\/span><br \/>Vastab k\u00f5ige uuemale Euroopa turvastandardile i-Size (R129)<br \/>Interaktiivne tagasiside (visuaalne ja heliga), mis annab m\u00e4rku kui turvatool on \u00f5igesti paigaldatud.<br \/>V\u00e4ga head testitulemused<br \/>5-punkti kinnitusega turvarihmad<br \/>Optimaalne turvalisus k\u00fclgkokkup\u00f5rke korral<br \/><span style=\"text-decoration: underline;\">\u00dcldine<\/span><br \/>Sobib kasutamiseks lastele pikkusega 67-105cm (alates 6. kuust kuni ca. 4. eluaastani)<br \/>Maksimaalne lapse kaal 18,5kg<br \/>V\u00f5imalik kasutada nii seljaga s\u00f5idusuunas kui ka n\u00e4oga s\u00f5idusuunas<br \/>Samal alusel (FamilyFix3) on v\u00f5imalik kasutada ka Maxi-Cosi Coral <br \/>ja Pebble Pro turvah\u00e4lli (45-75cm) v\u00f5i Jade vankrikorvi. <br \/>Kombineerides neid tooteid, saad sa s\u00f5idutada oma last seljaga s\u00f5idusuunas alates s\u00fcnnist kuni 4. eluaastani<br \/>V\u00f5ib ka kasutada 3wayFix alusel<br \/><span style=\"text-decoration: underline;\">N\u00e4itajad<\/span><br \/>Kaal: 7,55kg<br \/>M\u00f5\u00f5dud: 47,5 x 61 x 50-59,5cm (laius, pikkus, k\u00f5rgus)<br \/>Istumisosa laius 27cm<br \/>Istumisosa s\u00fcgavus 31cm<br \/>Seljatoe k\u00f5rgus 52-62cm<\/p>\n","protected":false},"excerpt":{"rendered":"<p>\u00dclim mugavus ja k\u00f5rgeim turvalisus on koondatud \u00fchte turvatooli &#8212; selleks on Pearl Pro 2.M\u00f5eldud kasutamiseks alates 6. elukuust kuni ca. 4. eluaastani. Kasutamiseks seljaga ja n\u00e4oga s\u00f5idusuunas FamilyFix3 v\u00f5i 3wayFix alusel.Maxi-Cosi Pearl Pro 2 turvatoolil on n\u00fc\u00fcd komplektis ka pehme polsterdusega beebisisu, mis on m\u00f5eldud kasutamiseks kuni 2. eluaastani. Samuti on uuendatud isteosa pehmust. [&hellip;]<\/p>\n","protected":false},"featured_media":135083,"template":"","meta":{"_acf_changed":false},"pwb-brand":[11961],"product_brand":[],"product_cat":[11731,11727,11791],"product_tag":[],"class_list":{"0":"post-459417","1":"product","2":"type-product","3":"status-publish","4":"has-post-thumbnail","6":"pwb-brand-maxi-cosi-ru","7":"product_cat-turvatoolid-9-18-kg-ru","8":"product_cat-turvatoolid-hallid-ru","9":"product_cat-turvavarustus-ru","10":"pa_manufacturer-maxi_cosi-ru","12":"first","13":"onbackorder","14":"taxable","15":"shipping-taxable","16":"purchasable","17":"product-type-simple"},"exclude_global_add_ons":[],"addons":[],"acf":[],"yoast_head":"<!-- This site is optimized with the Yoast SEO plugin v27.1.1 - https:\/\/yoast.com\/product\/yoast-seo-wordpress\/ -->\n<title>Maxi-Cosi Pearl Pro 2 i-Size turvatool, Authentic Black, \u0421\u041a\u0418\u0414\u041a\u0418, \u0410\u0432\u0442\u043e\u043a\u0440\u0435\u0441\u043b\u0430, \u043b\u044e\u043b\u044c\u043a\u0438, \u0410\u0432\u0442\u043e\u043a\u0440\u0435\u0441\u043b\u0430 9-18 \u043a\u0433, \u0421\u043d\u0430\u0440\u044f\u0436\u0435\u043d\u0438\u044f \u0431\u0435\u0437\u043e\u043f\u0430\u0441\u043d\u043e\u0441\u0442\u0438, Beebipood<\/title>\n<meta name=\"description\" content=\"Maxi-Cosi Pearl Pro 2 i-Size turvatool, Authentic Black, &Uuml;lim mugavus ja k&otilde;rgeim turvalisus on koondatud &uuml;hte turvatooli - selleks on Pearl\" \/>\n<meta name=\"robots\" content=\"index, follow, max-snippet:-1, max-image-preview:large, max-video-preview:-1\" \/>\n<link rel=\"canonical\" href=\"https:\/\/beebipood.ee\/ru\/produkt\/maxi-cosi-pearl-pro-2-i-size-turvatool-authentic-black\/\" \/>\n<meta property=\"og:locale\" content=\"ru_RU\" \/>\n<meta property=\"og:type\" content=\"article\" \/>\n<meta property=\"og:title\" content=\"Maxi-Cosi Pearl Pro 2 i-Size turvatool, Authentic Black, \u0421\u041a\u0418\u0414\u041a\u0418, \u0410\u0432\u0442\u043e\u043a\u0440\u0435\u0441\u043b\u0430, \u043b\u044e\u043b\u044c\u043a\u0438, \u0410\u0432\u0442\u043e\u043a\u0440\u0435\u0441\u043b\u0430 9-18 \u043a\u0433, \u0421\u043d\u0430\u0440\u044f\u0436\u0435\u043d\u0438\u044f \u0431\u0435\u0437\u043e\u043f\u0430\u0441\u043d\u043e\u0441\u0442\u0438, Beebipood\" \/>\n<meta property=\"og:description\" content=\"Maxi-Cosi Pearl Pro 2 i-Size turvatool, Authentic Black, &Uuml;lim mugavus ja k&otilde;rgeim turvalisus on koondatud &uuml;hte turvatooli - selleks on Pearl\" \/>\n<meta property=\"og:url\" content=\"https:\/\/beebipood.ee\/ru\/produkt\/maxi-cosi-pearl-pro-2-i-size-turvatool-authentic-black\/\" \/>\n<meta property=\"og:site_name\" content=\"Beebipood\" \/>\n<meta property=\"article:modified_time\" content=\"2025-01-09T08:48:21+00:00\" \/>\n<meta property=\"og:image\" content=\"https:\/\/beebipood.ee\/wp-content\/uploads\/2020\/06\/MaxiCosi-Pearl-Pro-2-iSize-turvatool-Authentic-Black-UUED-TOOTED-Turvatoolid-hallid-Turvatoolid-918-kg-Turvavarustus_5-18b.jpg\" \/>\n\t<meta property=\"og:image:width\" content=\"1920\" \/>\n\t<meta property=\"og:image:height\" content=\"1920\" \/>\n\t<meta property=\"og:image:type\" content=\"image\/jpeg\" \/>\n<meta name=\"twitter:card\" content=\"summary_large_image\" \/>\n<meta name=\"twitter:label1\" content=\"\u041f\u0440\u0438\u043c\u0435\u0440\u043d\u043e\u0435 \u0432\u0440\u0435\u043c\u044f \u0434\u043b\u044f \u0447\u0442\u0435\u043d\u0438\u044f\" \/>\n\t<meta name=\"twitter:data1\" content=\"1 \u043c\u0438\u043d\u0443\u0442\u0430\" \/>\n<script type=\"application\/ld+json\" class=\"yoast-schema-graph\">{\"@context\":\"https:\/\/schema.org\",\"@graph\":[{\"@type\":\"WebPage\",\"@id\":\"https:\/\/beebipood.ee\/ru\/produkt\/maxi-cosi-pearl-pro-2-i-size-turvatool-authentic-black\/\",\"url\":\"https:\/\/beebipood.ee\/ru\/produkt\/maxi-cosi-pearl-pro-2-i-size-turvatool-authentic-black\/\",\"name\":\"Maxi-Cosi Pearl Pro 2 i-Size turvatool, Authentic Black, \u0421\u041a\u0418\u0414\u041a\u0418, \u0410\u0432\u0442\u043e\u043a\u0440\u0435\u0441\u043b\u0430, \u043b\u044e\u043b\u044c\u043a\u0438, \u0410\u0432\u0442\u043e\u043a\u0440\u0435\u0441\u043b\u0430 9-18 \u043a\u0433, \u0421\u043d\u0430\u0440\u044f\u0436\u0435\u043d\u0438\u044f \u0431\u0435\u0437\u043e\u043f\u0430\u0441\u043d\u043e\u0441\u0442\u0438, Beebipood\",\"isPartOf\":{\"@id\":\"https:\/\/beebipood.ee\/ru\/#website\"},\"primaryImageOfPage\":{\"@id\":\"https:\/\/beebipood.ee\/ru\/produkt\/maxi-cosi-pearl-pro-2-i-size-turvatool-authentic-black\/#primaryimage\"},\"image\":{\"@id\":\"https:\/\/beebipood.ee\/ru\/produkt\/maxi-cosi-pearl-pro-2-i-size-turvatool-authentic-black\/#primaryimage\"},\"thumbnailUrl\":\"https:\/\/beebipood.ee\/wp-content\/uploads\/2020\/06\/MaxiCosi-Pearl-Pro-2-iSize-turvatool-Authentic-Black-UUED-TOOTED-Turvatoolid-hallid-Turvatoolid-918-kg-Turvavarustus_5-18b.jpg\",\"datePublished\":\"2020-06-30T09:06:05+00:00\",\"dateModified\":\"2025-01-09T08:48:21+00:00\",\"description\":\"Maxi-Cosi Pearl Pro 2 i-Size turvatool, Authentic Black, &Uuml;lim mugavus ja k&otilde;rgeim turvalisus on koondatud &uuml;hte turvatooli - selleks on Pearl\",\"breadcrumb\":{\"@id\":\"https:\/\/beebipood.ee\/ru\/produkt\/maxi-cosi-pearl-pro-2-i-size-turvatool-authentic-black\/#breadcrumb\"},\"inLanguage\":\"ru-RU\",\"potentialAction\":[{\"@type\":\"ReadAction\",\"target\":[\"https:\/\/beebipood.ee\/ru\/produkt\/maxi-cosi-pearl-pro-2-i-size-turvatool-authentic-black\/\"]}]},{\"@type\":\"ImageObject\",\"inLanguage\":\"ru-RU\",\"@id\":\"https:\/\/beebipood.ee\/ru\/produkt\/maxi-cosi-pearl-pro-2-i-size-turvatool-authentic-black\/#primaryimage\",\"url\":\"https:\/\/beebipood.ee\/wp-content\/uploads\/2020\/06\/MaxiCosi-Pearl-Pro-2-iSize-turvatool-Authentic-Black-UUED-TOOTED-Turvatoolid-hallid-Turvatoolid-918-kg-Turvavarustus_5-18b.jpg\",\"contentUrl\":\"https:\/\/beebipood.ee\/wp-content\/uploads\/2020\/06\/MaxiCosi-Pearl-Pro-2-iSize-turvatool-Authentic-Black-UUED-TOOTED-Turvatoolid-hallid-Turvatoolid-918-kg-Turvavarustus_5-18b.jpg\",\"width\":1920,\"height\":1920},{\"@type\":\"BreadcrumbList\",\"@id\":\"https:\/\/beebipood.ee\/ru\/produkt\/maxi-cosi-pearl-pro-2-i-size-turvatool-authentic-black\/#breadcrumb\",\"itemListElement\":[{\"@type\":\"ListItem\",\"position\":1,\"name\":\"Home\",\"item\":\"https:\/\/beebipood.ee\/ru\/\"},{\"@type\":\"ListItem\",\"position\":2,\"name\":\"\u041a\u0430\u0442\u0430\u043b\u043e\u0433 \u0442\u043e\u0432\u0430\u0440\u043e\u0432\",\"item\":\"https:\/\/beebipood.ee\/tooted\/\"},{\"@type\":\"ListItem\",\"position\":3,\"name\":\"Maxi-Cosi Pearl Pro 2 i-Size turvatool, Authentic Black\"}]},{\"@type\":\"WebSite\",\"@id\":\"https:\/\/beebipood.ee\/ru\/#website\",\"url\":\"https:\/\/beebipood.ee\/ru\/\",\"name\":\"Beebipood\",\"description\":\"Lastekaubad, beebikaubad, m\u00e4nguasjad\",\"publisher\":{\"@id\":\"https:\/\/beebipood.ee\/ru\/#organization\"},\"potentialAction\":[{\"@type\":\"SearchAction\",\"target\":{\"@type\":\"EntryPoint\",\"urlTemplate\":\"https:\/\/beebipood.ee\/ru\/?s={search_term_string}\"},\"query-input\":{\"@type\":\"PropertyValueSpecification\",\"valueRequired\":true,\"valueName\":\"search_term_string\"}}],\"inLanguage\":\"ru-RU\"},{\"@type\":\"Organization\",\"@id\":\"https:\/\/beebipood.ee\/ru\/#organization\",\"name\":\"Beebipood\",\"url\":\"https:\/\/beebipood.ee\/ru\/\",\"logo\":{\"@type\":\"ImageObject\",\"inLanguage\":\"ru-RU\",\"@id\":\"https:\/\/beebipood.ee\/ru\/#\/schema\/logo\/image\/\",\"url\":\"https:\/\/beebipood.ee\/wp-content\/uploads\/2025\/03\/beebipood.ee-logo-1.svg\",\"contentUrl\":\"https:\/\/beebipood.ee\/wp-content\/uploads\/2025\/03\/beebipood.ee-logo-1.svg\",\"caption\":\"Beebipood\"},\"image\":{\"@id\":\"https:\/\/beebipood.ee\/ru\/#\/schema\/logo\/image\/\"}}]}<\/script>\n<!-- \/ Yoast SEO plugin. -->","yoast_head_json":{"title":"Maxi-Cosi Pearl Pro 2 i-Size turvatool, Authentic Black, \u0421\u041a\u0418\u0414\u041a\u0418, \u0410\u0432\u0442\u043e\u043a\u0440\u0435\u0441\u043b\u0430, \u043b\u044e\u043b\u044c\u043a\u0438, \u0410\u0432\u0442\u043e\u043a\u0440\u0435\u0441\u043b\u0430 9-18 \u043a\u0433, \u0421\u043d\u0430\u0440\u044f\u0436\u0435\u043d\u0438\u044f \u0431\u0435\u0437\u043e\u043f\u0430\u0441\u043d\u043e\u0441\u0442\u0438, Beebipood","description":"Maxi-Cosi Pearl Pro 2 i-Size turvatool, Authentic Black, &Uuml;lim mugavus ja k&otilde;rgeim turvalisus on koondatud &uuml;hte turvatooli - selleks on Pearl","robots":{"index":"index","follow":"follow","max-snippet":"max-snippet:-1","max-image-preview":"max-image-preview:large","max-video-preview":"max-video-preview:-1"},"canonical":"https:\/\/beebipood.ee\/ru\/produkt\/maxi-cosi-pearl-pro-2-i-size-turvatool-authentic-black\/","og_locale":"ru_RU","og_type":"article","og_title":"Maxi-Cosi Pearl Pro 2 i-Size turvatool, Authentic Black, \u0421\u041a\u0418\u0414\u041a\u0418, \u0410\u0432\u0442\u043e\u043a\u0440\u0435\u0441\u043b\u0430, \u043b\u044e\u043b\u044c\u043a\u0438, \u0410\u0432\u0442\u043e\u043a\u0440\u0435\u0441\u043b\u0430 9-18 \u043a\u0433, \u0421\u043d\u0430\u0440\u044f\u0436\u0435\u043d\u0438\u044f \u0431\u0435\u0437\u043e\u043f\u0430\u0441\u043d\u043e\u0441\u0442\u0438, Beebipood","og_description":"Maxi-Cosi Pearl Pro 2 i-Size turvatool, Authentic Black, &Uuml;lim mugavus ja k&otilde;rgeim turvalisus on koondatud &uuml;hte turvatooli - selleks on Pearl","og_url":"https:\/\/beebipood.ee\/ru\/produkt\/maxi-cosi-pearl-pro-2-i-size-turvatool-authentic-black\/","og_site_name":"Beebipood","article_modified_time":"2025-01-09T08:48:21+00:00","og_image":[{"width":1920,"height":1920,"url":"https:\/\/beebipood.ee\/wp-content\/uploads\/2020\/06\/MaxiCosi-Pearl-Pro-2-iSize-turvatool-Authentic-Black-UUED-TOOTED-Turvatoolid-hallid-Turvatoolid-918-kg-Turvavarustus_5-18b.jpg","type":"image\/jpeg"}],"twitter_card":"summary_large_image","twitter_misc":{"\u041f\u0440\u0438\u043c\u0435\u0440\u043d\u043e\u0435 \u0432\u0440\u0435\u043c\u044f \u0434\u043b\u044f \u0447\u0442\u0435\u043d\u0438\u044f":"1 \u043c\u0438\u043d\u0443\u0442\u0430"},"schema":{"@context":"https:\/\/schema.org","@graph":[{"@type":"WebPage","@id":"https:\/\/beebipood.ee\/ru\/produkt\/maxi-cosi-pearl-pro-2-i-size-turvatool-authentic-black\/","url":"https:\/\/beebipood.ee\/ru\/produkt\/maxi-cosi-pearl-pro-2-i-size-turvatool-authentic-black\/","name":"Maxi-Cosi Pearl Pro 2 i-Size turvatool, Authentic Black, \u0421\u041a\u0418\u0414\u041a\u0418, \u0410\u0432\u0442\u043e\u043a\u0440\u0435\u0441\u043b\u0430, \u043b\u044e\u043b\u044c\u043a\u0438, \u0410\u0432\u0442\u043e\u043a\u0440\u0435\u0441\u043b\u0430 9-18 \u043a\u0433, \u0421\u043d\u0430\u0440\u044f\u0436\u0435\u043d\u0438\u044f \u0431\u0435\u0437\u043e\u043f\u0430\u0441\u043d\u043e\u0441\u0442\u0438, Beebipood","isPartOf":{"@id":"https:\/\/beebipood.ee\/ru\/#website"},"primaryImageOfPage":{"@id":"https:\/\/beebipood.ee\/ru\/produkt\/maxi-cosi-pearl-pro-2-i-size-turvatool-authentic-black\/#primaryimage"},"image":{"@id":"https:\/\/beebipood.ee\/ru\/produkt\/maxi-cosi-pearl-pro-2-i-size-turvatool-authentic-black\/#primaryimage"},"thumbnailUrl":"https:\/\/beebipood.ee\/wp-content\/uploads\/2020\/06\/MaxiCosi-Pearl-Pro-2-iSize-turvatool-Authentic-Black-UUED-TOOTED-Turvatoolid-hallid-Turvatoolid-918-kg-Turvavarustus_5-18b.jpg","datePublished":"2020-06-30T09:06:05+00:00","dateModified":"2025-01-09T08:48:21+00:00","description":"Maxi-Cosi Pearl Pro 2 i-Size turvatool, Authentic Black, &Uuml;lim mugavus ja k&otilde;rgeim turvalisus on koondatud &uuml;hte turvatooli - selleks on Pearl","breadcrumb":{"@id":"https:\/\/beebipood.ee\/ru\/produkt\/maxi-cosi-pearl-pro-2-i-size-turvatool-authentic-black\/#breadcrumb"},"inLanguage":"ru-RU","potentialAction":[{"@type":"ReadAction","target":["https:\/\/beebipood.ee\/ru\/produkt\/maxi-cosi-pearl-pro-2-i-size-turvatool-authentic-black\/"]}]},{"@type":"ImageObject","inLanguage":"ru-RU","@id":"https:\/\/beebipood.ee\/ru\/produkt\/maxi-cosi-pearl-pro-2-i-size-turvatool-authentic-black\/#primaryimage","url":"https:\/\/beebipood.ee\/wp-content\/uploads\/2020\/06\/MaxiCosi-Pearl-Pro-2-iSize-turvatool-Authentic-Black-UUED-TOOTED-Turvatoolid-hallid-Turvatoolid-918-kg-Turvavarustus_5-18b.jpg","contentUrl":"https:\/\/beebipood.ee\/wp-content\/uploads\/2020\/06\/MaxiCosi-Pearl-Pro-2-iSize-turvatool-Authentic-Black-UUED-TOOTED-Turvatoolid-hallid-Turvatoolid-918-kg-Turvavarustus_5-18b.jpg","width":1920,"height":1920},{"@type":"BreadcrumbList","@id":"https:\/\/beebipood.ee\/ru\/produkt\/maxi-cosi-pearl-pro-2-i-size-turvatool-authentic-black\/#breadcrumb","itemListElement":[{"@type":"ListItem","position":1,"name":"Home","item":"https:\/\/beebipood.ee\/ru\/"},{"@type":"ListItem","position":2,"name":"\u041a\u0430\u0442\u0430\u043b\u043e\u0433 \u0442\u043e\u0432\u0430\u0440\u043e\u0432","item":"https:\/\/beebipood.ee\/tooted\/"},{"@type":"ListItem","position":3,"name":"Maxi-Cosi Pearl Pro 2 i-Size turvatool, Authentic Black"}]},{"@type":"WebSite","@id":"https:\/\/beebipood.ee\/ru\/#website","url":"https:\/\/beebipood.ee\/ru\/","name":"Beebipood","description":"Lastekaubad, beebikaubad, m\u00e4nguasjad","publisher":{"@id":"https:\/\/beebipood.ee\/ru\/#organization"},"potentialAction":[{"@type":"SearchAction","target":{"@type":"EntryPoint","urlTemplate":"https:\/\/beebipood.ee\/ru\/?s={search_term_string}"},"query-input":{"@type":"PropertyValueSpecification","valueRequired":true,"valueName":"search_term_string"}}],"inLanguage":"ru-RU"},{"@type":"Organization","@id":"https:\/\/beebipood.ee\/ru\/#organization","name":"Beebipood","url":"https:\/\/beebipood.ee\/ru\/","logo":{"@type":"ImageObject","inLanguage":"ru-RU","@id":"https:\/\/beebipood.ee\/ru\/#\/schema\/logo\/image\/","url":"https:\/\/beebipood.ee\/wp-content\/uploads\/2025\/03\/beebipood.ee-logo-1.svg","contentUrl":"https:\/\/beebipood.ee\/wp-content\/uploads\/2025\/03\/beebipood.ee-logo-1.svg","caption":"Beebipood"},"image":{"@id":"https:\/\/beebipood.ee\/ru\/#\/schema\/logo\/image\/"}}]}},"brands":[{"id":11961,"name":"Maxi-Cosi","slug":"maxi-cosi-ru"}],"_links":{"self":[{"href":"https:\/\/beebipood.ee\/ru\/wp-json\/wp\/v2\/product\/459417","targetHints":{"allow":["GET"]}}],"collection":[{"href":"https:\/\/beebipood.ee\/ru\/wp-json\/wp\/v2\/product"}],"about":[{"href":"https:\/\/beebipood.ee\/ru\/wp-json\/wp\/v2\/types\/product"}],"wp:featuredmedia":[{"embeddable":true,"href":"https:\/\/beebipood.ee\/ru\/wp-json\/wp\/v2\/media\/135083"}],"wp:attachment":[{"href":"https:\/\/beebipood.ee\/ru\/wp-json\/wp\/v2\/media?parent=459417"}],"wp:term":[{"taxonomy":"pwb-brand","embeddable":true,"href":"https:\/\/beebipood.ee\/ru\/wp-json\/wp\/v2\/pwb-brand?post=459417"},{"taxonomy":"product_brand","embeddable":true,"href":"https:\/\/beebipood.ee\/ru\/wp-json\/wp\/v2\/product_brand?post=459417"},{"taxonomy":"product_cat","embeddable":true,"href":"https:\/\/beebipood.ee\/ru\/wp-json\/wp\/v2\/product_cat?post=459417"},{"taxonomy":"product_tag","embeddable":true,"href":"https:\/\/beebipood.ee\/ru\/wp-json\/wp\/v2\/product_tag?post=459417"}],"curies":[{"name":"wp","href":"https:\/\/api.w.org\/{rel}","templated":true}]}}