{"id":459421,"date":"2020-07-02T10:38:56","date_gmt":"2020-07-02T07:38:56","guid":{"rendered":"https:\/\/beebipood.ee\/toode\/yappyair-madrats-60x120\/"},"modified":"2025-04-30T10:05:29","modified_gmt":"2025-04-30T07:05:29","slug":"yappynap-voodisahtel-lisavoodi-ratastel-white","status":"publish","type":"product","link":"https:\/\/beebipood.ee\/ru\/produkt\/yappynap-voodisahtel-lisavoodi-ratastel-white\/","title":{"rendered":"YappyNap voodisahtel\/lisavoodi ratastel, white"},"content":{"rendered":"<p>YappyNap voodisahtel ratastel, mida saab kasutada hoiustamiseks<br \/>\nv\u00f5i t\u00e4iendava magamiskohana.<br \/>\nKomplekti kuuluvad sahtli p\u00f5hi ja ergonoomilised p\u00f5hjalipid.<br \/>\nVoodisahtlisse sobib madrats m\u00f5\u00f5duga 90\u00d7190<br \/>\nMadrats ei ole komplektis.<br \/>\nMaterjal: t\u00e4ism\u00e4nnipuit.<br \/>\nSahtel sobib 90\u00d7200 cm suurusele voodi alla.<br \/>\nVoodisahtel on t\u00f6\u00f6deldud \u00f6koloogilise, lastele ohutu naturaalse puiduvahaga.<br \/>\nValmistatud FSC sertifikaadiga puidust.<br \/>\nFSC sertifikaat tagab, et tooted p\u00e4rinevad vastutustundlikult majandatud metsadest,<br \/>\nmis pakuvad keskkonna-, sotsiaalset ja majanduslikku kasu.<br \/>\nM\u00f5\u00f5t: Pikkus: 199 cm S\u00fcgavus: 94 cm K\u00f5rgus: 27 cm<br \/>\nHooldamine:<br \/>\nPuhastada niiske lapiga. Seej\u00e4rel kuivaks p\u00fchkida.<\/p>\n","protected":false},"excerpt":{"rendered":"<p>YappyNap voodisahtel ratastel, mida saab kasutada hoiustamiseks v\u00f5i t\u00e4iendava magamiskohana. Komplekti kuuluvad sahtli p\u00f5hi ja ergonoomilised p\u00f5hjalipid. Voodisahtlisse sobib madrats m\u00f5\u00f5duga 90\u00d7190 Madrats ei ole komplektis. Materjal: t\u00e4ism\u00e4nnipuit. Sahtel sobib 90\u00d7200 cm suurusele voodi alla. Voodisahtel on t\u00f6\u00f6deldud \u00f6koloogilise, lastele ohutu naturaalse puiduvahaga. Valmistatud FSC sertifikaadiga puidust. FSC sertifikaat tagab, et tooted p\u00e4rinevad vastutustundlikult majandatud [&hellip;]<\/p>\n","protected":false},"featured_media":504236,"template":"","meta":{"_acf_changed":false},"pwb-brand":[11969],"product_brand":[],"product_cat":[11661,11623,11789],"product_tag":[],"class_list":{"0":"post-459421","1":"product","2":"type-product","3":"status-publish","4":"has-post-thumbnail","6":"pwb-brand-yappykids-ru","7":"product_cat-voodikastid-ru","8":"product_cat-kummutid-kastid-ru","9":"product_cat-lastemoobel-ja-sisustus-ru","10":"pa_manufacturer-yappykids-ru","12":"first","13":"onbackorder","14":"sale","15":"taxable","16":"shipping-taxable","17":"purchasable","18":"product-type-simple"},"exclude_global_add_ons":[],"addons":[],"acf":[],"yoast_head":"<!-- This site is optimized with the Yoast SEO plugin v27.1.1 - https:\/\/yoast.com\/product\/yoast-seo-wordpress\/ -->\n<title>YappyAir madrats 60x120, \u041c\u0430\u0442\u0440\u0430\u0441\u044b \u0438 \u043c\u0430\u0442\u0440\u0430\u0441\u044b-\u043f\u043e\u043a\u0440\u044b\u0432\u0430\u043b\u0430, \u0428\u0438\u0440\u0438\u043d\u043e\u0439 \u0434\u043e 60 c\u043c, M\u0435\u0431\u0435\u043b\u044c, YappyKids -20%, Beebipood<\/title>\n<meta name=\"description\" content=\"YappyAir madrats 60x120, YappyAir madrats. See eriti h\u00e4sti hingav h\u00fcpoallergeenne Air cells ehk \u00f5hurakkudega madratsikate aitab\" \/>\n<meta name=\"robots\" content=\"index, follow, max-snippet:-1, max-image-preview:large, max-video-preview:-1\" \/>\n<link rel=\"canonical\" href=\"https:\/\/beebipood.ee\/ru\/produkt\/yappynap-voodisahtel-lisavoodi-ratastel-white\/\" \/>\n<meta property=\"og:locale\" content=\"ru_RU\" \/>\n<meta property=\"og:type\" content=\"article\" \/>\n<meta property=\"og:title\" content=\"YappyAir madrats 60x120, \u041c\u0430\u0442\u0440\u0430\u0441\u044b \u0438 \u043c\u0430\u0442\u0440\u0430\u0441\u044b-\u043f\u043e\u043a\u0440\u044b\u0432\u0430\u043b\u0430, \u0428\u0438\u0440\u0438\u043d\u043e\u0439 \u0434\u043e 60 c\u043c, M\u0435\u0431\u0435\u043b\u044c, YappyKids -20%, Beebipood\" \/>\n<meta property=\"og:description\" content=\"YappyAir madrats 60x120, YappyAir madrats. See eriti h\u00e4sti hingav h\u00fcpoallergeenne Air cells ehk \u00f5hurakkudega madratsikate aitab\" \/>\n<meta property=\"og:url\" content=\"https:\/\/beebipood.ee\/ru\/produkt\/yappynap-voodisahtel-lisavoodi-ratastel-white\/\" \/>\n<meta property=\"og:site_name\" content=\"Beebipood\" \/>\n<meta property=\"article:modified_time\" content=\"2025-04-30T07:05:29+00:00\" \/>\n<meta property=\"og:image\" content=\"https:\/\/beebipood.ee\/wp-content\/uploads\/2020\/07\/yappynap-kast-white.webp\" \/>\n\t<meta property=\"og:image:width\" content=\"1200\" \/>\n\t<meta property=\"og:image:height\" content=\"900\" \/>\n\t<meta property=\"og:image:type\" content=\"image\/webp\" \/>\n<meta name=\"twitter:card\" content=\"summary_large_image\" \/>\n<meta name=\"twitter:label1\" content=\"\u041f\u0440\u0438\u043c\u0435\u0440\u043d\u043e\u0435 \u0432\u0440\u0435\u043c\u044f \u0434\u043b\u044f \u0447\u0442\u0435\u043d\u0438\u044f\" \/>\n\t<meta name=\"twitter:data1\" content=\"1 \u043c\u0438\u043d\u0443\u0442\u0430\" \/>\n<script type=\"application\/ld+json\" class=\"yoast-schema-graph\">{\"@context\":\"https:\/\/schema.org\",\"@graph\":[{\"@type\":\"WebPage\",\"@id\":\"https:\/\/beebipood.ee\/ru\/produkt\/yappynap-voodisahtel-lisavoodi-ratastel-white\/\",\"url\":\"https:\/\/beebipood.ee\/ru\/produkt\/yappynap-voodisahtel-lisavoodi-ratastel-white\/\",\"name\":\"YappyAir madrats 60x120, \u041c\u0430\u0442\u0440\u0430\u0441\u044b \u0438 \u043c\u0430\u0442\u0440\u0430\u0441\u044b-\u043f\u043e\u043a\u0440\u044b\u0432\u0430\u043b\u0430, \u0428\u0438\u0440\u0438\u043d\u043e\u0439 \u0434\u043e 60 c\u043c, M\u0435\u0431\u0435\u043b\u044c, YappyKids -20%, Beebipood\",\"isPartOf\":{\"@id\":\"https:\/\/beebipood.ee\/ru\/#website\"},\"primaryImageOfPage\":{\"@id\":\"https:\/\/beebipood.ee\/ru\/produkt\/yappynap-voodisahtel-lisavoodi-ratastel-white\/#primaryimage\"},\"image\":{\"@id\":\"https:\/\/beebipood.ee\/ru\/produkt\/yappynap-voodisahtel-lisavoodi-ratastel-white\/#primaryimage\"},\"thumbnailUrl\":\"https:\/\/beebipood.ee\/wp-content\/uploads\/2020\/07\/yappynap-kast-white.webp\",\"datePublished\":\"2020-07-02T07:38:56+00:00\",\"dateModified\":\"2025-04-30T07:05:29+00:00\",\"description\":\"YappyAir madrats 60x120, YappyAir madrats. See eriti h\u00e4sti hingav h\u00fcpoallergeenne Air cells ehk \u00f5hurakkudega madratsikate aitab\",\"breadcrumb\":{\"@id\":\"https:\/\/beebipood.ee\/ru\/produkt\/yappynap-voodisahtel-lisavoodi-ratastel-white\/#breadcrumb\"},\"inLanguage\":\"ru-RU\",\"potentialAction\":[{\"@type\":\"ReadAction\",\"target\":[\"https:\/\/beebipood.ee\/ru\/produkt\/yappynap-voodisahtel-lisavoodi-ratastel-white\/\"]}]},{\"@type\":\"ImageObject\",\"inLanguage\":\"ru-RU\",\"@id\":\"https:\/\/beebipood.ee\/ru\/produkt\/yappynap-voodisahtel-lisavoodi-ratastel-white\/#primaryimage\",\"url\":\"https:\/\/beebipood.ee\/wp-content\/uploads\/2020\/07\/yappynap-kast-white.webp\",\"contentUrl\":\"https:\/\/beebipood.ee\/wp-content\/uploads\/2020\/07\/yappynap-kast-white.webp\",\"width\":1200,\"height\":900},{\"@type\":\"BreadcrumbList\",\"@id\":\"https:\/\/beebipood.ee\/ru\/produkt\/yappynap-voodisahtel-lisavoodi-ratastel-white\/#breadcrumb\",\"itemListElement\":[{\"@type\":\"ListItem\",\"position\":1,\"name\":\"Home\",\"item\":\"https:\/\/beebipood.ee\/ru\/\"},{\"@type\":\"ListItem\",\"position\":2,\"name\":\"\u041a\u0430\u0442\u0430\u043b\u043e\u0433 \u0442\u043e\u0432\u0430\u0440\u043e\u0432\",\"item\":\"https:\/\/beebipood.ee\/tooted\/\"},{\"@type\":\"ListItem\",\"position\":3,\"name\":\"YappyNap voodisahtel\/lisavoodi ratastel, white\"}]},{\"@type\":\"WebSite\",\"@id\":\"https:\/\/beebipood.ee\/ru\/#website\",\"url\":\"https:\/\/beebipood.ee\/ru\/\",\"name\":\"Beebipood\",\"description\":\"Lastekaubad, beebikaubad, m\u00e4nguasjad\",\"publisher\":{\"@id\":\"https:\/\/beebipood.ee\/ru\/#organization\"},\"potentialAction\":[{\"@type\":\"SearchAction\",\"target\":{\"@type\":\"EntryPoint\",\"urlTemplate\":\"https:\/\/beebipood.ee\/ru\/?s={search_term_string}\"},\"query-input\":{\"@type\":\"PropertyValueSpecification\",\"valueRequired\":true,\"valueName\":\"search_term_string\"}}],\"inLanguage\":\"ru-RU\"},{\"@type\":\"Organization\",\"@id\":\"https:\/\/beebipood.ee\/ru\/#organization\",\"name\":\"Beebipood\",\"url\":\"https:\/\/beebipood.ee\/ru\/\",\"logo\":{\"@type\":\"ImageObject\",\"inLanguage\":\"ru-RU\",\"@id\":\"https:\/\/beebipood.ee\/ru\/#\/schema\/logo\/image\/\",\"url\":\"https:\/\/beebipood.ee\/wp-content\/uploads\/2025\/03\/beebipood.ee-logo-1.svg\",\"contentUrl\":\"https:\/\/beebipood.ee\/wp-content\/uploads\/2025\/03\/beebipood.ee-logo-1.svg\",\"caption\":\"Beebipood\"},\"image\":{\"@id\":\"https:\/\/beebipood.ee\/ru\/#\/schema\/logo\/image\/\"}}]}<\/script>\n<!-- \/ Yoast SEO plugin. -->","yoast_head_json":{"title":"YappyAir madrats 60x120, \u041c\u0430\u0442\u0440\u0430\u0441\u044b \u0438 \u043c\u0430\u0442\u0440\u0430\u0441\u044b-\u043f\u043e\u043a\u0440\u044b\u0432\u0430\u043b\u0430, \u0428\u0438\u0440\u0438\u043d\u043e\u0439 \u0434\u043e 60 c\u043c, M\u0435\u0431\u0435\u043b\u044c, YappyKids -20%, Beebipood","description":"YappyAir madrats 60x120, YappyAir madrats. See eriti h\u00e4sti hingav h\u00fcpoallergeenne Air cells ehk \u00f5hurakkudega madratsikate aitab","robots":{"index":"index","follow":"follow","max-snippet":"max-snippet:-1","max-image-preview":"max-image-preview:large","max-video-preview":"max-video-preview:-1"},"canonical":"https:\/\/beebipood.ee\/ru\/produkt\/yappynap-voodisahtel-lisavoodi-ratastel-white\/","og_locale":"ru_RU","og_type":"article","og_title":"YappyAir madrats 60x120, \u041c\u0430\u0442\u0440\u0430\u0441\u044b \u0438 \u043c\u0430\u0442\u0440\u0430\u0441\u044b-\u043f\u043e\u043a\u0440\u044b\u0432\u0430\u043b\u0430, \u0428\u0438\u0440\u0438\u043d\u043e\u0439 \u0434\u043e 60 c\u043c, M\u0435\u0431\u0435\u043b\u044c, YappyKids -20%, Beebipood","og_description":"YappyAir madrats 60x120, YappyAir madrats. See eriti h\u00e4sti hingav h\u00fcpoallergeenne Air cells ehk \u00f5hurakkudega madratsikate aitab","og_url":"https:\/\/beebipood.ee\/ru\/produkt\/yappynap-voodisahtel-lisavoodi-ratastel-white\/","og_site_name":"Beebipood","article_modified_time":"2025-04-30T07:05:29+00:00","og_image":[{"width":1200,"height":900,"url":"https:\/\/beebipood.ee\/wp-content\/uploads\/2020\/07\/yappynap-kast-white.webp","type":"image\/webp"}],"twitter_card":"summary_large_image","twitter_misc":{"\u041f\u0440\u0438\u043c\u0435\u0440\u043d\u043e\u0435 \u0432\u0440\u0435\u043c\u044f \u0434\u043b\u044f \u0447\u0442\u0435\u043d\u0438\u044f":"1 \u043c\u0438\u043d\u0443\u0442\u0430"},"schema":{"@context":"https:\/\/schema.org","@graph":[{"@type":"WebPage","@id":"https:\/\/beebipood.ee\/ru\/produkt\/yappynap-voodisahtel-lisavoodi-ratastel-white\/","url":"https:\/\/beebipood.ee\/ru\/produkt\/yappynap-voodisahtel-lisavoodi-ratastel-white\/","name":"YappyAir madrats 60x120, \u041c\u0430\u0442\u0440\u0430\u0441\u044b \u0438 \u043c\u0430\u0442\u0440\u0430\u0441\u044b-\u043f\u043e\u043a\u0440\u044b\u0432\u0430\u043b\u0430, \u0428\u0438\u0440\u0438\u043d\u043e\u0439 \u0434\u043e 60 c\u043c, M\u0435\u0431\u0435\u043b\u044c, YappyKids -20%, Beebipood","isPartOf":{"@id":"https:\/\/beebipood.ee\/ru\/#website"},"primaryImageOfPage":{"@id":"https:\/\/beebipood.ee\/ru\/produkt\/yappynap-voodisahtel-lisavoodi-ratastel-white\/#primaryimage"},"image":{"@id":"https:\/\/beebipood.ee\/ru\/produkt\/yappynap-voodisahtel-lisavoodi-ratastel-white\/#primaryimage"},"thumbnailUrl":"https:\/\/beebipood.ee\/wp-content\/uploads\/2020\/07\/yappynap-kast-white.webp","datePublished":"2020-07-02T07:38:56+00:00","dateModified":"2025-04-30T07:05:29+00:00","description":"YappyAir madrats 60x120, YappyAir madrats. See eriti h\u00e4sti hingav h\u00fcpoallergeenne Air cells ehk \u00f5hurakkudega madratsikate aitab","breadcrumb":{"@id":"https:\/\/beebipood.ee\/ru\/produkt\/yappynap-voodisahtel-lisavoodi-ratastel-white\/#breadcrumb"},"inLanguage":"ru-RU","potentialAction":[{"@type":"ReadAction","target":["https:\/\/beebipood.ee\/ru\/produkt\/yappynap-voodisahtel-lisavoodi-ratastel-white\/"]}]},{"@type":"ImageObject","inLanguage":"ru-RU","@id":"https:\/\/beebipood.ee\/ru\/produkt\/yappynap-voodisahtel-lisavoodi-ratastel-white\/#primaryimage","url":"https:\/\/beebipood.ee\/wp-content\/uploads\/2020\/07\/yappynap-kast-white.webp","contentUrl":"https:\/\/beebipood.ee\/wp-content\/uploads\/2020\/07\/yappynap-kast-white.webp","width":1200,"height":900},{"@type":"BreadcrumbList","@id":"https:\/\/beebipood.ee\/ru\/produkt\/yappynap-voodisahtel-lisavoodi-ratastel-white\/#breadcrumb","itemListElement":[{"@type":"ListItem","position":1,"name":"Home","item":"https:\/\/beebipood.ee\/ru\/"},{"@type":"ListItem","position":2,"name":"\u041a\u0430\u0442\u0430\u043b\u043e\u0433 \u0442\u043e\u0432\u0430\u0440\u043e\u0432","item":"https:\/\/beebipood.ee\/tooted\/"},{"@type":"ListItem","position":3,"name":"YappyNap voodisahtel\/lisavoodi ratastel, white"}]},{"@type":"WebSite","@id":"https:\/\/beebipood.ee\/ru\/#website","url":"https:\/\/beebipood.ee\/ru\/","name":"Beebipood","description":"Lastekaubad, beebikaubad, m\u00e4nguasjad","publisher":{"@id":"https:\/\/beebipood.ee\/ru\/#organization"},"potentialAction":[{"@type":"SearchAction","target":{"@type":"EntryPoint","urlTemplate":"https:\/\/beebipood.ee\/ru\/?s={search_term_string}"},"query-input":{"@type":"PropertyValueSpecification","valueRequired":true,"valueName":"search_term_string"}}],"inLanguage":"ru-RU"},{"@type":"Organization","@id":"https:\/\/beebipood.ee\/ru\/#organization","name":"Beebipood","url":"https:\/\/beebipood.ee\/ru\/","logo":{"@type":"ImageObject","inLanguage":"ru-RU","@id":"https:\/\/beebipood.ee\/ru\/#\/schema\/logo\/image\/","url":"https:\/\/beebipood.ee\/wp-content\/uploads\/2025\/03\/beebipood.ee-logo-1.svg","contentUrl":"https:\/\/beebipood.ee\/wp-content\/uploads\/2025\/03\/beebipood.ee-logo-1.svg","caption":"Beebipood"},"image":{"@id":"https:\/\/beebipood.ee\/ru\/#\/schema\/logo\/image\/"}}]}},"brands":[{"id":11969,"name":"YappyKids","slug":"yappykids-ru"}],"_links":{"self":[{"href":"https:\/\/beebipood.ee\/ru\/wp-json\/wp\/v2\/product\/459421","targetHints":{"allow":["GET"]}}],"collection":[{"href":"https:\/\/beebipood.ee\/ru\/wp-json\/wp\/v2\/product"}],"about":[{"href":"https:\/\/beebipood.ee\/ru\/wp-json\/wp\/v2\/types\/product"}],"wp:featuredmedia":[{"embeddable":true,"href":"https:\/\/beebipood.ee\/ru\/wp-json\/wp\/v2\/media\/504236"}],"wp:attachment":[{"href":"https:\/\/beebipood.ee\/ru\/wp-json\/wp\/v2\/media?parent=459421"}],"wp:term":[{"taxonomy":"pwb-brand","embeddable":true,"href":"https:\/\/beebipood.ee\/ru\/wp-json\/wp\/v2\/pwb-brand?post=459421"},{"taxonomy":"product_brand","embeddable":true,"href":"https:\/\/beebipood.ee\/ru\/wp-json\/wp\/v2\/product_brand?post=459421"},{"taxonomy":"product_cat","embeddable":true,"href":"https:\/\/beebipood.ee\/ru\/wp-json\/wp\/v2\/product_cat?post=459421"},{"taxonomy":"product_tag","embeddable":true,"href":"https:\/\/beebipood.ee\/ru\/wp-json\/wp\/v2\/product_tag?post=459421"}],"curies":[{"name":"wp","href":"https:\/\/api.w.org\/{rel}","templated":true}]}}