{"id":459427,"date":"2020-07-09T08:25:06","date_gmt":"2020-07-09T05:25:06","guid":{"rendered":"https:\/\/beebipood.ee\/toode\/alecto-beebimonitor-dbx-85-eco\/"},"modified":"2025-04-09T15:57:01","modified_gmt":"2025-04-09T12:57:01","slug":"alecto-beebimonitor-dvm-200-black","status":"publish","type":"product","link":"https:\/\/beebipood.ee\/ru\/produkt\/alecto-beebimonitor-dvm-200-black\/","title":{"rendered":"Alecto beebimonitor DVM-200, Black"},"content":{"rendered":"<p>Hollandi firma Alecto poolt v\u00e4lja t\u00f6\u00f6tatud puuteekraaniga beebimonitor.<br \/>\nSuure ekraaniga videomonitor Alecto DVM-200<br \/>\npakub parimat videolahendust beebi j\u00e4lgimiseks.<\/p>\n<p><strong>Omadused<\/strong><br \/>\n4.3 tolline ekraan (11cm) \u2013 sarnane enamus nutitelefonidele<br \/>\nEkraaniga juhitav kaamera<br \/>\nV\u00f5imalik \u00fche ekraaniga siduda kokku 4 kaamerat (tellimisel)<br \/>\n5 sisse programmeeritud h\u00e4llilaulu<br \/>\nTemperatuurin\u00e4it<br \/>\nV\u00f5imalus beebiga r\u00e4\u00e4kida l\u00e4bi mikrofoni<br \/>\nV\u00e4ga hea n\u00e4htavus ka pimedas t\u00e4nu infrapuna valgusele<br \/>\nVastuv\u00f5tja (vanemapoolne seade) t\u00f6\u00f6tab aku peal (kaasas laadija)<br \/>\nSaatja (beebipoolne seade) t\u00f6\u00f6tab vooluv\u00f5rgust<br \/>\nAutomaatne \u201clevist v\u00e4jas\u201d hoiatus m\u00e4rguanne<br \/>\nH\u00e4\u00e4lega sissel\u00fclitatav ekraan<br \/>\nLeviala 300m \u00f5ues (sisetingimustes 50m)<br \/>\nKomplektis<br \/>\nDVM-200 beebimonitori kaamera<br \/>\n4.3 tolline ekraan (vastuv\u00f5tja)<br \/>\n2 adapterit laadimiseks<br \/>\nSeinale kinnitamise detail (kaamera jaoks)<br \/>\nKaamera tuleb paigaldada v\u00e4hemalt 1 meetri kaugusele lapsest.<\/p>\n","protected":false},"excerpt":{"rendered":"<p>Hollandi firma Alecto poolt v\u00e4lja t\u00f6\u00f6tatud puuteekraaniga beebimonitor. Suure ekraaniga videomonitor Alecto DVM-200 pakub parimat videolahendust beebi j\u00e4lgimiseks. Omadused 4.3 tolline ekraan (11cm) \u2013 sarnane enamus nutitelefonidele Ekraaniga juhitav kaamera V\u00f5imalik \u00fche ekraaniga siduda kokku 4 kaamerat (tellimisel) 5 sisse programmeeritud h\u00e4llilaulu Temperatuurin\u00e4it V\u00f5imalus beebiga r\u00e4\u00e4kida l\u00e4bi mikrofoni V\u00e4ga hea n\u00e4htavus ka pimedas t\u00e4nu infrapuna [&hellip;]<\/p>\n","protected":false},"featured_media":503784,"template":"","meta":{"_acf_changed":false},"pwb-brand":[11968],"product_brand":[],"product_cat":[11703,11707,11709,11791],"product_tag":[],"class_list":{"0":"post-459427","1":"product","2":"type-product","3":"status-publish","4":"has-post-thumbnail","6":"pwb-brand-alecto-ru","7":"product_cat-turvalisus-maneezid-turvavaravad-piirded-ru","8":"product_cat-beebimonitorid-ru","9":"product_cat-sootmistoolid-beebi-ja-lastetarbed-mahkimine-hugieen-ru","10":"product_cat-turvavarustus-ru","11":"pa_manufacturer-alecto-ru","13":"first","14":"onbackorder","15":"taxable","16":"shipping-taxable","17":"purchasable","18":"product-type-simple"},"exclude_global_add_ons":[],"addons":[],"acf":[],"yoast_head":"<!-- This site is optimized with the Yoast SEO plugin v27.1.1 - https:\/\/yoast.com\/product\/yoast-seo-wordpress\/ -->\n<title>Alecto beebimonitor DBX-85 Eco, \u0411\u0435\u0437\u043e\u043f\u0430\u0441\u043d\u043e\u0441\u0442\u044c, \u0432\u043e\u0440\u043e\u0442\u0430 \u0431\u0435\u0437\u043e\u043f\u0430\u0441\u043d\u043e\u0441\u0442\u0438,\u043c\u0430\u043d\u0435\u0436\u0438, \u0420\u0430\u0434\u0438\u043e\u043d\u044f\u043d\u0438, \u041f\u0440\u0438\u043d\u0430\u0434\u043b\u0435\u0436\u043d\u043e\u0441\u0442\u0438 \u0434\u043b\u044f \u043c\u043b\u0430\u0434\u0435\u043d\u0446\u0435\u0432, \u0421\u043d\u0430\u0440\u044f\u0436\u0435\u043d\u0438\u044f \u0431\u0435\u0437\u043e\u043f\u0430\u0441\u043d\u043e\u0441\u0442\u0438, Beebipood<\/title>\n<meta name=\"description\" content=\"Alecto beebimonitor DBX-85 Eco, Hollandi lapsevanemate poolt palju kiidetud Alecto DBX-85 ECO kasutab DECT-tehnoloogiat, mis t\u00e4hendab, et selle sa\" \/>\n<meta name=\"robots\" content=\"index, follow, max-snippet:-1, max-image-preview:large, max-video-preview:-1\" \/>\n<link rel=\"canonical\" href=\"https:\/\/beebipood.ee\/ru\/produkt\/alecto-beebimonitor-dvm-200-black\/\" \/>\n<meta property=\"og:locale\" content=\"ru_RU\" \/>\n<meta property=\"og:type\" content=\"article\" \/>\n<meta property=\"og:title\" content=\"Alecto beebimonitor DBX-85 Eco, \u0411\u0435\u0437\u043e\u043f\u0430\u0441\u043d\u043e\u0441\u0442\u044c, \u0432\u043e\u0440\u043e\u0442\u0430 \u0431\u0435\u0437\u043e\u043f\u0430\u0441\u043d\u043e\u0441\u0442\u0438,\u043c\u0430\u043d\u0435\u0436\u0438, \u0420\u0430\u0434\u0438\u043e\u043d\u044f\u043d\u0438, \u041f\u0440\u0438\u043d\u0430\u0434\u043b\u0435\u0436\u043d\u043e\u0441\u0442\u0438 \u0434\u043b\u044f \u043c\u043b\u0430\u0434\u0435\u043d\u0446\u0435\u0432, \u0421\u043d\u0430\u0440\u044f\u0436\u0435\u043d\u0438\u044f \u0431\u0435\u0437\u043e\u043f\u0430\u0441\u043d\u043e\u0441\u0442\u0438, Beebipood\" \/>\n<meta property=\"og:description\" content=\"Alecto beebimonitor DBX-85 Eco, Hollandi lapsevanemate poolt palju kiidetud Alecto DBX-85 ECO kasutab DECT-tehnoloogiat, mis t\u00e4hendab, et selle sa\" \/>\n<meta property=\"og:url\" content=\"https:\/\/beebipood.ee\/ru\/produkt\/alecto-beebimonitor-dvm-200-black\/\" \/>\n<meta property=\"og:site_name\" content=\"Beebipood\" \/>\n<meta property=\"article:modified_time\" content=\"2025-04-09T12:57:01+00:00\" \/>\n<meta property=\"og:image\" content=\"https:\/\/beebipood.ee\/wp-content\/uploads\/2020\/07\/alecto-beebimonitor-kaameraga-dvm-200-black.jpg\" \/>\n\t<meta property=\"og:image:width\" content=\"1200\" \/>\n\t<meta property=\"og:image:height\" content=\"1200\" \/>\n\t<meta property=\"og:image:type\" content=\"image\/jpeg\" \/>\n<meta name=\"twitter:card\" content=\"summary_large_image\" \/>\n<meta name=\"twitter:label1\" content=\"\u041f\u0440\u0438\u043c\u0435\u0440\u043d\u043e\u0435 \u0432\u0440\u0435\u043c\u044f \u0434\u043b\u044f \u0447\u0442\u0435\u043d\u0438\u044f\" \/>\n\t<meta name=\"twitter:data1\" content=\"1 \u043c\u0438\u043d\u0443\u0442\u0430\" \/>\n<script type=\"application\/ld+json\" class=\"yoast-schema-graph\">{\"@context\":\"https:\/\/schema.org\",\"@graph\":[{\"@type\":\"WebPage\",\"@id\":\"https:\/\/beebipood.ee\/ru\/produkt\/alecto-beebimonitor-dvm-200-black\/\",\"url\":\"https:\/\/beebipood.ee\/ru\/produkt\/alecto-beebimonitor-dvm-200-black\/\",\"name\":\"Alecto beebimonitor DBX-85 Eco, \u0411\u0435\u0437\u043e\u043f\u0430\u0441\u043d\u043e\u0441\u0442\u044c, \u0432\u043e\u0440\u043e\u0442\u0430 \u0431\u0435\u0437\u043e\u043f\u0430\u0441\u043d\u043e\u0441\u0442\u0438,\u043c\u0430\u043d\u0435\u0436\u0438, \u0420\u0430\u0434\u0438\u043e\u043d\u044f\u043d\u0438, \u041f\u0440\u0438\u043d\u0430\u0434\u043b\u0435\u0436\u043d\u043e\u0441\u0442\u0438 \u0434\u043b\u044f \u043c\u043b\u0430\u0434\u0435\u043d\u0446\u0435\u0432, \u0421\u043d\u0430\u0440\u044f\u0436\u0435\u043d\u0438\u044f \u0431\u0435\u0437\u043e\u043f\u0430\u0441\u043d\u043e\u0441\u0442\u0438, Beebipood\",\"isPartOf\":{\"@id\":\"https:\/\/beebipood.ee\/ru\/#website\"},\"primaryImageOfPage\":{\"@id\":\"https:\/\/beebipood.ee\/ru\/produkt\/alecto-beebimonitor-dvm-200-black\/#primaryimage\"},\"image\":{\"@id\":\"https:\/\/beebipood.ee\/ru\/produkt\/alecto-beebimonitor-dvm-200-black\/#primaryimage\"},\"thumbnailUrl\":\"https:\/\/beebipood.ee\/wp-content\/uploads\/2020\/07\/alecto-beebimonitor-kaameraga-dvm-200-black.jpg\",\"datePublished\":\"2020-07-09T05:25:06+00:00\",\"dateModified\":\"2025-04-09T12:57:01+00:00\",\"description\":\"Alecto beebimonitor DBX-85 Eco, Hollandi lapsevanemate poolt palju kiidetud Alecto DBX-85 ECO kasutab DECT-tehnoloogiat, mis t\u00e4hendab, et selle sa\",\"breadcrumb\":{\"@id\":\"https:\/\/beebipood.ee\/ru\/produkt\/alecto-beebimonitor-dvm-200-black\/#breadcrumb\"},\"inLanguage\":\"ru-RU\",\"potentialAction\":[{\"@type\":\"ReadAction\",\"target\":[\"https:\/\/beebipood.ee\/ru\/produkt\/alecto-beebimonitor-dvm-200-black\/\"]}]},{\"@type\":\"ImageObject\",\"inLanguage\":\"ru-RU\",\"@id\":\"https:\/\/beebipood.ee\/ru\/produkt\/alecto-beebimonitor-dvm-200-black\/#primaryimage\",\"url\":\"https:\/\/beebipood.ee\/wp-content\/uploads\/2020\/07\/alecto-beebimonitor-kaameraga-dvm-200-black.jpg\",\"contentUrl\":\"https:\/\/beebipood.ee\/wp-content\/uploads\/2020\/07\/alecto-beebimonitor-kaameraga-dvm-200-black.jpg\",\"width\":1200,\"height\":1200},{\"@type\":\"BreadcrumbList\",\"@id\":\"https:\/\/beebipood.ee\/ru\/produkt\/alecto-beebimonitor-dvm-200-black\/#breadcrumb\",\"itemListElement\":[{\"@type\":\"ListItem\",\"position\":1,\"name\":\"Home\",\"item\":\"https:\/\/beebipood.ee\/ru\/\"},{\"@type\":\"ListItem\",\"position\":2,\"name\":\"\u041a\u0430\u0442\u0430\u043b\u043e\u0433 \u0442\u043e\u0432\u0430\u0440\u043e\u0432\",\"item\":\"https:\/\/beebipood.ee\/tooted\/\"},{\"@type\":\"ListItem\",\"position\":3,\"name\":\"Alecto beebimonitor DVM-200, Black\"}]},{\"@type\":\"WebSite\",\"@id\":\"https:\/\/beebipood.ee\/ru\/#website\",\"url\":\"https:\/\/beebipood.ee\/ru\/\",\"name\":\"Beebipood\",\"description\":\"Lastekaubad, beebikaubad, m\u00e4nguasjad\",\"publisher\":{\"@id\":\"https:\/\/beebipood.ee\/ru\/#organization\"},\"potentialAction\":[{\"@type\":\"SearchAction\",\"target\":{\"@type\":\"EntryPoint\",\"urlTemplate\":\"https:\/\/beebipood.ee\/ru\/?s={search_term_string}\"},\"query-input\":{\"@type\":\"PropertyValueSpecification\",\"valueRequired\":true,\"valueName\":\"search_term_string\"}}],\"inLanguage\":\"ru-RU\"},{\"@type\":\"Organization\",\"@id\":\"https:\/\/beebipood.ee\/ru\/#organization\",\"name\":\"Beebipood\",\"url\":\"https:\/\/beebipood.ee\/ru\/\",\"logo\":{\"@type\":\"ImageObject\",\"inLanguage\":\"ru-RU\",\"@id\":\"https:\/\/beebipood.ee\/ru\/#\/schema\/logo\/image\/\",\"url\":\"https:\/\/beebipood.ee\/wp-content\/uploads\/2025\/03\/beebipood.ee-logo-1.svg\",\"contentUrl\":\"https:\/\/beebipood.ee\/wp-content\/uploads\/2025\/03\/beebipood.ee-logo-1.svg\",\"caption\":\"Beebipood\"},\"image\":{\"@id\":\"https:\/\/beebipood.ee\/ru\/#\/schema\/logo\/image\/\"}}]}<\/script>\n<!-- \/ Yoast SEO plugin. -->","yoast_head_json":{"title":"Alecto beebimonitor DBX-85 Eco, \u0411\u0435\u0437\u043e\u043f\u0430\u0441\u043d\u043e\u0441\u0442\u044c, \u0432\u043e\u0440\u043e\u0442\u0430 \u0431\u0435\u0437\u043e\u043f\u0430\u0441\u043d\u043e\u0441\u0442\u0438,\u043c\u0430\u043d\u0435\u0436\u0438, \u0420\u0430\u0434\u0438\u043e\u043d\u044f\u043d\u0438, \u041f\u0440\u0438\u043d\u0430\u0434\u043b\u0435\u0436\u043d\u043e\u0441\u0442\u0438 \u0434\u043b\u044f \u043c\u043b\u0430\u0434\u0435\u043d\u0446\u0435\u0432, \u0421\u043d\u0430\u0440\u044f\u0436\u0435\u043d\u0438\u044f \u0431\u0435\u0437\u043e\u043f\u0430\u0441\u043d\u043e\u0441\u0442\u0438, Beebipood","description":"Alecto beebimonitor DBX-85 Eco, Hollandi lapsevanemate poolt palju kiidetud Alecto DBX-85 ECO kasutab DECT-tehnoloogiat, mis t\u00e4hendab, et selle sa","robots":{"index":"index","follow":"follow","max-snippet":"max-snippet:-1","max-image-preview":"max-image-preview:large","max-video-preview":"max-video-preview:-1"},"canonical":"https:\/\/beebipood.ee\/ru\/produkt\/alecto-beebimonitor-dvm-200-black\/","og_locale":"ru_RU","og_type":"article","og_title":"Alecto beebimonitor DBX-85 Eco, \u0411\u0435\u0437\u043e\u043f\u0430\u0441\u043d\u043e\u0441\u0442\u044c, \u0432\u043e\u0440\u043e\u0442\u0430 \u0431\u0435\u0437\u043e\u043f\u0430\u0441\u043d\u043e\u0441\u0442\u0438,\u043c\u0430\u043d\u0435\u0436\u0438, \u0420\u0430\u0434\u0438\u043e\u043d\u044f\u043d\u0438, \u041f\u0440\u0438\u043d\u0430\u0434\u043b\u0435\u0436\u043d\u043e\u0441\u0442\u0438 \u0434\u043b\u044f \u043c\u043b\u0430\u0434\u0435\u043d\u0446\u0435\u0432, \u0421\u043d\u0430\u0440\u044f\u0436\u0435\u043d\u0438\u044f \u0431\u0435\u0437\u043e\u043f\u0430\u0441\u043d\u043e\u0441\u0442\u0438, Beebipood","og_description":"Alecto beebimonitor DBX-85 Eco, Hollandi lapsevanemate poolt palju kiidetud Alecto DBX-85 ECO kasutab DECT-tehnoloogiat, mis t\u00e4hendab, et selle sa","og_url":"https:\/\/beebipood.ee\/ru\/produkt\/alecto-beebimonitor-dvm-200-black\/","og_site_name":"Beebipood","article_modified_time":"2025-04-09T12:57:01+00:00","og_image":[{"width":1200,"height":1200,"url":"https:\/\/beebipood.ee\/wp-content\/uploads\/2020\/07\/alecto-beebimonitor-kaameraga-dvm-200-black.jpg","type":"image\/jpeg"}],"twitter_card":"summary_large_image","twitter_misc":{"\u041f\u0440\u0438\u043c\u0435\u0440\u043d\u043e\u0435 \u0432\u0440\u0435\u043c\u044f \u0434\u043b\u044f \u0447\u0442\u0435\u043d\u0438\u044f":"1 \u043c\u0438\u043d\u0443\u0442\u0430"},"schema":{"@context":"https:\/\/schema.org","@graph":[{"@type":"WebPage","@id":"https:\/\/beebipood.ee\/ru\/produkt\/alecto-beebimonitor-dvm-200-black\/","url":"https:\/\/beebipood.ee\/ru\/produkt\/alecto-beebimonitor-dvm-200-black\/","name":"Alecto beebimonitor DBX-85 Eco, \u0411\u0435\u0437\u043e\u043f\u0430\u0441\u043d\u043e\u0441\u0442\u044c, \u0432\u043e\u0440\u043e\u0442\u0430 \u0431\u0435\u0437\u043e\u043f\u0430\u0441\u043d\u043e\u0441\u0442\u0438,\u043c\u0430\u043d\u0435\u0436\u0438, \u0420\u0430\u0434\u0438\u043e\u043d\u044f\u043d\u0438, \u041f\u0440\u0438\u043d\u0430\u0434\u043b\u0435\u0436\u043d\u043e\u0441\u0442\u0438 \u0434\u043b\u044f \u043c\u043b\u0430\u0434\u0435\u043d\u0446\u0435\u0432, \u0421\u043d\u0430\u0440\u044f\u0436\u0435\u043d\u0438\u044f \u0431\u0435\u0437\u043e\u043f\u0430\u0441\u043d\u043e\u0441\u0442\u0438, Beebipood","isPartOf":{"@id":"https:\/\/beebipood.ee\/ru\/#website"},"primaryImageOfPage":{"@id":"https:\/\/beebipood.ee\/ru\/produkt\/alecto-beebimonitor-dvm-200-black\/#primaryimage"},"image":{"@id":"https:\/\/beebipood.ee\/ru\/produkt\/alecto-beebimonitor-dvm-200-black\/#primaryimage"},"thumbnailUrl":"https:\/\/beebipood.ee\/wp-content\/uploads\/2020\/07\/alecto-beebimonitor-kaameraga-dvm-200-black.jpg","datePublished":"2020-07-09T05:25:06+00:00","dateModified":"2025-04-09T12:57:01+00:00","description":"Alecto beebimonitor DBX-85 Eco, Hollandi lapsevanemate poolt palju kiidetud Alecto DBX-85 ECO kasutab DECT-tehnoloogiat, mis t\u00e4hendab, et selle sa","breadcrumb":{"@id":"https:\/\/beebipood.ee\/ru\/produkt\/alecto-beebimonitor-dvm-200-black\/#breadcrumb"},"inLanguage":"ru-RU","potentialAction":[{"@type":"ReadAction","target":["https:\/\/beebipood.ee\/ru\/produkt\/alecto-beebimonitor-dvm-200-black\/"]}]},{"@type":"ImageObject","inLanguage":"ru-RU","@id":"https:\/\/beebipood.ee\/ru\/produkt\/alecto-beebimonitor-dvm-200-black\/#primaryimage","url":"https:\/\/beebipood.ee\/wp-content\/uploads\/2020\/07\/alecto-beebimonitor-kaameraga-dvm-200-black.jpg","contentUrl":"https:\/\/beebipood.ee\/wp-content\/uploads\/2020\/07\/alecto-beebimonitor-kaameraga-dvm-200-black.jpg","width":1200,"height":1200},{"@type":"BreadcrumbList","@id":"https:\/\/beebipood.ee\/ru\/produkt\/alecto-beebimonitor-dvm-200-black\/#breadcrumb","itemListElement":[{"@type":"ListItem","position":1,"name":"Home","item":"https:\/\/beebipood.ee\/ru\/"},{"@type":"ListItem","position":2,"name":"\u041a\u0430\u0442\u0430\u043b\u043e\u0433 \u0442\u043e\u0432\u0430\u0440\u043e\u0432","item":"https:\/\/beebipood.ee\/tooted\/"},{"@type":"ListItem","position":3,"name":"Alecto beebimonitor DVM-200, Black"}]},{"@type":"WebSite","@id":"https:\/\/beebipood.ee\/ru\/#website","url":"https:\/\/beebipood.ee\/ru\/","name":"Beebipood","description":"Lastekaubad, beebikaubad, m\u00e4nguasjad","publisher":{"@id":"https:\/\/beebipood.ee\/ru\/#organization"},"potentialAction":[{"@type":"SearchAction","target":{"@type":"EntryPoint","urlTemplate":"https:\/\/beebipood.ee\/ru\/?s={search_term_string}"},"query-input":{"@type":"PropertyValueSpecification","valueRequired":true,"valueName":"search_term_string"}}],"inLanguage":"ru-RU"},{"@type":"Organization","@id":"https:\/\/beebipood.ee\/ru\/#organization","name":"Beebipood","url":"https:\/\/beebipood.ee\/ru\/","logo":{"@type":"ImageObject","inLanguage":"ru-RU","@id":"https:\/\/beebipood.ee\/ru\/#\/schema\/logo\/image\/","url":"https:\/\/beebipood.ee\/wp-content\/uploads\/2025\/03\/beebipood.ee-logo-1.svg","contentUrl":"https:\/\/beebipood.ee\/wp-content\/uploads\/2025\/03\/beebipood.ee-logo-1.svg","caption":"Beebipood"},"image":{"@id":"https:\/\/beebipood.ee\/ru\/#\/schema\/logo\/image\/"}}]}},"brands":[{"id":11968,"name":"Alecto","slug":"alecto-ru"}],"_links":{"self":[{"href":"https:\/\/beebipood.ee\/ru\/wp-json\/wp\/v2\/product\/459427","targetHints":{"allow":["GET"]}}],"collection":[{"href":"https:\/\/beebipood.ee\/ru\/wp-json\/wp\/v2\/product"}],"about":[{"href":"https:\/\/beebipood.ee\/ru\/wp-json\/wp\/v2\/types\/product"}],"wp:featuredmedia":[{"embeddable":true,"href":"https:\/\/beebipood.ee\/ru\/wp-json\/wp\/v2\/media\/503784"}],"wp:attachment":[{"href":"https:\/\/beebipood.ee\/ru\/wp-json\/wp\/v2\/media?parent=459427"}],"wp:term":[{"taxonomy":"pwb-brand","embeddable":true,"href":"https:\/\/beebipood.ee\/ru\/wp-json\/wp\/v2\/pwb-brand?post=459427"},{"taxonomy":"product_brand","embeddable":true,"href":"https:\/\/beebipood.ee\/ru\/wp-json\/wp\/v2\/product_brand?post=459427"},{"taxonomy":"product_cat","embeddable":true,"href":"https:\/\/beebipood.ee\/ru\/wp-json\/wp\/v2\/product_cat?post=459427"},{"taxonomy":"product_tag","embeddable":true,"href":"https:\/\/beebipood.ee\/ru\/wp-json\/wp\/v2\/product_tag?post=459427"}],"curies":[{"name":"wp","href":"https:\/\/api.w.org\/{rel}","templated":true}]}}