{"id":459431,"date":"2020-07-14T12:56:43","date_gmt":"2020-07-14T09:56:43","guid":{"rendered":"https:\/\/beebipood.ee\/toode\/thule-urban-glide-4-wheel-jalutuskaru-komplekt-2-in-1-vali-varv\/"},"modified":"2026-02-21T15:42:33","modified_gmt":"2026-02-21T13:42:33","slug":"thule-urban-glide-4-wheel-jalutuskaru-komplekt-2-in-1-vali-varv","status":"publish","type":"product","link":"https:\/\/beebipood.ee\/ru\/produkt\/thule-urban-glide-4-wheel-jalutuskaru-komplekt-2-in-1-vali-varv\/","title":{"rendered":"Thule Urban Glide 4-wheel jalutusk\u00e4ru komplekt 2 in 1, vali v\u00e4rv"},"content":{"rendered":"<h2 data-start=\"178\" data-end=\"279\">Thule Urban Glide 4-rattaline jalutusk\u00e4ru + vankrikorv \u2013 mugavus igaks p\u00e4evaks ja igale maastikule<\/h2>\n<p data-start=\"281\" data-end=\"557\">4-rattaline <strong data-start=\"293\" data-end=\"314\">Thule Urban Glide<\/strong> on mitmek\u00fclgne ja linnas\u00f5bralik jalutusk\u00e4ru, mis sobib ideaalselt nii vasts\u00fcndinutele kui ka v\u00e4ikelastele. See t\u00e4issuuruses k\u00e4ru \u00fchendab suurep\u00e4rase man\u00f6\u00f6verdusv\u00f5ime, sujuva s\u00f5idumugavuse ja praktilised lahendused aktiivse pere igap\u00e4evaeluks.<\/p>\n<p data-start=\"559\" data-end=\"725\">Olgu teie teekonnaks linnat\u00e4navad, pargiteed v\u00f5i metsarajad \u2013 Urban Glide liigub kergelt ja kindlalt k\u00f5ikjal, pakkudes mugavat s\u00f5itu nii lapsele kui ka lapsevanemale.<\/p>\n<hr data-start=\"727\" data-end=\"730\" \/>\n<h2 data-start=\"732\" data-end=\"765\">Miks valida Thule Urban Glide?<\/h2>\n<p data-start=\"767\" data-end=\"916\">\u2705 <strong data-start=\"769\" data-end=\"798\">Sujuv s\u00f5it igal maastikul<\/strong><br data-start=\"798\" data-end=\"801\" \/>\u00d5huga t\u00e4idetud rehvid ja kvaliteetne vedrustus tagavad pehme liikumise nii k\u00f5nniteedel kui ka ebatasasel maastikul.<\/p>\n<p data-start=\"918\" data-end=\"1082\">\u2705 <strong data-start=\"920\" data-end=\"949\">V\u00e4ga hea man\u00f6\u00f6verdusv\u00f5ime<\/strong><br data-start=\"949\" data-end=\"952\" \/>P\u00f6\u00f6ratav esiratas aitab h\u00f5lpsalt l\u00e4bida kitsaid poevahek\u00e4ike ja rahvarohkeid t\u00e4navaid. Suurema kiiruse jaoks saab ratta lukustada.<\/p>\n<p data-start=\"1084\" data-end=\"1238\">\u2705 <strong data-start=\"1086\" data-end=\"1118\">Lihtne kasutada igap\u00e4evaselt<\/strong><br data-start=\"1118\" data-end=\"1121\" \/>K\u00e4ru k\u00e4ib kompaktseks kokku \u00fche k\u00e4ega ning p\u00fcsib kokkupandult ise p\u00fcsti \u2014 ideaalne transportimiseks ja hoiustamiseks.<\/p>\n<p data-start=\"1240\" data-end=\"1397\">\u2705 <strong data-start=\"1242\" data-end=\"1272\">Mugav lapsele kogu p\u00e4evaks<\/strong><br data-start=\"1272\" data-end=\"1275\" \/>Reguleeritava seljatoe ja sisseehitatud jalatoega iste v\u00f5imaldab lapsel mugavalt nii maailma avastada kui ka uinakut teha.<\/p>\n<p data-start=\"1399\" data-end=\"1553\">\u2705 <strong data-start=\"1401\" data-end=\"1422\">Rohkelt hoiuruumi<\/strong><br data-start=\"1422\" data-end=\"1425\" \/>Suur t\u00f5mblukuga pagasikorv (kuni 10 kg), tagumine v\u00f5rktasku ja lisasahtlid mahutavad k\u00f5ik vajaliku \u2014 m\u00e4hkmekotist ostukottideni.<\/p>\n<hr data-start=\"1555\" data-end=\"1558\" \/>\n<h2 data-start=\"1560\" data-end=\"1594\">Turvaline ja l\u00e4bim\u00f5eldud disain<\/h2>\n<ul data-start=\"1596\" data-end=\"2050\">\n<li data-start=\"1596\" data-end=\"1656\">\n<p data-start=\"1598\" data-end=\"1656\">Reguleeritav ergonoomiline juhtraud mugavaks l\u00fckkamiseks<\/p>\n<\/li>\n<li data-start=\"1657\" data-end=\"1794\">\n<p data-start=\"1659\" data-end=\"1794\"><strong data-start=\"1659\" data-end=\"1700\">Viie punkti turvarihm magnetpannalaga<\/strong>, mis teeb lapse kinnitamise kiireks ja lihtsaks ning aitab rihmad turvaliselt paika suunata<\/p>\n<\/li>\n<li data-start=\"1795\" data-end=\"1854\">\n<p data-start=\"1797\" data-end=\"1854\">Suur ventilatsiooniavadega varikatus t\u00e4ieliku katvusega<\/p>\n<\/li>\n<li data-start=\"1855\" data-end=\"1906\">\n<p data-start=\"1857\" data-end=\"1906\">Piiluaken lapse j\u00e4lgimiseks ilma teda h\u00e4irimata<\/p>\n<\/li>\n<li data-start=\"1907\" data-end=\"1994\">\n<p data-start=\"1909\" data-end=\"1994\">P\u00f6\u00f6ratav k\u00e4sipidur sujuvaks kiiruse kontrolliks nii linnas kui ka m\u00e4gisel maastikul<\/p>\n<\/li>\n<li data-start=\"1995\" data-end=\"2050\">\n<p data-start=\"1997\" data-end=\"2050\">Helkurdetailid parema n\u00e4htavuse ja ohutuse tagamiseks<\/p>\n<\/li>\n<\/ul>\n<hr data-start=\"2052\" data-end=\"2055\" \/>\n<h2 data-start=\"2057\" data-end=\"2091\">Tehnilised andmed \u2013 jalutusk\u00e4ru<\/h2>\n<ul data-start=\"2093\" data-end=\"2357\">\n<li data-start=\"2093\" data-end=\"2130\">\n<p data-start=\"2095\" data-end=\"2130\">Maksimaalne kandev\u00f5ime: <strong data-start=\"2119\" data-end=\"2128\">34 kg<\/strong><\/p>\n<\/li>\n<li data-start=\"2131\" data-end=\"2168\">\n<p data-start=\"2133\" data-end=\"2168\">Lapse maksimaalne kaal: <strong data-start=\"2157\" data-end=\"2166\">22 kg<\/strong><\/p>\n<\/li>\n<li data-start=\"2169\" data-end=\"2199\">\n<p data-start=\"2171\" data-end=\"2199\">Pagasikorv: kuni <strong data-start=\"2188\" data-end=\"2197\">10 kg<\/strong><\/p>\n<\/li>\n<li data-start=\"2200\" data-end=\"2224\">\n<p data-start=\"2202\" data-end=\"2224\">K\u00e4ru kaal: <strong data-start=\"2213\" data-end=\"2222\">13 kg<\/strong><\/p>\n<\/li>\n<li data-start=\"2225\" data-end=\"2266\">\n<p data-start=\"2227\" data-end=\"2266\">M\u00f5\u00f5dud avatult: <strong data-start=\"2243\" data-end=\"2264\">110 \u00d7 69 \u00d7 114 cm<\/strong><\/p>\n<\/li>\n<li data-start=\"2267\" data-end=\"2311\">\n<p data-start=\"2269\" data-end=\"2311\">M\u00f5\u00f5dud kokkupandult: <strong data-start=\"2290\" data-end=\"2309\">88 \u00d7 58 \u00d7 28 cm<\/strong><\/p>\n<\/li>\n<li data-start=\"2312\" data-end=\"2338\">\n<p data-start=\"2314\" data-end=\"2338\">Istmek\u00f5rgus: <strong data-start=\"2327\" data-end=\"2336\">51 cm<\/strong><\/p>\n<\/li>\n<li data-start=\"2339\" data-end=\"2357\">\n<p data-start=\"2341\" data-end=\"2357\">Laius: <strong data-start=\"2348\" data-end=\"2357\">69 cm<\/strong><\/p>\n<\/li>\n<\/ul>\n<hr data-start=\"2359\" data-end=\"2362\" \/>\n<h2 data-start=\"2364\" data-end=\"2419\">Thule vankrikorv \u2013 ideaalne vasts\u00fcndinule (0\u20136 kuud)<\/h2>\n<p data-start=\"2421\" data-end=\"2601\">Vankrikorv muudab jalutusk\u00e4ru hetkega mugavaks lapsevankriks. T\u00e4nu lihtsale kl\u00f5pskinnitusele saab korvi kiiresti paigaldada ja sama h\u00f5lpsalt eemaldada \u2014 isegi siis, kui laps magab.<\/p>\n<h3 data-start=\"2603\" data-end=\"2632\">Mugavus ja kaitse beebile<\/h3>\n<ul data-start=\"2633\" data-end=\"2853\">\n<li data-start=\"2633\" data-end=\"2690\">\n<p data-start=\"2635\" data-end=\"2690\">Ventileeritav p\u00f5hi ja madrats tagavad hea \u00f5huringluse<\/p>\n<\/li>\n<li data-start=\"2691\" data-end=\"2737\">\n<p data-start=\"2693\" data-end=\"2737\">Pikendatav varikatus UV-kaitsega (UPF 50+)<\/p>\n<\/li>\n<li data-start=\"2738\" data-end=\"2768\">\n<p data-start=\"2740\" data-end=\"2768\">Pehme ja hubane sisekangas<\/p>\n<\/li>\n<li data-start=\"2769\" data-end=\"2811\">\n<p data-start=\"2771\" data-end=\"2811\">Vetth\u00fclgav ja vastupidav v\u00e4lismaterjal<\/p>\n<\/li>\n<li data-start=\"2812\" data-end=\"2853\">\n<p data-start=\"2814\" data-end=\"2853\">Eemaldatav masinpestava kattega madrats<\/p>\n<\/li>\n<\/ul>\n<h3 data-start=\"2855\" data-end=\"2879\">Praktilised detailid<\/h3>\n<ul data-start=\"2880\" data-end=\"2995\">\n<li data-start=\"2880\" data-end=\"2910\">\n<p data-start=\"2882\" data-end=\"2910\">Ergonoomiline kandek\u00e4epide<\/p>\n<\/li>\n<li data-start=\"2911\" data-end=\"2952\">\n<p data-start=\"2913\" data-end=\"2952\">Helkurdetailid parema n\u00e4htavuse jaoks<\/p>\n<\/li>\n<li data-start=\"2953\" data-end=\"2995\">\n<p data-start=\"2955\" data-end=\"2995\">Kiire sisse- ja v\u00e4ljakl\u00f5psatav paigaldus<\/p>\n<\/li>\n<\/ul>\n<p data-start=\"2997\" data-end=\"3012\">Sobib k\u00e4rudele:<\/p>\n<ul data-start=\"3013\" data-end=\"3102\">\n<li data-start=\"3013\" data-end=\"3043\">\n<p data-start=\"3015\" data-end=\"3043\">Thule Urban Glide 3 Single<\/p>\n<\/li>\n<li data-start=\"3044\" data-end=\"3074\">\n<p data-start=\"3046\" data-end=\"3074\">Thule Urban Glide 3 Double<\/p>\n<\/li>\n<li data-start=\"3075\" data-end=\"3102\">\n<p data-start=\"3077\" data-end=\"3102\">Thule Urban Glide 4-Wheel<\/p>\n<\/li>\n<\/ul>\n<hr data-start=\"3104\" data-end=\"3107\" \/>\n<h2 data-start=\"3109\" data-end=\"3142\">Tehnilised andmed \u2013 vankrikorv<\/h2>\n<ul data-start=\"3144\" data-end=\"3257\">\n<li data-start=\"3144\" data-end=\"3170\">\n<p data-start=\"3146\" data-end=\"3170\">M\u00f5\u00f5dud: <strong data-start=\"3154\" data-end=\"3168\">83 \u00d7 31 cm<\/strong><\/p>\n<\/li>\n<li data-start=\"3171\" data-end=\"3201\">\n<p data-start=\"3173\" data-end=\"3201\">Sisem\u00f5\u00f5dud: <strong data-start=\"3185\" data-end=\"3199\">75 \u00d7 30 cm<\/strong><\/p>\n<\/li>\n<li data-start=\"3202\" data-end=\"3238\">\n<p data-start=\"3204\" data-end=\"3238\">Maksimaalne lapse kaal: <strong data-start=\"3228\" data-end=\"3236\">9 kg<\/strong><\/p>\n<\/li>\n<li data-start=\"3239\" data-end=\"3257\">\n<p data-start=\"3241\" data-end=\"3257\">Kaal: <strong data-start=\"3247\" data-end=\"3257\">6,5 kg<\/strong><\/p>\n<\/li>\n<\/ul>\n","protected":false},"excerpt":{"rendered":"<p>Thule Urban Glide 4-rattaline jalutusk\u00e4ru + vankrikorv \u2013 mugavus igaks p\u00e4evaks ja igale maastikule 4-rattaline Thule Urban Glide on mitmek\u00fclgne ja linnas\u00f5bralik jalutusk\u00e4ru, mis sobib ideaalselt nii vasts\u00fcndinutele kui ka v\u00e4ikelastele. See t\u00e4issuuruses k\u00e4ru \u00fchendab suurep\u00e4rase man\u00f6\u00f6verdusv\u00f5ime, sujuva s\u00f5idumugavuse ja praktilised lahendused aktiivse pere igap\u00e4evaeluks. Olgu teie teekonnaks linnat\u00e4navad, pargiteed v\u00f5i metsarajad \u2013 Urban Glide [&hellip;]<\/p>\n","protected":false},"featured_media":172750,"template":"","meta":{"_acf_changed":false},"pwb-brand":[11980],"product_brand":[],"product_cat":[11573,11847,11851,11721,11717],"product_tag":[],"class_list":{"0":"post-459431","1":"product","2":"type-product","3":"status-publish","4":"has-post-thumbnail","6":"pwb-brand-thule-ru","7":"product_cat-sooduspakkumised-ru","8":"product_cat-thule-ru","9":"product_cat-thule-urban-glide-4-wheel-ru","10":"product_cat-jalutuskarud-ru","11":"product_cat-lastevankrid-ja-karud-ru","12":"pa_manufacturer-thule-ru","14":"first","15":"onbackorder","16":"sale","17":"taxable","18":"shipping-taxable","19":"purchasable","20":"product-type-simple"},"exclude_global_add_ons":false,"addons":[{"name":"VALI JALUTUSK\u00c4RU V\u00c4RV","type":"multiple_choice","position":0,"required":true,"title_format":"heading","default":"","description_enable":false,"description":"","placeholder_enable":false,"placeholder":"","display":"images","restrictions_type":"any_text","adjust_price":false,"price":"","price_type":"flat_fee","restrictions":false,"min":"0","max":"0","options":[{"label":"BLACK","price":"","price_type":"quantity_based","image":502435,"visibility":true},{"label":"MID BLUE","price":"","price_type":"quantity_based","image":502437,"visibility":true},{"label":"SOFT BEIGE","price":"","price_type":"quantity_based","image":502439,"visibility":true},{"label":"DARK SALTE","price":"","price_type":"quantity_based","image":511764,"visibility":true},{"label":"TINTED TAUPE","price":"","price_type":"quantity_based","image":506329,"visibility":true}],"id":1771688553},{"name":"VALI VANKRIKORVI V\u00c4RV","type":"multiple_choice","position":1,"required":true,"title_format":"heading","default":"","description_enable":false,"description":"","placeholder_enable":false,"placeholder":"","display":"images","restrictions_type":"any_text","adjust_price":false,"price":"","price_type":"flat_fee","restrictions":false,"min":"0","max":"0","options":[{"label":"BLACK","price":"","price_type":"quantity_based","image":502441,"visibility":true},{"label":"MID BLUE","price":"","price_type":"quantity_based","image":502443,"visibility":true},{"label":"SOFT BEIGE","price":"","price_type":"quantity_based","image":502445,"visibility":true},{"label":"DARK SLATE","price":"","price_type":"quantity_based","image":510896,"visibility":true},{"label":"TINTED TAUPE","price":"","price_type":"quantity_based","image":510912,"visibility":true},{"label":"EI SOOVI VANKRIKORVI","price":"-220.0000","price_type":"quantity_based","image":502447,"visibility":true}],"id":1771688554}],"acf":[],"yoast_head":"<!-- This site is optimized with the Yoast SEO plugin v27.1.1 - https:\/\/yoast.com\/product\/yoast-seo-wordpress\/ -->\n<title>Thule Urban Glide 4-wheel jalutusk\u00e4ru komplekt 2 in 1, vali v\u00e4rv, \u0421\u041a\u0418\u0414\u041a\u0418, \u041a\u043e\u043b\u044f\u0441\u043a\u0438, \u041f\u0440\u043e\u0433\u0443\u043b\u043e\u0447\u043d\u044b\u0435 \u043a\u043e\u043b\u044f\u0441\u043a\u0438, THULE, Thule Urban Glide 4-wheel, Beebipood<\/title>\n<meta name=\"description\" content=\"Thule Urban Glide 4-wheel jalutusk\u00e4ru komplekt 2 in 1, vali v\u00e4rv, 4-rattaline Thule Urban Glide on linnas\u00f5bralik igale maastikule sobilik jalu\" \/>\n<meta name=\"robots\" content=\"index, follow, max-snippet:-1, max-image-preview:large, max-video-preview:-1\" \/>\n<link rel=\"canonical\" href=\"https:\/\/beebipood.ee\/ru\/produkt\/thule-urban-glide-4-wheel-jalutuskaru-komplekt-2-in-1-vali-varv\/\" \/>\n<meta property=\"og:locale\" content=\"ru_RU\" \/>\n<meta property=\"og:type\" content=\"article\" \/>\n<meta property=\"og:title\" content=\"Thule Urban Glide 4-wheel jalutusk\u00e4ru komplekt 2 in 1, vali v\u00e4rv, \u0421\u041a\u0418\u0414\u041a\u0418, \u041a\u043e\u043b\u044f\u0441\u043a\u0438, \u041f\u0440\u043e\u0433\u0443\u043b\u043e\u0447\u043d\u044b\u0435 \u043a\u043e\u043b\u044f\u0441\u043a\u0438, THULE, Thule Urban Glide 4-wheel, Beebipood\" \/>\n<meta property=\"og:description\" content=\"Thule Urban Glide 4-wheel jalutusk\u00e4ru komplekt 2 in 1, vali v\u00e4rv, 4-rattaline Thule Urban Glide on linnas\u00f5bralik igale maastikule sobilik jalu\" \/>\n<meta property=\"og:url\" content=\"https:\/\/beebipood.ee\/ru\/produkt\/thule-urban-glide-4-wheel-jalutuskaru-komplekt-2-in-1-vali-varv\/\" \/>\n<meta property=\"og:site_name\" content=\"Beebipood\" \/>\n<meta property=\"article:modified_time\" content=\"2026-02-21T13:42:33+00:00\" \/>\n<meta property=\"og:image\" content=\"https:\/\/beebipood.ee\/wp-content\/uploads\/2020\/07\/Thule-Urban-Glide-4wheel-jalutuskaru-komplekt-2-in-1-vali-varv-Beebi-ja-lastetarbed_3-68f.jpg\" \/>\n\t<meta property=\"og:image:width\" content=\"1890\" \/>\n\t<meta property=\"og:image:height\" content=\"1512\" \/>\n\t<meta property=\"og:image:type\" content=\"image\/jpeg\" \/>\n<meta name=\"twitter:card\" content=\"summary_large_image\" \/>\n<meta name=\"twitter:label1\" content=\"\u041f\u0440\u0438\u043c\u0435\u0440\u043d\u043e\u0435 \u0432\u0440\u0435\u043c\u044f \u0434\u043b\u044f \u0447\u0442\u0435\u043d\u0438\u044f\" \/>\n\t<meta name=\"twitter:data1\" content=\"3 \u043c\u0438\u043d\u0443\u0442\u044b\" \/>\n<script type=\"application\/ld+json\" class=\"yoast-schema-graph\">{\"@context\":\"https:\/\/schema.org\",\"@graph\":[{\"@type\":\"WebPage\",\"@id\":\"https:\/\/beebipood.ee\/ru\/produkt\/thule-urban-glide-4-wheel-jalutuskaru-komplekt-2-in-1-vali-varv\/\",\"url\":\"https:\/\/beebipood.ee\/ru\/produkt\/thule-urban-glide-4-wheel-jalutuskaru-komplekt-2-in-1-vali-varv\/\",\"name\":\"Thule Urban Glide 4-wheel jalutusk\u00e4ru komplekt 2 in 1, vali v\u00e4rv, \u0421\u041a\u0418\u0414\u041a\u0418, \u041a\u043e\u043b\u044f\u0441\u043a\u0438, \u041f\u0440\u043e\u0433\u0443\u043b\u043e\u0447\u043d\u044b\u0435 \u043a\u043e\u043b\u044f\u0441\u043a\u0438, THULE, Thule Urban Glide 4-wheel, Beebipood\",\"isPartOf\":{\"@id\":\"https:\/\/beebipood.ee\/ru\/#website\"},\"primaryImageOfPage\":{\"@id\":\"https:\/\/beebipood.ee\/ru\/produkt\/thule-urban-glide-4-wheel-jalutuskaru-komplekt-2-in-1-vali-varv\/#primaryimage\"},\"image\":{\"@id\":\"https:\/\/beebipood.ee\/ru\/produkt\/thule-urban-glide-4-wheel-jalutuskaru-komplekt-2-in-1-vali-varv\/#primaryimage\"},\"thumbnailUrl\":\"https:\/\/beebipood.ee\/wp-content\/uploads\/2020\/07\/Thule-Urban-Glide-4wheel-jalutuskaru-komplekt-2-in-1-vali-varv-Beebi-ja-lastetarbed_3-68f.jpg\",\"datePublished\":\"2020-07-14T09:56:43+00:00\",\"dateModified\":\"2026-02-21T13:42:33+00:00\",\"description\":\"Thule Urban Glide 4-wheel jalutusk\u00e4ru komplekt 2 in 1, vali v\u00e4rv, 4-rattaline Thule Urban Glide on linnas\u00f5bralik igale maastikule sobilik jalu\",\"breadcrumb\":{\"@id\":\"https:\/\/beebipood.ee\/ru\/produkt\/thule-urban-glide-4-wheel-jalutuskaru-komplekt-2-in-1-vali-varv\/#breadcrumb\"},\"inLanguage\":\"ru-RU\",\"potentialAction\":[{\"@type\":\"ReadAction\",\"target\":[\"https:\/\/beebipood.ee\/ru\/produkt\/thule-urban-glide-4-wheel-jalutuskaru-komplekt-2-in-1-vali-varv\/\"]}]},{\"@type\":\"ImageObject\",\"inLanguage\":\"ru-RU\",\"@id\":\"https:\/\/beebipood.ee\/ru\/produkt\/thule-urban-glide-4-wheel-jalutuskaru-komplekt-2-in-1-vali-varv\/#primaryimage\",\"url\":\"https:\/\/beebipood.ee\/wp-content\/uploads\/2020\/07\/Thule-Urban-Glide-4wheel-jalutuskaru-komplekt-2-in-1-vali-varv-Beebi-ja-lastetarbed_3-68f.jpg\",\"contentUrl\":\"https:\/\/beebipood.ee\/wp-content\/uploads\/2020\/07\/Thule-Urban-Glide-4wheel-jalutuskaru-komplekt-2-in-1-vali-varv-Beebi-ja-lastetarbed_3-68f.jpg\",\"width\":1890,\"height\":1512},{\"@type\":\"BreadcrumbList\",\"@id\":\"https:\/\/beebipood.ee\/ru\/produkt\/thule-urban-glide-4-wheel-jalutuskaru-komplekt-2-in-1-vali-varv\/#breadcrumb\",\"itemListElement\":[{\"@type\":\"ListItem\",\"position\":1,\"name\":\"Home\",\"item\":\"https:\/\/beebipood.ee\/ru\/\"},{\"@type\":\"ListItem\",\"position\":2,\"name\":\"\u041a\u0430\u0442\u0430\u043b\u043e\u0433 \u0442\u043e\u0432\u0430\u0440\u043e\u0432\",\"item\":\"https:\/\/beebipood.ee\/tooted\/\"},{\"@type\":\"ListItem\",\"position\":3,\"name\":\"Thule Urban Glide 4-wheel jalutusk\u00e4ru komplekt 2 in 1, vali v\u00e4rv\"}]},{\"@type\":\"WebSite\",\"@id\":\"https:\/\/beebipood.ee\/ru\/#website\",\"url\":\"https:\/\/beebipood.ee\/ru\/\",\"name\":\"Beebipood\",\"description\":\"Lastekaubad, beebikaubad, m\u00e4nguasjad\",\"publisher\":{\"@id\":\"https:\/\/beebipood.ee\/ru\/#organization\"},\"potentialAction\":[{\"@type\":\"SearchAction\",\"target\":{\"@type\":\"EntryPoint\",\"urlTemplate\":\"https:\/\/beebipood.ee\/ru\/?s={search_term_string}\"},\"query-input\":{\"@type\":\"PropertyValueSpecification\",\"valueRequired\":true,\"valueName\":\"search_term_string\"}}],\"inLanguage\":\"ru-RU\"},{\"@type\":\"Organization\",\"@id\":\"https:\/\/beebipood.ee\/ru\/#organization\",\"name\":\"Beebipood\",\"url\":\"https:\/\/beebipood.ee\/ru\/\",\"logo\":{\"@type\":\"ImageObject\",\"inLanguage\":\"ru-RU\",\"@id\":\"https:\/\/beebipood.ee\/ru\/#\/schema\/logo\/image\/\",\"url\":\"https:\/\/beebipood.ee\/wp-content\/uploads\/2025\/03\/beebipood.ee-logo-1.svg\",\"contentUrl\":\"https:\/\/beebipood.ee\/wp-content\/uploads\/2025\/03\/beebipood.ee-logo-1.svg\",\"caption\":\"Beebipood\"},\"image\":{\"@id\":\"https:\/\/beebipood.ee\/ru\/#\/schema\/logo\/image\/\"}}]}<\/script>\n<!-- \/ Yoast SEO plugin. -->","yoast_head_json":{"title":"Thule Urban Glide 4-wheel jalutusk\u00e4ru komplekt 2 in 1, vali v\u00e4rv, \u0421\u041a\u0418\u0414\u041a\u0418, \u041a\u043e\u043b\u044f\u0441\u043a\u0438, \u041f\u0440\u043e\u0433\u0443\u043b\u043e\u0447\u043d\u044b\u0435 \u043a\u043e\u043b\u044f\u0441\u043a\u0438, THULE, Thule Urban Glide 4-wheel, Beebipood","description":"Thule Urban Glide 4-wheel jalutusk\u00e4ru komplekt 2 in 1, vali v\u00e4rv, 4-rattaline Thule Urban Glide on linnas\u00f5bralik igale maastikule sobilik jalu","robots":{"index":"index","follow":"follow","max-snippet":"max-snippet:-1","max-image-preview":"max-image-preview:large","max-video-preview":"max-video-preview:-1"},"canonical":"https:\/\/beebipood.ee\/ru\/produkt\/thule-urban-glide-4-wheel-jalutuskaru-komplekt-2-in-1-vali-varv\/","og_locale":"ru_RU","og_type":"article","og_title":"Thule Urban Glide 4-wheel jalutusk\u00e4ru komplekt 2 in 1, vali v\u00e4rv, \u0421\u041a\u0418\u0414\u041a\u0418, \u041a\u043e\u043b\u044f\u0441\u043a\u0438, \u041f\u0440\u043e\u0433\u0443\u043b\u043e\u0447\u043d\u044b\u0435 \u043a\u043e\u043b\u044f\u0441\u043a\u0438, THULE, Thule Urban Glide 4-wheel, Beebipood","og_description":"Thule Urban Glide 4-wheel jalutusk\u00e4ru komplekt 2 in 1, vali v\u00e4rv, 4-rattaline Thule Urban Glide on linnas\u00f5bralik igale maastikule sobilik jalu","og_url":"https:\/\/beebipood.ee\/ru\/produkt\/thule-urban-glide-4-wheel-jalutuskaru-komplekt-2-in-1-vali-varv\/","og_site_name":"Beebipood","article_modified_time":"2026-02-21T13:42:33+00:00","og_image":[{"width":1890,"height":1512,"url":"https:\/\/beebipood.ee\/wp-content\/uploads\/2020\/07\/Thule-Urban-Glide-4wheel-jalutuskaru-komplekt-2-in-1-vali-varv-Beebi-ja-lastetarbed_3-68f.jpg","type":"image\/jpeg"}],"twitter_card":"summary_large_image","twitter_misc":{"\u041f\u0440\u0438\u043c\u0435\u0440\u043d\u043e\u0435 \u0432\u0440\u0435\u043c\u044f \u0434\u043b\u044f \u0447\u0442\u0435\u043d\u0438\u044f":"3 \u043c\u0438\u043d\u0443\u0442\u044b"},"schema":{"@context":"https:\/\/schema.org","@graph":[{"@type":"WebPage","@id":"https:\/\/beebipood.ee\/ru\/produkt\/thule-urban-glide-4-wheel-jalutuskaru-komplekt-2-in-1-vali-varv\/","url":"https:\/\/beebipood.ee\/ru\/produkt\/thule-urban-glide-4-wheel-jalutuskaru-komplekt-2-in-1-vali-varv\/","name":"Thule Urban Glide 4-wheel jalutusk\u00e4ru komplekt 2 in 1, vali v\u00e4rv, \u0421\u041a\u0418\u0414\u041a\u0418, \u041a\u043e\u043b\u044f\u0441\u043a\u0438, \u041f\u0440\u043e\u0433\u0443\u043b\u043e\u0447\u043d\u044b\u0435 \u043a\u043e\u043b\u044f\u0441\u043a\u0438, THULE, Thule Urban Glide 4-wheel, Beebipood","isPartOf":{"@id":"https:\/\/beebipood.ee\/ru\/#website"},"primaryImageOfPage":{"@id":"https:\/\/beebipood.ee\/ru\/produkt\/thule-urban-glide-4-wheel-jalutuskaru-komplekt-2-in-1-vali-varv\/#primaryimage"},"image":{"@id":"https:\/\/beebipood.ee\/ru\/produkt\/thule-urban-glide-4-wheel-jalutuskaru-komplekt-2-in-1-vali-varv\/#primaryimage"},"thumbnailUrl":"https:\/\/beebipood.ee\/wp-content\/uploads\/2020\/07\/Thule-Urban-Glide-4wheel-jalutuskaru-komplekt-2-in-1-vali-varv-Beebi-ja-lastetarbed_3-68f.jpg","datePublished":"2020-07-14T09:56:43+00:00","dateModified":"2026-02-21T13:42:33+00:00","description":"Thule Urban Glide 4-wheel jalutusk\u00e4ru komplekt 2 in 1, vali v\u00e4rv, 4-rattaline Thule Urban Glide on linnas\u00f5bralik igale maastikule sobilik jalu","breadcrumb":{"@id":"https:\/\/beebipood.ee\/ru\/produkt\/thule-urban-glide-4-wheel-jalutuskaru-komplekt-2-in-1-vali-varv\/#breadcrumb"},"inLanguage":"ru-RU","potentialAction":[{"@type":"ReadAction","target":["https:\/\/beebipood.ee\/ru\/produkt\/thule-urban-glide-4-wheel-jalutuskaru-komplekt-2-in-1-vali-varv\/"]}]},{"@type":"ImageObject","inLanguage":"ru-RU","@id":"https:\/\/beebipood.ee\/ru\/produkt\/thule-urban-glide-4-wheel-jalutuskaru-komplekt-2-in-1-vali-varv\/#primaryimage","url":"https:\/\/beebipood.ee\/wp-content\/uploads\/2020\/07\/Thule-Urban-Glide-4wheel-jalutuskaru-komplekt-2-in-1-vali-varv-Beebi-ja-lastetarbed_3-68f.jpg","contentUrl":"https:\/\/beebipood.ee\/wp-content\/uploads\/2020\/07\/Thule-Urban-Glide-4wheel-jalutuskaru-komplekt-2-in-1-vali-varv-Beebi-ja-lastetarbed_3-68f.jpg","width":1890,"height":1512},{"@type":"BreadcrumbList","@id":"https:\/\/beebipood.ee\/ru\/produkt\/thule-urban-glide-4-wheel-jalutuskaru-komplekt-2-in-1-vali-varv\/#breadcrumb","itemListElement":[{"@type":"ListItem","position":1,"name":"Home","item":"https:\/\/beebipood.ee\/ru\/"},{"@type":"ListItem","position":2,"name":"\u041a\u0430\u0442\u0430\u043b\u043e\u0433 \u0442\u043e\u0432\u0430\u0440\u043e\u0432","item":"https:\/\/beebipood.ee\/tooted\/"},{"@type":"ListItem","position":3,"name":"Thule Urban Glide 4-wheel jalutusk\u00e4ru komplekt 2 in 1, vali v\u00e4rv"}]},{"@type":"WebSite","@id":"https:\/\/beebipood.ee\/ru\/#website","url":"https:\/\/beebipood.ee\/ru\/","name":"Beebipood","description":"Lastekaubad, beebikaubad, m\u00e4nguasjad","publisher":{"@id":"https:\/\/beebipood.ee\/ru\/#organization"},"potentialAction":[{"@type":"SearchAction","target":{"@type":"EntryPoint","urlTemplate":"https:\/\/beebipood.ee\/ru\/?s={search_term_string}"},"query-input":{"@type":"PropertyValueSpecification","valueRequired":true,"valueName":"search_term_string"}}],"inLanguage":"ru-RU"},{"@type":"Organization","@id":"https:\/\/beebipood.ee\/ru\/#organization","name":"Beebipood","url":"https:\/\/beebipood.ee\/ru\/","logo":{"@type":"ImageObject","inLanguage":"ru-RU","@id":"https:\/\/beebipood.ee\/ru\/#\/schema\/logo\/image\/","url":"https:\/\/beebipood.ee\/wp-content\/uploads\/2025\/03\/beebipood.ee-logo-1.svg","contentUrl":"https:\/\/beebipood.ee\/wp-content\/uploads\/2025\/03\/beebipood.ee-logo-1.svg","caption":"Beebipood"},"image":{"@id":"https:\/\/beebipood.ee\/ru\/#\/schema\/logo\/image\/"}}]}},"brands":[{"id":11980,"name":"THULE","slug":"thule-ru"}],"_links":{"self":[{"href":"https:\/\/beebipood.ee\/ru\/wp-json\/wp\/v2\/product\/459431","targetHints":{"allow":["GET"]}}],"collection":[{"href":"https:\/\/beebipood.ee\/ru\/wp-json\/wp\/v2\/product"}],"about":[{"href":"https:\/\/beebipood.ee\/ru\/wp-json\/wp\/v2\/types\/product"}],"wp:featuredmedia":[{"embeddable":true,"href":"https:\/\/beebipood.ee\/ru\/wp-json\/wp\/v2\/media\/172750"}],"wp:attachment":[{"href":"https:\/\/beebipood.ee\/ru\/wp-json\/wp\/v2\/media?parent=459431"}],"wp:term":[{"taxonomy":"pwb-brand","embeddable":true,"href":"https:\/\/beebipood.ee\/ru\/wp-json\/wp\/v2\/pwb-brand?post=459431"},{"taxonomy":"product_brand","embeddable":true,"href":"https:\/\/beebipood.ee\/ru\/wp-json\/wp\/v2\/product_brand?post=459431"},{"taxonomy":"product_cat","embeddable":true,"href":"https:\/\/beebipood.ee\/ru\/wp-json\/wp\/v2\/product_cat?post=459431"},{"taxonomy":"product_tag","embeddable":true,"href":"https:\/\/beebipood.ee\/ru\/wp-json\/wp\/v2\/product_tag?post=459431"}],"curies":[{"name":"wp","href":"https:\/\/api.w.org\/{rel}","templated":true}]}}