{"id":459441,"date":"2020-07-18T06:10:08","date_gmt":"2020-07-18T03:10:08","guid":{"rendered":"https:\/\/beebipood.ee\/toode\/babymoov-yoo-roll-kaameraga-juhtmevaba-beebimonitor\/"},"modified":"2025-10-11T09:18:26","modified_gmt":"2025-10-11T06:18:26","slug":"babymoov-yoo-roll-kaameraga-juhtmevaba-beebimonitor","status":"publish","type":"product","link":"https:\/\/beebipood.ee\/ru\/produkt\/babymoov-yoo-roll-kaameraga-juhtmevaba-beebimonitor\/","title":{"rendered":"Babymoov YOO Roll kaameraga juhtmevaba beebimonitor"},"content":{"rendered":"<p>Taaslaetavate akudega juhtmevaba beebimonitor, <br \/>mis on loodud teid mugavalt saatma k\u00f5igitel jalutusk\u00e4ikudel ning reisidel.<br \/>Aku t\u00f6\u00f6iga kuni 8 tundi.<br \/>Madal kiirgustase.<br \/><strong><span style=\"text-decoration: underline;\">Omadused:<\/span><\/strong><br \/>Kaamera ja ekraan t\u00f6\u00f6tavad laetavate patareidega tagades rohkem vabadust<br \/>8-tunnine aku t\u00f6\u00f6iga pidevas re\u017eiimis<br \/>Reguleeritav helitugevus, mikrofon ja heledus<br \/>3,5&#8243; ekraan<br \/>V\u00e4ga hea n\u00e4htavus pimedas<br \/>2 h\u00e4iret: kuuldav ja visuaalne<br \/>Sleep-tehnoloogia: kiirgustase on 0, kui just m\u00fcra ei tuvastata<br \/>Walkie-Talkie funktsioon lapsega r\u00e4\u00e4kimiseks<br \/>8 h\u00e4llilaulu<br \/>Leviala: kuni 300 meetrit<br \/>Eluaegne garantii (vajalik registreerimine)<\/p>\n<p>YOO Roll video beebimonitori ekraan ja kaamera on t\u00e4ielikult akutoitel, <br \/>mis tagab t\u00f5elise kaasaskantavuse ja vabaduse vanemana <br \/>\u2013 lihtne kodus liikuda v\u00f5i puhkusele kaasa v\u00f5tta!<br \/>Pole vaja leida l\u00e4hedalt pistikupesa ja beebimonitori kasutamiseks <br \/>pole vaja enam \u00fchendada elektrikaableid. <br \/>Lihtsalt laadige see uuesti nagu oma mobiiltelefoniga. <br \/>YOO Roll beebimonitor annab teile kuni 8 tundi autonoomiat, <br \/>pakkudes teile meelerahu kauemaks.<br \/>Sellel videokaamera beebimonitoril on Sleep-tehnoloogia, <br \/>mis annab teile m\u00e4rku, kui teie laps teeb h\u00e4\u00e4lt. <br \/>See uuenduslik tehnoloogia v\u00f5imaldab s\u00e4\u00e4sta energiat, <br \/>pikendades samal ajal ekraani aku t\u00f6\u00f6iga. <br \/>Lisaks ei puutu teie laps une ajal kiirguslainetesse, <br \/>mis annab teile meelerahu.<br \/>Lihtne kasutada, YOO Roll on t\u00f5eliselt kasutajas\u00f5bralik. <br \/>Selle intuitiivne men\u00fc\u00fc muudab seadete, n\u00e4iteks helitugevuse, <br \/>mikrofoni tundlikkuse ja ekraani heleduse reguleerimise lihtsaks.<br \/>Valikus on kaks hoiatuse m\u00e4rguannet: visuaalne ja kuuldav, <br \/>samuti levialast v\u00e4ljas olev hoiatus, <br \/>et te ei j\u00e4taks kunagi beebi \u00e4rkamist kahe silma vahele. <br \/>T\u00e4nu infrapuna valgusele n\u00e4ete neid suurep\u00e4raselt isegi pimedas. <br \/>Sellel on suur, maksimaalse kvaliteediga 3,5-tolline ekraan ja t\u00f6\u00f6ulatus 300m.<br \/>Selle beebimonitoriga on kaasas ka 8 \u00f5rna h\u00e4llilaulu, <br \/>et saata laps magusasse unne. <br \/>T\u00e4nu Walkie-Talkie funktsioonile saate lapsega oma ekraanilt r\u00e4\u00e4kida, <br \/>et teda eemalt rahustada.<br \/>Osana Babymoov&#8217;i GreenMoovi keskkonnas\u00f5bralikust algatusest <br \/>on YOO Roll beebimonitoril eluaegne garantii, <br \/>mis t\u00e4hendab, et Babymoov parandab teie toote, <br \/>kui midagi peaks valesti minema. <br \/>Registreerige oma eluaegne garantii 2 kuu jooksul p\u00e4rast ostmist. <br \/>See on valmistatud ohututest ja vastupidavatest materjalidest, <br \/>mist\u00f5ttu on seda vajadusel lihtne parandada.<\/p>\n<p><strong><span style=\"text-decoration: underline;\">Komplektis:<\/span><\/strong><br \/>YOO Roll kaamera<br \/>3.5 tolline ekraan (vastuv\u00f5tja)<br \/>2x USB-C kaablit<br \/>Lisainfo<br \/>Tootehinnangud<br \/>Parimad<\/p>\n","protected":false},"excerpt":{"rendered":"<p>Taaslaetavate akudega juhtmevaba beebimonitor, mis on loodud teid mugavalt saatma k\u00f5igitel jalutusk\u00e4ikudel ning reisidel.Aku t\u00f6\u00f6iga kuni 8 tundi.Madal kiirgustase.Omadused:Kaamera ja ekraan t\u00f6\u00f6tavad laetavate patareidega tagades rohkem vabadust8-tunnine aku t\u00f6\u00f6iga pidevas re\u017eiimisReguleeritav helitugevus, mikrofon ja heledus3,5&#8243; ekraanV\u00e4ga hea n\u00e4htavus pimedas2 h\u00e4iret: kuuldav ja visuaalneSleep-tehnoloogia: kiirgustase on 0, kui just m\u00fcra ei tuvastataWalkie-Talkie funktsioon lapsega r\u00e4\u00e4kimiseks8 h\u00e4llilauluLeviala: [&hellip;]<\/p>\n","protected":false},"featured_media":135202,"template":"","meta":{"_acf_changed":false},"pwb-brand":[11976],"product_brand":[],"product_cat":[11703,11707,11791],"product_tag":[],"class_list":{"0":"post-459441","1":"product","2":"type-product","3":"status-publish","4":"has-post-thumbnail","6":"pwb-brand-babymoov-ru","7":"product_cat-turvalisus-maneezid-turvavaravad-piirded-ru","8":"product_cat-beebimonitorid-ru","9":"product_cat-turvavarustus-ru","10":"pa_manufacturer-babymoov-ru","12":"first","13":"onbackorder","14":"taxable","15":"shipping-taxable","16":"purchasable","17":"product-type-simple"},"exclude_global_add_ons":[],"addons":[],"acf":[],"yoast_head":"<!-- This site is optimized with the Yoast SEO plugin v27.1.1 - https:\/\/yoast.com\/product\/yoast-seo-wordpress\/ -->\n<title>Babymoov YOO Roll kaameraga juhtmevaba beebimonitor , \u0411\u0435\u0437\u043e\u043f\u0430\u0441\u043d\u043e\u0441\u0442\u044c, \u0432\u043e\u0440\u043e\u0442\u0430 \u0431\u0435\u0437\u043e\u043f\u0430\u0441\u043d\u043e\u0441\u0442\u0438,\u043c\u0430\u043d\u0435\u0436\u0438, \u0420\u0430\u0434\u0438\u043e\u043d\u044f\u043d\u0438, \u0421\u043d\u0430\u0440\u044f\u0436\u0435\u043d\u0438\u044f \u0431\u0435\u0437\u043e\u043f\u0430\u0441\u043d\u043e\u0441\u0442\u0438, Beebipood<\/title>\n<meta name=\"description\" content=\"Babymoov YOO Roll kaameraga juhtmevaba beebimonitor , Taaslaetavate akudega juhtmevaba beebimonitor, mis on loodud teid mugavalt saatma k&otilde;igitel\" \/>\n<meta name=\"robots\" content=\"index, follow, max-snippet:-1, max-image-preview:large, max-video-preview:-1\" \/>\n<link rel=\"canonical\" href=\"https:\/\/beebipood.ee\/ru\/produkt\/babymoov-yoo-roll-kaameraga-juhtmevaba-beebimonitor\/\" \/>\n<meta property=\"og:locale\" content=\"ru_RU\" \/>\n<meta property=\"og:type\" content=\"article\" \/>\n<meta property=\"og:title\" content=\"Babymoov YOO Roll kaameraga juhtmevaba beebimonitor , \u0411\u0435\u0437\u043e\u043f\u0430\u0441\u043d\u043e\u0441\u0442\u044c, \u0432\u043e\u0440\u043e\u0442\u0430 \u0431\u0435\u0437\u043e\u043f\u0430\u0441\u043d\u043e\u0441\u0442\u0438,\u043c\u0430\u043d\u0435\u0436\u0438, \u0420\u0430\u0434\u0438\u043e\u043d\u044f\u043d\u0438, \u0421\u043d\u0430\u0440\u044f\u0436\u0435\u043d\u0438\u044f \u0431\u0435\u0437\u043e\u043f\u0430\u0441\u043d\u043e\u0441\u0442\u0438, Beebipood\" \/>\n<meta property=\"og:description\" content=\"Babymoov YOO Roll kaameraga juhtmevaba beebimonitor , Taaslaetavate akudega juhtmevaba beebimonitor, mis on loodud teid mugavalt saatma k&otilde;igitel\" \/>\n<meta property=\"og:url\" content=\"https:\/\/beebipood.ee\/ru\/produkt\/babymoov-yoo-roll-kaameraga-juhtmevaba-beebimonitor\/\" \/>\n<meta property=\"og:site_name\" content=\"Beebipood\" \/>\n<meta property=\"article:modified_time\" content=\"2025-10-11T06:18:26+00:00\" \/>\n<meta property=\"og:image\" content=\"https:\/\/beebipood.ee\/wp-content\/uploads\/2020\/07\/Babymoov-YOO-Roll-kaameraga-juhtmevaba-beebimonitor-Turvalisus-maneeid-turvavaravad-piirded-Beebimonitorid-Turvavarustus_3-819.jpg\" \/>\n\t<meta property=\"og:image:width\" content=\"1200\" \/>\n\t<meta property=\"og:image:height\" content=\"1200\" \/>\n\t<meta property=\"og:image:type\" content=\"image\/jpeg\" \/>\n<meta name=\"twitter:card\" content=\"summary_large_image\" \/>\n<meta name=\"twitter:label1\" content=\"\u041f\u0440\u0438\u043c\u0435\u0440\u043d\u043e\u0435 \u0432\u0440\u0435\u043c\u044f \u0434\u043b\u044f \u0447\u0442\u0435\u043d\u0438\u044f\" \/>\n\t<meta name=\"twitter:data1\" content=\"2 \u043c\u0438\u043d\u0443\u0442\u044b\" \/>\n<script type=\"application\/ld+json\" class=\"yoast-schema-graph\">{\"@context\":\"https:\/\/schema.org\",\"@graph\":[{\"@type\":\"WebPage\",\"@id\":\"https:\/\/beebipood.ee\/ru\/produkt\/babymoov-yoo-roll-kaameraga-juhtmevaba-beebimonitor\/\",\"url\":\"https:\/\/beebipood.ee\/ru\/produkt\/babymoov-yoo-roll-kaameraga-juhtmevaba-beebimonitor\/\",\"name\":\"Babymoov YOO Roll kaameraga juhtmevaba beebimonitor , \u0411\u0435\u0437\u043e\u043f\u0430\u0441\u043d\u043e\u0441\u0442\u044c, \u0432\u043e\u0440\u043e\u0442\u0430 \u0431\u0435\u0437\u043e\u043f\u0430\u0441\u043d\u043e\u0441\u0442\u0438,\u043c\u0430\u043d\u0435\u0436\u0438, \u0420\u0430\u0434\u0438\u043e\u043d\u044f\u043d\u0438, \u0421\u043d\u0430\u0440\u044f\u0436\u0435\u043d\u0438\u044f \u0431\u0435\u0437\u043e\u043f\u0430\u0441\u043d\u043e\u0441\u0442\u0438, Beebipood\",\"isPartOf\":{\"@id\":\"https:\/\/beebipood.ee\/ru\/#website\"},\"primaryImageOfPage\":{\"@id\":\"https:\/\/beebipood.ee\/ru\/produkt\/babymoov-yoo-roll-kaameraga-juhtmevaba-beebimonitor\/#primaryimage\"},\"image\":{\"@id\":\"https:\/\/beebipood.ee\/ru\/produkt\/babymoov-yoo-roll-kaameraga-juhtmevaba-beebimonitor\/#primaryimage\"},\"thumbnailUrl\":\"https:\/\/beebipood.ee\/wp-content\/uploads\/2020\/07\/Babymoov-YOO-Roll-kaameraga-juhtmevaba-beebimonitor-Turvalisus-maneeid-turvavaravad-piirded-Beebimonitorid-Turvavarustus_3-819.jpg\",\"datePublished\":\"2020-07-18T03:10:08+00:00\",\"dateModified\":\"2025-10-11T06:18:26+00:00\",\"description\":\"Babymoov YOO Roll kaameraga juhtmevaba beebimonitor , Taaslaetavate akudega juhtmevaba beebimonitor, mis on loodud teid mugavalt saatma k&otilde;igitel\",\"breadcrumb\":{\"@id\":\"https:\/\/beebipood.ee\/ru\/produkt\/babymoov-yoo-roll-kaameraga-juhtmevaba-beebimonitor\/#breadcrumb\"},\"inLanguage\":\"ru-RU\",\"potentialAction\":[{\"@type\":\"ReadAction\",\"target\":[\"https:\/\/beebipood.ee\/ru\/produkt\/babymoov-yoo-roll-kaameraga-juhtmevaba-beebimonitor\/\"]}]},{\"@type\":\"ImageObject\",\"inLanguage\":\"ru-RU\",\"@id\":\"https:\/\/beebipood.ee\/ru\/produkt\/babymoov-yoo-roll-kaameraga-juhtmevaba-beebimonitor\/#primaryimage\",\"url\":\"https:\/\/beebipood.ee\/wp-content\/uploads\/2020\/07\/Babymoov-YOO-Roll-kaameraga-juhtmevaba-beebimonitor-Turvalisus-maneeid-turvavaravad-piirded-Beebimonitorid-Turvavarustus_3-819.jpg\",\"contentUrl\":\"https:\/\/beebipood.ee\/wp-content\/uploads\/2020\/07\/Babymoov-YOO-Roll-kaameraga-juhtmevaba-beebimonitor-Turvalisus-maneeid-turvavaravad-piirded-Beebimonitorid-Turvavarustus_3-819.jpg\",\"width\":1200,\"height\":1200},{\"@type\":\"BreadcrumbList\",\"@id\":\"https:\/\/beebipood.ee\/ru\/produkt\/babymoov-yoo-roll-kaameraga-juhtmevaba-beebimonitor\/#breadcrumb\",\"itemListElement\":[{\"@type\":\"ListItem\",\"position\":1,\"name\":\"Home\",\"item\":\"https:\/\/beebipood.ee\/ru\/\"},{\"@type\":\"ListItem\",\"position\":2,\"name\":\"\u041a\u0430\u0442\u0430\u043b\u043e\u0433 \u0442\u043e\u0432\u0430\u0440\u043e\u0432\",\"item\":\"https:\/\/beebipood.ee\/tooted\/\"},{\"@type\":\"ListItem\",\"position\":3,\"name\":\"Babymoov YOO Roll kaameraga juhtmevaba beebimonitor\"}]},{\"@type\":\"WebSite\",\"@id\":\"https:\/\/beebipood.ee\/ru\/#website\",\"url\":\"https:\/\/beebipood.ee\/ru\/\",\"name\":\"Beebipood\",\"description\":\"Lastekaubad, beebikaubad, m\u00e4nguasjad\",\"publisher\":{\"@id\":\"https:\/\/beebipood.ee\/ru\/#organization\"},\"potentialAction\":[{\"@type\":\"SearchAction\",\"target\":{\"@type\":\"EntryPoint\",\"urlTemplate\":\"https:\/\/beebipood.ee\/ru\/?s={search_term_string}\"},\"query-input\":{\"@type\":\"PropertyValueSpecification\",\"valueRequired\":true,\"valueName\":\"search_term_string\"}}],\"inLanguage\":\"ru-RU\"},{\"@type\":\"Organization\",\"@id\":\"https:\/\/beebipood.ee\/ru\/#organization\",\"name\":\"Beebipood\",\"url\":\"https:\/\/beebipood.ee\/ru\/\",\"logo\":{\"@type\":\"ImageObject\",\"inLanguage\":\"ru-RU\",\"@id\":\"https:\/\/beebipood.ee\/ru\/#\/schema\/logo\/image\/\",\"url\":\"https:\/\/beebipood.ee\/wp-content\/uploads\/2025\/03\/beebipood.ee-logo-1.svg\",\"contentUrl\":\"https:\/\/beebipood.ee\/wp-content\/uploads\/2025\/03\/beebipood.ee-logo-1.svg\",\"caption\":\"Beebipood\"},\"image\":{\"@id\":\"https:\/\/beebipood.ee\/ru\/#\/schema\/logo\/image\/\"}}]}<\/script>\n<!-- \/ Yoast SEO plugin. -->","yoast_head_json":{"title":"Babymoov YOO Roll kaameraga juhtmevaba beebimonitor , \u0411\u0435\u0437\u043e\u043f\u0430\u0441\u043d\u043e\u0441\u0442\u044c, \u0432\u043e\u0440\u043e\u0442\u0430 \u0431\u0435\u0437\u043e\u043f\u0430\u0441\u043d\u043e\u0441\u0442\u0438,\u043c\u0430\u043d\u0435\u0436\u0438, \u0420\u0430\u0434\u0438\u043e\u043d\u044f\u043d\u0438, \u0421\u043d\u0430\u0440\u044f\u0436\u0435\u043d\u0438\u044f \u0431\u0435\u0437\u043e\u043f\u0430\u0441\u043d\u043e\u0441\u0442\u0438, Beebipood","description":"Babymoov YOO Roll kaameraga juhtmevaba beebimonitor , Taaslaetavate akudega juhtmevaba beebimonitor, mis on loodud teid mugavalt saatma k&otilde;igitel","robots":{"index":"index","follow":"follow","max-snippet":"max-snippet:-1","max-image-preview":"max-image-preview:large","max-video-preview":"max-video-preview:-1"},"canonical":"https:\/\/beebipood.ee\/ru\/produkt\/babymoov-yoo-roll-kaameraga-juhtmevaba-beebimonitor\/","og_locale":"ru_RU","og_type":"article","og_title":"Babymoov YOO Roll kaameraga juhtmevaba beebimonitor , \u0411\u0435\u0437\u043e\u043f\u0430\u0441\u043d\u043e\u0441\u0442\u044c, \u0432\u043e\u0440\u043e\u0442\u0430 \u0431\u0435\u0437\u043e\u043f\u0430\u0441\u043d\u043e\u0441\u0442\u0438,\u043c\u0430\u043d\u0435\u0436\u0438, \u0420\u0430\u0434\u0438\u043e\u043d\u044f\u043d\u0438, \u0421\u043d\u0430\u0440\u044f\u0436\u0435\u043d\u0438\u044f \u0431\u0435\u0437\u043e\u043f\u0430\u0441\u043d\u043e\u0441\u0442\u0438, Beebipood","og_description":"Babymoov YOO Roll kaameraga juhtmevaba beebimonitor , Taaslaetavate akudega juhtmevaba beebimonitor, mis on loodud teid mugavalt saatma k&otilde;igitel","og_url":"https:\/\/beebipood.ee\/ru\/produkt\/babymoov-yoo-roll-kaameraga-juhtmevaba-beebimonitor\/","og_site_name":"Beebipood","article_modified_time":"2025-10-11T06:18:26+00:00","og_image":[{"width":1200,"height":1200,"url":"https:\/\/beebipood.ee\/wp-content\/uploads\/2020\/07\/Babymoov-YOO-Roll-kaameraga-juhtmevaba-beebimonitor-Turvalisus-maneeid-turvavaravad-piirded-Beebimonitorid-Turvavarustus_3-819.jpg","type":"image\/jpeg"}],"twitter_card":"summary_large_image","twitter_misc":{"\u041f\u0440\u0438\u043c\u0435\u0440\u043d\u043e\u0435 \u0432\u0440\u0435\u043c\u044f \u0434\u043b\u044f \u0447\u0442\u0435\u043d\u0438\u044f":"2 \u043c\u0438\u043d\u0443\u0442\u044b"},"schema":{"@context":"https:\/\/schema.org","@graph":[{"@type":"WebPage","@id":"https:\/\/beebipood.ee\/ru\/produkt\/babymoov-yoo-roll-kaameraga-juhtmevaba-beebimonitor\/","url":"https:\/\/beebipood.ee\/ru\/produkt\/babymoov-yoo-roll-kaameraga-juhtmevaba-beebimonitor\/","name":"Babymoov YOO Roll kaameraga juhtmevaba beebimonitor , \u0411\u0435\u0437\u043e\u043f\u0430\u0441\u043d\u043e\u0441\u0442\u044c, \u0432\u043e\u0440\u043e\u0442\u0430 \u0431\u0435\u0437\u043e\u043f\u0430\u0441\u043d\u043e\u0441\u0442\u0438,\u043c\u0430\u043d\u0435\u0436\u0438, \u0420\u0430\u0434\u0438\u043e\u043d\u044f\u043d\u0438, \u0421\u043d\u0430\u0440\u044f\u0436\u0435\u043d\u0438\u044f \u0431\u0435\u0437\u043e\u043f\u0430\u0441\u043d\u043e\u0441\u0442\u0438, Beebipood","isPartOf":{"@id":"https:\/\/beebipood.ee\/ru\/#website"},"primaryImageOfPage":{"@id":"https:\/\/beebipood.ee\/ru\/produkt\/babymoov-yoo-roll-kaameraga-juhtmevaba-beebimonitor\/#primaryimage"},"image":{"@id":"https:\/\/beebipood.ee\/ru\/produkt\/babymoov-yoo-roll-kaameraga-juhtmevaba-beebimonitor\/#primaryimage"},"thumbnailUrl":"https:\/\/beebipood.ee\/wp-content\/uploads\/2020\/07\/Babymoov-YOO-Roll-kaameraga-juhtmevaba-beebimonitor-Turvalisus-maneeid-turvavaravad-piirded-Beebimonitorid-Turvavarustus_3-819.jpg","datePublished":"2020-07-18T03:10:08+00:00","dateModified":"2025-10-11T06:18:26+00:00","description":"Babymoov YOO Roll kaameraga juhtmevaba beebimonitor , Taaslaetavate akudega juhtmevaba beebimonitor, mis on loodud teid mugavalt saatma k&otilde;igitel","breadcrumb":{"@id":"https:\/\/beebipood.ee\/ru\/produkt\/babymoov-yoo-roll-kaameraga-juhtmevaba-beebimonitor\/#breadcrumb"},"inLanguage":"ru-RU","potentialAction":[{"@type":"ReadAction","target":["https:\/\/beebipood.ee\/ru\/produkt\/babymoov-yoo-roll-kaameraga-juhtmevaba-beebimonitor\/"]}]},{"@type":"ImageObject","inLanguage":"ru-RU","@id":"https:\/\/beebipood.ee\/ru\/produkt\/babymoov-yoo-roll-kaameraga-juhtmevaba-beebimonitor\/#primaryimage","url":"https:\/\/beebipood.ee\/wp-content\/uploads\/2020\/07\/Babymoov-YOO-Roll-kaameraga-juhtmevaba-beebimonitor-Turvalisus-maneeid-turvavaravad-piirded-Beebimonitorid-Turvavarustus_3-819.jpg","contentUrl":"https:\/\/beebipood.ee\/wp-content\/uploads\/2020\/07\/Babymoov-YOO-Roll-kaameraga-juhtmevaba-beebimonitor-Turvalisus-maneeid-turvavaravad-piirded-Beebimonitorid-Turvavarustus_3-819.jpg","width":1200,"height":1200},{"@type":"BreadcrumbList","@id":"https:\/\/beebipood.ee\/ru\/produkt\/babymoov-yoo-roll-kaameraga-juhtmevaba-beebimonitor\/#breadcrumb","itemListElement":[{"@type":"ListItem","position":1,"name":"Home","item":"https:\/\/beebipood.ee\/ru\/"},{"@type":"ListItem","position":2,"name":"\u041a\u0430\u0442\u0430\u043b\u043e\u0433 \u0442\u043e\u0432\u0430\u0440\u043e\u0432","item":"https:\/\/beebipood.ee\/tooted\/"},{"@type":"ListItem","position":3,"name":"Babymoov YOO Roll kaameraga juhtmevaba beebimonitor"}]},{"@type":"WebSite","@id":"https:\/\/beebipood.ee\/ru\/#website","url":"https:\/\/beebipood.ee\/ru\/","name":"Beebipood","description":"Lastekaubad, beebikaubad, m\u00e4nguasjad","publisher":{"@id":"https:\/\/beebipood.ee\/ru\/#organization"},"potentialAction":[{"@type":"SearchAction","target":{"@type":"EntryPoint","urlTemplate":"https:\/\/beebipood.ee\/ru\/?s={search_term_string}"},"query-input":{"@type":"PropertyValueSpecification","valueRequired":true,"valueName":"search_term_string"}}],"inLanguage":"ru-RU"},{"@type":"Organization","@id":"https:\/\/beebipood.ee\/ru\/#organization","name":"Beebipood","url":"https:\/\/beebipood.ee\/ru\/","logo":{"@type":"ImageObject","inLanguage":"ru-RU","@id":"https:\/\/beebipood.ee\/ru\/#\/schema\/logo\/image\/","url":"https:\/\/beebipood.ee\/wp-content\/uploads\/2025\/03\/beebipood.ee-logo-1.svg","contentUrl":"https:\/\/beebipood.ee\/wp-content\/uploads\/2025\/03\/beebipood.ee-logo-1.svg","caption":"Beebipood"},"image":{"@id":"https:\/\/beebipood.ee\/ru\/#\/schema\/logo\/image\/"}}]}},"brands":[{"id":11976,"name":"Babymoov","slug":"babymoov-ru"}],"_links":{"self":[{"href":"https:\/\/beebipood.ee\/ru\/wp-json\/wp\/v2\/product\/459441","targetHints":{"allow":["GET"]}}],"collection":[{"href":"https:\/\/beebipood.ee\/ru\/wp-json\/wp\/v2\/product"}],"about":[{"href":"https:\/\/beebipood.ee\/ru\/wp-json\/wp\/v2\/types\/product"}],"wp:featuredmedia":[{"embeddable":true,"href":"https:\/\/beebipood.ee\/ru\/wp-json\/wp\/v2\/media\/135202"}],"wp:attachment":[{"href":"https:\/\/beebipood.ee\/ru\/wp-json\/wp\/v2\/media?parent=459441"}],"wp:term":[{"taxonomy":"pwb-brand","embeddable":true,"href":"https:\/\/beebipood.ee\/ru\/wp-json\/wp\/v2\/pwb-brand?post=459441"},{"taxonomy":"product_brand","embeddable":true,"href":"https:\/\/beebipood.ee\/ru\/wp-json\/wp\/v2\/product_brand?post=459441"},{"taxonomy":"product_cat","embeddable":true,"href":"https:\/\/beebipood.ee\/ru\/wp-json\/wp\/v2\/product_cat?post=459441"},{"taxonomy":"product_tag","embeddable":true,"href":"https:\/\/beebipood.ee\/ru\/wp-json\/wp\/v2\/product_tag?post=459441"}],"curies":[{"name":"wp","href":"https:\/\/api.w.org\/{rel}","templated":true}]}}