{"id":459443,"date":"2020-07-19T08:05:54","date_gmt":"2020-07-19T05:05:54","guid":{"rendered":"https:\/\/beebipood.ee\/toode\/babybjorn-bliss-lamamistool-woven-petal-quilt-dark-green\/"},"modified":"2025-01-09T10:48:21","modified_gmt":"2025-01-09T08:48:21","slug":"babybjorn-bliss-lamamistool-woven-petal-quilt-dark-green","status":"publish","type":"product","link":"https:\/\/beebipood.ee\/ru\/produkt\/babybjorn-bliss-lamamistool-woven-petal-quilt-dark-green\/","title":{"rendered":"BabyBj\u00f6rn Bliss lamamistool Woven Petal Quilt, Dark Green"},"content":{"rendered":"<p>BabyBj\u00f6rn Bliss on ergonoomiline lamamistool, kus beebil on v\u00f5imalik m\u00e4ngida v\u00f5i puhata,<br \/>samal ajal kui sa ise tegeled muude koduste tegemistega.<br \/>Lapse omaenda liigutused panevad tooli vaikselt kiikuma.<br \/>Kiikudes on beebil l\u00f5bu laialt ning selle k\u00e4igus arenevad ka tema liikumisoskused ja tasakaal t\u00e4iesti naturaalsel moel.<br \/>Mugav ja pehme kangas pakub ideaalset tuge lapse seljale, kaelale ja peale.<br \/>BabyBj\u00f6rn lamamistooli on v\u00f5imalik kasutada alates lapse s\u00fcnnist kuni vanuseni 2 eluaastat.<\/p>\n<p><span style=\"text-decoration: underline;\">Omadused<\/span><br \/>Auhindadega p\u00e4rjatud lamamistool on n\u00fc\u00fcd uue disainiga<br \/>Hall alusraam annab pehmema ilme.<br \/>\u00dchev\u00e4rviline kangas loob luksusliku tunde ja sobib h\u00e4sti pea igasse interj\u00f6\u00f6ri<br \/><span style=\"text-decoration: underline;\">Ideaalne kaaslane reisidel<\/span><br \/>Bliss lamamistooli on v\u00f5imalik kompaktselt kokku panna.<br \/>T\u00e4nu sellele v\u00f5tab lamamistooli ladustamine v\u00e4ga v\u00e4he ruumi<br \/><span style=\"text-decoration: underline;\">Kolm positsiooni<\/span><br \/>Kolmele erinevale k\u00f5rgusele reguleeritav lamamistool: m\u00e4ngimiseks, puhkamiseks ja magamiseks<br \/>L\u00f5bus ja loomulik kiikumine<br \/>Lapse enda liigutused panevad lamamistooli kiikuma.<br \/>Kiikudes on beebil l\u00f5bu laialt ning selle k\u00e4igus arenevad ka tema liikumisoskused ja tasakaal t\u00e4iesti naturaalsel moel<br \/><span style=\"text-decoration: underline;\">Pikk kasutusaeg<\/span><br \/>BabyBj\u00f6rn Bliss lamamistooli on v\u00f5imalik kasutada alates s\u00fcnnist (miinimum kaal 3,5kg)<br \/>kuni lapse vanuseni 2 eluaastat. Kui laps on juba \u00f5ppinud iseseisvalt istuma,<br \/>on aeg keerata kangas teistpidi ning kasutada seda lihtsa ja mugava toolina<br \/><span style=\"text-decoration: underline;\">Korrektne pea ja selja toestus<\/span><br \/>Lamamistool on disainitud selliselt et pakkuda ergonoomilist tuge sinu beebi peale, kaelale ja seljale.<br \/>Istmekate vormib ilusti \u00fcmber beebi keha ja jaotab ta kaalu \u00fchtlaselt laiali.<br \/>Selline lahendus pakub beebile suurep\u00e4rast toestust, mis on eriti oluline just noorte beebide puhul,<br \/>kelle lihased ei ole veel t\u00e4ielikult v\u00e4lja arenenud<br \/><span style=\"text-decoration: underline;\">\u00d5nnelik laps, \u00f5nnelikud vanemad<\/span><br \/>Beebi saab sinu l\u00e4hedal lamamistoolis m\u00e4ngida ja puhata, sel ajal kui sa k\u00e4id du\u0161\u0161i all v\u00f5i naudid tassi kohvi<br \/><span style=\"text-decoration: underline;\">Ohutud ja testitud materjalid<\/span><br \/>BabyBj\u00f6rni lamamistoolis kasutatud materjalid on beebi naha vastu \u00f5rnad ja pehmed.<br \/>Samuti on need ka ohutud beebile n\u00e4rida v\u00f5i lutsida. K\u00f5ik materjalid on testitud<br \/>ja heaks kiidetud vastavalt \u00d6ko-Tex 100 Standardi j\u00e4rgi. See garanteerib,<br \/>et toote valmistamisel kasutatud tekstiil on turvaline.<br \/>Kasutatavad materjalid on testitud, nahas\u00f5bralikud ja ei sisalda ohtlikke kemikaale<br \/><span style=\"text-decoration: underline;\">Lihtsasti puhastatav<\/span><br \/>Tooli riidest osa on lihtsasti pestav (40\u00b0C). Lamamistooli katteriie on vahetatav ka uue vastu<br \/>Bouncer Bliss lamamistoolil on valikus 2 kangast:<br \/>pehme ja mugav tepitud kangas (Cotton) 100% puuvillast<br \/>\u00f5huline v\u00f5rkkangas (Mesh) 100% pol\u00fcestrist<br \/>Kumbki materjal ei sisalda tervisele ohtlike aineid ning m\u00f5lemad kangad vastavad \u00d6ko-Tex Standard 100 n\u00f5uetele.<br \/>\u00d6ko-Tex Standard 100<\/p>\n<p><span><br \/><span style=\"text-decoration: underline;\">N\u00e4itajad<\/span><\/span><br \/>V\u00e4ikseim lubatud kaal 3,5kg<br \/>Suurim lubatud kaal 13kg<br \/>NB! Kasutades toodet lamamistoolina, on suurim lubatud kaal 9kg<br \/>k\u00f5ige k\u00f5rgem positsioon kuni 9kg<br \/>keskmine positsioon kuni 9kg<br \/>k\u00f5ige madalam positsioon kuni 7kg<br \/>NB! Kasutades toodet toolina\/beebiistmena, on suurim lubatud kaal 13kg<br \/>k\u00f5ige k\u00f5rgem positsioon kuni 13kg<br \/>keskmine positsioon kuni 10kg<br \/>k\u00f5ige madalam positsioon kuni 7kg<br \/>Soovituslike piirm\u00e4\u00e4rade \u00fcletamine ei ole ohtlik, lihtsalt kiikumisfunktsioon ei pruugi t\u00f6\u00f6tada nii h\u00e4sti.<br \/>Kaal: 2,1kg<br \/>M\u00f5\u00f5dud k\u00f5ige k\u00f5rgemas positsioonis: 39 x 79 x 56 cm<br \/>M\u00f5\u00f5dud kokkupandult: 39 x 89 x 11 cm<br \/><span>Toote hooldus<\/span><br \/>Masinpestav 40\u00b0 C juures. Pesta eraldi.<br \/>Kasutada keskkonnas\u00f5bralikku ning lahjat pesuvahendit (ilma valgendajata).<br \/>\u00c4rge kasutage trummelkuivatust.<\/p>\n","protected":false},"excerpt":{"rendered":"<p>BabyBj\u00f6rn Bliss on ergonoomiline lamamistool, kus beebil on v\u00f5imalik m\u00e4ngida v\u00f5i puhata,samal ajal kui sa ise tegeled muude koduste tegemistega.Lapse omaenda liigutused panevad tooli vaikselt kiikuma.Kiikudes on beebil l\u00f5bu laialt ning selle k\u00e4igus arenevad ka tema liikumisoskused ja tasakaal t\u00e4iesti naturaalsel moel.Mugav ja pehme kangas pakub ideaalset tuge lapse seljale, kaelale ja peale.BabyBj\u00f6rn lamamistooli on [&hellip;]<\/p>\n","protected":false},"featured_media":172784,"template":"","meta":{"_acf_changed":false},"pwb-brand":[11966],"product_brand":[],"product_cat":[11879,11709],"product_tag":[],"class_list":{"0":"post-459443","1":"product","2":"type-product","3":"status-publish","4":"has-post-thumbnail","6":"pwb-brand-babybjorn-ru","7":"product_cat-lamamistoolid-ja-kiiged-ru","8":"product_cat-sootmistoolid-beebi-ja-lastetarbed-mahkimine-hugieen-ru","9":"pa_manufacturer-babybjorn-ru","11":"first","12":"onbackorder","13":"taxable","14":"shipping-taxable","15":"purchasable","16":"product-type-simple"},"exclude_global_add_ons":[],"addons":[],"acf":[],"yoast_head":"<!-- This site is optimized with the Yoast SEO plugin v27.1.1 - https:\/\/yoast.com\/product\/yoast-seo-wordpress\/ -->\n<title>BabyBj\u00f6rn Bliss lamamistool Woven Petal Quilt, Dark Green , \u0421\u041a\u0418\u0414\u041a\u0418, \u041d\u041e\u0412\u042b\u0415 \u0422\u041e\u0412\u0410\u0420\u042b, \u041f\u0440\u0438\u043d\u0430\u0434\u043b\u0435\u0436\u043d\u043e\u0441\u0442\u0438 \u0434\u043b\u044f \u043c\u043b\u0430\u0434\u0435\u043d\u0446\u0435\u0432, Babybj\u00f6rn Bouncer -10%, \u0428\u0435\u0437\u043b\u043e\u043d\u0433\u0438 \u0438 \u043a\u0430\u0447\u0435\u043b\u0438, Beebipood<\/title>\n<meta name=\"description\" content=\"BabyBj\u00f6rn Bliss lamamistool Woven Petal Quilt, Dark Green , BabyBj&ouml;rn Bliss on ergonoomiline lamamistool, kus beebil on v&otilde;imalik m&auml;ngida v&amp;\" \/>\n<meta name=\"robots\" content=\"index, follow, max-snippet:-1, max-image-preview:large, max-video-preview:-1\" \/>\n<link rel=\"canonical\" href=\"https:\/\/beebipood.ee\/ru\/produkt\/babybjorn-bliss-lamamistool-woven-petal-quilt-dark-green\/\" \/>\n<meta property=\"og:locale\" content=\"ru_RU\" \/>\n<meta property=\"og:type\" content=\"article\" \/>\n<meta property=\"og:title\" content=\"BabyBj\u00f6rn Bliss lamamistool Woven Petal Quilt, Dark Green , \u0421\u041a\u0418\u0414\u041a\u0418, \u041d\u041e\u0412\u042b\u0415 \u0422\u041e\u0412\u0410\u0420\u042b, \u041f\u0440\u0438\u043d\u0430\u0434\u043b\u0435\u0436\u043d\u043e\u0441\u0442\u0438 \u0434\u043b\u044f \u043c\u043b\u0430\u0434\u0435\u043d\u0446\u0435\u0432, Babybj\u00f6rn Bouncer -10%, \u0428\u0435\u0437\u043b\u043e\u043d\u0433\u0438 \u0438 \u043a\u0430\u0447\u0435\u043b\u0438, Beebipood\" \/>\n<meta property=\"og:description\" content=\"BabyBj\u00f6rn Bliss lamamistool Woven Petal Quilt, Dark Green , BabyBj&ouml;rn Bliss on ergonoomiline lamamistool, kus beebil on v&otilde;imalik m&auml;ngida v&amp;\" \/>\n<meta property=\"og:url\" content=\"https:\/\/beebipood.ee\/ru\/produkt\/babybjorn-bliss-lamamistool-woven-petal-quilt-dark-green\/\" \/>\n<meta property=\"og:site_name\" content=\"Beebipood\" \/>\n<meta property=\"article:modified_time\" content=\"2025-01-09T08:48:21+00:00\" \/>\n<meta property=\"og:image\" content=\"https:\/\/beebipood.ee\/wp-content\/uploads\/2020\/07\/babybj_rn_bliss_lamamistool-c38.jpg\" \/>\n\t<meta property=\"og:image:width\" content=\"800\" \/>\n\t<meta property=\"og:image:height\" content=\"1200\" \/>\n\t<meta property=\"og:image:type\" content=\"image\/jpeg\" \/>\n<meta name=\"twitter:card\" content=\"summary_large_image\" \/>\n<meta name=\"twitter:label1\" content=\"\u041f\u0440\u0438\u043c\u0435\u0440\u043d\u043e\u0435 \u0432\u0440\u0435\u043c\u044f \u0434\u043b\u044f \u0447\u0442\u0435\u043d\u0438\u044f\" \/>\n\t<meta name=\"twitter:data1\" content=\"2 \u043c\u0438\u043d\u0443\u0442\u044b\" \/>\n<script type=\"application\/ld+json\" class=\"yoast-schema-graph\">{\"@context\":\"https:\/\/schema.org\",\"@graph\":[{\"@type\":\"WebPage\",\"@id\":\"https:\/\/beebipood.ee\/ru\/produkt\/babybjorn-bliss-lamamistool-woven-petal-quilt-dark-green\/\",\"url\":\"https:\/\/beebipood.ee\/ru\/produkt\/babybjorn-bliss-lamamistool-woven-petal-quilt-dark-green\/\",\"name\":\"BabyBj\u00f6rn Bliss lamamistool Woven Petal Quilt, Dark Green , \u0421\u041a\u0418\u0414\u041a\u0418, \u041d\u041e\u0412\u042b\u0415 \u0422\u041e\u0412\u0410\u0420\u042b, \u041f\u0440\u0438\u043d\u0430\u0434\u043b\u0435\u0436\u043d\u043e\u0441\u0442\u0438 \u0434\u043b\u044f \u043c\u043b\u0430\u0434\u0435\u043d\u0446\u0435\u0432, Babybj\u00f6rn Bouncer -10%, \u0428\u0435\u0437\u043b\u043e\u043d\u0433\u0438 \u0438 \u043a\u0430\u0447\u0435\u043b\u0438, Beebipood\",\"isPartOf\":{\"@id\":\"https:\/\/beebipood.ee\/ru\/#website\"},\"primaryImageOfPage\":{\"@id\":\"https:\/\/beebipood.ee\/ru\/produkt\/babybjorn-bliss-lamamistool-woven-petal-quilt-dark-green\/#primaryimage\"},\"image\":{\"@id\":\"https:\/\/beebipood.ee\/ru\/produkt\/babybjorn-bliss-lamamistool-woven-petal-quilt-dark-green\/#primaryimage\"},\"thumbnailUrl\":\"https:\/\/beebipood.ee\/wp-content\/uploads\/2020\/07\/babybj_rn_bliss_lamamistool-c38.jpg\",\"datePublished\":\"2020-07-19T05:05:54+00:00\",\"dateModified\":\"2025-01-09T08:48:21+00:00\",\"description\":\"BabyBj\u00f6rn Bliss lamamistool Woven Petal Quilt, Dark Green , BabyBj&ouml;rn Bliss on ergonoomiline lamamistool, kus beebil on v&otilde;imalik m&auml;ngida v&\",\"breadcrumb\":{\"@id\":\"https:\/\/beebipood.ee\/ru\/produkt\/babybjorn-bliss-lamamistool-woven-petal-quilt-dark-green\/#breadcrumb\"},\"inLanguage\":\"ru-RU\",\"potentialAction\":[{\"@type\":\"ReadAction\",\"target\":[\"https:\/\/beebipood.ee\/ru\/produkt\/babybjorn-bliss-lamamistool-woven-petal-quilt-dark-green\/\"]}]},{\"@type\":\"ImageObject\",\"inLanguage\":\"ru-RU\",\"@id\":\"https:\/\/beebipood.ee\/ru\/produkt\/babybjorn-bliss-lamamistool-woven-petal-quilt-dark-green\/#primaryimage\",\"url\":\"https:\/\/beebipood.ee\/wp-content\/uploads\/2020\/07\/babybj_rn_bliss_lamamistool-c38.jpg\",\"contentUrl\":\"https:\/\/beebipood.ee\/wp-content\/uploads\/2020\/07\/babybj_rn_bliss_lamamistool-c38.jpg\",\"width\":800,\"height\":1200},{\"@type\":\"BreadcrumbList\",\"@id\":\"https:\/\/beebipood.ee\/ru\/produkt\/babybjorn-bliss-lamamistool-woven-petal-quilt-dark-green\/#breadcrumb\",\"itemListElement\":[{\"@type\":\"ListItem\",\"position\":1,\"name\":\"Home\",\"item\":\"https:\/\/beebipood.ee\/ru\/\"},{\"@type\":\"ListItem\",\"position\":2,\"name\":\"\u041a\u0430\u0442\u0430\u043b\u043e\u0433 \u0442\u043e\u0432\u0430\u0440\u043e\u0432\",\"item\":\"https:\/\/beebipood.ee\/tooted\/\"},{\"@type\":\"ListItem\",\"position\":3,\"name\":\"BabyBj\u00f6rn Bliss lamamistool Woven Petal Quilt, Dark Green\"}]},{\"@type\":\"WebSite\",\"@id\":\"https:\/\/beebipood.ee\/ru\/#website\",\"url\":\"https:\/\/beebipood.ee\/ru\/\",\"name\":\"Beebipood\",\"description\":\"Lastekaubad, beebikaubad, m\u00e4nguasjad\",\"publisher\":{\"@id\":\"https:\/\/beebipood.ee\/ru\/#organization\"},\"potentialAction\":[{\"@type\":\"SearchAction\",\"target\":{\"@type\":\"EntryPoint\",\"urlTemplate\":\"https:\/\/beebipood.ee\/ru\/?s={search_term_string}\"},\"query-input\":{\"@type\":\"PropertyValueSpecification\",\"valueRequired\":true,\"valueName\":\"search_term_string\"}}],\"inLanguage\":\"ru-RU\"},{\"@type\":\"Organization\",\"@id\":\"https:\/\/beebipood.ee\/ru\/#organization\",\"name\":\"Beebipood\",\"url\":\"https:\/\/beebipood.ee\/ru\/\",\"logo\":{\"@type\":\"ImageObject\",\"inLanguage\":\"ru-RU\",\"@id\":\"https:\/\/beebipood.ee\/ru\/#\/schema\/logo\/image\/\",\"url\":\"https:\/\/beebipood.ee\/wp-content\/uploads\/2025\/03\/beebipood.ee-logo-1.svg\",\"contentUrl\":\"https:\/\/beebipood.ee\/wp-content\/uploads\/2025\/03\/beebipood.ee-logo-1.svg\",\"caption\":\"Beebipood\"},\"image\":{\"@id\":\"https:\/\/beebipood.ee\/ru\/#\/schema\/logo\/image\/\"}}]}<\/script>\n<!-- \/ Yoast SEO plugin. -->","yoast_head_json":{"title":"BabyBj\u00f6rn Bliss lamamistool Woven Petal Quilt, Dark Green , \u0421\u041a\u0418\u0414\u041a\u0418, \u041d\u041e\u0412\u042b\u0415 \u0422\u041e\u0412\u0410\u0420\u042b, \u041f\u0440\u0438\u043d\u0430\u0434\u043b\u0435\u0436\u043d\u043e\u0441\u0442\u0438 \u0434\u043b\u044f \u043c\u043b\u0430\u0434\u0435\u043d\u0446\u0435\u0432, Babybj\u00f6rn Bouncer -10%, \u0428\u0435\u0437\u043b\u043e\u043d\u0433\u0438 \u0438 \u043a\u0430\u0447\u0435\u043b\u0438, Beebipood","description":"BabyBj\u00f6rn Bliss lamamistool Woven Petal Quilt, Dark Green , BabyBj&ouml;rn Bliss on ergonoomiline lamamistool, kus beebil on v&otilde;imalik m&auml;ngida v&","robots":{"index":"index","follow":"follow","max-snippet":"max-snippet:-1","max-image-preview":"max-image-preview:large","max-video-preview":"max-video-preview:-1"},"canonical":"https:\/\/beebipood.ee\/ru\/produkt\/babybjorn-bliss-lamamistool-woven-petal-quilt-dark-green\/","og_locale":"ru_RU","og_type":"article","og_title":"BabyBj\u00f6rn Bliss lamamistool Woven Petal Quilt, Dark Green , \u0421\u041a\u0418\u0414\u041a\u0418, \u041d\u041e\u0412\u042b\u0415 \u0422\u041e\u0412\u0410\u0420\u042b, \u041f\u0440\u0438\u043d\u0430\u0434\u043b\u0435\u0436\u043d\u043e\u0441\u0442\u0438 \u0434\u043b\u044f \u043c\u043b\u0430\u0434\u0435\u043d\u0446\u0435\u0432, Babybj\u00f6rn Bouncer -10%, \u0428\u0435\u0437\u043b\u043e\u043d\u0433\u0438 \u0438 \u043a\u0430\u0447\u0435\u043b\u0438, Beebipood","og_description":"BabyBj\u00f6rn Bliss lamamistool Woven Petal Quilt, Dark Green , BabyBj&ouml;rn Bliss on ergonoomiline lamamistool, kus beebil on v&otilde;imalik m&auml;ngida v&","og_url":"https:\/\/beebipood.ee\/ru\/produkt\/babybjorn-bliss-lamamistool-woven-petal-quilt-dark-green\/","og_site_name":"Beebipood","article_modified_time":"2025-01-09T08:48:21+00:00","og_image":[{"width":800,"height":1200,"url":"https:\/\/beebipood.ee\/wp-content\/uploads\/2020\/07\/babybj_rn_bliss_lamamistool-c38.jpg","type":"image\/jpeg"}],"twitter_card":"summary_large_image","twitter_misc":{"\u041f\u0440\u0438\u043c\u0435\u0440\u043d\u043e\u0435 \u0432\u0440\u0435\u043c\u044f \u0434\u043b\u044f \u0447\u0442\u0435\u043d\u0438\u044f":"2 \u043c\u0438\u043d\u0443\u0442\u044b"},"schema":{"@context":"https:\/\/schema.org","@graph":[{"@type":"WebPage","@id":"https:\/\/beebipood.ee\/ru\/produkt\/babybjorn-bliss-lamamistool-woven-petal-quilt-dark-green\/","url":"https:\/\/beebipood.ee\/ru\/produkt\/babybjorn-bliss-lamamistool-woven-petal-quilt-dark-green\/","name":"BabyBj\u00f6rn Bliss lamamistool Woven Petal Quilt, Dark Green , \u0421\u041a\u0418\u0414\u041a\u0418, \u041d\u041e\u0412\u042b\u0415 \u0422\u041e\u0412\u0410\u0420\u042b, \u041f\u0440\u0438\u043d\u0430\u0434\u043b\u0435\u0436\u043d\u043e\u0441\u0442\u0438 \u0434\u043b\u044f \u043c\u043b\u0430\u0434\u0435\u043d\u0446\u0435\u0432, Babybj\u00f6rn Bouncer -10%, \u0428\u0435\u0437\u043b\u043e\u043d\u0433\u0438 \u0438 \u043a\u0430\u0447\u0435\u043b\u0438, Beebipood","isPartOf":{"@id":"https:\/\/beebipood.ee\/ru\/#website"},"primaryImageOfPage":{"@id":"https:\/\/beebipood.ee\/ru\/produkt\/babybjorn-bliss-lamamistool-woven-petal-quilt-dark-green\/#primaryimage"},"image":{"@id":"https:\/\/beebipood.ee\/ru\/produkt\/babybjorn-bliss-lamamistool-woven-petal-quilt-dark-green\/#primaryimage"},"thumbnailUrl":"https:\/\/beebipood.ee\/wp-content\/uploads\/2020\/07\/babybj_rn_bliss_lamamistool-c38.jpg","datePublished":"2020-07-19T05:05:54+00:00","dateModified":"2025-01-09T08:48:21+00:00","description":"BabyBj\u00f6rn Bliss lamamistool Woven Petal Quilt, Dark Green , BabyBj&ouml;rn Bliss on ergonoomiline lamamistool, kus beebil on v&otilde;imalik m&auml;ngida v&","breadcrumb":{"@id":"https:\/\/beebipood.ee\/ru\/produkt\/babybjorn-bliss-lamamistool-woven-petal-quilt-dark-green\/#breadcrumb"},"inLanguage":"ru-RU","potentialAction":[{"@type":"ReadAction","target":["https:\/\/beebipood.ee\/ru\/produkt\/babybjorn-bliss-lamamistool-woven-petal-quilt-dark-green\/"]}]},{"@type":"ImageObject","inLanguage":"ru-RU","@id":"https:\/\/beebipood.ee\/ru\/produkt\/babybjorn-bliss-lamamistool-woven-petal-quilt-dark-green\/#primaryimage","url":"https:\/\/beebipood.ee\/wp-content\/uploads\/2020\/07\/babybj_rn_bliss_lamamistool-c38.jpg","contentUrl":"https:\/\/beebipood.ee\/wp-content\/uploads\/2020\/07\/babybj_rn_bliss_lamamistool-c38.jpg","width":800,"height":1200},{"@type":"BreadcrumbList","@id":"https:\/\/beebipood.ee\/ru\/produkt\/babybjorn-bliss-lamamistool-woven-petal-quilt-dark-green\/#breadcrumb","itemListElement":[{"@type":"ListItem","position":1,"name":"Home","item":"https:\/\/beebipood.ee\/ru\/"},{"@type":"ListItem","position":2,"name":"\u041a\u0430\u0442\u0430\u043b\u043e\u0433 \u0442\u043e\u0432\u0430\u0440\u043e\u0432","item":"https:\/\/beebipood.ee\/tooted\/"},{"@type":"ListItem","position":3,"name":"BabyBj\u00f6rn Bliss lamamistool Woven Petal Quilt, Dark Green"}]},{"@type":"WebSite","@id":"https:\/\/beebipood.ee\/ru\/#website","url":"https:\/\/beebipood.ee\/ru\/","name":"Beebipood","description":"Lastekaubad, beebikaubad, m\u00e4nguasjad","publisher":{"@id":"https:\/\/beebipood.ee\/ru\/#organization"},"potentialAction":[{"@type":"SearchAction","target":{"@type":"EntryPoint","urlTemplate":"https:\/\/beebipood.ee\/ru\/?s={search_term_string}"},"query-input":{"@type":"PropertyValueSpecification","valueRequired":true,"valueName":"search_term_string"}}],"inLanguage":"ru-RU"},{"@type":"Organization","@id":"https:\/\/beebipood.ee\/ru\/#organization","name":"Beebipood","url":"https:\/\/beebipood.ee\/ru\/","logo":{"@type":"ImageObject","inLanguage":"ru-RU","@id":"https:\/\/beebipood.ee\/ru\/#\/schema\/logo\/image\/","url":"https:\/\/beebipood.ee\/wp-content\/uploads\/2025\/03\/beebipood.ee-logo-1.svg","contentUrl":"https:\/\/beebipood.ee\/wp-content\/uploads\/2025\/03\/beebipood.ee-logo-1.svg","caption":"Beebipood"},"image":{"@id":"https:\/\/beebipood.ee\/ru\/#\/schema\/logo\/image\/"}}]}},"brands":[{"id":11966,"name":"BabyBj\u00f6rn","slug":"babybjorn-ru"}],"_links":{"self":[{"href":"https:\/\/beebipood.ee\/ru\/wp-json\/wp\/v2\/product\/459443","targetHints":{"allow":["GET"]}}],"collection":[{"href":"https:\/\/beebipood.ee\/ru\/wp-json\/wp\/v2\/product"}],"about":[{"href":"https:\/\/beebipood.ee\/ru\/wp-json\/wp\/v2\/types\/product"}],"wp:featuredmedia":[{"embeddable":true,"href":"https:\/\/beebipood.ee\/ru\/wp-json\/wp\/v2\/media\/172784"}],"wp:attachment":[{"href":"https:\/\/beebipood.ee\/ru\/wp-json\/wp\/v2\/media?parent=459443"}],"wp:term":[{"taxonomy":"pwb-brand","embeddable":true,"href":"https:\/\/beebipood.ee\/ru\/wp-json\/wp\/v2\/pwb-brand?post=459443"},{"taxonomy":"product_brand","embeddable":true,"href":"https:\/\/beebipood.ee\/ru\/wp-json\/wp\/v2\/product_brand?post=459443"},{"taxonomy":"product_cat","embeddable":true,"href":"https:\/\/beebipood.ee\/ru\/wp-json\/wp\/v2\/product_cat?post=459443"},{"taxonomy":"product_tag","embeddable":true,"href":"https:\/\/beebipood.ee\/ru\/wp-json\/wp\/v2\/product_tag?post=459443"}],"curies":[{"name":"wp","href":"https:\/\/api.w.org\/{rel}","templated":true}]}}