{"id":459447,"date":"2020-07-19T08:18:48","date_gmt":"2020-07-19T05:18:48","guid":{"rendered":"https:\/\/beebipood.ee\/toode\/babybjorn-balance-soft-lamamistool-beige-grey-woven-jersey\/"},"modified":"2025-01-09T10:48:20","modified_gmt":"2025-01-09T08:48:20","slug":"babybjorn-balance-soft-lamamistool-beige-grey-woven-jersey","status":"publish","type":"product","link":"https:\/\/beebipood.ee\/ru\/produkt\/babybjorn-balance-soft-lamamistool-beige-grey-woven-jersey\/","title":{"rendered":"Babybj\u00f6rn Balance Soft lamamistool, Beige-Grey Woven Jersey"},"content":{"rendered":"<p><span>Balance Soft on ergonoomiline lamamistool, kus beebil on v\u00f5imalik m\u00e4ngida v\u00f5i puhata,<\/span><br \/><span>samal ajal kui sa ise tegeled muude koduste tegemistega.<\/span><br \/><span>Lapse omaenda liigutused panevad tooli vaikselt kiikuma, mis tekitab temas palju r\u00f5\u00f5mu.<\/span><br \/><span>Mugav ja pehme kangas pakub ideaalset tuge lapse seljale, kaelale ja peale.<\/span><br \/><span>BabyBj\u00f6rn lamamistooli on v\u00f5imalik kasutada alates lapse s\u00fcnnist kuni vanuseni 2 eluaastat.<\/span><\/p>\n<p><span style=\"text-decoration: underline;\">Omadused<\/span><br \/><span>Kolm positsiooni<\/span><br \/><span>Kolmele erinevale k\u00f5rgusele reguleeritav lamamistool: m\u00e4ngimiseks, puhkamiseks ja magamiseks<\/span><br \/><span>L\u00f5bus ja loomulik kiikumine<\/span><br \/><span>Lapse enda liigutused panevad lamamistooli kiikuma.<\/span><br \/><span>Kiikudes on beebil l\u00f5bu laialt ning selle k\u00e4igus arenevad ka tema liikumisoskused<\/span><br \/><span>ja tasakaal t\u00e4iesti naturaalsel moel<\/span><br \/><span>Korrektne pea ja selja toestus<\/span><br \/><span>Lamamistool on disainitud selliselt et pakkuda ergonoomilist tuge sinu beebi peale,<\/span><br \/><span>kaelale ja seljale. Istmekate vormib ilusti \u00fcmber beebi keha ja jaotab ta kaalu \u00fchtlaselt laiali.<\/span><br \/><span>Selline lahendus pakub beebile suurep\u00e4rast toestust, mis on eriti oluline just noorte beebide puhul,<\/span><br \/><span>kelle lihased ei ole veel t\u00e4ielikult v\u00e4lja arenenud<\/span><br \/><span>\u00d5nnelik laps, \u00f5nnelikud vanemad<\/span><br \/><span>Beebi saab sinu l\u00e4hedal lamamistoolis m\u00e4ngida ja puhata,<\/span><br \/><span>sel ajal kui sa k\u00e4id du\u0161\u0161i all v\u00f5i naudid tassi kohvi<\/span><br \/><span>Pikk kasutusaeg<\/span><br \/><span>BabyBj\u00f6rn Balance Soft lamamistooli on v\u00f5imalik kasutada alates s\u00fcnnist (miinimum kaal 3,5kg)<\/span><br \/><span>kuni lapse vanuseni 2 eluaastat. Kui laps on juba \u00f5ppinud iseseisvalt istuma,<\/span><br \/><span>on aeg keerata kangas teistpidi ning kasutada seda lihtsa ja mugava toolina.<\/span><br \/><span>Ohutud ja testitud materjalid<\/span><br \/><span>BabyBj\u00f6rni lamamistoolis kasutatud materjalid on beebi naha vastu \u00f5rnad ja pehmed.<\/span><br \/><span>Samuti on need ka ohutud beebile n\u00e4rida v\u00f5i lutsida. K\u00f5ik materjalid on testitud<\/span><br \/><span>ja heaks kiidetud vastavalt \u00d6ko-Tex 100 Standardi j\u00e4rgi. See garanteerib,<\/span><br \/><span>et toote valmistamisel kasutatud tekstiil on turvaline.<\/span><br \/><span>Kasutatavad materjalid on testitud, nahas\u00f5bralikud ja ei sisalda ohtlikke kemikaale<\/span><br \/><span>Lihtsasti puhastatav<\/span><br \/><span>Tooli riidest osa on lihtsasti pestav (40\u00b0C).<\/span><br \/><span>Lamamistooli katteriie on vahetatav ka uue vastu<\/span><br \/><span>Ideaalne kaaslane reisidel<\/span><br \/><span>Balance Soft lamamistooli on v\u00f5imalik kompaktselt kokku panna.<\/span><br \/><span>T\u00e4nu sellele v\u00f5tab lamamistooli ladustamine v\u00e4ga v\u00e4he ruumi.<\/span><br \/><span>Arendatud koost\u00f6\u00f6s lastearstidega<\/span><br \/><span>Antud toode on arendatud v\u00e4lja tihedas koost\u00f6\u00f6s lastearstidega.<\/span><br \/><span>BabyBj\u00f6rn teeb koost\u00f6\u00f6d juhtivate lastearstide, \u00e4mmaemandate ja lasteps\u00fcholoogidega.<\/span><br \/><span>Nende arstlik ekspertiis on \u00e4\u00e4rmiselt oluline uute toodete arendamisel.<\/span><br \/><span>BabyBj\u00f6rni arendustiim ei anna v\u00e4lja \u00fchtegi toodet ilma nende heakskiiduta.<\/span><br \/><span style=\"text-decoration: underline;\">N\u00e4itajad<\/span><br \/><span>V\u00e4ikseim lubatud kaal 3,5kg<\/span><br \/><span>Suurim lubatud kaal 13kg<\/span><br \/><span>NB! Kasutades toodet lamamistoolina, on suurim lubatud kaal 9kg<\/span><br \/><span>k\u00f5ige k\u00f5rgem positsioon kuni 9kg<\/span><br \/><span>keskmine positsioon kuni 9kg<\/span><br \/><span>k\u00f5ige madalam positsioon kuni 7kg<\/span><br \/><span>NB! Kasutades toodet toolina\/beebiistmena, on suurim lubatud kaal 13kg<\/span><br \/><span>k\u00f5ige k\u00f5rgem positsioon kuni 13kg<\/span><br \/><span>keskmine positsioon kuni 10kg<\/span><br \/><span>k\u00f5ige madalam positsioon kuni 7kg<\/span><br \/><span>Soovituslike piirm\u00e4\u00e4rade \u00fcletamine ei ole ohtlik,<\/span><br \/><span>lihtsalt kiikumisfunktsioon ei pruugi t\u00f6\u00f6tada nii h\u00e4sti.<\/span><br \/><span>Kaal: 2,1kg<\/span><br \/><span>M\u00f5\u00f5dud k\u00f5ige k\u00f5rgemas positsioonis: 39 x 79 x 56 cm<\/span><br \/><span>M\u00f5\u00f5dud kokkupandult: 39 x 89 x 11 cm<\/span><br \/><span>Materjalid<\/span><br \/><span>BabyBj\u00f6rn Balance Soft lamamistool on saadaval kolmest erinevast kangast:<\/span><br \/><span>cotton, cotton jersey ja mesh.<\/span><br \/><span>Puuvill (cotton) (100%)<\/span><br \/><span>Cotton\/Jersey (100% puuvill + jersey kangas: 71% puuvill, 24% viskoos, 5% pol\u00fcamiid)<\/span><br \/><span>v\u00f5rkkangas (100% pol\u00fcester)<\/span><\/p>\n","protected":false},"excerpt":{"rendered":"<p>Balance Soft on ergonoomiline lamamistool, kus beebil on v\u00f5imalik m\u00e4ngida v\u00f5i puhata,samal ajal kui sa ise tegeled muude koduste tegemistega.Lapse omaenda liigutused panevad tooli vaikselt kiikuma, mis tekitab temas palju r\u00f5\u00f5mu.Mugav ja pehme kangas pakub ideaalset tuge lapse seljale, kaelale ja peale.BabyBj\u00f6rn lamamistooli on v\u00f5imalik kasutada alates lapse s\u00fcnnist kuni vanuseni 2 eluaastat. OmadusedKolm positsiooniKolmele [&hellip;]<\/p>\n","protected":false},"featured_media":172816,"template":"","meta":{"_acf_changed":false},"pwb-brand":[11966],"product_brand":[],"product_cat":[11879,11709],"product_tag":[],"class_list":{"0":"post-459447","1":"product","2":"type-product","3":"status-publish","4":"has-post-thumbnail","6":"pwb-brand-babybjorn-ru","7":"product_cat-lamamistoolid-ja-kiiged-ru","8":"product_cat-sootmistoolid-beebi-ja-lastetarbed-mahkimine-hugieen-ru","9":"pa_manufacturer-babybjorn-ru","11":"first","12":"outofstock","13":"taxable","14":"shipping-taxable","15":"purchasable","16":"product-type-simple"},"exclude_global_add_ons":[],"addons":[],"acf":[],"yoast_head":"<!-- This site is optimized with the Yoast SEO plugin v27.1.1 - https:\/\/yoast.com\/product\/yoast-seo-wordpress\/ -->\n<title>Babybj\u00f6rn Balance Soft lamamistool, Beige-Grey Woven Jersey, \u0421\u041a\u0418\u0414\u041a\u0418, \u041f\u0440\u0438\u043d\u0430\u0434\u043b\u0435\u0436\u043d\u043e\u0441\u0442\u0438 \u0434\u043b\u044f \u043c\u043b\u0430\u0434\u0435\u043d\u0446\u0435\u0432, Babybj\u00f6rn Bouncer -10%, \u0428\u0435\u0437\u043b\u043e\u043d\u0433\u0438 \u0438 \u043a\u0430\u0447\u0435\u043b\u0438, Beebipood<\/title>\n<meta name=\"description\" content=\"Babybj\u00f6rn Balance Soft lamamistool, Beige-Grey Woven Jersey, Balance Soft on ergonoomiline lamamistool, kus beebil on v&otilde;imalik m&auml;ngida v&amp;o\" \/>\n<meta name=\"robots\" content=\"index, follow, max-snippet:-1, max-image-preview:large, max-video-preview:-1\" \/>\n<link rel=\"canonical\" href=\"https:\/\/beebipood.ee\/ru\/produkt\/babybjorn-balance-soft-lamamistool-beige-grey-woven-jersey\/\" \/>\n<meta property=\"og:locale\" content=\"ru_RU\" \/>\n<meta property=\"og:type\" content=\"article\" \/>\n<meta property=\"og:title\" content=\"Babybj\u00f6rn Balance Soft lamamistool, Beige-Grey Woven Jersey, \u0421\u041a\u0418\u0414\u041a\u0418, \u041f\u0440\u0438\u043d\u0430\u0434\u043b\u0435\u0436\u043d\u043e\u0441\u0442\u0438 \u0434\u043b\u044f \u043c\u043b\u0430\u0434\u0435\u043d\u0446\u0435\u0432, Babybj\u00f6rn Bouncer -10%, \u0428\u0435\u0437\u043b\u043e\u043d\u0433\u0438 \u0438 \u043a\u0430\u0447\u0435\u043b\u0438, Beebipood\" \/>\n<meta property=\"og:description\" content=\"Babybj\u00f6rn Balance Soft lamamistool, Beige-Grey Woven Jersey, Balance Soft on ergonoomiline lamamistool, kus beebil on v&otilde;imalik m&auml;ngida v&amp;o\" \/>\n<meta property=\"og:url\" content=\"https:\/\/beebipood.ee\/ru\/produkt\/babybjorn-balance-soft-lamamistool-beige-grey-woven-jersey\/\" \/>\n<meta property=\"og:site_name\" content=\"Beebipood\" \/>\n<meta property=\"article:modified_time\" content=\"2025-01-09T08:48:20+00:00\" \/>\n<meta property=\"og:image\" content=\"https:\/\/beebipood.ee\/wp-content\/uploads\/2020\/07\/babybj_rn_balance_soft_lamamistool-194.jpg\" \/>\n\t<meta property=\"og:image:width\" content=\"804\" \/>\n\t<meta property=\"og:image:height\" content=\"1200\" \/>\n\t<meta property=\"og:image:type\" content=\"image\/jpeg\" \/>\n<meta name=\"twitter:card\" content=\"summary_large_image\" \/>\n<meta name=\"twitter:label1\" content=\"\u041f\u0440\u0438\u043c\u0435\u0440\u043d\u043e\u0435 \u0432\u0440\u0435\u043c\u044f \u0434\u043b\u044f \u0447\u0442\u0435\u043d\u0438\u044f\" \/>\n\t<meta name=\"twitter:data1\" content=\"2 \u043c\u0438\u043d\u0443\u0442\u044b\" \/>\n<script type=\"application\/ld+json\" class=\"yoast-schema-graph\">{\"@context\":\"https:\/\/schema.org\",\"@graph\":[{\"@type\":\"WebPage\",\"@id\":\"https:\/\/beebipood.ee\/ru\/produkt\/babybjorn-balance-soft-lamamistool-beige-grey-woven-jersey\/\",\"url\":\"https:\/\/beebipood.ee\/ru\/produkt\/babybjorn-balance-soft-lamamistool-beige-grey-woven-jersey\/\",\"name\":\"Babybj\u00f6rn Balance Soft lamamistool, Beige-Grey Woven Jersey, \u0421\u041a\u0418\u0414\u041a\u0418, \u041f\u0440\u0438\u043d\u0430\u0434\u043b\u0435\u0436\u043d\u043e\u0441\u0442\u0438 \u0434\u043b\u044f \u043c\u043b\u0430\u0434\u0435\u043d\u0446\u0435\u0432, Babybj\u00f6rn Bouncer -10%, \u0428\u0435\u0437\u043b\u043e\u043d\u0433\u0438 \u0438 \u043a\u0430\u0447\u0435\u043b\u0438, Beebipood\",\"isPartOf\":{\"@id\":\"https:\/\/beebipood.ee\/ru\/#website\"},\"primaryImageOfPage\":{\"@id\":\"https:\/\/beebipood.ee\/ru\/produkt\/babybjorn-balance-soft-lamamistool-beige-grey-woven-jersey\/#primaryimage\"},\"image\":{\"@id\":\"https:\/\/beebipood.ee\/ru\/produkt\/babybjorn-balance-soft-lamamistool-beige-grey-woven-jersey\/#primaryimage\"},\"thumbnailUrl\":\"https:\/\/beebipood.ee\/wp-content\/uploads\/2020\/07\/babybj_rn_balance_soft_lamamistool-194.jpg\",\"datePublished\":\"2020-07-19T05:18:48+00:00\",\"dateModified\":\"2025-01-09T08:48:20+00:00\",\"description\":\"Babybj\u00f6rn Balance Soft lamamistool, Beige-Grey Woven Jersey, Balance Soft on ergonoomiline lamamistool, kus beebil on v&otilde;imalik m&auml;ngida v&o\",\"breadcrumb\":{\"@id\":\"https:\/\/beebipood.ee\/ru\/produkt\/babybjorn-balance-soft-lamamistool-beige-grey-woven-jersey\/#breadcrumb\"},\"inLanguage\":\"ru-RU\",\"potentialAction\":[{\"@type\":\"ReadAction\",\"target\":[\"https:\/\/beebipood.ee\/ru\/produkt\/babybjorn-balance-soft-lamamistool-beige-grey-woven-jersey\/\"]}]},{\"@type\":\"ImageObject\",\"inLanguage\":\"ru-RU\",\"@id\":\"https:\/\/beebipood.ee\/ru\/produkt\/babybjorn-balance-soft-lamamistool-beige-grey-woven-jersey\/#primaryimage\",\"url\":\"https:\/\/beebipood.ee\/wp-content\/uploads\/2020\/07\/babybj_rn_balance_soft_lamamistool-194.jpg\",\"contentUrl\":\"https:\/\/beebipood.ee\/wp-content\/uploads\/2020\/07\/babybj_rn_balance_soft_lamamistool-194.jpg\",\"width\":804,\"height\":1200},{\"@type\":\"BreadcrumbList\",\"@id\":\"https:\/\/beebipood.ee\/ru\/produkt\/babybjorn-balance-soft-lamamistool-beige-grey-woven-jersey\/#breadcrumb\",\"itemListElement\":[{\"@type\":\"ListItem\",\"position\":1,\"name\":\"Home\",\"item\":\"https:\/\/beebipood.ee\/ru\/\"},{\"@type\":\"ListItem\",\"position\":2,\"name\":\"\u041a\u0430\u0442\u0430\u043b\u043e\u0433 \u0442\u043e\u0432\u0430\u0440\u043e\u0432\",\"item\":\"https:\/\/beebipood.ee\/tooted\/\"},{\"@type\":\"ListItem\",\"position\":3,\"name\":\"Babybj\u00f6rn Balance Soft lamamistool, Beige-Grey Woven Jersey\"}]},{\"@type\":\"WebSite\",\"@id\":\"https:\/\/beebipood.ee\/ru\/#website\",\"url\":\"https:\/\/beebipood.ee\/ru\/\",\"name\":\"Beebipood\",\"description\":\"Lastekaubad, beebikaubad, m\u00e4nguasjad\",\"publisher\":{\"@id\":\"https:\/\/beebipood.ee\/ru\/#organization\"},\"potentialAction\":[{\"@type\":\"SearchAction\",\"target\":{\"@type\":\"EntryPoint\",\"urlTemplate\":\"https:\/\/beebipood.ee\/ru\/?s={search_term_string}\"},\"query-input\":{\"@type\":\"PropertyValueSpecification\",\"valueRequired\":true,\"valueName\":\"search_term_string\"}}],\"inLanguage\":\"ru-RU\"},{\"@type\":\"Organization\",\"@id\":\"https:\/\/beebipood.ee\/ru\/#organization\",\"name\":\"Beebipood\",\"url\":\"https:\/\/beebipood.ee\/ru\/\",\"logo\":{\"@type\":\"ImageObject\",\"inLanguage\":\"ru-RU\",\"@id\":\"https:\/\/beebipood.ee\/ru\/#\/schema\/logo\/image\/\",\"url\":\"https:\/\/beebipood.ee\/wp-content\/uploads\/2025\/03\/beebipood.ee-logo-1.svg\",\"contentUrl\":\"https:\/\/beebipood.ee\/wp-content\/uploads\/2025\/03\/beebipood.ee-logo-1.svg\",\"caption\":\"Beebipood\"},\"image\":{\"@id\":\"https:\/\/beebipood.ee\/ru\/#\/schema\/logo\/image\/\"}}]}<\/script>\n<!-- \/ Yoast SEO plugin. -->","yoast_head_json":{"title":"Babybj\u00f6rn Balance Soft lamamistool, Beige-Grey Woven Jersey, \u0421\u041a\u0418\u0414\u041a\u0418, \u041f\u0440\u0438\u043d\u0430\u0434\u043b\u0435\u0436\u043d\u043e\u0441\u0442\u0438 \u0434\u043b\u044f \u043c\u043b\u0430\u0434\u0435\u043d\u0446\u0435\u0432, Babybj\u00f6rn Bouncer -10%, \u0428\u0435\u0437\u043b\u043e\u043d\u0433\u0438 \u0438 \u043a\u0430\u0447\u0435\u043b\u0438, Beebipood","description":"Babybj\u00f6rn Balance Soft lamamistool, Beige-Grey Woven Jersey, Balance Soft on ergonoomiline lamamistool, kus beebil on v&otilde;imalik m&auml;ngida v&o","robots":{"index":"index","follow":"follow","max-snippet":"max-snippet:-1","max-image-preview":"max-image-preview:large","max-video-preview":"max-video-preview:-1"},"canonical":"https:\/\/beebipood.ee\/ru\/produkt\/babybjorn-balance-soft-lamamistool-beige-grey-woven-jersey\/","og_locale":"ru_RU","og_type":"article","og_title":"Babybj\u00f6rn Balance Soft lamamistool, Beige-Grey Woven Jersey, \u0421\u041a\u0418\u0414\u041a\u0418, \u041f\u0440\u0438\u043d\u0430\u0434\u043b\u0435\u0436\u043d\u043e\u0441\u0442\u0438 \u0434\u043b\u044f \u043c\u043b\u0430\u0434\u0435\u043d\u0446\u0435\u0432, Babybj\u00f6rn Bouncer -10%, \u0428\u0435\u0437\u043b\u043e\u043d\u0433\u0438 \u0438 \u043a\u0430\u0447\u0435\u043b\u0438, Beebipood","og_description":"Babybj\u00f6rn Balance Soft lamamistool, Beige-Grey Woven Jersey, Balance Soft on ergonoomiline lamamistool, kus beebil on v&otilde;imalik m&auml;ngida v&o","og_url":"https:\/\/beebipood.ee\/ru\/produkt\/babybjorn-balance-soft-lamamistool-beige-grey-woven-jersey\/","og_site_name":"Beebipood","article_modified_time":"2025-01-09T08:48:20+00:00","og_image":[{"width":804,"height":1200,"url":"https:\/\/beebipood.ee\/wp-content\/uploads\/2020\/07\/babybj_rn_balance_soft_lamamistool-194.jpg","type":"image\/jpeg"}],"twitter_card":"summary_large_image","twitter_misc":{"\u041f\u0440\u0438\u043c\u0435\u0440\u043d\u043e\u0435 \u0432\u0440\u0435\u043c\u044f \u0434\u043b\u044f \u0447\u0442\u0435\u043d\u0438\u044f":"2 \u043c\u0438\u043d\u0443\u0442\u044b"},"schema":{"@context":"https:\/\/schema.org","@graph":[{"@type":"WebPage","@id":"https:\/\/beebipood.ee\/ru\/produkt\/babybjorn-balance-soft-lamamistool-beige-grey-woven-jersey\/","url":"https:\/\/beebipood.ee\/ru\/produkt\/babybjorn-balance-soft-lamamistool-beige-grey-woven-jersey\/","name":"Babybj\u00f6rn Balance Soft lamamistool, Beige-Grey Woven Jersey, \u0421\u041a\u0418\u0414\u041a\u0418, \u041f\u0440\u0438\u043d\u0430\u0434\u043b\u0435\u0436\u043d\u043e\u0441\u0442\u0438 \u0434\u043b\u044f \u043c\u043b\u0430\u0434\u0435\u043d\u0446\u0435\u0432, Babybj\u00f6rn Bouncer -10%, \u0428\u0435\u0437\u043b\u043e\u043d\u0433\u0438 \u0438 \u043a\u0430\u0447\u0435\u043b\u0438, Beebipood","isPartOf":{"@id":"https:\/\/beebipood.ee\/ru\/#website"},"primaryImageOfPage":{"@id":"https:\/\/beebipood.ee\/ru\/produkt\/babybjorn-balance-soft-lamamistool-beige-grey-woven-jersey\/#primaryimage"},"image":{"@id":"https:\/\/beebipood.ee\/ru\/produkt\/babybjorn-balance-soft-lamamistool-beige-grey-woven-jersey\/#primaryimage"},"thumbnailUrl":"https:\/\/beebipood.ee\/wp-content\/uploads\/2020\/07\/babybj_rn_balance_soft_lamamistool-194.jpg","datePublished":"2020-07-19T05:18:48+00:00","dateModified":"2025-01-09T08:48:20+00:00","description":"Babybj\u00f6rn Balance Soft lamamistool, Beige-Grey Woven Jersey, Balance Soft on ergonoomiline lamamistool, kus beebil on v&otilde;imalik m&auml;ngida v&o","breadcrumb":{"@id":"https:\/\/beebipood.ee\/ru\/produkt\/babybjorn-balance-soft-lamamistool-beige-grey-woven-jersey\/#breadcrumb"},"inLanguage":"ru-RU","potentialAction":[{"@type":"ReadAction","target":["https:\/\/beebipood.ee\/ru\/produkt\/babybjorn-balance-soft-lamamistool-beige-grey-woven-jersey\/"]}]},{"@type":"ImageObject","inLanguage":"ru-RU","@id":"https:\/\/beebipood.ee\/ru\/produkt\/babybjorn-balance-soft-lamamistool-beige-grey-woven-jersey\/#primaryimage","url":"https:\/\/beebipood.ee\/wp-content\/uploads\/2020\/07\/babybj_rn_balance_soft_lamamistool-194.jpg","contentUrl":"https:\/\/beebipood.ee\/wp-content\/uploads\/2020\/07\/babybj_rn_balance_soft_lamamistool-194.jpg","width":804,"height":1200},{"@type":"BreadcrumbList","@id":"https:\/\/beebipood.ee\/ru\/produkt\/babybjorn-balance-soft-lamamistool-beige-grey-woven-jersey\/#breadcrumb","itemListElement":[{"@type":"ListItem","position":1,"name":"Home","item":"https:\/\/beebipood.ee\/ru\/"},{"@type":"ListItem","position":2,"name":"\u041a\u0430\u0442\u0430\u043b\u043e\u0433 \u0442\u043e\u0432\u0430\u0440\u043e\u0432","item":"https:\/\/beebipood.ee\/tooted\/"},{"@type":"ListItem","position":3,"name":"Babybj\u00f6rn Balance Soft lamamistool, Beige-Grey Woven Jersey"}]},{"@type":"WebSite","@id":"https:\/\/beebipood.ee\/ru\/#website","url":"https:\/\/beebipood.ee\/ru\/","name":"Beebipood","description":"Lastekaubad, beebikaubad, m\u00e4nguasjad","publisher":{"@id":"https:\/\/beebipood.ee\/ru\/#organization"},"potentialAction":[{"@type":"SearchAction","target":{"@type":"EntryPoint","urlTemplate":"https:\/\/beebipood.ee\/ru\/?s={search_term_string}"},"query-input":{"@type":"PropertyValueSpecification","valueRequired":true,"valueName":"search_term_string"}}],"inLanguage":"ru-RU"},{"@type":"Organization","@id":"https:\/\/beebipood.ee\/ru\/#organization","name":"Beebipood","url":"https:\/\/beebipood.ee\/ru\/","logo":{"@type":"ImageObject","inLanguage":"ru-RU","@id":"https:\/\/beebipood.ee\/ru\/#\/schema\/logo\/image\/","url":"https:\/\/beebipood.ee\/wp-content\/uploads\/2025\/03\/beebipood.ee-logo-1.svg","contentUrl":"https:\/\/beebipood.ee\/wp-content\/uploads\/2025\/03\/beebipood.ee-logo-1.svg","caption":"Beebipood"},"image":{"@id":"https:\/\/beebipood.ee\/ru\/#\/schema\/logo\/image\/"}}]}},"brands":[{"id":11966,"name":"BabyBj\u00f6rn","slug":"babybjorn-ru"}],"_links":{"self":[{"href":"https:\/\/beebipood.ee\/ru\/wp-json\/wp\/v2\/product\/459447","targetHints":{"allow":["GET"]}}],"collection":[{"href":"https:\/\/beebipood.ee\/ru\/wp-json\/wp\/v2\/product"}],"about":[{"href":"https:\/\/beebipood.ee\/ru\/wp-json\/wp\/v2\/types\/product"}],"wp:featuredmedia":[{"embeddable":true,"href":"https:\/\/beebipood.ee\/ru\/wp-json\/wp\/v2\/media\/172816"}],"wp:attachment":[{"href":"https:\/\/beebipood.ee\/ru\/wp-json\/wp\/v2\/media?parent=459447"}],"wp:term":[{"taxonomy":"pwb-brand","embeddable":true,"href":"https:\/\/beebipood.ee\/ru\/wp-json\/wp\/v2\/pwb-brand?post=459447"},{"taxonomy":"product_brand","embeddable":true,"href":"https:\/\/beebipood.ee\/ru\/wp-json\/wp\/v2\/product_brand?post=459447"},{"taxonomy":"product_cat","embeddable":true,"href":"https:\/\/beebipood.ee\/ru\/wp-json\/wp\/v2\/product_cat?post=459447"},{"taxonomy":"product_tag","embeddable":true,"href":"https:\/\/beebipood.ee\/ru\/wp-json\/wp\/v2\/product_tag?post=459447"}],"curies":[{"name":"wp","href":"https:\/\/api.w.org\/{rel}","templated":true}]}}