{"id":459449,"date":"2020-07-22T12:38:24","date_gmt":"2020-07-22T09:38:24","guid":{"rendered":"https:\/\/beebipood.ee\/toode\/jane-check-up-tahavaatepeegel\/"},"modified":"2025-01-09T10:48:20","modified_gmt":"2025-01-09T08:48:20","slug":"jane-check-up-tahavaatepeegel","status":"publish","type":"product","link":"https:\/\/beebipood.ee\/ru\/produkt\/jane-check-up-tahavaatepeegel\/","title":{"rendered":"Jane Check Up tahavaatepeegel"},"content":{"rendered":"<p>Kahe LED-tulega ja kaugjuhtimispuldiga tahavaatepeegel.<br \/>\u00dclimalt laia raamiga autopeegel tagab parima v\u00f5imaliku n\u00e4htavuse tagaistmel toimuvast. <br \/>V\u00f5imaldab teil n\u00e4ha last s\u00f5idu ajal auto tagaistmel ka h\u00e4maras v\u00f5i pimedal ajal.<br \/>Kaugjuhtimispuldi abil saate tulesid h\u00f5lpsalt sisse ja v\u00e4lja l\u00fclitada.<br \/>Pehmete LED-tulede intensiivsus suureneb j\u00e4rk-j\u00e4rgult nende sissel\u00fclitamisel, <br \/>et nad ei pimestaks teie last ootamatult.<\/p>\n<p>Reguleeritav tahavaatepeegel.<br \/>Kaasas kaugjuhtimispult.<br \/>Sobib kasutamiseks pea enamus autoistmete peatugedega.<br \/>Kahe k\u00fclgmise LED-tulega, nii n\u00e4ete oma last ka h\u00e4maras.<br \/>LED p\u00f5leb pehmelt ja j\u00e4rk-j\u00e4rgult, et kaitsta teie lapse silmi ereda valguse eest.<br \/>Ei h\u00e4iri lisatulesid ega auto sisemisi tulesid.<br \/>Peegel on valmistatud purunemiskindlast turvaklaasist.<br \/>P\u00f6\u00f6ramine 360 \u200b\u200b\u00b0<br \/>Peegel pakub \u00e4\u00e4rmiselt laia vaatenurka ning seda on v\u00f5imalik kinnitada rihmadega istme peatoe k\u00fclge.<br \/>P\u00f6\u00f6ramine 360 \u200b\u200b\u00b0<br \/>Patareid: 3 x AA \/ LR6 (1,5 V) peeglis ja 2 x AAA LR6 (1,5 V) kaugjuhtimispuldis (ei kuulu komplekti).<br \/>M\u00f5\u00f5dud:\u00a0<span>7 x 28 x 20 cm<\/span><\/p>\n","protected":false},"excerpt":{"rendered":"<p>Kahe LED-tulega ja kaugjuhtimispuldiga tahavaatepeegel.\u00dclimalt laia raamiga autopeegel tagab parima v\u00f5imaliku n\u00e4htavuse tagaistmel toimuvast. V\u00f5imaldab teil n\u00e4ha last s\u00f5idu ajal auto tagaistmel ka h\u00e4maras v\u00f5i pimedal ajal.Kaugjuhtimispuldi abil saate tulesid h\u00f5lpsalt sisse ja v\u00e4lja l\u00fclitada.Pehmete LED-tulede intensiivsus suureneb j\u00e4rk-j\u00e4rgult nende sissel\u00fclitamisel, et nad ei pimestaks teie last ootamatult. Reguleeritav tahavaatepeegel.Kaasas kaugjuhtimispult.Sobib kasutamiseks pea enamus autoistmete [&hellip;]<\/p>\n","protected":false},"featured_media":135396,"template":"","meta":{"_acf_changed":false},"pwb-brand":[11972],"product_brand":[],"product_cat":[11727,11797,11791],"product_tag":[],"class_list":{"0":"post-459449","1":"product","2":"type-product","3":"status-publish","4":"has-post-thumbnail","6":"pwb-brand-jane-ru","7":"product_cat-turvatoolid-hallid-ru","8":"product_cat-lisatarvikud-ru-1","9":"product_cat-turvavarustus-ru","10":"pa_manufacturer-jane-ru","12":"first","13":"instock","14":"taxable","15":"shipping-taxable","16":"purchasable","17":"product-type-simple"},"exclude_global_add_ons":[],"addons":[],"acf":[],"yoast_head":"<!-- This site is optimized with the Yoast SEO plugin v27.1.1 - https:\/\/yoast.com\/product\/yoast-seo-wordpress\/ -->\n<title>Jane Check Up tahavaatepeegel, \u0410\u0432\u0442\u043e\u043a\u0440\u0435\u0441\u043b\u0430, \u043b\u044e\u043b\u044c\u043a\u0438, \u0421\u043d\u0430\u0440\u044f\u0436\u0435\u043d\u0438\u044f \u0431\u0435\u0437\u043e\u043f\u0430\u0441\u043d\u043e\u0441\u0442\u0438, \u0410\u043a\u0441\u0435\u0441\u0441\u0443\u0430\u0440\u044b, Beebipood<\/title>\n<meta name=\"description\" content=\"Jane Check Up tahavaatepeegel, Kahe LED-tulega ja kaugjuhtimispuldiga tahavaatepeegel.&Uuml;limalt laia raamiga autopeegel tagab parima v&otilde;imalik\" \/>\n<meta name=\"robots\" content=\"index, follow, max-snippet:-1, max-image-preview:large, max-video-preview:-1\" \/>\n<link rel=\"canonical\" href=\"https:\/\/beebipood.ee\/ru\/produkt\/jane-check-up-tahavaatepeegel\/\" \/>\n<meta property=\"og:locale\" content=\"ru_RU\" \/>\n<meta property=\"og:type\" content=\"article\" \/>\n<meta property=\"og:title\" content=\"Jane Check Up tahavaatepeegel, \u0410\u0432\u0442\u043e\u043a\u0440\u0435\u0441\u043b\u0430, \u043b\u044e\u043b\u044c\u043a\u0438, \u0421\u043d\u0430\u0440\u044f\u0436\u0435\u043d\u0438\u044f \u0431\u0435\u0437\u043e\u043f\u0430\u0441\u043d\u043e\u0441\u0442\u0438, \u0410\u043a\u0441\u0435\u0441\u0441\u0443\u0430\u0440\u044b, Beebipood\" \/>\n<meta property=\"og:description\" content=\"Jane Check Up tahavaatepeegel, Kahe LED-tulega ja kaugjuhtimispuldiga tahavaatepeegel.&Uuml;limalt laia raamiga autopeegel tagab parima v&otilde;imalik\" \/>\n<meta property=\"og:url\" content=\"https:\/\/beebipood.ee\/ru\/produkt\/jane-check-up-tahavaatepeegel\/\" \/>\n<meta property=\"og:site_name\" content=\"Beebipood\" \/>\n<meta property=\"article:modified_time\" content=\"2025-01-09T08:48:20+00:00\" \/>\n<meta property=\"og:image\" content=\"https:\/\/beebipood.ee\/wp-content\/uploads\/2020\/07\/Jane-Check-Up-tahavaatepeegel-Turvatoolid-hallid-Turvavarustus-Laos-Lisatarvikud_1-828.jpg\" \/>\n\t<meta property=\"og:image:width\" content=\"800\" \/>\n\t<meta property=\"og:image:height\" content=\"1022\" \/>\n\t<meta property=\"og:image:type\" content=\"image\/jpeg\" \/>\n<meta name=\"twitter:card\" content=\"summary_large_image\" \/>\n<meta name=\"twitter:label1\" content=\"\u041f\u0440\u0438\u043c\u0435\u0440\u043d\u043e\u0435 \u0432\u0440\u0435\u043c\u044f \u0434\u043b\u044f \u0447\u0442\u0435\u043d\u0438\u044f\" \/>\n\t<meta name=\"twitter:data1\" content=\"1 \u043c\u0438\u043d\u0443\u0442\u0430\" \/>\n<script type=\"application\/ld+json\" class=\"yoast-schema-graph\">{\"@context\":\"https:\/\/schema.org\",\"@graph\":[{\"@type\":\"WebPage\",\"@id\":\"https:\/\/beebipood.ee\/ru\/produkt\/jane-check-up-tahavaatepeegel\/\",\"url\":\"https:\/\/beebipood.ee\/ru\/produkt\/jane-check-up-tahavaatepeegel\/\",\"name\":\"Jane Check Up tahavaatepeegel, \u0410\u0432\u0442\u043e\u043a\u0440\u0435\u0441\u043b\u0430, \u043b\u044e\u043b\u044c\u043a\u0438, \u0421\u043d\u0430\u0440\u044f\u0436\u0435\u043d\u0438\u044f \u0431\u0435\u0437\u043e\u043f\u0430\u0441\u043d\u043e\u0441\u0442\u0438, \u0410\u043a\u0441\u0435\u0441\u0441\u0443\u0430\u0440\u044b, Beebipood\",\"isPartOf\":{\"@id\":\"https:\/\/beebipood.ee\/ru\/#website\"},\"primaryImageOfPage\":{\"@id\":\"https:\/\/beebipood.ee\/ru\/produkt\/jane-check-up-tahavaatepeegel\/#primaryimage\"},\"image\":{\"@id\":\"https:\/\/beebipood.ee\/ru\/produkt\/jane-check-up-tahavaatepeegel\/#primaryimage\"},\"thumbnailUrl\":\"https:\/\/beebipood.ee\/wp-content\/uploads\/2020\/07\/Jane-Check-Up-tahavaatepeegel-Turvatoolid-hallid-Turvavarustus-Laos-Lisatarvikud_1-828.jpg\",\"datePublished\":\"2020-07-22T09:38:24+00:00\",\"dateModified\":\"2025-01-09T08:48:20+00:00\",\"description\":\"Jane Check Up tahavaatepeegel, Kahe LED-tulega ja kaugjuhtimispuldiga tahavaatepeegel.&Uuml;limalt laia raamiga autopeegel tagab parima v&otilde;imalik\",\"breadcrumb\":{\"@id\":\"https:\/\/beebipood.ee\/ru\/produkt\/jane-check-up-tahavaatepeegel\/#breadcrumb\"},\"inLanguage\":\"ru-RU\",\"potentialAction\":[{\"@type\":\"ReadAction\",\"target\":[\"https:\/\/beebipood.ee\/ru\/produkt\/jane-check-up-tahavaatepeegel\/\"]}]},{\"@type\":\"ImageObject\",\"inLanguage\":\"ru-RU\",\"@id\":\"https:\/\/beebipood.ee\/ru\/produkt\/jane-check-up-tahavaatepeegel\/#primaryimage\",\"url\":\"https:\/\/beebipood.ee\/wp-content\/uploads\/2020\/07\/Jane-Check-Up-tahavaatepeegel-Turvatoolid-hallid-Turvavarustus-Laos-Lisatarvikud_1-828.jpg\",\"contentUrl\":\"https:\/\/beebipood.ee\/wp-content\/uploads\/2020\/07\/Jane-Check-Up-tahavaatepeegel-Turvatoolid-hallid-Turvavarustus-Laos-Lisatarvikud_1-828.jpg\",\"width\":800,\"height\":1022},{\"@type\":\"BreadcrumbList\",\"@id\":\"https:\/\/beebipood.ee\/ru\/produkt\/jane-check-up-tahavaatepeegel\/#breadcrumb\",\"itemListElement\":[{\"@type\":\"ListItem\",\"position\":1,\"name\":\"Home\",\"item\":\"https:\/\/beebipood.ee\/ru\/\"},{\"@type\":\"ListItem\",\"position\":2,\"name\":\"\u041a\u0430\u0442\u0430\u043b\u043e\u0433 \u0442\u043e\u0432\u0430\u0440\u043e\u0432\",\"item\":\"https:\/\/beebipood.ee\/tooted\/\"},{\"@type\":\"ListItem\",\"position\":3,\"name\":\"Jane Check Up tahavaatepeegel\"}]},{\"@type\":\"WebSite\",\"@id\":\"https:\/\/beebipood.ee\/ru\/#website\",\"url\":\"https:\/\/beebipood.ee\/ru\/\",\"name\":\"Beebipood\",\"description\":\"Lastekaubad, beebikaubad, m\u00e4nguasjad\",\"publisher\":{\"@id\":\"https:\/\/beebipood.ee\/ru\/#organization\"},\"potentialAction\":[{\"@type\":\"SearchAction\",\"target\":{\"@type\":\"EntryPoint\",\"urlTemplate\":\"https:\/\/beebipood.ee\/ru\/?s={search_term_string}\"},\"query-input\":{\"@type\":\"PropertyValueSpecification\",\"valueRequired\":true,\"valueName\":\"search_term_string\"}}],\"inLanguage\":\"ru-RU\"},{\"@type\":\"Organization\",\"@id\":\"https:\/\/beebipood.ee\/ru\/#organization\",\"name\":\"Beebipood\",\"url\":\"https:\/\/beebipood.ee\/ru\/\",\"logo\":{\"@type\":\"ImageObject\",\"inLanguage\":\"ru-RU\",\"@id\":\"https:\/\/beebipood.ee\/ru\/#\/schema\/logo\/image\/\",\"url\":\"https:\/\/beebipood.ee\/wp-content\/uploads\/2025\/03\/beebipood.ee-logo-1.svg\",\"contentUrl\":\"https:\/\/beebipood.ee\/wp-content\/uploads\/2025\/03\/beebipood.ee-logo-1.svg\",\"caption\":\"Beebipood\"},\"image\":{\"@id\":\"https:\/\/beebipood.ee\/ru\/#\/schema\/logo\/image\/\"}}]}<\/script>\n<!-- \/ Yoast SEO plugin. -->","yoast_head_json":{"title":"Jane Check Up tahavaatepeegel, \u0410\u0432\u0442\u043e\u043a\u0440\u0435\u0441\u043b\u0430, \u043b\u044e\u043b\u044c\u043a\u0438, \u0421\u043d\u0430\u0440\u044f\u0436\u0435\u043d\u0438\u044f \u0431\u0435\u0437\u043e\u043f\u0430\u0441\u043d\u043e\u0441\u0442\u0438, \u0410\u043a\u0441\u0435\u0441\u0441\u0443\u0430\u0440\u044b, Beebipood","description":"Jane Check Up tahavaatepeegel, Kahe LED-tulega ja kaugjuhtimispuldiga tahavaatepeegel.&Uuml;limalt laia raamiga autopeegel tagab parima v&otilde;imalik","robots":{"index":"index","follow":"follow","max-snippet":"max-snippet:-1","max-image-preview":"max-image-preview:large","max-video-preview":"max-video-preview:-1"},"canonical":"https:\/\/beebipood.ee\/ru\/produkt\/jane-check-up-tahavaatepeegel\/","og_locale":"ru_RU","og_type":"article","og_title":"Jane Check Up tahavaatepeegel, \u0410\u0432\u0442\u043e\u043a\u0440\u0435\u0441\u043b\u0430, \u043b\u044e\u043b\u044c\u043a\u0438, \u0421\u043d\u0430\u0440\u044f\u0436\u0435\u043d\u0438\u044f \u0431\u0435\u0437\u043e\u043f\u0430\u0441\u043d\u043e\u0441\u0442\u0438, \u0410\u043a\u0441\u0435\u0441\u0441\u0443\u0430\u0440\u044b, Beebipood","og_description":"Jane Check Up tahavaatepeegel, Kahe LED-tulega ja kaugjuhtimispuldiga tahavaatepeegel.&Uuml;limalt laia raamiga autopeegel tagab parima v&otilde;imalik","og_url":"https:\/\/beebipood.ee\/ru\/produkt\/jane-check-up-tahavaatepeegel\/","og_site_name":"Beebipood","article_modified_time":"2025-01-09T08:48:20+00:00","og_image":[{"width":800,"height":1022,"url":"https:\/\/beebipood.ee\/wp-content\/uploads\/2020\/07\/Jane-Check-Up-tahavaatepeegel-Turvatoolid-hallid-Turvavarustus-Laos-Lisatarvikud_1-828.jpg","type":"image\/jpeg"}],"twitter_card":"summary_large_image","twitter_misc":{"\u041f\u0440\u0438\u043c\u0435\u0440\u043d\u043e\u0435 \u0432\u0440\u0435\u043c\u044f \u0434\u043b\u044f \u0447\u0442\u0435\u043d\u0438\u044f":"1 \u043c\u0438\u043d\u0443\u0442\u0430"},"schema":{"@context":"https:\/\/schema.org","@graph":[{"@type":"WebPage","@id":"https:\/\/beebipood.ee\/ru\/produkt\/jane-check-up-tahavaatepeegel\/","url":"https:\/\/beebipood.ee\/ru\/produkt\/jane-check-up-tahavaatepeegel\/","name":"Jane Check Up tahavaatepeegel, \u0410\u0432\u0442\u043e\u043a\u0440\u0435\u0441\u043b\u0430, \u043b\u044e\u043b\u044c\u043a\u0438, \u0421\u043d\u0430\u0440\u044f\u0436\u0435\u043d\u0438\u044f \u0431\u0435\u0437\u043e\u043f\u0430\u0441\u043d\u043e\u0441\u0442\u0438, \u0410\u043a\u0441\u0435\u0441\u0441\u0443\u0430\u0440\u044b, Beebipood","isPartOf":{"@id":"https:\/\/beebipood.ee\/ru\/#website"},"primaryImageOfPage":{"@id":"https:\/\/beebipood.ee\/ru\/produkt\/jane-check-up-tahavaatepeegel\/#primaryimage"},"image":{"@id":"https:\/\/beebipood.ee\/ru\/produkt\/jane-check-up-tahavaatepeegel\/#primaryimage"},"thumbnailUrl":"https:\/\/beebipood.ee\/wp-content\/uploads\/2020\/07\/Jane-Check-Up-tahavaatepeegel-Turvatoolid-hallid-Turvavarustus-Laos-Lisatarvikud_1-828.jpg","datePublished":"2020-07-22T09:38:24+00:00","dateModified":"2025-01-09T08:48:20+00:00","description":"Jane Check Up tahavaatepeegel, Kahe LED-tulega ja kaugjuhtimispuldiga tahavaatepeegel.&Uuml;limalt laia raamiga autopeegel tagab parima v&otilde;imalik","breadcrumb":{"@id":"https:\/\/beebipood.ee\/ru\/produkt\/jane-check-up-tahavaatepeegel\/#breadcrumb"},"inLanguage":"ru-RU","potentialAction":[{"@type":"ReadAction","target":["https:\/\/beebipood.ee\/ru\/produkt\/jane-check-up-tahavaatepeegel\/"]}]},{"@type":"ImageObject","inLanguage":"ru-RU","@id":"https:\/\/beebipood.ee\/ru\/produkt\/jane-check-up-tahavaatepeegel\/#primaryimage","url":"https:\/\/beebipood.ee\/wp-content\/uploads\/2020\/07\/Jane-Check-Up-tahavaatepeegel-Turvatoolid-hallid-Turvavarustus-Laos-Lisatarvikud_1-828.jpg","contentUrl":"https:\/\/beebipood.ee\/wp-content\/uploads\/2020\/07\/Jane-Check-Up-tahavaatepeegel-Turvatoolid-hallid-Turvavarustus-Laos-Lisatarvikud_1-828.jpg","width":800,"height":1022},{"@type":"BreadcrumbList","@id":"https:\/\/beebipood.ee\/ru\/produkt\/jane-check-up-tahavaatepeegel\/#breadcrumb","itemListElement":[{"@type":"ListItem","position":1,"name":"Home","item":"https:\/\/beebipood.ee\/ru\/"},{"@type":"ListItem","position":2,"name":"\u041a\u0430\u0442\u0430\u043b\u043e\u0433 \u0442\u043e\u0432\u0430\u0440\u043e\u0432","item":"https:\/\/beebipood.ee\/tooted\/"},{"@type":"ListItem","position":3,"name":"Jane Check Up tahavaatepeegel"}]},{"@type":"WebSite","@id":"https:\/\/beebipood.ee\/ru\/#website","url":"https:\/\/beebipood.ee\/ru\/","name":"Beebipood","description":"Lastekaubad, beebikaubad, m\u00e4nguasjad","publisher":{"@id":"https:\/\/beebipood.ee\/ru\/#organization"},"potentialAction":[{"@type":"SearchAction","target":{"@type":"EntryPoint","urlTemplate":"https:\/\/beebipood.ee\/ru\/?s={search_term_string}"},"query-input":{"@type":"PropertyValueSpecification","valueRequired":true,"valueName":"search_term_string"}}],"inLanguage":"ru-RU"},{"@type":"Organization","@id":"https:\/\/beebipood.ee\/ru\/#organization","name":"Beebipood","url":"https:\/\/beebipood.ee\/ru\/","logo":{"@type":"ImageObject","inLanguage":"ru-RU","@id":"https:\/\/beebipood.ee\/ru\/#\/schema\/logo\/image\/","url":"https:\/\/beebipood.ee\/wp-content\/uploads\/2025\/03\/beebipood.ee-logo-1.svg","contentUrl":"https:\/\/beebipood.ee\/wp-content\/uploads\/2025\/03\/beebipood.ee-logo-1.svg","caption":"Beebipood"},"image":{"@id":"https:\/\/beebipood.ee\/ru\/#\/schema\/logo\/image\/"}}]}},"brands":[{"id":11972,"name":"Jane","slug":"jane-ru"}],"_links":{"self":[{"href":"https:\/\/beebipood.ee\/ru\/wp-json\/wp\/v2\/product\/459449","targetHints":{"allow":["GET"]}}],"collection":[{"href":"https:\/\/beebipood.ee\/ru\/wp-json\/wp\/v2\/product"}],"about":[{"href":"https:\/\/beebipood.ee\/ru\/wp-json\/wp\/v2\/types\/product"}],"wp:featuredmedia":[{"embeddable":true,"href":"https:\/\/beebipood.ee\/ru\/wp-json\/wp\/v2\/media\/135396"}],"wp:attachment":[{"href":"https:\/\/beebipood.ee\/ru\/wp-json\/wp\/v2\/media?parent=459449"}],"wp:term":[{"taxonomy":"pwb-brand","embeddable":true,"href":"https:\/\/beebipood.ee\/ru\/wp-json\/wp\/v2\/pwb-brand?post=459449"},{"taxonomy":"product_brand","embeddable":true,"href":"https:\/\/beebipood.ee\/ru\/wp-json\/wp\/v2\/product_brand?post=459449"},{"taxonomy":"product_cat","embeddable":true,"href":"https:\/\/beebipood.ee\/ru\/wp-json\/wp\/v2\/product_cat?post=459449"},{"taxonomy":"product_tag","embeddable":true,"href":"https:\/\/beebipood.ee\/ru\/wp-json\/wp\/v2\/product_tag?post=459449"}],"curies":[{"name":"wp","href":"https:\/\/api.w.org\/{rel}","templated":true}]}}