{"id":459463,"date":"2020-08-11T12:57:54","date_gmt":"2020-08-11T09:57:54","guid":{"rendered":"https:\/\/beebipood.ee\/toode\/kookos-tatramadrats-natura-baby-komfort-60x120\/"},"modified":"2025-03-05T07:10:49","modified_gmt":"2025-03-05T05:10:49","slug":"kookos-tatramadrats-natura-baby-komfort-60x120","status":"publish","type":"product","link":"https:\/\/beebipood.ee\/ru\/produkt\/kookos-tatramadrats-natura-baby-komfort-60x120\/","title":{"rendered":"Kookos-tatramadrats Natura Baby Komfort 60&#215;120"},"content":{"rendered":"<p>Kookos-tatramadrats Natura Baby Komfort on \u00fchel k\u00fcljel tatar ja teisel k\u00fcljel kookos. <br \/>Madrats on valmistatud lapsele ohututest materjalidest <br \/>Madratsi keskosa on pol\u00fcuretaanvahust (poroloon).<br \/>Eemaldatav kate ning seda v\u00f5ib masinas pesta 60 kraadi juures ning tsentrifuugida ja kuivatada.<br \/>Kate on 100% pol\u00fcester fliis<br \/>Kookos on valmistatud naturaalsest kookoskiust, mis on kombineeritud naturaalse lateksiga. <br \/>Tatra kiht on valmistatud naturaalsetest tatrakestadest, <br \/>mis tagavad j\u00e4rjepideva \u00f5huringluse ja takistab mikroorganismide teket madratsis<br \/>Poroloon annab vajaliku elastsuse ja muudab kehaasendi vahetamise mugavaks. <br \/>Madratsis kasutusel olev poroloon on testitud <br \/>ning vastav \u00d6eko-Tex Standard 100-le ning ei sisalda kahjulikke aineid.<\/p>\n<p>Omadused<br \/>Suurep\u00e4rane \u00f5hu ringlemine ning hea niiskuse kontroll<br \/>Toetab r\u00fchti ja suurendab une kvaliteeti<br \/>Hea elastsus ning samas stabiilne tugi seljale<br \/>Katet on v\u00f5imalik eemaldada ja kergesti puhastada<br \/>Ei lase tekkida tolmulestadel ega bakteritel<br \/>K\u00f5ik madratsi tootmisel kasutatavad toorained\u00a0<br \/>on Oeko-Tex Standard 100&#8217;le sertifitseeritud.<\/p>\n","protected":false},"excerpt":{"rendered":"<p>Kookos-tatramadrats Natura Baby Komfort on \u00fchel k\u00fcljel tatar ja teisel k\u00fcljel kookos. Madrats on valmistatud lapsele ohututest materjalidest Madratsi keskosa on pol\u00fcuretaanvahust (poroloon).Eemaldatav kate ning seda v\u00f5ib masinas pesta 60 kraadi juures ning tsentrifuugida ja kuivatada.Kate on 100% pol\u00fcester fliisKookos on valmistatud naturaalsest kookoskiust, mis on kombineeritud naturaalse lateksiga. Tatra kiht on valmistatud naturaalsetest tatrakestadest, [&hellip;]<\/p>\n","protected":false},"featured_media":135501,"template":"","meta":{"_acf_changed":false},"pwb-brand":[],"product_brand":[],"product_cat":[11595,11563,11789],"product_tag":[],"class_list":{"0":"post-459463","1":"product","2":"type-product","3":"status-publish","4":"has-post-thumbnail","6":"product_cat-kuni-60cm-laiused-ru","7":"product_cat-madratsid-ja-kattemadratsid-ru","8":"product_cat-lastemoobel-ja-sisustus-ru","10":"first","11":"instock","12":"taxable","13":"shipping-taxable","14":"purchasable","15":"product-type-simple"},"exclude_global_add_ons":[],"addons":[],"acf":[],"yoast_head":"<!-- This site is optimized with the Yoast SEO plugin v27.1.1 - https:\/\/yoast.com\/product\/yoast-seo-wordpress\/ -->\n<title>Kookos-tatramadrats Natura Baby Komfort 60x120, \u041c\u0430\u0442\u0440\u0430\u0441\u044b \u0438 \u043c\u0430\u0442\u0440\u0430\u0441\u044b-\u043f\u043e\u043a\u0440\u044b\u0432\u0430\u043b\u0430, \u0428\u0438\u0440\u0438\u043d\u043e\u0439 \u0434\u043e 60 c\u043c, M\u0435\u0431\u0435\u043b\u044c, Beebipood<\/title>\n<meta name=\"description\" content=\"Kookos-tatramadrats Natura Baby Komfort 60x120, Kookos-tatramadrats Natura Baby Komfort on &uuml;hel k&uuml;ljel tatar ja teisel k&uuml;ljel kookos. Ma\" \/>\n<meta name=\"robots\" content=\"index, follow, max-snippet:-1, max-image-preview:large, max-video-preview:-1\" \/>\n<link rel=\"canonical\" href=\"https:\/\/beebipood.ee\/ru\/produkt\/kookos-tatramadrats-natura-baby-komfort-60x120\/\" \/>\n<meta property=\"og:locale\" content=\"ru_RU\" \/>\n<meta property=\"og:type\" content=\"article\" \/>\n<meta property=\"og:title\" content=\"Kookos-tatramadrats Natura Baby Komfort 60x120, \u041c\u0430\u0442\u0440\u0430\u0441\u044b \u0438 \u043c\u0430\u0442\u0440\u0430\u0441\u044b-\u043f\u043e\u043a\u0440\u044b\u0432\u0430\u043b\u0430, \u0428\u0438\u0440\u0438\u043d\u043e\u0439 \u0434\u043e 60 c\u043c, M\u0435\u0431\u0435\u043b\u044c, Beebipood\" \/>\n<meta property=\"og:description\" content=\"Kookos-tatramadrats Natura Baby Komfort 60x120, Kookos-tatramadrats Natura Baby Komfort on &uuml;hel k&uuml;ljel tatar ja teisel k&uuml;ljel kookos. Ma\" \/>\n<meta property=\"og:url\" content=\"https:\/\/beebipood.ee\/ru\/produkt\/kookos-tatramadrats-natura-baby-komfort-60x120\/\" \/>\n<meta property=\"og:site_name\" content=\"Beebipood\" \/>\n<meta property=\"article:modified_time\" content=\"2025-03-05T05:10:49+00:00\" \/>\n<meta property=\"og:image\" content=\"https:\/\/beebipood.ee\/wp-content\/uploads\/2020\/08\/Kookostatramadrats-Natura-Baby-Komfort-60x120-Madratsid-ja-kattemadratsid-UUED-TOOTED-Kuni-60cm-laiused-Lastemoobel-ja-sisustus_2-be4.jpg\" \/>\n\t<meta property=\"og:image:width\" content=\"945\" \/>\n\t<meta property=\"og:image:height\" content=\"756\" \/>\n\t<meta property=\"og:image:type\" content=\"image\/jpeg\" \/>\n<meta name=\"twitter:card\" content=\"summary_large_image\" \/>\n<meta name=\"twitter:label1\" content=\"\u041f\u0440\u0438\u043c\u0435\u0440\u043d\u043e\u0435 \u0432\u0440\u0435\u043c\u044f \u0434\u043b\u044f \u0447\u0442\u0435\u043d\u0438\u044f\" \/>\n\t<meta name=\"twitter:data1\" content=\"1 \u043c\u0438\u043d\u0443\u0442\u0430\" \/>\n<script type=\"application\/ld+json\" class=\"yoast-schema-graph\">{\"@context\":\"https:\/\/schema.org\",\"@graph\":[{\"@type\":\"WebPage\",\"@id\":\"https:\/\/beebipood.ee\/ru\/produkt\/kookos-tatramadrats-natura-baby-komfort-60x120\/\",\"url\":\"https:\/\/beebipood.ee\/ru\/produkt\/kookos-tatramadrats-natura-baby-komfort-60x120\/\",\"name\":\"Kookos-tatramadrats Natura Baby Komfort 60x120, \u041c\u0430\u0442\u0440\u0430\u0441\u044b \u0438 \u043c\u0430\u0442\u0440\u0430\u0441\u044b-\u043f\u043e\u043a\u0440\u044b\u0432\u0430\u043b\u0430, \u0428\u0438\u0440\u0438\u043d\u043e\u0439 \u0434\u043e 60 c\u043c, M\u0435\u0431\u0435\u043b\u044c, Beebipood\",\"isPartOf\":{\"@id\":\"https:\/\/beebipood.ee\/ru\/#website\"},\"primaryImageOfPage\":{\"@id\":\"https:\/\/beebipood.ee\/ru\/produkt\/kookos-tatramadrats-natura-baby-komfort-60x120\/#primaryimage\"},\"image\":{\"@id\":\"https:\/\/beebipood.ee\/ru\/produkt\/kookos-tatramadrats-natura-baby-komfort-60x120\/#primaryimage\"},\"thumbnailUrl\":\"https:\/\/beebipood.ee\/wp-content\/uploads\/2020\/08\/Kookostatramadrats-Natura-Baby-Komfort-60x120-Madratsid-ja-kattemadratsid-UUED-TOOTED-Kuni-60cm-laiused-Lastemoobel-ja-sisustus_2-be4.jpg\",\"datePublished\":\"2020-08-11T09:57:54+00:00\",\"dateModified\":\"2025-03-05T05:10:49+00:00\",\"description\":\"Kookos-tatramadrats Natura Baby Komfort 60x120, Kookos-tatramadrats Natura Baby Komfort on &uuml;hel k&uuml;ljel tatar ja teisel k&uuml;ljel kookos. Ma\",\"breadcrumb\":{\"@id\":\"https:\/\/beebipood.ee\/ru\/produkt\/kookos-tatramadrats-natura-baby-komfort-60x120\/#breadcrumb\"},\"inLanguage\":\"ru-RU\",\"potentialAction\":[{\"@type\":\"ReadAction\",\"target\":[\"https:\/\/beebipood.ee\/ru\/produkt\/kookos-tatramadrats-natura-baby-komfort-60x120\/\"]}]},{\"@type\":\"ImageObject\",\"inLanguage\":\"ru-RU\",\"@id\":\"https:\/\/beebipood.ee\/ru\/produkt\/kookos-tatramadrats-natura-baby-komfort-60x120\/#primaryimage\",\"url\":\"https:\/\/beebipood.ee\/wp-content\/uploads\/2020\/08\/Kookostatramadrats-Natura-Baby-Komfort-60x120-Madratsid-ja-kattemadratsid-UUED-TOOTED-Kuni-60cm-laiused-Lastemoobel-ja-sisustus_2-be4.jpg\",\"contentUrl\":\"https:\/\/beebipood.ee\/wp-content\/uploads\/2020\/08\/Kookostatramadrats-Natura-Baby-Komfort-60x120-Madratsid-ja-kattemadratsid-UUED-TOOTED-Kuni-60cm-laiused-Lastemoobel-ja-sisustus_2-be4.jpg\",\"width\":945,\"height\":756},{\"@type\":\"BreadcrumbList\",\"@id\":\"https:\/\/beebipood.ee\/ru\/produkt\/kookos-tatramadrats-natura-baby-komfort-60x120\/#breadcrumb\",\"itemListElement\":[{\"@type\":\"ListItem\",\"position\":1,\"name\":\"Home\",\"item\":\"https:\/\/beebipood.ee\/ru\/\"},{\"@type\":\"ListItem\",\"position\":2,\"name\":\"\u041a\u0430\u0442\u0430\u043b\u043e\u0433 \u0442\u043e\u0432\u0430\u0440\u043e\u0432\",\"item\":\"https:\/\/beebipood.ee\/tooted\/\"},{\"@type\":\"ListItem\",\"position\":3,\"name\":\"Kookos-tatramadrats Natura Baby Komfort 60&#215;120\"}]},{\"@type\":\"WebSite\",\"@id\":\"https:\/\/beebipood.ee\/ru\/#website\",\"url\":\"https:\/\/beebipood.ee\/ru\/\",\"name\":\"Beebipood\",\"description\":\"Lastekaubad, beebikaubad, m\u00e4nguasjad\",\"publisher\":{\"@id\":\"https:\/\/beebipood.ee\/ru\/#organization\"},\"potentialAction\":[{\"@type\":\"SearchAction\",\"target\":{\"@type\":\"EntryPoint\",\"urlTemplate\":\"https:\/\/beebipood.ee\/ru\/?s={search_term_string}\"},\"query-input\":{\"@type\":\"PropertyValueSpecification\",\"valueRequired\":true,\"valueName\":\"search_term_string\"}}],\"inLanguage\":\"ru-RU\"},{\"@type\":\"Organization\",\"@id\":\"https:\/\/beebipood.ee\/ru\/#organization\",\"name\":\"Beebipood\",\"url\":\"https:\/\/beebipood.ee\/ru\/\",\"logo\":{\"@type\":\"ImageObject\",\"inLanguage\":\"ru-RU\",\"@id\":\"https:\/\/beebipood.ee\/ru\/#\/schema\/logo\/image\/\",\"url\":\"https:\/\/beebipood.ee\/wp-content\/uploads\/2025\/03\/beebipood.ee-logo-1.svg\",\"contentUrl\":\"https:\/\/beebipood.ee\/wp-content\/uploads\/2025\/03\/beebipood.ee-logo-1.svg\",\"caption\":\"Beebipood\"},\"image\":{\"@id\":\"https:\/\/beebipood.ee\/ru\/#\/schema\/logo\/image\/\"}}]}<\/script>\n<!-- \/ Yoast SEO plugin. -->","yoast_head_json":{"title":"Kookos-tatramadrats Natura Baby Komfort 60x120, \u041c\u0430\u0442\u0440\u0430\u0441\u044b \u0438 \u043c\u0430\u0442\u0440\u0430\u0441\u044b-\u043f\u043e\u043a\u0440\u044b\u0432\u0430\u043b\u0430, \u0428\u0438\u0440\u0438\u043d\u043e\u0439 \u0434\u043e 60 c\u043c, M\u0435\u0431\u0435\u043b\u044c, Beebipood","description":"Kookos-tatramadrats Natura Baby Komfort 60x120, Kookos-tatramadrats Natura Baby Komfort on &uuml;hel k&uuml;ljel tatar ja teisel k&uuml;ljel kookos. Ma","robots":{"index":"index","follow":"follow","max-snippet":"max-snippet:-1","max-image-preview":"max-image-preview:large","max-video-preview":"max-video-preview:-1"},"canonical":"https:\/\/beebipood.ee\/ru\/produkt\/kookos-tatramadrats-natura-baby-komfort-60x120\/","og_locale":"ru_RU","og_type":"article","og_title":"Kookos-tatramadrats Natura Baby Komfort 60x120, \u041c\u0430\u0442\u0440\u0430\u0441\u044b \u0438 \u043c\u0430\u0442\u0440\u0430\u0441\u044b-\u043f\u043e\u043a\u0440\u044b\u0432\u0430\u043b\u0430, \u0428\u0438\u0440\u0438\u043d\u043e\u0439 \u0434\u043e 60 c\u043c, M\u0435\u0431\u0435\u043b\u044c, Beebipood","og_description":"Kookos-tatramadrats Natura Baby Komfort 60x120, Kookos-tatramadrats Natura Baby Komfort on &uuml;hel k&uuml;ljel tatar ja teisel k&uuml;ljel kookos. Ma","og_url":"https:\/\/beebipood.ee\/ru\/produkt\/kookos-tatramadrats-natura-baby-komfort-60x120\/","og_site_name":"Beebipood","article_modified_time":"2025-03-05T05:10:49+00:00","og_image":[{"width":945,"height":756,"url":"https:\/\/beebipood.ee\/wp-content\/uploads\/2020\/08\/Kookostatramadrats-Natura-Baby-Komfort-60x120-Madratsid-ja-kattemadratsid-UUED-TOOTED-Kuni-60cm-laiused-Lastemoobel-ja-sisustus_2-be4.jpg","type":"image\/jpeg"}],"twitter_card":"summary_large_image","twitter_misc":{"\u041f\u0440\u0438\u043c\u0435\u0440\u043d\u043e\u0435 \u0432\u0440\u0435\u043c\u044f \u0434\u043b\u044f \u0447\u0442\u0435\u043d\u0438\u044f":"1 \u043c\u0438\u043d\u0443\u0442\u0430"},"schema":{"@context":"https:\/\/schema.org","@graph":[{"@type":"WebPage","@id":"https:\/\/beebipood.ee\/ru\/produkt\/kookos-tatramadrats-natura-baby-komfort-60x120\/","url":"https:\/\/beebipood.ee\/ru\/produkt\/kookos-tatramadrats-natura-baby-komfort-60x120\/","name":"Kookos-tatramadrats Natura Baby Komfort 60x120, \u041c\u0430\u0442\u0440\u0430\u0441\u044b \u0438 \u043c\u0430\u0442\u0440\u0430\u0441\u044b-\u043f\u043e\u043a\u0440\u044b\u0432\u0430\u043b\u0430, \u0428\u0438\u0440\u0438\u043d\u043e\u0439 \u0434\u043e 60 c\u043c, M\u0435\u0431\u0435\u043b\u044c, Beebipood","isPartOf":{"@id":"https:\/\/beebipood.ee\/ru\/#website"},"primaryImageOfPage":{"@id":"https:\/\/beebipood.ee\/ru\/produkt\/kookos-tatramadrats-natura-baby-komfort-60x120\/#primaryimage"},"image":{"@id":"https:\/\/beebipood.ee\/ru\/produkt\/kookos-tatramadrats-natura-baby-komfort-60x120\/#primaryimage"},"thumbnailUrl":"https:\/\/beebipood.ee\/wp-content\/uploads\/2020\/08\/Kookostatramadrats-Natura-Baby-Komfort-60x120-Madratsid-ja-kattemadratsid-UUED-TOOTED-Kuni-60cm-laiused-Lastemoobel-ja-sisustus_2-be4.jpg","datePublished":"2020-08-11T09:57:54+00:00","dateModified":"2025-03-05T05:10:49+00:00","description":"Kookos-tatramadrats Natura Baby Komfort 60x120, Kookos-tatramadrats Natura Baby Komfort on &uuml;hel k&uuml;ljel tatar ja teisel k&uuml;ljel kookos. Ma","breadcrumb":{"@id":"https:\/\/beebipood.ee\/ru\/produkt\/kookos-tatramadrats-natura-baby-komfort-60x120\/#breadcrumb"},"inLanguage":"ru-RU","potentialAction":[{"@type":"ReadAction","target":["https:\/\/beebipood.ee\/ru\/produkt\/kookos-tatramadrats-natura-baby-komfort-60x120\/"]}]},{"@type":"ImageObject","inLanguage":"ru-RU","@id":"https:\/\/beebipood.ee\/ru\/produkt\/kookos-tatramadrats-natura-baby-komfort-60x120\/#primaryimage","url":"https:\/\/beebipood.ee\/wp-content\/uploads\/2020\/08\/Kookostatramadrats-Natura-Baby-Komfort-60x120-Madratsid-ja-kattemadratsid-UUED-TOOTED-Kuni-60cm-laiused-Lastemoobel-ja-sisustus_2-be4.jpg","contentUrl":"https:\/\/beebipood.ee\/wp-content\/uploads\/2020\/08\/Kookostatramadrats-Natura-Baby-Komfort-60x120-Madratsid-ja-kattemadratsid-UUED-TOOTED-Kuni-60cm-laiused-Lastemoobel-ja-sisustus_2-be4.jpg","width":945,"height":756},{"@type":"BreadcrumbList","@id":"https:\/\/beebipood.ee\/ru\/produkt\/kookos-tatramadrats-natura-baby-komfort-60x120\/#breadcrumb","itemListElement":[{"@type":"ListItem","position":1,"name":"Home","item":"https:\/\/beebipood.ee\/ru\/"},{"@type":"ListItem","position":2,"name":"\u041a\u0430\u0442\u0430\u043b\u043e\u0433 \u0442\u043e\u0432\u0430\u0440\u043e\u0432","item":"https:\/\/beebipood.ee\/tooted\/"},{"@type":"ListItem","position":3,"name":"Kookos-tatramadrats Natura Baby Komfort 60&#215;120"}]},{"@type":"WebSite","@id":"https:\/\/beebipood.ee\/ru\/#website","url":"https:\/\/beebipood.ee\/ru\/","name":"Beebipood","description":"Lastekaubad, beebikaubad, m\u00e4nguasjad","publisher":{"@id":"https:\/\/beebipood.ee\/ru\/#organization"},"potentialAction":[{"@type":"SearchAction","target":{"@type":"EntryPoint","urlTemplate":"https:\/\/beebipood.ee\/ru\/?s={search_term_string}"},"query-input":{"@type":"PropertyValueSpecification","valueRequired":true,"valueName":"search_term_string"}}],"inLanguage":"ru-RU"},{"@type":"Organization","@id":"https:\/\/beebipood.ee\/ru\/#organization","name":"Beebipood","url":"https:\/\/beebipood.ee\/ru\/","logo":{"@type":"ImageObject","inLanguage":"ru-RU","@id":"https:\/\/beebipood.ee\/ru\/#\/schema\/logo\/image\/","url":"https:\/\/beebipood.ee\/wp-content\/uploads\/2025\/03\/beebipood.ee-logo-1.svg","contentUrl":"https:\/\/beebipood.ee\/wp-content\/uploads\/2025\/03\/beebipood.ee-logo-1.svg","caption":"Beebipood"},"image":{"@id":"https:\/\/beebipood.ee\/ru\/#\/schema\/logo\/image\/"}}]}},"brands":[],"_links":{"self":[{"href":"https:\/\/beebipood.ee\/ru\/wp-json\/wp\/v2\/product\/459463","targetHints":{"allow":["GET"]}}],"collection":[{"href":"https:\/\/beebipood.ee\/ru\/wp-json\/wp\/v2\/product"}],"about":[{"href":"https:\/\/beebipood.ee\/ru\/wp-json\/wp\/v2\/types\/product"}],"wp:featuredmedia":[{"embeddable":true,"href":"https:\/\/beebipood.ee\/ru\/wp-json\/wp\/v2\/media\/135501"}],"wp:attachment":[{"href":"https:\/\/beebipood.ee\/ru\/wp-json\/wp\/v2\/media?parent=459463"}],"wp:term":[{"taxonomy":"pwb-brand","embeddable":true,"href":"https:\/\/beebipood.ee\/ru\/wp-json\/wp\/v2\/pwb-brand?post=459463"},{"taxonomy":"product_brand","embeddable":true,"href":"https:\/\/beebipood.ee\/ru\/wp-json\/wp\/v2\/product_brand?post=459463"},{"taxonomy":"product_cat","embeddable":true,"href":"https:\/\/beebipood.ee\/ru\/wp-json\/wp\/v2\/product_cat?post=459463"},{"taxonomy":"product_tag","embeddable":true,"href":"https:\/\/beebipood.ee\/ru\/wp-json\/wp\/v2\/product_tag?post=459463"}],"curies":[{"name":"wp","href":"https:\/\/api.w.org\/{rel}","templated":true}]}}