{"id":459467,"date":"2020-08-11T13:08:18","date_gmt":"2020-08-11T10:08:18","guid":{"rendered":"https:\/\/beebipood.ee\/toode\/madrats-kookos-poroloon-komfort-coco-80x180\/"},"modified":"2025-03-04T11:53:27","modified_gmt":"2025-03-04T09:53:27","slug":"madrats-kookos-poroloon-komfort-coco-80x180","status":"publish","type":"product","link":"https:\/\/beebipood.ee\/ru\/produkt\/madrats-kookos-poroloon-komfort-coco-80x180\/","title":{"rendered":"Madrats kookos-poroloon Komfort Coco 80&#215;180"},"content":{"rendered":"<p>Kookos-poroloon komfrot madrats <br \/>Sisu: \u00fcks pool kaetud kookoskiududega, teine pool vahtpol\u00fcuretaan<br \/>Pehmenduseks on mahuline vatiin<br \/>Kookosematt on anti-allergiline, tagab hea une, piisava ventilatsiooni ja suurendab madratsi tugevust <br \/>Kvaliteetne poroloon ei deformeeru ning see on mugav ja tagab muretu magamise<br \/>Premium madratsikate on membraanstruktuuriga allergiavastane, <br \/>mis on valmistatud k\u00f5rgeima kvaliteediga h\u00fcpoallergeensetest materjalidest, <br \/>et tagada pehmus, v\u00e4rskus, mugavus ning rahulolu.<br \/>Materjali struktuur, millest madratsikate on valmistatud, <br \/>tagab piisava ventilatsiooni ja korraliku \u00f5huvoolu madratsis. <br \/>Kaitseb mustuse, bakterite, seente, hallituse ja lestade tungimise eest madratsisse.<br \/>Kattele on sisse\u00f5mmeldud t\u00f5mblukk, mis v\u00f5imaldab seda h\u00f5lpsasti pesemiseks eemaldada.<br \/>Kate on pestav 30\u00b0C juures<br \/>Madrats on pakitud rullpakendisse ning peab vormi v\u00f5tma 72h-96h<\/p>\n","protected":false},"excerpt":{"rendered":"<p>Kookos-poroloon komfrot madrats Sisu: \u00fcks pool kaetud kookoskiududega, teine pool vahtpol\u00fcuretaanPehmenduseks on mahuline vatiinKookosematt on anti-allergiline, tagab hea une, piisava ventilatsiooni ja suurendab madratsi tugevust Kvaliteetne poroloon ei deformeeru ning see on mugav ja tagab muretu magamisePremium madratsikate on membraanstruktuuriga allergiavastane, mis on valmistatud k\u00f5rgeima kvaliteediga h\u00fcpoallergeensetest materjalidest, et tagada pehmus, v\u00e4rskus, mugavus ning rahulolu.Materjali [&hellip;]<\/p>\n","protected":false},"featured_media":135507,"template":"","meta":{"_acf_changed":false},"pwb-brand":[],"product_brand":[],"product_cat":[11599,11563,11789],"product_tag":[],"class_list":{"0":"post-459467","1":"product","2":"type-product","3":"status-publish","4":"has-post-thumbnail","6":"product_cat-kuni-80cm-laiused-ru","7":"product_cat-madratsid-ja-kattemadratsid-ru","8":"product_cat-lastemoobel-ja-sisustus-ru","10":"first","11":"onbackorder","12":"sale","13":"taxable","14":"shipping-taxable","15":"purchasable","16":"product-type-simple"},"exclude_global_add_ons":[],"addons":[],"acf":[],"yoast_head":"<!-- This site is optimized with the Yoast SEO plugin v27.1.1 - https:\/\/yoast.com\/product\/yoast-seo-wordpress\/ -->\n<title>Madrats kookos-poroloon Komfort Coco 80x180, \u041c\u0430\u0442\u0440\u0430\u0441\u044b \u0438 \u043c\u0430\u0442\u0440\u0430\u0441\u044b-\u043f\u043e\u043a\u0440\u044b\u0432\u0430\u043b\u0430, \u0428\u0438\u0440\u0438\u043d\u043e\u0439 \u0434\u043e 80 c\u043c, M\u0435\u0431\u0435\u043b\u044c, Beebipood<\/title>\n<meta name=\"description\" content=\"Madrats kookos-poroloon Komfort Coco 80x180, Kookos-poroloon komfrot madrats Sisu: &uuml;ks pool kaetud kookoskiududega, teine pool vahtpol&uuml;uretaa\" \/>\n<meta name=\"robots\" content=\"index, follow, max-snippet:-1, max-image-preview:large, max-video-preview:-1\" \/>\n<link rel=\"canonical\" href=\"https:\/\/beebipood.ee\/ru\/produkt\/madrats-kookos-poroloon-komfort-coco-80x180\/\" \/>\n<meta property=\"og:locale\" content=\"ru_RU\" \/>\n<meta property=\"og:type\" content=\"article\" \/>\n<meta property=\"og:title\" content=\"Madrats kookos-poroloon Komfort Coco 80x180, \u041c\u0430\u0442\u0440\u0430\u0441\u044b \u0438 \u043c\u0430\u0442\u0440\u0430\u0441\u044b-\u043f\u043e\u043a\u0440\u044b\u0432\u0430\u043b\u0430, \u0428\u0438\u0440\u0438\u043d\u043e\u0439 \u0434\u043e 80 c\u043c, M\u0435\u0431\u0435\u043b\u044c, Beebipood\" \/>\n<meta property=\"og:description\" content=\"Madrats kookos-poroloon Komfort Coco 80x180, Kookos-poroloon komfrot madrats Sisu: &uuml;ks pool kaetud kookoskiududega, teine pool vahtpol&uuml;uretaa\" \/>\n<meta property=\"og:url\" content=\"https:\/\/beebipood.ee\/ru\/produkt\/madrats-kookos-poroloon-komfort-coco-80x180\/\" \/>\n<meta property=\"og:site_name\" content=\"Beebipood\" \/>\n<meta property=\"article:modified_time\" content=\"2025-03-04T09:53:27+00:00\" \/>\n<meta property=\"og:image\" content=\"https:\/\/beebipood.ee\/wp-content\/uploads\/2020\/08\/Madrats-kookosporoloon-Komfort-80x180-Madratsid-ja-kattemadratsid-UUED-TOOTED-Kuni-80cm-laiused-Lastemoobel-ja-sisustus_2-df8.jpg\" \/>\n\t<meta property=\"og:image:width\" content=\"1200\" \/>\n\t<meta property=\"og:image:height\" content=\"900\" \/>\n\t<meta property=\"og:image:type\" content=\"image\/jpeg\" \/>\n<meta name=\"twitter:card\" content=\"summary_large_image\" \/>\n<meta name=\"twitter:label1\" content=\"\u041f\u0440\u0438\u043c\u0435\u0440\u043d\u043e\u0435 \u0432\u0440\u0435\u043c\u044f \u0434\u043b\u044f \u0447\u0442\u0435\u043d\u0438\u044f\" \/>\n\t<meta name=\"twitter:data1\" content=\"1 \u043c\u0438\u043d\u0443\u0442\u0430\" \/>\n<script type=\"application\/ld+json\" class=\"yoast-schema-graph\">{\"@context\":\"https:\/\/schema.org\",\"@graph\":[{\"@type\":\"WebPage\",\"@id\":\"https:\/\/beebipood.ee\/ru\/produkt\/madrats-kookos-poroloon-komfort-coco-80x180\/\",\"url\":\"https:\/\/beebipood.ee\/ru\/produkt\/madrats-kookos-poroloon-komfort-coco-80x180\/\",\"name\":\"Madrats kookos-poroloon Komfort Coco 80x180, \u041c\u0430\u0442\u0440\u0430\u0441\u044b \u0438 \u043c\u0430\u0442\u0440\u0430\u0441\u044b-\u043f\u043e\u043a\u0440\u044b\u0432\u0430\u043b\u0430, \u0428\u0438\u0440\u0438\u043d\u043e\u0439 \u0434\u043e 80 c\u043c, M\u0435\u0431\u0435\u043b\u044c, Beebipood\",\"isPartOf\":{\"@id\":\"https:\/\/beebipood.ee\/ru\/#website\"},\"primaryImageOfPage\":{\"@id\":\"https:\/\/beebipood.ee\/ru\/produkt\/madrats-kookos-poroloon-komfort-coco-80x180\/#primaryimage\"},\"image\":{\"@id\":\"https:\/\/beebipood.ee\/ru\/produkt\/madrats-kookos-poroloon-komfort-coco-80x180\/#primaryimage\"},\"thumbnailUrl\":\"https:\/\/beebipood.ee\/wp-content\/uploads\/2020\/08\/Madrats-kookosporoloon-Komfort-80x180-Madratsid-ja-kattemadratsid-UUED-TOOTED-Kuni-80cm-laiused-Lastemoobel-ja-sisustus_2-df8.jpg\",\"datePublished\":\"2020-08-11T10:08:18+00:00\",\"dateModified\":\"2025-03-04T09:53:27+00:00\",\"description\":\"Madrats kookos-poroloon Komfort Coco 80x180, Kookos-poroloon komfrot madrats Sisu: &uuml;ks pool kaetud kookoskiududega, teine pool vahtpol&uuml;uretaa\",\"breadcrumb\":{\"@id\":\"https:\/\/beebipood.ee\/ru\/produkt\/madrats-kookos-poroloon-komfort-coco-80x180\/#breadcrumb\"},\"inLanguage\":\"ru-RU\",\"potentialAction\":[{\"@type\":\"ReadAction\",\"target\":[\"https:\/\/beebipood.ee\/ru\/produkt\/madrats-kookos-poroloon-komfort-coco-80x180\/\"]}]},{\"@type\":\"ImageObject\",\"inLanguage\":\"ru-RU\",\"@id\":\"https:\/\/beebipood.ee\/ru\/produkt\/madrats-kookos-poroloon-komfort-coco-80x180\/#primaryimage\",\"url\":\"https:\/\/beebipood.ee\/wp-content\/uploads\/2020\/08\/Madrats-kookosporoloon-Komfort-80x180-Madratsid-ja-kattemadratsid-UUED-TOOTED-Kuni-80cm-laiused-Lastemoobel-ja-sisustus_2-df8.jpg\",\"contentUrl\":\"https:\/\/beebipood.ee\/wp-content\/uploads\/2020\/08\/Madrats-kookosporoloon-Komfort-80x180-Madratsid-ja-kattemadratsid-UUED-TOOTED-Kuni-80cm-laiused-Lastemoobel-ja-sisustus_2-df8.jpg\",\"width\":1200,\"height\":900},{\"@type\":\"BreadcrumbList\",\"@id\":\"https:\/\/beebipood.ee\/ru\/produkt\/madrats-kookos-poroloon-komfort-coco-80x180\/#breadcrumb\",\"itemListElement\":[{\"@type\":\"ListItem\",\"position\":1,\"name\":\"Home\",\"item\":\"https:\/\/beebipood.ee\/ru\/\"},{\"@type\":\"ListItem\",\"position\":2,\"name\":\"\u041a\u0430\u0442\u0430\u043b\u043e\u0433 \u0442\u043e\u0432\u0430\u0440\u043e\u0432\",\"item\":\"https:\/\/beebipood.ee\/tooted\/\"},{\"@type\":\"ListItem\",\"position\":3,\"name\":\"Madrats kookos-poroloon Komfort Coco 80&#215;180\"}]},{\"@type\":\"WebSite\",\"@id\":\"https:\/\/beebipood.ee\/ru\/#website\",\"url\":\"https:\/\/beebipood.ee\/ru\/\",\"name\":\"Beebipood\",\"description\":\"Lastekaubad, beebikaubad, m\u00e4nguasjad\",\"publisher\":{\"@id\":\"https:\/\/beebipood.ee\/ru\/#organization\"},\"potentialAction\":[{\"@type\":\"SearchAction\",\"target\":{\"@type\":\"EntryPoint\",\"urlTemplate\":\"https:\/\/beebipood.ee\/ru\/?s={search_term_string}\"},\"query-input\":{\"@type\":\"PropertyValueSpecification\",\"valueRequired\":true,\"valueName\":\"search_term_string\"}}],\"inLanguage\":\"ru-RU\"},{\"@type\":\"Organization\",\"@id\":\"https:\/\/beebipood.ee\/ru\/#organization\",\"name\":\"Beebipood\",\"url\":\"https:\/\/beebipood.ee\/ru\/\",\"logo\":{\"@type\":\"ImageObject\",\"inLanguage\":\"ru-RU\",\"@id\":\"https:\/\/beebipood.ee\/ru\/#\/schema\/logo\/image\/\",\"url\":\"https:\/\/beebipood.ee\/wp-content\/uploads\/2025\/03\/beebipood.ee-logo-1.svg\",\"contentUrl\":\"https:\/\/beebipood.ee\/wp-content\/uploads\/2025\/03\/beebipood.ee-logo-1.svg\",\"caption\":\"Beebipood\"},\"image\":{\"@id\":\"https:\/\/beebipood.ee\/ru\/#\/schema\/logo\/image\/\"}}]}<\/script>\n<!-- \/ Yoast SEO plugin. -->","yoast_head_json":{"title":"Madrats kookos-poroloon Komfort Coco 80x180, \u041c\u0430\u0442\u0440\u0430\u0441\u044b \u0438 \u043c\u0430\u0442\u0440\u0430\u0441\u044b-\u043f\u043e\u043a\u0440\u044b\u0432\u0430\u043b\u0430, \u0428\u0438\u0440\u0438\u043d\u043e\u0439 \u0434\u043e 80 c\u043c, M\u0435\u0431\u0435\u043b\u044c, Beebipood","description":"Madrats kookos-poroloon Komfort Coco 80x180, Kookos-poroloon komfrot madrats Sisu: &uuml;ks pool kaetud kookoskiududega, teine pool vahtpol&uuml;uretaa","robots":{"index":"index","follow":"follow","max-snippet":"max-snippet:-1","max-image-preview":"max-image-preview:large","max-video-preview":"max-video-preview:-1"},"canonical":"https:\/\/beebipood.ee\/ru\/produkt\/madrats-kookos-poroloon-komfort-coco-80x180\/","og_locale":"ru_RU","og_type":"article","og_title":"Madrats kookos-poroloon Komfort Coco 80x180, \u041c\u0430\u0442\u0440\u0430\u0441\u044b \u0438 \u043c\u0430\u0442\u0440\u0430\u0441\u044b-\u043f\u043e\u043a\u0440\u044b\u0432\u0430\u043b\u0430, \u0428\u0438\u0440\u0438\u043d\u043e\u0439 \u0434\u043e 80 c\u043c, M\u0435\u0431\u0435\u043b\u044c, Beebipood","og_description":"Madrats kookos-poroloon Komfort Coco 80x180, Kookos-poroloon komfrot madrats Sisu: &uuml;ks pool kaetud kookoskiududega, teine pool vahtpol&uuml;uretaa","og_url":"https:\/\/beebipood.ee\/ru\/produkt\/madrats-kookos-poroloon-komfort-coco-80x180\/","og_site_name":"Beebipood","article_modified_time":"2025-03-04T09:53:27+00:00","og_image":[{"width":1200,"height":900,"url":"https:\/\/beebipood.ee\/wp-content\/uploads\/2020\/08\/Madrats-kookosporoloon-Komfort-80x180-Madratsid-ja-kattemadratsid-UUED-TOOTED-Kuni-80cm-laiused-Lastemoobel-ja-sisustus_2-df8.jpg","type":"image\/jpeg"}],"twitter_card":"summary_large_image","twitter_misc":{"\u041f\u0440\u0438\u043c\u0435\u0440\u043d\u043e\u0435 \u0432\u0440\u0435\u043c\u044f \u0434\u043b\u044f \u0447\u0442\u0435\u043d\u0438\u044f":"1 \u043c\u0438\u043d\u0443\u0442\u0430"},"schema":{"@context":"https:\/\/schema.org","@graph":[{"@type":"WebPage","@id":"https:\/\/beebipood.ee\/ru\/produkt\/madrats-kookos-poroloon-komfort-coco-80x180\/","url":"https:\/\/beebipood.ee\/ru\/produkt\/madrats-kookos-poroloon-komfort-coco-80x180\/","name":"Madrats kookos-poroloon Komfort Coco 80x180, \u041c\u0430\u0442\u0440\u0430\u0441\u044b \u0438 \u043c\u0430\u0442\u0440\u0430\u0441\u044b-\u043f\u043e\u043a\u0440\u044b\u0432\u0430\u043b\u0430, \u0428\u0438\u0440\u0438\u043d\u043e\u0439 \u0434\u043e 80 c\u043c, M\u0435\u0431\u0435\u043b\u044c, Beebipood","isPartOf":{"@id":"https:\/\/beebipood.ee\/ru\/#website"},"primaryImageOfPage":{"@id":"https:\/\/beebipood.ee\/ru\/produkt\/madrats-kookos-poroloon-komfort-coco-80x180\/#primaryimage"},"image":{"@id":"https:\/\/beebipood.ee\/ru\/produkt\/madrats-kookos-poroloon-komfort-coco-80x180\/#primaryimage"},"thumbnailUrl":"https:\/\/beebipood.ee\/wp-content\/uploads\/2020\/08\/Madrats-kookosporoloon-Komfort-80x180-Madratsid-ja-kattemadratsid-UUED-TOOTED-Kuni-80cm-laiused-Lastemoobel-ja-sisustus_2-df8.jpg","datePublished":"2020-08-11T10:08:18+00:00","dateModified":"2025-03-04T09:53:27+00:00","description":"Madrats kookos-poroloon Komfort Coco 80x180, Kookos-poroloon komfrot madrats Sisu: &uuml;ks pool kaetud kookoskiududega, teine pool vahtpol&uuml;uretaa","breadcrumb":{"@id":"https:\/\/beebipood.ee\/ru\/produkt\/madrats-kookos-poroloon-komfort-coco-80x180\/#breadcrumb"},"inLanguage":"ru-RU","potentialAction":[{"@type":"ReadAction","target":["https:\/\/beebipood.ee\/ru\/produkt\/madrats-kookos-poroloon-komfort-coco-80x180\/"]}]},{"@type":"ImageObject","inLanguage":"ru-RU","@id":"https:\/\/beebipood.ee\/ru\/produkt\/madrats-kookos-poroloon-komfort-coco-80x180\/#primaryimage","url":"https:\/\/beebipood.ee\/wp-content\/uploads\/2020\/08\/Madrats-kookosporoloon-Komfort-80x180-Madratsid-ja-kattemadratsid-UUED-TOOTED-Kuni-80cm-laiused-Lastemoobel-ja-sisustus_2-df8.jpg","contentUrl":"https:\/\/beebipood.ee\/wp-content\/uploads\/2020\/08\/Madrats-kookosporoloon-Komfort-80x180-Madratsid-ja-kattemadratsid-UUED-TOOTED-Kuni-80cm-laiused-Lastemoobel-ja-sisustus_2-df8.jpg","width":1200,"height":900},{"@type":"BreadcrumbList","@id":"https:\/\/beebipood.ee\/ru\/produkt\/madrats-kookos-poroloon-komfort-coco-80x180\/#breadcrumb","itemListElement":[{"@type":"ListItem","position":1,"name":"Home","item":"https:\/\/beebipood.ee\/ru\/"},{"@type":"ListItem","position":2,"name":"\u041a\u0430\u0442\u0430\u043b\u043e\u0433 \u0442\u043e\u0432\u0430\u0440\u043e\u0432","item":"https:\/\/beebipood.ee\/tooted\/"},{"@type":"ListItem","position":3,"name":"Madrats kookos-poroloon Komfort Coco 80&#215;180"}]},{"@type":"WebSite","@id":"https:\/\/beebipood.ee\/ru\/#website","url":"https:\/\/beebipood.ee\/ru\/","name":"Beebipood","description":"Lastekaubad, beebikaubad, m\u00e4nguasjad","publisher":{"@id":"https:\/\/beebipood.ee\/ru\/#organization"},"potentialAction":[{"@type":"SearchAction","target":{"@type":"EntryPoint","urlTemplate":"https:\/\/beebipood.ee\/ru\/?s={search_term_string}"},"query-input":{"@type":"PropertyValueSpecification","valueRequired":true,"valueName":"search_term_string"}}],"inLanguage":"ru-RU"},{"@type":"Organization","@id":"https:\/\/beebipood.ee\/ru\/#organization","name":"Beebipood","url":"https:\/\/beebipood.ee\/ru\/","logo":{"@type":"ImageObject","inLanguage":"ru-RU","@id":"https:\/\/beebipood.ee\/ru\/#\/schema\/logo\/image\/","url":"https:\/\/beebipood.ee\/wp-content\/uploads\/2025\/03\/beebipood.ee-logo-1.svg","contentUrl":"https:\/\/beebipood.ee\/wp-content\/uploads\/2025\/03\/beebipood.ee-logo-1.svg","caption":"Beebipood"},"image":{"@id":"https:\/\/beebipood.ee\/ru\/#\/schema\/logo\/image\/"}}]}},"brands":[],"_links":{"self":[{"href":"https:\/\/beebipood.ee\/ru\/wp-json\/wp\/v2\/product\/459467","targetHints":{"allow":["GET"]}}],"collection":[{"href":"https:\/\/beebipood.ee\/ru\/wp-json\/wp\/v2\/product"}],"about":[{"href":"https:\/\/beebipood.ee\/ru\/wp-json\/wp\/v2\/types\/product"}],"wp:featuredmedia":[{"embeddable":true,"href":"https:\/\/beebipood.ee\/ru\/wp-json\/wp\/v2\/media\/135507"}],"wp:attachment":[{"href":"https:\/\/beebipood.ee\/ru\/wp-json\/wp\/v2\/media?parent=459467"}],"wp:term":[{"taxonomy":"pwb-brand","embeddable":true,"href":"https:\/\/beebipood.ee\/ru\/wp-json\/wp\/v2\/pwb-brand?post=459467"},{"taxonomy":"product_brand","embeddable":true,"href":"https:\/\/beebipood.ee\/ru\/wp-json\/wp\/v2\/product_brand?post=459467"},{"taxonomy":"product_cat","embeddable":true,"href":"https:\/\/beebipood.ee\/ru\/wp-json\/wp\/v2\/product_cat?post=459467"},{"taxonomy":"product_tag","embeddable":true,"href":"https:\/\/beebipood.ee\/ru\/wp-json\/wp\/v2\/product_tag?post=459467"}],"curies":[{"name":"wp","href":"https:\/\/api.w.org\/{rel}","templated":true}]}}