{"id":459473,"date":"2020-08-14T06:38:40","date_gmt":"2020-08-14T03:38:40","guid":{"rendered":"https:\/\/beebipood.ee\/toode\/baby-art-my-baby-style-malestusjalg-transparent\/"},"modified":"2025-01-09T10:48:19","modified_gmt":"2025-01-09T08:48:19","slug":"baby-art-my-baby-style-malestusjalg-transparent","status":"publish","type":"product","link":"https:\/\/beebipood.ee\/ru\/produkt\/baby-art-my-baby-style-malestusjalg-transparent\/","title":{"rendered":"Baby Art My Baby Style m\u00e4lestusj\u00e4lg, Grey"},"content":{"rendered":"<p>Baby Art My Baby Style savist m\u00e4lestusj\u00e4lg <br \/>aitab sul j\u00e4\u00e4dvustada oma beebi v\u00e4ikese k\u00e4e- v\u00f5i jalaj\u00e4lje.<br \/><span style=\"text-decoration: underline;\">Omadused<\/span><br \/>Transparent mudelil on l\u00e4bipaistva klaasiga pildiraam<br \/>My Baby Syle savist m\u00e4lestusj\u00e4lg on lapsele ohutu<br \/>Lihtne valmistada, k\u00f5ik vajalik on juba komplektis olemas<br \/>V\u00f5imalus proovida mitu korda, enne kui vorm \u00e4ra kuivab<br \/>Kiire lahendus: ideaalne savist j\u00e4lg on v\u00f5imalik valmistada <br \/>ainult 2 minutiga (lisandub kuivamiseks kuluv aeg)<br \/>Kinnitada \u00fcks savist j\u00e4ljend ja \u00fcks pilt<br \/><span style=\"text-decoration: underline;\">Komplektis<\/span><br \/>L\u00e4bipaistev pildiraam<br \/>Savi<br \/>Puidust rull<br \/>Kahepoolne teip, millega savist m\u00e4lestusj\u00e4lg kinnitada<br \/>N\u00e4itajad<br \/>\u00dche raami (akna) m\u00f5\u00f5dud: 17 x 17 x 2cm<\/p>\n","protected":false},"excerpt":{"rendered":"<p>Baby Art My Baby Style savist m\u00e4lestusj\u00e4lg aitab sul j\u00e4\u00e4dvustada oma beebi v\u00e4ikese k\u00e4e- v\u00f5i jalaj\u00e4lje.OmadusedTransparent mudelil on l\u00e4bipaistva klaasiga pildiraamMy Baby Syle savist m\u00e4lestusj\u00e4lg on lapsele ohutuLihtne valmistada, k\u00f5ik vajalik on juba komplektis olemasV\u00f5imalus proovida mitu korda, enne kui vorm \u00e4ra kuivabKiire lahendus: ideaalne savist j\u00e4lg on v\u00f5imalik valmistada ainult 2 minutiga (lisandub kuivamiseks [&hellip;]<\/p>\n","protected":false},"featured_media":135516,"template":"","meta":{"_acf_changed":false},"pwb-brand":[],"product_brand":[],"product_cat":[11709],"product_tag":[],"class_list":{"0":"post-459473","1":"product","2":"type-product","3":"status-publish","4":"has-post-thumbnail","6":"product_cat-sootmistoolid-beebi-ja-lastetarbed-mahkimine-hugieen-ru","8":"first","9":"onbackorder","10":"taxable","11":"shipping-taxable","12":"purchasable","13":"product-type-simple"},"exclude_global_add_ons":[],"addons":[],"acf":[],"yoast_head":"<!-- This site is optimized with the Yoast SEO plugin v27.1.1 - https:\/\/yoast.com\/product\/yoast-seo-wordpress\/ -->\n<title>Baby Art My Baby Style m\u00e4lestusj\u00e4lg, Grey, \u041f\u0440\u0438\u043d\u0430\u0434\u043b\u0435\u0436\u043d\u043e\u0441\u0442\u0438 \u0434\u043b\u044f \u043c\u043b\u0430\u0434\u0435\u043d\u0446\u0435\u0432, Beebipood<\/title>\n<meta name=\"description\" content=\"Baby Art My Baby Style m\u00e4lestusj\u00e4lg, Grey, Baby Art My Baby Style savist m&auml;lestusj&auml;lg aitab sul j&auml;&auml;dvustada oma beebi v&auml;ikes\" \/>\n<meta name=\"robots\" content=\"index, follow, max-snippet:-1, max-image-preview:large, max-video-preview:-1\" \/>\n<link rel=\"canonical\" href=\"https:\/\/beebipood.ee\/ru\/produkt\/baby-art-my-baby-style-malestusjalg-transparent\/\" \/>\n<meta property=\"og:locale\" content=\"ru_RU\" \/>\n<meta property=\"og:type\" content=\"article\" \/>\n<meta property=\"og:title\" content=\"Baby Art My Baby Style m\u00e4lestusj\u00e4lg, Grey, \u041f\u0440\u0438\u043d\u0430\u0434\u043b\u0435\u0436\u043d\u043e\u0441\u0442\u0438 \u0434\u043b\u044f \u043c\u043b\u0430\u0434\u0435\u043d\u0446\u0435\u0432, Beebipood\" \/>\n<meta property=\"og:description\" content=\"Baby Art My Baby Style m\u00e4lestusj\u00e4lg, Grey, Baby Art My Baby Style savist m&auml;lestusj&auml;lg aitab sul j&auml;&auml;dvustada oma beebi v&auml;ikes\" \/>\n<meta property=\"og:url\" content=\"https:\/\/beebipood.ee\/ru\/produkt\/baby-art-my-baby-style-malestusjalg-transparent\/\" \/>\n<meta property=\"og:site_name\" content=\"Beebipood\" \/>\n<meta property=\"article:modified_time\" content=\"2025-01-09T08:48:19+00:00\" \/>\n<meta property=\"og:image\" content=\"https:\/\/beebipood.ee\/wp-content\/uploads\/2020\/08\/Baby-Art-My-Baby-Style-malestusjalg-Grey-Beebi-ja-lastetarbed_2-9f0.jpg\" \/>\n\t<meta property=\"og:image:width\" content=\"1200\" \/>\n\t<meta property=\"og:image:height\" content=\"1200\" \/>\n\t<meta property=\"og:image:type\" content=\"image\/jpeg\" \/>\n<meta name=\"twitter:card\" content=\"summary_large_image\" \/>\n<script type=\"application\/ld+json\" class=\"yoast-schema-graph\">{\"@context\":\"https:\/\/schema.org\",\"@graph\":[{\"@type\":\"WebPage\",\"@id\":\"https:\/\/beebipood.ee\/ru\/produkt\/baby-art-my-baby-style-malestusjalg-transparent\/\",\"url\":\"https:\/\/beebipood.ee\/ru\/produkt\/baby-art-my-baby-style-malestusjalg-transparent\/\",\"name\":\"Baby Art My Baby Style m\u00e4lestusj\u00e4lg, Grey, \u041f\u0440\u0438\u043d\u0430\u0434\u043b\u0435\u0436\u043d\u043e\u0441\u0442\u0438 \u0434\u043b\u044f \u043c\u043b\u0430\u0434\u0435\u043d\u0446\u0435\u0432, Beebipood\",\"isPartOf\":{\"@id\":\"https:\/\/beebipood.ee\/ru\/#website\"},\"primaryImageOfPage\":{\"@id\":\"https:\/\/beebipood.ee\/ru\/produkt\/baby-art-my-baby-style-malestusjalg-transparent\/#primaryimage\"},\"image\":{\"@id\":\"https:\/\/beebipood.ee\/ru\/produkt\/baby-art-my-baby-style-malestusjalg-transparent\/#primaryimage\"},\"thumbnailUrl\":\"https:\/\/beebipood.ee\/wp-content\/uploads\/2020\/08\/Baby-Art-My-Baby-Style-malestusjalg-Grey-Beebi-ja-lastetarbed_2-9f0.jpg\",\"datePublished\":\"2020-08-14T03:38:40+00:00\",\"dateModified\":\"2025-01-09T08:48:19+00:00\",\"description\":\"Baby Art My Baby Style m\u00e4lestusj\u00e4lg, Grey, Baby Art My Baby Style savist m&auml;lestusj&auml;lg aitab sul j&auml;&auml;dvustada oma beebi v&auml;ikes\",\"breadcrumb\":{\"@id\":\"https:\/\/beebipood.ee\/ru\/produkt\/baby-art-my-baby-style-malestusjalg-transparent\/#breadcrumb\"},\"inLanguage\":\"ru-RU\",\"potentialAction\":[{\"@type\":\"ReadAction\",\"target\":[\"https:\/\/beebipood.ee\/ru\/produkt\/baby-art-my-baby-style-malestusjalg-transparent\/\"]}]},{\"@type\":\"ImageObject\",\"inLanguage\":\"ru-RU\",\"@id\":\"https:\/\/beebipood.ee\/ru\/produkt\/baby-art-my-baby-style-malestusjalg-transparent\/#primaryimage\",\"url\":\"https:\/\/beebipood.ee\/wp-content\/uploads\/2020\/08\/Baby-Art-My-Baby-Style-malestusjalg-Grey-Beebi-ja-lastetarbed_2-9f0.jpg\",\"contentUrl\":\"https:\/\/beebipood.ee\/wp-content\/uploads\/2020\/08\/Baby-Art-My-Baby-Style-malestusjalg-Grey-Beebi-ja-lastetarbed_2-9f0.jpg\",\"width\":1200,\"height\":1200},{\"@type\":\"BreadcrumbList\",\"@id\":\"https:\/\/beebipood.ee\/ru\/produkt\/baby-art-my-baby-style-malestusjalg-transparent\/#breadcrumb\",\"itemListElement\":[{\"@type\":\"ListItem\",\"position\":1,\"name\":\"Home\",\"item\":\"https:\/\/beebipood.ee\/ru\/\"},{\"@type\":\"ListItem\",\"position\":2,\"name\":\"\u041a\u0430\u0442\u0430\u043b\u043e\u0433 \u0442\u043e\u0432\u0430\u0440\u043e\u0432\",\"item\":\"https:\/\/beebipood.ee\/tooted\/\"},{\"@type\":\"ListItem\",\"position\":3,\"name\":\"Baby Art My Baby Style m\u00e4lestusj\u00e4lg, Grey\"}]},{\"@type\":\"WebSite\",\"@id\":\"https:\/\/beebipood.ee\/ru\/#website\",\"url\":\"https:\/\/beebipood.ee\/ru\/\",\"name\":\"Beebipood\",\"description\":\"Lastekaubad, beebikaubad, m\u00e4nguasjad\",\"publisher\":{\"@id\":\"https:\/\/beebipood.ee\/ru\/#organization\"},\"potentialAction\":[{\"@type\":\"SearchAction\",\"target\":{\"@type\":\"EntryPoint\",\"urlTemplate\":\"https:\/\/beebipood.ee\/ru\/?s={search_term_string}\"},\"query-input\":{\"@type\":\"PropertyValueSpecification\",\"valueRequired\":true,\"valueName\":\"search_term_string\"}}],\"inLanguage\":\"ru-RU\"},{\"@type\":\"Organization\",\"@id\":\"https:\/\/beebipood.ee\/ru\/#organization\",\"name\":\"Beebipood\",\"url\":\"https:\/\/beebipood.ee\/ru\/\",\"logo\":{\"@type\":\"ImageObject\",\"inLanguage\":\"ru-RU\",\"@id\":\"https:\/\/beebipood.ee\/ru\/#\/schema\/logo\/image\/\",\"url\":\"https:\/\/beebipood.ee\/wp-content\/uploads\/2025\/03\/beebipood.ee-logo-1.svg\",\"contentUrl\":\"https:\/\/beebipood.ee\/wp-content\/uploads\/2025\/03\/beebipood.ee-logo-1.svg\",\"caption\":\"Beebipood\"},\"image\":{\"@id\":\"https:\/\/beebipood.ee\/ru\/#\/schema\/logo\/image\/\"}}]}<\/script>\n<!-- \/ Yoast SEO plugin. -->","yoast_head_json":{"title":"Baby Art My Baby Style m\u00e4lestusj\u00e4lg, Grey, \u041f\u0440\u0438\u043d\u0430\u0434\u043b\u0435\u0436\u043d\u043e\u0441\u0442\u0438 \u0434\u043b\u044f \u043c\u043b\u0430\u0434\u0435\u043d\u0446\u0435\u0432, Beebipood","description":"Baby Art My Baby Style m\u00e4lestusj\u00e4lg, Grey, Baby Art My Baby Style savist m&auml;lestusj&auml;lg aitab sul j&auml;&auml;dvustada oma beebi v&auml;ikes","robots":{"index":"index","follow":"follow","max-snippet":"max-snippet:-1","max-image-preview":"max-image-preview:large","max-video-preview":"max-video-preview:-1"},"canonical":"https:\/\/beebipood.ee\/ru\/produkt\/baby-art-my-baby-style-malestusjalg-transparent\/","og_locale":"ru_RU","og_type":"article","og_title":"Baby Art My Baby Style m\u00e4lestusj\u00e4lg, Grey, \u041f\u0440\u0438\u043d\u0430\u0434\u043b\u0435\u0436\u043d\u043e\u0441\u0442\u0438 \u0434\u043b\u044f \u043c\u043b\u0430\u0434\u0435\u043d\u0446\u0435\u0432, Beebipood","og_description":"Baby Art My Baby Style m\u00e4lestusj\u00e4lg, Grey, Baby Art My Baby Style savist m&auml;lestusj&auml;lg aitab sul j&auml;&auml;dvustada oma beebi v&auml;ikes","og_url":"https:\/\/beebipood.ee\/ru\/produkt\/baby-art-my-baby-style-malestusjalg-transparent\/","og_site_name":"Beebipood","article_modified_time":"2025-01-09T08:48:19+00:00","og_image":[{"width":1200,"height":1200,"url":"https:\/\/beebipood.ee\/wp-content\/uploads\/2020\/08\/Baby-Art-My-Baby-Style-malestusjalg-Grey-Beebi-ja-lastetarbed_2-9f0.jpg","type":"image\/jpeg"}],"twitter_card":"summary_large_image","schema":{"@context":"https:\/\/schema.org","@graph":[{"@type":"WebPage","@id":"https:\/\/beebipood.ee\/ru\/produkt\/baby-art-my-baby-style-malestusjalg-transparent\/","url":"https:\/\/beebipood.ee\/ru\/produkt\/baby-art-my-baby-style-malestusjalg-transparent\/","name":"Baby Art My Baby Style m\u00e4lestusj\u00e4lg, Grey, \u041f\u0440\u0438\u043d\u0430\u0434\u043b\u0435\u0436\u043d\u043e\u0441\u0442\u0438 \u0434\u043b\u044f \u043c\u043b\u0430\u0434\u0435\u043d\u0446\u0435\u0432, Beebipood","isPartOf":{"@id":"https:\/\/beebipood.ee\/ru\/#website"},"primaryImageOfPage":{"@id":"https:\/\/beebipood.ee\/ru\/produkt\/baby-art-my-baby-style-malestusjalg-transparent\/#primaryimage"},"image":{"@id":"https:\/\/beebipood.ee\/ru\/produkt\/baby-art-my-baby-style-malestusjalg-transparent\/#primaryimage"},"thumbnailUrl":"https:\/\/beebipood.ee\/wp-content\/uploads\/2020\/08\/Baby-Art-My-Baby-Style-malestusjalg-Grey-Beebi-ja-lastetarbed_2-9f0.jpg","datePublished":"2020-08-14T03:38:40+00:00","dateModified":"2025-01-09T08:48:19+00:00","description":"Baby Art My Baby Style m\u00e4lestusj\u00e4lg, Grey, Baby Art My Baby Style savist m&auml;lestusj&auml;lg aitab sul j&auml;&auml;dvustada oma beebi v&auml;ikes","breadcrumb":{"@id":"https:\/\/beebipood.ee\/ru\/produkt\/baby-art-my-baby-style-malestusjalg-transparent\/#breadcrumb"},"inLanguage":"ru-RU","potentialAction":[{"@type":"ReadAction","target":["https:\/\/beebipood.ee\/ru\/produkt\/baby-art-my-baby-style-malestusjalg-transparent\/"]}]},{"@type":"ImageObject","inLanguage":"ru-RU","@id":"https:\/\/beebipood.ee\/ru\/produkt\/baby-art-my-baby-style-malestusjalg-transparent\/#primaryimage","url":"https:\/\/beebipood.ee\/wp-content\/uploads\/2020\/08\/Baby-Art-My-Baby-Style-malestusjalg-Grey-Beebi-ja-lastetarbed_2-9f0.jpg","contentUrl":"https:\/\/beebipood.ee\/wp-content\/uploads\/2020\/08\/Baby-Art-My-Baby-Style-malestusjalg-Grey-Beebi-ja-lastetarbed_2-9f0.jpg","width":1200,"height":1200},{"@type":"BreadcrumbList","@id":"https:\/\/beebipood.ee\/ru\/produkt\/baby-art-my-baby-style-malestusjalg-transparent\/#breadcrumb","itemListElement":[{"@type":"ListItem","position":1,"name":"Home","item":"https:\/\/beebipood.ee\/ru\/"},{"@type":"ListItem","position":2,"name":"\u041a\u0430\u0442\u0430\u043b\u043e\u0433 \u0442\u043e\u0432\u0430\u0440\u043e\u0432","item":"https:\/\/beebipood.ee\/tooted\/"},{"@type":"ListItem","position":3,"name":"Baby Art My Baby Style m\u00e4lestusj\u00e4lg, Grey"}]},{"@type":"WebSite","@id":"https:\/\/beebipood.ee\/ru\/#website","url":"https:\/\/beebipood.ee\/ru\/","name":"Beebipood","description":"Lastekaubad, beebikaubad, m\u00e4nguasjad","publisher":{"@id":"https:\/\/beebipood.ee\/ru\/#organization"},"potentialAction":[{"@type":"SearchAction","target":{"@type":"EntryPoint","urlTemplate":"https:\/\/beebipood.ee\/ru\/?s={search_term_string}"},"query-input":{"@type":"PropertyValueSpecification","valueRequired":true,"valueName":"search_term_string"}}],"inLanguage":"ru-RU"},{"@type":"Organization","@id":"https:\/\/beebipood.ee\/ru\/#organization","name":"Beebipood","url":"https:\/\/beebipood.ee\/ru\/","logo":{"@type":"ImageObject","inLanguage":"ru-RU","@id":"https:\/\/beebipood.ee\/ru\/#\/schema\/logo\/image\/","url":"https:\/\/beebipood.ee\/wp-content\/uploads\/2025\/03\/beebipood.ee-logo-1.svg","contentUrl":"https:\/\/beebipood.ee\/wp-content\/uploads\/2025\/03\/beebipood.ee-logo-1.svg","caption":"Beebipood"},"image":{"@id":"https:\/\/beebipood.ee\/ru\/#\/schema\/logo\/image\/"}}]}},"brands":[],"_links":{"self":[{"href":"https:\/\/beebipood.ee\/ru\/wp-json\/wp\/v2\/product\/459473","targetHints":{"allow":["GET"]}}],"collection":[{"href":"https:\/\/beebipood.ee\/ru\/wp-json\/wp\/v2\/product"}],"about":[{"href":"https:\/\/beebipood.ee\/ru\/wp-json\/wp\/v2\/types\/product"}],"wp:featuredmedia":[{"embeddable":true,"href":"https:\/\/beebipood.ee\/ru\/wp-json\/wp\/v2\/media\/135516"}],"wp:attachment":[{"href":"https:\/\/beebipood.ee\/ru\/wp-json\/wp\/v2\/media?parent=459473"}],"wp:term":[{"taxonomy":"pwb-brand","embeddable":true,"href":"https:\/\/beebipood.ee\/ru\/wp-json\/wp\/v2\/pwb-brand?post=459473"},{"taxonomy":"product_brand","embeddable":true,"href":"https:\/\/beebipood.ee\/ru\/wp-json\/wp\/v2\/product_brand?post=459473"},{"taxonomy":"product_cat","embeddable":true,"href":"https:\/\/beebipood.ee\/ru\/wp-json\/wp\/v2\/product_cat?post=459473"},{"taxonomy":"product_tag","embeddable":true,"href":"https:\/\/beebipood.ee\/ru\/wp-json\/wp\/v2\/product_tag?post=459473"}],"curies":[{"name":"wp","href":"https:\/\/api.w.org\/{rel}","templated":true}]}}