{"id":459475,"date":"2020-08-15T09:50:18","date_gmt":"2020-08-15T06:50:18","guid":{"rendered":"https:\/\/beebipood.ee\/toode\/cam-dudu-istmega-seisulaud\/"},"modified":"2025-01-09T10:48:19","modified_gmt":"2025-01-09T08:48:19","slug":"cam-dudu-istmega-seisulaud","status":"publish","type":"product","link":"https:\/\/beebipood.ee\/ru\/produkt\/cam-dudu-istmega-seisulaud\/","title":{"rendered":"Cam Dudu istmega seisulaud"},"content":{"rendered":"<p>Vanema lapse jaoks m\u00f5eldud seisulaud, <br \/>mis kinnitub enamus jalutusk\u00e4rude v\u00f5i lapsevankrite k\u00fclge.<br \/>Kasutamiseks lastele kaaluga kuni 25kg.<br \/><span style=\"text-decoration: underline;\">Omadused<\/span><br \/>Teleskoopilised varred, mida on v\u00f5imalik pikendada vastavalt k\u00e4rumudelile<br \/>Universaalsed rihmkinnitused<br \/>Kompaktselt kokkupandav<br \/>Mugav k\u00e4epide, millest laps saab kinni hoida<br \/>3-punkti kinnitusega turvarihmad<br \/>Pehme polsterdusega iste<br \/>V\u00f5imalik kasutada ka ainult seisulauana (ilma istmeta)<br \/>Sobib kasutamiseks ka raskema maastiku peal<br \/>Kinnitub enamus jalutusk\u00e4ru\/lapsevankri raamide k\u00fclge<br \/><span style=\"text-decoration: underline;\">N\u00e4itajad<\/span><br \/>M\u00f5\u00f5dud 33 x 63 x 61cm<br \/>M\u00f5\u00f5dud kokkupandult 33 x 32 x 61cm<br \/>Kaal 4,9kg<\/p>\n","protected":false},"excerpt":{"rendered":"<p>Vanema lapse jaoks m\u00f5eldud seisulaud, mis kinnitub enamus jalutusk\u00e4rude v\u00f5i lapsevankrite k\u00fclge.Kasutamiseks lastele kaaluga kuni 25kg.OmadusedTeleskoopilised varred, mida on v\u00f5imalik pikendada vastavalt k\u00e4rumudelileUniversaalsed rihmkinnitusedKompaktselt kokkupandavMugav k\u00e4epide, millest laps saab kinni hoida3-punkti kinnitusega turvarihmadPehme polsterdusega isteV\u00f5imalik kasutada ka ainult seisulauana (ilma istmeta)Sobib kasutamiseks ka raskema maastiku pealKinnitub enamus jalutusk\u00e4ru\/lapsevankri raamide k\u00fclgeN\u00e4itajadM\u00f5\u00f5dud 33 x 63 x 61cmM\u00f5\u00f5dud [&hellip;]<\/p>\n","protected":false},"featured_media":135536,"template":"","meta":{"_acf_changed":false},"pwb-brand":[11970],"product_brand":[],"product_cat":[11725,11717],"product_tag":[],"class_list":{"0":"post-459475","1":"product","2":"type-product","3":"status-publish","4":"has-post-thumbnail","6":"pwb-brand-cam-ru","7":"product_cat-lisatarvikud-ru","8":"product_cat-lastevankrid-ja-karud-ru","9":"pa_manufacturer-cam-ru","11":"first","12":"onbackorder","13":"taxable","14":"shipping-taxable","15":"purchasable","16":"product-type-simple"},"exclude_global_add_ons":[],"addons":[],"acf":[],"yoast_head":"<!-- This site is optimized with the Yoast SEO plugin v27.1.1 - https:\/\/yoast.com\/product\/yoast-seo-wordpress\/ -->\n<title>Cam Dudu istmega seisulaud, \u041a\u043e\u043b\u044f\u0441\u043a\u0438, \u041f\u0440\u0438\u043d\u0430\u0434\u043b\u0435\u0436\u043d\u043e\u0441\u0442\u0438, Beebipood<\/title>\n<meta name=\"description\" content=\"Cam Dudu istmega seisulaud, Vanema lapse jaoks m&otilde;eldud seisulaud, mis kinnitub enamus jalutusk&auml;rude v&otilde;i lapsevankrite k&uuml;lge.&lt;br\" \/>\n<meta name=\"robots\" content=\"index, follow, max-snippet:-1, max-image-preview:large, max-video-preview:-1\" \/>\n<link rel=\"canonical\" href=\"https:\/\/beebipood.ee\/ru\/produkt\/cam-dudu-istmega-seisulaud\/\" \/>\n<meta property=\"og:locale\" content=\"ru_RU\" \/>\n<meta property=\"og:type\" content=\"article\" \/>\n<meta property=\"og:title\" content=\"Cam Dudu istmega seisulaud, \u041a\u043e\u043b\u044f\u0441\u043a\u0438, \u041f\u0440\u0438\u043d\u0430\u0434\u043b\u0435\u0436\u043d\u043e\u0441\u0442\u0438, Beebipood\" \/>\n<meta property=\"og:description\" content=\"Cam Dudu istmega seisulaud, Vanema lapse jaoks m&otilde;eldud seisulaud, mis kinnitub enamus jalutusk&auml;rude v&otilde;i lapsevankrite k&uuml;lge.&lt;br\" \/>\n<meta property=\"og:url\" content=\"https:\/\/beebipood.ee\/ru\/produkt\/cam-dudu-istmega-seisulaud\/\" \/>\n<meta property=\"og:site_name\" content=\"Beebipood\" \/>\n<meta property=\"article:modified_time\" content=\"2025-01-09T08:48:19+00:00\" \/>\n<meta property=\"og:image\" content=\"https:\/\/beebipood.ee\/wp-content\/uploads\/2020\/08\/Cam-Dudu-istmega-seisulaud-Lastevankrid-ja-karud-Lisavarustus-_3-681.jpg\" \/>\n\t<meta property=\"og:image:width\" content=\"980\" \/>\n\t<meta property=\"og:image:height\" content=\"899\" \/>\n\t<meta property=\"og:image:type\" content=\"image\/jpeg\" \/>\n<meta name=\"twitter:card\" content=\"summary_large_image\" \/>\n<script type=\"application\/ld+json\" class=\"yoast-schema-graph\">{\"@context\":\"https:\/\/schema.org\",\"@graph\":[{\"@type\":\"WebPage\",\"@id\":\"https:\/\/beebipood.ee\/ru\/produkt\/cam-dudu-istmega-seisulaud\/\",\"url\":\"https:\/\/beebipood.ee\/ru\/produkt\/cam-dudu-istmega-seisulaud\/\",\"name\":\"Cam Dudu istmega seisulaud, \u041a\u043e\u043b\u044f\u0441\u043a\u0438, \u041f\u0440\u0438\u043d\u0430\u0434\u043b\u0435\u0436\u043d\u043e\u0441\u0442\u0438, Beebipood\",\"isPartOf\":{\"@id\":\"https:\/\/beebipood.ee\/ru\/#website\"},\"primaryImageOfPage\":{\"@id\":\"https:\/\/beebipood.ee\/ru\/produkt\/cam-dudu-istmega-seisulaud\/#primaryimage\"},\"image\":{\"@id\":\"https:\/\/beebipood.ee\/ru\/produkt\/cam-dudu-istmega-seisulaud\/#primaryimage\"},\"thumbnailUrl\":\"https:\/\/beebipood.ee\/wp-content\/uploads\/2020\/08\/Cam-Dudu-istmega-seisulaud-Lastevankrid-ja-karud-Lisavarustus-_3-681.jpg\",\"datePublished\":\"2020-08-15T06:50:18+00:00\",\"dateModified\":\"2025-01-09T08:48:19+00:00\",\"description\":\"Cam Dudu istmega seisulaud, Vanema lapse jaoks m&otilde;eldud seisulaud, mis kinnitub enamus jalutusk&auml;rude v&otilde;i lapsevankrite k&uuml;lge.&lt;br\",\"breadcrumb\":{\"@id\":\"https:\/\/beebipood.ee\/ru\/produkt\/cam-dudu-istmega-seisulaud\/#breadcrumb\"},\"inLanguage\":\"ru-RU\",\"potentialAction\":[{\"@type\":\"ReadAction\",\"target\":[\"https:\/\/beebipood.ee\/ru\/produkt\/cam-dudu-istmega-seisulaud\/\"]}]},{\"@type\":\"ImageObject\",\"inLanguage\":\"ru-RU\",\"@id\":\"https:\/\/beebipood.ee\/ru\/produkt\/cam-dudu-istmega-seisulaud\/#primaryimage\",\"url\":\"https:\/\/beebipood.ee\/wp-content\/uploads\/2020\/08\/Cam-Dudu-istmega-seisulaud-Lastevankrid-ja-karud-Lisavarustus-_3-681.jpg\",\"contentUrl\":\"https:\/\/beebipood.ee\/wp-content\/uploads\/2020\/08\/Cam-Dudu-istmega-seisulaud-Lastevankrid-ja-karud-Lisavarustus-_3-681.jpg\",\"width\":980,\"height\":899},{\"@type\":\"BreadcrumbList\",\"@id\":\"https:\/\/beebipood.ee\/ru\/produkt\/cam-dudu-istmega-seisulaud\/#breadcrumb\",\"itemListElement\":[{\"@type\":\"ListItem\",\"position\":1,\"name\":\"Home\",\"item\":\"https:\/\/beebipood.ee\/ru\/\"},{\"@type\":\"ListItem\",\"position\":2,\"name\":\"\u041a\u0430\u0442\u0430\u043b\u043e\u0433 \u0442\u043e\u0432\u0430\u0440\u043e\u0432\",\"item\":\"https:\/\/beebipood.ee\/tooted\/\"},{\"@type\":\"ListItem\",\"position\":3,\"name\":\"Cam Dudu istmega seisulaud\"}]},{\"@type\":\"WebSite\",\"@id\":\"https:\/\/beebipood.ee\/ru\/#website\",\"url\":\"https:\/\/beebipood.ee\/ru\/\",\"name\":\"Beebipood\",\"description\":\"Lastekaubad, beebikaubad, m\u00e4nguasjad\",\"publisher\":{\"@id\":\"https:\/\/beebipood.ee\/ru\/#organization\"},\"potentialAction\":[{\"@type\":\"SearchAction\",\"target\":{\"@type\":\"EntryPoint\",\"urlTemplate\":\"https:\/\/beebipood.ee\/ru\/?s={search_term_string}\"},\"query-input\":{\"@type\":\"PropertyValueSpecification\",\"valueRequired\":true,\"valueName\":\"search_term_string\"}}],\"inLanguage\":\"ru-RU\"},{\"@type\":\"Organization\",\"@id\":\"https:\/\/beebipood.ee\/ru\/#organization\",\"name\":\"Beebipood\",\"url\":\"https:\/\/beebipood.ee\/ru\/\",\"logo\":{\"@type\":\"ImageObject\",\"inLanguage\":\"ru-RU\",\"@id\":\"https:\/\/beebipood.ee\/ru\/#\/schema\/logo\/image\/\",\"url\":\"https:\/\/beebipood.ee\/wp-content\/uploads\/2025\/03\/beebipood.ee-logo-1.svg\",\"contentUrl\":\"https:\/\/beebipood.ee\/wp-content\/uploads\/2025\/03\/beebipood.ee-logo-1.svg\",\"caption\":\"Beebipood\"},\"image\":{\"@id\":\"https:\/\/beebipood.ee\/ru\/#\/schema\/logo\/image\/\"}}]}<\/script>\n<!-- \/ Yoast SEO plugin. -->","yoast_head_json":{"title":"Cam Dudu istmega seisulaud, \u041a\u043e\u043b\u044f\u0441\u043a\u0438, \u041f\u0440\u0438\u043d\u0430\u0434\u043b\u0435\u0436\u043d\u043e\u0441\u0442\u0438, Beebipood","description":"Cam Dudu istmega seisulaud, Vanema lapse jaoks m&otilde;eldud seisulaud, mis kinnitub enamus jalutusk&auml;rude v&otilde;i lapsevankrite k&uuml;lge.&lt;br","robots":{"index":"index","follow":"follow","max-snippet":"max-snippet:-1","max-image-preview":"max-image-preview:large","max-video-preview":"max-video-preview:-1"},"canonical":"https:\/\/beebipood.ee\/ru\/produkt\/cam-dudu-istmega-seisulaud\/","og_locale":"ru_RU","og_type":"article","og_title":"Cam Dudu istmega seisulaud, \u041a\u043e\u043b\u044f\u0441\u043a\u0438, \u041f\u0440\u0438\u043d\u0430\u0434\u043b\u0435\u0436\u043d\u043e\u0441\u0442\u0438, Beebipood","og_description":"Cam Dudu istmega seisulaud, Vanema lapse jaoks m&otilde;eldud seisulaud, mis kinnitub enamus jalutusk&auml;rude v&otilde;i lapsevankrite k&uuml;lge.&lt;br","og_url":"https:\/\/beebipood.ee\/ru\/produkt\/cam-dudu-istmega-seisulaud\/","og_site_name":"Beebipood","article_modified_time":"2025-01-09T08:48:19+00:00","og_image":[{"width":980,"height":899,"url":"https:\/\/beebipood.ee\/wp-content\/uploads\/2020\/08\/Cam-Dudu-istmega-seisulaud-Lastevankrid-ja-karud-Lisavarustus-_3-681.jpg","type":"image\/jpeg"}],"twitter_card":"summary_large_image","schema":{"@context":"https:\/\/schema.org","@graph":[{"@type":"WebPage","@id":"https:\/\/beebipood.ee\/ru\/produkt\/cam-dudu-istmega-seisulaud\/","url":"https:\/\/beebipood.ee\/ru\/produkt\/cam-dudu-istmega-seisulaud\/","name":"Cam Dudu istmega seisulaud, \u041a\u043e\u043b\u044f\u0441\u043a\u0438, \u041f\u0440\u0438\u043d\u0430\u0434\u043b\u0435\u0436\u043d\u043e\u0441\u0442\u0438, Beebipood","isPartOf":{"@id":"https:\/\/beebipood.ee\/ru\/#website"},"primaryImageOfPage":{"@id":"https:\/\/beebipood.ee\/ru\/produkt\/cam-dudu-istmega-seisulaud\/#primaryimage"},"image":{"@id":"https:\/\/beebipood.ee\/ru\/produkt\/cam-dudu-istmega-seisulaud\/#primaryimage"},"thumbnailUrl":"https:\/\/beebipood.ee\/wp-content\/uploads\/2020\/08\/Cam-Dudu-istmega-seisulaud-Lastevankrid-ja-karud-Lisavarustus-_3-681.jpg","datePublished":"2020-08-15T06:50:18+00:00","dateModified":"2025-01-09T08:48:19+00:00","description":"Cam Dudu istmega seisulaud, Vanema lapse jaoks m&otilde;eldud seisulaud, mis kinnitub enamus jalutusk&auml;rude v&otilde;i lapsevankrite k&uuml;lge.&lt;br","breadcrumb":{"@id":"https:\/\/beebipood.ee\/ru\/produkt\/cam-dudu-istmega-seisulaud\/#breadcrumb"},"inLanguage":"ru-RU","potentialAction":[{"@type":"ReadAction","target":["https:\/\/beebipood.ee\/ru\/produkt\/cam-dudu-istmega-seisulaud\/"]}]},{"@type":"ImageObject","inLanguage":"ru-RU","@id":"https:\/\/beebipood.ee\/ru\/produkt\/cam-dudu-istmega-seisulaud\/#primaryimage","url":"https:\/\/beebipood.ee\/wp-content\/uploads\/2020\/08\/Cam-Dudu-istmega-seisulaud-Lastevankrid-ja-karud-Lisavarustus-_3-681.jpg","contentUrl":"https:\/\/beebipood.ee\/wp-content\/uploads\/2020\/08\/Cam-Dudu-istmega-seisulaud-Lastevankrid-ja-karud-Lisavarustus-_3-681.jpg","width":980,"height":899},{"@type":"BreadcrumbList","@id":"https:\/\/beebipood.ee\/ru\/produkt\/cam-dudu-istmega-seisulaud\/#breadcrumb","itemListElement":[{"@type":"ListItem","position":1,"name":"Home","item":"https:\/\/beebipood.ee\/ru\/"},{"@type":"ListItem","position":2,"name":"\u041a\u0430\u0442\u0430\u043b\u043e\u0433 \u0442\u043e\u0432\u0430\u0440\u043e\u0432","item":"https:\/\/beebipood.ee\/tooted\/"},{"@type":"ListItem","position":3,"name":"Cam Dudu istmega seisulaud"}]},{"@type":"WebSite","@id":"https:\/\/beebipood.ee\/ru\/#website","url":"https:\/\/beebipood.ee\/ru\/","name":"Beebipood","description":"Lastekaubad, beebikaubad, m\u00e4nguasjad","publisher":{"@id":"https:\/\/beebipood.ee\/ru\/#organization"},"potentialAction":[{"@type":"SearchAction","target":{"@type":"EntryPoint","urlTemplate":"https:\/\/beebipood.ee\/ru\/?s={search_term_string}"},"query-input":{"@type":"PropertyValueSpecification","valueRequired":true,"valueName":"search_term_string"}}],"inLanguage":"ru-RU"},{"@type":"Organization","@id":"https:\/\/beebipood.ee\/ru\/#organization","name":"Beebipood","url":"https:\/\/beebipood.ee\/ru\/","logo":{"@type":"ImageObject","inLanguage":"ru-RU","@id":"https:\/\/beebipood.ee\/ru\/#\/schema\/logo\/image\/","url":"https:\/\/beebipood.ee\/wp-content\/uploads\/2025\/03\/beebipood.ee-logo-1.svg","contentUrl":"https:\/\/beebipood.ee\/wp-content\/uploads\/2025\/03\/beebipood.ee-logo-1.svg","caption":"Beebipood"},"image":{"@id":"https:\/\/beebipood.ee\/ru\/#\/schema\/logo\/image\/"}}]}},"brands":[{"id":11970,"name":"CAM","slug":"cam-ru"}],"_links":{"self":[{"href":"https:\/\/beebipood.ee\/ru\/wp-json\/wp\/v2\/product\/459475","targetHints":{"allow":["GET"]}}],"collection":[{"href":"https:\/\/beebipood.ee\/ru\/wp-json\/wp\/v2\/product"}],"about":[{"href":"https:\/\/beebipood.ee\/ru\/wp-json\/wp\/v2\/types\/product"}],"wp:featuredmedia":[{"embeddable":true,"href":"https:\/\/beebipood.ee\/ru\/wp-json\/wp\/v2\/media\/135536"}],"wp:attachment":[{"href":"https:\/\/beebipood.ee\/ru\/wp-json\/wp\/v2\/media?parent=459475"}],"wp:term":[{"taxonomy":"pwb-brand","embeddable":true,"href":"https:\/\/beebipood.ee\/ru\/wp-json\/wp\/v2\/pwb-brand?post=459475"},{"taxonomy":"product_brand","embeddable":true,"href":"https:\/\/beebipood.ee\/ru\/wp-json\/wp\/v2\/product_brand?post=459475"},{"taxonomy":"product_cat","embeddable":true,"href":"https:\/\/beebipood.ee\/ru\/wp-json\/wp\/v2\/product_cat?post=459475"},{"taxonomy":"product_tag","embeddable":true,"href":"https:\/\/beebipood.ee\/ru\/wp-json\/wp\/v2\/product_tag?post=459475"}],"curies":[{"name":"wp","href":"https:\/\/api.w.org\/{rel}","templated":true}]}}