{"id":459487,"date":"2020-08-19T09:47:35","date_gmt":"2020-08-19T06:47:35","guid":{"rendered":"https:\/\/beebipood.ee\/toode\/hauck-alpha-lamamistool-bouncer-deluxe-2in1-melange-grey\/"},"modified":"2025-01-09T10:48:19","modified_gmt":"2025-01-09T08:48:19","slug":"hauck-alpha-lamamistool-bouncer-deluxe-2in1-melange-grey","status":"publish","type":"product","link":"https:\/\/beebipood.ee\/ru\/produkt\/hauck-alpha-lamamistool-bouncer-deluxe-2in1-melange-grey\/","title":{"rendered":"Hauck Alpha+ lamamistool Bouncer Deluxe 2in1, Melange Grey"},"content":{"rendered":"<p>T\u00e4iuslik lisa Alpha + \/ Beta + puidust s\u00f6\u00f6gitoolidele. <\/p>\n<p>Ergonoomilise kujuga, pehme lamalistool on ideaalne teie vasts\u00fcndinule<br \/>Pehme polsterdusega istmepadi toetab teie lapse pead<br \/>K\u00fclgedel olevad polsterdused pakuvad beebile t\u00e4iendavat tuge <br \/>3-punkti turvav\u00f6\u00f6 hoiab pisikest kogu aeg turvalisena.<br \/>Ideaalne s\u00f6\u00f6tmiseks &#8212; asetage s\u00f6\u00f6gitool koos lamamistooli raamiga laua taha. <br \/>Koos Alpha Bouncer 2 in 1-ga saate Alpha + \/ Beta + puidust s\u00f6\u00f6gitooli kasutada alates s\u00fcnnist.<\/p>\n<p>Kasutus: alates 0 kuust kuni 9 kg<br \/>M\u00f5\u00f5dud: 65 x 47 x 69 cm<br \/>Kaal: 2,75 kg<\/p>\n","protected":false},"excerpt":{"rendered":"<p>T\u00e4iuslik lisa Alpha + \/ Beta + puidust s\u00f6\u00f6gitoolidele. Ergonoomilise kujuga, pehme lamalistool on ideaalne teie vasts\u00fcndinulePehme polsterdusega istmepadi toetab teie lapse peadK\u00fclgedel olevad polsterdused pakuvad beebile t\u00e4iendavat tuge 3-punkti turvav\u00f6\u00f6 hoiab pisikest kogu aeg turvalisena.Ideaalne s\u00f6\u00f6tmiseks &#8212; asetage s\u00f6\u00f6gitool koos lamamistooli raamiga laua taha. Koos Alpha Bouncer 2 in 1-ga saate Alpha + \/ [&hellip;]<\/p>\n","protected":false},"featured_media":135621,"template":"","meta":{"_acf_changed":false},"pwb-brand":[11952],"product_brand":[],"product_cat":[11879,11709],"product_tag":[],"class_list":{"0":"post-459487","1":"product","2":"type-product","3":"status-publish","4":"has-post-thumbnail","6":"pwb-brand-hauck-ru","7":"product_cat-lamamistoolid-ja-kiiged-ru","8":"product_cat-sootmistoolid-beebi-ja-lastetarbed-mahkimine-hugieen-ru","9":"pa_manufacturer-hauck-ru","11":"first","12":"onbackorder","13":"taxable","14":"shipping-taxable","15":"purchasable","16":"product-type-simple"},"exclude_global_add_ons":[],"addons":[],"acf":[],"yoast_head":"<!-- This site is optimized with the Yoast SEO plugin v27.1.1 - https:\/\/yoast.com\/product\/yoast-seo-wordpress\/ -->\n<title>Hauck Alpha+ lamamistool Bouncer Deluxe 2in1, Melange Grey, \u041d\u041e\u0412\u042b\u0415 \u0422\u041e\u0412\u0410\u0420\u042b, \u041f\u0440\u0438\u043d\u0430\u0434\u043b\u0435\u0436\u043d\u043e\u0441\u0442\u0438 \u0434\u043b\u044f \u043c\u043b\u0430\u0434\u0435\u043d\u0446\u0435\u0432, Lamamistoolid ja kiiged, Beebipood<\/title>\n<meta name=\"description\" content=\"Hauck Alpha+ lamamistool Bouncer Deluxe 2in1, Melange Grey, T&auml;iuslik lisa Alpha + \/ Beta + puidust s&ouml;&ouml;gitoolidele. Ergonoomilise k\" \/>\n<meta name=\"robots\" content=\"index, follow, max-snippet:-1, max-image-preview:large, max-video-preview:-1\" \/>\n<link rel=\"canonical\" href=\"https:\/\/beebipood.ee\/ru\/produkt\/hauck-alpha-lamamistool-bouncer-deluxe-2in1-melange-grey\/\" \/>\n<meta property=\"og:locale\" content=\"ru_RU\" \/>\n<meta property=\"og:type\" content=\"article\" \/>\n<meta property=\"og:title\" content=\"Hauck Alpha+ lamamistool Bouncer Deluxe 2in1, Melange Grey, \u041d\u041e\u0412\u042b\u0415 \u0422\u041e\u0412\u0410\u0420\u042b, \u041f\u0440\u0438\u043d\u0430\u0434\u043b\u0435\u0436\u043d\u043e\u0441\u0442\u0438 \u0434\u043b\u044f \u043c\u043b\u0430\u0434\u0435\u043d\u0446\u0435\u0432, Lamamistoolid ja kiiged, Beebipood\" \/>\n<meta property=\"og:description\" content=\"Hauck Alpha+ lamamistool Bouncer Deluxe 2in1, Melange Grey, T&auml;iuslik lisa Alpha + \/ Beta + puidust s&ouml;&ouml;gitoolidele. Ergonoomilise k\" \/>\n<meta property=\"og:url\" content=\"https:\/\/beebipood.ee\/ru\/produkt\/hauck-alpha-lamamistool-bouncer-deluxe-2in1-melange-grey\/\" \/>\n<meta property=\"og:site_name\" content=\"Beebipood\" \/>\n<meta property=\"article:modified_time\" content=\"2025-01-09T08:48:19+00:00\" \/>\n<meta property=\"og:image\" content=\"https:\/\/beebipood.ee\/wp-content\/uploads\/2020\/08\/Hauck-Alpha-lamamistool-Bouncer-Deluxe-2in1-Melange-Grey-UUED-TOOTED-Beebi-ja-lastetarbed-Lamamistoolid-ja-kiiged_4-4d0.jpg\" \/>\n\t<meta property=\"og:image:width\" content=\"1280\" \/>\n\t<meta property=\"og:image:height\" content=\"1280\" \/>\n\t<meta property=\"og:image:type\" content=\"image\/jpeg\" \/>\n<meta name=\"twitter:card\" content=\"summary_large_image\" \/>\n<script type=\"application\/ld+json\" class=\"yoast-schema-graph\">{\"@context\":\"https:\/\/schema.org\",\"@graph\":[{\"@type\":\"WebPage\",\"@id\":\"https:\/\/beebipood.ee\/ru\/produkt\/hauck-alpha-lamamistool-bouncer-deluxe-2in1-melange-grey\/\",\"url\":\"https:\/\/beebipood.ee\/ru\/produkt\/hauck-alpha-lamamistool-bouncer-deluxe-2in1-melange-grey\/\",\"name\":\"Hauck Alpha+ lamamistool Bouncer Deluxe 2in1, Melange Grey, \u041d\u041e\u0412\u042b\u0415 \u0422\u041e\u0412\u0410\u0420\u042b, \u041f\u0440\u0438\u043d\u0430\u0434\u043b\u0435\u0436\u043d\u043e\u0441\u0442\u0438 \u0434\u043b\u044f \u043c\u043b\u0430\u0434\u0435\u043d\u0446\u0435\u0432, Lamamistoolid ja kiiged, Beebipood\",\"isPartOf\":{\"@id\":\"https:\/\/beebipood.ee\/ru\/#website\"},\"primaryImageOfPage\":{\"@id\":\"https:\/\/beebipood.ee\/ru\/produkt\/hauck-alpha-lamamistool-bouncer-deluxe-2in1-melange-grey\/#primaryimage\"},\"image\":{\"@id\":\"https:\/\/beebipood.ee\/ru\/produkt\/hauck-alpha-lamamistool-bouncer-deluxe-2in1-melange-grey\/#primaryimage\"},\"thumbnailUrl\":\"https:\/\/beebipood.ee\/wp-content\/uploads\/2020\/08\/Hauck-Alpha-lamamistool-Bouncer-Deluxe-2in1-Melange-Grey-UUED-TOOTED-Beebi-ja-lastetarbed-Lamamistoolid-ja-kiiged_4-4d0.jpg\",\"datePublished\":\"2020-08-19T06:47:35+00:00\",\"dateModified\":\"2025-01-09T08:48:19+00:00\",\"description\":\"Hauck Alpha+ lamamistool Bouncer Deluxe 2in1, Melange Grey, T&auml;iuslik lisa Alpha + \/ Beta + puidust s&ouml;&ouml;gitoolidele. Ergonoomilise k\",\"breadcrumb\":{\"@id\":\"https:\/\/beebipood.ee\/ru\/produkt\/hauck-alpha-lamamistool-bouncer-deluxe-2in1-melange-grey\/#breadcrumb\"},\"inLanguage\":\"ru-RU\",\"potentialAction\":[{\"@type\":\"ReadAction\",\"target\":[\"https:\/\/beebipood.ee\/ru\/produkt\/hauck-alpha-lamamistool-bouncer-deluxe-2in1-melange-grey\/\"]}]},{\"@type\":\"ImageObject\",\"inLanguage\":\"ru-RU\",\"@id\":\"https:\/\/beebipood.ee\/ru\/produkt\/hauck-alpha-lamamistool-bouncer-deluxe-2in1-melange-grey\/#primaryimage\",\"url\":\"https:\/\/beebipood.ee\/wp-content\/uploads\/2020\/08\/Hauck-Alpha-lamamistool-Bouncer-Deluxe-2in1-Melange-Grey-UUED-TOOTED-Beebi-ja-lastetarbed-Lamamistoolid-ja-kiiged_4-4d0.jpg\",\"contentUrl\":\"https:\/\/beebipood.ee\/wp-content\/uploads\/2020\/08\/Hauck-Alpha-lamamistool-Bouncer-Deluxe-2in1-Melange-Grey-UUED-TOOTED-Beebi-ja-lastetarbed-Lamamistoolid-ja-kiiged_4-4d0.jpg\",\"width\":1280,\"height\":1280},{\"@type\":\"BreadcrumbList\",\"@id\":\"https:\/\/beebipood.ee\/ru\/produkt\/hauck-alpha-lamamistool-bouncer-deluxe-2in1-melange-grey\/#breadcrumb\",\"itemListElement\":[{\"@type\":\"ListItem\",\"position\":1,\"name\":\"Home\",\"item\":\"https:\/\/beebipood.ee\/ru\/\"},{\"@type\":\"ListItem\",\"position\":2,\"name\":\"\u041a\u0430\u0442\u0430\u043b\u043e\u0433 \u0442\u043e\u0432\u0430\u0440\u043e\u0432\",\"item\":\"https:\/\/beebipood.ee\/tooted\/\"},{\"@type\":\"ListItem\",\"position\":3,\"name\":\"Hauck Alpha+ lamamistool Bouncer Deluxe 2in1, Melange Grey\"}]},{\"@type\":\"WebSite\",\"@id\":\"https:\/\/beebipood.ee\/ru\/#website\",\"url\":\"https:\/\/beebipood.ee\/ru\/\",\"name\":\"Beebipood\",\"description\":\"Lastekaubad, beebikaubad, m\u00e4nguasjad\",\"publisher\":{\"@id\":\"https:\/\/beebipood.ee\/ru\/#organization\"},\"potentialAction\":[{\"@type\":\"SearchAction\",\"target\":{\"@type\":\"EntryPoint\",\"urlTemplate\":\"https:\/\/beebipood.ee\/ru\/?s={search_term_string}\"},\"query-input\":{\"@type\":\"PropertyValueSpecification\",\"valueRequired\":true,\"valueName\":\"search_term_string\"}}],\"inLanguage\":\"ru-RU\"},{\"@type\":\"Organization\",\"@id\":\"https:\/\/beebipood.ee\/ru\/#organization\",\"name\":\"Beebipood\",\"url\":\"https:\/\/beebipood.ee\/ru\/\",\"logo\":{\"@type\":\"ImageObject\",\"inLanguage\":\"ru-RU\",\"@id\":\"https:\/\/beebipood.ee\/ru\/#\/schema\/logo\/image\/\",\"url\":\"https:\/\/beebipood.ee\/wp-content\/uploads\/2025\/03\/beebipood.ee-logo-1.svg\",\"contentUrl\":\"https:\/\/beebipood.ee\/wp-content\/uploads\/2025\/03\/beebipood.ee-logo-1.svg\",\"caption\":\"Beebipood\"},\"image\":{\"@id\":\"https:\/\/beebipood.ee\/ru\/#\/schema\/logo\/image\/\"}}]}<\/script>\n<!-- \/ Yoast SEO plugin. -->","yoast_head_json":{"title":"Hauck Alpha+ lamamistool Bouncer Deluxe 2in1, Melange Grey, \u041d\u041e\u0412\u042b\u0415 \u0422\u041e\u0412\u0410\u0420\u042b, \u041f\u0440\u0438\u043d\u0430\u0434\u043b\u0435\u0436\u043d\u043e\u0441\u0442\u0438 \u0434\u043b\u044f \u043c\u043b\u0430\u0434\u0435\u043d\u0446\u0435\u0432, Lamamistoolid ja kiiged, Beebipood","description":"Hauck Alpha+ lamamistool Bouncer Deluxe 2in1, Melange Grey, T&auml;iuslik lisa Alpha + \/ Beta + puidust s&ouml;&ouml;gitoolidele. Ergonoomilise k","robots":{"index":"index","follow":"follow","max-snippet":"max-snippet:-1","max-image-preview":"max-image-preview:large","max-video-preview":"max-video-preview:-1"},"canonical":"https:\/\/beebipood.ee\/ru\/produkt\/hauck-alpha-lamamistool-bouncer-deluxe-2in1-melange-grey\/","og_locale":"ru_RU","og_type":"article","og_title":"Hauck Alpha+ lamamistool Bouncer Deluxe 2in1, Melange Grey, \u041d\u041e\u0412\u042b\u0415 \u0422\u041e\u0412\u0410\u0420\u042b, \u041f\u0440\u0438\u043d\u0430\u0434\u043b\u0435\u0436\u043d\u043e\u0441\u0442\u0438 \u0434\u043b\u044f \u043c\u043b\u0430\u0434\u0435\u043d\u0446\u0435\u0432, Lamamistoolid ja kiiged, Beebipood","og_description":"Hauck Alpha+ lamamistool Bouncer Deluxe 2in1, Melange Grey, T&auml;iuslik lisa Alpha + \/ Beta + puidust s&ouml;&ouml;gitoolidele. Ergonoomilise k","og_url":"https:\/\/beebipood.ee\/ru\/produkt\/hauck-alpha-lamamistool-bouncer-deluxe-2in1-melange-grey\/","og_site_name":"Beebipood","article_modified_time":"2025-01-09T08:48:19+00:00","og_image":[{"width":1280,"height":1280,"url":"https:\/\/beebipood.ee\/wp-content\/uploads\/2020\/08\/Hauck-Alpha-lamamistool-Bouncer-Deluxe-2in1-Melange-Grey-UUED-TOOTED-Beebi-ja-lastetarbed-Lamamistoolid-ja-kiiged_4-4d0.jpg","type":"image\/jpeg"}],"twitter_card":"summary_large_image","schema":{"@context":"https:\/\/schema.org","@graph":[{"@type":"WebPage","@id":"https:\/\/beebipood.ee\/ru\/produkt\/hauck-alpha-lamamistool-bouncer-deluxe-2in1-melange-grey\/","url":"https:\/\/beebipood.ee\/ru\/produkt\/hauck-alpha-lamamistool-bouncer-deluxe-2in1-melange-grey\/","name":"Hauck Alpha+ lamamistool Bouncer Deluxe 2in1, Melange Grey, \u041d\u041e\u0412\u042b\u0415 \u0422\u041e\u0412\u0410\u0420\u042b, \u041f\u0440\u0438\u043d\u0430\u0434\u043b\u0435\u0436\u043d\u043e\u0441\u0442\u0438 \u0434\u043b\u044f \u043c\u043b\u0430\u0434\u0435\u043d\u0446\u0435\u0432, Lamamistoolid ja kiiged, Beebipood","isPartOf":{"@id":"https:\/\/beebipood.ee\/ru\/#website"},"primaryImageOfPage":{"@id":"https:\/\/beebipood.ee\/ru\/produkt\/hauck-alpha-lamamistool-bouncer-deluxe-2in1-melange-grey\/#primaryimage"},"image":{"@id":"https:\/\/beebipood.ee\/ru\/produkt\/hauck-alpha-lamamistool-bouncer-deluxe-2in1-melange-grey\/#primaryimage"},"thumbnailUrl":"https:\/\/beebipood.ee\/wp-content\/uploads\/2020\/08\/Hauck-Alpha-lamamistool-Bouncer-Deluxe-2in1-Melange-Grey-UUED-TOOTED-Beebi-ja-lastetarbed-Lamamistoolid-ja-kiiged_4-4d0.jpg","datePublished":"2020-08-19T06:47:35+00:00","dateModified":"2025-01-09T08:48:19+00:00","description":"Hauck Alpha+ lamamistool Bouncer Deluxe 2in1, Melange Grey, T&auml;iuslik lisa Alpha + \/ Beta + puidust s&ouml;&ouml;gitoolidele. Ergonoomilise k","breadcrumb":{"@id":"https:\/\/beebipood.ee\/ru\/produkt\/hauck-alpha-lamamistool-bouncer-deluxe-2in1-melange-grey\/#breadcrumb"},"inLanguage":"ru-RU","potentialAction":[{"@type":"ReadAction","target":["https:\/\/beebipood.ee\/ru\/produkt\/hauck-alpha-lamamistool-bouncer-deluxe-2in1-melange-grey\/"]}]},{"@type":"ImageObject","inLanguage":"ru-RU","@id":"https:\/\/beebipood.ee\/ru\/produkt\/hauck-alpha-lamamistool-bouncer-deluxe-2in1-melange-grey\/#primaryimage","url":"https:\/\/beebipood.ee\/wp-content\/uploads\/2020\/08\/Hauck-Alpha-lamamistool-Bouncer-Deluxe-2in1-Melange-Grey-UUED-TOOTED-Beebi-ja-lastetarbed-Lamamistoolid-ja-kiiged_4-4d0.jpg","contentUrl":"https:\/\/beebipood.ee\/wp-content\/uploads\/2020\/08\/Hauck-Alpha-lamamistool-Bouncer-Deluxe-2in1-Melange-Grey-UUED-TOOTED-Beebi-ja-lastetarbed-Lamamistoolid-ja-kiiged_4-4d0.jpg","width":1280,"height":1280},{"@type":"BreadcrumbList","@id":"https:\/\/beebipood.ee\/ru\/produkt\/hauck-alpha-lamamistool-bouncer-deluxe-2in1-melange-grey\/#breadcrumb","itemListElement":[{"@type":"ListItem","position":1,"name":"Home","item":"https:\/\/beebipood.ee\/ru\/"},{"@type":"ListItem","position":2,"name":"\u041a\u0430\u0442\u0430\u043b\u043e\u0433 \u0442\u043e\u0432\u0430\u0440\u043e\u0432","item":"https:\/\/beebipood.ee\/tooted\/"},{"@type":"ListItem","position":3,"name":"Hauck Alpha+ lamamistool Bouncer Deluxe 2in1, Melange Grey"}]},{"@type":"WebSite","@id":"https:\/\/beebipood.ee\/ru\/#website","url":"https:\/\/beebipood.ee\/ru\/","name":"Beebipood","description":"Lastekaubad, beebikaubad, m\u00e4nguasjad","publisher":{"@id":"https:\/\/beebipood.ee\/ru\/#organization"},"potentialAction":[{"@type":"SearchAction","target":{"@type":"EntryPoint","urlTemplate":"https:\/\/beebipood.ee\/ru\/?s={search_term_string}"},"query-input":{"@type":"PropertyValueSpecification","valueRequired":true,"valueName":"search_term_string"}}],"inLanguage":"ru-RU"},{"@type":"Organization","@id":"https:\/\/beebipood.ee\/ru\/#organization","name":"Beebipood","url":"https:\/\/beebipood.ee\/ru\/","logo":{"@type":"ImageObject","inLanguage":"ru-RU","@id":"https:\/\/beebipood.ee\/ru\/#\/schema\/logo\/image\/","url":"https:\/\/beebipood.ee\/wp-content\/uploads\/2025\/03\/beebipood.ee-logo-1.svg","contentUrl":"https:\/\/beebipood.ee\/wp-content\/uploads\/2025\/03\/beebipood.ee-logo-1.svg","caption":"Beebipood"},"image":{"@id":"https:\/\/beebipood.ee\/ru\/#\/schema\/logo\/image\/"}}]}},"brands":[{"id":11952,"name":"Hauck","slug":"hauck-ru"}],"_links":{"self":[{"href":"https:\/\/beebipood.ee\/ru\/wp-json\/wp\/v2\/product\/459487","targetHints":{"allow":["GET"]}}],"collection":[{"href":"https:\/\/beebipood.ee\/ru\/wp-json\/wp\/v2\/product"}],"about":[{"href":"https:\/\/beebipood.ee\/ru\/wp-json\/wp\/v2\/types\/product"}],"wp:featuredmedia":[{"embeddable":true,"href":"https:\/\/beebipood.ee\/ru\/wp-json\/wp\/v2\/media\/135621"}],"wp:attachment":[{"href":"https:\/\/beebipood.ee\/ru\/wp-json\/wp\/v2\/media?parent=459487"}],"wp:term":[{"taxonomy":"pwb-brand","embeddable":true,"href":"https:\/\/beebipood.ee\/ru\/wp-json\/wp\/v2\/pwb-brand?post=459487"},{"taxonomy":"product_brand","embeddable":true,"href":"https:\/\/beebipood.ee\/ru\/wp-json\/wp\/v2\/product_brand?post=459487"},{"taxonomy":"product_cat","embeddable":true,"href":"https:\/\/beebipood.ee\/ru\/wp-json\/wp\/v2\/product_cat?post=459487"},{"taxonomy":"product_tag","embeddable":true,"href":"https:\/\/beebipood.ee\/ru\/wp-json\/wp\/v2\/product_tag?post=459487"}],"curies":[{"name":"wp","href":"https:\/\/api.w.org\/{rel}","templated":true}]}}