{"id":459501,"date":"2020-08-26T06:38:28","date_gmt":"2020-08-26T03:38:28","guid":{"rendered":"https:\/\/beebipood.ee\/toode\/snap-kirjutuslaud-sahtlikapiga-valge\/"},"modified":"2025-01-09T10:48:18","modified_gmt":"2025-01-09T08:48:18","slug":"snap-kirjutuslaud-sahtlikapiga-valge","status":"publish","type":"product","link":"https:\/\/beebipood.ee\/ru\/produkt\/snap-kirjutuslaud-sahtlikapiga-valge\/","title":{"rendered":"Snap kirjutuslaud sahtlikapiga, valge"},"content":{"rendered":"<ul>\n<li>valmistatud p\u00f6\u00f6gi puidust, MDF&#8217;st ja\u00a0melamiinist<\/li>\n<li>viimistlus:\u00a0<span>valge \/ p\u00f6\u00f6k<\/span><\/li>\n<li>sobib nii poisi kui t\u00fcdruku tuppa<\/li>\n<li>valmistamisel on kasutatud kaasaegset tehnoloogiat ja A-klass tarvikuid ning furnituure<\/li>\n<li>parim toode perele kes hindab kvaliteeti ning disaini<\/li>\n<li>sahtlikapil on kaks sahtlit<\/li>\n<li>sahtlid on varustatud aeglaselt sulguvate furnituuridega<\/li>\n<li>sahtlikappi saab panna nii paremale kui vasakule poole<\/li>\n<li>viimistlemisel on kasutatud ainult sertifitseeritud orgaanilisi v\u00e4rve<\/li>\n<li>toode vastab k\u00f5ikidele\u00a0<span>EN turvastandarditele<\/span><\/li>\n<\/ul>\n","protected":false},"excerpt":{"rendered":"<p>valmistatud p\u00f6\u00f6gi puidust, MDF&#8217;st ja\u00a0melamiinist viimistlus:\u00a0valge \/ p\u00f6\u00f6k sobib nii poisi kui t\u00fcdruku tuppa valmistamisel on kasutatud kaasaegset tehnoloogiat ja A-klass tarvikuid ning furnituure parim toode perele kes hindab kvaliteeti ning disaini sahtlikapil on kaks sahtlit sahtlid on varustatud aeglaselt sulguvate furnituuridega sahtlikappi saab panna nii paremale kui vasakule poole viimistlemisel on kasutatud ainult sertifitseeritud [&hellip;]<\/p>\n","protected":false},"featured_media":135664,"template":"","meta":{"_acf_changed":false},"pwb-brand":[],"product_brand":[],"product_cat":[11647,11659,11789],"product_tag":[],"class_list":{"0":"post-459501","1":"product","2":"type-product","3":"status-publish","4":"has-post-thumbnail","6":"product_cat-lastelauad-toolid-arvuti-ja-kirjutuslauad-ru","7":"product_cat-kirjutuslauad-ru","8":"product_cat-lastemoobel-ja-sisustus-ru","10":"first","11":"onbackorder","12":"sale","13":"taxable","14":"shipping-taxable","15":"purchasable","16":"product-type-simple"},"exclude_global_add_ons":[],"addons":[],"acf":[],"yoast_head":"<!-- This site is optimized with the Yoast SEO plugin v27.3 - https:\/\/yoast.com\/product\/yoast-seo-wordpress\/ -->\n<title>Snap kirjutuslaud sahtlikapiga, valge, \u0414\u0435\u0442\u0441\u043a\u0438\u0435 \u0441\u0442\u043e\u043b\u044b, \u0441\u0442\u0443\u043b\u044c\u044f, \u043f\u0438\u0441\u044c\u043c\u0435\u043d\u043d\u044b\u0435 \u0441\u0442\u043e\u043b\u044b, \u041f\u0438\u0441\u044c\u043c\u0435\u043d\u043d\u044b\u0439 \u0441\u0442\u043e\u043b , M\u0435\u0431\u0435\u043b\u044c, Beebipood<\/title>\n<meta name=\"description\" content=\"Snap kirjutuslaud sahtlikapiga, valge, valmistatud p&ouml;&ouml;gi puidust, MDF&#039;st ja&nbsp;melamiinist viimistlus:&nbsp;valge \/ p&amp;ouml\" \/>\n<meta name=\"robots\" content=\"index, follow, max-snippet:-1, max-image-preview:large, max-video-preview:-1\" \/>\n<link rel=\"canonical\" href=\"https:\/\/beebipood.ee\/ru\/produkt\/snap-kirjutuslaud-sahtlikapiga-valge\/\" \/>\n<meta property=\"og:locale\" content=\"ru_RU\" \/>\n<meta property=\"og:type\" content=\"article\" \/>\n<meta property=\"og:title\" content=\"Snap kirjutuslaud sahtlikapiga, valge, \u0414\u0435\u0442\u0441\u043a\u0438\u0435 \u0441\u0442\u043e\u043b\u044b, \u0441\u0442\u0443\u043b\u044c\u044f, \u043f\u0438\u0441\u044c\u043c\u0435\u043d\u043d\u044b\u0435 \u0441\u0442\u043e\u043b\u044b, \u041f\u0438\u0441\u044c\u043c\u0435\u043d\u043d\u044b\u0439 \u0441\u0442\u043e\u043b , M\u0435\u0431\u0435\u043b\u044c, Beebipood\" \/>\n<meta property=\"og:description\" content=\"Snap kirjutuslaud sahtlikapiga, valge, valmistatud p&ouml;&ouml;gi puidust, MDF&#039;st ja&nbsp;melamiinist viimistlus:&nbsp;valge \/ p&amp;ouml\" \/>\n<meta property=\"og:url\" content=\"https:\/\/beebipood.ee\/ru\/produkt\/snap-kirjutuslaud-sahtlikapiga-valge\/\" \/>\n<meta property=\"og:site_name\" content=\"Beebipood\" \/>\n<meta property=\"article:modified_time\" content=\"2025-01-09T08:48:18+00:00\" \/>\n<meta property=\"og:image\" content=\"https:\/\/beebipood.ee\/wp-content\/uploads\/2020\/08\/Snap-kirjutuslaud-sahtlikapiga-valge-UUED-TOOTED-Lastelauad-toolid-Arvutija-kirjutuslauad-Kirjutuslauad-Lastemoobel-ja-sisustus_1-7e2.jpg\" \/>\n\t<meta property=\"og:image:width\" content=\"1417\" \/>\n\t<meta property=\"og:image:height\" content=\"1240\" \/>\n\t<meta property=\"og:image:type\" content=\"image\/jpeg\" \/>\n<meta name=\"twitter:card\" content=\"summary_large_image\" \/>\n<script type=\"application\/ld+json\" class=\"yoast-schema-graph\">{\"@context\":\"https:\\\/\\\/schema.org\",\"@graph\":[{\"@type\":\"WebPage\",\"@id\":\"https:\\\/\\\/beebipood.ee\\\/ru\\\/produkt\\\/snap-kirjutuslaud-sahtlikapiga-valge\\\/\",\"url\":\"https:\\\/\\\/beebipood.ee\\\/ru\\\/produkt\\\/snap-kirjutuslaud-sahtlikapiga-valge\\\/\",\"name\":\"Snap kirjutuslaud sahtlikapiga, valge, \u0414\u0435\u0442\u0441\u043a\u0438\u0435 \u0441\u0442\u043e\u043b\u044b, \u0441\u0442\u0443\u043b\u044c\u044f, \u043f\u0438\u0441\u044c\u043c\u0435\u043d\u043d\u044b\u0435 \u0441\u0442\u043e\u043b\u044b, \u041f\u0438\u0441\u044c\u043c\u0435\u043d\u043d\u044b\u0439 \u0441\u0442\u043e\u043b , M\u0435\u0431\u0435\u043b\u044c, Beebipood\",\"isPartOf\":{\"@id\":\"https:\\\/\\\/beebipood.ee\\\/ru\\\/#website\"},\"primaryImageOfPage\":{\"@id\":\"https:\\\/\\\/beebipood.ee\\\/ru\\\/produkt\\\/snap-kirjutuslaud-sahtlikapiga-valge\\\/#primaryimage\"},\"image\":{\"@id\":\"https:\\\/\\\/beebipood.ee\\\/ru\\\/produkt\\\/snap-kirjutuslaud-sahtlikapiga-valge\\\/#primaryimage\"},\"thumbnailUrl\":\"https:\\\/\\\/beebipood.ee\\\/wp-content\\\/uploads\\\/2020\\\/08\\\/Snap-kirjutuslaud-sahtlikapiga-valge-UUED-TOOTED-Lastelauad-toolid-Arvutija-kirjutuslauad-Kirjutuslauad-Lastemoobel-ja-sisustus_1-7e2.jpg\",\"datePublished\":\"2020-08-26T03:38:28+00:00\",\"dateModified\":\"2025-01-09T08:48:18+00:00\",\"description\":\"Snap kirjutuslaud sahtlikapiga, valge, valmistatud p&ouml;&ouml;gi puidust, MDF'st ja&nbsp;melamiinist viimistlus:&nbsp;valge \\\/ p&ouml\",\"breadcrumb\":{\"@id\":\"https:\\\/\\\/beebipood.ee\\\/ru\\\/produkt\\\/snap-kirjutuslaud-sahtlikapiga-valge\\\/#breadcrumb\"},\"inLanguage\":\"ru-RU\",\"potentialAction\":[{\"@type\":\"ReadAction\",\"target\":[\"https:\\\/\\\/beebipood.ee\\\/ru\\\/produkt\\\/snap-kirjutuslaud-sahtlikapiga-valge\\\/\"]}]},{\"@type\":\"ImageObject\",\"inLanguage\":\"ru-RU\",\"@id\":\"https:\\\/\\\/beebipood.ee\\\/ru\\\/produkt\\\/snap-kirjutuslaud-sahtlikapiga-valge\\\/#primaryimage\",\"url\":\"https:\\\/\\\/beebipood.ee\\\/wp-content\\\/uploads\\\/2020\\\/08\\\/Snap-kirjutuslaud-sahtlikapiga-valge-UUED-TOOTED-Lastelauad-toolid-Arvutija-kirjutuslauad-Kirjutuslauad-Lastemoobel-ja-sisustus_1-7e2.jpg\",\"contentUrl\":\"https:\\\/\\\/beebipood.ee\\\/wp-content\\\/uploads\\\/2020\\\/08\\\/Snap-kirjutuslaud-sahtlikapiga-valge-UUED-TOOTED-Lastelauad-toolid-Arvutija-kirjutuslauad-Kirjutuslauad-Lastemoobel-ja-sisustus_1-7e2.jpg\",\"width\":1417,\"height\":1240},{\"@type\":\"BreadcrumbList\",\"@id\":\"https:\\\/\\\/beebipood.ee\\\/ru\\\/produkt\\\/snap-kirjutuslaud-sahtlikapiga-valge\\\/#breadcrumb\",\"itemListElement\":[{\"@type\":\"ListItem\",\"position\":1,\"name\":\"Home\",\"item\":\"https:\\\/\\\/beebipood.ee\\\/ru\\\/\"},{\"@type\":\"ListItem\",\"position\":2,\"name\":\"\u041a\u0430\u0442\u0430\u043b\u043e\u0433 \u0442\u043e\u0432\u0430\u0440\u043e\u0432\",\"item\":\"https:\\\/\\\/beebipood.ee\\\/tooted\\\/\"},{\"@type\":\"ListItem\",\"position\":3,\"name\":\"Snap kirjutuslaud sahtlikapiga, valge\"}]},{\"@type\":\"WebSite\",\"@id\":\"https:\\\/\\\/beebipood.ee\\\/ru\\\/#website\",\"url\":\"https:\\\/\\\/beebipood.ee\\\/ru\\\/\",\"name\":\"Beebipood\",\"description\":\"Lastekaubad, beebikaubad, m\u00e4nguasjad\",\"publisher\":{\"@id\":\"https:\\\/\\\/beebipood.ee\\\/ru\\\/#organization\"},\"potentialAction\":[{\"@type\":\"SearchAction\",\"target\":{\"@type\":\"EntryPoint\",\"urlTemplate\":\"https:\\\/\\\/beebipood.ee\\\/ru\\\/?s={search_term_string}\"},\"query-input\":{\"@type\":\"PropertyValueSpecification\",\"valueRequired\":true,\"valueName\":\"search_term_string\"}}],\"inLanguage\":\"ru-RU\"},{\"@type\":\"Organization\",\"@id\":\"https:\\\/\\\/beebipood.ee\\\/ru\\\/#organization\",\"name\":\"Beebipood\",\"url\":\"https:\\\/\\\/beebipood.ee\\\/ru\\\/\",\"logo\":{\"@type\":\"ImageObject\",\"inLanguage\":\"ru-RU\",\"@id\":\"https:\\\/\\\/beebipood.ee\\\/ru\\\/#\\\/schema\\\/logo\\\/image\\\/\",\"url\":\"https:\\\/\\\/beebipood.ee\\\/wp-content\\\/uploads\\\/2025\\\/03\\\/beebipood.ee-logo-1.svg\",\"contentUrl\":\"https:\\\/\\\/beebipood.ee\\\/wp-content\\\/uploads\\\/2025\\\/03\\\/beebipood.ee-logo-1.svg\",\"caption\":\"Beebipood\"},\"image\":{\"@id\":\"https:\\\/\\\/beebipood.ee\\\/ru\\\/#\\\/schema\\\/logo\\\/image\\\/\"}}]}<\/script>\n<!-- \/ Yoast SEO plugin. -->","yoast_head_json":{"title":"Snap kirjutuslaud sahtlikapiga, valge, \u0414\u0435\u0442\u0441\u043a\u0438\u0435 \u0441\u0442\u043e\u043b\u044b, \u0441\u0442\u0443\u043b\u044c\u044f, \u043f\u0438\u0441\u044c\u043c\u0435\u043d\u043d\u044b\u0435 \u0441\u0442\u043e\u043b\u044b, \u041f\u0438\u0441\u044c\u043c\u0435\u043d\u043d\u044b\u0439 \u0441\u0442\u043e\u043b , M\u0435\u0431\u0435\u043b\u044c, Beebipood","description":"Snap kirjutuslaud sahtlikapiga, valge, valmistatud p&ouml;&ouml;gi puidust, MDF'st ja&nbsp;melamiinist viimistlus:&nbsp;valge \/ p&ouml","robots":{"index":"index","follow":"follow","max-snippet":"max-snippet:-1","max-image-preview":"max-image-preview:large","max-video-preview":"max-video-preview:-1"},"canonical":"https:\/\/beebipood.ee\/ru\/produkt\/snap-kirjutuslaud-sahtlikapiga-valge\/","og_locale":"ru_RU","og_type":"article","og_title":"Snap kirjutuslaud sahtlikapiga, valge, \u0414\u0435\u0442\u0441\u043a\u0438\u0435 \u0441\u0442\u043e\u043b\u044b, \u0441\u0442\u0443\u043b\u044c\u044f, \u043f\u0438\u0441\u044c\u043c\u0435\u043d\u043d\u044b\u0435 \u0441\u0442\u043e\u043b\u044b, \u041f\u0438\u0441\u044c\u043c\u0435\u043d\u043d\u044b\u0439 \u0441\u0442\u043e\u043b , M\u0435\u0431\u0435\u043b\u044c, Beebipood","og_description":"Snap kirjutuslaud sahtlikapiga, valge, valmistatud p&ouml;&ouml;gi puidust, MDF'st ja&nbsp;melamiinist viimistlus:&nbsp;valge \/ p&ouml","og_url":"https:\/\/beebipood.ee\/ru\/produkt\/snap-kirjutuslaud-sahtlikapiga-valge\/","og_site_name":"Beebipood","article_modified_time":"2025-01-09T08:48:18+00:00","og_image":[{"width":1417,"height":1240,"url":"https:\/\/beebipood.ee\/wp-content\/uploads\/2020\/08\/Snap-kirjutuslaud-sahtlikapiga-valge-UUED-TOOTED-Lastelauad-toolid-Arvutija-kirjutuslauad-Kirjutuslauad-Lastemoobel-ja-sisustus_1-7e2.jpg","type":"image\/jpeg"}],"twitter_card":"summary_large_image","schema":{"@context":"https:\/\/schema.org","@graph":[{"@type":"WebPage","@id":"https:\/\/beebipood.ee\/ru\/produkt\/snap-kirjutuslaud-sahtlikapiga-valge\/","url":"https:\/\/beebipood.ee\/ru\/produkt\/snap-kirjutuslaud-sahtlikapiga-valge\/","name":"Snap kirjutuslaud sahtlikapiga, valge, \u0414\u0435\u0442\u0441\u043a\u0438\u0435 \u0441\u0442\u043e\u043b\u044b, \u0441\u0442\u0443\u043b\u044c\u044f, \u043f\u0438\u0441\u044c\u043c\u0435\u043d\u043d\u044b\u0435 \u0441\u0442\u043e\u043b\u044b, \u041f\u0438\u0441\u044c\u043c\u0435\u043d\u043d\u044b\u0439 \u0441\u0442\u043e\u043b , M\u0435\u0431\u0435\u043b\u044c, Beebipood","isPartOf":{"@id":"https:\/\/beebipood.ee\/ru\/#website"},"primaryImageOfPage":{"@id":"https:\/\/beebipood.ee\/ru\/produkt\/snap-kirjutuslaud-sahtlikapiga-valge\/#primaryimage"},"image":{"@id":"https:\/\/beebipood.ee\/ru\/produkt\/snap-kirjutuslaud-sahtlikapiga-valge\/#primaryimage"},"thumbnailUrl":"https:\/\/beebipood.ee\/wp-content\/uploads\/2020\/08\/Snap-kirjutuslaud-sahtlikapiga-valge-UUED-TOOTED-Lastelauad-toolid-Arvutija-kirjutuslauad-Kirjutuslauad-Lastemoobel-ja-sisustus_1-7e2.jpg","datePublished":"2020-08-26T03:38:28+00:00","dateModified":"2025-01-09T08:48:18+00:00","description":"Snap kirjutuslaud sahtlikapiga, valge, valmistatud p&ouml;&ouml;gi puidust, MDF'st ja&nbsp;melamiinist viimistlus:&nbsp;valge \/ p&ouml","breadcrumb":{"@id":"https:\/\/beebipood.ee\/ru\/produkt\/snap-kirjutuslaud-sahtlikapiga-valge\/#breadcrumb"},"inLanguage":"ru-RU","potentialAction":[{"@type":"ReadAction","target":["https:\/\/beebipood.ee\/ru\/produkt\/snap-kirjutuslaud-sahtlikapiga-valge\/"]}]},{"@type":"ImageObject","inLanguage":"ru-RU","@id":"https:\/\/beebipood.ee\/ru\/produkt\/snap-kirjutuslaud-sahtlikapiga-valge\/#primaryimage","url":"https:\/\/beebipood.ee\/wp-content\/uploads\/2020\/08\/Snap-kirjutuslaud-sahtlikapiga-valge-UUED-TOOTED-Lastelauad-toolid-Arvutija-kirjutuslauad-Kirjutuslauad-Lastemoobel-ja-sisustus_1-7e2.jpg","contentUrl":"https:\/\/beebipood.ee\/wp-content\/uploads\/2020\/08\/Snap-kirjutuslaud-sahtlikapiga-valge-UUED-TOOTED-Lastelauad-toolid-Arvutija-kirjutuslauad-Kirjutuslauad-Lastemoobel-ja-sisustus_1-7e2.jpg","width":1417,"height":1240},{"@type":"BreadcrumbList","@id":"https:\/\/beebipood.ee\/ru\/produkt\/snap-kirjutuslaud-sahtlikapiga-valge\/#breadcrumb","itemListElement":[{"@type":"ListItem","position":1,"name":"Home","item":"https:\/\/beebipood.ee\/ru\/"},{"@type":"ListItem","position":2,"name":"\u041a\u0430\u0442\u0430\u043b\u043e\u0433 \u0442\u043e\u0432\u0430\u0440\u043e\u0432","item":"https:\/\/beebipood.ee\/tooted\/"},{"@type":"ListItem","position":3,"name":"Snap kirjutuslaud sahtlikapiga, valge"}]},{"@type":"WebSite","@id":"https:\/\/beebipood.ee\/ru\/#website","url":"https:\/\/beebipood.ee\/ru\/","name":"Beebipood","description":"Lastekaubad, beebikaubad, m\u00e4nguasjad","publisher":{"@id":"https:\/\/beebipood.ee\/ru\/#organization"},"potentialAction":[{"@type":"SearchAction","target":{"@type":"EntryPoint","urlTemplate":"https:\/\/beebipood.ee\/ru\/?s={search_term_string}"},"query-input":{"@type":"PropertyValueSpecification","valueRequired":true,"valueName":"search_term_string"}}],"inLanguage":"ru-RU"},{"@type":"Organization","@id":"https:\/\/beebipood.ee\/ru\/#organization","name":"Beebipood","url":"https:\/\/beebipood.ee\/ru\/","logo":{"@type":"ImageObject","inLanguage":"ru-RU","@id":"https:\/\/beebipood.ee\/ru\/#\/schema\/logo\/image\/","url":"https:\/\/beebipood.ee\/wp-content\/uploads\/2025\/03\/beebipood.ee-logo-1.svg","contentUrl":"https:\/\/beebipood.ee\/wp-content\/uploads\/2025\/03\/beebipood.ee-logo-1.svg","caption":"Beebipood"},"image":{"@id":"https:\/\/beebipood.ee\/ru\/#\/schema\/logo\/image\/"}}]}},"brands":[],"_links":{"self":[{"href":"https:\/\/beebipood.ee\/ru\/wp-json\/wp\/v2\/product\/459501","targetHints":{"allow":["GET"]}}],"collection":[{"href":"https:\/\/beebipood.ee\/ru\/wp-json\/wp\/v2\/product"}],"about":[{"href":"https:\/\/beebipood.ee\/ru\/wp-json\/wp\/v2\/types\/product"}],"wp:featuredmedia":[{"embeddable":true,"href":"https:\/\/beebipood.ee\/ru\/wp-json\/wp\/v2\/media\/135664"}],"wp:attachment":[{"href":"https:\/\/beebipood.ee\/ru\/wp-json\/wp\/v2\/media?parent=459501"}],"wp:term":[{"taxonomy":"pwb-brand","embeddable":true,"href":"https:\/\/beebipood.ee\/ru\/wp-json\/wp\/v2\/pwb-brand?post=459501"},{"taxonomy":"product_brand","embeddable":true,"href":"https:\/\/beebipood.ee\/ru\/wp-json\/wp\/v2\/product_brand?post=459501"},{"taxonomy":"product_cat","embeddable":true,"href":"https:\/\/beebipood.ee\/ru\/wp-json\/wp\/v2\/product_cat?post=459501"},{"taxonomy":"product_tag","embeddable":true,"href":"https:\/\/beebipood.ee\/ru\/wp-json\/wp\/v2\/product_tag?post=459501"}],"curies":[{"name":"wp","href":"https:\/\/api.w.org\/{rel}","templated":true}]}}