{"id":459509,"date":"2020-08-26T07:29:09","date_gmt":"2020-08-26T04:29:09","guid":{"rendered":"https:\/\/beebipood.ee\/toode\/snap-noortevoodi-voodikastiga-90x200-valge\/"},"modified":"2025-01-09T10:48:18","modified_gmt":"2025-01-09T08:48:18","slug":"snap-noortevoodi-voodikastiga-90x200-valge","status":"publish","type":"product","link":"https:\/\/beebipood.ee\/ru\/produkt\/snap-noortevoodi-voodikastiga-90x200-valge\/","title":{"rendered":"Snap noortevoodi voodikastiga 90&#215;200, valge"},"content":{"rendered":"<p>Sanp sarja lastem\u00f6\u00f6bel on klassikalise ja\u00a0 ajatu disainiga.<br \/>T\u00e4nu klassikalisele, kuid kaasaegsele disainile saate seda m\u00f6\u00f6blisarja\u00a0nautida aastaid.\u00a0<\/p>\n<p>voodi on valmistatud m\u00f6\u00f6bliplaadist, MDF&#8217;s, m\u00e4nnipuidust ja\u00a0<span>p\u00f6\u00f6gi puidust<br \/><span>viimistlus:\u00a0<\/span><span>valge \/ p\u00f6\u00f6k<\/span><\/span><br \/> valmistamisel on kasutatud kaasaegset tehnoloogiat ja A-klass tarvikuid ning furnituure<br \/> parim toode perele kes hindab kvaliteeti ning vastupidavat disaini<br \/>komplekti kuulub ratastel voodikast, mis on valmistatud MDF\u2019st<br \/> madrats ei ole hinna sees<br \/> voodisse sobib madrats m\u00f5\u00f5duga <strong>90x200cm\u00a0<br \/><\/strong>voodip\u00f5hi on hinna sees<br \/> viimistlemisel on kasutatud ainult sertifitseeritud orgaanilisi v\u00e4rve<br \/> toode vastab k\u00f5ikidele <strong>EN turvastandarditele<\/strong><\/p>\n<p>\u00a0<\/p>\n","protected":false},"excerpt":{"rendered":"<p>Sanp sarja lastem\u00f6\u00f6bel on klassikalise ja\u00a0 ajatu disainiga.T\u00e4nu klassikalisele, kuid kaasaegsele disainile saate seda m\u00f6\u00f6blisarja\u00a0nautida aastaid.\u00a0 voodi on valmistatud m\u00f6\u00f6bliplaadist, MDF&#8217;s, m\u00e4nnipuidust ja\u00a0p\u00f6\u00f6gi puidustviimistlus:\u00a0valge \/ p\u00f6\u00f6k valmistamisel on kasutatud kaasaegset tehnoloogiat ja A-klass tarvikuid ning furnituure parim toode perele kes hindab kvaliteeti ning vastupidavat disainikomplekti kuulub ratastel voodikast, mis on valmistatud MDF\u2019st madrats ei ole [&hellip;]<\/p>\n","protected":false},"featured_media":135678,"template":"","meta":{"_acf_changed":false},"pwb-brand":[],"product_brand":[],"product_cat":[11591,11559,11789],"product_tag":[],"class_list":{"0":"post-459509","1":"product","2":"type-product","3":"status-publish","4":"has-post-thumbnail","6":"product_cat-90cm-laiused-ru","7":"product_cat-laste-ja-noortevoodid-ru","8":"product_cat-lastemoobel-ja-sisustus-ru","10":"first","11":"onbackorder","12":"sale","13":"taxable","14":"shipping-taxable","15":"purchasable","16":"product-type-simple"},"exclude_global_add_ons":[],"addons":[],"acf":[],"yoast_head":"<!-- This site is optimized with the Yoast SEO plugin v27.3 - https:\/\/yoast.com\/product\/yoast-seo-wordpress\/ -->\n<title>Snap noortevoodi voodikastiga 90x200, valge, \u041a\u0440\u043e\u0432\u0430\u0442\u0438 \u0434\u043b\u044f \u0434\u0435\u0442\u0435\u0439 \u0438 \u043f\u043e\u0434\u0440\u043e\u0441\u0442\u043a\u043e\u0432, \u0428\u0438\u0440\u0438\u043d\u0430 90c\u043c, M\u0435\u0431\u0435\u043b\u044c, Beebipood<\/title>\n<meta name=\"description\" content=\"Snap noortevoodi voodikastiga 90x200, valge, Sanp sarja lastem&ouml;&ouml;bel on klassikalise ja&nbsp; ajatu disainiga.T&auml;nu klassikalisele, kuid k\" \/>\n<meta name=\"robots\" content=\"index, follow, max-snippet:-1, max-image-preview:large, max-video-preview:-1\" \/>\n<link rel=\"canonical\" href=\"https:\/\/beebipood.ee\/ru\/produkt\/snap-noortevoodi-voodikastiga-90x200-valge\/\" \/>\n<meta property=\"og:locale\" content=\"ru_RU\" \/>\n<meta property=\"og:type\" content=\"article\" \/>\n<meta property=\"og:title\" content=\"Snap noortevoodi voodikastiga 90x200, valge, \u041a\u0440\u043e\u0432\u0430\u0442\u0438 \u0434\u043b\u044f \u0434\u0435\u0442\u0435\u0439 \u0438 \u043f\u043e\u0434\u0440\u043e\u0441\u0442\u043a\u043e\u0432, \u0428\u0438\u0440\u0438\u043d\u0430 90c\u043c, M\u0435\u0431\u0435\u043b\u044c, Beebipood\" \/>\n<meta property=\"og:description\" content=\"Snap noortevoodi voodikastiga 90x200, valge, Sanp sarja lastem&ouml;&ouml;bel on klassikalise ja&nbsp; ajatu disainiga.T&auml;nu klassikalisele, kuid k\" \/>\n<meta property=\"og:url\" content=\"https:\/\/beebipood.ee\/ru\/produkt\/snap-noortevoodi-voodikastiga-90x200-valge\/\" \/>\n<meta property=\"og:site_name\" content=\"Beebipood\" \/>\n<meta property=\"article:modified_time\" content=\"2025-01-09T08:48:18+00:00\" \/>\n<meta property=\"og:image\" content=\"https:\/\/beebipood.ee\/wp-content\/uploads\/2020\/08\/Snap-noortevoodi-voodikastiga-90x200-valge-Laste-ja-noortevoodid-UUED-TOOTED-90cm-laiused-Lastemoobel-ja-sisustus_1-aaf.jpg\" \/>\n\t<meta property=\"og:image:width\" content=\"1772\" \/>\n\t<meta property=\"og:image:height\" content=\"1654\" \/>\n\t<meta property=\"og:image:type\" content=\"image\/jpeg\" \/>\n<meta name=\"twitter:card\" content=\"summary_large_image\" \/>\n<script type=\"application\/ld+json\" class=\"yoast-schema-graph\">{\"@context\":\"https:\\\/\\\/schema.org\",\"@graph\":[{\"@type\":\"WebPage\",\"@id\":\"https:\\\/\\\/beebipood.ee\\\/ru\\\/produkt\\\/snap-noortevoodi-voodikastiga-90x200-valge\\\/\",\"url\":\"https:\\\/\\\/beebipood.ee\\\/ru\\\/produkt\\\/snap-noortevoodi-voodikastiga-90x200-valge\\\/\",\"name\":\"Snap noortevoodi voodikastiga 90x200, valge, \u041a\u0440\u043e\u0432\u0430\u0442\u0438 \u0434\u043b\u044f \u0434\u0435\u0442\u0435\u0439 \u0438 \u043f\u043e\u0434\u0440\u043e\u0441\u0442\u043a\u043e\u0432, \u0428\u0438\u0440\u0438\u043d\u0430 90c\u043c, M\u0435\u0431\u0435\u043b\u044c, Beebipood\",\"isPartOf\":{\"@id\":\"https:\\\/\\\/beebipood.ee\\\/ru\\\/#website\"},\"primaryImageOfPage\":{\"@id\":\"https:\\\/\\\/beebipood.ee\\\/ru\\\/produkt\\\/snap-noortevoodi-voodikastiga-90x200-valge\\\/#primaryimage\"},\"image\":{\"@id\":\"https:\\\/\\\/beebipood.ee\\\/ru\\\/produkt\\\/snap-noortevoodi-voodikastiga-90x200-valge\\\/#primaryimage\"},\"thumbnailUrl\":\"https:\\\/\\\/beebipood.ee\\\/wp-content\\\/uploads\\\/2020\\\/08\\\/Snap-noortevoodi-voodikastiga-90x200-valge-Laste-ja-noortevoodid-UUED-TOOTED-90cm-laiused-Lastemoobel-ja-sisustus_1-aaf.jpg\",\"datePublished\":\"2020-08-26T04:29:09+00:00\",\"dateModified\":\"2025-01-09T08:48:18+00:00\",\"description\":\"Snap noortevoodi voodikastiga 90x200, valge, Sanp sarja lastem&ouml;&ouml;bel on klassikalise ja&nbsp; ajatu disainiga.T&auml;nu klassikalisele, kuid k\",\"breadcrumb\":{\"@id\":\"https:\\\/\\\/beebipood.ee\\\/ru\\\/produkt\\\/snap-noortevoodi-voodikastiga-90x200-valge\\\/#breadcrumb\"},\"inLanguage\":\"ru-RU\",\"potentialAction\":[{\"@type\":\"ReadAction\",\"target\":[\"https:\\\/\\\/beebipood.ee\\\/ru\\\/produkt\\\/snap-noortevoodi-voodikastiga-90x200-valge\\\/\"]}]},{\"@type\":\"ImageObject\",\"inLanguage\":\"ru-RU\",\"@id\":\"https:\\\/\\\/beebipood.ee\\\/ru\\\/produkt\\\/snap-noortevoodi-voodikastiga-90x200-valge\\\/#primaryimage\",\"url\":\"https:\\\/\\\/beebipood.ee\\\/wp-content\\\/uploads\\\/2020\\\/08\\\/Snap-noortevoodi-voodikastiga-90x200-valge-Laste-ja-noortevoodid-UUED-TOOTED-90cm-laiused-Lastemoobel-ja-sisustus_1-aaf.jpg\",\"contentUrl\":\"https:\\\/\\\/beebipood.ee\\\/wp-content\\\/uploads\\\/2020\\\/08\\\/Snap-noortevoodi-voodikastiga-90x200-valge-Laste-ja-noortevoodid-UUED-TOOTED-90cm-laiused-Lastemoobel-ja-sisustus_1-aaf.jpg\",\"width\":1772,\"height\":1654},{\"@type\":\"BreadcrumbList\",\"@id\":\"https:\\\/\\\/beebipood.ee\\\/ru\\\/produkt\\\/snap-noortevoodi-voodikastiga-90x200-valge\\\/#breadcrumb\",\"itemListElement\":[{\"@type\":\"ListItem\",\"position\":1,\"name\":\"Home\",\"item\":\"https:\\\/\\\/beebipood.ee\\\/ru\\\/\"},{\"@type\":\"ListItem\",\"position\":2,\"name\":\"\u041a\u0430\u0442\u0430\u043b\u043e\u0433 \u0442\u043e\u0432\u0430\u0440\u043e\u0432\",\"item\":\"https:\\\/\\\/beebipood.ee\\\/tooted\\\/\"},{\"@type\":\"ListItem\",\"position\":3,\"name\":\"Snap noortevoodi voodikastiga 90&#215;200, valge\"}]},{\"@type\":\"WebSite\",\"@id\":\"https:\\\/\\\/beebipood.ee\\\/ru\\\/#website\",\"url\":\"https:\\\/\\\/beebipood.ee\\\/ru\\\/\",\"name\":\"Beebipood\",\"description\":\"Lastekaubad, beebikaubad, m\u00e4nguasjad\",\"publisher\":{\"@id\":\"https:\\\/\\\/beebipood.ee\\\/ru\\\/#organization\"},\"potentialAction\":[{\"@type\":\"SearchAction\",\"target\":{\"@type\":\"EntryPoint\",\"urlTemplate\":\"https:\\\/\\\/beebipood.ee\\\/ru\\\/?s={search_term_string}\"},\"query-input\":{\"@type\":\"PropertyValueSpecification\",\"valueRequired\":true,\"valueName\":\"search_term_string\"}}],\"inLanguage\":\"ru-RU\"},{\"@type\":\"Organization\",\"@id\":\"https:\\\/\\\/beebipood.ee\\\/ru\\\/#organization\",\"name\":\"Beebipood\",\"url\":\"https:\\\/\\\/beebipood.ee\\\/ru\\\/\",\"logo\":{\"@type\":\"ImageObject\",\"inLanguage\":\"ru-RU\",\"@id\":\"https:\\\/\\\/beebipood.ee\\\/ru\\\/#\\\/schema\\\/logo\\\/image\\\/\",\"url\":\"https:\\\/\\\/beebipood.ee\\\/wp-content\\\/uploads\\\/2025\\\/03\\\/beebipood.ee-logo-1.svg\",\"contentUrl\":\"https:\\\/\\\/beebipood.ee\\\/wp-content\\\/uploads\\\/2025\\\/03\\\/beebipood.ee-logo-1.svg\",\"caption\":\"Beebipood\"},\"image\":{\"@id\":\"https:\\\/\\\/beebipood.ee\\\/ru\\\/#\\\/schema\\\/logo\\\/image\\\/\"}}]}<\/script>\n<!-- \/ Yoast SEO plugin. -->","yoast_head_json":{"title":"Snap noortevoodi voodikastiga 90x200, valge, \u041a\u0440\u043e\u0432\u0430\u0442\u0438 \u0434\u043b\u044f \u0434\u0435\u0442\u0435\u0439 \u0438 \u043f\u043e\u0434\u0440\u043e\u0441\u0442\u043a\u043e\u0432, \u0428\u0438\u0440\u0438\u043d\u0430 90c\u043c, M\u0435\u0431\u0435\u043b\u044c, Beebipood","description":"Snap noortevoodi voodikastiga 90x200, valge, Sanp sarja lastem&ouml;&ouml;bel on klassikalise ja&nbsp; ajatu disainiga.T&auml;nu klassikalisele, kuid k","robots":{"index":"index","follow":"follow","max-snippet":"max-snippet:-1","max-image-preview":"max-image-preview:large","max-video-preview":"max-video-preview:-1"},"canonical":"https:\/\/beebipood.ee\/ru\/produkt\/snap-noortevoodi-voodikastiga-90x200-valge\/","og_locale":"ru_RU","og_type":"article","og_title":"Snap noortevoodi voodikastiga 90x200, valge, \u041a\u0440\u043e\u0432\u0430\u0442\u0438 \u0434\u043b\u044f \u0434\u0435\u0442\u0435\u0439 \u0438 \u043f\u043e\u0434\u0440\u043e\u0441\u0442\u043a\u043e\u0432, \u0428\u0438\u0440\u0438\u043d\u0430 90c\u043c, M\u0435\u0431\u0435\u043b\u044c, Beebipood","og_description":"Snap noortevoodi voodikastiga 90x200, valge, Sanp sarja lastem&ouml;&ouml;bel on klassikalise ja&nbsp; ajatu disainiga.T&auml;nu klassikalisele, kuid k","og_url":"https:\/\/beebipood.ee\/ru\/produkt\/snap-noortevoodi-voodikastiga-90x200-valge\/","og_site_name":"Beebipood","article_modified_time":"2025-01-09T08:48:18+00:00","og_image":[{"width":1772,"height":1654,"url":"https:\/\/beebipood.ee\/wp-content\/uploads\/2020\/08\/Snap-noortevoodi-voodikastiga-90x200-valge-Laste-ja-noortevoodid-UUED-TOOTED-90cm-laiused-Lastemoobel-ja-sisustus_1-aaf.jpg","type":"image\/jpeg"}],"twitter_card":"summary_large_image","schema":{"@context":"https:\/\/schema.org","@graph":[{"@type":"WebPage","@id":"https:\/\/beebipood.ee\/ru\/produkt\/snap-noortevoodi-voodikastiga-90x200-valge\/","url":"https:\/\/beebipood.ee\/ru\/produkt\/snap-noortevoodi-voodikastiga-90x200-valge\/","name":"Snap noortevoodi voodikastiga 90x200, valge, \u041a\u0440\u043e\u0432\u0430\u0442\u0438 \u0434\u043b\u044f \u0434\u0435\u0442\u0435\u0439 \u0438 \u043f\u043e\u0434\u0440\u043e\u0441\u0442\u043a\u043e\u0432, \u0428\u0438\u0440\u0438\u043d\u0430 90c\u043c, M\u0435\u0431\u0435\u043b\u044c, Beebipood","isPartOf":{"@id":"https:\/\/beebipood.ee\/ru\/#website"},"primaryImageOfPage":{"@id":"https:\/\/beebipood.ee\/ru\/produkt\/snap-noortevoodi-voodikastiga-90x200-valge\/#primaryimage"},"image":{"@id":"https:\/\/beebipood.ee\/ru\/produkt\/snap-noortevoodi-voodikastiga-90x200-valge\/#primaryimage"},"thumbnailUrl":"https:\/\/beebipood.ee\/wp-content\/uploads\/2020\/08\/Snap-noortevoodi-voodikastiga-90x200-valge-Laste-ja-noortevoodid-UUED-TOOTED-90cm-laiused-Lastemoobel-ja-sisustus_1-aaf.jpg","datePublished":"2020-08-26T04:29:09+00:00","dateModified":"2025-01-09T08:48:18+00:00","description":"Snap noortevoodi voodikastiga 90x200, valge, Sanp sarja lastem&ouml;&ouml;bel on klassikalise ja&nbsp; ajatu disainiga.T&auml;nu klassikalisele, kuid k","breadcrumb":{"@id":"https:\/\/beebipood.ee\/ru\/produkt\/snap-noortevoodi-voodikastiga-90x200-valge\/#breadcrumb"},"inLanguage":"ru-RU","potentialAction":[{"@type":"ReadAction","target":["https:\/\/beebipood.ee\/ru\/produkt\/snap-noortevoodi-voodikastiga-90x200-valge\/"]}]},{"@type":"ImageObject","inLanguage":"ru-RU","@id":"https:\/\/beebipood.ee\/ru\/produkt\/snap-noortevoodi-voodikastiga-90x200-valge\/#primaryimage","url":"https:\/\/beebipood.ee\/wp-content\/uploads\/2020\/08\/Snap-noortevoodi-voodikastiga-90x200-valge-Laste-ja-noortevoodid-UUED-TOOTED-90cm-laiused-Lastemoobel-ja-sisustus_1-aaf.jpg","contentUrl":"https:\/\/beebipood.ee\/wp-content\/uploads\/2020\/08\/Snap-noortevoodi-voodikastiga-90x200-valge-Laste-ja-noortevoodid-UUED-TOOTED-90cm-laiused-Lastemoobel-ja-sisustus_1-aaf.jpg","width":1772,"height":1654},{"@type":"BreadcrumbList","@id":"https:\/\/beebipood.ee\/ru\/produkt\/snap-noortevoodi-voodikastiga-90x200-valge\/#breadcrumb","itemListElement":[{"@type":"ListItem","position":1,"name":"Home","item":"https:\/\/beebipood.ee\/ru\/"},{"@type":"ListItem","position":2,"name":"\u041a\u0430\u0442\u0430\u043b\u043e\u0433 \u0442\u043e\u0432\u0430\u0440\u043e\u0432","item":"https:\/\/beebipood.ee\/tooted\/"},{"@type":"ListItem","position":3,"name":"Snap noortevoodi voodikastiga 90&#215;200, valge"}]},{"@type":"WebSite","@id":"https:\/\/beebipood.ee\/ru\/#website","url":"https:\/\/beebipood.ee\/ru\/","name":"Beebipood","description":"Lastekaubad, beebikaubad, m\u00e4nguasjad","publisher":{"@id":"https:\/\/beebipood.ee\/ru\/#organization"},"potentialAction":[{"@type":"SearchAction","target":{"@type":"EntryPoint","urlTemplate":"https:\/\/beebipood.ee\/ru\/?s={search_term_string}"},"query-input":{"@type":"PropertyValueSpecification","valueRequired":true,"valueName":"search_term_string"}}],"inLanguage":"ru-RU"},{"@type":"Organization","@id":"https:\/\/beebipood.ee\/ru\/#organization","name":"Beebipood","url":"https:\/\/beebipood.ee\/ru\/","logo":{"@type":"ImageObject","inLanguage":"ru-RU","@id":"https:\/\/beebipood.ee\/ru\/#\/schema\/logo\/image\/","url":"https:\/\/beebipood.ee\/wp-content\/uploads\/2025\/03\/beebipood.ee-logo-1.svg","contentUrl":"https:\/\/beebipood.ee\/wp-content\/uploads\/2025\/03\/beebipood.ee-logo-1.svg","caption":"Beebipood"},"image":{"@id":"https:\/\/beebipood.ee\/ru\/#\/schema\/logo\/image\/"}}]}},"brands":[],"_links":{"self":[{"href":"https:\/\/beebipood.ee\/ru\/wp-json\/wp\/v2\/product\/459509","targetHints":{"allow":["GET"]}}],"collection":[{"href":"https:\/\/beebipood.ee\/ru\/wp-json\/wp\/v2\/product"}],"about":[{"href":"https:\/\/beebipood.ee\/ru\/wp-json\/wp\/v2\/types\/product"}],"wp:featuredmedia":[{"embeddable":true,"href":"https:\/\/beebipood.ee\/ru\/wp-json\/wp\/v2\/media\/135678"}],"wp:attachment":[{"href":"https:\/\/beebipood.ee\/ru\/wp-json\/wp\/v2\/media?parent=459509"}],"wp:term":[{"taxonomy":"pwb-brand","embeddable":true,"href":"https:\/\/beebipood.ee\/ru\/wp-json\/wp\/v2\/pwb-brand?post=459509"},{"taxonomy":"product_brand","embeddable":true,"href":"https:\/\/beebipood.ee\/ru\/wp-json\/wp\/v2\/product_brand?post=459509"},{"taxonomy":"product_cat","embeddable":true,"href":"https:\/\/beebipood.ee\/ru\/wp-json\/wp\/v2\/product_cat?post=459509"},{"taxonomy":"product_tag","embeddable":true,"href":"https:\/\/beebipood.ee\/ru\/wp-json\/wp\/v2\/product_tag?post=459509"}],"curies":[{"name":"wp","href":"https:\/\/api.w.org\/{rel}","templated":true}]}}