{"id":459513,"date":"2020-08-28T11:27:50","date_gmt":"2020-08-28T08:27:50","guid":{"rendered":"https:\/\/beebipood.ee\/toode\/leclerc-influencer-xl-jalutuskaru-black-brown\/"},"modified":"2025-01-09T10:48:18","modified_gmt":"2025-01-09T08:48:18","slug":"leclerc-influencer-xl-jalutuskaru-black-brown","status":"publish","type":"product","link":"https:\/\/beebipood.ee\/ru\/produkt\/leclerc-influencer-xl-jalutuskaru-black-brown\/","title":{"rendered":"Leclerc Influencer XL jalutusk\u00e4ru, Black Brown"},"content":{"rendered":"<p>Influencer XL \u2013 tutvustame t\u00e4iesti uut Influencer XL jalutusk\u00e4ru. <br \/>Influencer XL teeb elu veelgi mugavamaks. \u202f<br \/>See on Influenceri suur vend, kes paistab kindlasti rahva seast silma. <br \/>T\u00e4pselt nagu Influenceri, saad ka Influencer XL-i vaid 1,5 sekundiga kokku panna <br \/>ja lahti v\u00f5tta ainult \u00fche nupuvajutusega!<br \/>Jalutusk\u00e4rul on suuremad rattad, millega on mugav maastikul s\u00f5ita <br \/>ja \u00fcle\u00fcldse \u00f5ues ringi liikuda. T\u00e4nu suurematele ratastele, <br \/>suuremale p\u00f5hjaruumile ja ainulaadsele kokkupanemismehhanismile <br \/>on Influencer XL jalutusk\u00e4ru ideaalne reisimiseks <br \/>ja linnaeluks ning jalutusk\u00e4ikudeks nii looduses kui ka maastikul. <br \/>Istmel on pehme polster, et lapsel oleks mugav ka pikematel reisidel.<\/p>\n<p>Mugavus nii sulle kui ka lapsele<br \/>\u2013 Akna ja (magnetiga kinnituva) kangaskattega kaarvari<br \/>\u2013 Kolme asendisse reguleeritav seljatugi (sh magamisasend)<br \/>\u2013 Reguleeritav jalatugi (sh magamisasend)<br \/>Kasutusmugavus<br \/>\u2013 Eemaldatav turvakaar<br \/>\u2013 Magnetiline viie punkti turvav\u00f6\u00f6<br \/>\u2013 Vedrustus k\u00f5igil ratastel<br \/>\u2013 Suur jalgpidur<br \/>\u2013 Mugavad m\u00e4hkmekoti kinnitused<br \/>Ilmastikukindlus<br \/>\u2013 Pikendatav kaarvari p\u00e4ikesekaitsega 50+ SPF<br \/>\u2013 600D vetth\u00fclgav kangas<br \/>Kvaliteetsed materjalid<br \/>\u2013 Kunstnahaga kaetud l\u00fckkesang ja esipiire (PU)<br \/>\u2013 Vastupidav reisikott<br \/>\u2013 100% PU rattad ja palju muud<br \/>Lisateave<br \/>\u2013 Jalutusk\u00e4ru k\u00e4ib kokku ja lahti vaid \u00fche puudutusega.<br \/>\u2013 Mahub lennuki salongis pagasiriiulisse<br \/>\u2013 Komplekti kuuluvad p\u00e4ikesevari UV50+, turvakaar ja reisikott<br \/>\u2013 Sobib 6 kuust kuni 22 kg \/ umbes 5 eluaastani<br \/>Mis kuulub komplekti?<br \/>\u2013 Influencer jalutusk\u00e4ru koos p\u00e4ikesevarjuga<br \/>\u2013 Turvakaar<br \/>\u2013 Reisikott<br \/>Influencer XL jalutusk\u00e4ru andmed<br \/>\u2022 Kaal: 8,1 kg<br \/>\u2022 Istuja maksimaalne kaal: 22 kg<br \/>\u2022 Ostukorvi maksimaalne raskus: 3 kg<br \/>\u2022 K\u00f5rgus avatuna: 104 cm<br \/>\u2022 S\u00fcgavus avatuna: 63 cm<br \/>\u2022 Laius avatuna: 51 cm<br \/>\u2022 K\u00f5rgus kokkupandult: 60 cm<br \/>\u2022 S\u00fcgavus kokkupandult: 24 cm<br \/>\u2022 Laius kokkupandult: 45 cm<br \/>\u2022 Raami materjal: pulberv\u00e4rvitud alumiinium<\/p>\n","protected":false},"excerpt":{"rendered":"<p>Influencer XL \u2013 tutvustame t\u00e4iesti uut Influencer XL jalutusk\u00e4ru. Influencer XL teeb elu veelgi mugavamaks. \u202fSee on Influenceri suur vend, kes paistab kindlasti rahva seast silma. T\u00e4pselt nagu Influenceri, saad ka Influencer XL-i vaid 1,5 sekundiga kokku panna ja lahti v\u00f5tta ainult \u00fche nupuvajutusega!Jalutusk\u00e4rul on suuremad rattad, millega on mugav maastikul s\u00f5ita ja \u00fcle\u00fcldse \u00f5ues [&hellip;]<\/p>\n","protected":false},"featured_media":135697,"template":"","meta":{"_acf_changed":false},"pwb-brand":[11981],"product_brand":[],"product_cat":[11721,11717],"product_tag":[],"class_list":{"0":"post-459513","1":"product","2":"type-product","3":"status-publish","4":"has-post-thumbnail","6":"pwb-brand-leclerc-ru","7":"product_cat-jalutuskarud-ru","8":"product_cat-lastevankrid-ja-karud-ru","9":"pa_manufacturer-leclerc-ru","11":"first","12":"onbackorder","13":"taxable","14":"shipping-taxable","15":"purchasable","16":"product-type-simple"},"exclude_global_add_ons":[],"addons":[],"acf":[],"yoast_head":"<!-- This site is optimized with the Yoast SEO plugin v27.3 - https:\/\/yoast.com\/product\/yoast-seo-wordpress\/ -->\n<title>Leclerc Influencer XL jalutusk\u00e4ru, Black Brown, \u041a\u043e\u043b\u044f\u0441\u043a\u0438, \u041f\u0440\u043e\u0433\u0443\u043b\u043e\u0447\u043d\u044b\u0435 \u043a\u043e\u043b\u044f\u0441\u043a\u0438, Beebipood<\/title>\n<meta name=\"description\" content=\"Leclerc Influencer XL jalutusk\u00e4ru, Black Brown, Influencer XL &ndash; tutvustame t&auml;iesti uut Influencer XL jalutusk&auml;ru. Influencer XL teeb e\" \/>\n<meta name=\"robots\" content=\"index, follow, max-snippet:-1, max-image-preview:large, max-video-preview:-1\" \/>\n<link rel=\"canonical\" href=\"https:\/\/beebipood.ee\/ru\/produkt\/leclerc-influencer-xl-jalutuskaru-black-brown\/\" \/>\n<meta property=\"og:locale\" content=\"ru_RU\" \/>\n<meta property=\"og:type\" content=\"article\" \/>\n<meta property=\"og:title\" content=\"Leclerc Influencer XL jalutusk\u00e4ru, Black Brown, \u041a\u043e\u043b\u044f\u0441\u043a\u0438, \u041f\u0440\u043e\u0433\u0443\u043b\u043e\u0447\u043d\u044b\u0435 \u043a\u043e\u043b\u044f\u0441\u043a\u0438, Beebipood\" \/>\n<meta property=\"og:description\" content=\"Leclerc Influencer XL jalutusk\u00e4ru, Black Brown, Influencer XL &ndash; tutvustame t&auml;iesti uut Influencer XL jalutusk&auml;ru. Influencer XL teeb e\" \/>\n<meta property=\"og:url\" content=\"https:\/\/beebipood.ee\/ru\/produkt\/leclerc-influencer-xl-jalutuskaru-black-brown\/\" \/>\n<meta property=\"og:site_name\" content=\"Beebipood\" \/>\n<meta property=\"article:modified_time\" content=\"2025-01-09T08:48:18+00:00\" \/>\n<meta property=\"og:image\" content=\"https:\/\/beebipood.ee\/wp-content\/uploads\/2020\/08\/Leclerc-Influencer-XL-jalutuskaru-Black-Brown-UUED-TOOTED-Lastevankrid-ja-karud-Jalutuskarud_2-fc8.png\" \/>\n\t<meta property=\"og:image:width\" content=\"732\" \/>\n\t<meta property=\"og:image:height\" content=\"750\" \/>\n\t<meta property=\"og:image:type\" content=\"image\/png\" \/>\n<meta name=\"twitter:card\" content=\"summary_large_image\" \/>\n<meta name=\"twitter:label1\" content=\"\u041f\u0440\u0438\u043c\u0435\u0440\u043d\u043e\u0435 \u0432\u0440\u0435\u043c\u044f \u0434\u043b\u044f \u0447\u0442\u0435\u043d\u0438\u044f\" \/>\n\t<meta name=\"twitter:data1\" content=\"1 \u043c\u0438\u043d\u0443\u0442\u0430\" \/>\n<script type=\"application\/ld+json\" class=\"yoast-schema-graph\">{\"@context\":\"https:\\\/\\\/schema.org\",\"@graph\":[{\"@type\":\"WebPage\",\"@id\":\"https:\\\/\\\/beebipood.ee\\\/ru\\\/produkt\\\/leclerc-influencer-xl-jalutuskaru-black-brown\\\/\",\"url\":\"https:\\\/\\\/beebipood.ee\\\/ru\\\/produkt\\\/leclerc-influencer-xl-jalutuskaru-black-brown\\\/\",\"name\":\"Leclerc Influencer XL jalutusk\u00e4ru, Black Brown, \u041a\u043e\u043b\u044f\u0441\u043a\u0438, \u041f\u0440\u043e\u0433\u0443\u043b\u043e\u0447\u043d\u044b\u0435 \u043a\u043e\u043b\u044f\u0441\u043a\u0438, Beebipood\",\"isPartOf\":{\"@id\":\"https:\\\/\\\/beebipood.ee\\\/ru\\\/#website\"},\"primaryImageOfPage\":{\"@id\":\"https:\\\/\\\/beebipood.ee\\\/ru\\\/produkt\\\/leclerc-influencer-xl-jalutuskaru-black-brown\\\/#primaryimage\"},\"image\":{\"@id\":\"https:\\\/\\\/beebipood.ee\\\/ru\\\/produkt\\\/leclerc-influencer-xl-jalutuskaru-black-brown\\\/#primaryimage\"},\"thumbnailUrl\":\"https:\\\/\\\/beebipood.ee\\\/wp-content\\\/uploads\\\/2020\\\/08\\\/Leclerc-Influencer-XL-jalutuskaru-Black-Brown-UUED-TOOTED-Lastevankrid-ja-karud-Jalutuskarud_2-fc8.png\",\"datePublished\":\"2020-08-28T08:27:50+00:00\",\"dateModified\":\"2025-01-09T08:48:18+00:00\",\"description\":\"Leclerc Influencer XL jalutusk\u00e4ru, Black Brown, Influencer XL &ndash; tutvustame t&auml;iesti uut Influencer XL jalutusk&auml;ru. Influencer XL teeb e\",\"breadcrumb\":{\"@id\":\"https:\\\/\\\/beebipood.ee\\\/ru\\\/produkt\\\/leclerc-influencer-xl-jalutuskaru-black-brown\\\/#breadcrumb\"},\"inLanguage\":\"ru-RU\",\"potentialAction\":[{\"@type\":\"ReadAction\",\"target\":[\"https:\\\/\\\/beebipood.ee\\\/ru\\\/produkt\\\/leclerc-influencer-xl-jalutuskaru-black-brown\\\/\"]}]},{\"@type\":\"ImageObject\",\"inLanguage\":\"ru-RU\",\"@id\":\"https:\\\/\\\/beebipood.ee\\\/ru\\\/produkt\\\/leclerc-influencer-xl-jalutuskaru-black-brown\\\/#primaryimage\",\"url\":\"https:\\\/\\\/beebipood.ee\\\/wp-content\\\/uploads\\\/2020\\\/08\\\/Leclerc-Influencer-XL-jalutuskaru-Black-Brown-UUED-TOOTED-Lastevankrid-ja-karud-Jalutuskarud_2-fc8.png\",\"contentUrl\":\"https:\\\/\\\/beebipood.ee\\\/wp-content\\\/uploads\\\/2020\\\/08\\\/Leclerc-Influencer-XL-jalutuskaru-Black-Brown-UUED-TOOTED-Lastevankrid-ja-karud-Jalutuskarud_2-fc8.png\",\"width\":732,\"height\":750},{\"@type\":\"BreadcrumbList\",\"@id\":\"https:\\\/\\\/beebipood.ee\\\/ru\\\/produkt\\\/leclerc-influencer-xl-jalutuskaru-black-brown\\\/#breadcrumb\",\"itemListElement\":[{\"@type\":\"ListItem\",\"position\":1,\"name\":\"Home\",\"item\":\"https:\\\/\\\/beebipood.ee\\\/ru\\\/\"},{\"@type\":\"ListItem\",\"position\":2,\"name\":\"\u041a\u0430\u0442\u0430\u043b\u043e\u0433 \u0442\u043e\u0432\u0430\u0440\u043e\u0432\",\"item\":\"https:\\\/\\\/beebipood.ee\\\/tooted\\\/\"},{\"@type\":\"ListItem\",\"position\":3,\"name\":\"Leclerc Influencer XL jalutusk\u00e4ru, Black Brown\"}]},{\"@type\":\"WebSite\",\"@id\":\"https:\\\/\\\/beebipood.ee\\\/ru\\\/#website\",\"url\":\"https:\\\/\\\/beebipood.ee\\\/ru\\\/\",\"name\":\"Beebipood\",\"description\":\"Lastekaubad, beebikaubad, m\u00e4nguasjad\",\"publisher\":{\"@id\":\"https:\\\/\\\/beebipood.ee\\\/ru\\\/#organization\"},\"potentialAction\":[{\"@type\":\"SearchAction\",\"target\":{\"@type\":\"EntryPoint\",\"urlTemplate\":\"https:\\\/\\\/beebipood.ee\\\/ru\\\/?s={search_term_string}\"},\"query-input\":{\"@type\":\"PropertyValueSpecification\",\"valueRequired\":true,\"valueName\":\"search_term_string\"}}],\"inLanguage\":\"ru-RU\"},{\"@type\":\"Organization\",\"@id\":\"https:\\\/\\\/beebipood.ee\\\/ru\\\/#organization\",\"name\":\"Beebipood\",\"url\":\"https:\\\/\\\/beebipood.ee\\\/ru\\\/\",\"logo\":{\"@type\":\"ImageObject\",\"inLanguage\":\"ru-RU\",\"@id\":\"https:\\\/\\\/beebipood.ee\\\/ru\\\/#\\\/schema\\\/logo\\\/image\\\/\",\"url\":\"https:\\\/\\\/beebipood.ee\\\/wp-content\\\/uploads\\\/2025\\\/03\\\/beebipood.ee-logo-1.svg\",\"contentUrl\":\"https:\\\/\\\/beebipood.ee\\\/wp-content\\\/uploads\\\/2025\\\/03\\\/beebipood.ee-logo-1.svg\",\"caption\":\"Beebipood\"},\"image\":{\"@id\":\"https:\\\/\\\/beebipood.ee\\\/ru\\\/#\\\/schema\\\/logo\\\/image\\\/\"}}]}<\/script>\n<!-- \/ Yoast SEO plugin. -->","yoast_head_json":{"title":"Leclerc Influencer XL jalutusk\u00e4ru, Black Brown, \u041a\u043e\u043b\u044f\u0441\u043a\u0438, \u041f\u0440\u043e\u0433\u0443\u043b\u043e\u0447\u043d\u044b\u0435 \u043a\u043e\u043b\u044f\u0441\u043a\u0438, Beebipood","description":"Leclerc Influencer XL jalutusk\u00e4ru, Black Brown, Influencer XL &ndash; tutvustame t&auml;iesti uut Influencer XL jalutusk&auml;ru. Influencer XL teeb e","robots":{"index":"index","follow":"follow","max-snippet":"max-snippet:-1","max-image-preview":"max-image-preview:large","max-video-preview":"max-video-preview:-1"},"canonical":"https:\/\/beebipood.ee\/ru\/produkt\/leclerc-influencer-xl-jalutuskaru-black-brown\/","og_locale":"ru_RU","og_type":"article","og_title":"Leclerc Influencer XL jalutusk\u00e4ru, Black Brown, \u041a\u043e\u043b\u044f\u0441\u043a\u0438, \u041f\u0440\u043e\u0433\u0443\u043b\u043e\u0447\u043d\u044b\u0435 \u043a\u043e\u043b\u044f\u0441\u043a\u0438, Beebipood","og_description":"Leclerc Influencer XL jalutusk\u00e4ru, Black Brown, Influencer XL &ndash; tutvustame t&auml;iesti uut Influencer XL jalutusk&auml;ru. Influencer XL teeb e","og_url":"https:\/\/beebipood.ee\/ru\/produkt\/leclerc-influencer-xl-jalutuskaru-black-brown\/","og_site_name":"Beebipood","article_modified_time":"2025-01-09T08:48:18+00:00","og_image":[{"width":732,"height":750,"url":"https:\/\/beebipood.ee\/wp-content\/uploads\/2020\/08\/Leclerc-Influencer-XL-jalutuskaru-Black-Brown-UUED-TOOTED-Lastevankrid-ja-karud-Jalutuskarud_2-fc8.png","type":"image\/png"}],"twitter_card":"summary_large_image","twitter_misc":{"\u041f\u0440\u0438\u043c\u0435\u0440\u043d\u043e\u0435 \u0432\u0440\u0435\u043c\u044f \u0434\u043b\u044f \u0447\u0442\u0435\u043d\u0438\u044f":"1 \u043c\u0438\u043d\u0443\u0442\u0430"},"schema":{"@context":"https:\/\/schema.org","@graph":[{"@type":"WebPage","@id":"https:\/\/beebipood.ee\/ru\/produkt\/leclerc-influencer-xl-jalutuskaru-black-brown\/","url":"https:\/\/beebipood.ee\/ru\/produkt\/leclerc-influencer-xl-jalutuskaru-black-brown\/","name":"Leclerc Influencer XL jalutusk\u00e4ru, Black Brown, \u041a\u043e\u043b\u044f\u0441\u043a\u0438, \u041f\u0440\u043e\u0433\u0443\u043b\u043e\u0447\u043d\u044b\u0435 \u043a\u043e\u043b\u044f\u0441\u043a\u0438, Beebipood","isPartOf":{"@id":"https:\/\/beebipood.ee\/ru\/#website"},"primaryImageOfPage":{"@id":"https:\/\/beebipood.ee\/ru\/produkt\/leclerc-influencer-xl-jalutuskaru-black-brown\/#primaryimage"},"image":{"@id":"https:\/\/beebipood.ee\/ru\/produkt\/leclerc-influencer-xl-jalutuskaru-black-brown\/#primaryimage"},"thumbnailUrl":"https:\/\/beebipood.ee\/wp-content\/uploads\/2020\/08\/Leclerc-Influencer-XL-jalutuskaru-Black-Brown-UUED-TOOTED-Lastevankrid-ja-karud-Jalutuskarud_2-fc8.png","datePublished":"2020-08-28T08:27:50+00:00","dateModified":"2025-01-09T08:48:18+00:00","description":"Leclerc Influencer XL jalutusk\u00e4ru, Black Brown, Influencer XL &ndash; tutvustame t&auml;iesti uut Influencer XL jalutusk&auml;ru. Influencer XL teeb e","breadcrumb":{"@id":"https:\/\/beebipood.ee\/ru\/produkt\/leclerc-influencer-xl-jalutuskaru-black-brown\/#breadcrumb"},"inLanguage":"ru-RU","potentialAction":[{"@type":"ReadAction","target":["https:\/\/beebipood.ee\/ru\/produkt\/leclerc-influencer-xl-jalutuskaru-black-brown\/"]}]},{"@type":"ImageObject","inLanguage":"ru-RU","@id":"https:\/\/beebipood.ee\/ru\/produkt\/leclerc-influencer-xl-jalutuskaru-black-brown\/#primaryimage","url":"https:\/\/beebipood.ee\/wp-content\/uploads\/2020\/08\/Leclerc-Influencer-XL-jalutuskaru-Black-Brown-UUED-TOOTED-Lastevankrid-ja-karud-Jalutuskarud_2-fc8.png","contentUrl":"https:\/\/beebipood.ee\/wp-content\/uploads\/2020\/08\/Leclerc-Influencer-XL-jalutuskaru-Black-Brown-UUED-TOOTED-Lastevankrid-ja-karud-Jalutuskarud_2-fc8.png","width":732,"height":750},{"@type":"BreadcrumbList","@id":"https:\/\/beebipood.ee\/ru\/produkt\/leclerc-influencer-xl-jalutuskaru-black-brown\/#breadcrumb","itemListElement":[{"@type":"ListItem","position":1,"name":"Home","item":"https:\/\/beebipood.ee\/ru\/"},{"@type":"ListItem","position":2,"name":"\u041a\u0430\u0442\u0430\u043b\u043e\u0433 \u0442\u043e\u0432\u0430\u0440\u043e\u0432","item":"https:\/\/beebipood.ee\/tooted\/"},{"@type":"ListItem","position":3,"name":"Leclerc Influencer XL jalutusk\u00e4ru, Black Brown"}]},{"@type":"WebSite","@id":"https:\/\/beebipood.ee\/ru\/#website","url":"https:\/\/beebipood.ee\/ru\/","name":"Beebipood","description":"Lastekaubad, beebikaubad, m\u00e4nguasjad","publisher":{"@id":"https:\/\/beebipood.ee\/ru\/#organization"},"potentialAction":[{"@type":"SearchAction","target":{"@type":"EntryPoint","urlTemplate":"https:\/\/beebipood.ee\/ru\/?s={search_term_string}"},"query-input":{"@type":"PropertyValueSpecification","valueRequired":true,"valueName":"search_term_string"}}],"inLanguage":"ru-RU"},{"@type":"Organization","@id":"https:\/\/beebipood.ee\/ru\/#organization","name":"Beebipood","url":"https:\/\/beebipood.ee\/ru\/","logo":{"@type":"ImageObject","inLanguage":"ru-RU","@id":"https:\/\/beebipood.ee\/ru\/#\/schema\/logo\/image\/","url":"https:\/\/beebipood.ee\/wp-content\/uploads\/2025\/03\/beebipood.ee-logo-1.svg","contentUrl":"https:\/\/beebipood.ee\/wp-content\/uploads\/2025\/03\/beebipood.ee-logo-1.svg","caption":"Beebipood"},"image":{"@id":"https:\/\/beebipood.ee\/ru\/#\/schema\/logo\/image\/"}}]}},"brands":[{"id":11981,"name":"Leclerc","slug":"leclerc-ru"}],"_links":{"self":[{"href":"https:\/\/beebipood.ee\/ru\/wp-json\/wp\/v2\/product\/459513","targetHints":{"allow":["GET"]}}],"collection":[{"href":"https:\/\/beebipood.ee\/ru\/wp-json\/wp\/v2\/product"}],"about":[{"href":"https:\/\/beebipood.ee\/ru\/wp-json\/wp\/v2\/types\/product"}],"wp:featuredmedia":[{"embeddable":true,"href":"https:\/\/beebipood.ee\/ru\/wp-json\/wp\/v2\/media\/135697"}],"wp:attachment":[{"href":"https:\/\/beebipood.ee\/ru\/wp-json\/wp\/v2\/media?parent=459513"}],"wp:term":[{"taxonomy":"pwb-brand","embeddable":true,"href":"https:\/\/beebipood.ee\/ru\/wp-json\/wp\/v2\/pwb-brand?post=459513"},{"taxonomy":"product_brand","embeddable":true,"href":"https:\/\/beebipood.ee\/ru\/wp-json\/wp\/v2\/product_brand?post=459513"},{"taxonomy":"product_cat","embeddable":true,"href":"https:\/\/beebipood.ee\/ru\/wp-json\/wp\/v2\/product_cat?post=459513"},{"taxonomy":"product_tag","embeddable":true,"href":"https:\/\/beebipood.ee\/ru\/wp-json\/wp\/v2\/product_tag?post=459513"}],"curies":[{"name":"wp","href":"https:\/\/api.w.org\/{rel}","templated":true}]}}