{"id":459549,"date":"2020-09-03T12:00:05","date_gmt":"2020-09-03T09:00:05","guid":{"rendered":"https:\/\/beebipood.ee\/toode\/axkid-one-3-turvatool-40-125cm-glacier-lake-blue\/"},"modified":"2025-01-09T10:48:17","modified_gmt":"2025-01-09T08:48:17","slug":"axkid-one-3-turvatool-40-125cm-glacier-lake-blue","status":"publish","type":"product","link":"https:\/\/beebipood.ee\/ru\/produkt\/axkid-one-3-turvatool-40-125cm-glacier-lake-blue\/","title":{"rendered":"Axkid One+ 3 turvatool 40-125cm, glacier lake blue"},"content":{"rendered":"<p><span>Axkid ONE+ 3 &#8212; \u00dcks turvatool l\u00e4bi lapsep\u00f5lve!<\/span><br \/><span>AXKID ONE+ 3 annab turvatoolide ohutusele uue standardi.<\/span><br \/><span>AXKID ONE+ 3 on ainus seljaga s\u00f5idusuunas turvatool maailmas,<\/span><br \/><span>millel on ISOFIX kinnitus ning vastab i-size standardile vahemikus 40 cm kuni 125 cm \/ 23 kg.<\/span><br \/><span>See t\u00e4hendab, et laps saab seljaga s\u00f5idusuunas (SSS) s\u00f5ita kuni 3 aastat kauem,<\/span><br \/><span>kui teised turul pakutavad Isofixi turvatoolid.<\/span><br \/><span>Turvatool on l\u00e4binud maailma \u00fche karmima kokkup\u00f5rketesti \u2013 Swedish Plus testi.<\/span><br \/><span>Axkid ONE+ 3 on ka ADAC testi v\u00f5itja!<\/span><br \/><span>\u00dcks turvatool v\u00e4ga pikaks ajaks &#8212; saab kasutada alates 0 kuust kuni 7-aastaseks saamiseni.<\/span><\/p>\n<p><span>Axkid ONE+ 3 kasutuskogemuse ja ohutuse parandamiseks on v\u00e4lja t\u00f6\u00f6tatud palju muudatusi,<\/span><br \/><span>alates v\u00e4ikestest komponentidest, mis m\u00e4ngivad olulist rolli m\u00f5nes<\/span><br \/><span>p\u00f5hifunktsioonis, kuni suuremate visuaalsete erinevusteni.<\/span><br \/><span>Olulisemad uuendused on peatoe ja selle s\u00fcsteemi t\u00e4iustamine,<\/span><br \/><span>m\u00f5lemad beebisisud (0\u201360 cm ja 60\u2013105 cm) on muudetud ergonoomilisemaks,<\/span><br \/><span>pakkudes lapsele veelgi suuremat mugavust.<\/span><br \/><span>Axkid ONE+ 3-l on kasutatud uut tekstiilkangast, parandades turvatooli \u00fcldist kasutusmugavust.<\/span><br \/><span>Kangal on uus mugavustase, uued materjalid ja t\u00e4iesti uus v\u00e4rvivalik<\/span><\/p>\n<p><span>Tugev ja kerge disain Rootsist<\/span><br \/><span>ONE+ 3 uus patenteeritud tehnoloogia, mis tagab 15-aastase kasutusaja<\/span><br \/><span>ning turvatool veelgi parema siini- ja lamamiss\u00fcsteemiga.<\/span><br \/><span>Axkid ONE+ 3 on ehitatud uue ja innovaatilise disainiga,<\/span><br \/><span>mis kasutab alumiiniumi ja karastatud terast, moodustades kerge ja v\u00e4ga tugeva kaitseraami,<\/span><br \/><span>mis toimib nagu kaitsekookon.<\/span><br \/><span>ONE+ 3 uus ProTecFrame terasest raam, talub kokkup\u00f5rkej\u00f5ude kuni 1500 kg.<\/span><br \/><span>Iste ise on valmistatud l\u00f6\u00f6ke neelavatest materjalidest, et \u00f5nnetusjuhtumi korral l\u00f6\u00f6gij\u00f5ud minimeerida.<\/span><br \/><span>Istme korpuse sees on ventilatsioonis\u00fcsteem, et teie lapsel oleks ka kuumadel suvekuudel m\u00f5nus ja mugav.<\/span><br \/><span>Kogu turvatool kaalub v\u00e4hem kui 10 kg, st on \u00fclilihtne ja kerge turvatooli erinevate autode vahel vahetada.<\/span><br \/><span>Seljaga s\u00f5idusuunas s\u00f5itmine on 0 kuu kuni 7-aastaste laste jaoks 5 korda ohutum!<\/span><\/p>\n<p><span>Parim jalaruum lapsele<\/span><br \/><span>AXKID One+ 3 liigub uudsel SpaceFlow r\u00f6\u00f6baste s\u00fcsteemil nii,<\/span><br \/><span>et turvatooli saab \u00fche k\u00e4ega edasi-tagasi liigutada kuni 30cm,<\/span><br \/><span>muutes jalaruumi reguleerimise imelihtsaks.<\/span><br \/><span>T\u00e4nu r\u00f6\u00f6baskinnitusele on h\u00f5lbus anda esiistmel reisijale vajadusel t\u00e4iendavat ruumi,<\/span><br \/><span>turvatooli autost eemaldamata.<\/span><br \/><span>Lihtsalt libistage turvatooli tagaistme seljatoe suunas v\u00f5i vastupidi.<\/span><br \/><span>Maailmas teist selliste omadustega turvatooli ei ole!<\/span><br \/><span>Mugavus 6 kuud &#8212; 7 aastastele<\/span><\/p>\n<p><span>Axkid ONE+ 3 on varustatud Sleep Well s\u00fcsteemiga,<\/span><br \/><span>turvatooli nurka saab reguleerida kuni 42 kraadini.<\/span><br \/><span>Paindlikud lamamisasendid v\u00f5imaldavad reisimisel maksimaalset mugavust,<\/span><br \/><span>et lapse pea ei vajuks rinnale.<\/span><\/p>\n<p><span>Kiire ja lihtsalt paigaldamine 30 sekundiga<\/span><br \/><span>Axkid ONE+ 3-e paigalduse muudavad lihtsaks interaktiivsed heli- ja visuaalsignaalid ja<\/span><br \/><span>annavad tagasisidet korrektse kinnituse kohta. See v\u00e4hendab v\u00f5imalust valesti paigaldamiseks.<\/span><br \/><span>T\u00e4nu ISOFIX-kinnitustele ja kergele konstruktsioonile on AXKID ONE+ 3 lihtne k\u00e4sitleda.<\/span><br \/><span>Tagame, et saate turvatooli paigaldada v\u00e4hem kui 30 sekundiga &#8212; kui ei, siis aitame Teid.<\/span><\/p>\n<p><span>Maailma juhtiv turvav\u00f6\u00f6 s\u00fcsteem Rootsist!<\/span><br \/><span>Magnetiga rihamd mis kinnituvad sujuvalt peatoe k\u00fclge.<\/span><br \/><span>Axkid ONE+ 3 on varustatud Rootsi tehnoloogiafirma Holmbergs\u00ae<\/span><br \/><span>esmaklassilise turvas\u00fcsteemiga.<\/span><br \/><span>K\u00f5iki komponente alates pandlast kuni v\u00f6\u00f6ni, testitakse normidest k\u00f5rgemate standardite j\u00e4rgi,<\/span><br \/><span>et tagada \u00fclim kvaliteet ja turvalisus.<\/span><\/p>\n<p><span>Tehnilised andmed<\/span><br \/><span>Peatugi on reguleeritav 12 astmesse<\/span><br \/><span>5-punkti turvav\u00f6\u00f6d<\/span><br \/><span>ASIP (Axkid k\u00fclgkokkup\u00f5rke kaitse)<\/span><br \/><span>Istumisasendi kaldenurk pidevalt reguleeritav vahemikus 20\u201342 kraadi<\/span><br \/><span>Kaal: 10 kg<\/span><br \/><span>Tugijala pikkus: 26\u201352 cm<\/span><br \/><span>Istme s\u00fcgavus: 32 cm<\/span><br \/><span>Kasutatav: 0 kuust kuni 7 aastani<\/span><br \/><span>Alates 40 kuni 125 cm \/ maksimaalselt 23 kg<\/span><br \/><span>M\u00f5\u00f5dud: (laius x k\u00f5rgus x pikkus): 44 x 76 x 54 cm<\/span><br \/><span>Kate on pestav temperatuuril 30 \u00b0 C<\/span><\/p>\n","protected":false},"excerpt":{"rendered":"<p>Axkid ONE+ 3 &#8212; \u00dcks turvatool l\u00e4bi lapsep\u00f5lve!AXKID ONE+ 3 annab turvatoolide ohutusele uue standardi.AXKID ONE+ 3 on ainus seljaga s\u00f5idusuunas turvatool maailmas,millel on ISOFIX kinnitus ning vastab i-size standardile vahemikus 40 cm kuni 125 cm \/ 23 kg.See t\u00e4hendab, et laps saab seljaga s\u00f5idusuunas (SSS) s\u00f5ita kuni 3 aastat kauem,kui teised turul pakutavad Isofixi [&hellip;]<\/p>\n","protected":false},"featured_media":173098,"template":"","meta":{"_acf_changed":false},"pwb-brand":[11955],"product_brand":[],"product_cat":[11573,11813,11727,11733,11855,11887,11791],"product_tag":[],"class_list":{"0":"post-459549","1":"product","2":"type-product","3":"status-publish","4":"has-post-thumbnail","6":"pwb-brand-axkid-ru","7":"product_cat-sooduspakkumised-ru","8":"product_cat-axkid-ru","9":"product_cat-turvatoolid-hallid-ru","10":"product_cat-turvatoolid-0-25-kg-ru","11":"product_cat-sss-turvatoolid-ru","12":"product_cat-axkid-one-3-ru","13":"product_cat-turvavarustus-ru","14":"pa_manufacturer-axkid-ru","16":"first","17":"onbackorder","18":"sale","19":"taxable","20":"shipping-taxable","21":"purchasable","22":"product-type-simple"},"exclude_global_add_ons":[],"addons":[],"acf":[],"yoast_head":"<!-- This site is optimized with the Yoast SEO plugin v27.1.1 - https:\/\/yoast.com\/product\/yoast-seo-wordpress\/ -->\n<title>Axkid One+ 3 turvatool 40-125cm, glacier lake blue, \u0421\u041a\u0418\u0414\u041a\u0418, \u041d\u041e\u0412\u042b\u0415 \u0422\u041e\u0412\u0410\u0420\u042b, \u0410\u0432\u0442\u043e\u043a\u0440\u0435\u0441\u043b\u0430, \u043b\u044e\u043b\u044c\u043a\u0438, \u0410\u0432\u0442\u043e\u043a\u0440\u0435\u0441\u043b\u0430 0-25 \u043a\u0433, \u0421\u043d\u0430\u0440\u044f\u0436\u0435\u043d\u0438\u044f \u0431\u0435\u0437\u043e\u043f\u0430\u0441\u043d\u043e\u0441\u0442\u0438, Axkid, A\u0432\u0442\u043e\u043a\u0440\u0435\u0441\u043b\u043e \u0441\u043f\u0438\u043d\u043e\u0439 \u043f\u043e \u0445\u043e\u0434\u0443, Axkid One 3 , Beebipood<\/title>\n<meta name=\"description\" content=\"Axkid One+ 3 turvatool 40-125cm, glacier lake blue, Axkid ONE+ 3 - &Uuml;ks turvatool l&auml;bi lapsep&otilde;lve!AXKID ONE+ 3 annab\" \/>\n<meta name=\"robots\" content=\"index, follow, max-snippet:-1, max-image-preview:large, max-video-preview:-1\" \/>\n<link rel=\"canonical\" href=\"https:\/\/beebipood.ee\/ru\/produkt\/axkid-one-3-turvatool-40-125cm-glacier-lake-blue\/\" \/>\n<meta property=\"og:locale\" content=\"ru_RU\" \/>\n<meta property=\"og:type\" content=\"article\" \/>\n<meta property=\"og:title\" content=\"Axkid One+ 3 turvatool 40-125cm, glacier lake blue, \u0421\u041a\u0418\u0414\u041a\u0418, \u041d\u041e\u0412\u042b\u0415 \u0422\u041e\u0412\u0410\u0420\u042b, \u0410\u0432\u0442\u043e\u043a\u0440\u0435\u0441\u043b\u0430, \u043b\u044e\u043b\u044c\u043a\u0438, \u0410\u0432\u0442\u043e\u043a\u0440\u0435\u0441\u043b\u0430 0-25 \u043a\u0433, \u0421\u043d\u0430\u0440\u044f\u0436\u0435\u043d\u0438\u044f \u0431\u0435\u0437\u043e\u043f\u0430\u0441\u043d\u043e\u0441\u0442\u0438, Axkid, A\u0432\u0442\u043e\u043a\u0440\u0435\u0441\u043b\u043e \u0441\u043f\u0438\u043d\u043e\u0439 \u043f\u043e \u0445\u043e\u0434\u0443, Axkid One 3 , Beebipood\" \/>\n<meta property=\"og:description\" content=\"Axkid One+ 3 turvatool 40-125cm, glacier lake blue, Axkid ONE+ 3 - &Uuml;ks turvatool l&auml;bi lapsep&otilde;lve!AXKID ONE+ 3 annab\" \/>\n<meta property=\"og:url\" content=\"https:\/\/beebipood.ee\/ru\/produkt\/axkid-one-3-turvatool-40-125cm-glacier-lake-blue\/\" \/>\n<meta property=\"og:site_name\" content=\"Beebipood\" \/>\n<meta property=\"article:modified_time\" content=\"2025-01-09T08:48:17+00:00\" \/>\n<meta property=\"og:image\" content=\"https:\/\/beebipood.ee\/wp-content\/uploads\/2020\/09\/Axkid-One-3-turvatool-40125cm-glacier-lake-blue-Turvatoolid-hallid-Turvatoolid-025-kg-Turvavarustus-Ladu-tuhjaks-Axkid-SSS-Turvatoolid-Axkid-One-3-_14-500-scaled.jpeg\" \/>\n\t<meta property=\"og:image:width\" content=\"2560\" \/>\n\t<meta property=\"og:image:height\" content=\"2555\" \/>\n\t<meta property=\"og:image:type\" content=\"image\/jpeg\" \/>\n<meta name=\"twitter:card\" content=\"summary_large_image\" \/>\n<meta name=\"twitter:label1\" content=\"\u041f\u0440\u0438\u043c\u0435\u0440\u043d\u043e\u0435 \u0432\u0440\u0435\u043c\u044f \u0434\u043b\u044f \u0447\u0442\u0435\u043d\u0438\u044f\" \/>\n\t<meta name=\"twitter:data1\" content=\"3 \u043c\u0438\u043d\u0443\u0442\u044b\" \/>\n<script type=\"application\/ld+json\" class=\"yoast-schema-graph\">{\"@context\":\"https:\/\/schema.org\",\"@graph\":[{\"@type\":\"WebPage\",\"@id\":\"https:\/\/beebipood.ee\/ru\/produkt\/axkid-one-3-turvatool-40-125cm-glacier-lake-blue\/\",\"url\":\"https:\/\/beebipood.ee\/ru\/produkt\/axkid-one-3-turvatool-40-125cm-glacier-lake-blue\/\",\"name\":\"Axkid One+ 3 turvatool 40-125cm, glacier lake blue, \u0421\u041a\u0418\u0414\u041a\u0418, \u041d\u041e\u0412\u042b\u0415 \u0422\u041e\u0412\u0410\u0420\u042b, \u0410\u0432\u0442\u043e\u043a\u0440\u0435\u0441\u043b\u0430, \u043b\u044e\u043b\u044c\u043a\u0438, \u0410\u0432\u0442\u043e\u043a\u0440\u0435\u0441\u043b\u0430 0-25 \u043a\u0433, \u0421\u043d\u0430\u0440\u044f\u0436\u0435\u043d\u0438\u044f \u0431\u0435\u0437\u043e\u043f\u0430\u0441\u043d\u043e\u0441\u0442\u0438, Axkid, A\u0432\u0442\u043e\u043a\u0440\u0435\u0441\u043b\u043e \u0441\u043f\u0438\u043d\u043e\u0439 \u043f\u043e \u0445\u043e\u0434\u0443, Axkid One 3 , Beebipood\",\"isPartOf\":{\"@id\":\"https:\/\/beebipood.ee\/ru\/#website\"},\"primaryImageOfPage\":{\"@id\":\"https:\/\/beebipood.ee\/ru\/produkt\/axkid-one-3-turvatool-40-125cm-glacier-lake-blue\/#primaryimage\"},\"image\":{\"@id\":\"https:\/\/beebipood.ee\/ru\/produkt\/axkid-one-3-turvatool-40-125cm-glacier-lake-blue\/#primaryimage\"},\"thumbnailUrl\":\"https:\/\/beebipood.ee\/wp-content\/uploads\/2020\/09\/Axkid-One-3-turvatool-40125cm-glacier-lake-blue-Turvatoolid-hallid-Turvatoolid-025-kg-Turvavarustus-Ladu-tuhjaks-Axkid-SSS-Turvatoolid-Axkid-One-3-_14-500-scaled.jpeg\",\"datePublished\":\"2020-09-03T09:00:05+00:00\",\"dateModified\":\"2025-01-09T08:48:17+00:00\",\"description\":\"Axkid One+ 3 turvatool 40-125cm, glacier lake blue, Axkid ONE+ 3 - &Uuml;ks turvatool l&auml;bi lapsep&otilde;lve!AXKID ONE+ 3 annab\",\"breadcrumb\":{\"@id\":\"https:\/\/beebipood.ee\/ru\/produkt\/axkid-one-3-turvatool-40-125cm-glacier-lake-blue\/#breadcrumb\"},\"inLanguage\":\"ru-RU\",\"potentialAction\":[{\"@type\":\"ReadAction\",\"target\":[\"https:\/\/beebipood.ee\/ru\/produkt\/axkid-one-3-turvatool-40-125cm-glacier-lake-blue\/\"]}]},{\"@type\":\"ImageObject\",\"inLanguage\":\"ru-RU\",\"@id\":\"https:\/\/beebipood.ee\/ru\/produkt\/axkid-one-3-turvatool-40-125cm-glacier-lake-blue\/#primaryimage\",\"url\":\"https:\/\/beebipood.ee\/wp-content\/uploads\/2020\/09\/Axkid-One-3-turvatool-40125cm-glacier-lake-blue-Turvatoolid-hallid-Turvatoolid-025-kg-Turvavarustus-Ladu-tuhjaks-Axkid-SSS-Turvatoolid-Axkid-One-3-_14-500-scaled.jpeg\",\"contentUrl\":\"https:\/\/beebipood.ee\/wp-content\/uploads\/2020\/09\/Axkid-One-3-turvatool-40125cm-glacier-lake-blue-Turvatoolid-hallid-Turvatoolid-025-kg-Turvavarustus-Ladu-tuhjaks-Axkid-SSS-Turvatoolid-Axkid-One-3-_14-500-scaled.jpeg\",\"width\":2560,\"height\":2555},{\"@type\":\"BreadcrumbList\",\"@id\":\"https:\/\/beebipood.ee\/ru\/produkt\/axkid-one-3-turvatool-40-125cm-glacier-lake-blue\/#breadcrumb\",\"itemListElement\":[{\"@type\":\"ListItem\",\"position\":1,\"name\":\"Home\",\"item\":\"https:\/\/beebipood.ee\/ru\/\"},{\"@type\":\"ListItem\",\"position\":2,\"name\":\"\u041a\u0430\u0442\u0430\u043b\u043e\u0433 \u0442\u043e\u0432\u0430\u0440\u043e\u0432\",\"item\":\"https:\/\/beebipood.ee\/tooted\/\"},{\"@type\":\"ListItem\",\"position\":3,\"name\":\"Axkid One+ 3 turvatool 40-125cm, glacier lake blue\"}]},{\"@type\":\"WebSite\",\"@id\":\"https:\/\/beebipood.ee\/ru\/#website\",\"url\":\"https:\/\/beebipood.ee\/ru\/\",\"name\":\"Beebipood\",\"description\":\"Lastekaubad, beebikaubad, m\u00e4nguasjad\",\"publisher\":{\"@id\":\"https:\/\/beebipood.ee\/ru\/#organization\"},\"potentialAction\":[{\"@type\":\"SearchAction\",\"target\":{\"@type\":\"EntryPoint\",\"urlTemplate\":\"https:\/\/beebipood.ee\/ru\/?s={search_term_string}\"},\"query-input\":{\"@type\":\"PropertyValueSpecification\",\"valueRequired\":true,\"valueName\":\"search_term_string\"}}],\"inLanguage\":\"ru-RU\"},{\"@type\":\"Organization\",\"@id\":\"https:\/\/beebipood.ee\/ru\/#organization\",\"name\":\"Beebipood\",\"url\":\"https:\/\/beebipood.ee\/ru\/\",\"logo\":{\"@type\":\"ImageObject\",\"inLanguage\":\"ru-RU\",\"@id\":\"https:\/\/beebipood.ee\/ru\/#\/schema\/logo\/image\/\",\"url\":\"https:\/\/beebipood.ee\/wp-content\/uploads\/2025\/03\/beebipood.ee-logo-1.svg\",\"contentUrl\":\"https:\/\/beebipood.ee\/wp-content\/uploads\/2025\/03\/beebipood.ee-logo-1.svg\",\"caption\":\"Beebipood\"},\"image\":{\"@id\":\"https:\/\/beebipood.ee\/ru\/#\/schema\/logo\/image\/\"}}]}<\/script>\n<!-- \/ Yoast SEO plugin. -->","yoast_head_json":{"title":"Axkid One+ 3 turvatool 40-125cm, glacier lake blue, \u0421\u041a\u0418\u0414\u041a\u0418, \u041d\u041e\u0412\u042b\u0415 \u0422\u041e\u0412\u0410\u0420\u042b, \u0410\u0432\u0442\u043e\u043a\u0440\u0435\u0441\u043b\u0430, \u043b\u044e\u043b\u044c\u043a\u0438, \u0410\u0432\u0442\u043e\u043a\u0440\u0435\u0441\u043b\u0430 0-25 \u043a\u0433, \u0421\u043d\u0430\u0440\u044f\u0436\u0435\u043d\u0438\u044f \u0431\u0435\u0437\u043e\u043f\u0430\u0441\u043d\u043e\u0441\u0442\u0438, Axkid, A\u0432\u0442\u043e\u043a\u0440\u0435\u0441\u043b\u043e \u0441\u043f\u0438\u043d\u043e\u0439 \u043f\u043e \u0445\u043e\u0434\u0443, Axkid One 3 , Beebipood","description":"Axkid One+ 3 turvatool 40-125cm, glacier lake blue, Axkid ONE+ 3 - &Uuml;ks turvatool l&auml;bi lapsep&otilde;lve!AXKID ONE+ 3 annab","robots":{"index":"index","follow":"follow","max-snippet":"max-snippet:-1","max-image-preview":"max-image-preview:large","max-video-preview":"max-video-preview:-1"},"canonical":"https:\/\/beebipood.ee\/ru\/produkt\/axkid-one-3-turvatool-40-125cm-glacier-lake-blue\/","og_locale":"ru_RU","og_type":"article","og_title":"Axkid One+ 3 turvatool 40-125cm, glacier lake blue, \u0421\u041a\u0418\u0414\u041a\u0418, \u041d\u041e\u0412\u042b\u0415 \u0422\u041e\u0412\u0410\u0420\u042b, \u0410\u0432\u0442\u043e\u043a\u0440\u0435\u0441\u043b\u0430, \u043b\u044e\u043b\u044c\u043a\u0438, \u0410\u0432\u0442\u043e\u043a\u0440\u0435\u0441\u043b\u0430 0-25 \u043a\u0433, \u0421\u043d\u0430\u0440\u044f\u0436\u0435\u043d\u0438\u044f \u0431\u0435\u0437\u043e\u043f\u0430\u0441\u043d\u043e\u0441\u0442\u0438, Axkid, A\u0432\u0442\u043e\u043a\u0440\u0435\u0441\u043b\u043e \u0441\u043f\u0438\u043d\u043e\u0439 \u043f\u043e \u0445\u043e\u0434\u0443, Axkid One 3 , Beebipood","og_description":"Axkid One+ 3 turvatool 40-125cm, glacier lake blue, Axkid ONE+ 3 - &Uuml;ks turvatool l&auml;bi lapsep&otilde;lve!AXKID ONE+ 3 annab","og_url":"https:\/\/beebipood.ee\/ru\/produkt\/axkid-one-3-turvatool-40-125cm-glacier-lake-blue\/","og_site_name":"Beebipood","article_modified_time":"2025-01-09T08:48:17+00:00","og_image":[{"width":2560,"height":2555,"url":"https:\/\/beebipood.ee\/wp-content\/uploads\/2020\/09\/Axkid-One-3-turvatool-40125cm-glacier-lake-blue-Turvatoolid-hallid-Turvatoolid-025-kg-Turvavarustus-Ladu-tuhjaks-Axkid-SSS-Turvatoolid-Axkid-One-3-_14-500-scaled.jpeg","type":"image\/jpeg"}],"twitter_card":"summary_large_image","twitter_misc":{"\u041f\u0440\u0438\u043c\u0435\u0440\u043d\u043e\u0435 \u0432\u0440\u0435\u043c\u044f \u0434\u043b\u044f \u0447\u0442\u0435\u043d\u0438\u044f":"3 \u043c\u0438\u043d\u0443\u0442\u044b"},"schema":{"@context":"https:\/\/schema.org","@graph":[{"@type":"WebPage","@id":"https:\/\/beebipood.ee\/ru\/produkt\/axkid-one-3-turvatool-40-125cm-glacier-lake-blue\/","url":"https:\/\/beebipood.ee\/ru\/produkt\/axkid-one-3-turvatool-40-125cm-glacier-lake-blue\/","name":"Axkid One+ 3 turvatool 40-125cm, glacier lake blue, \u0421\u041a\u0418\u0414\u041a\u0418, \u041d\u041e\u0412\u042b\u0415 \u0422\u041e\u0412\u0410\u0420\u042b, \u0410\u0432\u0442\u043e\u043a\u0440\u0435\u0441\u043b\u0430, \u043b\u044e\u043b\u044c\u043a\u0438, \u0410\u0432\u0442\u043e\u043a\u0440\u0435\u0441\u043b\u0430 0-25 \u043a\u0433, \u0421\u043d\u0430\u0440\u044f\u0436\u0435\u043d\u0438\u044f \u0431\u0435\u0437\u043e\u043f\u0430\u0441\u043d\u043e\u0441\u0442\u0438, Axkid, A\u0432\u0442\u043e\u043a\u0440\u0435\u0441\u043b\u043e \u0441\u043f\u0438\u043d\u043e\u0439 \u043f\u043e \u0445\u043e\u0434\u0443, Axkid One 3 , Beebipood","isPartOf":{"@id":"https:\/\/beebipood.ee\/ru\/#website"},"primaryImageOfPage":{"@id":"https:\/\/beebipood.ee\/ru\/produkt\/axkid-one-3-turvatool-40-125cm-glacier-lake-blue\/#primaryimage"},"image":{"@id":"https:\/\/beebipood.ee\/ru\/produkt\/axkid-one-3-turvatool-40-125cm-glacier-lake-blue\/#primaryimage"},"thumbnailUrl":"https:\/\/beebipood.ee\/wp-content\/uploads\/2020\/09\/Axkid-One-3-turvatool-40125cm-glacier-lake-blue-Turvatoolid-hallid-Turvatoolid-025-kg-Turvavarustus-Ladu-tuhjaks-Axkid-SSS-Turvatoolid-Axkid-One-3-_14-500-scaled.jpeg","datePublished":"2020-09-03T09:00:05+00:00","dateModified":"2025-01-09T08:48:17+00:00","description":"Axkid One+ 3 turvatool 40-125cm, glacier lake blue, Axkid ONE+ 3 - &Uuml;ks turvatool l&auml;bi lapsep&otilde;lve!AXKID ONE+ 3 annab","breadcrumb":{"@id":"https:\/\/beebipood.ee\/ru\/produkt\/axkid-one-3-turvatool-40-125cm-glacier-lake-blue\/#breadcrumb"},"inLanguage":"ru-RU","potentialAction":[{"@type":"ReadAction","target":["https:\/\/beebipood.ee\/ru\/produkt\/axkid-one-3-turvatool-40-125cm-glacier-lake-blue\/"]}]},{"@type":"ImageObject","inLanguage":"ru-RU","@id":"https:\/\/beebipood.ee\/ru\/produkt\/axkid-one-3-turvatool-40-125cm-glacier-lake-blue\/#primaryimage","url":"https:\/\/beebipood.ee\/wp-content\/uploads\/2020\/09\/Axkid-One-3-turvatool-40125cm-glacier-lake-blue-Turvatoolid-hallid-Turvatoolid-025-kg-Turvavarustus-Ladu-tuhjaks-Axkid-SSS-Turvatoolid-Axkid-One-3-_14-500-scaled.jpeg","contentUrl":"https:\/\/beebipood.ee\/wp-content\/uploads\/2020\/09\/Axkid-One-3-turvatool-40125cm-glacier-lake-blue-Turvatoolid-hallid-Turvatoolid-025-kg-Turvavarustus-Ladu-tuhjaks-Axkid-SSS-Turvatoolid-Axkid-One-3-_14-500-scaled.jpeg","width":2560,"height":2555},{"@type":"BreadcrumbList","@id":"https:\/\/beebipood.ee\/ru\/produkt\/axkid-one-3-turvatool-40-125cm-glacier-lake-blue\/#breadcrumb","itemListElement":[{"@type":"ListItem","position":1,"name":"Home","item":"https:\/\/beebipood.ee\/ru\/"},{"@type":"ListItem","position":2,"name":"\u041a\u0430\u0442\u0430\u043b\u043e\u0433 \u0442\u043e\u0432\u0430\u0440\u043e\u0432","item":"https:\/\/beebipood.ee\/tooted\/"},{"@type":"ListItem","position":3,"name":"Axkid One+ 3 turvatool 40-125cm, glacier lake blue"}]},{"@type":"WebSite","@id":"https:\/\/beebipood.ee\/ru\/#website","url":"https:\/\/beebipood.ee\/ru\/","name":"Beebipood","description":"Lastekaubad, beebikaubad, m\u00e4nguasjad","publisher":{"@id":"https:\/\/beebipood.ee\/ru\/#organization"},"potentialAction":[{"@type":"SearchAction","target":{"@type":"EntryPoint","urlTemplate":"https:\/\/beebipood.ee\/ru\/?s={search_term_string}"},"query-input":{"@type":"PropertyValueSpecification","valueRequired":true,"valueName":"search_term_string"}}],"inLanguage":"ru-RU"},{"@type":"Organization","@id":"https:\/\/beebipood.ee\/ru\/#organization","name":"Beebipood","url":"https:\/\/beebipood.ee\/ru\/","logo":{"@type":"ImageObject","inLanguage":"ru-RU","@id":"https:\/\/beebipood.ee\/ru\/#\/schema\/logo\/image\/","url":"https:\/\/beebipood.ee\/wp-content\/uploads\/2025\/03\/beebipood.ee-logo-1.svg","contentUrl":"https:\/\/beebipood.ee\/wp-content\/uploads\/2025\/03\/beebipood.ee-logo-1.svg","caption":"Beebipood"},"image":{"@id":"https:\/\/beebipood.ee\/ru\/#\/schema\/logo\/image\/"}}]}},"brands":[{"id":11955,"name":"Axkid","slug":"axkid-ru"}],"_links":{"self":[{"href":"https:\/\/beebipood.ee\/ru\/wp-json\/wp\/v2\/product\/459549","targetHints":{"allow":["GET"]}}],"collection":[{"href":"https:\/\/beebipood.ee\/ru\/wp-json\/wp\/v2\/product"}],"about":[{"href":"https:\/\/beebipood.ee\/ru\/wp-json\/wp\/v2\/types\/product"}],"wp:featuredmedia":[{"embeddable":true,"href":"https:\/\/beebipood.ee\/ru\/wp-json\/wp\/v2\/media\/173098"}],"wp:attachment":[{"href":"https:\/\/beebipood.ee\/ru\/wp-json\/wp\/v2\/media?parent=459549"}],"wp:term":[{"taxonomy":"pwb-brand","embeddable":true,"href":"https:\/\/beebipood.ee\/ru\/wp-json\/wp\/v2\/pwb-brand?post=459549"},{"taxonomy":"product_brand","embeddable":true,"href":"https:\/\/beebipood.ee\/ru\/wp-json\/wp\/v2\/product_brand?post=459549"},{"taxonomy":"product_cat","embeddable":true,"href":"https:\/\/beebipood.ee\/ru\/wp-json\/wp\/v2\/product_cat?post=459549"},{"taxonomy":"product_tag","embeddable":true,"href":"https:\/\/beebipood.ee\/ru\/wp-json\/wp\/v2\/product_tag?post=459549"}],"curies":[{"name":"wp","href":"https:\/\/api.w.org\/{rel}","templated":true}]}}