{"id":459551,"date":"2025-11-13T09:43:32","date_gmt":"2025-11-13T07:43:32","guid":{"rendered":"https:\/\/beebipood.ee\/toode\/thule-sleek-vankrikomplekt-2in1-midnight-black\/"},"modified":"2025-11-13T12:22:58","modified_gmt":"2025-11-13T10:22:58","slug":"thule-sleek-2-vankrikomplekt-2in1-black","status":"publish","type":"product","link":"https:\/\/beebipood.ee\/ru\/produkt\/thule-sleek-2-vankrikomplekt-2in1-black\/","title":{"rendered":"Thule Sleek 2 vankrikomplekt 2in1, Black"},"content":{"rendered":"<h3 data-start=\"408\" data-end=\"495\"><strong data-start=\"412\" data-end=\"495\">Thule Sleek 2 jalutusk\u00e4ru komplekt \u2013 mugav ja paindlik alates esimesest p\u00e4evast<\/strong><\/h3>\n<p data-start=\"497\" data-end=\"765\">Avasta maailma koos oma lapsega \u2013 alates vasts\u00fcndinust kuni uudishimuliku v\u00e4ikelapseni.\u00a0<strong data-start=\"585\" data-end=\"623\">Thule Sleek 2 jalutusk\u00e4ru komplekt<\/strong>, mis sisaldab nii jalutusk\u00e4ru kui ka avarat vankrikorvi, on ideaalne valik aktiivsetele vanematele, kes hindavad mugavust, turvalisust ja stiili.<\/p>\n<p data-start=\"767\" data-end=\"1080\">Kerge ja sujuvalt man\u00f6\u00f6verdatav jalutusk\u00e4ru sobib suurep\u00e4raselt linnakeskkonda \u2013 olgu teel rahvarohked t\u00e4navad v\u00f5i ebatasased k\u00f5nniteed. T\u00e4nu kaasa olevale suurele isteosale kasvab\u00a0<strong data-start=\"941\" data-end=\"958\">Thule Sleek 2<\/strong>\u00a0koos teie lapsega ning vajadusel saab seda h\u00f5lpsalt laiendada teise lapse istmega \u2013 t\u00e4iuslik lahendus kasvavale perele.<\/p>\n<hr data-start=\"1082\" data-end=\"1085\" \/>\n<h4 data-start=\"1087\" data-end=\"1108\"><strong data-start=\"1092\" data-end=\"1108\">P\u00f5hiomadused<\/strong><\/h4>\n<ul data-start=\"1109\" data-end=\"2084\">\n<li data-start=\"1109\" data-end=\"1207\">\n<p data-start=\"1111\" data-end=\"1207\">\ud83d\udca4\u00a0<strong data-start=\"1114\" data-end=\"1137\">Avar ja hubane vankrikorv\u00a0<\/strong>\u2013 ventileeritud p\u00f5hi ja mugav madrats tagavad lapsele rahuliku une.<\/p>\n<\/li>\n<li data-start=\"1208\" data-end=\"1313\">\n<p data-start=\"1210\" data-end=\"1313\">\ud83c\udf26\ufe0f\u00a0<strong data-start=\"1214\" data-end=\"1242\">Ilmastikukindel kaarvari<\/strong>\u00a0\u2013 UPF 50+ UV-kaitse ja reguleeritav k\u00f5rgus, mis kasvab koos lapsega.<\/p>\n<\/li>\n<li data-start=\"1314\" data-end=\"1421\">\n<p data-start=\"1316\" data-end=\"1421\">\ud83e\udeb6\u00a0<strong data-start=\"1319\" data-end=\"1345\">Paindlik ja mugav iste<\/strong>\u00a0\u2013 kolme asendiga p\u00f6\u00f6ratav iste pakub mugavust nii une- kui m\u00e4nguhetkedel.<\/p>\n<\/li>\n<li data-start=\"1422\" data-end=\"1533\">\n<p data-start=\"1424\" data-end=\"1533\">\ud83d\udc76\u00a0<strong data-start=\"1427\" data-end=\"1469\">Ruumikas istumisosa ja reguleeritav jalatugi<\/strong>\u00a0\u2013 tagab lapsele maksimaalse mugavuse, ka kahe lapse re\u017eiimis.<\/p>\n<\/li>\n<li data-start=\"1534\" data-end=\"1657\">\n<p data-start=\"1536\" data-end=\"1657\">\ud83d\udc68\u200d\ud83d\udc69\u200d\ud83d\udc67\u00a0<strong data-start=\"1545\" data-end=\"1565\">Kasvavale perele<\/strong>\u00a0\u2013 v\u00f5imalus lisada teise lapse istumisosa v\u00f5i turvah\u00e4ll, et mahutada \u00f5desid-vendi v\u00f5i kaksikuid.<\/p>\n<\/li>\n<li data-start=\"1658\" data-end=\"1763\">\n<p data-start=\"1660\" data-end=\"1763\">\ud83d\ude97\u00a0<strong data-start=\"1663\" data-end=\"1692\">Sujuv s\u00f5it igal maastikul<\/strong>\u00a0\u2013 neljaratta vedrustus summutab p\u00f5rutused ja tagab mugava s\u00f5idu.<\/p>\n<\/li>\n<li data-start=\"1764\" data-end=\"1878\">\n<p data-start=\"1766\" data-end=\"1878\">\ud83d\udede\u00a0<strong data-start=\"1769\" data-end=\"1792\">T\u00f5rgeteta juhtimine<\/strong>\u00a0\u2013 vahtrehvid, p\u00f6\u00f6rlevad lukustatavad esirattad ja helkuriga veljed turvaliseks jalutusk\u00e4iguks.<\/p>\n<\/li>\n<li data-start=\"1879\" data-end=\"1990\">\n<p data-start=\"1881\" data-end=\"1990\">\ud83d\udce6\u00a0<strong data-start=\"1884\" data-end=\"1907\">Ruumikas kaubakorv<\/strong>\u00a0\u2013 mahukas kinnine kaubakorv hoiab k\u00f5ik vajalikud asjad k\u00e4ep\u00e4rast ja kaitstuna.<\/p>\n<\/li>\n<li data-start=\"1991\" data-end=\"2084\">\n<p data-start=\"1993\" data-end=\"2084\">\ud83d\udd12\u00a0<strong data-start=\"1996\" data-end=\"2020\">Kompaktne kokkupanek<\/strong>\u00a0\u2013 automaatlukuga, iseseisev kokkupanek lihtsaks hoiustamiseks.<\/p>\n<\/li>\n<\/ul>\n<hr data-start=\"2086\" data-end=\"2089\" \/>\n<h4 data-start=\"2091\" data-end=\"2117\"><strong data-start=\"2096\" data-end=\"2117\">Tehnilised andmed<\/strong><\/h4>\n<ul data-start=\"2118\" data-end=\"2357\">\n<li data-start=\"2118\" data-end=\"2155\">\n<p data-start=\"2120\" data-end=\"2155\">Maksimaalne lapse kaal:\u00a0<strong data-start=\"2144\" data-end=\"2153\">22 kg<\/strong><\/p>\n<\/li>\n<li data-start=\"2156\" data-end=\"2199\">\n<p data-start=\"2158\" data-end=\"2199\">Jalutusk\u00e4ru kandev\u00f5ime kokku:\u00a0<strong data-start=\"2188\" data-end=\"2197\">42 kg<\/strong><\/p>\n<\/li>\n<li data-start=\"2200\" data-end=\"2259\">\n<p data-start=\"2202\" data-end=\"2259\">M\u00f5\u00f5tmed kokkupandult (K \u00d7 L \u00d7 S):\u00a0<strong data-start=\"2236\" data-end=\"2257\">83 \u00d7 60,5 \u00d7 42 cm<\/strong><\/p>\n<\/li>\n<li data-start=\"2260\" data-end=\"2281\">\n<p data-start=\"2262\" data-end=\"2281\">Kaal:\u00a0<strong data-start=\"2268\" data-end=\"2279\">13,4 kg<\/strong><\/p>\n<\/li>\n<li data-start=\"2282\" data-end=\"2305\">\n<p data-start=\"2284\" data-end=\"2305\">\u00d5lalaius:\u00a0<strong data-start=\"2294\" data-end=\"2303\">30 cm<\/strong><\/p>\n<\/li>\n<li data-start=\"2306\" data-end=\"2334\">\n<p data-start=\"2308\" data-end=\"2334\">Istumisk\u00f5rgus:\u00a0<strong data-start=\"2323\" data-end=\"2332\">63 cm<\/strong><\/p>\n<\/li>\n<li data-start=\"2335\" data-end=\"2357\">\n<p data-start=\"2337\" data-end=\"2357\">Laius:\u00a0<strong data-start=\"2344\" data-end=\"2355\">60,5 cm<\/strong><\/p>\n<\/li>\n<\/ul>\n<hr data-start=\"2359\" data-end=\"2362\" \/>\n<h3 data-start=\"2364\" data-end=\"2400\"><strong data-start=\"2368\" data-end=\"2398\">Miks valida Thule Sleek 2?<\/strong><\/h3>\n<p data-start=\"2401\" data-end=\"2654\">Thule Sleek 2 on loodud vanematele, kes ei tee kompromisse kvaliteedi, turvalisuse ega stiili osas. See jalutusk\u00e4ru pakub mugavat ja paindlikku lahendust igaks eluperioodiks \u2013 olgu ees ootamas esimene jalutusk\u00e4ik pargis v\u00f5i igap\u00e4evased linnaseiklused.<\/p>\n","protected":false},"excerpt":{"rendered":"<p>Thule Sleek 2 jalutusk\u00e4ru komplekt \u2013 mugav ja paindlik alates esimesest p\u00e4evast Avasta maailma koos oma lapsega \u2013 alates vasts\u00fcndinust kuni uudishimuliku v\u00e4ikelapseni.\u00a0Thule Sleek 2 jalutusk\u00e4ru komplekt, mis sisaldab nii jalutusk\u00e4ru kui ka avarat vankrikorvi, on ideaalne valik aktiivsetele vanematele, kes hindavad mugavust, turvalisust ja stiili. Kerge ja sujuvalt man\u00f6\u00f6verdatav jalutusk\u00e4ru sobib suurep\u00e4raselt linnakeskkonda \u2013 [&hellip;]<\/p>\n","protected":false},"featured_media":509038,"template":"","meta":{"_acf_changed":false},"pwb-brand":[11980],"product_brand":[],"product_cat":[11573,11847,11721,11717,11827],"product_tag":[],"class_list":{"0":"post-459551","1":"product","2":"type-product","3":"status-publish","4":"has-post-thumbnail","6":"pwb-brand-thule-ru","7":"product_cat-sooduspakkumised-ru","8":"product_cat-thule-ru","9":"product_cat-jalutuskarud-ru","10":"product_cat-lastevankrid-ja-karud-ru","11":"product_cat-thule-sleek-ru","12":"pa_manufacturer-thule-ru","14":"first","15":"onbackorder","16":"sale","17":"taxable","18":"shipping-taxable","19":"purchasable","20":"product-type-simple"},"exclude_global_add_ons":[],"addons":[],"acf":[],"yoast_head":"<!-- This site is optimized with the Yoast SEO plugin v27.1.1 - https:\/\/yoast.com\/product\/yoast-seo-wordpress\/ -->\n<title>Thule Sleek vankrikomplekt 2in1, Midnight Black, \u0421\u041a\u0418\u0414\u041a\u0418, \u041d\u041e\u0412\u042b\u0415 \u0422\u041e\u0412\u0410\u0420\u042b, \u041b\u043e\u0448\u0430\u0434\u043a\u0430-\u043a\u0430\u0447\u0430\u043b\u043a\u0430, \u041a\u043e\u043b\u044f\u0441\u043a\u0438, \u041f\u0440\u043e\u0433\u0443\u043b\u043e\u0447\u043d\u044b\u0435 \u043a\u043e\u043b\u044f\u0441\u043a\u0438, Thule Sleek, THULE, Beebipood<\/title>\n<meta name=\"description\" content=\"Thule Sleek vankrikomplekt 2in1, Midnight Black, Thule Sleek stiilne ja mugav vankrikomplekt linnas liikumiseks.Thule Sleek annab te\" \/>\n<meta name=\"robots\" content=\"index, follow, max-snippet:-1, max-image-preview:large, max-video-preview:-1\" \/>\n<link rel=\"canonical\" href=\"https:\/\/beebipood.ee\/ru\/produkt\/thule-sleek-2-vankrikomplekt-2in1-black\/\" \/>\n<meta property=\"og:locale\" content=\"ru_RU\" \/>\n<meta property=\"og:type\" content=\"article\" \/>\n<meta property=\"og:title\" content=\"Thule Sleek vankrikomplekt 2in1, Midnight Black, \u0421\u041a\u0418\u0414\u041a\u0418, \u041d\u041e\u0412\u042b\u0415 \u0422\u041e\u0412\u0410\u0420\u042b, \u041b\u043e\u0448\u0430\u0434\u043a\u0430-\u043a\u0430\u0447\u0430\u043b\u043a\u0430, \u041a\u043e\u043b\u044f\u0441\u043a\u0438, \u041f\u0440\u043e\u0433\u0443\u043b\u043e\u0447\u043d\u044b\u0435 \u043a\u043e\u043b\u044f\u0441\u043a\u0438, Thule Sleek, THULE, Beebipood\" \/>\n<meta property=\"og:description\" content=\"Thule Sleek vankrikomplekt 2in1, Midnight Black, Thule Sleek stiilne ja mugav vankrikomplekt linnas liikumiseks.Thule Sleek annab te\" \/>\n<meta property=\"og:url\" content=\"https:\/\/beebipood.ee\/ru\/produkt\/thule-sleek-2-vankrikomplekt-2in1-black\/\" \/>\n<meta property=\"og:site_name\" content=\"Beebipood\" \/>\n<meta property=\"article:modified_time\" content=\"2025-11-13T10:22:58+00:00\" \/>\n<meta property=\"og:image\" content=\"https:\/\/beebipood.ee\/wp-content\/uploads\/2020\/09\/thule-sleek-2-black3.jpg\" \/>\n\t<meta property=\"og:image:width\" content=\"1200\" \/>\n\t<meta property=\"og:image:height\" content=\"1200\" \/>\n\t<meta property=\"og:image:type\" content=\"image\/jpeg\" \/>\n<meta name=\"twitter:card\" content=\"summary_large_image\" \/>\n<meta name=\"twitter:label1\" content=\"\u041f\u0440\u0438\u043c\u0435\u0440\u043d\u043e\u0435 \u0432\u0440\u0435\u043c\u044f \u0434\u043b\u044f \u0447\u0442\u0435\u043d\u0438\u044f\" \/>\n\t<meta name=\"twitter:data1\" content=\"2 \u043c\u0438\u043d\u0443\u0442\u044b\" \/>\n<script type=\"application\/ld+json\" class=\"yoast-schema-graph\">{\"@context\":\"https:\/\/schema.org\",\"@graph\":[{\"@type\":\"WebPage\",\"@id\":\"https:\/\/beebipood.ee\/ru\/produkt\/thule-sleek-2-vankrikomplekt-2in1-black\/\",\"url\":\"https:\/\/beebipood.ee\/ru\/produkt\/thule-sleek-2-vankrikomplekt-2in1-black\/\",\"name\":\"Thule Sleek vankrikomplekt 2in1, Midnight Black, \u0421\u041a\u0418\u0414\u041a\u0418, \u041d\u041e\u0412\u042b\u0415 \u0422\u041e\u0412\u0410\u0420\u042b, \u041b\u043e\u0448\u0430\u0434\u043a\u0430-\u043a\u0430\u0447\u0430\u043b\u043a\u0430, \u041a\u043e\u043b\u044f\u0441\u043a\u0438, \u041f\u0440\u043e\u0433\u0443\u043b\u043e\u0447\u043d\u044b\u0435 \u043a\u043e\u043b\u044f\u0441\u043a\u0438, Thule Sleek, THULE, Beebipood\",\"isPartOf\":{\"@id\":\"https:\/\/beebipood.ee\/ru\/#website\"},\"primaryImageOfPage\":{\"@id\":\"https:\/\/beebipood.ee\/ru\/produkt\/thule-sleek-2-vankrikomplekt-2in1-black\/#primaryimage\"},\"image\":{\"@id\":\"https:\/\/beebipood.ee\/ru\/produkt\/thule-sleek-2-vankrikomplekt-2in1-black\/#primaryimage\"},\"thumbnailUrl\":\"https:\/\/beebipood.ee\/wp-content\/uploads\/2020\/09\/thule-sleek-2-black3.jpg\",\"datePublished\":\"2025-11-13T07:43:32+00:00\",\"dateModified\":\"2025-11-13T10:22:58+00:00\",\"description\":\"Thule Sleek vankrikomplekt 2in1, Midnight Black, Thule Sleek stiilne ja mugav vankrikomplekt linnas liikumiseks.Thule Sleek annab te\",\"breadcrumb\":{\"@id\":\"https:\/\/beebipood.ee\/ru\/produkt\/thule-sleek-2-vankrikomplekt-2in1-black\/#breadcrumb\"},\"inLanguage\":\"ru-RU\",\"potentialAction\":[{\"@type\":\"ReadAction\",\"target\":[\"https:\/\/beebipood.ee\/ru\/produkt\/thule-sleek-2-vankrikomplekt-2in1-black\/\"]}]},{\"@type\":\"ImageObject\",\"inLanguage\":\"ru-RU\",\"@id\":\"https:\/\/beebipood.ee\/ru\/produkt\/thule-sleek-2-vankrikomplekt-2in1-black\/#primaryimage\",\"url\":\"https:\/\/beebipood.ee\/wp-content\/uploads\/2020\/09\/thule-sleek-2-black3.jpg\",\"contentUrl\":\"https:\/\/beebipood.ee\/wp-content\/uploads\/2020\/09\/thule-sleek-2-black3.jpg\",\"width\":1200,\"height\":1200},{\"@type\":\"BreadcrumbList\",\"@id\":\"https:\/\/beebipood.ee\/ru\/produkt\/thule-sleek-2-vankrikomplekt-2in1-black\/#breadcrumb\",\"itemListElement\":[{\"@type\":\"ListItem\",\"position\":1,\"name\":\"Home\",\"item\":\"https:\/\/beebipood.ee\/ru\/\"},{\"@type\":\"ListItem\",\"position\":2,\"name\":\"\u041a\u0430\u0442\u0430\u043b\u043e\u0433 \u0442\u043e\u0432\u0430\u0440\u043e\u0432\",\"item\":\"https:\/\/beebipood.ee\/tooted\/\"},{\"@type\":\"ListItem\",\"position\":3,\"name\":\"Thule Sleek 2 vankrikomplekt 2in1, Black\"}]},{\"@type\":\"WebSite\",\"@id\":\"https:\/\/beebipood.ee\/ru\/#website\",\"url\":\"https:\/\/beebipood.ee\/ru\/\",\"name\":\"Beebipood\",\"description\":\"Lastekaubad, beebikaubad, m\u00e4nguasjad\",\"publisher\":{\"@id\":\"https:\/\/beebipood.ee\/ru\/#organization\"},\"potentialAction\":[{\"@type\":\"SearchAction\",\"target\":{\"@type\":\"EntryPoint\",\"urlTemplate\":\"https:\/\/beebipood.ee\/ru\/?s={search_term_string}\"},\"query-input\":{\"@type\":\"PropertyValueSpecification\",\"valueRequired\":true,\"valueName\":\"search_term_string\"}}],\"inLanguage\":\"ru-RU\"},{\"@type\":\"Organization\",\"@id\":\"https:\/\/beebipood.ee\/ru\/#organization\",\"name\":\"Beebipood\",\"url\":\"https:\/\/beebipood.ee\/ru\/\",\"logo\":{\"@type\":\"ImageObject\",\"inLanguage\":\"ru-RU\",\"@id\":\"https:\/\/beebipood.ee\/ru\/#\/schema\/logo\/image\/\",\"url\":\"https:\/\/beebipood.ee\/wp-content\/uploads\/2025\/03\/beebipood.ee-logo-1.svg\",\"contentUrl\":\"https:\/\/beebipood.ee\/wp-content\/uploads\/2025\/03\/beebipood.ee-logo-1.svg\",\"caption\":\"Beebipood\"},\"image\":{\"@id\":\"https:\/\/beebipood.ee\/ru\/#\/schema\/logo\/image\/\"}}]}<\/script>\n<!-- \/ Yoast SEO plugin. -->","yoast_head_json":{"title":"Thule Sleek vankrikomplekt 2in1, Midnight Black, \u0421\u041a\u0418\u0414\u041a\u0418, \u041d\u041e\u0412\u042b\u0415 \u0422\u041e\u0412\u0410\u0420\u042b, \u041b\u043e\u0448\u0430\u0434\u043a\u0430-\u043a\u0430\u0447\u0430\u043b\u043a\u0430, \u041a\u043e\u043b\u044f\u0441\u043a\u0438, \u041f\u0440\u043e\u0433\u0443\u043b\u043e\u0447\u043d\u044b\u0435 \u043a\u043e\u043b\u044f\u0441\u043a\u0438, Thule Sleek, THULE, Beebipood","description":"Thule Sleek vankrikomplekt 2in1, Midnight Black, Thule Sleek stiilne ja mugav vankrikomplekt linnas liikumiseks.Thule Sleek annab te","robots":{"index":"index","follow":"follow","max-snippet":"max-snippet:-1","max-image-preview":"max-image-preview:large","max-video-preview":"max-video-preview:-1"},"canonical":"https:\/\/beebipood.ee\/ru\/produkt\/thule-sleek-2-vankrikomplekt-2in1-black\/","og_locale":"ru_RU","og_type":"article","og_title":"Thule Sleek vankrikomplekt 2in1, Midnight Black, \u0421\u041a\u0418\u0414\u041a\u0418, \u041d\u041e\u0412\u042b\u0415 \u0422\u041e\u0412\u0410\u0420\u042b, \u041b\u043e\u0448\u0430\u0434\u043a\u0430-\u043a\u0430\u0447\u0430\u043b\u043a\u0430, \u041a\u043e\u043b\u044f\u0441\u043a\u0438, \u041f\u0440\u043e\u0433\u0443\u043b\u043e\u0447\u043d\u044b\u0435 \u043a\u043e\u043b\u044f\u0441\u043a\u0438, Thule Sleek, THULE, Beebipood","og_description":"Thule Sleek vankrikomplekt 2in1, Midnight Black, Thule Sleek stiilne ja mugav vankrikomplekt linnas liikumiseks.Thule Sleek annab te","og_url":"https:\/\/beebipood.ee\/ru\/produkt\/thule-sleek-2-vankrikomplekt-2in1-black\/","og_site_name":"Beebipood","article_modified_time":"2025-11-13T10:22:58+00:00","og_image":[{"width":1200,"height":1200,"url":"https:\/\/beebipood.ee\/wp-content\/uploads\/2020\/09\/thule-sleek-2-black3.jpg","type":"image\/jpeg"}],"twitter_card":"summary_large_image","twitter_misc":{"\u041f\u0440\u0438\u043c\u0435\u0440\u043d\u043e\u0435 \u0432\u0440\u0435\u043c\u044f \u0434\u043b\u044f \u0447\u0442\u0435\u043d\u0438\u044f":"2 \u043c\u0438\u043d\u0443\u0442\u044b"},"schema":{"@context":"https:\/\/schema.org","@graph":[{"@type":"WebPage","@id":"https:\/\/beebipood.ee\/ru\/produkt\/thule-sleek-2-vankrikomplekt-2in1-black\/","url":"https:\/\/beebipood.ee\/ru\/produkt\/thule-sleek-2-vankrikomplekt-2in1-black\/","name":"Thule Sleek vankrikomplekt 2in1, Midnight Black, \u0421\u041a\u0418\u0414\u041a\u0418, \u041d\u041e\u0412\u042b\u0415 \u0422\u041e\u0412\u0410\u0420\u042b, \u041b\u043e\u0448\u0430\u0434\u043a\u0430-\u043a\u0430\u0447\u0430\u043b\u043a\u0430, \u041a\u043e\u043b\u044f\u0441\u043a\u0438, \u041f\u0440\u043e\u0433\u0443\u043b\u043e\u0447\u043d\u044b\u0435 \u043a\u043e\u043b\u044f\u0441\u043a\u0438, Thule Sleek, THULE, Beebipood","isPartOf":{"@id":"https:\/\/beebipood.ee\/ru\/#website"},"primaryImageOfPage":{"@id":"https:\/\/beebipood.ee\/ru\/produkt\/thule-sleek-2-vankrikomplekt-2in1-black\/#primaryimage"},"image":{"@id":"https:\/\/beebipood.ee\/ru\/produkt\/thule-sleek-2-vankrikomplekt-2in1-black\/#primaryimage"},"thumbnailUrl":"https:\/\/beebipood.ee\/wp-content\/uploads\/2020\/09\/thule-sleek-2-black3.jpg","datePublished":"2025-11-13T07:43:32+00:00","dateModified":"2025-11-13T10:22:58+00:00","description":"Thule Sleek vankrikomplekt 2in1, Midnight Black, Thule Sleek stiilne ja mugav vankrikomplekt linnas liikumiseks.Thule Sleek annab te","breadcrumb":{"@id":"https:\/\/beebipood.ee\/ru\/produkt\/thule-sleek-2-vankrikomplekt-2in1-black\/#breadcrumb"},"inLanguage":"ru-RU","potentialAction":[{"@type":"ReadAction","target":["https:\/\/beebipood.ee\/ru\/produkt\/thule-sleek-2-vankrikomplekt-2in1-black\/"]}]},{"@type":"ImageObject","inLanguage":"ru-RU","@id":"https:\/\/beebipood.ee\/ru\/produkt\/thule-sleek-2-vankrikomplekt-2in1-black\/#primaryimage","url":"https:\/\/beebipood.ee\/wp-content\/uploads\/2020\/09\/thule-sleek-2-black3.jpg","contentUrl":"https:\/\/beebipood.ee\/wp-content\/uploads\/2020\/09\/thule-sleek-2-black3.jpg","width":1200,"height":1200},{"@type":"BreadcrumbList","@id":"https:\/\/beebipood.ee\/ru\/produkt\/thule-sleek-2-vankrikomplekt-2in1-black\/#breadcrumb","itemListElement":[{"@type":"ListItem","position":1,"name":"Home","item":"https:\/\/beebipood.ee\/ru\/"},{"@type":"ListItem","position":2,"name":"\u041a\u0430\u0442\u0430\u043b\u043e\u0433 \u0442\u043e\u0432\u0430\u0440\u043e\u0432","item":"https:\/\/beebipood.ee\/tooted\/"},{"@type":"ListItem","position":3,"name":"Thule Sleek 2 vankrikomplekt 2in1, Black"}]},{"@type":"WebSite","@id":"https:\/\/beebipood.ee\/ru\/#website","url":"https:\/\/beebipood.ee\/ru\/","name":"Beebipood","description":"Lastekaubad, beebikaubad, m\u00e4nguasjad","publisher":{"@id":"https:\/\/beebipood.ee\/ru\/#organization"},"potentialAction":[{"@type":"SearchAction","target":{"@type":"EntryPoint","urlTemplate":"https:\/\/beebipood.ee\/ru\/?s={search_term_string}"},"query-input":{"@type":"PropertyValueSpecification","valueRequired":true,"valueName":"search_term_string"}}],"inLanguage":"ru-RU"},{"@type":"Organization","@id":"https:\/\/beebipood.ee\/ru\/#organization","name":"Beebipood","url":"https:\/\/beebipood.ee\/ru\/","logo":{"@type":"ImageObject","inLanguage":"ru-RU","@id":"https:\/\/beebipood.ee\/ru\/#\/schema\/logo\/image\/","url":"https:\/\/beebipood.ee\/wp-content\/uploads\/2025\/03\/beebipood.ee-logo-1.svg","contentUrl":"https:\/\/beebipood.ee\/wp-content\/uploads\/2025\/03\/beebipood.ee-logo-1.svg","caption":"Beebipood"},"image":{"@id":"https:\/\/beebipood.ee\/ru\/#\/schema\/logo\/image\/"}}]}},"brands":[{"id":11980,"name":"THULE","slug":"thule-ru"}],"_links":{"self":[{"href":"https:\/\/beebipood.ee\/ru\/wp-json\/wp\/v2\/product\/459551","targetHints":{"allow":["GET"]}}],"collection":[{"href":"https:\/\/beebipood.ee\/ru\/wp-json\/wp\/v2\/product"}],"about":[{"href":"https:\/\/beebipood.ee\/ru\/wp-json\/wp\/v2\/types\/product"}],"wp:featuredmedia":[{"embeddable":true,"href":"https:\/\/beebipood.ee\/ru\/wp-json\/wp\/v2\/media\/509038"}],"wp:attachment":[{"href":"https:\/\/beebipood.ee\/ru\/wp-json\/wp\/v2\/media?parent=459551"}],"wp:term":[{"taxonomy":"pwb-brand","embeddable":true,"href":"https:\/\/beebipood.ee\/ru\/wp-json\/wp\/v2\/pwb-brand?post=459551"},{"taxonomy":"product_brand","embeddable":true,"href":"https:\/\/beebipood.ee\/ru\/wp-json\/wp\/v2\/product_brand?post=459551"},{"taxonomy":"product_cat","embeddable":true,"href":"https:\/\/beebipood.ee\/ru\/wp-json\/wp\/v2\/product_cat?post=459551"},{"taxonomy":"product_tag","embeddable":true,"href":"https:\/\/beebipood.ee\/ru\/wp-json\/wp\/v2\/product_tag?post=459551"}],"curies":[{"name":"wp","href":"https:\/\/api.w.org\/{rel}","templated":true}]}}