{"id":459559,"date":"2026-01-27T14:06:47","date_gmt":"2026-01-27T12:06:47","guid":{"rendered":"https:\/\/beebipood.ee\/toode\/thule-sleek-vankrikomplekt-2in1-black-midnight-black\/"},"modified":"2026-01-27T14:34:02","modified_gmt":"2026-01-27T12:34:02","slug":"thule-sleek-2-jalutuskaru-black","status":"publish","type":"product","link":"https:\/\/beebipood.ee\/ru\/produkt\/thule-sleek-2-jalutuskaru-black\/","title":{"rendered":"Thule Sleek 2 jalutusk\u00e4ru, Black"},"content":{"rendered":"<h3 data-start=\"138\" data-end=\"198\">Thule Sleek 2 \u2013 jalutusk\u00e4ru, mis kasvab koos teie perega<\/h3>\n<p data-start=\"200\" data-end=\"464\">Avasta Thule Sleek 2 \u2013 nutikas ja mitmek\u00fclgne jalutusk\u00e4ru, mis on loodud aktiivsetele peredele . Kerge, sujuvalt juhitav ja mugav nii lapsele kui ka vanemale. Sobib kasutamiseks alates s\u00fcnnist ning vajadusel kohandub h\u00f5lpsasti kahe lapse k\u00e4ruks.<\/p>\n<h4 data-start=\"466\" data-end=\"496\">Mugav igap\u00e4evane kaaslane<\/h4>\n<p data-start=\"497\" data-end=\"749\">Thule Sleek 2 on ideaalne jalutusk\u00e4ru igap\u00e4evaseks kasutamiseks \u2013 alates jalutusk\u00e4ikudest linnat\u00e4navatel kuni ebatasasemate k\u00f5nniteedeni. K\u00e4ruga saab \u00fchendada Thule vankrikorvi v\u00f5i turvatooli adapterid, et see oleks kasutusvalmis juba esimesest p\u00e4evast.<\/p>\n<h4 data-start=\"751\" data-end=\"776\">Mugavus igas asendis<\/h4>\n<ul data-start=\"777\" data-end=\"956\">\n<li data-start=\"777\" data-end=\"862\">\n<p data-start=\"779\" data-end=\"862\">P\u00f6\u00f6ratav (n\u00e4oga v\u00f5i seljaga s\u00f5idusuunas) ja kolme asendiga kallutatav iste sobib nii magamiseks kui ka istumiseks<\/p>\n<\/li>\n<li data-start=\"863\" data-end=\"956\">\n<p data-start=\"865\" data-end=\"956\">Avar iste ja reguleeritav jalatugi pakuvad lapsele piisavalt ruumi ka kahe lapse re\u017eiimis<\/p>\n<\/li>\n<\/ul>\n<h4 data-start=\"958\" data-end=\"981\">Ilmastikuks valmis<\/h4>\n<ul data-start=\"982\" data-end=\"1086\">\n<li data-start=\"982\" data-end=\"1028\">\n<p data-start=\"984\" data-end=\"1028\">Ventileeritav kaarvari UPF 50+ UV-kaitsega<\/p>\n<\/li>\n<li data-start=\"1029\" data-end=\"1086\">\n<p data-start=\"1031\" data-end=\"1086\">Varikatus kohandub lapse kasvades k\u00e4ruraami k\u00f5rgusega<\/p>\n<\/li>\n<\/ul>\n<h4 data-start=\"1088\" data-end=\"1109\">Kasvavale perele<\/h4>\n<ul data-start=\"1110\" data-end=\"1238\">\n<li data-start=\"1110\" data-end=\"1182\">\n<p data-start=\"1112\" data-end=\"1182\">V\u00f5imalus lisada teine iste \u2013 sobib \u00f5dedele-vendadele v\u00f5i kaksikutele<\/p>\n<\/li>\n<li data-start=\"1183\" data-end=\"1238\">\n<p data-start=\"1185\" data-end=\"1238\">M\u00f5lemad istmed pakuvad sama mugavust ja turvalisust<\/p>\n<\/li>\n<\/ul>\n<h4 data-start=\"1240\" data-end=\"1268\">Sujuv ja turvaline s\u00f5it<\/h4>\n<ul data-start=\"1269\" data-end=\"1433\">\n<li data-start=\"1269\" data-end=\"1330\">\n<p data-start=\"1271\" data-end=\"1330\">Neljarattaline vedrustus summutab konarlused igal maastikul<\/p>\n<\/li>\n<li data-start=\"1331\" data-end=\"1389\">\n<p data-start=\"1333\" data-end=\"1389\">Suured vahtrehvid, p\u00f6\u00f6rlevad ja lukustatavad esirattad<\/p>\n<\/li>\n<li data-start=\"1390\" data-end=\"1433\">\n<p data-start=\"1392\" data-end=\"1433\">Helkuriga veljed parandavad n\u00e4htavust<\/p>\n<\/li>\n<\/ul>\n<h4 data-start=\"1435\" data-end=\"1463\">Praktiline ja kompaktne<\/h4>\n<ul data-start=\"1464\" data-end=\"1604\">\n<li data-start=\"1464\" data-end=\"1513\">\n<p data-start=\"1466\" data-end=\"1513\">Kompaktne iseseisev kokkupanek automaatlukuga<\/p>\n<\/li>\n<li data-start=\"1514\" data-end=\"1556\">\n<p data-start=\"1516\" data-end=\"1556\">Saab kokku panna koos istmega v\u00f5i ilma<\/p>\n<\/li>\n<li data-start=\"1557\" data-end=\"1604\">\n<p data-start=\"1559\" data-end=\"1604\">Suur lukuga kaubakorv k\u00f5ige vajaliku jaoks<\/p>\n<\/li>\n<\/ul>\n<hr data-start=\"1606\" data-end=\"1609\" \/>\n<h3 data-start=\"1611\" data-end=\"1632\">Tehnilised andmed<\/h3>\n<ul data-start=\"1633\" data-end=\"1914\">\n<li data-start=\"1633\" data-end=\"1670\">\n<p data-start=\"1635\" data-end=\"1670\"><strong data-start=\"1635\" data-end=\"1662\">Lapse maksimaalne kaal:<\/strong> 22 kg<\/p>\n<\/li>\n<li data-start=\"1671\" data-end=\"1701\">\n<p data-start=\"1673\" data-end=\"1701\"><strong data-start=\"1673\" data-end=\"1683\">Sobib:<\/strong> 1 v\u00f5i 2 lapsele<\/p>\n<\/li>\n<li data-start=\"1702\" data-end=\"1723\">\n<p data-start=\"1704\" data-end=\"1723\"><strong data-start=\"1704\" data-end=\"1713\">Kaal:<\/strong> 13,4 kg<\/p>\n<\/li>\n<li data-start=\"1724\" data-end=\"1783\">\n<p data-start=\"1726\" data-end=\"1783\"><strong data-start=\"1726\" data-end=\"1763\">M\u00f5\u00f5tmed kokkupandult (K \u00d7 L \u00d7 S):<\/strong> 83 \u00d7 60,5 \u00d7 42 cm<\/p>\n<\/li>\n<li data-start=\"1784\" data-end=\"1806\">\n<p data-start=\"1786\" data-end=\"1806\"><strong data-start=\"1786\" data-end=\"1796\">Laius:<\/strong> 60,5 cm<\/p>\n<\/li>\n<li data-start=\"1807\" data-end=\"1830\">\n<p data-start=\"1809\" data-end=\"1830\"><strong data-start=\"1809\" data-end=\"1822\">\u00d5lalaius:<\/strong> 30 cm<\/p>\n<\/li>\n<li data-start=\"1831\" data-end=\"1859\">\n<p data-start=\"1833\" data-end=\"1859\"><strong data-start=\"1833\" data-end=\"1851\">Seljatoe k\u00f5rgus:<\/strong> 63 cm<\/p>\n<\/li>\n<li data-start=\"1860\" data-end=\"1914\">\n<p data-start=\"1862\" data-end=\"1914\"><strong data-start=\"1862\" data-end=\"1873\">Ohutus:<\/strong> vastab kehtivatele ohutusstandarditel<\/p>\n<\/li>\n<li data-start=\"1860\" data-end=\"1914\"><strong>Kandev\u00f5ime: <\/strong>44 kg<\/li>\n<\/ul>\n","protected":false},"excerpt":{"rendered":"<p>Thule Sleek 2 \u2013 jalutusk\u00e4ru, mis kasvab koos teie perega Avasta Thule Sleek 2 \u2013 nutikas ja mitmek\u00fclgne jalutusk\u00e4ru, mis on loodud aktiivsetele peredele . Kerge, sujuvalt juhitav ja mugav nii lapsele kui ka vanemale. Sobib kasutamiseks alates s\u00fcnnist ning vajadusel kohandub h\u00f5lpsasti kahe lapse k\u00e4ruks. Mugav igap\u00e4evane kaaslane Thule Sleek 2 on ideaalne jalutusk\u00e4ru [&hellip;]<\/p>\n","protected":false},"featured_media":509032,"template":"","meta":{"_acf_changed":false},"pwb-brand":[11980],"product_brand":[],"product_cat":[11847,11573,11721,11717,11827],"product_tag":[],"class_list":{"0":"post-459559","1":"product","2":"type-product","3":"status-publish","4":"has-post-thumbnail","6":"pwb-brand-thule-ru","7":"product_cat-thule-ru","8":"product_cat-sooduspakkumised-ru","9":"product_cat-jalutuskarud-ru","10":"product_cat-lastevankrid-ja-karud-ru","11":"product_cat-thule-sleek-ru","12":"pa_manufacturer-thule-ru","14":"first","15":"onbackorder","16":"sale","17":"taxable","18":"shipping-taxable","19":"purchasable","20":"product-type-simple"},"exclude_global_add_ons":[],"addons":[],"acf":[],"yoast_head":"<!-- This site is optimized with the Yoast SEO plugin v27.1.1 - https:\/\/yoast.com\/product\/yoast-seo-wordpress\/ -->\n<title>Thule Sleek vankrikomplekt 2in1, Black\/Midnight Black, \u0421\u041a\u0418\u0414\u041a\u0418, \u041d\u041e\u0412\u042b\u0415 \u0422\u041e\u0412\u0410\u0420\u042b, \u041b\u043e\u0448\u0430\u0434\u043a\u0430-\u043a\u0430\u0447\u0430\u043b\u043a\u0430, \u041a\u043e\u043b\u044f\u0441\u043a\u0438, \u041f\u0440\u043e\u0433\u0443\u043b\u043e\u0447\u043d\u044b\u0435 \u043a\u043e\u043b\u044f\u0441\u043a\u0438, Thule Sleek, THULE, Beebipood<\/title>\n<meta name=\"description\" content=\"Thule Sleek vankrikomplekt 2in1, Black\/Midnight Black, Thule Sleek stiilne ja mugav vankrikomplekt linnas liikumiseks.Thule Sleek an\" \/>\n<meta name=\"robots\" content=\"index, follow, max-snippet:-1, max-image-preview:large, max-video-preview:-1\" \/>\n<link rel=\"canonical\" href=\"https:\/\/beebipood.ee\/ru\/produkt\/thule-sleek-2-jalutuskaru-black\/\" \/>\n<meta property=\"og:locale\" content=\"ru_RU\" \/>\n<meta property=\"og:type\" content=\"article\" \/>\n<meta property=\"og:title\" content=\"Thule Sleek vankrikomplekt 2in1, Black\/Midnight Black, \u0421\u041a\u0418\u0414\u041a\u0418, \u041d\u041e\u0412\u042b\u0415 \u0422\u041e\u0412\u0410\u0420\u042b, \u041b\u043e\u0448\u0430\u0434\u043a\u0430-\u043a\u0430\u0447\u0430\u043b\u043a\u0430, \u041a\u043e\u043b\u044f\u0441\u043a\u0438, \u041f\u0440\u043e\u0433\u0443\u043b\u043e\u0447\u043d\u044b\u0435 \u043a\u043e\u043b\u044f\u0441\u043a\u0438, Thule Sleek, THULE, Beebipood\" \/>\n<meta property=\"og:description\" content=\"Thule Sleek vankrikomplekt 2in1, Black\/Midnight Black, Thule Sleek stiilne ja mugav vankrikomplekt linnas liikumiseks.Thule Sleek an\" \/>\n<meta property=\"og:url\" content=\"https:\/\/beebipood.ee\/ru\/produkt\/thule-sleek-2-jalutuskaru-black\/\" \/>\n<meta property=\"og:site_name\" content=\"Beebipood\" \/>\n<meta property=\"article:modified_time\" content=\"2026-01-27T12:34:02+00:00\" \/>\n<meta property=\"og:image\" content=\"https:\/\/beebipood.ee\/wp-content\/uploads\/2020\/09\/thule-sleek-2-black.webp\" \/>\n\t<meta property=\"og:image:width\" content=\"1024\" \/>\n\t<meta property=\"og:image:height\" content=\"1024\" \/>\n\t<meta property=\"og:image:type\" content=\"image\/webp\" \/>\n<meta name=\"twitter:card\" content=\"summary_large_image\" \/>\n<meta name=\"twitter:label1\" content=\"\u041f\u0440\u0438\u043c\u0435\u0440\u043d\u043e\u0435 \u0432\u0440\u0435\u043c\u044f \u0434\u043b\u044f \u0447\u0442\u0435\u043d\u0438\u044f\" \/>\n\t<meta name=\"twitter:data1\" content=\"2 \u043c\u0438\u043d\u0443\u0442\u044b\" \/>\n<script type=\"application\/ld+json\" class=\"yoast-schema-graph\">{\"@context\":\"https:\/\/schema.org\",\"@graph\":[{\"@type\":\"WebPage\",\"@id\":\"https:\/\/beebipood.ee\/ru\/produkt\/thule-sleek-2-jalutuskaru-black\/\",\"url\":\"https:\/\/beebipood.ee\/ru\/produkt\/thule-sleek-2-jalutuskaru-black\/\",\"name\":\"Thule Sleek vankrikomplekt 2in1, Black\/Midnight Black, \u0421\u041a\u0418\u0414\u041a\u0418, \u041d\u041e\u0412\u042b\u0415 \u0422\u041e\u0412\u0410\u0420\u042b, \u041b\u043e\u0448\u0430\u0434\u043a\u0430-\u043a\u0430\u0447\u0430\u043b\u043a\u0430, \u041a\u043e\u043b\u044f\u0441\u043a\u0438, \u041f\u0440\u043e\u0433\u0443\u043b\u043e\u0447\u043d\u044b\u0435 \u043a\u043e\u043b\u044f\u0441\u043a\u0438, Thule Sleek, THULE, Beebipood\",\"isPartOf\":{\"@id\":\"https:\/\/beebipood.ee\/ru\/#website\"},\"primaryImageOfPage\":{\"@id\":\"https:\/\/beebipood.ee\/ru\/produkt\/thule-sleek-2-jalutuskaru-black\/#primaryimage\"},\"image\":{\"@id\":\"https:\/\/beebipood.ee\/ru\/produkt\/thule-sleek-2-jalutuskaru-black\/#primaryimage\"},\"thumbnailUrl\":\"https:\/\/beebipood.ee\/wp-content\/uploads\/2020\/09\/thule-sleek-2-black.webp\",\"datePublished\":\"2026-01-27T12:06:47+00:00\",\"dateModified\":\"2026-01-27T12:34:02+00:00\",\"description\":\"Thule Sleek vankrikomplekt 2in1, Black\/Midnight Black, Thule Sleek stiilne ja mugav vankrikomplekt linnas liikumiseks.Thule Sleek an\",\"breadcrumb\":{\"@id\":\"https:\/\/beebipood.ee\/ru\/produkt\/thule-sleek-2-jalutuskaru-black\/#breadcrumb\"},\"inLanguage\":\"ru-RU\",\"potentialAction\":[{\"@type\":\"ReadAction\",\"target\":[\"https:\/\/beebipood.ee\/ru\/produkt\/thule-sleek-2-jalutuskaru-black\/\"]}]},{\"@type\":\"ImageObject\",\"inLanguage\":\"ru-RU\",\"@id\":\"https:\/\/beebipood.ee\/ru\/produkt\/thule-sleek-2-jalutuskaru-black\/#primaryimage\",\"url\":\"https:\/\/beebipood.ee\/wp-content\/uploads\/2020\/09\/thule-sleek-2-black.webp\",\"contentUrl\":\"https:\/\/beebipood.ee\/wp-content\/uploads\/2020\/09\/thule-sleek-2-black.webp\",\"width\":1024,\"height\":1024},{\"@type\":\"BreadcrumbList\",\"@id\":\"https:\/\/beebipood.ee\/ru\/produkt\/thule-sleek-2-jalutuskaru-black\/#breadcrumb\",\"itemListElement\":[{\"@type\":\"ListItem\",\"position\":1,\"name\":\"Home\",\"item\":\"https:\/\/beebipood.ee\/ru\/\"},{\"@type\":\"ListItem\",\"position\":2,\"name\":\"\u041a\u0430\u0442\u0430\u043b\u043e\u0433 \u0442\u043e\u0432\u0430\u0440\u043e\u0432\",\"item\":\"https:\/\/beebipood.ee\/tooted\/\"},{\"@type\":\"ListItem\",\"position\":3,\"name\":\"Thule Sleek 2 jalutusk\u00e4ru, Black\"}]},{\"@type\":\"WebSite\",\"@id\":\"https:\/\/beebipood.ee\/ru\/#website\",\"url\":\"https:\/\/beebipood.ee\/ru\/\",\"name\":\"Beebipood\",\"description\":\"Lastekaubad, beebikaubad, m\u00e4nguasjad\",\"publisher\":{\"@id\":\"https:\/\/beebipood.ee\/ru\/#organization\"},\"potentialAction\":[{\"@type\":\"SearchAction\",\"target\":{\"@type\":\"EntryPoint\",\"urlTemplate\":\"https:\/\/beebipood.ee\/ru\/?s={search_term_string}\"},\"query-input\":{\"@type\":\"PropertyValueSpecification\",\"valueRequired\":true,\"valueName\":\"search_term_string\"}}],\"inLanguage\":\"ru-RU\"},{\"@type\":\"Organization\",\"@id\":\"https:\/\/beebipood.ee\/ru\/#organization\",\"name\":\"Beebipood\",\"url\":\"https:\/\/beebipood.ee\/ru\/\",\"logo\":{\"@type\":\"ImageObject\",\"inLanguage\":\"ru-RU\",\"@id\":\"https:\/\/beebipood.ee\/ru\/#\/schema\/logo\/image\/\",\"url\":\"https:\/\/beebipood.ee\/wp-content\/uploads\/2025\/03\/beebipood.ee-logo-1.svg\",\"contentUrl\":\"https:\/\/beebipood.ee\/wp-content\/uploads\/2025\/03\/beebipood.ee-logo-1.svg\",\"caption\":\"Beebipood\"},\"image\":{\"@id\":\"https:\/\/beebipood.ee\/ru\/#\/schema\/logo\/image\/\"}}]}<\/script>\n<!-- \/ Yoast SEO plugin. -->","yoast_head_json":{"title":"Thule Sleek vankrikomplekt 2in1, Black\/Midnight Black, \u0421\u041a\u0418\u0414\u041a\u0418, \u041d\u041e\u0412\u042b\u0415 \u0422\u041e\u0412\u0410\u0420\u042b, \u041b\u043e\u0448\u0430\u0434\u043a\u0430-\u043a\u0430\u0447\u0430\u043b\u043a\u0430, \u041a\u043e\u043b\u044f\u0441\u043a\u0438, \u041f\u0440\u043e\u0433\u0443\u043b\u043e\u0447\u043d\u044b\u0435 \u043a\u043e\u043b\u044f\u0441\u043a\u0438, Thule Sleek, THULE, Beebipood","description":"Thule Sleek vankrikomplekt 2in1, Black\/Midnight Black, Thule Sleek stiilne ja mugav vankrikomplekt linnas liikumiseks.Thule Sleek an","robots":{"index":"index","follow":"follow","max-snippet":"max-snippet:-1","max-image-preview":"max-image-preview:large","max-video-preview":"max-video-preview:-1"},"canonical":"https:\/\/beebipood.ee\/ru\/produkt\/thule-sleek-2-jalutuskaru-black\/","og_locale":"ru_RU","og_type":"article","og_title":"Thule Sleek vankrikomplekt 2in1, Black\/Midnight Black, \u0421\u041a\u0418\u0414\u041a\u0418, \u041d\u041e\u0412\u042b\u0415 \u0422\u041e\u0412\u0410\u0420\u042b, \u041b\u043e\u0448\u0430\u0434\u043a\u0430-\u043a\u0430\u0447\u0430\u043b\u043a\u0430, \u041a\u043e\u043b\u044f\u0441\u043a\u0438, \u041f\u0440\u043e\u0433\u0443\u043b\u043e\u0447\u043d\u044b\u0435 \u043a\u043e\u043b\u044f\u0441\u043a\u0438, Thule Sleek, THULE, Beebipood","og_description":"Thule Sleek vankrikomplekt 2in1, Black\/Midnight Black, Thule Sleek stiilne ja mugav vankrikomplekt linnas liikumiseks.Thule Sleek an","og_url":"https:\/\/beebipood.ee\/ru\/produkt\/thule-sleek-2-jalutuskaru-black\/","og_site_name":"Beebipood","article_modified_time":"2026-01-27T12:34:02+00:00","og_image":[{"width":1024,"height":1024,"url":"https:\/\/beebipood.ee\/wp-content\/uploads\/2020\/09\/thule-sleek-2-black.webp","type":"image\/webp"}],"twitter_card":"summary_large_image","twitter_misc":{"\u041f\u0440\u0438\u043c\u0435\u0440\u043d\u043e\u0435 \u0432\u0440\u0435\u043c\u044f \u0434\u043b\u044f \u0447\u0442\u0435\u043d\u0438\u044f":"2 \u043c\u0438\u043d\u0443\u0442\u044b"},"schema":{"@context":"https:\/\/schema.org","@graph":[{"@type":"WebPage","@id":"https:\/\/beebipood.ee\/ru\/produkt\/thule-sleek-2-jalutuskaru-black\/","url":"https:\/\/beebipood.ee\/ru\/produkt\/thule-sleek-2-jalutuskaru-black\/","name":"Thule Sleek vankrikomplekt 2in1, Black\/Midnight Black, \u0421\u041a\u0418\u0414\u041a\u0418, \u041d\u041e\u0412\u042b\u0415 \u0422\u041e\u0412\u0410\u0420\u042b, \u041b\u043e\u0448\u0430\u0434\u043a\u0430-\u043a\u0430\u0447\u0430\u043b\u043a\u0430, \u041a\u043e\u043b\u044f\u0441\u043a\u0438, \u041f\u0440\u043e\u0433\u0443\u043b\u043e\u0447\u043d\u044b\u0435 \u043a\u043e\u043b\u044f\u0441\u043a\u0438, Thule Sleek, THULE, Beebipood","isPartOf":{"@id":"https:\/\/beebipood.ee\/ru\/#website"},"primaryImageOfPage":{"@id":"https:\/\/beebipood.ee\/ru\/produkt\/thule-sleek-2-jalutuskaru-black\/#primaryimage"},"image":{"@id":"https:\/\/beebipood.ee\/ru\/produkt\/thule-sleek-2-jalutuskaru-black\/#primaryimage"},"thumbnailUrl":"https:\/\/beebipood.ee\/wp-content\/uploads\/2020\/09\/thule-sleek-2-black.webp","datePublished":"2026-01-27T12:06:47+00:00","dateModified":"2026-01-27T12:34:02+00:00","description":"Thule Sleek vankrikomplekt 2in1, Black\/Midnight Black, Thule Sleek stiilne ja mugav vankrikomplekt linnas liikumiseks.Thule Sleek an","breadcrumb":{"@id":"https:\/\/beebipood.ee\/ru\/produkt\/thule-sleek-2-jalutuskaru-black\/#breadcrumb"},"inLanguage":"ru-RU","potentialAction":[{"@type":"ReadAction","target":["https:\/\/beebipood.ee\/ru\/produkt\/thule-sleek-2-jalutuskaru-black\/"]}]},{"@type":"ImageObject","inLanguage":"ru-RU","@id":"https:\/\/beebipood.ee\/ru\/produkt\/thule-sleek-2-jalutuskaru-black\/#primaryimage","url":"https:\/\/beebipood.ee\/wp-content\/uploads\/2020\/09\/thule-sleek-2-black.webp","contentUrl":"https:\/\/beebipood.ee\/wp-content\/uploads\/2020\/09\/thule-sleek-2-black.webp","width":1024,"height":1024},{"@type":"BreadcrumbList","@id":"https:\/\/beebipood.ee\/ru\/produkt\/thule-sleek-2-jalutuskaru-black\/#breadcrumb","itemListElement":[{"@type":"ListItem","position":1,"name":"Home","item":"https:\/\/beebipood.ee\/ru\/"},{"@type":"ListItem","position":2,"name":"\u041a\u0430\u0442\u0430\u043b\u043e\u0433 \u0442\u043e\u0432\u0430\u0440\u043e\u0432","item":"https:\/\/beebipood.ee\/tooted\/"},{"@type":"ListItem","position":3,"name":"Thule Sleek 2 jalutusk\u00e4ru, Black"}]},{"@type":"WebSite","@id":"https:\/\/beebipood.ee\/ru\/#website","url":"https:\/\/beebipood.ee\/ru\/","name":"Beebipood","description":"Lastekaubad, beebikaubad, m\u00e4nguasjad","publisher":{"@id":"https:\/\/beebipood.ee\/ru\/#organization"},"potentialAction":[{"@type":"SearchAction","target":{"@type":"EntryPoint","urlTemplate":"https:\/\/beebipood.ee\/ru\/?s={search_term_string}"},"query-input":{"@type":"PropertyValueSpecification","valueRequired":true,"valueName":"search_term_string"}}],"inLanguage":"ru-RU"},{"@type":"Organization","@id":"https:\/\/beebipood.ee\/ru\/#organization","name":"Beebipood","url":"https:\/\/beebipood.ee\/ru\/","logo":{"@type":"ImageObject","inLanguage":"ru-RU","@id":"https:\/\/beebipood.ee\/ru\/#\/schema\/logo\/image\/","url":"https:\/\/beebipood.ee\/wp-content\/uploads\/2025\/03\/beebipood.ee-logo-1.svg","contentUrl":"https:\/\/beebipood.ee\/wp-content\/uploads\/2025\/03\/beebipood.ee-logo-1.svg","caption":"Beebipood"},"image":{"@id":"https:\/\/beebipood.ee\/ru\/#\/schema\/logo\/image\/"}}]}},"brands":[{"id":11980,"name":"THULE","slug":"thule-ru"}],"_links":{"self":[{"href":"https:\/\/beebipood.ee\/ru\/wp-json\/wp\/v2\/product\/459559","targetHints":{"allow":["GET"]}}],"collection":[{"href":"https:\/\/beebipood.ee\/ru\/wp-json\/wp\/v2\/product"}],"about":[{"href":"https:\/\/beebipood.ee\/ru\/wp-json\/wp\/v2\/types\/product"}],"wp:featuredmedia":[{"embeddable":true,"href":"https:\/\/beebipood.ee\/ru\/wp-json\/wp\/v2\/media\/509032"}],"wp:attachment":[{"href":"https:\/\/beebipood.ee\/ru\/wp-json\/wp\/v2\/media?parent=459559"}],"wp:term":[{"taxonomy":"pwb-brand","embeddable":true,"href":"https:\/\/beebipood.ee\/ru\/wp-json\/wp\/v2\/pwb-brand?post=459559"},{"taxonomy":"product_brand","embeddable":true,"href":"https:\/\/beebipood.ee\/ru\/wp-json\/wp\/v2\/product_brand?post=459559"},{"taxonomy":"product_cat","embeddable":true,"href":"https:\/\/beebipood.ee\/ru\/wp-json\/wp\/v2\/product_cat?post=459559"},{"taxonomy":"product_tag","embeddable":true,"href":"https:\/\/beebipood.ee\/ru\/wp-json\/wp\/v2\/product_tag?post=459559"}],"curies":[{"name":"wp","href":"https:\/\/api.w.org\/{rel}","templated":true}]}}