{"id":459561,"date":"2020-09-11T09:27:32","date_gmt":"2020-09-11T06:27:32","guid":{"rendered":"https:\/\/beebipood.ee\/toode\/maxi-cosi-iora-vooditasku-beyond-green\/"},"modified":"2025-05-01T00:00:27","modified_gmt":"2025-04-30T21:00:27","slug":"maxi-cosi-iora-vooditasku-beyond-green","status":"publish","type":"product","link":"https:\/\/beebipood.ee\/ru\/produkt\/maxi-cosi-iora-vooditasku-beyond-green\/","title":{"rendered":"Maxi-Cosi Iora vooditasku, Beyond Green"},"content":{"rendered":"<p><span>T\u00e4nu Maxi-Cosi Iora beebih\u00e4llile saad sa rahulikult magada teades,<\/span><br \/><span>et beebi on turvaliselt sinu k\u00e4eulatuses.<\/span><br \/><span>Iora on praktiline vooditasku, mis on lihtasti reguleeritav<\/span><br \/><span>ning millel on \u00fclimalt mugav madrats.<\/span><\/p>\n<p><span style=\"text-decoration: underline;\">Omadused<\/span><br \/><span>2in1 lahendus &#8212; beebih\u00e4ll ning vooditasku<\/span><br \/><span>Beebih\u00e4lli kaugus voodist on reguleeritav<\/span><br \/><span>Reguleeritav k\u00f5rgus (5 astet) &#8212; v\u00f5imalik s\u00e4ttida \u00fcks pool k\u00f5rgemale, kui teine<\/span><br \/><span>\u00dcks k\u00fclg on allalastav<\/span><br \/><span>V\u00f5rkkangast aken v\u00f5imaldab sul hoida lapsel silma peal<\/span><br \/><span>Suur pakikorv &#8212; hoia k\u00f5ik vajalikud detailid k\u00e4ep\u00e4rast<\/span><br \/><span>\u00dclimalt mugav madrats<\/span><br \/><span>Lihtsasti kokkupandav ning transporditav<\/span><br \/><span>Komplektis transpordikott ja madrats<\/span><br \/><span>Sisevooder on lukuga eemaldatav ja masinpestav<\/span><br \/><span style=\"text-decoration: underline;\">N\u00e4itajad<\/span><br \/><span>Kaal: 10,8kg<\/span><br \/><span>M\u00f5\u00f5dud: 74,5 x 55,5 x 93cm (k\u00f5rgus, laius, pikkus)<\/span><br \/><span>Kandev\u00f5ime 9kg<\/span><br \/><span>Kasutamiseks lastele alates s\u00fcnnist<\/span><br \/><span>Materjal: alumiinium, pol\u00fcester, pol\u00fcprop\u00fcleen<\/span><\/p>\n","protected":false},"excerpt":{"rendered":"<p>T\u00e4nu Maxi-Cosi Iora beebih\u00e4llile saad sa rahulikult magada teades,et beebi on turvaliselt sinu k\u00e4eulatuses.Iora on praktiline vooditasku, mis on lihtasti reguleeritavning millel on \u00fclimalt mugav madrats. Omadused2in1 lahendus &#8212; beebih\u00e4ll ning vooditaskuBeebih\u00e4lli kaugus voodist on reguleeritavReguleeritav k\u00f5rgus (5 astet) &#8212; v\u00f5imalik s\u00e4ttida \u00fcks pool k\u00f5rgemale, kui teine\u00dcks k\u00fclg on allalastavV\u00f5rkkangast aken v\u00f5imaldab sul hoida lapsel [&hellip;]<\/p>\n","protected":false},"featured_media":135995,"template":"","meta":{"_acf_changed":false},"pwb-brand":[11961],"product_brand":[],"product_cat":[11571],"product_tag":[],"class_list":{"0":"post-459561","1":"product","2":"type-product","3":"status-publish","4":"has-post-thumbnail","6":"pwb-brand-maxi-cosi-ru","7":"product_cat-hallid-ja-vooditaskud-ru","8":"pa_manufacturer-maxi_cosi-ru","10":"first","11":"onbackorder","12":"taxable","13":"shipping-taxable","14":"purchasable","15":"product-type-simple"},"exclude_global_add_ons":[],"addons":[],"acf":[],"yoast_head":"<!-- This site is optimized with the Yoast SEO plugin v27.1.1 - https:\/\/yoast.com\/product\/yoast-seo-wordpress\/ -->\n<title>Maxi-Cosi Iora vooditasku, Beyond Green, \u041b\u044e\u043b\u044c\u043a\u0438 \u0438 \u043a\u0430\u0440\u043c\u0430\u0448\u043a\u0438 \u0434\u043b\u044f \u043a\u0440\u043e\u0432\u0430\u0442\u043a\u0438, \u0421\u041a\u0418\u0414\u041a\u0418, Beebipood<\/title>\n<meta name=\"description\" content=\"Maxi-Cosi Iora vooditasku, Beyond Green, T&auml;nu Maxi-Cosi Iora beebih&auml;llile saad sa rahulikult magada teades,et beebi on tur\" \/>\n<meta name=\"robots\" content=\"index, follow, max-snippet:-1, max-image-preview:large, max-video-preview:-1\" \/>\n<link rel=\"canonical\" href=\"https:\/\/beebipood.ee\/ru\/produkt\/maxi-cosi-iora-vooditasku-beyond-green\/\" \/>\n<meta property=\"og:locale\" content=\"ru_RU\" \/>\n<meta property=\"og:type\" content=\"article\" \/>\n<meta property=\"og:title\" content=\"Maxi-Cosi Iora vooditasku, Beyond Green, \u041b\u044e\u043b\u044c\u043a\u0438 \u0438 \u043a\u0430\u0440\u043c\u0430\u0448\u043a\u0438 \u0434\u043b\u044f \u043a\u0440\u043e\u0432\u0430\u0442\u043a\u0438, \u0421\u041a\u0418\u0414\u041a\u0418, Beebipood\" \/>\n<meta property=\"og:description\" content=\"Maxi-Cosi Iora vooditasku, Beyond Green, T&auml;nu Maxi-Cosi Iora beebih&auml;llile saad sa rahulikult magada teades,et beebi on tur\" \/>\n<meta property=\"og:url\" content=\"https:\/\/beebipood.ee\/ru\/produkt\/maxi-cosi-iora-vooditasku-beyond-green\/\" \/>\n<meta property=\"og:site_name\" content=\"Beebipood\" \/>\n<meta property=\"article:modified_time\" content=\"2025-04-30T21:00:27+00:00\" \/>\n<meta property=\"og:image\" content=\"https:\/\/beebipood.ee\/wp-content\/uploads\/2020\/09\/MaxiCosi-Iora-vooditasku-Beyond-Green-Beebivoodid-reisivoodid-hallid-Hallid-ja-vooditaskud-SOODUSPAKKUMISED-Lastemoobel-ja-sisustus_2-bd5.jpg\" \/>\n\t<meta property=\"og:image:width\" content=\"1062\" \/>\n\t<meta property=\"og:image:height\" content=\"1200\" \/>\n\t<meta property=\"og:image:type\" content=\"image\/jpeg\" \/>\n<meta name=\"twitter:card\" content=\"summary_large_image\" \/>\n<meta name=\"twitter:label1\" content=\"\u041f\u0440\u0438\u043c\u0435\u0440\u043d\u043e\u0435 \u0432\u0440\u0435\u043c\u044f \u0434\u043b\u044f \u0447\u0442\u0435\u043d\u0438\u044f\" \/>\n\t<meta name=\"twitter:data1\" content=\"1 \u043c\u0438\u043d\u0443\u0442\u0430\" \/>\n<script type=\"application\/ld+json\" class=\"yoast-schema-graph\">{\"@context\":\"https:\/\/schema.org\",\"@graph\":[{\"@type\":\"WebPage\",\"@id\":\"https:\/\/beebipood.ee\/ru\/produkt\/maxi-cosi-iora-vooditasku-beyond-green\/\",\"url\":\"https:\/\/beebipood.ee\/ru\/produkt\/maxi-cosi-iora-vooditasku-beyond-green\/\",\"name\":\"Maxi-Cosi Iora vooditasku, Beyond Green, \u041b\u044e\u043b\u044c\u043a\u0438 \u0438 \u043a\u0430\u0440\u043c\u0430\u0448\u043a\u0438 \u0434\u043b\u044f \u043a\u0440\u043e\u0432\u0430\u0442\u043a\u0438, \u0421\u041a\u0418\u0414\u041a\u0418, Beebipood\",\"isPartOf\":{\"@id\":\"https:\/\/beebipood.ee\/ru\/#website\"},\"primaryImageOfPage\":{\"@id\":\"https:\/\/beebipood.ee\/ru\/produkt\/maxi-cosi-iora-vooditasku-beyond-green\/#primaryimage\"},\"image\":{\"@id\":\"https:\/\/beebipood.ee\/ru\/produkt\/maxi-cosi-iora-vooditasku-beyond-green\/#primaryimage\"},\"thumbnailUrl\":\"https:\/\/beebipood.ee\/wp-content\/uploads\/2020\/09\/MaxiCosi-Iora-vooditasku-Beyond-Green-Beebivoodid-reisivoodid-hallid-Hallid-ja-vooditaskud-SOODUSPAKKUMISED-Lastemoobel-ja-sisustus_2-bd5.jpg\",\"datePublished\":\"2020-09-11T06:27:32+00:00\",\"dateModified\":\"2025-04-30T21:00:27+00:00\",\"description\":\"Maxi-Cosi Iora vooditasku, Beyond Green, T&auml;nu Maxi-Cosi Iora beebih&auml;llile saad sa rahulikult magada teades,et beebi on tur\",\"breadcrumb\":{\"@id\":\"https:\/\/beebipood.ee\/ru\/produkt\/maxi-cosi-iora-vooditasku-beyond-green\/#breadcrumb\"},\"inLanguage\":\"ru-RU\",\"potentialAction\":[{\"@type\":\"ReadAction\",\"target\":[\"https:\/\/beebipood.ee\/ru\/produkt\/maxi-cosi-iora-vooditasku-beyond-green\/\"]}]},{\"@type\":\"ImageObject\",\"inLanguage\":\"ru-RU\",\"@id\":\"https:\/\/beebipood.ee\/ru\/produkt\/maxi-cosi-iora-vooditasku-beyond-green\/#primaryimage\",\"url\":\"https:\/\/beebipood.ee\/wp-content\/uploads\/2020\/09\/MaxiCosi-Iora-vooditasku-Beyond-Green-Beebivoodid-reisivoodid-hallid-Hallid-ja-vooditaskud-SOODUSPAKKUMISED-Lastemoobel-ja-sisustus_2-bd5.jpg\",\"contentUrl\":\"https:\/\/beebipood.ee\/wp-content\/uploads\/2020\/09\/MaxiCosi-Iora-vooditasku-Beyond-Green-Beebivoodid-reisivoodid-hallid-Hallid-ja-vooditaskud-SOODUSPAKKUMISED-Lastemoobel-ja-sisustus_2-bd5.jpg\",\"width\":1062,\"height\":1200},{\"@type\":\"BreadcrumbList\",\"@id\":\"https:\/\/beebipood.ee\/ru\/produkt\/maxi-cosi-iora-vooditasku-beyond-green\/#breadcrumb\",\"itemListElement\":[{\"@type\":\"ListItem\",\"position\":1,\"name\":\"Home\",\"item\":\"https:\/\/beebipood.ee\/ru\/\"},{\"@type\":\"ListItem\",\"position\":2,\"name\":\"\u041a\u0430\u0442\u0430\u043b\u043e\u0433 \u0442\u043e\u0432\u0430\u0440\u043e\u0432\",\"item\":\"https:\/\/beebipood.ee\/tooted\/\"},{\"@type\":\"ListItem\",\"position\":3,\"name\":\"Maxi-Cosi Iora vooditasku, Beyond Green\"}]},{\"@type\":\"WebSite\",\"@id\":\"https:\/\/beebipood.ee\/ru\/#website\",\"url\":\"https:\/\/beebipood.ee\/ru\/\",\"name\":\"Beebipood\",\"description\":\"Lastekaubad, beebikaubad, m\u00e4nguasjad\",\"publisher\":{\"@id\":\"https:\/\/beebipood.ee\/ru\/#organization\"},\"potentialAction\":[{\"@type\":\"SearchAction\",\"target\":{\"@type\":\"EntryPoint\",\"urlTemplate\":\"https:\/\/beebipood.ee\/ru\/?s={search_term_string}\"},\"query-input\":{\"@type\":\"PropertyValueSpecification\",\"valueRequired\":true,\"valueName\":\"search_term_string\"}}],\"inLanguage\":\"ru-RU\"},{\"@type\":\"Organization\",\"@id\":\"https:\/\/beebipood.ee\/ru\/#organization\",\"name\":\"Beebipood\",\"url\":\"https:\/\/beebipood.ee\/ru\/\",\"logo\":{\"@type\":\"ImageObject\",\"inLanguage\":\"ru-RU\",\"@id\":\"https:\/\/beebipood.ee\/ru\/#\/schema\/logo\/image\/\",\"url\":\"https:\/\/beebipood.ee\/wp-content\/uploads\/2025\/03\/beebipood.ee-logo-1.svg\",\"contentUrl\":\"https:\/\/beebipood.ee\/wp-content\/uploads\/2025\/03\/beebipood.ee-logo-1.svg\",\"caption\":\"Beebipood\"},\"image\":{\"@id\":\"https:\/\/beebipood.ee\/ru\/#\/schema\/logo\/image\/\"}}]}<\/script>\n<!-- \/ Yoast SEO plugin. -->","yoast_head_json":{"title":"Maxi-Cosi Iora vooditasku, Beyond Green, \u041b\u044e\u043b\u044c\u043a\u0438 \u0438 \u043a\u0430\u0440\u043c\u0430\u0448\u043a\u0438 \u0434\u043b\u044f \u043a\u0440\u043e\u0432\u0430\u0442\u043a\u0438, \u0421\u041a\u0418\u0414\u041a\u0418, Beebipood","description":"Maxi-Cosi Iora vooditasku, Beyond Green, T&auml;nu Maxi-Cosi Iora beebih&auml;llile saad sa rahulikult magada teades,et beebi on tur","robots":{"index":"index","follow":"follow","max-snippet":"max-snippet:-1","max-image-preview":"max-image-preview:large","max-video-preview":"max-video-preview:-1"},"canonical":"https:\/\/beebipood.ee\/ru\/produkt\/maxi-cosi-iora-vooditasku-beyond-green\/","og_locale":"ru_RU","og_type":"article","og_title":"Maxi-Cosi Iora vooditasku, Beyond Green, \u041b\u044e\u043b\u044c\u043a\u0438 \u0438 \u043a\u0430\u0440\u043c\u0430\u0448\u043a\u0438 \u0434\u043b\u044f \u043a\u0440\u043e\u0432\u0430\u0442\u043a\u0438, \u0421\u041a\u0418\u0414\u041a\u0418, Beebipood","og_description":"Maxi-Cosi Iora vooditasku, Beyond Green, T&auml;nu Maxi-Cosi Iora beebih&auml;llile saad sa rahulikult magada teades,et beebi on tur","og_url":"https:\/\/beebipood.ee\/ru\/produkt\/maxi-cosi-iora-vooditasku-beyond-green\/","og_site_name":"Beebipood","article_modified_time":"2025-04-30T21:00:27+00:00","og_image":[{"width":1062,"height":1200,"url":"https:\/\/beebipood.ee\/wp-content\/uploads\/2020\/09\/MaxiCosi-Iora-vooditasku-Beyond-Green-Beebivoodid-reisivoodid-hallid-Hallid-ja-vooditaskud-SOODUSPAKKUMISED-Lastemoobel-ja-sisustus_2-bd5.jpg","type":"image\/jpeg"}],"twitter_card":"summary_large_image","twitter_misc":{"\u041f\u0440\u0438\u043c\u0435\u0440\u043d\u043e\u0435 \u0432\u0440\u0435\u043c\u044f \u0434\u043b\u044f \u0447\u0442\u0435\u043d\u0438\u044f":"1 \u043c\u0438\u043d\u0443\u0442\u0430"},"schema":{"@context":"https:\/\/schema.org","@graph":[{"@type":"WebPage","@id":"https:\/\/beebipood.ee\/ru\/produkt\/maxi-cosi-iora-vooditasku-beyond-green\/","url":"https:\/\/beebipood.ee\/ru\/produkt\/maxi-cosi-iora-vooditasku-beyond-green\/","name":"Maxi-Cosi Iora vooditasku, Beyond Green, \u041b\u044e\u043b\u044c\u043a\u0438 \u0438 \u043a\u0430\u0440\u043c\u0430\u0448\u043a\u0438 \u0434\u043b\u044f \u043a\u0440\u043e\u0432\u0430\u0442\u043a\u0438, \u0421\u041a\u0418\u0414\u041a\u0418, Beebipood","isPartOf":{"@id":"https:\/\/beebipood.ee\/ru\/#website"},"primaryImageOfPage":{"@id":"https:\/\/beebipood.ee\/ru\/produkt\/maxi-cosi-iora-vooditasku-beyond-green\/#primaryimage"},"image":{"@id":"https:\/\/beebipood.ee\/ru\/produkt\/maxi-cosi-iora-vooditasku-beyond-green\/#primaryimage"},"thumbnailUrl":"https:\/\/beebipood.ee\/wp-content\/uploads\/2020\/09\/MaxiCosi-Iora-vooditasku-Beyond-Green-Beebivoodid-reisivoodid-hallid-Hallid-ja-vooditaskud-SOODUSPAKKUMISED-Lastemoobel-ja-sisustus_2-bd5.jpg","datePublished":"2020-09-11T06:27:32+00:00","dateModified":"2025-04-30T21:00:27+00:00","description":"Maxi-Cosi Iora vooditasku, Beyond Green, T&auml;nu Maxi-Cosi Iora beebih&auml;llile saad sa rahulikult magada teades,et beebi on tur","breadcrumb":{"@id":"https:\/\/beebipood.ee\/ru\/produkt\/maxi-cosi-iora-vooditasku-beyond-green\/#breadcrumb"},"inLanguage":"ru-RU","potentialAction":[{"@type":"ReadAction","target":["https:\/\/beebipood.ee\/ru\/produkt\/maxi-cosi-iora-vooditasku-beyond-green\/"]}]},{"@type":"ImageObject","inLanguage":"ru-RU","@id":"https:\/\/beebipood.ee\/ru\/produkt\/maxi-cosi-iora-vooditasku-beyond-green\/#primaryimage","url":"https:\/\/beebipood.ee\/wp-content\/uploads\/2020\/09\/MaxiCosi-Iora-vooditasku-Beyond-Green-Beebivoodid-reisivoodid-hallid-Hallid-ja-vooditaskud-SOODUSPAKKUMISED-Lastemoobel-ja-sisustus_2-bd5.jpg","contentUrl":"https:\/\/beebipood.ee\/wp-content\/uploads\/2020\/09\/MaxiCosi-Iora-vooditasku-Beyond-Green-Beebivoodid-reisivoodid-hallid-Hallid-ja-vooditaskud-SOODUSPAKKUMISED-Lastemoobel-ja-sisustus_2-bd5.jpg","width":1062,"height":1200},{"@type":"BreadcrumbList","@id":"https:\/\/beebipood.ee\/ru\/produkt\/maxi-cosi-iora-vooditasku-beyond-green\/#breadcrumb","itemListElement":[{"@type":"ListItem","position":1,"name":"Home","item":"https:\/\/beebipood.ee\/ru\/"},{"@type":"ListItem","position":2,"name":"\u041a\u0430\u0442\u0430\u043b\u043e\u0433 \u0442\u043e\u0432\u0430\u0440\u043e\u0432","item":"https:\/\/beebipood.ee\/tooted\/"},{"@type":"ListItem","position":3,"name":"Maxi-Cosi Iora vooditasku, Beyond Green"}]},{"@type":"WebSite","@id":"https:\/\/beebipood.ee\/ru\/#website","url":"https:\/\/beebipood.ee\/ru\/","name":"Beebipood","description":"Lastekaubad, beebikaubad, m\u00e4nguasjad","publisher":{"@id":"https:\/\/beebipood.ee\/ru\/#organization"},"potentialAction":[{"@type":"SearchAction","target":{"@type":"EntryPoint","urlTemplate":"https:\/\/beebipood.ee\/ru\/?s={search_term_string}"},"query-input":{"@type":"PropertyValueSpecification","valueRequired":true,"valueName":"search_term_string"}}],"inLanguage":"ru-RU"},{"@type":"Organization","@id":"https:\/\/beebipood.ee\/ru\/#organization","name":"Beebipood","url":"https:\/\/beebipood.ee\/ru\/","logo":{"@type":"ImageObject","inLanguage":"ru-RU","@id":"https:\/\/beebipood.ee\/ru\/#\/schema\/logo\/image\/","url":"https:\/\/beebipood.ee\/wp-content\/uploads\/2025\/03\/beebipood.ee-logo-1.svg","contentUrl":"https:\/\/beebipood.ee\/wp-content\/uploads\/2025\/03\/beebipood.ee-logo-1.svg","caption":"Beebipood"},"image":{"@id":"https:\/\/beebipood.ee\/ru\/#\/schema\/logo\/image\/"}}]}},"brands":[{"id":11961,"name":"Maxi-Cosi","slug":"maxi-cosi-ru"}],"_links":{"self":[{"href":"https:\/\/beebipood.ee\/ru\/wp-json\/wp\/v2\/product\/459561","targetHints":{"allow":["GET"]}}],"collection":[{"href":"https:\/\/beebipood.ee\/ru\/wp-json\/wp\/v2\/product"}],"about":[{"href":"https:\/\/beebipood.ee\/ru\/wp-json\/wp\/v2\/types\/product"}],"wp:featuredmedia":[{"embeddable":true,"href":"https:\/\/beebipood.ee\/ru\/wp-json\/wp\/v2\/media\/135995"}],"wp:attachment":[{"href":"https:\/\/beebipood.ee\/ru\/wp-json\/wp\/v2\/media?parent=459561"}],"wp:term":[{"taxonomy":"pwb-brand","embeddable":true,"href":"https:\/\/beebipood.ee\/ru\/wp-json\/wp\/v2\/pwb-brand?post=459561"},{"taxonomy":"product_brand","embeddable":true,"href":"https:\/\/beebipood.ee\/ru\/wp-json\/wp\/v2\/product_brand?post=459561"},{"taxonomy":"product_cat","embeddable":true,"href":"https:\/\/beebipood.ee\/ru\/wp-json\/wp\/v2\/product_cat?post=459561"},{"taxonomy":"product_tag","embeddable":true,"href":"https:\/\/beebipood.ee\/ru\/wp-json\/wp\/v2\/product_tag?post=459561"}],"curies":[{"name":"wp","href":"https:\/\/api.w.org\/{rel}","templated":true}]}}