{"id":459569,"date":"2020-09-15T09:10:26","date_gmt":"2020-09-15T06:10:26","guid":{"rendered":"https:\/\/beebipood.ee\/toode\/yappyhollo-madrats-60x120\/"},"modified":"2025-01-09T10:48:17","modified_gmt":"2025-01-09T08:48:17","slug":"yappyhollo-madrats-60x120","status":"publish","type":"product","link":"https:\/\/beebipood.ee\/ru\/produkt\/yappyhollo-madrats-60x120\/","title":{"rendered":"YappyHollo madrats 60&#215;120"},"content":{"rendered":"<p>YappyHollo madrats 60&#215;120<br \/>Kahepoolne: K\u00f5va\/keskmiselt k\u00f5va<br \/>YappyHolo lastemadrats \u2013 ideaalne segu mugavusest ja toest, <br \/>mis on loodud spetsiaalselt teie v\u00e4ikelastele. <br \/>\u00dclima hoolega ja kvaliteetsetest materjalidest valmistatud madrats <br \/>tagab teie lapsele igal \u00f5htul rahuliku ja kosutava une.<br \/>YappyHolo lastemadratsil on ainulaadne kombinatsioon <br \/>kolmest erakordsest t\u00e4idisest: linane kiud, kookoskiud ja \u00f5\u00f5neskiudmembraanid. <br \/>Vastupidavus ja kauakestvus: kombinatsioon k\u00f5rgest kvaliteedist <br \/>loodud pakkuma teie lapsele aastateks mugavat ja usaldusv\u00e4\u00e4rset und.<br \/>Madratsi kate on valmistatud bambusest. <br \/>See vaimustab teid oma h\u00e4mmastava pehmusega. <br \/>Bambuses on antibakteriaalsed elemendid, <br \/>mis paiknevad selle kiududes ja ei lase bakteritel paljuneda.<br \/>Lausriie &#8212; on k\u00f5rgete h\u00fcgieeniliste ja antistaatiliste omadustega, <br \/>tagab loomuliku niiskuse tasakaalu ja aitab kaasa optimaalsele keskkonna mikrokliimale<br \/>Linane kiud \u2013 imab niiskust ja kuivab kiiresti. <br \/>Sellel on bakteritsiidsed omadused ning see soodustab haavade <br \/>ja l\u00f5ikehaavade paranemist.<br \/>Kookoskiud \u2013 annab lapse selgroo \u00f5igeks kujunemiseks ja arenguks vajaliku j\u00e4ikuse. <br \/>See laseb \u00f5hku h\u00e4sti l\u00e4bi, see ei tekita allergiat, hoia niiskust ega l\u00f5hnu.<br \/>Hollowfiiber \u2013 hoiab h\u00e4sti soojust ja laseb \u00f5hku l\u00e4bi. <br \/>H\u00fcpoallergeenne, ei oma l\u00f5hna ega ima endasse keskkonna l\u00f5hnu, <br \/>sealhulgas neid, mis on seotud beebi elutegevusega.<br \/>Hoolitsemine (madratsikate): <br \/>\u2714 Masinpestav 30-40\u00b0C juures<br \/>\u2714 Mitte valgendada<br \/>\u2714 Triikimine keskmisel kuumusel<br \/>\u2714 Kuivatamiseks panna rippuma<br \/>\u2714 Mitte keemiliselt puhastada<\/p>\n","protected":false},"excerpt":{"rendered":"<p>YappyHollo madrats 60&#215;120Kahepoolne: K\u00f5va\/keskmiselt k\u00f5vaYappyHolo lastemadrats \u2013 ideaalne segu mugavusest ja toest, mis on loodud spetsiaalselt teie v\u00e4ikelastele. \u00dclima hoolega ja kvaliteetsetest materjalidest valmistatud madrats tagab teie lapsele igal \u00f5htul rahuliku ja kosutava une.YappyHolo lastemadratsil on ainulaadne kombinatsioon kolmest erakordsest t\u00e4idisest: linane kiud, kookoskiud ja \u00f5\u00f5neskiudmembraanid. Vastupidavus ja kauakestvus: kombinatsioon k\u00f5rgest kvaliteedist loodud pakkuma teie [&hellip;]<\/p>\n","protected":false},"featured_media":136020,"template":"","meta":{"_acf_changed":false},"pwb-brand":[11969],"product_brand":[],"product_cat":[11595,11563,11789],"product_tag":[],"class_list":{"0":"post-459569","1":"product","2":"type-product","3":"status-publish","4":"has-post-thumbnail","6":"pwb-brand-yappykids-ru","7":"product_cat-kuni-60cm-laiused-ru","8":"product_cat-madratsid-ja-kattemadratsid-ru","9":"product_cat-lastemoobel-ja-sisustus-ru","10":"pa_manufacturer-yappykids-ru","12":"first","13":"onbackorder","14":"taxable","15":"shipping-taxable","16":"purchasable","17":"product-type-simple"},"exclude_global_add_ons":[],"addons":[],"acf":[],"yoast_head":"<!-- This site is optimized with the Yoast SEO plugin v27.1.1 - https:\/\/yoast.com\/product\/yoast-seo-wordpress\/ -->\n<title>YappyHollo madrats 60x120, \u0421\u041a\u0418\u0414\u041a\u0418, \u041f\u0440\u0438\u043d\u0430\u0434\u043b\u0435\u0436\u043d\u043e\u0441\u0442\u0438 \u0434\u043b\u044f \u043c\u043b\u0430\u0434\u0435\u043d\u0446\u0435\u0432, \u041c\u0430\u0442\u044b \u0434\u043b\u044f \u043f\u0435\u043b\u0435\u043d\u0430\u043d\u0438\u044f, M\u0435\u0431\u0435\u043b\u044c, YappyKids -20%, Beebipood<\/title>\n<meta name=\"description\" content=\"YappyHollo madrats 60x120, YappyHollo madrats 60x120Kahepoolne: K&otilde;va\/keskmiselt k&otilde;vaYappyHolo lastemadrats &ndash; ideaalne segu mu\" \/>\n<meta name=\"robots\" content=\"index, follow, max-snippet:-1, max-image-preview:large, max-video-preview:-1\" \/>\n<link rel=\"canonical\" href=\"https:\/\/beebipood.ee\/ru\/produkt\/yappyhollo-madrats-60x120\/\" \/>\n<meta property=\"og:locale\" content=\"ru_RU\" \/>\n<meta property=\"og:type\" content=\"article\" \/>\n<meta property=\"og:title\" content=\"YappyHollo madrats 60x120, \u0421\u041a\u0418\u0414\u041a\u0418, \u041f\u0440\u0438\u043d\u0430\u0434\u043b\u0435\u0436\u043d\u043e\u0441\u0442\u0438 \u0434\u043b\u044f \u043c\u043b\u0430\u0434\u0435\u043d\u0446\u0435\u0432, \u041c\u0430\u0442\u044b \u0434\u043b\u044f \u043f\u0435\u043b\u0435\u043d\u0430\u043d\u0438\u044f, M\u0435\u0431\u0435\u043b\u044c, YappyKids -20%, Beebipood\" \/>\n<meta property=\"og:description\" content=\"YappyHollo madrats 60x120, YappyHollo madrats 60x120Kahepoolne: K&otilde;va\/keskmiselt k&otilde;vaYappyHolo lastemadrats &ndash; ideaalne segu mu\" \/>\n<meta property=\"og:url\" content=\"https:\/\/beebipood.ee\/ru\/produkt\/yappyhollo-madrats-60x120\/\" \/>\n<meta property=\"og:site_name\" content=\"Beebipood\" \/>\n<meta property=\"article:modified_time\" content=\"2025-01-09T08:48:17+00:00\" \/>\n<meta property=\"og:image\" content=\"https:\/\/beebipood.ee\/wp-content\/uploads\/2020\/09\/YappyHollo-madrats-60x120-Beebi-ja-lastetarbed-Mahkimismatid-Lastemoobel-ja-sisustus-YappyKids-20_2-8a1.jpg\" \/>\n\t<meta property=\"og:image:width\" content=\"1200\" \/>\n\t<meta property=\"og:image:height\" content=\"945\" \/>\n\t<meta property=\"og:image:type\" content=\"image\/jpeg\" \/>\n<meta name=\"twitter:card\" content=\"summary_large_image\" \/>\n<meta name=\"twitter:label1\" content=\"\u041f\u0440\u0438\u043c\u0435\u0440\u043d\u043e\u0435 \u0432\u0440\u0435\u043c\u044f \u0434\u043b\u044f \u0447\u0442\u0435\u043d\u0438\u044f\" \/>\n\t<meta name=\"twitter:data1\" content=\"1 \u043c\u0438\u043d\u0443\u0442\u0430\" \/>\n<script type=\"application\/ld+json\" class=\"yoast-schema-graph\">{\"@context\":\"https:\/\/schema.org\",\"@graph\":[{\"@type\":\"WebPage\",\"@id\":\"https:\/\/beebipood.ee\/ru\/produkt\/yappyhollo-madrats-60x120\/\",\"url\":\"https:\/\/beebipood.ee\/ru\/produkt\/yappyhollo-madrats-60x120\/\",\"name\":\"YappyHollo madrats 60x120, \u0421\u041a\u0418\u0414\u041a\u0418, \u041f\u0440\u0438\u043d\u0430\u0434\u043b\u0435\u0436\u043d\u043e\u0441\u0442\u0438 \u0434\u043b\u044f \u043c\u043b\u0430\u0434\u0435\u043d\u0446\u0435\u0432, \u041c\u0430\u0442\u044b \u0434\u043b\u044f \u043f\u0435\u043b\u0435\u043d\u0430\u043d\u0438\u044f, M\u0435\u0431\u0435\u043b\u044c, YappyKids -20%, Beebipood\",\"isPartOf\":{\"@id\":\"https:\/\/beebipood.ee\/ru\/#website\"},\"primaryImageOfPage\":{\"@id\":\"https:\/\/beebipood.ee\/ru\/produkt\/yappyhollo-madrats-60x120\/#primaryimage\"},\"image\":{\"@id\":\"https:\/\/beebipood.ee\/ru\/produkt\/yappyhollo-madrats-60x120\/#primaryimage\"},\"thumbnailUrl\":\"https:\/\/beebipood.ee\/wp-content\/uploads\/2020\/09\/YappyHollo-madrats-60x120-Beebi-ja-lastetarbed-Mahkimismatid-Lastemoobel-ja-sisustus-YappyKids-20_2-8a1.jpg\",\"datePublished\":\"2020-09-15T06:10:26+00:00\",\"dateModified\":\"2025-01-09T08:48:17+00:00\",\"description\":\"YappyHollo madrats 60x120, YappyHollo madrats 60x120Kahepoolne: K&otilde;va\/keskmiselt k&otilde;vaYappyHolo lastemadrats &ndash; ideaalne segu mu\",\"breadcrumb\":{\"@id\":\"https:\/\/beebipood.ee\/ru\/produkt\/yappyhollo-madrats-60x120\/#breadcrumb\"},\"inLanguage\":\"ru-RU\",\"potentialAction\":[{\"@type\":\"ReadAction\",\"target\":[\"https:\/\/beebipood.ee\/ru\/produkt\/yappyhollo-madrats-60x120\/\"]}]},{\"@type\":\"ImageObject\",\"inLanguage\":\"ru-RU\",\"@id\":\"https:\/\/beebipood.ee\/ru\/produkt\/yappyhollo-madrats-60x120\/#primaryimage\",\"url\":\"https:\/\/beebipood.ee\/wp-content\/uploads\/2020\/09\/YappyHollo-madrats-60x120-Beebi-ja-lastetarbed-Mahkimismatid-Lastemoobel-ja-sisustus-YappyKids-20_2-8a1.jpg\",\"contentUrl\":\"https:\/\/beebipood.ee\/wp-content\/uploads\/2020\/09\/YappyHollo-madrats-60x120-Beebi-ja-lastetarbed-Mahkimismatid-Lastemoobel-ja-sisustus-YappyKids-20_2-8a1.jpg\",\"width\":1200,\"height\":945},{\"@type\":\"BreadcrumbList\",\"@id\":\"https:\/\/beebipood.ee\/ru\/produkt\/yappyhollo-madrats-60x120\/#breadcrumb\",\"itemListElement\":[{\"@type\":\"ListItem\",\"position\":1,\"name\":\"Home\",\"item\":\"https:\/\/beebipood.ee\/ru\/\"},{\"@type\":\"ListItem\",\"position\":2,\"name\":\"\u041a\u0430\u0442\u0430\u043b\u043e\u0433 \u0442\u043e\u0432\u0430\u0440\u043e\u0432\",\"item\":\"https:\/\/beebipood.ee\/tooted\/\"},{\"@type\":\"ListItem\",\"position\":3,\"name\":\"YappyHollo madrats 60&#215;120\"}]},{\"@type\":\"WebSite\",\"@id\":\"https:\/\/beebipood.ee\/ru\/#website\",\"url\":\"https:\/\/beebipood.ee\/ru\/\",\"name\":\"Beebipood\",\"description\":\"Lastekaubad, beebikaubad, m\u00e4nguasjad\",\"publisher\":{\"@id\":\"https:\/\/beebipood.ee\/ru\/#organization\"},\"potentialAction\":[{\"@type\":\"SearchAction\",\"target\":{\"@type\":\"EntryPoint\",\"urlTemplate\":\"https:\/\/beebipood.ee\/ru\/?s={search_term_string}\"},\"query-input\":{\"@type\":\"PropertyValueSpecification\",\"valueRequired\":true,\"valueName\":\"search_term_string\"}}],\"inLanguage\":\"ru-RU\"},{\"@type\":\"Organization\",\"@id\":\"https:\/\/beebipood.ee\/ru\/#organization\",\"name\":\"Beebipood\",\"url\":\"https:\/\/beebipood.ee\/ru\/\",\"logo\":{\"@type\":\"ImageObject\",\"inLanguage\":\"ru-RU\",\"@id\":\"https:\/\/beebipood.ee\/ru\/#\/schema\/logo\/image\/\",\"url\":\"https:\/\/beebipood.ee\/wp-content\/uploads\/2025\/03\/beebipood.ee-logo-1.svg\",\"contentUrl\":\"https:\/\/beebipood.ee\/wp-content\/uploads\/2025\/03\/beebipood.ee-logo-1.svg\",\"caption\":\"Beebipood\"},\"image\":{\"@id\":\"https:\/\/beebipood.ee\/ru\/#\/schema\/logo\/image\/\"}}]}<\/script>\n<!-- \/ Yoast SEO plugin. -->","yoast_head_json":{"title":"YappyHollo madrats 60x120, \u0421\u041a\u0418\u0414\u041a\u0418, \u041f\u0440\u0438\u043d\u0430\u0434\u043b\u0435\u0436\u043d\u043e\u0441\u0442\u0438 \u0434\u043b\u044f \u043c\u043b\u0430\u0434\u0435\u043d\u0446\u0435\u0432, \u041c\u0430\u0442\u044b \u0434\u043b\u044f \u043f\u0435\u043b\u0435\u043d\u0430\u043d\u0438\u044f, M\u0435\u0431\u0435\u043b\u044c, YappyKids -20%, Beebipood","description":"YappyHollo madrats 60x120, YappyHollo madrats 60x120Kahepoolne: K&otilde;va\/keskmiselt k&otilde;vaYappyHolo lastemadrats &ndash; ideaalne segu mu","robots":{"index":"index","follow":"follow","max-snippet":"max-snippet:-1","max-image-preview":"max-image-preview:large","max-video-preview":"max-video-preview:-1"},"canonical":"https:\/\/beebipood.ee\/ru\/produkt\/yappyhollo-madrats-60x120\/","og_locale":"ru_RU","og_type":"article","og_title":"YappyHollo madrats 60x120, \u0421\u041a\u0418\u0414\u041a\u0418, \u041f\u0440\u0438\u043d\u0430\u0434\u043b\u0435\u0436\u043d\u043e\u0441\u0442\u0438 \u0434\u043b\u044f \u043c\u043b\u0430\u0434\u0435\u043d\u0446\u0435\u0432, \u041c\u0430\u0442\u044b \u0434\u043b\u044f \u043f\u0435\u043b\u0435\u043d\u0430\u043d\u0438\u044f, M\u0435\u0431\u0435\u043b\u044c, YappyKids -20%, Beebipood","og_description":"YappyHollo madrats 60x120, YappyHollo madrats 60x120Kahepoolne: K&otilde;va\/keskmiselt k&otilde;vaYappyHolo lastemadrats &ndash; ideaalne segu mu","og_url":"https:\/\/beebipood.ee\/ru\/produkt\/yappyhollo-madrats-60x120\/","og_site_name":"Beebipood","article_modified_time":"2025-01-09T08:48:17+00:00","og_image":[{"width":1200,"height":945,"url":"https:\/\/beebipood.ee\/wp-content\/uploads\/2020\/09\/YappyHollo-madrats-60x120-Beebi-ja-lastetarbed-Mahkimismatid-Lastemoobel-ja-sisustus-YappyKids-20_2-8a1.jpg","type":"image\/jpeg"}],"twitter_card":"summary_large_image","twitter_misc":{"\u041f\u0440\u0438\u043c\u0435\u0440\u043d\u043e\u0435 \u0432\u0440\u0435\u043c\u044f \u0434\u043b\u044f \u0447\u0442\u0435\u043d\u0438\u044f":"1 \u043c\u0438\u043d\u0443\u0442\u0430"},"schema":{"@context":"https:\/\/schema.org","@graph":[{"@type":"WebPage","@id":"https:\/\/beebipood.ee\/ru\/produkt\/yappyhollo-madrats-60x120\/","url":"https:\/\/beebipood.ee\/ru\/produkt\/yappyhollo-madrats-60x120\/","name":"YappyHollo madrats 60x120, \u0421\u041a\u0418\u0414\u041a\u0418, \u041f\u0440\u0438\u043d\u0430\u0434\u043b\u0435\u0436\u043d\u043e\u0441\u0442\u0438 \u0434\u043b\u044f \u043c\u043b\u0430\u0434\u0435\u043d\u0446\u0435\u0432, \u041c\u0430\u0442\u044b \u0434\u043b\u044f \u043f\u0435\u043b\u0435\u043d\u0430\u043d\u0438\u044f, M\u0435\u0431\u0435\u043b\u044c, YappyKids -20%, Beebipood","isPartOf":{"@id":"https:\/\/beebipood.ee\/ru\/#website"},"primaryImageOfPage":{"@id":"https:\/\/beebipood.ee\/ru\/produkt\/yappyhollo-madrats-60x120\/#primaryimage"},"image":{"@id":"https:\/\/beebipood.ee\/ru\/produkt\/yappyhollo-madrats-60x120\/#primaryimage"},"thumbnailUrl":"https:\/\/beebipood.ee\/wp-content\/uploads\/2020\/09\/YappyHollo-madrats-60x120-Beebi-ja-lastetarbed-Mahkimismatid-Lastemoobel-ja-sisustus-YappyKids-20_2-8a1.jpg","datePublished":"2020-09-15T06:10:26+00:00","dateModified":"2025-01-09T08:48:17+00:00","description":"YappyHollo madrats 60x120, YappyHollo madrats 60x120Kahepoolne: K&otilde;va\/keskmiselt k&otilde;vaYappyHolo lastemadrats &ndash; ideaalne segu mu","breadcrumb":{"@id":"https:\/\/beebipood.ee\/ru\/produkt\/yappyhollo-madrats-60x120\/#breadcrumb"},"inLanguage":"ru-RU","potentialAction":[{"@type":"ReadAction","target":["https:\/\/beebipood.ee\/ru\/produkt\/yappyhollo-madrats-60x120\/"]}]},{"@type":"ImageObject","inLanguage":"ru-RU","@id":"https:\/\/beebipood.ee\/ru\/produkt\/yappyhollo-madrats-60x120\/#primaryimage","url":"https:\/\/beebipood.ee\/wp-content\/uploads\/2020\/09\/YappyHollo-madrats-60x120-Beebi-ja-lastetarbed-Mahkimismatid-Lastemoobel-ja-sisustus-YappyKids-20_2-8a1.jpg","contentUrl":"https:\/\/beebipood.ee\/wp-content\/uploads\/2020\/09\/YappyHollo-madrats-60x120-Beebi-ja-lastetarbed-Mahkimismatid-Lastemoobel-ja-sisustus-YappyKids-20_2-8a1.jpg","width":1200,"height":945},{"@type":"BreadcrumbList","@id":"https:\/\/beebipood.ee\/ru\/produkt\/yappyhollo-madrats-60x120\/#breadcrumb","itemListElement":[{"@type":"ListItem","position":1,"name":"Home","item":"https:\/\/beebipood.ee\/ru\/"},{"@type":"ListItem","position":2,"name":"\u041a\u0430\u0442\u0430\u043b\u043e\u0433 \u0442\u043e\u0432\u0430\u0440\u043e\u0432","item":"https:\/\/beebipood.ee\/tooted\/"},{"@type":"ListItem","position":3,"name":"YappyHollo madrats 60&#215;120"}]},{"@type":"WebSite","@id":"https:\/\/beebipood.ee\/ru\/#website","url":"https:\/\/beebipood.ee\/ru\/","name":"Beebipood","description":"Lastekaubad, beebikaubad, m\u00e4nguasjad","publisher":{"@id":"https:\/\/beebipood.ee\/ru\/#organization"},"potentialAction":[{"@type":"SearchAction","target":{"@type":"EntryPoint","urlTemplate":"https:\/\/beebipood.ee\/ru\/?s={search_term_string}"},"query-input":{"@type":"PropertyValueSpecification","valueRequired":true,"valueName":"search_term_string"}}],"inLanguage":"ru-RU"},{"@type":"Organization","@id":"https:\/\/beebipood.ee\/ru\/#organization","name":"Beebipood","url":"https:\/\/beebipood.ee\/ru\/","logo":{"@type":"ImageObject","inLanguage":"ru-RU","@id":"https:\/\/beebipood.ee\/ru\/#\/schema\/logo\/image\/","url":"https:\/\/beebipood.ee\/wp-content\/uploads\/2025\/03\/beebipood.ee-logo-1.svg","contentUrl":"https:\/\/beebipood.ee\/wp-content\/uploads\/2025\/03\/beebipood.ee-logo-1.svg","caption":"Beebipood"},"image":{"@id":"https:\/\/beebipood.ee\/ru\/#\/schema\/logo\/image\/"}}]}},"brands":[{"id":11969,"name":"YappyKids","slug":"yappykids-ru"}],"_links":{"self":[{"href":"https:\/\/beebipood.ee\/ru\/wp-json\/wp\/v2\/product\/459569","targetHints":{"allow":["GET"]}}],"collection":[{"href":"https:\/\/beebipood.ee\/ru\/wp-json\/wp\/v2\/product"}],"about":[{"href":"https:\/\/beebipood.ee\/ru\/wp-json\/wp\/v2\/types\/product"}],"wp:featuredmedia":[{"embeddable":true,"href":"https:\/\/beebipood.ee\/ru\/wp-json\/wp\/v2\/media\/136020"}],"wp:attachment":[{"href":"https:\/\/beebipood.ee\/ru\/wp-json\/wp\/v2\/media?parent=459569"}],"wp:term":[{"taxonomy":"pwb-brand","embeddable":true,"href":"https:\/\/beebipood.ee\/ru\/wp-json\/wp\/v2\/pwb-brand?post=459569"},{"taxonomy":"product_brand","embeddable":true,"href":"https:\/\/beebipood.ee\/ru\/wp-json\/wp\/v2\/product_brand?post=459569"},{"taxonomy":"product_cat","embeddable":true,"href":"https:\/\/beebipood.ee\/ru\/wp-json\/wp\/v2\/product_cat?post=459569"},{"taxonomy":"product_tag","embeddable":true,"href":"https:\/\/beebipood.ee\/ru\/wp-json\/wp\/v2\/product_tag?post=459569"}],"curies":[{"name":"wp","href":"https:\/\/api.w.org\/{rel}","templated":true}]}}