{"id":459573,"date":"2020-09-24T10:29:10","date_gmt":"2020-09-24T07:29:10","guid":{"rendered":"https:\/\/beebipood.ee\/toode\/thule-sleek-adapterite-komplekt\/"},"modified":"2025-01-09T10:48:16","modified_gmt":"2025-01-09T08:48:16","slug":"thule-sleek-adapterite-komplekt","status":"publish","type":"product","link":"https:\/\/beebipood.ee\/ru\/produkt\/thule-sleek-adapterite-komplekt\/","title":{"rendered":"Thule Sleek adapterite komplekt"},"content":{"rendered":"<p>\u00dclemised ja alumised adapterid Thule Sleek jalutusk\u00e4rule,<br \/>et muuta see lihtsalt ja mugavalt kahe lapse vankriks.<br \/>Kiire ja h\u00f5lbus paigaldus ja eemaldus.<br \/>K\u00e4ru kokkuklappimisel saab adapterid k\u00fclge j\u00e4tta.<br \/>V\u00f5imaldab kaksikkombinatsioone p\u00f5hiistmega Thule Sleek, <br \/>teise lapse istmega Thule Sleek Sibling Seat, korvh\u00e4lliga Thule Sleek Bassinet <br \/>ja spetsiifiliste autoistmetega (autoistmete kombinatsioonide korral on vajalikud t\u00e4iendavad autoistmete adapterid).<\/p>\n","protected":false},"excerpt":{"rendered":"<p>\u00dclemised ja alumised adapterid Thule Sleek jalutusk\u00e4rule,et muuta see lihtsalt ja mugavalt kahe lapse vankriks.Kiire ja h\u00f5lbus paigaldus ja eemaldus.K\u00e4ru kokkuklappimisel saab adapterid k\u00fclge j\u00e4tta.V\u00f5imaldab kaksikkombinatsioone p\u00f5hiistmega Thule Sleek, teise lapse istmega Thule Sleek Sibling Seat, korvh\u00e4lliga Thule Sleek Bassinet ja spetsiifiliste autoistmetega (autoistmete kombinatsioonide korral on vajalikud t\u00e4iendavad autoistmete adapterid).<\/p>\n","protected":false},"featured_media":173250,"template":"","meta":{"_acf_changed":false},"pwb-brand":[11980],"product_brand":[],"product_cat":[11573,11847,11725,11717,11827],"product_tag":[],"class_list":{"0":"post-459573","1":"product","2":"type-product","3":"status-publish","4":"has-post-thumbnail","6":"pwb-brand-thule-ru","7":"product_cat-sooduspakkumised-ru","8":"product_cat-thule-ru","9":"product_cat-lisatarvikud-ru","10":"product_cat-lastevankrid-ja-karud-ru","11":"product_cat-thule-sleek-ru","12":"pa_manufacturer-thule-ru","14":"first","15":"onbackorder","16":"taxable","17":"shipping-taxable","18":"purchasable","19":"product-type-simple"},"exclude_global_add_ons":[],"addons":[],"acf":[],"yoast_head":"<!-- This site is optimized with the Yoast SEO plugin v27.1.1 - https:\/\/yoast.com\/product\/yoast-seo-wordpress\/ -->\n<title>Thule Sleek adapterite komplekt, \u0421\u041a\u0418\u0414\u041a\u0418, \u041d\u041e\u0412\u042b\u0415 \u0422\u041e\u0412\u0410\u0420\u042b, \u041b\u043e\u0448\u0430\u0434\u043a\u0430-\u043a\u0430\u0447\u0430\u043b\u043a\u0430, \u041a\u043e\u043b\u044f\u0441\u043a\u0438, \u041f\u0440\u0438\u043d\u0430\u0434\u043b\u0435\u0436\u043d\u043e\u0441\u0442\u0438, Thule Sleek, THULE, Beebipood<\/title>\n<meta name=\"description\" content=\"Thule Sleek adapterite komplekt, &Uuml;lemised ja alumised adapterid Thule Sleek jalutusk&auml;rule,et muuta see lihtsalt ja mugavalt kahe lapse vankri\" \/>\n<meta name=\"robots\" content=\"index, follow, max-snippet:-1, max-image-preview:large, max-video-preview:-1\" \/>\n<link rel=\"canonical\" href=\"https:\/\/beebipood.ee\/ru\/produkt\/thule-sleek-adapterite-komplekt\/\" \/>\n<meta property=\"og:locale\" content=\"ru_RU\" \/>\n<meta property=\"og:type\" content=\"article\" \/>\n<meta property=\"og:title\" content=\"Thule Sleek adapterite komplekt, \u0421\u041a\u0418\u0414\u041a\u0418, \u041d\u041e\u0412\u042b\u0415 \u0422\u041e\u0412\u0410\u0420\u042b, \u041b\u043e\u0448\u0430\u0434\u043a\u0430-\u043a\u0430\u0447\u0430\u043b\u043a\u0430, \u041a\u043e\u043b\u044f\u0441\u043a\u0438, \u041f\u0440\u0438\u043d\u0430\u0434\u043b\u0435\u0436\u043d\u043e\u0441\u0442\u0438, Thule Sleek, THULE, Beebipood\" \/>\n<meta property=\"og:description\" content=\"Thule Sleek adapterite komplekt, &Uuml;lemised ja alumised adapterid Thule Sleek jalutusk&auml;rule,et muuta see lihtsalt ja mugavalt kahe lapse vankri\" \/>\n<meta property=\"og:url\" content=\"https:\/\/beebipood.ee\/ru\/produkt\/thule-sleek-adapterite-komplekt\/\" \/>\n<meta property=\"og:site_name\" content=\"Beebipood\" \/>\n<meta property=\"article:modified_time\" content=\"2025-01-09T08:48:16+00:00\" \/>\n<meta property=\"og:image\" content=\"https:\/\/beebipood.ee\/wp-content\/uploads\/2020\/09\/Thule-Sleek-adapterite-komplekt-Turvatoolid-hallid-Turvatoolid-936-kg-Turvatoolid-1536-kg-Turvahallid-Turvavarustus-SSS-Turvatoolid_1-1b7.jpg\" \/>\n\t<meta property=\"og:image:width\" content=\"2000\" \/>\n\t<meta property=\"og:image:height\" content=\"2000\" \/>\n\t<meta property=\"og:image:type\" content=\"image\/jpeg\" \/>\n<meta name=\"twitter:card\" content=\"summary_large_image\" \/>\n<script type=\"application\/ld+json\" class=\"yoast-schema-graph\">{\"@context\":\"https:\/\/schema.org\",\"@graph\":[{\"@type\":\"WebPage\",\"@id\":\"https:\/\/beebipood.ee\/ru\/produkt\/thule-sleek-adapterite-komplekt\/\",\"url\":\"https:\/\/beebipood.ee\/ru\/produkt\/thule-sleek-adapterite-komplekt\/\",\"name\":\"Thule Sleek adapterite komplekt, \u0421\u041a\u0418\u0414\u041a\u0418, \u041d\u041e\u0412\u042b\u0415 \u0422\u041e\u0412\u0410\u0420\u042b, \u041b\u043e\u0448\u0430\u0434\u043a\u0430-\u043a\u0430\u0447\u0430\u043b\u043a\u0430, \u041a\u043e\u043b\u044f\u0441\u043a\u0438, \u041f\u0440\u0438\u043d\u0430\u0434\u043b\u0435\u0436\u043d\u043e\u0441\u0442\u0438, Thule Sleek, THULE, Beebipood\",\"isPartOf\":{\"@id\":\"https:\/\/beebipood.ee\/ru\/#website\"},\"primaryImageOfPage\":{\"@id\":\"https:\/\/beebipood.ee\/ru\/produkt\/thule-sleek-adapterite-komplekt\/#primaryimage\"},\"image\":{\"@id\":\"https:\/\/beebipood.ee\/ru\/produkt\/thule-sleek-adapterite-komplekt\/#primaryimage\"},\"thumbnailUrl\":\"https:\/\/beebipood.ee\/wp-content\/uploads\/2020\/09\/Thule-Sleek-adapterite-komplekt-Turvatoolid-hallid-Turvatoolid-936-kg-Turvatoolid-1536-kg-Turvahallid-Turvavarustus-SSS-Turvatoolid_1-1b7.jpg\",\"datePublished\":\"2020-09-24T07:29:10+00:00\",\"dateModified\":\"2025-01-09T08:48:16+00:00\",\"description\":\"Thule Sleek adapterite komplekt, &Uuml;lemised ja alumised adapterid Thule Sleek jalutusk&auml;rule,et muuta see lihtsalt ja mugavalt kahe lapse vankri\",\"breadcrumb\":{\"@id\":\"https:\/\/beebipood.ee\/ru\/produkt\/thule-sleek-adapterite-komplekt\/#breadcrumb\"},\"inLanguage\":\"ru-RU\",\"potentialAction\":[{\"@type\":\"ReadAction\",\"target\":[\"https:\/\/beebipood.ee\/ru\/produkt\/thule-sleek-adapterite-komplekt\/\"]}]},{\"@type\":\"ImageObject\",\"inLanguage\":\"ru-RU\",\"@id\":\"https:\/\/beebipood.ee\/ru\/produkt\/thule-sleek-adapterite-komplekt\/#primaryimage\",\"url\":\"https:\/\/beebipood.ee\/wp-content\/uploads\/2020\/09\/Thule-Sleek-adapterite-komplekt-Turvatoolid-hallid-Turvatoolid-936-kg-Turvatoolid-1536-kg-Turvahallid-Turvavarustus-SSS-Turvatoolid_1-1b7.jpg\",\"contentUrl\":\"https:\/\/beebipood.ee\/wp-content\/uploads\/2020\/09\/Thule-Sleek-adapterite-komplekt-Turvatoolid-hallid-Turvatoolid-936-kg-Turvatoolid-1536-kg-Turvahallid-Turvavarustus-SSS-Turvatoolid_1-1b7.jpg\",\"width\":2000,\"height\":2000},{\"@type\":\"BreadcrumbList\",\"@id\":\"https:\/\/beebipood.ee\/ru\/produkt\/thule-sleek-adapterite-komplekt\/#breadcrumb\",\"itemListElement\":[{\"@type\":\"ListItem\",\"position\":1,\"name\":\"Home\",\"item\":\"https:\/\/beebipood.ee\/ru\/\"},{\"@type\":\"ListItem\",\"position\":2,\"name\":\"\u041a\u0430\u0442\u0430\u043b\u043e\u0433 \u0442\u043e\u0432\u0430\u0440\u043e\u0432\",\"item\":\"https:\/\/beebipood.ee\/tooted\/\"},{\"@type\":\"ListItem\",\"position\":3,\"name\":\"Thule Sleek adapterite komplekt\"}]},{\"@type\":\"WebSite\",\"@id\":\"https:\/\/beebipood.ee\/ru\/#website\",\"url\":\"https:\/\/beebipood.ee\/ru\/\",\"name\":\"Beebipood\",\"description\":\"Lastekaubad, beebikaubad, m\u00e4nguasjad\",\"publisher\":{\"@id\":\"https:\/\/beebipood.ee\/ru\/#organization\"},\"potentialAction\":[{\"@type\":\"SearchAction\",\"target\":{\"@type\":\"EntryPoint\",\"urlTemplate\":\"https:\/\/beebipood.ee\/ru\/?s={search_term_string}\"},\"query-input\":{\"@type\":\"PropertyValueSpecification\",\"valueRequired\":true,\"valueName\":\"search_term_string\"}}],\"inLanguage\":\"ru-RU\"},{\"@type\":\"Organization\",\"@id\":\"https:\/\/beebipood.ee\/ru\/#organization\",\"name\":\"Beebipood\",\"url\":\"https:\/\/beebipood.ee\/ru\/\",\"logo\":{\"@type\":\"ImageObject\",\"inLanguage\":\"ru-RU\",\"@id\":\"https:\/\/beebipood.ee\/ru\/#\/schema\/logo\/image\/\",\"url\":\"https:\/\/beebipood.ee\/wp-content\/uploads\/2025\/03\/beebipood.ee-logo-1.svg\",\"contentUrl\":\"https:\/\/beebipood.ee\/wp-content\/uploads\/2025\/03\/beebipood.ee-logo-1.svg\",\"caption\":\"Beebipood\"},\"image\":{\"@id\":\"https:\/\/beebipood.ee\/ru\/#\/schema\/logo\/image\/\"}}]}<\/script>\n<!-- \/ Yoast SEO plugin. -->","yoast_head_json":{"title":"Thule Sleek adapterite komplekt, \u0421\u041a\u0418\u0414\u041a\u0418, \u041d\u041e\u0412\u042b\u0415 \u0422\u041e\u0412\u0410\u0420\u042b, \u041b\u043e\u0448\u0430\u0434\u043a\u0430-\u043a\u0430\u0447\u0430\u043b\u043a\u0430, \u041a\u043e\u043b\u044f\u0441\u043a\u0438, \u041f\u0440\u0438\u043d\u0430\u0434\u043b\u0435\u0436\u043d\u043e\u0441\u0442\u0438, Thule Sleek, THULE, Beebipood","description":"Thule Sleek adapterite komplekt, &Uuml;lemised ja alumised adapterid Thule Sleek jalutusk&auml;rule,et muuta see lihtsalt ja mugavalt kahe lapse vankri","robots":{"index":"index","follow":"follow","max-snippet":"max-snippet:-1","max-image-preview":"max-image-preview:large","max-video-preview":"max-video-preview:-1"},"canonical":"https:\/\/beebipood.ee\/ru\/produkt\/thule-sleek-adapterite-komplekt\/","og_locale":"ru_RU","og_type":"article","og_title":"Thule Sleek adapterite komplekt, \u0421\u041a\u0418\u0414\u041a\u0418, \u041d\u041e\u0412\u042b\u0415 \u0422\u041e\u0412\u0410\u0420\u042b, \u041b\u043e\u0448\u0430\u0434\u043a\u0430-\u043a\u0430\u0447\u0430\u043b\u043a\u0430, \u041a\u043e\u043b\u044f\u0441\u043a\u0438, \u041f\u0440\u0438\u043d\u0430\u0434\u043b\u0435\u0436\u043d\u043e\u0441\u0442\u0438, Thule Sleek, THULE, Beebipood","og_description":"Thule Sleek adapterite komplekt, &Uuml;lemised ja alumised adapterid Thule Sleek jalutusk&auml;rule,et muuta see lihtsalt ja mugavalt kahe lapse vankri","og_url":"https:\/\/beebipood.ee\/ru\/produkt\/thule-sleek-adapterite-komplekt\/","og_site_name":"Beebipood","article_modified_time":"2025-01-09T08:48:16+00:00","og_image":[{"width":2000,"height":2000,"url":"https:\/\/beebipood.ee\/wp-content\/uploads\/2020\/09\/Thule-Sleek-adapterite-komplekt-Turvatoolid-hallid-Turvatoolid-936-kg-Turvatoolid-1536-kg-Turvahallid-Turvavarustus-SSS-Turvatoolid_1-1b7.jpg","type":"image\/jpeg"}],"twitter_card":"summary_large_image","schema":{"@context":"https:\/\/schema.org","@graph":[{"@type":"WebPage","@id":"https:\/\/beebipood.ee\/ru\/produkt\/thule-sleek-adapterite-komplekt\/","url":"https:\/\/beebipood.ee\/ru\/produkt\/thule-sleek-adapterite-komplekt\/","name":"Thule Sleek adapterite komplekt, \u0421\u041a\u0418\u0414\u041a\u0418, \u041d\u041e\u0412\u042b\u0415 \u0422\u041e\u0412\u0410\u0420\u042b, \u041b\u043e\u0448\u0430\u0434\u043a\u0430-\u043a\u0430\u0447\u0430\u043b\u043a\u0430, \u041a\u043e\u043b\u044f\u0441\u043a\u0438, \u041f\u0440\u0438\u043d\u0430\u0434\u043b\u0435\u0436\u043d\u043e\u0441\u0442\u0438, Thule Sleek, THULE, Beebipood","isPartOf":{"@id":"https:\/\/beebipood.ee\/ru\/#website"},"primaryImageOfPage":{"@id":"https:\/\/beebipood.ee\/ru\/produkt\/thule-sleek-adapterite-komplekt\/#primaryimage"},"image":{"@id":"https:\/\/beebipood.ee\/ru\/produkt\/thule-sleek-adapterite-komplekt\/#primaryimage"},"thumbnailUrl":"https:\/\/beebipood.ee\/wp-content\/uploads\/2020\/09\/Thule-Sleek-adapterite-komplekt-Turvatoolid-hallid-Turvatoolid-936-kg-Turvatoolid-1536-kg-Turvahallid-Turvavarustus-SSS-Turvatoolid_1-1b7.jpg","datePublished":"2020-09-24T07:29:10+00:00","dateModified":"2025-01-09T08:48:16+00:00","description":"Thule Sleek adapterite komplekt, &Uuml;lemised ja alumised adapterid Thule Sleek jalutusk&auml;rule,et muuta see lihtsalt ja mugavalt kahe lapse vankri","breadcrumb":{"@id":"https:\/\/beebipood.ee\/ru\/produkt\/thule-sleek-adapterite-komplekt\/#breadcrumb"},"inLanguage":"ru-RU","potentialAction":[{"@type":"ReadAction","target":["https:\/\/beebipood.ee\/ru\/produkt\/thule-sleek-adapterite-komplekt\/"]}]},{"@type":"ImageObject","inLanguage":"ru-RU","@id":"https:\/\/beebipood.ee\/ru\/produkt\/thule-sleek-adapterite-komplekt\/#primaryimage","url":"https:\/\/beebipood.ee\/wp-content\/uploads\/2020\/09\/Thule-Sleek-adapterite-komplekt-Turvatoolid-hallid-Turvatoolid-936-kg-Turvatoolid-1536-kg-Turvahallid-Turvavarustus-SSS-Turvatoolid_1-1b7.jpg","contentUrl":"https:\/\/beebipood.ee\/wp-content\/uploads\/2020\/09\/Thule-Sleek-adapterite-komplekt-Turvatoolid-hallid-Turvatoolid-936-kg-Turvatoolid-1536-kg-Turvahallid-Turvavarustus-SSS-Turvatoolid_1-1b7.jpg","width":2000,"height":2000},{"@type":"BreadcrumbList","@id":"https:\/\/beebipood.ee\/ru\/produkt\/thule-sleek-adapterite-komplekt\/#breadcrumb","itemListElement":[{"@type":"ListItem","position":1,"name":"Home","item":"https:\/\/beebipood.ee\/ru\/"},{"@type":"ListItem","position":2,"name":"\u041a\u0430\u0442\u0430\u043b\u043e\u0433 \u0442\u043e\u0432\u0430\u0440\u043e\u0432","item":"https:\/\/beebipood.ee\/tooted\/"},{"@type":"ListItem","position":3,"name":"Thule Sleek adapterite komplekt"}]},{"@type":"WebSite","@id":"https:\/\/beebipood.ee\/ru\/#website","url":"https:\/\/beebipood.ee\/ru\/","name":"Beebipood","description":"Lastekaubad, beebikaubad, m\u00e4nguasjad","publisher":{"@id":"https:\/\/beebipood.ee\/ru\/#organization"},"potentialAction":[{"@type":"SearchAction","target":{"@type":"EntryPoint","urlTemplate":"https:\/\/beebipood.ee\/ru\/?s={search_term_string}"},"query-input":{"@type":"PropertyValueSpecification","valueRequired":true,"valueName":"search_term_string"}}],"inLanguage":"ru-RU"},{"@type":"Organization","@id":"https:\/\/beebipood.ee\/ru\/#organization","name":"Beebipood","url":"https:\/\/beebipood.ee\/ru\/","logo":{"@type":"ImageObject","inLanguage":"ru-RU","@id":"https:\/\/beebipood.ee\/ru\/#\/schema\/logo\/image\/","url":"https:\/\/beebipood.ee\/wp-content\/uploads\/2025\/03\/beebipood.ee-logo-1.svg","contentUrl":"https:\/\/beebipood.ee\/wp-content\/uploads\/2025\/03\/beebipood.ee-logo-1.svg","caption":"Beebipood"},"image":{"@id":"https:\/\/beebipood.ee\/ru\/#\/schema\/logo\/image\/"}}]}},"brands":[{"id":11980,"name":"THULE","slug":"thule-ru"}],"_links":{"self":[{"href":"https:\/\/beebipood.ee\/ru\/wp-json\/wp\/v2\/product\/459573","targetHints":{"allow":["GET"]}}],"collection":[{"href":"https:\/\/beebipood.ee\/ru\/wp-json\/wp\/v2\/product"}],"about":[{"href":"https:\/\/beebipood.ee\/ru\/wp-json\/wp\/v2\/types\/product"}],"wp:featuredmedia":[{"embeddable":true,"href":"https:\/\/beebipood.ee\/ru\/wp-json\/wp\/v2\/media\/173250"}],"wp:attachment":[{"href":"https:\/\/beebipood.ee\/ru\/wp-json\/wp\/v2\/media?parent=459573"}],"wp:term":[{"taxonomy":"pwb-brand","embeddable":true,"href":"https:\/\/beebipood.ee\/ru\/wp-json\/wp\/v2\/pwb-brand?post=459573"},{"taxonomy":"product_brand","embeddable":true,"href":"https:\/\/beebipood.ee\/ru\/wp-json\/wp\/v2\/product_brand?post=459573"},{"taxonomy":"product_cat","embeddable":true,"href":"https:\/\/beebipood.ee\/ru\/wp-json\/wp\/v2\/product_cat?post=459573"},{"taxonomy":"product_tag","embeddable":true,"href":"https:\/\/beebipood.ee\/ru\/wp-json\/wp\/v2\/product_tag?post=459573"}],"curies":[{"name":"wp","href":"https:\/\/api.w.org\/{rel}","templated":true}]}}