{"id":459583,"date":"2020-09-24T13:30:45","date_gmt":"2020-09-24T10:30:45","guid":{"rendered":"https:\/\/beebipood.ee\/toode\/thule-sapling-lapsekande-kott-agave\/"},"modified":"2025-01-09T10:48:16","modified_gmt":"2025-01-09T08:48:16","slug":"thule-sapling-lapsekande-kott-agave","status":"publish","type":"product","link":"https:\/\/beebipood.ee\/ru\/produkt\/thule-sapling-lapsekande-kott-agave\/","title":{"rendered":"Thule Sapling lapsekande kott, Agave"},"content":{"rendered":"<p><strong>Lapse transportimiseks sobiv seljakott tagab teile liikumisvabaduse<\/strong><br \/>Masinpestava lapseistmega lapsekandmise seljakotil on jalatoed,<br \/>et pakkuda suurimat mugavust igal seiklusel.<br \/>Lapseiste ErgoRide tagab avarate jalatugede, \u00f5hku l\u00e4bilaskva seljatoe<br \/>ja istumisalusega lapsele mugavuse ja paraja jaheduse.<br \/>T\u00e4ielikult eemaldatav, masinpestav lapseiste ErgoRide ja s\u00fcljekaitse h\u00f5lpsaks puhastamiseks.<br \/>Mugavate k\u00fclgmiste t\u00f5mblukkude kaudu saate seljakotti kandes kergesti ligi 22 l panipaigale.<br \/>Paigaldatav p\u00e4ikesevari UPF 50 kaitseb last p\u00e4ikese k\u00e4est ja hoiab ta jahedana.<br \/>Loodud nii, et saaksite h\u00f5lpsasti tarvikuid juurde lisada, nt lisaruumi saamiseks<br \/>v\u00f5i ilmastikukindluse tagamiseks (m\u00fc\u00fcgil eraldi).<br \/>T\u00e4ielikult reguleeritavad rinna- ja puusarihm tagavad suurep\u00e4rase sobivuse,<br \/>kandmismugavuse ning v\u00f5imaldavad vanematel kotti kiiresti omavahel vahetada.<br \/>\u00d5hku l\u00e4bilaskev seljaosa tagab vanematele mugavuse ja jaheduse.<br \/>Kahelt poolt juurdep\u00e4\u00e4setav hoidik v\u00f5imaldab lapse nii \u00fclevalt kui ka k\u00fcljelt istuma panna.<br \/>Vedeliku tarbimist soodustava disainiga seljakoti panipaigas on joogitoru ava (n\u00f5u on m\u00fc\u00fcgil eraldi).<br \/>Valmistatud PFC-vabast kangast ja taaskasutatud pol\u00fcestrist.<br \/>Kaal: 3.2 kg<br \/>M\u00f5\u00f5tmed: 35 \u00d7 31 \u00d7 73 cm<br \/>V\u00e4rv: Hall<br \/>Kandev\u00f5ime(kg): 22 kg<br \/>Materjal: 420D-nailon, 100% \u00fcmbert\u00f6\u00f6deldud P600 (k\u00f5ik materjalid on PFC-vabad)<br \/>Maksimum lapse pikkus: 120 cm<\/p>\n","protected":false},"excerpt":{"rendered":"<p>Lapse transportimiseks sobiv seljakott tagab teile liikumisvabaduseMasinpestava lapseistmega lapsekandmise seljakotil on jalatoed,et pakkuda suurimat mugavust igal seiklusel.Lapseiste ErgoRide tagab avarate jalatugede, \u00f5hku l\u00e4bilaskva seljatoeja istumisalusega lapsele mugavuse ja paraja jaheduse.T\u00e4ielikult eemaldatav, masinpestav lapseiste ErgoRide ja s\u00fcljekaitse h\u00f5lpsaks puhastamiseks.Mugavate k\u00fclgmiste t\u00f5mblukkude kaudu saate seljakotti kandes kergesti ligi 22 l panipaigale.Paigaldatav p\u00e4ikesevari UPF 50 kaitseb last p\u00e4ikese [&hellip;]<\/p>\n","protected":false},"featured_media":173291,"template":"","meta":{"_acf_changed":false},"pwb-brand":[11980],"product_brand":[],"product_cat":[11573,11709,11881],"product_tag":[],"class_list":{"0":"post-459583","1":"product","2":"type-product","3":"status-publish","4":"has-post-thumbnail","6":"pwb-brand-thule-ru","7":"product_cat-sooduspakkumised-ru","8":"product_cat-sootmistoolid-beebi-ja-lastetarbed-mahkimine-hugieen-ru","9":"product_cat-kandekotid-ja-linad-ru","10":"pa_manufacturer-thule-ru","12":"first","13":"onbackorder","14":"taxable","15":"shipping-taxable","16":"purchasable","17":"product-type-simple"},"exclude_global_add_ons":[],"addons":[],"acf":[],"yoast_head":"<!-- This site is optimized with the Yoast SEO plugin v27.1.1 - https:\/\/yoast.com\/product\/yoast-seo-wordpress\/ -->\n<title>Thule Sapling lapsekande kott, Agave, \u0421\u041a\u0418\u0414\u041a\u0418, \u041d\u041e\u0412\u042b\u0415 \u0422\u041e\u0412\u0410\u0420\u042b, \u041b\u043e\u0448\u0430\u0434\u043a\u0430-\u043a\u0430\u0447\u0430\u043b\u043a\u0430, \u041f\u0440\u0438\u043d\u0430\u0434\u043b\u0435\u0436\u043d\u043e\u0441\u0442\u0438 \u0434\u043b\u044f \u043c\u043b\u0430\u0434\u0435\u043d\u0446\u0435\u0432, \u0420\u044e\u043a\u0437\u0430\u043a-\u043f\u0435\u0440\u0435\u043d\u043e\u0441\u043a\u0430, Beebipood<\/title>\n<meta name=\"description\" content=\"Thule Sapling lapsekande kott, Agave, Lapse transportimiseks sobiv seljakott tagab teile liikumisvabaduseMasinpestava lapseistmega lap\" \/>\n<meta name=\"robots\" content=\"index, follow, max-snippet:-1, max-image-preview:large, max-video-preview:-1\" \/>\n<link rel=\"canonical\" href=\"https:\/\/beebipood.ee\/ru\/produkt\/thule-sapling-lapsekande-kott-agave\/\" \/>\n<meta property=\"og:locale\" content=\"ru_RU\" \/>\n<meta property=\"og:type\" content=\"article\" \/>\n<meta property=\"og:title\" content=\"Thule Sapling lapsekande kott, Agave, \u0421\u041a\u0418\u0414\u041a\u0418, \u041d\u041e\u0412\u042b\u0415 \u0422\u041e\u0412\u0410\u0420\u042b, \u041b\u043e\u0448\u0430\u0434\u043a\u0430-\u043a\u0430\u0447\u0430\u043b\u043a\u0430, \u041f\u0440\u0438\u043d\u0430\u0434\u043b\u0435\u0436\u043d\u043e\u0441\u0442\u0438 \u0434\u043b\u044f \u043c\u043b\u0430\u0434\u0435\u043d\u0446\u0435\u0432, \u0420\u044e\u043a\u0437\u0430\u043a-\u043f\u0435\u0440\u0435\u043d\u043e\u0441\u043a\u0430, Beebipood\" \/>\n<meta property=\"og:description\" content=\"Thule Sapling lapsekande kott, Agave, Lapse transportimiseks sobiv seljakott tagab teile liikumisvabaduseMasinpestava lapseistmega lap\" \/>\n<meta property=\"og:url\" content=\"https:\/\/beebipood.ee\/ru\/produkt\/thule-sapling-lapsekande-kott-agave\/\" \/>\n<meta property=\"og:site_name\" content=\"Beebipood\" \/>\n<meta property=\"article:modified_time\" content=\"2025-01-09T08:48:16+00:00\" \/>\n<meta property=\"og:image\" content=\"https:\/\/beebipood.ee\/wp-content\/uploads\/2020\/09\/Thule-Sapling-lapsekande-kott-Agave-Turvatoolid-hallid-Turvatoolid-936-kg-Turvatoolid-1536-kg-Turvavarustus-SSS-Turvatoolid_10-fc6.jpg\" \/>\n\t<meta property=\"og:image:width\" content=\"1800\" \/>\n\t<meta property=\"og:image:height\" content=\"1200\" \/>\n\t<meta property=\"og:image:type\" content=\"image\/jpeg\" \/>\n<meta name=\"twitter:card\" content=\"summary_large_image\" \/>\n<meta name=\"twitter:label1\" content=\"\u041f\u0440\u0438\u043c\u0435\u0440\u043d\u043e\u0435 \u0432\u0440\u0435\u043c\u044f \u0434\u043b\u044f \u0447\u0442\u0435\u043d\u0438\u044f\" \/>\n\t<meta name=\"twitter:data1\" content=\"1 \u043c\u0438\u043d\u0443\u0442\u0430\" \/>\n<script type=\"application\/ld+json\" class=\"yoast-schema-graph\">{\"@context\":\"https:\/\/schema.org\",\"@graph\":[{\"@type\":\"WebPage\",\"@id\":\"https:\/\/beebipood.ee\/ru\/produkt\/thule-sapling-lapsekande-kott-agave\/\",\"url\":\"https:\/\/beebipood.ee\/ru\/produkt\/thule-sapling-lapsekande-kott-agave\/\",\"name\":\"Thule Sapling lapsekande kott, Agave, \u0421\u041a\u0418\u0414\u041a\u0418, \u041d\u041e\u0412\u042b\u0415 \u0422\u041e\u0412\u0410\u0420\u042b, \u041b\u043e\u0448\u0430\u0434\u043a\u0430-\u043a\u0430\u0447\u0430\u043b\u043a\u0430, \u041f\u0440\u0438\u043d\u0430\u0434\u043b\u0435\u0436\u043d\u043e\u0441\u0442\u0438 \u0434\u043b\u044f \u043c\u043b\u0430\u0434\u0435\u043d\u0446\u0435\u0432, \u0420\u044e\u043a\u0437\u0430\u043a-\u043f\u0435\u0440\u0435\u043d\u043e\u0441\u043a\u0430, Beebipood\",\"isPartOf\":{\"@id\":\"https:\/\/beebipood.ee\/ru\/#website\"},\"primaryImageOfPage\":{\"@id\":\"https:\/\/beebipood.ee\/ru\/produkt\/thule-sapling-lapsekande-kott-agave\/#primaryimage\"},\"image\":{\"@id\":\"https:\/\/beebipood.ee\/ru\/produkt\/thule-sapling-lapsekande-kott-agave\/#primaryimage\"},\"thumbnailUrl\":\"https:\/\/beebipood.ee\/wp-content\/uploads\/2020\/09\/Thule-Sapling-lapsekande-kott-Agave-Turvatoolid-hallid-Turvatoolid-936-kg-Turvatoolid-1536-kg-Turvavarustus-SSS-Turvatoolid_10-fc6.jpg\",\"datePublished\":\"2020-09-24T10:30:45+00:00\",\"dateModified\":\"2025-01-09T08:48:16+00:00\",\"description\":\"Thule Sapling lapsekande kott, Agave, Lapse transportimiseks sobiv seljakott tagab teile liikumisvabaduseMasinpestava lapseistmega lap\",\"breadcrumb\":{\"@id\":\"https:\/\/beebipood.ee\/ru\/produkt\/thule-sapling-lapsekande-kott-agave\/#breadcrumb\"},\"inLanguage\":\"ru-RU\",\"potentialAction\":[{\"@type\":\"ReadAction\",\"target\":[\"https:\/\/beebipood.ee\/ru\/produkt\/thule-sapling-lapsekande-kott-agave\/\"]}]},{\"@type\":\"ImageObject\",\"inLanguage\":\"ru-RU\",\"@id\":\"https:\/\/beebipood.ee\/ru\/produkt\/thule-sapling-lapsekande-kott-agave\/#primaryimage\",\"url\":\"https:\/\/beebipood.ee\/wp-content\/uploads\/2020\/09\/Thule-Sapling-lapsekande-kott-Agave-Turvatoolid-hallid-Turvatoolid-936-kg-Turvatoolid-1536-kg-Turvavarustus-SSS-Turvatoolid_10-fc6.jpg\",\"contentUrl\":\"https:\/\/beebipood.ee\/wp-content\/uploads\/2020\/09\/Thule-Sapling-lapsekande-kott-Agave-Turvatoolid-hallid-Turvatoolid-936-kg-Turvatoolid-1536-kg-Turvavarustus-SSS-Turvatoolid_10-fc6.jpg\",\"width\":1800,\"height\":1200},{\"@type\":\"BreadcrumbList\",\"@id\":\"https:\/\/beebipood.ee\/ru\/produkt\/thule-sapling-lapsekande-kott-agave\/#breadcrumb\",\"itemListElement\":[{\"@type\":\"ListItem\",\"position\":1,\"name\":\"Home\",\"item\":\"https:\/\/beebipood.ee\/ru\/\"},{\"@type\":\"ListItem\",\"position\":2,\"name\":\"\u041a\u0430\u0442\u0430\u043b\u043e\u0433 \u0442\u043e\u0432\u0430\u0440\u043e\u0432\",\"item\":\"https:\/\/beebipood.ee\/tooted\/\"},{\"@type\":\"ListItem\",\"position\":3,\"name\":\"Thule Sapling lapsekande kott, Agave\"}]},{\"@type\":\"WebSite\",\"@id\":\"https:\/\/beebipood.ee\/ru\/#website\",\"url\":\"https:\/\/beebipood.ee\/ru\/\",\"name\":\"Beebipood\",\"description\":\"Lastekaubad, beebikaubad, m\u00e4nguasjad\",\"publisher\":{\"@id\":\"https:\/\/beebipood.ee\/ru\/#organization\"},\"potentialAction\":[{\"@type\":\"SearchAction\",\"target\":{\"@type\":\"EntryPoint\",\"urlTemplate\":\"https:\/\/beebipood.ee\/ru\/?s={search_term_string}\"},\"query-input\":{\"@type\":\"PropertyValueSpecification\",\"valueRequired\":true,\"valueName\":\"search_term_string\"}}],\"inLanguage\":\"ru-RU\"},{\"@type\":\"Organization\",\"@id\":\"https:\/\/beebipood.ee\/ru\/#organization\",\"name\":\"Beebipood\",\"url\":\"https:\/\/beebipood.ee\/ru\/\",\"logo\":{\"@type\":\"ImageObject\",\"inLanguage\":\"ru-RU\",\"@id\":\"https:\/\/beebipood.ee\/ru\/#\/schema\/logo\/image\/\",\"url\":\"https:\/\/beebipood.ee\/wp-content\/uploads\/2025\/03\/beebipood.ee-logo-1.svg\",\"contentUrl\":\"https:\/\/beebipood.ee\/wp-content\/uploads\/2025\/03\/beebipood.ee-logo-1.svg\",\"caption\":\"Beebipood\"},\"image\":{\"@id\":\"https:\/\/beebipood.ee\/ru\/#\/schema\/logo\/image\/\"}}]}<\/script>\n<!-- \/ Yoast SEO plugin. -->","yoast_head_json":{"title":"Thule Sapling lapsekande kott, Agave, \u0421\u041a\u0418\u0414\u041a\u0418, \u041d\u041e\u0412\u042b\u0415 \u0422\u041e\u0412\u0410\u0420\u042b, \u041b\u043e\u0448\u0430\u0434\u043a\u0430-\u043a\u0430\u0447\u0430\u043b\u043a\u0430, \u041f\u0440\u0438\u043d\u0430\u0434\u043b\u0435\u0436\u043d\u043e\u0441\u0442\u0438 \u0434\u043b\u044f \u043c\u043b\u0430\u0434\u0435\u043d\u0446\u0435\u0432, \u0420\u044e\u043a\u0437\u0430\u043a-\u043f\u0435\u0440\u0435\u043d\u043e\u0441\u043a\u0430, Beebipood","description":"Thule Sapling lapsekande kott, Agave, Lapse transportimiseks sobiv seljakott tagab teile liikumisvabaduseMasinpestava lapseistmega lap","robots":{"index":"index","follow":"follow","max-snippet":"max-snippet:-1","max-image-preview":"max-image-preview:large","max-video-preview":"max-video-preview:-1"},"canonical":"https:\/\/beebipood.ee\/ru\/produkt\/thule-sapling-lapsekande-kott-agave\/","og_locale":"ru_RU","og_type":"article","og_title":"Thule Sapling lapsekande kott, Agave, \u0421\u041a\u0418\u0414\u041a\u0418, \u041d\u041e\u0412\u042b\u0415 \u0422\u041e\u0412\u0410\u0420\u042b, \u041b\u043e\u0448\u0430\u0434\u043a\u0430-\u043a\u0430\u0447\u0430\u043b\u043a\u0430, \u041f\u0440\u0438\u043d\u0430\u0434\u043b\u0435\u0436\u043d\u043e\u0441\u0442\u0438 \u0434\u043b\u044f \u043c\u043b\u0430\u0434\u0435\u043d\u0446\u0435\u0432, \u0420\u044e\u043a\u0437\u0430\u043a-\u043f\u0435\u0440\u0435\u043d\u043e\u0441\u043a\u0430, Beebipood","og_description":"Thule Sapling lapsekande kott, Agave, Lapse transportimiseks sobiv seljakott tagab teile liikumisvabaduseMasinpestava lapseistmega lap","og_url":"https:\/\/beebipood.ee\/ru\/produkt\/thule-sapling-lapsekande-kott-agave\/","og_site_name":"Beebipood","article_modified_time":"2025-01-09T08:48:16+00:00","og_image":[{"width":1800,"height":1200,"url":"https:\/\/beebipood.ee\/wp-content\/uploads\/2020\/09\/Thule-Sapling-lapsekande-kott-Agave-Turvatoolid-hallid-Turvatoolid-936-kg-Turvatoolid-1536-kg-Turvavarustus-SSS-Turvatoolid_10-fc6.jpg","type":"image\/jpeg"}],"twitter_card":"summary_large_image","twitter_misc":{"\u041f\u0440\u0438\u043c\u0435\u0440\u043d\u043e\u0435 \u0432\u0440\u0435\u043c\u044f \u0434\u043b\u044f \u0447\u0442\u0435\u043d\u0438\u044f":"1 \u043c\u0438\u043d\u0443\u0442\u0430"},"schema":{"@context":"https:\/\/schema.org","@graph":[{"@type":"WebPage","@id":"https:\/\/beebipood.ee\/ru\/produkt\/thule-sapling-lapsekande-kott-agave\/","url":"https:\/\/beebipood.ee\/ru\/produkt\/thule-sapling-lapsekande-kott-agave\/","name":"Thule Sapling lapsekande kott, Agave, \u0421\u041a\u0418\u0414\u041a\u0418, \u041d\u041e\u0412\u042b\u0415 \u0422\u041e\u0412\u0410\u0420\u042b, \u041b\u043e\u0448\u0430\u0434\u043a\u0430-\u043a\u0430\u0447\u0430\u043b\u043a\u0430, \u041f\u0440\u0438\u043d\u0430\u0434\u043b\u0435\u0436\u043d\u043e\u0441\u0442\u0438 \u0434\u043b\u044f \u043c\u043b\u0430\u0434\u0435\u043d\u0446\u0435\u0432, \u0420\u044e\u043a\u0437\u0430\u043a-\u043f\u0435\u0440\u0435\u043d\u043e\u0441\u043a\u0430, Beebipood","isPartOf":{"@id":"https:\/\/beebipood.ee\/ru\/#website"},"primaryImageOfPage":{"@id":"https:\/\/beebipood.ee\/ru\/produkt\/thule-sapling-lapsekande-kott-agave\/#primaryimage"},"image":{"@id":"https:\/\/beebipood.ee\/ru\/produkt\/thule-sapling-lapsekande-kott-agave\/#primaryimage"},"thumbnailUrl":"https:\/\/beebipood.ee\/wp-content\/uploads\/2020\/09\/Thule-Sapling-lapsekande-kott-Agave-Turvatoolid-hallid-Turvatoolid-936-kg-Turvatoolid-1536-kg-Turvavarustus-SSS-Turvatoolid_10-fc6.jpg","datePublished":"2020-09-24T10:30:45+00:00","dateModified":"2025-01-09T08:48:16+00:00","description":"Thule Sapling lapsekande kott, Agave, Lapse transportimiseks sobiv seljakott tagab teile liikumisvabaduseMasinpestava lapseistmega lap","breadcrumb":{"@id":"https:\/\/beebipood.ee\/ru\/produkt\/thule-sapling-lapsekande-kott-agave\/#breadcrumb"},"inLanguage":"ru-RU","potentialAction":[{"@type":"ReadAction","target":["https:\/\/beebipood.ee\/ru\/produkt\/thule-sapling-lapsekande-kott-agave\/"]}]},{"@type":"ImageObject","inLanguage":"ru-RU","@id":"https:\/\/beebipood.ee\/ru\/produkt\/thule-sapling-lapsekande-kott-agave\/#primaryimage","url":"https:\/\/beebipood.ee\/wp-content\/uploads\/2020\/09\/Thule-Sapling-lapsekande-kott-Agave-Turvatoolid-hallid-Turvatoolid-936-kg-Turvatoolid-1536-kg-Turvavarustus-SSS-Turvatoolid_10-fc6.jpg","contentUrl":"https:\/\/beebipood.ee\/wp-content\/uploads\/2020\/09\/Thule-Sapling-lapsekande-kott-Agave-Turvatoolid-hallid-Turvatoolid-936-kg-Turvatoolid-1536-kg-Turvavarustus-SSS-Turvatoolid_10-fc6.jpg","width":1800,"height":1200},{"@type":"BreadcrumbList","@id":"https:\/\/beebipood.ee\/ru\/produkt\/thule-sapling-lapsekande-kott-agave\/#breadcrumb","itemListElement":[{"@type":"ListItem","position":1,"name":"Home","item":"https:\/\/beebipood.ee\/ru\/"},{"@type":"ListItem","position":2,"name":"\u041a\u0430\u0442\u0430\u043b\u043e\u0433 \u0442\u043e\u0432\u0430\u0440\u043e\u0432","item":"https:\/\/beebipood.ee\/tooted\/"},{"@type":"ListItem","position":3,"name":"Thule Sapling lapsekande kott, Agave"}]},{"@type":"WebSite","@id":"https:\/\/beebipood.ee\/ru\/#website","url":"https:\/\/beebipood.ee\/ru\/","name":"Beebipood","description":"Lastekaubad, beebikaubad, m\u00e4nguasjad","publisher":{"@id":"https:\/\/beebipood.ee\/ru\/#organization"},"potentialAction":[{"@type":"SearchAction","target":{"@type":"EntryPoint","urlTemplate":"https:\/\/beebipood.ee\/ru\/?s={search_term_string}"},"query-input":{"@type":"PropertyValueSpecification","valueRequired":true,"valueName":"search_term_string"}}],"inLanguage":"ru-RU"},{"@type":"Organization","@id":"https:\/\/beebipood.ee\/ru\/#organization","name":"Beebipood","url":"https:\/\/beebipood.ee\/ru\/","logo":{"@type":"ImageObject","inLanguage":"ru-RU","@id":"https:\/\/beebipood.ee\/ru\/#\/schema\/logo\/image\/","url":"https:\/\/beebipood.ee\/wp-content\/uploads\/2025\/03\/beebipood.ee-logo-1.svg","contentUrl":"https:\/\/beebipood.ee\/wp-content\/uploads\/2025\/03\/beebipood.ee-logo-1.svg","caption":"Beebipood"},"image":{"@id":"https:\/\/beebipood.ee\/ru\/#\/schema\/logo\/image\/"}}]}},"brands":[{"id":11980,"name":"THULE","slug":"thule-ru"}],"_links":{"self":[{"href":"https:\/\/beebipood.ee\/ru\/wp-json\/wp\/v2\/product\/459583","targetHints":{"allow":["GET"]}}],"collection":[{"href":"https:\/\/beebipood.ee\/ru\/wp-json\/wp\/v2\/product"}],"about":[{"href":"https:\/\/beebipood.ee\/ru\/wp-json\/wp\/v2\/types\/product"}],"wp:featuredmedia":[{"embeddable":true,"href":"https:\/\/beebipood.ee\/ru\/wp-json\/wp\/v2\/media\/173291"}],"wp:attachment":[{"href":"https:\/\/beebipood.ee\/ru\/wp-json\/wp\/v2\/media?parent=459583"}],"wp:term":[{"taxonomy":"pwb-brand","embeddable":true,"href":"https:\/\/beebipood.ee\/ru\/wp-json\/wp\/v2\/pwb-brand?post=459583"},{"taxonomy":"product_brand","embeddable":true,"href":"https:\/\/beebipood.ee\/ru\/wp-json\/wp\/v2\/product_brand?post=459583"},{"taxonomy":"product_cat","embeddable":true,"href":"https:\/\/beebipood.ee\/ru\/wp-json\/wp\/v2\/product_cat?post=459583"},{"taxonomy":"product_tag","embeddable":true,"href":"https:\/\/beebipood.ee\/ru\/wp-json\/wp\/v2\/product_tag?post=459583"}],"curies":[{"name":"wp","href":"https:\/\/api.w.org\/{rel}","templated":true}]}}