{"id":459613,"date":"2020-10-01T06:54:36","date_gmt":"2020-10-01T03:54:36","guid":{"rendered":"https:\/\/beebipood.ee\/toode\/cam-brevettato-manguaedik-col247\/"},"modified":"2025-01-09T10:48:15","modified_gmt":"2025-01-09T08:48:15","slug":"cam-brevettato-manguaedik-col247","status":"publish","type":"product","link":"https:\/\/beebipood.ee\/ru\/produkt\/cam-brevettato-manguaedik-col247\/","title":{"rendered":"Cam Brevettato m\u00e4nguaedik, col247"},"content":{"rendered":"<p>Pehmete \u00e4\u00e4rtega kompaktne m\u00e4nguaedik, <br \/>mis sobib kasutamiseks lastele kaaluga kuni 15kg.<br \/><span style=\"text-decoration: underline;\"><br \/>Omadused<\/span><br \/>4 tugijalga<br \/>\u00c4\u00e4red on valmistatud eriti vastupidavast pehmest pvc materjalist, <br \/>v\u00e4ltimaks v\u00f5imalust, et laps hammastega selle katki rebiks<br \/>H\u00f5lpsasti kokkupandav m\u00e4nguaedik<br \/>Valmistatud kergesti pestavast materjalist<br \/><span style=\"text-decoration: underline;\">Turvalisuse meetmed<\/span><br \/>V\u00f5rku on testitud, v\u00e4ltimaks lapse s\u00f5rmede kinnij\u00e4\u00e4mist<br \/>L\u00e4biviidud stabiilsuse test, v\u00e4ltimaks lapse \u00fcmberkukkumist koos m\u00e4nguv\u00e4ljakuga<br \/>D\u00fcnaamiline kokkup\u00f5rke test &#8212; l\u00e4biviidud selleks, et testida alusp\u00f5hja vastupidavust<br \/>Kasutatud materjalid on k\u00f5ik mittetoksilised<br \/><span style=\"text-decoration: underline;\">N\u00e4itajad<\/span><br \/>M\u00f5\u00f5dud: 125 x 77,5 x 83cm<br \/>M\u00f5\u00f5dud kokkupandult: 27,5 x 76 x 94cm<br \/>Kaal: 13,8kg<\/p>\n","protected":false},"excerpt":{"rendered":"<p>Pehmete \u00e4\u00e4rtega kompaktne m\u00e4nguaedik, mis sobib kasutamiseks lastele kaaluga kuni 15kg.Omadused4 tugijalga\u00c4\u00e4red on valmistatud eriti vastupidavast pehmest pvc materjalist, v\u00e4ltimaks v\u00f5imalust, et laps hammastega selle katki rebiksH\u00f5lpsasti kokkupandav m\u00e4nguaedikValmistatud kergesti pestavast materjalistTurvalisuse meetmedV\u00f5rku on testitud, v\u00e4ltimaks lapse s\u00f5rmede kinnij\u00e4\u00e4mistL\u00e4biviidud stabiilsuse test, v\u00e4ltimaks lapse \u00fcmberkukkumist koos m\u00e4nguv\u00e4ljakugaD\u00fcnaamiline kokkup\u00f5rke test &#8212; l\u00e4biviidud selleks, et testida alusp\u00f5hja vastupidavustKasutatud [&hellip;]<\/p>\n","protected":false},"featured_media":136432,"template":"","meta":{"_acf_changed":false},"pwb-brand":[11970],"product_brand":[],"product_cat":[11703,11791,11667],"product_tag":[],"class_list":{"0":"post-459613","1":"product","2":"type-product","3":"status-publish","4":"has-post-thumbnail","6":"pwb-brand-cam-ru","7":"product_cat-turvalisus-maneezid-turvavaravad-piirded-ru","8":"product_cat-turvavarustus-ru","9":"product_cat-maneezid-ru","10":"pa_manufacturer-cam-ru","12":"first","13":"onbackorder","14":"taxable","15":"shipping-taxable","16":"purchasable","17":"product-type-simple"},"exclude_global_add_ons":[],"addons":[],"acf":[],"yoast_head":"<!-- This site is optimized with the Yoast SEO plugin v27.1.1 - https:\/\/yoast.com\/product\/yoast-seo-wordpress\/ -->\n<title>Cam Brevettato m\u00e4nguaedik, col247, \u041d\u041e\u0412\u042b\u0415 \u0422\u041e\u0412\u0410\u0420\u042b, M\u0430\u043d\u0435\u0436\u0438, \u0411\u0435\u0437\u043e\u043f\u0430\u0441\u043d\u043e\u0441\u0442\u044c, \u0432\u043e\u0440\u043e\u0442\u0430 \u0431\u0435\u0437\u043e\u043f\u0430\u0441\u043d\u043e\u0441\u0442\u0438,\u043c\u0430\u043d\u0435\u0436\u0438, \u0421\u043d\u0430\u0440\u044f\u0436\u0435\u043d\u0438\u044f \u0431\u0435\u0437\u043e\u043f\u0430\u0441\u043d\u043e\u0441\u0442\u0438, Beebipood<\/title>\n<meta name=\"description\" content=\"Cam Brevettato m\u00e4nguaedik, col247, Pehmete &auml;&auml;rtega kompaktne m&auml;nguaedik, mis sobib kasutamiseks lastele kaaluga kuni 15kg.&lt;span s\" \/>\n<meta name=\"robots\" content=\"index, follow, max-snippet:-1, max-image-preview:large, max-video-preview:-1\" \/>\n<link rel=\"canonical\" href=\"https:\/\/beebipood.ee\/ru\/produkt\/cam-brevettato-manguaedik-col247\/\" \/>\n<meta property=\"og:locale\" content=\"ru_RU\" \/>\n<meta property=\"og:type\" content=\"article\" \/>\n<meta property=\"og:title\" content=\"Cam Brevettato m\u00e4nguaedik, col247, \u041d\u041e\u0412\u042b\u0415 \u0422\u041e\u0412\u0410\u0420\u042b, M\u0430\u043d\u0435\u0436\u0438, \u0411\u0435\u0437\u043e\u043f\u0430\u0441\u043d\u043e\u0441\u0442\u044c, \u0432\u043e\u0440\u043e\u0442\u0430 \u0431\u0435\u0437\u043e\u043f\u0430\u0441\u043d\u043e\u0441\u0442\u0438,\u043c\u0430\u043d\u0435\u0436\u0438, \u0421\u043d\u0430\u0440\u044f\u0436\u0435\u043d\u0438\u044f \u0431\u0435\u0437\u043e\u043f\u0430\u0441\u043d\u043e\u0441\u0442\u0438, Beebipood\" \/>\n<meta property=\"og:description\" content=\"Cam Brevettato m\u00e4nguaedik, col247, Pehmete &auml;&auml;rtega kompaktne m&auml;nguaedik, mis sobib kasutamiseks lastele kaaluga kuni 15kg.&lt;span s\" \/>\n<meta property=\"og:url\" content=\"https:\/\/beebipood.ee\/ru\/produkt\/cam-brevettato-manguaedik-col247\/\" \/>\n<meta property=\"og:site_name\" content=\"Beebipood\" \/>\n<meta property=\"article:modified_time\" content=\"2025-01-09T08:48:15+00:00\" \/>\n<meta property=\"og:image\" content=\"https:\/\/beebipood.ee\/wp-content\/uploads\/2020\/10\/Cam-Brevettato-manguaedik-col247-UUED-TOOTED-Maneeid-Turvalisus-maneeid-turvavaravad-piirded-Turvavarustus_1-e66.jpg\" \/>\n\t<meta property=\"og:image:width\" content=\"980\" \/>\n\t<meta property=\"og:image:height\" content=\"899\" \/>\n\t<meta property=\"og:image:type\" content=\"image\/jpeg\" \/>\n<meta name=\"twitter:card\" content=\"summary_large_image\" \/>\n<script type=\"application\/ld+json\" class=\"yoast-schema-graph\">{\"@context\":\"https:\/\/schema.org\",\"@graph\":[{\"@type\":\"WebPage\",\"@id\":\"https:\/\/beebipood.ee\/ru\/produkt\/cam-brevettato-manguaedik-col247\/\",\"url\":\"https:\/\/beebipood.ee\/ru\/produkt\/cam-brevettato-manguaedik-col247\/\",\"name\":\"Cam Brevettato m\u00e4nguaedik, col247, \u041d\u041e\u0412\u042b\u0415 \u0422\u041e\u0412\u0410\u0420\u042b, M\u0430\u043d\u0435\u0436\u0438, \u0411\u0435\u0437\u043e\u043f\u0430\u0441\u043d\u043e\u0441\u0442\u044c, \u0432\u043e\u0440\u043e\u0442\u0430 \u0431\u0435\u0437\u043e\u043f\u0430\u0441\u043d\u043e\u0441\u0442\u0438,\u043c\u0430\u043d\u0435\u0436\u0438, \u0421\u043d\u0430\u0440\u044f\u0436\u0435\u043d\u0438\u044f \u0431\u0435\u0437\u043e\u043f\u0430\u0441\u043d\u043e\u0441\u0442\u0438, Beebipood\",\"isPartOf\":{\"@id\":\"https:\/\/beebipood.ee\/ru\/#website\"},\"primaryImageOfPage\":{\"@id\":\"https:\/\/beebipood.ee\/ru\/produkt\/cam-brevettato-manguaedik-col247\/#primaryimage\"},\"image\":{\"@id\":\"https:\/\/beebipood.ee\/ru\/produkt\/cam-brevettato-manguaedik-col247\/#primaryimage\"},\"thumbnailUrl\":\"https:\/\/beebipood.ee\/wp-content\/uploads\/2020\/10\/Cam-Brevettato-manguaedik-col247-UUED-TOOTED-Maneeid-Turvalisus-maneeid-turvavaravad-piirded-Turvavarustus_1-e66.jpg\",\"datePublished\":\"2020-10-01T03:54:36+00:00\",\"dateModified\":\"2025-01-09T08:48:15+00:00\",\"description\":\"Cam Brevettato m\u00e4nguaedik, col247, Pehmete &auml;&auml;rtega kompaktne m&auml;nguaedik, mis sobib kasutamiseks lastele kaaluga kuni 15kg.&lt;span s\",\"breadcrumb\":{\"@id\":\"https:\/\/beebipood.ee\/ru\/produkt\/cam-brevettato-manguaedik-col247\/#breadcrumb\"},\"inLanguage\":\"ru-RU\",\"potentialAction\":[{\"@type\":\"ReadAction\",\"target\":[\"https:\/\/beebipood.ee\/ru\/produkt\/cam-brevettato-manguaedik-col247\/\"]}]},{\"@type\":\"ImageObject\",\"inLanguage\":\"ru-RU\",\"@id\":\"https:\/\/beebipood.ee\/ru\/produkt\/cam-brevettato-manguaedik-col247\/#primaryimage\",\"url\":\"https:\/\/beebipood.ee\/wp-content\/uploads\/2020\/10\/Cam-Brevettato-manguaedik-col247-UUED-TOOTED-Maneeid-Turvalisus-maneeid-turvavaravad-piirded-Turvavarustus_1-e66.jpg\",\"contentUrl\":\"https:\/\/beebipood.ee\/wp-content\/uploads\/2020\/10\/Cam-Brevettato-manguaedik-col247-UUED-TOOTED-Maneeid-Turvalisus-maneeid-turvavaravad-piirded-Turvavarustus_1-e66.jpg\",\"width\":980,\"height\":899},{\"@type\":\"BreadcrumbList\",\"@id\":\"https:\/\/beebipood.ee\/ru\/produkt\/cam-brevettato-manguaedik-col247\/#breadcrumb\",\"itemListElement\":[{\"@type\":\"ListItem\",\"position\":1,\"name\":\"Home\",\"item\":\"https:\/\/beebipood.ee\/ru\/\"},{\"@type\":\"ListItem\",\"position\":2,\"name\":\"\u041a\u0430\u0442\u0430\u043b\u043e\u0433 \u0442\u043e\u0432\u0430\u0440\u043e\u0432\",\"item\":\"https:\/\/beebipood.ee\/tooted\/\"},{\"@type\":\"ListItem\",\"position\":3,\"name\":\"Cam Brevettato m\u00e4nguaedik, col247\"}]},{\"@type\":\"WebSite\",\"@id\":\"https:\/\/beebipood.ee\/ru\/#website\",\"url\":\"https:\/\/beebipood.ee\/ru\/\",\"name\":\"Beebipood\",\"description\":\"Lastekaubad, beebikaubad, m\u00e4nguasjad\",\"publisher\":{\"@id\":\"https:\/\/beebipood.ee\/ru\/#organization\"},\"potentialAction\":[{\"@type\":\"SearchAction\",\"target\":{\"@type\":\"EntryPoint\",\"urlTemplate\":\"https:\/\/beebipood.ee\/ru\/?s={search_term_string}\"},\"query-input\":{\"@type\":\"PropertyValueSpecification\",\"valueRequired\":true,\"valueName\":\"search_term_string\"}}],\"inLanguage\":\"ru-RU\"},{\"@type\":\"Organization\",\"@id\":\"https:\/\/beebipood.ee\/ru\/#organization\",\"name\":\"Beebipood\",\"url\":\"https:\/\/beebipood.ee\/ru\/\",\"logo\":{\"@type\":\"ImageObject\",\"inLanguage\":\"ru-RU\",\"@id\":\"https:\/\/beebipood.ee\/ru\/#\/schema\/logo\/image\/\",\"url\":\"https:\/\/beebipood.ee\/wp-content\/uploads\/2025\/03\/beebipood.ee-logo-1.svg\",\"contentUrl\":\"https:\/\/beebipood.ee\/wp-content\/uploads\/2025\/03\/beebipood.ee-logo-1.svg\",\"caption\":\"Beebipood\"},\"image\":{\"@id\":\"https:\/\/beebipood.ee\/ru\/#\/schema\/logo\/image\/\"}}]}<\/script>\n<!-- \/ Yoast SEO plugin. -->","yoast_head_json":{"title":"Cam Brevettato m\u00e4nguaedik, col247, \u041d\u041e\u0412\u042b\u0415 \u0422\u041e\u0412\u0410\u0420\u042b, M\u0430\u043d\u0435\u0436\u0438, \u0411\u0435\u0437\u043e\u043f\u0430\u0441\u043d\u043e\u0441\u0442\u044c, \u0432\u043e\u0440\u043e\u0442\u0430 \u0431\u0435\u0437\u043e\u043f\u0430\u0441\u043d\u043e\u0441\u0442\u0438,\u043c\u0430\u043d\u0435\u0436\u0438, \u0421\u043d\u0430\u0440\u044f\u0436\u0435\u043d\u0438\u044f \u0431\u0435\u0437\u043e\u043f\u0430\u0441\u043d\u043e\u0441\u0442\u0438, Beebipood","description":"Cam Brevettato m\u00e4nguaedik, col247, Pehmete &auml;&auml;rtega kompaktne m&auml;nguaedik, mis sobib kasutamiseks lastele kaaluga kuni 15kg.&lt;span s","robots":{"index":"index","follow":"follow","max-snippet":"max-snippet:-1","max-image-preview":"max-image-preview:large","max-video-preview":"max-video-preview:-1"},"canonical":"https:\/\/beebipood.ee\/ru\/produkt\/cam-brevettato-manguaedik-col247\/","og_locale":"ru_RU","og_type":"article","og_title":"Cam Brevettato m\u00e4nguaedik, col247, \u041d\u041e\u0412\u042b\u0415 \u0422\u041e\u0412\u0410\u0420\u042b, M\u0430\u043d\u0435\u0436\u0438, \u0411\u0435\u0437\u043e\u043f\u0430\u0441\u043d\u043e\u0441\u0442\u044c, \u0432\u043e\u0440\u043e\u0442\u0430 \u0431\u0435\u0437\u043e\u043f\u0430\u0441\u043d\u043e\u0441\u0442\u0438,\u043c\u0430\u043d\u0435\u0436\u0438, \u0421\u043d\u0430\u0440\u044f\u0436\u0435\u043d\u0438\u044f \u0431\u0435\u0437\u043e\u043f\u0430\u0441\u043d\u043e\u0441\u0442\u0438, Beebipood","og_description":"Cam Brevettato m\u00e4nguaedik, col247, Pehmete &auml;&auml;rtega kompaktne m&auml;nguaedik, mis sobib kasutamiseks lastele kaaluga kuni 15kg.&lt;span s","og_url":"https:\/\/beebipood.ee\/ru\/produkt\/cam-brevettato-manguaedik-col247\/","og_site_name":"Beebipood","article_modified_time":"2025-01-09T08:48:15+00:00","og_image":[{"width":980,"height":899,"url":"https:\/\/beebipood.ee\/wp-content\/uploads\/2020\/10\/Cam-Brevettato-manguaedik-col247-UUED-TOOTED-Maneeid-Turvalisus-maneeid-turvavaravad-piirded-Turvavarustus_1-e66.jpg","type":"image\/jpeg"}],"twitter_card":"summary_large_image","schema":{"@context":"https:\/\/schema.org","@graph":[{"@type":"WebPage","@id":"https:\/\/beebipood.ee\/ru\/produkt\/cam-brevettato-manguaedik-col247\/","url":"https:\/\/beebipood.ee\/ru\/produkt\/cam-brevettato-manguaedik-col247\/","name":"Cam Brevettato m\u00e4nguaedik, col247, \u041d\u041e\u0412\u042b\u0415 \u0422\u041e\u0412\u0410\u0420\u042b, M\u0430\u043d\u0435\u0436\u0438, \u0411\u0435\u0437\u043e\u043f\u0430\u0441\u043d\u043e\u0441\u0442\u044c, \u0432\u043e\u0440\u043e\u0442\u0430 \u0431\u0435\u0437\u043e\u043f\u0430\u0441\u043d\u043e\u0441\u0442\u0438,\u043c\u0430\u043d\u0435\u0436\u0438, \u0421\u043d\u0430\u0440\u044f\u0436\u0435\u043d\u0438\u044f \u0431\u0435\u0437\u043e\u043f\u0430\u0441\u043d\u043e\u0441\u0442\u0438, Beebipood","isPartOf":{"@id":"https:\/\/beebipood.ee\/ru\/#website"},"primaryImageOfPage":{"@id":"https:\/\/beebipood.ee\/ru\/produkt\/cam-brevettato-manguaedik-col247\/#primaryimage"},"image":{"@id":"https:\/\/beebipood.ee\/ru\/produkt\/cam-brevettato-manguaedik-col247\/#primaryimage"},"thumbnailUrl":"https:\/\/beebipood.ee\/wp-content\/uploads\/2020\/10\/Cam-Brevettato-manguaedik-col247-UUED-TOOTED-Maneeid-Turvalisus-maneeid-turvavaravad-piirded-Turvavarustus_1-e66.jpg","datePublished":"2020-10-01T03:54:36+00:00","dateModified":"2025-01-09T08:48:15+00:00","description":"Cam Brevettato m\u00e4nguaedik, col247, Pehmete &auml;&auml;rtega kompaktne m&auml;nguaedik, mis sobib kasutamiseks lastele kaaluga kuni 15kg.&lt;span s","breadcrumb":{"@id":"https:\/\/beebipood.ee\/ru\/produkt\/cam-brevettato-manguaedik-col247\/#breadcrumb"},"inLanguage":"ru-RU","potentialAction":[{"@type":"ReadAction","target":["https:\/\/beebipood.ee\/ru\/produkt\/cam-brevettato-manguaedik-col247\/"]}]},{"@type":"ImageObject","inLanguage":"ru-RU","@id":"https:\/\/beebipood.ee\/ru\/produkt\/cam-brevettato-manguaedik-col247\/#primaryimage","url":"https:\/\/beebipood.ee\/wp-content\/uploads\/2020\/10\/Cam-Brevettato-manguaedik-col247-UUED-TOOTED-Maneeid-Turvalisus-maneeid-turvavaravad-piirded-Turvavarustus_1-e66.jpg","contentUrl":"https:\/\/beebipood.ee\/wp-content\/uploads\/2020\/10\/Cam-Brevettato-manguaedik-col247-UUED-TOOTED-Maneeid-Turvalisus-maneeid-turvavaravad-piirded-Turvavarustus_1-e66.jpg","width":980,"height":899},{"@type":"BreadcrumbList","@id":"https:\/\/beebipood.ee\/ru\/produkt\/cam-brevettato-manguaedik-col247\/#breadcrumb","itemListElement":[{"@type":"ListItem","position":1,"name":"Home","item":"https:\/\/beebipood.ee\/ru\/"},{"@type":"ListItem","position":2,"name":"\u041a\u0430\u0442\u0430\u043b\u043e\u0433 \u0442\u043e\u0432\u0430\u0440\u043e\u0432","item":"https:\/\/beebipood.ee\/tooted\/"},{"@type":"ListItem","position":3,"name":"Cam Brevettato m\u00e4nguaedik, col247"}]},{"@type":"WebSite","@id":"https:\/\/beebipood.ee\/ru\/#website","url":"https:\/\/beebipood.ee\/ru\/","name":"Beebipood","description":"Lastekaubad, beebikaubad, m\u00e4nguasjad","publisher":{"@id":"https:\/\/beebipood.ee\/ru\/#organization"},"potentialAction":[{"@type":"SearchAction","target":{"@type":"EntryPoint","urlTemplate":"https:\/\/beebipood.ee\/ru\/?s={search_term_string}"},"query-input":{"@type":"PropertyValueSpecification","valueRequired":true,"valueName":"search_term_string"}}],"inLanguage":"ru-RU"},{"@type":"Organization","@id":"https:\/\/beebipood.ee\/ru\/#organization","name":"Beebipood","url":"https:\/\/beebipood.ee\/ru\/","logo":{"@type":"ImageObject","inLanguage":"ru-RU","@id":"https:\/\/beebipood.ee\/ru\/#\/schema\/logo\/image\/","url":"https:\/\/beebipood.ee\/wp-content\/uploads\/2025\/03\/beebipood.ee-logo-1.svg","contentUrl":"https:\/\/beebipood.ee\/wp-content\/uploads\/2025\/03\/beebipood.ee-logo-1.svg","caption":"Beebipood"},"image":{"@id":"https:\/\/beebipood.ee\/ru\/#\/schema\/logo\/image\/"}}]}},"brands":[{"id":11970,"name":"CAM","slug":"cam-ru"}],"_links":{"self":[{"href":"https:\/\/beebipood.ee\/ru\/wp-json\/wp\/v2\/product\/459613","targetHints":{"allow":["GET"]}}],"collection":[{"href":"https:\/\/beebipood.ee\/ru\/wp-json\/wp\/v2\/product"}],"about":[{"href":"https:\/\/beebipood.ee\/ru\/wp-json\/wp\/v2\/types\/product"}],"wp:featuredmedia":[{"embeddable":true,"href":"https:\/\/beebipood.ee\/ru\/wp-json\/wp\/v2\/media\/136432"}],"wp:attachment":[{"href":"https:\/\/beebipood.ee\/ru\/wp-json\/wp\/v2\/media?parent=459613"}],"wp:term":[{"taxonomy":"pwb-brand","embeddable":true,"href":"https:\/\/beebipood.ee\/ru\/wp-json\/wp\/v2\/pwb-brand?post=459613"},{"taxonomy":"product_brand","embeddable":true,"href":"https:\/\/beebipood.ee\/ru\/wp-json\/wp\/v2\/product_brand?post=459613"},{"taxonomy":"product_cat","embeddable":true,"href":"https:\/\/beebipood.ee\/ru\/wp-json\/wp\/v2\/product_cat?post=459613"},{"taxonomy":"product_tag","embeddable":true,"href":"https:\/\/beebipood.ee\/ru\/wp-json\/wp\/v2\/product_tag?post=459613"}],"curies":[{"name":"wp","href":"https:\/\/api.w.org\/{rel}","templated":true}]}}