{"id":459633,"date":"2020-10-09T09:02:40","date_gmt":"2020-10-09T06:02:40","guid":{"rendered":"https:\/\/beebipood.ee\/toode\/babydan-olaf-varavasektsioon-must\/"},"modified":"2025-01-09T10:48:15","modified_gmt":"2025-01-09T08:48:15","slug":"babydan-olaf-varavasektsioon-must","status":"publish","type":"product","link":"https:\/\/beebipood.ee\/ru\/produkt\/babydan-olaf-varavasektsioon-must\/","title":{"rendered":"BabyDan Olaf v\u00e4ravasektsioon, Must"},"content":{"rendered":"<p>Lihtsasti juurde paigaldatav lisasektsioon turvav\u00e4ravatele Olaf<br \/>Turvav\u00e4rav Olaf uksesektsioon (avatav v\u00e4rav).<br \/>Lisasektsiooni k\u00f5rgus 71cm.<br \/>Kinnitub lihtsasti juba olemasoleva Olaf turvav\u00e4rava k\u00fclge.<br \/>Sobivad mudelitele:<br \/>Olaf Wide \/ Flex M<br \/>Olaf X Wide \/ Flex L<br \/>Olaf XX Wide \/ Flex XL<br \/>Olaf XXX Wide \/ Flex XXL<br \/>BabyDan Olaf \/ Flex m\u00e4nguaedik<br \/>Toodetud Taanis.<\/p>\n","protected":false},"excerpt":{"rendered":"<p>Lihtsasti juurde paigaldatav lisasektsioon turvav\u00e4ravatele OlafTurvav\u00e4rav Olaf uksesektsioon (avatav v\u00e4rav).Lisasektsiooni k\u00f5rgus 71cm.Kinnitub lihtsasti juba olemasoleva Olaf turvav\u00e4rava k\u00fclge.Sobivad mudelitele:Olaf Wide \/ Flex MOlaf X Wide \/ Flex LOlaf XX Wide \/ Flex XLOlaf XXX Wide \/ Flex XXLBabyDan Olaf \/ Flex m\u00e4nguaedikToodetud Taanis.<\/p>\n","protected":false},"featured_media":136478,"template":"","meta":{"_acf_changed":false},"pwb-brand":[11971],"product_brand":[],"product_cat":[11703,11705,11751,11791],"product_tag":[],"class_list":{"0":"post-459633","1":"product","2":"type-product","3":"status-publish","4":"has-post-thumbnail","6":"pwb-brand-babydan-ru","7":"product_cat-turvalisus-maneezid-turvavaravad-piirded-ru","8":"product_cat-turvavaravad-ru","9":"product_cat-piirded-ru","10":"product_cat-turvavarustus-ru","11":"pa_manufacturer-babydan-ru","13":"first","14":"onbackorder","15":"taxable","16":"shipping-taxable","17":"purchasable","18":"product-type-simple"},"exclude_global_add_ons":[],"addons":[],"acf":[],"yoast_head":"<!-- This site is optimized with the Yoast SEO plugin v27.1.1 - https:\/\/yoast.com\/product\/yoast-seo-wordpress\/ -->\n<title>BabyDan Olaf v\u00e4ravasektsioon, Must, \u0411\u0435\u0437\u043e\u043f\u0430\u0441\u043d\u043e\u0441\u0442\u044c, \u0432\u043e\u0440\u043e\u0442\u0430 \u0431\u0435\u0437\u043e\u043f\u0430\u0441\u043d\u043e\u0441\u0442\u0438,\u043c\u0430\u043d\u0435\u0436\u0438, \u0412\u043e\u0440\u043e\u0442\u0430 \u0431\u0435\u0437\u043e\u043f\u0430\u0441\u043d\u043e\u0441\u0442\u0438, \u041e\u0433\u0440\u0430\u0436\u0434\u0435\u043d\u0438\u044f, \u0421\u043d\u0430\u0440\u044f\u0436\u0435\u043d\u0438\u044f \u0431\u0435\u0437\u043e\u043f\u0430\u0441\u043d\u043e\u0441\u0442\u0438, Beebipood<\/title>\n<meta name=\"description\" content=\"BabyDan Olaf v\u00e4ravasektsioon, Must, Lihtsasti juurde paigaldatav lisasektsioon turvav&auml;ravatele OlafTurvav&auml;rav Olaf uksesektsioon (avatav v&amp;a\" \/>\n<meta name=\"robots\" content=\"index, follow, max-snippet:-1, max-image-preview:large, max-video-preview:-1\" \/>\n<link rel=\"canonical\" href=\"https:\/\/beebipood.ee\/ru\/produkt\/babydan-olaf-varavasektsioon-must\/\" \/>\n<meta property=\"og:locale\" content=\"ru_RU\" \/>\n<meta property=\"og:type\" content=\"article\" \/>\n<meta property=\"og:title\" content=\"BabyDan Olaf v\u00e4ravasektsioon, Must, \u0411\u0435\u0437\u043e\u043f\u0430\u0441\u043d\u043e\u0441\u0442\u044c, \u0432\u043e\u0440\u043e\u0442\u0430 \u0431\u0435\u0437\u043e\u043f\u0430\u0441\u043d\u043e\u0441\u0442\u0438,\u043c\u0430\u043d\u0435\u0436\u0438, \u0412\u043e\u0440\u043e\u0442\u0430 \u0431\u0435\u0437\u043e\u043f\u0430\u0441\u043d\u043e\u0441\u0442\u0438, \u041e\u0433\u0440\u0430\u0436\u0434\u0435\u043d\u0438\u044f, \u0421\u043d\u0430\u0440\u044f\u0436\u0435\u043d\u0438\u044f \u0431\u0435\u0437\u043e\u043f\u0430\u0441\u043d\u043e\u0441\u0442\u0438, Beebipood\" \/>\n<meta property=\"og:description\" content=\"BabyDan Olaf v\u00e4ravasektsioon, Must, Lihtsasti juurde paigaldatav lisasektsioon turvav&auml;ravatele OlafTurvav&auml;rav Olaf uksesektsioon (avatav v&amp;a\" \/>\n<meta property=\"og:url\" content=\"https:\/\/beebipood.ee\/ru\/produkt\/babydan-olaf-varavasektsioon-must\/\" \/>\n<meta property=\"og:site_name\" content=\"Beebipood\" \/>\n<meta property=\"article:modified_time\" content=\"2025-01-09T08:48:15+00:00\" \/>\n<meta property=\"og:image\" content=\"https:\/\/beebipood.ee\/wp-content\/uploads\/2020\/10\/BabyDan-Olaf-varavasektsioon-Must-Turvalisus-maneeid-turvavaravad-piirded-Turvavaravad-Piirded-Turvavarustus_1-3a9.jpg\" \/>\n\t<meta property=\"og:image:width\" content=\"900\" \/>\n\t<meta property=\"og:image:height\" content=\"738\" \/>\n\t<meta property=\"og:image:type\" content=\"image\/jpeg\" \/>\n<meta name=\"twitter:card\" content=\"summary_large_image\" \/>\n<script type=\"application\/ld+json\" class=\"yoast-schema-graph\">{\"@context\":\"https:\/\/schema.org\",\"@graph\":[{\"@type\":\"WebPage\",\"@id\":\"https:\/\/beebipood.ee\/ru\/produkt\/babydan-olaf-varavasektsioon-must\/\",\"url\":\"https:\/\/beebipood.ee\/ru\/produkt\/babydan-olaf-varavasektsioon-must\/\",\"name\":\"BabyDan Olaf v\u00e4ravasektsioon, Must, \u0411\u0435\u0437\u043e\u043f\u0430\u0441\u043d\u043e\u0441\u0442\u044c, \u0432\u043e\u0440\u043e\u0442\u0430 \u0431\u0435\u0437\u043e\u043f\u0430\u0441\u043d\u043e\u0441\u0442\u0438,\u043c\u0430\u043d\u0435\u0436\u0438, \u0412\u043e\u0440\u043e\u0442\u0430 \u0431\u0435\u0437\u043e\u043f\u0430\u0441\u043d\u043e\u0441\u0442\u0438, \u041e\u0433\u0440\u0430\u0436\u0434\u0435\u043d\u0438\u044f, \u0421\u043d\u0430\u0440\u044f\u0436\u0435\u043d\u0438\u044f \u0431\u0435\u0437\u043e\u043f\u0430\u0441\u043d\u043e\u0441\u0442\u0438, Beebipood\",\"isPartOf\":{\"@id\":\"https:\/\/beebipood.ee\/ru\/#website\"},\"primaryImageOfPage\":{\"@id\":\"https:\/\/beebipood.ee\/ru\/produkt\/babydan-olaf-varavasektsioon-must\/#primaryimage\"},\"image\":{\"@id\":\"https:\/\/beebipood.ee\/ru\/produkt\/babydan-olaf-varavasektsioon-must\/#primaryimage\"},\"thumbnailUrl\":\"https:\/\/beebipood.ee\/wp-content\/uploads\/2020\/10\/BabyDan-Olaf-varavasektsioon-Must-Turvalisus-maneeid-turvavaravad-piirded-Turvavaravad-Piirded-Turvavarustus_1-3a9.jpg\",\"datePublished\":\"2020-10-09T06:02:40+00:00\",\"dateModified\":\"2025-01-09T08:48:15+00:00\",\"description\":\"BabyDan Olaf v\u00e4ravasektsioon, Must, Lihtsasti juurde paigaldatav lisasektsioon turvav&auml;ravatele OlafTurvav&auml;rav Olaf uksesektsioon (avatav v&a\",\"breadcrumb\":{\"@id\":\"https:\/\/beebipood.ee\/ru\/produkt\/babydan-olaf-varavasektsioon-must\/#breadcrumb\"},\"inLanguage\":\"ru-RU\",\"potentialAction\":[{\"@type\":\"ReadAction\",\"target\":[\"https:\/\/beebipood.ee\/ru\/produkt\/babydan-olaf-varavasektsioon-must\/\"]}]},{\"@type\":\"ImageObject\",\"inLanguage\":\"ru-RU\",\"@id\":\"https:\/\/beebipood.ee\/ru\/produkt\/babydan-olaf-varavasektsioon-must\/#primaryimage\",\"url\":\"https:\/\/beebipood.ee\/wp-content\/uploads\/2020\/10\/BabyDan-Olaf-varavasektsioon-Must-Turvalisus-maneeid-turvavaravad-piirded-Turvavaravad-Piirded-Turvavarustus_1-3a9.jpg\",\"contentUrl\":\"https:\/\/beebipood.ee\/wp-content\/uploads\/2020\/10\/BabyDan-Olaf-varavasektsioon-Must-Turvalisus-maneeid-turvavaravad-piirded-Turvavaravad-Piirded-Turvavarustus_1-3a9.jpg\",\"width\":900,\"height\":738},{\"@type\":\"BreadcrumbList\",\"@id\":\"https:\/\/beebipood.ee\/ru\/produkt\/babydan-olaf-varavasektsioon-must\/#breadcrumb\",\"itemListElement\":[{\"@type\":\"ListItem\",\"position\":1,\"name\":\"Home\",\"item\":\"https:\/\/beebipood.ee\/ru\/\"},{\"@type\":\"ListItem\",\"position\":2,\"name\":\"\u041a\u0430\u0442\u0430\u043b\u043e\u0433 \u0442\u043e\u0432\u0430\u0440\u043e\u0432\",\"item\":\"https:\/\/beebipood.ee\/tooted\/\"},{\"@type\":\"ListItem\",\"position\":3,\"name\":\"BabyDan Olaf v\u00e4ravasektsioon, Must\"}]},{\"@type\":\"WebSite\",\"@id\":\"https:\/\/beebipood.ee\/ru\/#website\",\"url\":\"https:\/\/beebipood.ee\/ru\/\",\"name\":\"Beebipood\",\"description\":\"Lastekaubad, beebikaubad, m\u00e4nguasjad\",\"publisher\":{\"@id\":\"https:\/\/beebipood.ee\/ru\/#organization\"},\"potentialAction\":[{\"@type\":\"SearchAction\",\"target\":{\"@type\":\"EntryPoint\",\"urlTemplate\":\"https:\/\/beebipood.ee\/ru\/?s={search_term_string}\"},\"query-input\":{\"@type\":\"PropertyValueSpecification\",\"valueRequired\":true,\"valueName\":\"search_term_string\"}}],\"inLanguage\":\"ru-RU\"},{\"@type\":\"Organization\",\"@id\":\"https:\/\/beebipood.ee\/ru\/#organization\",\"name\":\"Beebipood\",\"url\":\"https:\/\/beebipood.ee\/ru\/\",\"logo\":{\"@type\":\"ImageObject\",\"inLanguage\":\"ru-RU\",\"@id\":\"https:\/\/beebipood.ee\/ru\/#\/schema\/logo\/image\/\",\"url\":\"https:\/\/beebipood.ee\/wp-content\/uploads\/2025\/03\/beebipood.ee-logo-1.svg\",\"contentUrl\":\"https:\/\/beebipood.ee\/wp-content\/uploads\/2025\/03\/beebipood.ee-logo-1.svg\",\"caption\":\"Beebipood\"},\"image\":{\"@id\":\"https:\/\/beebipood.ee\/ru\/#\/schema\/logo\/image\/\"}}]}<\/script>\n<!-- \/ Yoast SEO plugin. -->","yoast_head_json":{"title":"BabyDan Olaf v\u00e4ravasektsioon, Must, \u0411\u0435\u0437\u043e\u043f\u0430\u0441\u043d\u043e\u0441\u0442\u044c, \u0432\u043e\u0440\u043e\u0442\u0430 \u0431\u0435\u0437\u043e\u043f\u0430\u0441\u043d\u043e\u0441\u0442\u0438,\u043c\u0430\u043d\u0435\u0436\u0438, \u0412\u043e\u0440\u043e\u0442\u0430 \u0431\u0435\u0437\u043e\u043f\u0430\u0441\u043d\u043e\u0441\u0442\u0438, \u041e\u0433\u0440\u0430\u0436\u0434\u0435\u043d\u0438\u044f, \u0421\u043d\u0430\u0440\u044f\u0436\u0435\u043d\u0438\u044f \u0431\u0435\u0437\u043e\u043f\u0430\u0441\u043d\u043e\u0441\u0442\u0438, Beebipood","description":"BabyDan Olaf v\u00e4ravasektsioon, Must, Lihtsasti juurde paigaldatav lisasektsioon turvav&auml;ravatele OlafTurvav&auml;rav Olaf uksesektsioon (avatav v&a","robots":{"index":"index","follow":"follow","max-snippet":"max-snippet:-1","max-image-preview":"max-image-preview:large","max-video-preview":"max-video-preview:-1"},"canonical":"https:\/\/beebipood.ee\/ru\/produkt\/babydan-olaf-varavasektsioon-must\/","og_locale":"ru_RU","og_type":"article","og_title":"BabyDan Olaf v\u00e4ravasektsioon, Must, \u0411\u0435\u0437\u043e\u043f\u0430\u0441\u043d\u043e\u0441\u0442\u044c, \u0432\u043e\u0440\u043e\u0442\u0430 \u0431\u0435\u0437\u043e\u043f\u0430\u0441\u043d\u043e\u0441\u0442\u0438,\u043c\u0430\u043d\u0435\u0436\u0438, \u0412\u043e\u0440\u043e\u0442\u0430 \u0431\u0435\u0437\u043e\u043f\u0430\u0441\u043d\u043e\u0441\u0442\u0438, \u041e\u0433\u0440\u0430\u0436\u0434\u0435\u043d\u0438\u044f, \u0421\u043d\u0430\u0440\u044f\u0436\u0435\u043d\u0438\u044f \u0431\u0435\u0437\u043e\u043f\u0430\u0441\u043d\u043e\u0441\u0442\u0438, Beebipood","og_description":"BabyDan Olaf v\u00e4ravasektsioon, Must, Lihtsasti juurde paigaldatav lisasektsioon turvav&auml;ravatele OlafTurvav&auml;rav Olaf uksesektsioon (avatav v&a","og_url":"https:\/\/beebipood.ee\/ru\/produkt\/babydan-olaf-varavasektsioon-must\/","og_site_name":"Beebipood","article_modified_time":"2025-01-09T08:48:15+00:00","og_image":[{"width":900,"height":738,"url":"https:\/\/beebipood.ee\/wp-content\/uploads\/2020\/10\/BabyDan-Olaf-varavasektsioon-Must-Turvalisus-maneeid-turvavaravad-piirded-Turvavaravad-Piirded-Turvavarustus_1-3a9.jpg","type":"image\/jpeg"}],"twitter_card":"summary_large_image","schema":{"@context":"https:\/\/schema.org","@graph":[{"@type":"WebPage","@id":"https:\/\/beebipood.ee\/ru\/produkt\/babydan-olaf-varavasektsioon-must\/","url":"https:\/\/beebipood.ee\/ru\/produkt\/babydan-olaf-varavasektsioon-must\/","name":"BabyDan Olaf v\u00e4ravasektsioon, Must, \u0411\u0435\u0437\u043e\u043f\u0430\u0441\u043d\u043e\u0441\u0442\u044c, \u0432\u043e\u0440\u043e\u0442\u0430 \u0431\u0435\u0437\u043e\u043f\u0430\u0441\u043d\u043e\u0441\u0442\u0438,\u043c\u0430\u043d\u0435\u0436\u0438, \u0412\u043e\u0440\u043e\u0442\u0430 \u0431\u0435\u0437\u043e\u043f\u0430\u0441\u043d\u043e\u0441\u0442\u0438, \u041e\u0433\u0440\u0430\u0436\u0434\u0435\u043d\u0438\u044f, \u0421\u043d\u0430\u0440\u044f\u0436\u0435\u043d\u0438\u044f \u0431\u0435\u0437\u043e\u043f\u0430\u0441\u043d\u043e\u0441\u0442\u0438, Beebipood","isPartOf":{"@id":"https:\/\/beebipood.ee\/ru\/#website"},"primaryImageOfPage":{"@id":"https:\/\/beebipood.ee\/ru\/produkt\/babydan-olaf-varavasektsioon-must\/#primaryimage"},"image":{"@id":"https:\/\/beebipood.ee\/ru\/produkt\/babydan-olaf-varavasektsioon-must\/#primaryimage"},"thumbnailUrl":"https:\/\/beebipood.ee\/wp-content\/uploads\/2020\/10\/BabyDan-Olaf-varavasektsioon-Must-Turvalisus-maneeid-turvavaravad-piirded-Turvavaravad-Piirded-Turvavarustus_1-3a9.jpg","datePublished":"2020-10-09T06:02:40+00:00","dateModified":"2025-01-09T08:48:15+00:00","description":"BabyDan Olaf v\u00e4ravasektsioon, Must, Lihtsasti juurde paigaldatav lisasektsioon turvav&auml;ravatele OlafTurvav&auml;rav Olaf uksesektsioon (avatav v&a","breadcrumb":{"@id":"https:\/\/beebipood.ee\/ru\/produkt\/babydan-olaf-varavasektsioon-must\/#breadcrumb"},"inLanguage":"ru-RU","potentialAction":[{"@type":"ReadAction","target":["https:\/\/beebipood.ee\/ru\/produkt\/babydan-olaf-varavasektsioon-must\/"]}]},{"@type":"ImageObject","inLanguage":"ru-RU","@id":"https:\/\/beebipood.ee\/ru\/produkt\/babydan-olaf-varavasektsioon-must\/#primaryimage","url":"https:\/\/beebipood.ee\/wp-content\/uploads\/2020\/10\/BabyDan-Olaf-varavasektsioon-Must-Turvalisus-maneeid-turvavaravad-piirded-Turvavaravad-Piirded-Turvavarustus_1-3a9.jpg","contentUrl":"https:\/\/beebipood.ee\/wp-content\/uploads\/2020\/10\/BabyDan-Olaf-varavasektsioon-Must-Turvalisus-maneeid-turvavaravad-piirded-Turvavaravad-Piirded-Turvavarustus_1-3a9.jpg","width":900,"height":738},{"@type":"BreadcrumbList","@id":"https:\/\/beebipood.ee\/ru\/produkt\/babydan-olaf-varavasektsioon-must\/#breadcrumb","itemListElement":[{"@type":"ListItem","position":1,"name":"Home","item":"https:\/\/beebipood.ee\/ru\/"},{"@type":"ListItem","position":2,"name":"\u041a\u0430\u0442\u0430\u043b\u043e\u0433 \u0442\u043e\u0432\u0430\u0440\u043e\u0432","item":"https:\/\/beebipood.ee\/tooted\/"},{"@type":"ListItem","position":3,"name":"BabyDan Olaf v\u00e4ravasektsioon, Must"}]},{"@type":"WebSite","@id":"https:\/\/beebipood.ee\/ru\/#website","url":"https:\/\/beebipood.ee\/ru\/","name":"Beebipood","description":"Lastekaubad, beebikaubad, m\u00e4nguasjad","publisher":{"@id":"https:\/\/beebipood.ee\/ru\/#organization"},"potentialAction":[{"@type":"SearchAction","target":{"@type":"EntryPoint","urlTemplate":"https:\/\/beebipood.ee\/ru\/?s={search_term_string}"},"query-input":{"@type":"PropertyValueSpecification","valueRequired":true,"valueName":"search_term_string"}}],"inLanguage":"ru-RU"},{"@type":"Organization","@id":"https:\/\/beebipood.ee\/ru\/#organization","name":"Beebipood","url":"https:\/\/beebipood.ee\/ru\/","logo":{"@type":"ImageObject","inLanguage":"ru-RU","@id":"https:\/\/beebipood.ee\/ru\/#\/schema\/logo\/image\/","url":"https:\/\/beebipood.ee\/wp-content\/uploads\/2025\/03\/beebipood.ee-logo-1.svg","contentUrl":"https:\/\/beebipood.ee\/wp-content\/uploads\/2025\/03\/beebipood.ee-logo-1.svg","caption":"Beebipood"},"image":{"@id":"https:\/\/beebipood.ee\/ru\/#\/schema\/logo\/image\/"}}]}},"brands":[{"id":11971,"name":"BabyDan","slug":"babydan-ru"}],"_links":{"self":[{"href":"https:\/\/beebipood.ee\/ru\/wp-json\/wp\/v2\/product\/459633","targetHints":{"allow":["GET"]}}],"collection":[{"href":"https:\/\/beebipood.ee\/ru\/wp-json\/wp\/v2\/product"}],"about":[{"href":"https:\/\/beebipood.ee\/ru\/wp-json\/wp\/v2\/types\/product"}],"wp:featuredmedia":[{"embeddable":true,"href":"https:\/\/beebipood.ee\/ru\/wp-json\/wp\/v2\/media\/136478"}],"wp:attachment":[{"href":"https:\/\/beebipood.ee\/ru\/wp-json\/wp\/v2\/media?parent=459633"}],"wp:term":[{"taxonomy":"pwb-brand","embeddable":true,"href":"https:\/\/beebipood.ee\/ru\/wp-json\/wp\/v2\/pwb-brand?post=459633"},{"taxonomy":"product_brand","embeddable":true,"href":"https:\/\/beebipood.ee\/ru\/wp-json\/wp\/v2\/product_brand?post=459633"},{"taxonomy":"product_cat","embeddable":true,"href":"https:\/\/beebipood.ee\/ru\/wp-json\/wp\/v2\/product_cat?post=459633"},{"taxonomy":"product_tag","embeddable":true,"href":"https:\/\/beebipood.ee\/ru\/wp-json\/wp\/v2\/product_tag?post=459633"}],"curies":[{"name":"wp","href":"https:\/\/api.w.org\/{rel}","templated":true}]}}