{"id":459635,"date":"2020-10-12T11:54:14","date_gmt":"2020-10-12T08:54:14","guid":{"rendered":"https:\/\/beebipood.ee\/toode\/alecto-smartbaby10-wifi-videomonitor\/"},"modified":"2025-04-04T10:09:07","modified_gmt":"2025-04-04T07:09:07","slug":"alecto-smartbaby10-wifi-videomonitor","status":"publish","type":"product","link":"https:\/\/beebipood.ee\/ru\/produkt\/alecto-smartbaby10-wifi-videomonitor\/","title":{"rendered":"Alecto Smartbaby10 wifi-videomonitor, White"},"content":{"rendered":"<p>Praktiline beebimonitor Smartbaby10 v\u00f5imaldab sul j\u00e4lgida oma last k\u00f5ikjalt,<br \/>\n\u00fchendudes sinu nutiseadmega. See wifi-videomonitor Alectolt<br \/>\non varustatud kaugjuhitava HD kaameraga, infrapunaga (\u00f6iseks vaatluseks)<br \/>\nja l\u00f5busate j\u00e4nku k\u00f5rvadega<br \/>\n<span style=\"text-decoration: underline;\"><br \/>\nOmadused<\/span><br \/>\nKaameraga wifi-monitor<br \/>\nJ\u00e4lgi oma last kodus v\u00f5i \u00fcksk\u00f5ik kus maailmas<br \/>\n\u00dchildub nii nutitelefoni kui ka tahvelarvutiga<br \/>\nLiikumis- ja heliandurid m\u00e4rguandega<br \/>\nKaugjuhitav kaamera<br \/>\nInfrapuna kaamera &#8212; selge pilt ka pimedas<br \/>\nKvaliteetne pilt ja heli<br \/>\nKahepoolne suhtlus (v\u00f5imalik lapsele vastu r\u00e4\u00e4kida)<br \/>\nTemperatuuri- ja niiskusm\u00f5\u00f5dik<br \/>\nTasuta Smart Life rakendus (Android ja iOS)<br \/>\nPildi v\u00f5i video salvestamine rakenduse abil<br \/>\nHD kvaliteediga kaamera (1920x1080p)<br \/>\nKaks j\u00e4nku k\u00f5rvadega kaamerakatet<br \/>\nDigitaalne suum<br \/>\nSeinakinnitused<br \/>\n<span style=\"text-decoration: underline;\">Komplektis<\/span><br \/>\nSMARTBABY10 kaamera<br \/>\nKaamerakatted 2tk (j\u00e4nku k\u00f5rvad)<br \/>\nSeinakinnitus<br \/>\nKasutusjuhend<\/p>\n","protected":false},"excerpt":{"rendered":"<p>Praktiline beebimonitor Smartbaby10 v\u00f5imaldab sul j\u00e4lgida oma last k\u00f5ikjalt, \u00fchendudes sinu nutiseadmega. See wifi-videomonitor Alectolt on varustatud kaugjuhitava HD kaameraga, infrapunaga (\u00f6iseks vaatluseks) ja l\u00f5busate j\u00e4nku k\u00f5rvadega Omadused Kaameraga wifi-monitor J\u00e4lgi oma last kodus v\u00f5i \u00fcksk\u00f5ik kus maailmas \u00dchildub nii nutitelefoni kui ka tahvelarvutiga Liikumis- ja heliandurid m\u00e4rguandega Kaugjuhitav kaamera Infrapuna kaamera &#8212; selge pilt [&hellip;]<\/p>\n","protected":false},"featured_media":503720,"template":"","meta":{"_acf_changed":false},"pwb-brand":[11968],"product_brand":[],"product_cat":[11707,11791],"product_tag":[],"class_list":{"0":"post-459635","1":"product","2":"type-product","3":"status-publish","4":"has-post-thumbnail","6":"pwb-brand-alecto-ru","7":"product_cat-beebimonitorid-ru","8":"product_cat-turvavarustus-ru","9":"pa_manufacturer-alecto-ru","11":"first","12":"onbackorder","13":"taxable","14":"shipping-taxable","15":"purchasable","16":"product-type-simple"},"exclude_global_add_ons":[],"addons":[],"acf":[],"yoast_head":"<!-- This site is optimized with the Yoast SEO plugin v27.1.1 - https:\/\/yoast.com\/product\/yoast-seo-wordpress\/ -->\n<title>Alecto Smartbaby10 wifi-videomonitor, White, \u0420\u0430\u0434\u0438\u043e\u043d\u044f\u043d\u0438, \u0421\u043d\u0430\u0440\u044f\u0436\u0435\u043d\u0438\u044f \u0431\u0435\u0437\u043e\u043f\u0430\u0441\u043d\u043e\u0441\u0442\u0438, Beebipood<\/title>\n<meta name=\"description\" content=\"Alecto Smartbaby10 wifi-videomonitor, White, Praktiline beebimonitor Smartbaby10 v\u00f5imaldab sul j\u00e4lgida oma last k\u00f5ikjalt, \u00fchend\" \/>\n<meta name=\"robots\" content=\"index, follow, max-snippet:-1, max-image-preview:large, max-video-preview:-1\" \/>\n<link rel=\"canonical\" href=\"https:\/\/beebipood.ee\/ru\/produkt\/alecto-smartbaby10-wifi-videomonitor\/\" \/>\n<meta property=\"og:locale\" content=\"ru_RU\" \/>\n<meta property=\"og:type\" content=\"article\" \/>\n<meta property=\"og:title\" content=\"Alecto Smartbaby10 wifi-videomonitor, White, \u0420\u0430\u0434\u0438\u043e\u043d\u044f\u043d\u0438, \u0421\u043d\u0430\u0440\u044f\u0436\u0435\u043d\u0438\u044f \u0431\u0435\u0437\u043e\u043f\u0430\u0441\u043d\u043e\u0441\u0442\u0438, Beebipood\" \/>\n<meta property=\"og:description\" content=\"Alecto Smartbaby10 wifi-videomonitor, White, Praktiline beebimonitor Smartbaby10 v\u00f5imaldab sul j\u00e4lgida oma last k\u00f5ikjalt, \u00fchend\" \/>\n<meta property=\"og:url\" content=\"https:\/\/beebipood.ee\/ru\/produkt\/alecto-smartbaby10-wifi-videomonitor\/\" \/>\n<meta property=\"og:site_name\" content=\"Beebipood\" \/>\n<meta property=\"article:modified_time\" content=\"2025-04-04T07:09:07+00:00\" \/>\n<meta property=\"og:image\" content=\"https:\/\/beebipood.ee\/wp-content\/uploads\/2020\/10\/alecto-smartbaby-10-wifivideomonitor-white.webp\" \/>\n\t<meta property=\"og:image:width\" content=\"1199\" \/>\n\t<meta property=\"og:image:height\" content=\"1200\" \/>\n\t<meta property=\"og:image:type\" content=\"image\/webp\" \/>\n<meta name=\"twitter:card\" content=\"summary_large_image\" \/>\n<meta name=\"twitter:label1\" content=\"\u041f\u0440\u0438\u043c\u0435\u0440\u043d\u043e\u0435 \u0432\u0440\u0435\u043c\u044f \u0434\u043b\u044f \u0447\u0442\u0435\u043d\u0438\u044f\" \/>\n\t<meta name=\"twitter:data1\" content=\"1 \u043c\u0438\u043d\u0443\u0442\u0430\" \/>\n<script type=\"application\/ld+json\" class=\"yoast-schema-graph\">{\"@context\":\"https:\/\/schema.org\",\"@graph\":[{\"@type\":\"WebPage\",\"@id\":\"https:\/\/beebipood.ee\/ru\/produkt\/alecto-smartbaby10-wifi-videomonitor\/\",\"url\":\"https:\/\/beebipood.ee\/ru\/produkt\/alecto-smartbaby10-wifi-videomonitor\/\",\"name\":\"Alecto Smartbaby10 wifi-videomonitor, White, \u0420\u0430\u0434\u0438\u043e\u043d\u044f\u043d\u0438, \u0421\u043d\u0430\u0440\u044f\u0436\u0435\u043d\u0438\u044f \u0431\u0435\u0437\u043e\u043f\u0430\u0441\u043d\u043e\u0441\u0442\u0438, Beebipood\",\"isPartOf\":{\"@id\":\"https:\/\/beebipood.ee\/ru\/#website\"},\"primaryImageOfPage\":{\"@id\":\"https:\/\/beebipood.ee\/ru\/produkt\/alecto-smartbaby10-wifi-videomonitor\/#primaryimage\"},\"image\":{\"@id\":\"https:\/\/beebipood.ee\/ru\/produkt\/alecto-smartbaby10-wifi-videomonitor\/#primaryimage\"},\"thumbnailUrl\":\"https:\/\/beebipood.ee\/wp-content\/uploads\/2020\/10\/alecto-smartbaby-10-wifivideomonitor-white.webp\",\"datePublished\":\"2020-10-12T08:54:14+00:00\",\"dateModified\":\"2025-04-04T07:09:07+00:00\",\"description\":\"Alecto Smartbaby10 wifi-videomonitor, White, Praktiline beebimonitor Smartbaby10 v\u00f5imaldab sul j\u00e4lgida oma last k\u00f5ikjalt, \u00fchend\",\"breadcrumb\":{\"@id\":\"https:\/\/beebipood.ee\/ru\/produkt\/alecto-smartbaby10-wifi-videomonitor\/#breadcrumb\"},\"inLanguage\":\"ru-RU\",\"potentialAction\":[{\"@type\":\"ReadAction\",\"target\":[\"https:\/\/beebipood.ee\/ru\/produkt\/alecto-smartbaby10-wifi-videomonitor\/\"]}]},{\"@type\":\"ImageObject\",\"inLanguage\":\"ru-RU\",\"@id\":\"https:\/\/beebipood.ee\/ru\/produkt\/alecto-smartbaby10-wifi-videomonitor\/#primaryimage\",\"url\":\"https:\/\/beebipood.ee\/wp-content\/uploads\/2020\/10\/alecto-smartbaby-10-wifivideomonitor-white.webp\",\"contentUrl\":\"https:\/\/beebipood.ee\/wp-content\/uploads\/2020\/10\/alecto-smartbaby-10-wifivideomonitor-white.webp\",\"width\":1199,\"height\":1200},{\"@type\":\"BreadcrumbList\",\"@id\":\"https:\/\/beebipood.ee\/ru\/produkt\/alecto-smartbaby10-wifi-videomonitor\/#breadcrumb\",\"itemListElement\":[{\"@type\":\"ListItem\",\"position\":1,\"name\":\"Home\",\"item\":\"https:\/\/beebipood.ee\/ru\/\"},{\"@type\":\"ListItem\",\"position\":2,\"name\":\"\u041a\u0430\u0442\u0430\u043b\u043e\u0433 \u0442\u043e\u0432\u0430\u0440\u043e\u0432\",\"item\":\"https:\/\/beebipood.ee\/tooted\/\"},{\"@type\":\"ListItem\",\"position\":3,\"name\":\"Alecto Smartbaby10 wifi-videomonitor, White\"}]},{\"@type\":\"WebSite\",\"@id\":\"https:\/\/beebipood.ee\/ru\/#website\",\"url\":\"https:\/\/beebipood.ee\/ru\/\",\"name\":\"Beebipood\",\"description\":\"Lastekaubad, beebikaubad, m\u00e4nguasjad\",\"publisher\":{\"@id\":\"https:\/\/beebipood.ee\/ru\/#organization\"},\"potentialAction\":[{\"@type\":\"SearchAction\",\"target\":{\"@type\":\"EntryPoint\",\"urlTemplate\":\"https:\/\/beebipood.ee\/ru\/?s={search_term_string}\"},\"query-input\":{\"@type\":\"PropertyValueSpecification\",\"valueRequired\":true,\"valueName\":\"search_term_string\"}}],\"inLanguage\":\"ru-RU\"},{\"@type\":\"Organization\",\"@id\":\"https:\/\/beebipood.ee\/ru\/#organization\",\"name\":\"Beebipood\",\"url\":\"https:\/\/beebipood.ee\/ru\/\",\"logo\":{\"@type\":\"ImageObject\",\"inLanguage\":\"ru-RU\",\"@id\":\"https:\/\/beebipood.ee\/ru\/#\/schema\/logo\/image\/\",\"url\":\"https:\/\/beebipood.ee\/wp-content\/uploads\/2025\/03\/beebipood.ee-logo-1.svg\",\"contentUrl\":\"https:\/\/beebipood.ee\/wp-content\/uploads\/2025\/03\/beebipood.ee-logo-1.svg\",\"caption\":\"Beebipood\"},\"image\":{\"@id\":\"https:\/\/beebipood.ee\/ru\/#\/schema\/logo\/image\/\"}}]}<\/script>\n<!-- \/ Yoast SEO plugin. -->","yoast_head_json":{"title":"Alecto Smartbaby10 wifi-videomonitor, White, \u0420\u0430\u0434\u0438\u043e\u043d\u044f\u043d\u0438, \u0421\u043d\u0430\u0440\u044f\u0436\u0435\u043d\u0438\u044f \u0431\u0435\u0437\u043e\u043f\u0430\u0441\u043d\u043e\u0441\u0442\u0438, Beebipood","description":"Alecto Smartbaby10 wifi-videomonitor, White, Praktiline beebimonitor Smartbaby10 v\u00f5imaldab sul j\u00e4lgida oma last k\u00f5ikjalt, \u00fchend","robots":{"index":"index","follow":"follow","max-snippet":"max-snippet:-1","max-image-preview":"max-image-preview:large","max-video-preview":"max-video-preview:-1"},"canonical":"https:\/\/beebipood.ee\/ru\/produkt\/alecto-smartbaby10-wifi-videomonitor\/","og_locale":"ru_RU","og_type":"article","og_title":"Alecto Smartbaby10 wifi-videomonitor, White, \u0420\u0430\u0434\u0438\u043e\u043d\u044f\u043d\u0438, \u0421\u043d\u0430\u0440\u044f\u0436\u0435\u043d\u0438\u044f \u0431\u0435\u0437\u043e\u043f\u0430\u0441\u043d\u043e\u0441\u0442\u0438, Beebipood","og_description":"Alecto Smartbaby10 wifi-videomonitor, White, Praktiline beebimonitor Smartbaby10 v\u00f5imaldab sul j\u00e4lgida oma last k\u00f5ikjalt, \u00fchend","og_url":"https:\/\/beebipood.ee\/ru\/produkt\/alecto-smartbaby10-wifi-videomonitor\/","og_site_name":"Beebipood","article_modified_time":"2025-04-04T07:09:07+00:00","og_image":[{"width":1199,"height":1200,"url":"https:\/\/beebipood.ee\/wp-content\/uploads\/2020\/10\/alecto-smartbaby-10-wifivideomonitor-white.webp","type":"image\/webp"}],"twitter_card":"summary_large_image","twitter_misc":{"\u041f\u0440\u0438\u043c\u0435\u0440\u043d\u043e\u0435 \u0432\u0440\u0435\u043c\u044f \u0434\u043b\u044f \u0447\u0442\u0435\u043d\u0438\u044f":"1 \u043c\u0438\u043d\u0443\u0442\u0430"},"schema":{"@context":"https:\/\/schema.org","@graph":[{"@type":"WebPage","@id":"https:\/\/beebipood.ee\/ru\/produkt\/alecto-smartbaby10-wifi-videomonitor\/","url":"https:\/\/beebipood.ee\/ru\/produkt\/alecto-smartbaby10-wifi-videomonitor\/","name":"Alecto Smartbaby10 wifi-videomonitor, White, \u0420\u0430\u0434\u0438\u043e\u043d\u044f\u043d\u0438, \u0421\u043d\u0430\u0440\u044f\u0436\u0435\u043d\u0438\u044f \u0431\u0435\u0437\u043e\u043f\u0430\u0441\u043d\u043e\u0441\u0442\u0438, Beebipood","isPartOf":{"@id":"https:\/\/beebipood.ee\/ru\/#website"},"primaryImageOfPage":{"@id":"https:\/\/beebipood.ee\/ru\/produkt\/alecto-smartbaby10-wifi-videomonitor\/#primaryimage"},"image":{"@id":"https:\/\/beebipood.ee\/ru\/produkt\/alecto-smartbaby10-wifi-videomonitor\/#primaryimage"},"thumbnailUrl":"https:\/\/beebipood.ee\/wp-content\/uploads\/2020\/10\/alecto-smartbaby-10-wifivideomonitor-white.webp","datePublished":"2020-10-12T08:54:14+00:00","dateModified":"2025-04-04T07:09:07+00:00","description":"Alecto Smartbaby10 wifi-videomonitor, White, Praktiline beebimonitor Smartbaby10 v\u00f5imaldab sul j\u00e4lgida oma last k\u00f5ikjalt, \u00fchend","breadcrumb":{"@id":"https:\/\/beebipood.ee\/ru\/produkt\/alecto-smartbaby10-wifi-videomonitor\/#breadcrumb"},"inLanguage":"ru-RU","potentialAction":[{"@type":"ReadAction","target":["https:\/\/beebipood.ee\/ru\/produkt\/alecto-smartbaby10-wifi-videomonitor\/"]}]},{"@type":"ImageObject","inLanguage":"ru-RU","@id":"https:\/\/beebipood.ee\/ru\/produkt\/alecto-smartbaby10-wifi-videomonitor\/#primaryimage","url":"https:\/\/beebipood.ee\/wp-content\/uploads\/2020\/10\/alecto-smartbaby-10-wifivideomonitor-white.webp","contentUrl":"https:\/\/beebipood.ee\/wp-content\/uploads\/2020\/10\/alecto-smartbaby-10-wifivideomonitor-white.webp","width":1199,"height":1200},{"@type":"BreadcrumbList","@id":"https:\/\/beebipood.ee\/ru\/produkt\/alecto-smartbaby10-wifi-videomonitor\/#breadcrumb","itemListElement":[{"@type":"ListItem","position":1,"name":"Home","item":"https:\/\/beebipood.ee\/ru\/"},{"@type":"ListItem","position":2,"name":"\u041a\u0430\u0442\u0430\u043b\u043e\u0433 \u0442\u043e\u0432\u0430\u0440\u043e\u0432","item":"https:\/\/beebipood.ee\/tooted\/"},{"@type":"ListItem","position":3,"name":"Alecto Smartbaby10 wifi-videomonitor, White"}]},{"@type":"WebSite","@id":"https:\/\/beebipood.ee\/ru\/#website","url":"https:\/\/beebipood.ee\/ru\/","name":"Beebipood","description":"Lastekaubad, beebikaubad, m\u00e4nguasjad","publisher":{"@id":"https:\/\/beebipood.ee\/ru\/#organization"},"potentialAction":[{"@type":"SearchAction","target":{"@type":"EntryPoint","urlTemplate":"https:\/\/beebipood.ee\/ru\/?s={search_term_string}"},"query-input":{"@type":"PropertyValueSpecification","valueRequired":true,"valueName":"search_term_string"}}],"inLanguage":"ru-RU"},{"@type":"Organization","@id":"https:\/\/beebipood.ee\/ru\/#organization","name":"Beebipood","url":"https:\/\/beebipood.ee\/ru\/","logo":{"@type":"ImageObject","inLanguage":"ru-RU","@id":"https:\/\/beebipood.ee\/ru\/#\/schema\/logo\/image\/","url":"https:\/\/beebipood.ee\/wp-content\/uploads\/2025\/03\/beebipood.ee-logo-1.svg","contentUrl":"https:\/\/beebipood.ee\/wp-content\/uploads\/2025\/03\/beebipood.ee-logo-1.svg","caption":"Beebipood"},"image":{"@id":"https:\/\/beebipood.ee\/ru\/#\/schema\/logo\/image\/"}}]}},"brands":[{"id":11968,"name":"Alecto","slug":"alecto-ru"}],"_links":{"self":[{"href":"https:\/\/beebipood.ee\/ru\/wp-json\/wp\/v2\/product\/459635","targetHints":{"allow":["GET"]}}],"collection":[{"href":"https:\/\/beebipood.ee\/ru\/wp-json\/wp\/v2\/product"}],"about":[{"href":"https:\/\/beebipood.ee\/ru\/wp-json\/wp\/v2\/types\/product"}],"wp:featuredmedia":[{"embeddable":true,"href":"https:\/\/beebipood.ee\/ru\/wp-json\/wp\/v2\/media\/503720"}],"wp:attachment":[{"href":"https:\/\/beebipood.ee\/ru\/wp-json\/wp\/v2\/media?parent=459635"}],"wp:term":[{"taxonomy":"pwb-brand","embeddable":true,"href":"https:\/\/beebipood.ee\/ru\/wp-json\/wp\/v2\/pwb-brand?post=459635"},{"taxonomy":"product_brand","embeddable":true,"href":"https:\/\/beebipood.ee\/ru\/wp-json\/wp\/v2\/product_brand?post=459635"},{"taxonomy":"product_cat","embeddable":true,"href":"https:\/\/beebipood.ee\/ru\/wp-json\/wp\/v2\/product_cat?post=459635"},{"taxonomy":"product_tag","embeddable":true,"href":"https:\/\/beebipood.ee\/ru\/wp-json\/wp\/v2\/product_tag?post=459635"}],"curies":[{"name":"wp","href":"https:\/\/api.w.org\/{rel}","templated":true}]}}