{"id":459653,"date":"2020-10-13T12:17:32","date_gmt":"2020-10-13T09:17:32","guid":{"rendered":"https:\/\/beebipood.ee\/toode\/besafe-izi-flex-fix-i-size-fresh-black-cab\/"},"modified":"2025-01-09T10:48:14","modified_gmt":"2025-01-09T08:48:14","slug":"besafe-izi-flex-fix-i-size-fresh-black-cab","status":"publish","type":"product","link":"https:\/\/beebipood.ee\/ru\/produkt\/besafe-izi-flex-fix-i-size-fresh-black-cab\/","title":{"rendered":"BeSafe Flex FIX 2 turvatool, Fresh Black Cab"},"content":{"rendered":"<p>BeSafe iZi Flex FIX i-Size<br \/>Kombieeritud paindlikkus ja turvalisus<br \/>Sobilik pikkusele ca: 100 cm kuni 150 cm<br \/>Vanusele: 4 kuni 12 aastas<br \/>Lihtne paigaldada ning t\u00e4nu paindlikule k\u00fclgkaitse s\u00fcsteemile v\u00f5imalik paigaldada kuni 3 istet k\u00f5rvuti<br \/>V\u00f5imalik paigaldada nii ISOFix kinnituste kui auto turvav\u00f6\u00f6ga.<\/p>\n<p><span style=\"text-decoration: underline;\">Turvalisus<\/span><br \/>Vastab uuele turvastandardile UN R129-02, esimene selle grupi tool.<br \/>Pad+ turvav\u00f6\u00f6 lisapehmendus mis pakub lisakaitsed rinnale ja l\u00f5uale<br \/>Lihtne isofix paigaldus t\u00e4nu kinnituste lukustusele<br \/>Lisa k\u00fclgkaitse (SIP+)<br \/>\u00d5la ja puusa turvav\u00f6\u00f6 suunaja mis tagab \u00f5ige ja turvalise turvav\u00f6\u00f6 paigalduse.<br \/><span style=\"text-decoration: underline;\">Mugavus<\/span><br \/>Peatugi tagab mugava magamisasendi ning hea n\u00e4htavuse.<br \/>K\u00f5rguse reguleerimine.<br \/>Pad+ pehmendus turvav\u00f6\u00f6le<br \/>Kaldeasend<br \/>Integreeritud sang tooli kandmiseks<br \/><span style=\"text-decoration: underline;\">Paindlikkus<\/span><br \/>Kitsas \u2013 kuid siiski piisavalt ruumikas.<br \/>Eemaldatavad k\u00fclgkaitsed mis v\u00f5imaldab paigutada ka 3 istet k\u00f5rvuti.<br \/>Vaata lisaks: <a href=\"https:\/\/www.besafe.com\/product-int\/besafe-izi-flex-fix-i-size-booster-seat\/\">Besafe Izi Flex FIX<\/a><\/p>\n","protected":false},"excerpt":{"rendered":"<p>BeSafe iZi Flex FIX i-SizeKombieeritud paindlikkus ja turvalisusSobilik pikkusele ca: 100 cm kuni 150 cmVanusele: 4 kuni 12 aastasLihtne paigaldada ning t\u00e4nu paindlikule k\u00fclgkaitse s\u00fcsteemile v\u00f5imalik paigaldada kuni 3 istet k\u00f5rvutiV\u00f5imalik paigaldada nii ISOFix kinnituste kui auto turvav\u00f6\u00f6ga. TurvalisusVastab uuele turvastandardile UN R129-02, esimene selle grupi tool.Pad+ turvav\u00f6\u00f6 lisapehmendus mis pakub lisakaitsed rinnale ja l\u00f5ualeLihtne [&hellip;]<\/p>\n","protected":false},"featured_media":510403,"template":"","meta":{"_acf_changed":false},"pwb-brand":[11956],"product_brand":[],"product_cat":[11727,11739,11791],"product_tag":[],"class_list":{"0":"post-459653","1":"product","2":"type-product","3":"status-publish","4":"has-post-thumbnail","6":"pwb-brand-besafe-ru","7":"product_cat-turvatoolid-hallid-ru","8":"product_cat-turvatoolid-15-36-kg-ru","9":"product_cat-turvavarustus-ru","10":"pa_manufacturer-besafe-ru","12":"first","13":"onbackorder","14":"taxable","15":"shipping-taxable","16":"purchasable","17":"product-type-simple"},"exclude_global_add_ons":[],"addons":[],"acf":[],"yoast_head":"<!-- This site is optimized with the Yoast SEO plugin v27.1.1 - https:\/\/yoast.com\/product\/yoast-seo-wordpress\/ -->\n<title>BeSafe Flex FIX 2 turvatool, Fresh Black Cab, \u0421\u041a\u0418\u0414\u041a\u0418, \u0410\u0432\u0442\u043e\u043a\u0440\u0435\u0441\u043b\u0430, \u043b\u044e\u043b\u044c\u043a\u0438, \u0410\u0432\u0442\u043e\u043a\u0440\u0435\u0441\u043b\u0430 15-36 \u043a\u0433, \u0421\u043d\u0430\u0440\u044f\u0436\u0435\u043d\u0438\u044f \u0431\u0435\u0437\u043e\u043f\u0430\u0441\u043d\u043e\u0441\u0442\u0438, Beebipood<\/title>\n<meta name=\"description\" content=\"BeSafe Flex FIX 2 turvatool, Fresh Black Cab, BeSafe iZi Flex FIX i-SizeKombieeritud paindlikkus ja turvalisusSobilik pikkusele ca: 100 cm kuni 1\" \/>\n<meta name=\"robots\" content=\"index, follow, max-snippet:-1, max-image-preview:large, max-video-preview:-1\" \/>\n<link rel=\"canonical\" href=\"https:\/\/beebipood.ee\/ru\/produkt\/besafe-izi-flex-fix-i-size-fresh-black-cab\/\" \/>\n<meta property=\"og:locale\" content=\"ru_RU\" \/>\n<meta property=\"og:type\" content=\"article\" \/>\n<meta property=\"og:title\" content=\"BeSafe Flex FIX 2 turvatool, Fresh Black Cab, \u0421\u041a\u0418\u0414\u041a\u0418, \u0410\u0432\u0442\u043e\u043a\u0440\u0435\u0441\u043b\u0430, \u043b\u044e\u043b\u044c\u043a\u0438, \u0410\u0432\u0442\u043e\u043a\u0440\u0435\u0441\u043b\u0430 15-36 \u043a\u0433, \u0421\u043d\u0430\u0440\u044f\u0436\u0435\u043d\u0438\u044f \u0431\u0435\u0437\u043e\u043f\u0430\u0441\u043d\u043e\u0441\u0442\u0438, Beebipood\" \/>\n<meta property=\"og:description\" content=\"BeSafe Flex FIX 2 turvatool, Fresh Black Cab, BeSafe iZi Flex FIX i-SizeKombieeritud paindlikkus ja turvalisusSobilik pikkusele ca: 100 cm kuni 1\" \/>\n<meta property=\"og:url\" content=\"https:\/\/beebipood.ee\/ru\/produkt\/besafe-izi-flex-fix-i-size-fresh-black-cab\/\" \/>\n<meta property=\"og:site_name\" content=\"Beebipood\" \/>\n<meta property=\"article:modified_time\" content=\"2025-01-09T08:48:14+00:00\" \/>\n<meta property=\"og:image\" content=\"https:\/\/beebipood.ee\/wp-content\/uploads\/2020\/10\/BeSafe-Flex-FIX-2-turvatool-Fresh-Black-Cab-SOODUSPAKKUMISED-Turvatoolid-hallid-Turvatoolid-1536-kg-Turvavarustus_6-396.jpg\" \/>\n\t<meta property=\"og:image:width\" content=\"1200\" \/>\n\t<meta property=\"og:image:height\" content=\"1200\" \/>\n\t<meta property=\"og:image:type\" content=\"image\/jpeg\" \/>\n<meta name=\"twitter:card\" content=\"summary_large_image\" \/>\n<meta name=\"twitter:label1\" content=\"\u041f\u0440\u0438\u043c\u0435\u0440\u043d\u043e\u0435 \u0432\u0440\u0435\u043c\u044f \u0434\u043b\u044f \u0447\u0442\u0435\u043d\u0438\u044f\" \/>\n\t<meta name=\"twitter:data1\" content=\"1 \u043c\u0438\u043d\u0443\u0442\u0430\" \/>\n<script type=\"application\/ld+json\" class=\"yoast-schema-graph\">{\"@context\":\"https:\/\/schema.org\",\"@graph\":[{\"@type\":\"WebPage\",\"@id\":\"https:\/\/beebipood.ee\/ru\/produkt\/besafe-izi-flex-fix-i-size-fresh-black-cab\/\",\"url\":\"https:\/\/beebipood.ee\/ru\/produkt\/besafe-izi-flex-fix-i-size-fresh-black-cab\/\",\"name\":\"BeSafe Flex FIX 2 turvatool, Fresh Black Cab, \u0421\u041a\u0418\u0414\u041a\u0418, \u0410\u0432\u0442\u043e\u043a\u0440\u0435\u0441\u043b\u0430, \u043b\u044e\u043b\u044c\u043a\u0438, \u0410\u0432\u0442\u043e\u043a\u0440\u0435\u0441\u043b\u0430 15-36 \u043a\u0433, \u0421\u043d\u0430\u0440\u044f\u0436\u0435\u043d\u0438\u044f \u0431\u0435\u0437\u043e\u043f\u0430\u0441\u043d\u043e\u0441\u0442\u0438, Beebipood\",\"isPartOf\":{\"@id\":\"https:\/\/beebipood.ee\/ru\/#website\"},\"primaryImageOfPage\":{\"@id\":\"https:\/\/beebipood.ee\/ru\/produkt\/besafe-izi-flex-fix-i-size-fresh-black-cab\/#primaryimage\"},\"image\":{\"@id\":\"https:\/\/beebipood.ee\/ru\/produkt\/besafe-izi-flex-fix-i-size-fresh-black-cab\/#primaryimage\"},\"thumbnailUrl\":\"https:\/\/beebipood.ee\/wp-content\/uploads\/2020\/10\/besafe-flex-fix-2-turvatool-fresh-black-cab.jpg\",\"datePublished\":\"2020-10-13T09:17:32+00:00\",\"dateModified\":\"2025-01-09T08:48:14+00:00\",\"description\":\"BeSafe Flex FIX 2 turvatool, Fresh Black Cab, BeSafe iZi Flex FIX i-SizeKombieeritud paindlikkus ja turvalisusSobilik pikkusele ca: 100 cm kuni 1\",\"breadcrumb\":{\"@id\":\"https:\/\/beebipood.ee\/ru\/produkt\/besafe-izi-flex-fix-i-size-fresh-black-cab\/#breadcrumb\"},\"inLanguage\":\"ru-RU\",\"potentialAction\":[{\"@type\":\"ReadAction\",\"target\":[\"https:\/\/beebipood.ee\/ru\/produkt\/besafe-izi-flex-fix-i-size-fresh-black-cab\/\"]}]},{\"@type\":\"ImageObject\",\"inLanguage\":\"ru-RU\",\"@id\":\"https:\/\/beebipood.ee\/ru\/produkt\/besafe-izi-flex-fix-i-size-fresh-black-cab\/#primaryimage\",\"url\":\"https:\/\/beebipood.ee\/wp-content\/uploads\/2020\/10\/besafe-flex-fix-2-turvatool-fresh-black-cab.jpg\",\"contentUrl\":\"https:\/\/beebipood.ee\/wp-content\/uploads\/2020\/10\/besafe-flex-fix-2-turvatool-fresh-black-cab.jpg\",\"width\":920,\"height\":1300},{\"@type\":\"BreadcrumbList\",\"@id\":\"https:\/\/beebipood.ee\/ru\/produkt\/besafe-izi-flex-fix-i-size-fresh-black-cab\/#breadcrumb\",\"itemListElement\":[{\"@type\":\"ListItem\",\"position\":1,\"name\":\"Home\",\"item\":\"https:\/\/beebipood.ee\/ru\/\"},{\"@type\":\"ListItem\",\"position\":2,\"name\":\"\u041a\u0430\u0442\u0430\u043b\u043e\u0433 \u0442\u043e\u0432\u0430\u0440\u043e\u0432\",\"item\":\"https:\/\/beebipood.ee\/tooted\/\"},{\"@type\":\"ListItem\",\"position\":3,\"name\":\"BeSafe Flex FIX 2 turvatool, Fresh Black Cab\"}]},{\"@type\":\"WebSite\",\"@id\":\"https:\/\/beebipood.ee\/ru\/#website\",\"url\":\"https:\/\/beebipood.ee\/ru\/\",\"name\":\"Beebipood\",\"description\":\"Lastekaubad, beebikaubad, m\u00e4nguasjad\",\"publisher\":{\"@id\":\"https:\/\/beebipood.ee\/ru\/#organization\"},\"potentialAction\":[{\"@type\":\"SearchAction\",\"target\":{\"@type\":\"EntryPoint\",\"urlTemplate\":\"https:\/\/beebipood.ee\/ru\/?s={search_term_string}\"},\"query-input\":{\"@type\":\"PropertyValueSpecification\",\"valueRequired\":true,\"valueName\":\"search_term_string\"}}],\"inLanguage\":\"ru-RU\"},{\"@type\":\"Organization\",\"@id\":\"https:\/\/beebipood.ee\/ru\/#organization\",\"name\":\"Beebipood\",\"url\":\"https:\/\/beebipood.ee\/ru\/\",\"logo\":{\"@type\":\"ImageObject\",\"inLanguage\":\"ru-RU\",\"@id\":\"https:\/\/beebipood.ee\/ru\/#\/schema\/logo\/image\/\",\"url\":\"https:\/\/beebipood.ee\/wp-content\/uploads\/2025\/03\/beebipood.ee-logo-1.svg\",\"contentUrl\":\"https:\/\/beebipood.ee\/wp-content\/uploads\/2025\/03\/beebipood.ee-logo-1.svg\",\"caption\":\"Beebipood\"},\"image\":{\"@id\":\"https:\/\/beebipood.ee\/ru\/#\/schema\/logo\/image\/\"}}]}<\/script>\n<!-- \/ Yoast SEO plugin. -->","yoast_head_json":{"title":"BeSafe Flex FIX 2 turvatool, Fresh Black Cab, \u0421\u041a\u0418\u0414\u041a\u0418, \u0410\u0432\u0442\u043e\u043a\u0440\u0435\u0441\u043b\u0430, \u043b\u044e\u043b\u044c\u043a\u0438, \u0410\u0432\u0442\u043e\u043a\u0440\u0435\u0441\u043b\u0430 15-36 \u043a\u0433, \u0421\u043d\u0430\u0440\u044f\u0436\u0435\u043d\u0438\u044f \u0431\u0435\u0437\u043e\u043f\u0430\u0441\u043d\u043e\u0441\u0442\u0438, Beebipood","description":"BeSafe Flex FIX 2 turvatool, Fresh Black Cab, BeSafe iZi Flex FIX i-SizeKombieeritud paindlikkus ja turvalisusSobilik pikkusele ca: 100 cm kuni 1","robots":{"index":"index","follow":"follow","max-snippet":"max-snippet:-1","max-image-preview":"max-image-preview:large","max-video-preview":"max-video-preview:-1"},"canonical":"https:\/\/beebipood.ee\/ru\/produkt\/besafe-izi-flex-fix-i-size-fresh-black-cab\/","og_locale":"ru_RU","og_type":"article","og_title":"BeSafe Flex FIX 2 turvatool, Fresh Black Cab, \u0421\u041a\u0418\u0414\u041a\u0418, \u0410\u0432\u0442\u043e\u043a\u0440\u0435\u0441\u043b\u0430, \u043b\u044e\u043b\u044c\u043a\u0438, \u0410\u0432\u0442\u043e\u043a\u0440\u0435\u0441\u043b\u0430 15-36 \u043a\u0433, \u0421\u043d\u0430\u0440\u044f\u0436\u0435\u043d\u0438\u044f \u0431\u0435\u0437\u043e\u043f\u0430\u0441\u043d\u043e\u0441\u0442\u0438, Beebipood","og_description":"BeSafe Flex FIX 2 turvatool, Fresh Black Cab, BeSafe iZi Flex FIX i-SizeKombieeritud paindlikkus ja turvalisusSobilik pikkusele ca: 100 cm kuni 1","og_url":"https:\/\/beebipood.ee\/ru\/produkt\/besafe-izi-flex-fix-i-size-fresh-black-cab\/","og_site_name":"Beebipood","article_modified_time":"2025-01-09T08:48:14+00:00","og_image":[{"width":1200,"height":1200,"url":"https:\/\/beebipood.ee\/wp-content\/uploads\/2020\/10\/BeSafe-Flex-FIX-2-turvatool-Fresh-Black-Cab-SOODUSPAKKUMISED-Turvatoolid-hallid-Turvatoolid-1536-kg-Turvavarustus_6-396.jpg","type":"image\/jpeg"}],"twitter_card":"summary_large_image","twitter_misc":{"\u041f\u0440\u0438\u043c\u0435\u0440\u043d\u043e\u0435 \u0432\u0440\u0435\u043c\u044f \u0434\u043b\u044f \u0447\u0442\u0435\u043d\u0438\u044f":"1 \u043c\u0438\u043d\u0443\u0442\u0430"},"schema":{"@context":"https:\/\/schema.org","@graph":[{"@type":"WebPage","@id":"https:\/\/beebipood.ee\/ru\/produkt\/besafe-izi-flex-fix-i-size-fresh-black-cab\/","url":"https:\/\/beebipood.ee\/ru\/produkt\/besafe-izi-flex-fix-i-size-fresh-black-cab\/","name":"BeSafe Flex FIX 2 turvatool, Fresh Black Cab, \u0421\u041a\u0418\u0414\u041a\u0418, \u0410\u0432\u0442\u043e\u043a\u0440\u0435\u0441\u043b\u0430, \u043b\u044e\u043b\u044c\u043a\u0438, \u0410\u0432\u0442\u043e\u043a\u0440\u0435\u0441\u043b\u0430 15-36 \u043a\u0433, \u0421\u043d\u0430\u0440\u044f\u0436\u0435\u043d\u0438\u044f \u0431\u0435\u0437\u043e\u043f\u0430\u0441\u043d\u043e\u0441\u0442\u0438, Beebipood","isPartOf":{"@id":"https:\/\/beebipood.ee\/ru\/#website"},"primaryImageOfPage":{"@id":"https:\/\/beebipood.ee\/ru\/produkt\/besafe-izi-flex-fix-i-size-fresh-black-cab\/#primaryimage"},"image":{"@id":"https:\/\/beebipood.ee\/ru\/produkt\/besafe-izi-flex-fix-i-size-fresh-black-cab\/#primaryimage"},"thumbnailUrl":"https:\/\/beebipood.ee\/wp-content\/uploads\/2020\/10\/besafe-flex-fix-2-turvatool-fresh-black-cab.jpg","datePublished":"2020-10-13T09:17:32+00:00","dateModified":"2025-01-09T08:48:14+00:00","description":"BeSafe Flex FIX 2 turvatool, Fresh Black Cab, BeSafe iZi Flex FIX i-SizeKombieeritud paindlikkus ja turvalisusSobilik pikkusele ca: 100 cm kuni 1","breadcrumb":{"@id":"https:\/\/beebipood.ee\/ru\/produkt\/besafe-izi-flex-fix-i-size-fresh-black-cab\/#breadcrumb"},"inLanguage":"ru-RU","potentialAction":[{"@type":"ReadAction","target":["https:\/\/beebipood.ee\/ru\/produkt\/besafe-izi-flex-fix-i-size-fresh-black-cab\/"]}]},{"@type":"ImageObject","inLanguage":"ru-RU","@id":"https:\/\/beebipood.ee\/ru\/produkt\/besafe-izi-flex-fix-i-size-fresh-black-cab\/#primaryimage","url":"https:\/\/beebipood.ee\/wp-content\/uploads\/2020\/10\/besafe-flex-fix-2-turvatool-fresh-black-cab.jpg","contentUrl":"https:\/\/beebipood.ee\/wp-content\/uploads\/2020\/10\/besafe-flex-fix-2-turvatool-fresh-black-cab.jpg","width":920,"height":1300},{"@type":"BreadcrumbList","@id":"https:\/\/beebipood.ee\/ru\/produkt\/besafe-izi-flex-fix-i-size-fresh-black-cab\/#breadcrumb","itemListElement":[{"@type":"ListItem","position":1,"name":"Home","item":"https:\/\/beebipood.ee\/ru\/"},{"@type":"ListItem","position":2,"name":"\u041a\u0430\u0442\u0430\u043b\u043e\u0433 \u0442\u043e\u0432\u0430\u0440\u043e\u0432","item":"https:\/\/beebipood.ee\/tooted\/"},{"@type":"ListItem","position":3,"name":"BeSafe Flex FIX 2 turvatool, Fresh Black Cab"}]},{"@type":"WebSite","@id":"https:\/\/beebipood.ee\/ru\/#website","url":"https:\/\/beebipood.ee\/ru\/","name":"Beebipood","description":"Lastekaubad, beebikaubad, m\u00e4nguasjad","publisher":{"@id":"https:\/\/beebipood.ee\/ru\/#organization"},"potentialAction":[{"@type":"SearchAction","target":{"@type":"EntryPoint","urlTemplate":"https:\/\/beebipood.ee\/ru\/?s={search_term_string}"},"query-input":{"@type":"PropertyValueSpecification","valueRequired":true,"valueName":"search_term_string"}}],"inLanguage":"ru-RU"},{"@type":"Organization","@id":"https:\/\/beebipood.ee\/ru\/#organization","name":"Beebipood","url":"https:\/\/beebipood.ee\/ru\/","logo":{"@type":"ImageObject","inLanguage":"ru-RU","@id":"https:\/\/beebipood.ee\/ru\/#\/schema\/logo\/image\/","url":"https:\/\/beebipood.ee\/wp-content\/uploads\/2025\/03\/beebipood.ee-logo-1.svg","contentUrl":"https:\/\/beebipood.ee\/wp-content\/uploads\/2025\/03\/beebipood.ee-logo-1.svg","caption":"Beebipood"},"image":{"@id":"https:\/\/beebipood.ee\/ru\/#\/schema\/logo\/image\/"}}]}},"brands":[{"id":11956,"name":"BeSafe","slug":"besafe-ru"}],"_links":{"self":[{"href":"https:\/\/beebipood.ee\/ru\/wp-json\/wp\/v2\/product\/459653","targetHints":{"allow":["GET"]}}],"collection":[{"href":"https:\/\/beebipood.ee\/ru\/wp-json\/wp\/v2\/product"}],"about":[{"href":"https:\/\/beebipood.ee\/ru\/wp-json\/wp\/v2\/types\/product"}],"wp:featuredmedia":[{"embeddable":true,"href":"https:\/\/beebipood.ee\/ru\/wp-json\/wp\/v2\/media\/510403"}],"wp:attachment":[{"href":"https:\/\/beebipood.ee\/ru\/wp-json\/wp\/v2\/media?parent=459653"}],"wp:term":[{"taxonomy":"pwb-brand","embeddable":true,"href":"https:\/\/beebipood.ee\/ru\/wp-json\/wp\/v2\/pwb-brand?post=459653"},{"taxonomy":"product_brand","embeddable":true,"href":"https:\/\/beebipood.ee\/ru\/wp-json\/wp\/v2\/product_brand?post=459653"},{"taxonomy":"product_cat","embeddable":true,"href":"https:\/\/beebipood.ee\/ru\/wp-json\/wp\/v2\/product_cat?post=459653"},{"taxonomy":"product_tag","embeddable":true,"href":"https:\/\/beebipood.ee\/ru\/wp-json\/wp\/v2\/product_tag?post=459653"}],"curies":[{"name":"wp","href":"https:\/\/api.w.org\/{rel}","templated":true}]}}