{"id":459655,"date":"2020-10-13T13:21:53","date_gmt":"2020-10-13T10:21:53","guid":{"rendered":"https:\/\/beebipood.ee\/toode\/besafe-turvatool-izi-modular-isize-navy-melange\/"},"modified":"2025-01-09T10:48:14","modified_gmt":"2025-01-09T08:48:14","slug":"besafe-turvatool-izi-modular-isize-navy-melange","status":"publish","type":"product","link":"https:\/\/beebipood.ee\/ru\/produkt\/besafe-turvatool-izi-modular-isize-navy-melange\/","title":{"rendered":"BeSafe iZi Modular X1 i-Size turvatool, Fresh Black Cab"},"content":{"rendered":"<p><span>Besafe iZi Modular X1 iSize turvatool,<\/span><br \/><span>mis on kasutatav nii seljaga kui n\u00e4oga s\u00f5idusuunas koos Isofix alusega.<\/span><br \/><span>Millel on uuenduslik peale libistatav SIP+ lisa-k\u00fclgkaitse.<\/span><br \/><span>Uuenenud Ergo-Move \u00f5larihmad.<\/span><br \/><span>Peotoes uuenduslik pehme ning kaitsev s\u00fcsteem: Dynamic Force Absorber.<\/span><br \/><span>NB!<\/span><span>\u00a0Antud toode on kasutatav vaid koos Isofix alusega, saadaval erali tootena.<\/span><\/p>\n<p><span>Modular s\u00fcsteemi\u00a0<\/span><span>kuuluvad tooted: Isofix alus, turvah\u00e4ll ning turvatool.<\/span><br \/><span>K\u00f5ik saadaval eraldi toodetena.<\/span><br \/><span>Vastab uusimale turvastandardile R-129 (i-Size).<\/span><br \/><span>Uusimad uuringud on t\u00f5estanud,<\/span><br \/><span>et k\u00f5ik alla 3a vanused lapsed peaksid autos s\u00f5itma selg s\u00f5idusuunas.<\/span><br \/><span>Risk vigastustele kaela piirkonnas on v\u00f5rreldes selg s\u00f5idusuunas (SSS) toolidele<\/span><br \/><span>5x suurem kui laps s\u00f5idab n\u00e4oga s\u00f5idusuunas.<\/span><br \/><span>Praktiline kogemus Skandinaavias n\u00e4itab,<\/span><br \/><span>et lisaks kaitseb selg s\u00f5idusuunas olles turvatooli seljaosa vigastuste eest<\/span><br \/><span>mida v\u00f5ib tekitada esimene autoiste v\u00f5i muud objektid (juhul kui laps on n\u00e4oga s\u00f5idusuunas).<\/span><br \/><span>Sobib lapsele 61-105 cm (ca 6 kuud kuni ca 4 eluaastani)<\/span><br \/><span>Kasutatav nii seljaga kui n\u00e4oga s\u00f5idusuunas koos Isofix alusega<\/span><br \/><span>Reguleeritav peatugi, 10 positsiooni<\/span><br \/><span>Magnetitega turvav\u00f6\u00f6 hoidjad<\/span><br \/><span>SIP &#8212; Side Impact protection (k\u00fclgkokkup\u00f5rke puhul tagab turvalisuse energiat imav materjal k\u00fclgedel)<\/span><br \/><span>Turvav\u00f6\u00f6 pinguti<\/span><br \/><span>Korrektse paigaldamise indikaator<\/span><br \/><span>Kasutatav nii selg s\u00f5idusuunas (61-105cm)) kui ka n\u00e4oga s\u00f5idusuunas (68-105cm)<\/span><br \/><span>5-punkti rihmad mille k\u00f5rgust on v\u00f5imalik reguleerida<\/span><br \/><span>Hingav kattematerjal ja \u00f5huavad tooli tagaosas<\/span><br \/><span>Lihtsalt eemaldatav ja pestav kattematerjal<\/span><br \/><span>4 erinevat lamamis- ja istumisasendit<\/span><br \/><span>Mugavad ja turvalised peatoed k\u00fclgedel<\/span><br \/><span>Eemaldatav istepadi v\u00e4iksematele lastele<\/span><br \/><span>BeSafe soovitab kasutada turvatooli nii kaua k\u00f5ik v\u00f5imalik selg s\u00f5idusuunas.<\/span><br \/><span>ISOfix kinnitused koos indikaatoritega n\u00e4itavad kas iste on korrektselt paigaldatud.<\/span><\/p>\n","protected":false},"excerpt":{"rendered":"<p>Besafe iZi Modular X1 iSize turvatool,mis on kasutatav nii seljaga kui n\u00e4oga s\u00f5idusuunas koos Isofix alusega.Millel on uuenduslik peale libistatav SIP+ lisa-k\u00fclgkaitse.Uuenenud Ergo-Move \u00f5larihmad.Peotoes uuenduslik pehme ning kaitsev s\u00fcsteem: Dynamic Force Absorber.NB!\u00a0Antud toode on kasutatav vaid koos Isofix alusega, saadaval erali tootena. Modular s\u00fcsteemi\u00a0kuuluvad tooted: Isofix alus, turvah\u00e4ll ning turvatool.K\u00f5ik saadaval eraldi toodetena.Vastab uusimale turvastandardile [&hellip;]<\/p>\n","protected":false},"featured_media":363869,"template":"","meta":{"_acf_changed":false},"pwb-brand":[11956],"product_brand":[],"product_cat":[11729,11727,11791],"product_tag":[],"class_list":{"0":"post-459655","1":"product","2":"type-product","3":"status-publish","4":"has-post-thumbnail","6":"pwb-brand-besafe-ru","7":"product_cat-turvatoolid-0-18-kg-ru","8":"product_cat-turvatoolid-hallid-ru","9":"product_cat-turvavarustus-ru","10":"pa_manufacturer-besafe-ru","12":"first","13":"onbackorder","14":"taxable","15":"shipping-taxable","16":"purchasable","17":"product-type-simple"},"exclude_global_add_ons":[],"addons":[],"acf":[],"yoast_head":"<!-- This site is optimized with the Yoast SEO plugin v27.1.1 - https:\/\/yoast.com\/product\/yoast-seo-wordpress\/ -->\n<title>BeSafe iZi Modular X1 i-Size turvatool, Fresh Black Cab, \u0421\u041a\u0418\u0414\u041a\u0418, \u0410\u0432\u0442\u043e\u043a\u0440\u0435\u0441\u043b\u0430, \u043b\u044e\u043b\u044c\u043a\u0438, \u0410\u0432\u0442\u043e\u043a\u0440\u0435\u0441\u043b\u0430 0-18 \u043a\u0433, \u0421\u043d\u0430\u0440\u044f\u0436\u0435\u043d\u0438\u044f \u0431\u0435\u0437\u043e\u043f\u0430\u0441\u043d\u043e\u0441\u0442\u0438, Beebipood<\/title>\n<meta name=\"description\" content=\"BeSafe iZi Modular X1 i-Size turvatool, Fresh Black Cab, Besafe iZi Modular X1 iSize turvatool,mis on kasutatav nii seljaga kui n&amp;au\" \/>\n<meta name=\"robots\" content=\"index, follow, max-snippet:-1, max-image-preview:large, max-video-preview:-1\" \/>\n<link rel=\"canonical\" href=\"https:\/\/beebipood.ee\/ru\/produkt\/besafe-turvatool-izi-modular-isize-navy-melange\/\" \/>\n<meta property=\"og:locale\" content=\"ru_RU\" \/>\n<meta property=\"og:type\" content=\"article\" \/>\n<meta property=\"og:title\" content=\"BeSafe iZi Modular X1 i-Size turvatool, Fresh Black Cab, \u0421\u041a\u0418\u0414\u041a\u0418, \u0410\u0432\u0442\u043e\u043a\u0440\u0435\u0441\u043b\u0430, \u043b\u044e\u043b\u044c\u043a\u0438, \u0410\u0432\u0442\u043e\u043a\u0440\u0435\u0441\u043b\u0430 0-18 \u043a\u0433, \u0421\u043d\u0430\u0440\u044f\u0436\u0435\u043d\u0438\u044f \u0431\u0435\u0437\u043e\u043f\u0430\u0441\u043d\u043e\u0441\u0442\u0438, Beebipood\" \/>\n<meta property=\"og:description\" content=\"BeSafe iZi Modular X1 i-Size turvatool, Fresh Black Cab, Besafe iZi Modular X1 iSize turvatool,mis on kasutatav nii seljaga kui n&amp;au\" \/>\n<meta property=\"og:url\" content=\"https:\/\/beebipood.ee\/ru\/produkt\/besafe-turvatool-izi-modular-isize-navy-melange\/\" \/>\n<meta property=\"og:site_name\" content=\"Beebipood\" \/>\n<meta property=\"article:modified_time\" content=\"2025-01-09T08:48:14+00:00\" \/>\n<meta property=\"og:image\" content=\"https:\/\/beebipood.ee\/wp-content\/uploads\/2020\/10\/besafe_izi_modular_x1-3e3.jpg\" \/>\n\t<meta property=\"og:image:width\" content=\"1000\" \/>\n\t<meta property=\"og:image:height\" content=\"1000\" \/>\n\t<meta property=\"og:image:type\" content=\"image\/jpeg\" \/>\n<meta name=\"twitter:card\" content=\"summary_large_image\" \/>\n<meta name=\"twitter:label1\" content=\"\u041f\u0440\u0438\u043c\u0435\u0440\u043d\u043e\u0435 \u0432\u0440\u0435\u043c\u044f \u0434\u043b\u044f \u0447\u0442\u0435\u043d\u0438\u044f\" \/>\n\t<meta name=\"twitter:data1\" content=\"1 \u043c\u0438\u043d\u0443\u0442\u0430\" \/>\n<script type=\"application\/ld+json\" class=\"yoast-schema-graph\">{\"@context\":\"https:\/\/schema.org\",\"@graph\":[{\"@type\":\"WebPage\",\"@id\":\"https:\/\/beebipood.ee\/ru\/produkt\/besafe-turvatool-izi-modular-isize-navy-melange\/\",\"url\":\"https:\/\/beebipood.ee\/ru\/produkt\/besafe-turvatool-izi-modular-isize-navy-melange\/\",\"name\":\"BeSafe iZi Modular X1 i-Size turvatool, Fresh Black Cab, \u0421\u041a\u0418\u0414\u041a\u0418, \u0410\u0432\u0442\u043e\u043a\u0440\u0435\u0441\u043b\u0430, \u043b\u044e\u043b\u044c\u043a\u0438, \u0410\u0432\u0442\u043e\u043a\u0440\u0435\u0441\u043b\u0430 0-18 \u043a\u0433, \u0421\u043d\u0430\u0440\u044f\u0436\u0435\u043d\u0438\u044f \u0431\u0435\u0437\u043e\u043f\u0430\u0441\u043d\u043e\u0441\u0442\u0438, Beebipood\",\"isPartOf\":{\"@id\":\"https:\/\/beebipood.ee\/ru\/#website\"},\"primaryImageOfPage\":{\"@id\":\"https:\/\/beebipood.ee\/ru\/produkt\/besafe-turvatool-izi-modular-isize-navy-melange\/#primaryimage\"},\"image\":{\"@id\":\"https:\/\/beebipood.ee\/ru\/produkt\/besafe-turvatool-izi-modular-isize-navy-melange\/#primaryimage\"},\"thumbnailUrl\":\"https:\/\/beebipood.ee\/wp-content\/uploads\/2020\/10\/besafe_izi_modular_x1-3e3.jpg\",\"datePublished\":\"2020-10-13T10:21:53+00:00\",\"dateModified\":\"2025-01-09T08:48:14+00:00\",\"description\":\"BeSafe iZi Modular X1 i-Size turvatool, Fresh Black Cab, Besafe iZi Modular X1 iSize turvatool,mis on kasutatav nii seljaga kui n&au\",\"breadcrumb\":{\"@id\":\"https:\/\/beebipood.ee\/ru\/produkt\/besafe-turvatool-izi-modular-isize-navy-melange\/#breadcrumb\"},\"inLanguage\":\"ru-RU\",\"potentialAction\":[{\"@type\":\"ReadAction\",\"target\":[\"https:\/\/beebipood.ee\/ru\/produkt\/besafe-turvatool-izi-modular-isize-navy-melange\/\"]}]},{\"@type\":\"ImageObject\",\"inLanguage\":\"ru-RU\",\"@id\":\"https:\/\/beebipood.ee\/ru\/produkt\/besafe-turvatool-izi-modular-isize-navy-melange\/#primaryimage\",\"url\":\"https:\/\/beebipood.ee\/wp-content\/uploads\/2020\/10\/besafe_izi_modular_x1-3e3.jpg\",\"contentUrl\":\"https:\/\/beebipood.ee\/wp-content\/uploads\/2020\/10\/besafe_izi_modular_x1-3e3.jpg\",\"width\":1000,\"height\":1000},{\"@type\":\"BreadcrumbList\",\"@id\":\"https:\/\/beebipood.ee\/ru\/produkt\/besafe-turvatool-izi-modular-isize-navy-melange\/#breadcrumb\",\"itemListElement\":[{\"@type\":\"ListItem\",\"position\":1,\"name\":\"Home\",\"item\":\"https:\/\/beebipood.ee\/ru\/\"},{\"@type\":\"ListItem\",\"position\":2,\"name\":\"\u041a\u0430\u0442\u0430\u043b\u043e\u0433 \u0442\u043e\u0432\u0430\u0440\u043e\u0432\",\"item\":\"https:\/\/beebipood.ee\/tooted\/\"},{\"@type\":\"ListItem\",\"position\":3,\"name\":\"BeSafe iZi Modular X1 i-Size turvatool, Fresh Black Cab\"}]},{\"@type\":\"WebSite\",\"@id\":\"https:\/\/beebipood.ee\/ru\/#website\",\"url\":\"https:\/\/beebipood.ee\/ru\/\",\"name\":\"Beebipood\",\"description\":\"Lastekaubad, beebikaubad, m\u00e4nguasjad\",\"publisher\":{\"@id\":\"https:\/\/beebipood.ee\/ru\/#organization\"},\"potentialAction\":[{\"@type\":\"SearchAction\",\"target\":{\"@type\":\"EntryPoint\",\"urlTemplate\":\"https:\/\/beebipood.ee\/ru\/?s={search_term_string}\"},\"query-input\":{\"@type\":\"PropertyValueSpecification\",\"valueRequired\":true,\"valueName\":\"search_term_string\"}}],\"inLanguage\":\"ru-RU\"},{\"@type\":\"Organization\",\"@id\":\"https:\/\/beebipood.ee\/ru\/#organization\",\"name\":\"Beebipood\",\"url\":\"https:\/\/beebipood.ee\/ru\/\",\"logo\":{\"@type\":\"ImageObject\",\"inLanguage\":\"ru-RU\",\"@id\":\"https:\/\/beebipood.ee\/ru\/#\/schema\/logo\/image\/\",\"url\":\"https:\/\/beebipood.ee\/wp-content\/uploads\/2025\/03\/beebipood.ee-logo-1.svg\",\"contentUrl\":\"https:\/\/beebipood.ee\/wp-content\/uploads\/2025\/03\/beebipood.ee-logo-1.svg\",\"caption\":\"Beebipood\"},\"image\":{\"@id\":\"https:\/\/beebipood.ee\/ru\/#\/schema\/logo\/image\/\"}}]}<\/script>\n<!-- \/ Yoast SEO plugin. -->","yoast_head_json":{"title":"BeSafe iZi Modular X1 i-Size turvatool, Fresh Black Cab, \u0421\u041a\u0418\u0414\u041a\u0418, \u0410\u0432\u0442\u043e\u043a\u0440\u0435\u0441\u043b\u0430, \u043b\u044e\u043b\u044c\u043a\u0438, \u0410\u0432\u0442\u043e\u043a\u0440\u0435\u0441\u043b\u0430 0-18 \u043a\u0433, \u0421\u043d\u0430\u0440\u044f\u0436\u0435\u043d\u0438\u044f \u0431\u0435\u0437\u043e\u043f\u0430\u0441\u043d\u043e\u0441\u0442\u0438, Beebipood","description":"BeSafe iZi Modular X1 i-Size turvatool, Fresh Black Cab, Besafe iZi Modular X1 iSize turvatool,mis on kasutatav nii seljaga kui n&au","robots":{"index":"index","follow":"follow","max-snippet":"max-snippet:-1","max-image-preview":"max-image-preview:large","max-video-preview":"max-video-preview:-1"},"canonical":"https:\/\/beebipood.ee\/ru\/produkt\/besafe-turvatool-izi-modular-isize-navy-melange\/","og_locale":"ru_RU","og_type":"article","og_title":"BeSafe iZi Modular X1 i-Size turvatool, Fresh Black Cab, \u0421\u041a\u0418\u0414\u041a\u0418, \u0410\u0432\u0442\u043e\u043a\u0440\u0435\u0441\u043b\u0430, \u043b\u044e\u043b\u044c\u043a\u0438, \u0410\u0432\u0442\u043e\u043a\u0440\u0435\u0441\u043b\u0430 0-18 \u043a\u0433, \u0421\u043d\u0430\u0440\u044f\u0436\u0435\u043d\u0438\u044f \u0431\u0435\u0437\u043e\u043f\u0430\u0441\u043d\u043e\u0441\u0442\u0438, Beebipood","og_description":"BeSafe iZi Modular X1 i-Size turvatool, Fresh Black Cab, Besafe iZi Modular X1 iSize turvatool,mis on kasutatav nii seljaga kui n&au","og_url":"https:\/\/beebipood.ee\/ru\/produkt\/besafe-turvatool-izi-modular-isize-navy-melange\/","og_site_name":"Beebipood","article_modified_time":"2025-01-09T08:48:14+00:00","og_image":[{"width":1000,"height":1000,"url":"https:\/\/beebipood.ee\/wp-content\/uploads\/2020\/10\/besafe_izi_modular_x1-3e3.jpg","type":"image\/jpeg"}],"twitter_card":"summary_large_image","twitter_misc":{"\u041f\u0440\u0438\u043c\u0435\u0440\u043d\u043e\u0435 \u0432\u0440\u0435\u043c\u044f \u0434\u043b\u044f \u0447\u0442\u0435\u043d\u0438\u044f":"1 \u043c\u0438\u043d\u0443\u0442\u0430"},"schema":{"@context":"https:\/\/schema.org","@graph":[{"@type":"WebPage","@id":"https:\/\/beebipood.ee\/ru\/produkt\/besafe-turvatool-izi-modular-isize-navy-melange\/","url":"https:\/\/beebipood.ee\/ru\/produkt\/besafe-turvatool-izi-modular-isize-navy-melange\/","name":"BeSafe iZi Modular X1 i-Size turvatool, Fresh Black Cab, \u0421\u041a\u0418\u0414\u041a\u0418, \u0410\u0432\u0442\u043e\u043a\u0440\u0435\u0441\u043b\u0430, \u043b\u044e\u043b\u044c\u043a\u0438, \u0410\u0432\u0442\u043e\u043a\u0440\u0435\u0441\u043b\u0430 0-18 \u043a\u0433, \u0421\u043d\u0430\u0440\u044f\u0436\u0435\u043d\u0438\u044f \u0431\u0435\u0437\u043e\u043f\u0430\u0441\u043d\u043e\u0441\u0442\u0438, Beebipood","isPartOf":{"@id":"https:\/\/beebipood.ee\/ru\/#website"},"primaryImageOfPage":{"@id":"https:\/\/beebipood.ee\/ru\/produkt\/besafe-turvatool-izi-modular-isize-navy-melange\/#primaryimage"},"image":{"@id":"https:\/\/beebipood.ee\/ru\/produkt\/besafe-turvatool-izi-modular-isize-navy-melange\/#primaryimage"},"thumbnailUrl":"https:\/\/beebipood.ee\/wp-content\/uploads\/2020\/10\/besafe_izi_modular_x1-3e3.jpg","datePublished":"2020-10-13T10:21:53+00:00","dateModified":"2025-01-09T08:48:14+00:00","description":"BeSafe iZi Modular X1 i-Size turvatool, Fresh Black Cab, Besafe iZi Modular X1 iSize turvatool,mis on kasutatav nii seljaga kui n&au","breadcrumb":{"@id":"https:\/\/beebipood.ee\/ru\/produkt\/besafe-turvatool-izi-modular-isize-navy-melange\/#breadcrumb"},"inLanguage":"ru-RU","potentialAction":[{"@type":"ReadAction","target":["https:\/\/beebipood.ee\/ru\/produkt\/besafe-turvatool-izi-modular-isize-navy-melange\/"]}]},{"@type":"ImageObject","inLanguage":"ru-RU","@id":"https:\/\/beebipood.ee\/ru\/produkt\/besafe-turvatool-izi-modular-isize-navy-melange\/#primaryimage","url":"https:\/\/beebipood.ee\/wp-content\/uploads\/2020\/10\/besafe_izi_modular_x1-3e3.jpg","contentUrl":"https:\/\/beebipood.ee\/wp-content\/uploads\/2020\/10\/besafe_izi_modular_x1-3e3.jpg","width":1000,"height":1000},{"@type":"BreadcrumbList","@id":"https:\/\/beebipood.ee\/ru\/produkt\/besafe-turvatool-izi-modular-isize-navy-melange\/#breadcrumb","itemListElement":[{"@type":"ListItem","position":1,"name":"Home","item":"https:\/\/beebipood.ee\/ru\/"},{"@type":"ListItem","position":2,"name":"\u041a\u0430\u0442\u0430\u043b\u043e\u0433 \u0442\u043e\u0432\u0430\u0440\u043e\u0432","item":"https:\/\/beebipood.ee\/tooted\/"},{"@type":"ListItem","position":3,"name":"BeSafe iZi Modular X1 i-Size turvatool, Fresh Black Cab"}]},{"@type":"WebSite","@id":"https:\/\/beebipood.ee\/ru\/#website","url":"https:\/\/beebipood.ee\/ru\/","name":"Beebipood","description":"Lastekaubad, beebikaubad, m\u00e4nguasjad","publisher":{"@id":"https:\/\/beebipood.ee\/ru\/#organization"},"potentialAction":[{"@type":"SearchAction","target":{"@type":"EntryPoint","urlTemplate":"https:\/\/beebipood.ee\/ru\/?s={search_term_string}"},"query-input":{"@type":"PropertyValueSpecification","valueRequired":true,"valueName":"search_term_string"}}],"inLanguage":"ru-RU"},{"@type":"Organization","@id":"https:\/\/beebipood.ee\/ru\/#organization","name":"Beebipood","url":"https:\/\/beebipood.ee\/ru\/","logo":{"@type":"ImageObject","inLanguage":"ru-RU","@id":"https:\/\/beebipood.ee\/ru\/#\/schema\/logo\/image\/","url":"https:\/\/beebipood.ee\/wp-content\/uploads\/2025\/03\/beebipood.ee-logo-1.svg","contentUrl":"https:\/\/beebipood.ee\/wp-content\/uploads\/2025\/03\/beebipood.ee-logo-1.svg","caption":"Beebipood"},"image":{"@id":"https:\/\/beebipood.ee\/ru\/#\/schema\/logo\/image\/"}}]}},"brands":[{"id":11956,"name":"BeSafe","slug":"besafe-ru"}],"_links":{"self":[{"href":"https:\/\/beebipood.ee\/ru\/wp-json\/wp\/v2\/product\/459655","targetHints":{"allow":["GET"]}}],"collection":[{"href":"https:\/\/beebipood.ee\/ru\/wp-json\/wp\/v2\/product"}],"about":[{"href":"https:\/\/beebipood.ee\/ru\/wp-json\/wp\/v2\/types\/product"}],"wp:featuredmedia":[{"embeddable":true,"href":"https:\/\/beebipood.ee\/ru\/wp-json\/wp\/v2\/media\/363869"}],"wp:attachment":[{"href":"https:\/\/beebipood.ee\/ru\/wp-json\/wp\/v2\/media?parent=459655"}],"wp:term":[{"taxonomy":"pwb-brand","embeddable":true,"href":"https:\/\/beebipood.ee\/ru\/wp-json\/wp\/v2\/pwb-brand?post=459655"},{"taxonomy":"product_brand","embeddable":true,"href":"https:\/\/beebipood.ee\/ru\/wp-json\/wp\/v2\/product_brand?post=459655"},{"taxonomy":"product_cat","embeddable":true,"href":"https:\/\/beebipood.ee\/ru\/wp-json\/wp\/v2\/product_cat?post=459655"},{"taxonomy":"product_tag","embeddable":true,"href":"https:\/\/beebipood.ee\/ru\/wp-json\/wp\/v2\/product_tag?post=459655"}],"curies":[{"name":"wp","href":"https:\/\/api.w.org\/{rel}","templated":true}]}}