{"id":459677,"date":"2020-10-15T11:46:30","date_gmt":"2020-10-15T08:46:30","guid":{"rendered":"https:\/\/beebipood.ee\/toode\/besafe-turvatool-izi-twist-i-size-metallic-melange\/"},"modified":"2025-01-09T10:48:13","modified_gmt":"2025-01-09T08:48:13","slug":"besafe-turvatool-izi-twist-i-size-metallic-melange","status":"publish","type":"product","link":"https:\/\/beebipood.ee\/ru\/produkt\/besafe-turvatool-izi-twist-i-size-metallic-melange\/","title":{"rendered":"BeSafe turvatool iZi Twist i-Size, Metallic Melange"},"content":{"rendered":"<p>Mugav k\u00fcljelt k\u00fcljele p\u00f6\u00f6ramine v\u00f5imaldab teil lapse<br \/>h\u00f5lpsalt turvatooli sisse ja v\u00e4lja t\u00f5sta, p\u00f6\u00f6rates seda enda poole. <br \/>V\u00f5imaldab lastel s\u00f5ita seljaga s\u00f5idusuunas kuni umbes 4-nda eluaastani.<\/p>\n<p>Omadused:<\/p>\n<p>Kasutatav ilma beebisisuta Baby Shell \u2122: 61\u2013105cm <br \/>Maks. kaal: 18kg <br \/>Vanus: s\u00fcnnist kuni umbes 4 aastat <br \/>Mugav k\u00fcljele p\u00f6\u00f6ramine v\u00f5imaldab teil lapse h\u00f5lpsalt istmelt <br \/>sisse ja v\u00e4lja asetada, p\u00f6\u00f6rates seda enda poole <br \/>Istmesse sisseehitatud k\u00fclgkokkup\u00f5rke kaitse (SIP)<br \/>Kaitsev ja pehme peatugi koos uuendusliku Dynamic Force absorber`iga<br \/>Reguleeritavad lamamisasendid ka p\u00e4rast paigaldamist <br \/>Optilised ja heliindikaatorid tooli \u00f5ige paigaldamise juhendamiseks<br \/>Peatoe ja turvav\u00f6\u00f6de lihtne reguleerimine <br \/>Universal Level Technology tagab parima istumisnurga \u00fcksk\u00f5ik millises autos<br \/>Kvaliteetsed materjalid <br \/>Erakordne mugavus 4 lamamisasendiga <br \/>10-astmeline reguleeritav peatugi<br \/>Optimaalne \u00f5huvahetus tagaosa ventilatsioonis\u00fcsteemi kaudu<br \/>Tooli m\u00f5\u00f5dud: 44x73x50cm (peatugi on k\u00f5ige madalamas asendis) <br \/>Saksa organisatsiooni AGR poolt tunnistatud eriti lapses\u00f5bralikuks<\/p>\n","protected":false},"excerpt":{"rendered":"<p>Mugav k\u00fcljelt k\u00fcljele p\u00f6\u00f6ramine v\u00f5imaldab teil lapseh\u00f5lpsalt turvatooli sisse ja v\u00e4lja t\u00f5sta, p\u00f6\u00f6rates seda enda poole. V\u00f5imaldab lastel s\u00f5ita seljaga s\u00f5idusuunas kuni umbes 4-nda eluaastani. Omadused: Kasutatav ilma beebisisuta Baby Shell \u2122: 61\u2013105cm Maks. kaal: 18kg Vanus: s\u00fcnnist kuni umbes 4 aastat Mugav k\u00fcljele p\u00f6\u00f6ramine v\u00f5imaldab teil lapse h\u00f5lpsalt istmelt sisse ja v\u00e4lja asetada, p\u00f6\u00f6rates [&hellip;]<\/p>\n","protected":false},"featured_media":136747,"template":"","meta":{"_acf_changed":false},"pwb-brand":[11956],"product_brand":[],"product_cat":[11729,11727,11855,11791],"product_tag":[],"class_list":{"0":"post-459677","1":"product","2":"type-product","3":"status-publish","4":"has-post-thumbnail","6":"pwb-brand-besafe-ru","7":"product_cat-turvatoolid-0-18-kg-ru","8":"product_cat-turvatoolid-hallid-ru","9":"product_cat-sss-turvatoolid-ru","10":"product_cat-turvavarustus-ru","11":"pa_manufacturer-besafe-ru","13":"first","14":"onbackorder","15":"taxable","16":"shipping-taxable","17":"purchasable","18":"product-type-simple"},"exclude_global_add_ons":[],"addons":[],"acf":[],"yoast_head":"<!-- This site is optimized with the Yoast SEO plugin v27.1.1 - https:\/\/yoast.com\/product\/yoast-seo-wordpress\/ -->\n<title>BeSafe turvatool iZi Twist i-Size, Metallic Melange, \u0410\u0432\u0442\u043e\u043a\u0440\u0435\u0441\u043b\u0430, \u043b\u044e\u043b\u044c\u043a\u0438, \u0410\u0432\u0442\u043e\u043a\u0440\u0435\u0441\u043b\u0430 0-18 \u043a\u0433, \u0421\u043d\u0430\u0440\u044f\u0436\u0435\u043d\u0438\u044f \u0431\u0435\u0437\u043e\u043f\u0430\u0441\u043d\u043e\u0441\u0442\u0438, A\u0432\u0442\u043e\u043a\u0440\u0435\u0441\u043b\u043e \u0441\u043f\u0438\u043d\u043e\u0439 \u043f\u043e \u0445\u043e\u0434\u0443, Beebipood<\/title>\n<meta name=\"description\" content=\"BeSafe turvatool iZi Twist i-Size, Metallic Melange, Mugav k&uuml;ljelt k&uuml;ljele p&ouml;&ouml;ramine v&otilde;imaldab teil lapseh&otilde;lpsalt tur\" \/>\n<meta name=\"robots\" content=\"index, follow, max-snippet:-1, max-image-preview:large, max-video-preview:-1\" \/>\n<link rel=\"canonical\" href=\"https:\/\/beebipood.ee\/ru\/produkt\/besafe-turvatool-izi-twist-i-size-metallic-melange\/\" \/>\n<meta property=\"og:locale\" content=\"ru_RU\" \/>\n<meta property=\"og:type\" content=\"article\" \/>\n<meta property=\"og:title\" content=\"BeSafe turvatool iZi Twist i-Size, Metallic Melange, \u0410\u0432\u0442\u043e\u043a\u0440\u0435\u0441\u043b\u0430, \u043b\u044e\u043b\u044c\u043a\u0438, \u0410\u0432\u0442\u043e\u043a\u0440\u0435\u0441\u043b\u0430 0-18 \u043a\u0433, \u0421\u043d\u0430\u0440\u044f\u0436\u0435\u043d\u0438\u044f \u0431\u0435\u0437\u043e\u043f\u0430\u0441\u043d\u043e\u0441\u0442\u0438, A\u0432\u0442\u043e\u043a\u0440\u0435\u0441\u043b\u043e \u0441\u043f\u0438\u043d\u043e\u0439 \u043f\u043e \u0445\u043e\u0434\u0443, Beebipood\" \/>\n<meta property=\"og:description\" content=\"BeSafe turvatool iZi Twist i-Size, Metallic Melange, Mugav k&uuml;ljelt k&uuml;ljele p&ouml;&ouml;ramine v&otilde;imaldab teil lapseh&otilde;lpsalt tur\" \/>\n<meta property=\"og:url\" content=\"https:\/\/beebipood.ee\/ru\/produkt\/besafe-turvatool-izi-twist-i-size-metallic-melange\/\" \/>\n<meta property=\"og:site_name\" content=\"Beebipood\" \/>\n<meta property=\"article:modified_time\" content=\"2025-01-09T08:48:13+00:00\" \/>\n<meta property=\"og:image\" content=\"https:\/\/beebipood.ee\/wp-content\/uploads\/2020\/10\/BeSafe-turvatool-iZi-Twist-iSize-Metallic-Melange-SOODUSPAKKUMISED-Turvatoolid-hallid-Turvatoolid-018-kg-Turvavarustus-SSS-Turvatoolid_6-b2c.jpg\" \/>\n\t<meta property=\"og:image:width\" content=\"1080\" \/>\n\t<meta property=\"og:image:height\" content=\"1080\" \/>\n\t<meta property=\"og:image:type\" content=\"image\/jpeg\" \/>\n<meta name=\"twitter:card\" content=\"summary_large_image\" \/>\n<meta name=\"twitter:label1\" content=\"\u041f\u0440\u0438\u043c\u0435\u0440\u043d\u043e\u0435 \u0432\u0440\u0435\u043c\u044f \u0434\u043b\u044f \u0447\u0442\u0435\u043d\u0438\u044f\" \/>\n\t<meta name=\"twitter:data1\" content=\"1 \u043c\u0438\u043d\u0443\u0442\u0430\" \/>\n<script type=\"application\/ld+json\" class=\"yoast-schema-graph\">{\"@context\":\"https:\/\/schema.org\",\"@graph\":[{\"@type\":\"WebPage\",\"@id\":\"https:\/\/beebipood.ee\/ru\/produkt\/besafe-turvatool-izi-twist-i-size-metallic-melange\/\",\"url\":\"https:\/\/beebipood.ee\/ru\/produkt\/besafe-turvatool-izi-twist-i-size-metallic-melange\/\",\"name\":\"BeSafe turvatool iZi Twist i-Size, Metallic Melange, \u0410\u0432\u0442\u043e\u043a\u0440\u0435\u0441\u043b\u0430, \u043b\u044e\u043b\u044c\u043a\u0438, \u0410\u0432\u0442\u043e\u043a\u0440\u0435\u0441\u043b\u0430 0-18 \u043a\u0433, \u0421\u043d\u0430\u0440\u044f\u0436\u0435\u043d\u0438\u044f \u0431\u0435\u0437\u043e\u043f\u0430\u0441\u043d\u043e\u0441\u0442\u0438, A\u0432\u0442\u043e\u043a\u0440\u0435\u0441\u043b\u043e \u0441\u043f\u0438\u043d\u043e\u0439 \u043f\u043e \u0445\u043e\u0434\u0443, Beebipood\",\"isPartOf\":{\"@id\":\"https:\/\/beebipood.ee\/ru\/#website\"},\"primaryImageOfPage\":{\"@id\":\"https:\/\/beebipood.ee\/ru\/produkt\/besafe-turvatool-izi-twist-i-size-metallic-melange\/#primaryimage\"},\"image\":{\"@id\":\"https:\/\/beebipood.ee\/ru\/produkt\/besafe-turvatool-izi-twist-i-size-metallic-melange\/#primaryimage\"},\"thumbnailUrl\":\"https:\/\/beebipood.ee\/wp-content\/uploads\/2020\/10\/BeSafe-turvatool-iZi-Twist-iSize-Metallic-Melange-SOODUSPAKKUMISED-Turvatoolid-hallid-Turvatoolid-018-kg-Turvavarustus-SSS-Turvatoolid_6-b2c.jpg\",\"datePublished\":\"2020-10-15T08:46:30+00:00\",\"dateModified\":\"2025-01-09T08:48:13+00:00\",\"description\":\"BeSafe turvatool iZi Twist i-Size, Metallic Melange, Mugav k&uuml;ljelt k&uuml;ljele p&ouml;&ouml;ramine v&otilde;imaldab teil lapseh&otilde;lpsalt tur\",\"breadcrumb\":{\"@id\":\"https:\/\/beebipood.ee\/ru\/produkt\/besafe-turvatool-izi-twist-i-size-metallic-melange\/#breadcrumb\"},\"inLanguage\":\"ru-RU\",\"potentialAction\":[{\"@type\":\"ReadAction\",\"target\":[\"https:\/\/beebipood.ee\/ru\/produkt\/besafe-turvatool-izi-twist-i-size-metallic-melange\/\"]}]},{\"@type\":\"ImageObject\",\"inLanguage\":\"ru-RU\",\"@id\":\"https:\/\/beebipood.ee\/ru\/produkt\/besafe-turvatool-izi-twist-i-size-metallic-melange\/#primaryimage\",\"url\":\"https:\/\/beebipood.ee\/wp-content\/uploads\/2020\/10\/BeSafe-turvatool-iZi-Twist-iSize-Metallic-Melange-SOODUSPAKKUMISED-Turvatoolid-hallid-Turvatoolid-018-kg-Turvavarustus-SSS-Turvatoolid_6-b2c.jpg\",\"contentUrl\":\"https:\/\/beebipood.ee\/wp-content\/uploads\/2020\/10\/BeSafe-turvatool-iZi-Twist-iSize-Metallic-Melange-SOODUSPAKKUMISED-Turvatoolid-hallid-Turvatoolid-018-kg-Turvavarustus-SSS-Turvatoolid_6-b2c.jpg\",\"width\":1080,\"height\":1080},{\"@type\":\"BreadcrumbList\",\"@id\":\"https:\/\/beebipood.ee\/ru\/produkt\/besafe-turvatool-izi-twist-i-size-metallic-melange\/#breadcrumb\",\"itemListElement\":[{\"@type\":\"ListItem\",\"position\":1,\"name\":\"Home\",\"item\":\"https:\/\/beebipood.ee\/ru\/\"},{\"@type\":\"ListItem\",\"position\":2,\"name\":\"\u041a\u0430\u0442\u0430\u043b\u043e\u0433 \u0442\u043e\u0432\u0430\u0440\u043e\u0432\",\"item\":\"https:\/\/beebipood.ee\/tooted\/\"},{\"@type\":\"ListItem\",\"position\":3,\"name\":\"BeSafe turvatool iZi Twist i-Size, Metallic Melange\"}]},{\"@type\":\"WebSite\",\"@id\":\"https:\/\/beebipood.ee\/ru\/#website\",\"url\":\"https:\/\/beebipood.ee\/ru\/\",\"name\":\"Beebipood\",\"description\":\"Lastekaubad, beebikaubad, m\u00e4nguasjad\",\"publisher\":{\"@id\":\"https:\/\/beebipood.ee\/ru\/#organization\"},\"potentialAction\":[{\"@type\":\"SearchAction\",\"target\":{\"@type\":\"EntryPoint\",\"urlTemplate\":\"https:\/\/beebipood.ee\/ru\/?s={search_term_string}\"},\"query-input\":{\"@type\":\"PropertyValueSpecification\",\"valueRequired\":true,\"valueName\":\"search_term_string\"}}],\"inLanguage\":\"ru-RU\"},{\"@type\":\"Organization\",\"@id\":\"https:\/\/beebipood.ee\/ru\/#organization\",\"name\":\"Beebipood\",\"url\":\"https:\/\/beebipood.ee\/ru\/\",\"logo\":{\"@type\":\"ImageObject\",\"inLanguage\":\"ru-RU\",\"@id\":\"https:\/\/beebipood.ee\/ru\/#\/schema\/logo\/image\/\",\"url\":\"https:\/\/beebipood.ee\/wp-content\/uploads\/2025\/03\/beebipood.ee-logo-1.svg\",\"contentUrl\":\"https:\/\/beebipood.ee\/wp-content\/uploads\/2025\/03\/beebipood.ee-logo-1.svg\",\"caption\":\"Beebipood\"},\"image\":{\"@id\":\"https:\/\/beebipood.ee\/ru\/#\/schema\/logo\/image\/\"}}]}<\/script>\n<!-- \/ Yoast SEO plugin. -->","yoast_head_json":{"title":"BeSafe turvatool iZi Twist i-Size, Metallic Melange, \u0410\u0432\u0442\u043e\u043a\u0440\u0435\u0441\u043b\u0430, \u043b\u044e\u043b\u044c\u043a\u0438, \u0410\u0432\u0442\u043e\u043a\u0440\u0435\u0441\u043b\u0430 0-18 \u043a\u0433, \u0421\u043d\u0430\u0440\u044f\u0436\u0435\u043d\u0438\u044f \u0431\u0435\u0437\u043e\u043f\u0430\u0441\u043d\u043e\u0441\u0442\u0438, A\u0432\u0442\u043e\u043a\u0440\u0435\u0441\u043b\u043e \u0441\u043f\u0438\u043d\u043e\u0439 \u043f\u043e \u0445\u043e\u0434\u0443, Beebipood","description":"BeSafe turvatool iZi Twist i-Size, Metallic Melange, Mugav k&uuml;ljelt k&uuml;ljele p&ouml;&ouml;ramine v&otilde;imaldab teil lapseh&otilde;lpsalt tur","robots":{"index":"index","follow":"follow","max-snippet":"max-snippet:-1","max-image-preview":"max-image-preview:large","max-video-preview":"max-video-preview:-1"},"canonical":"https:\/\/beebipood.ee\/ru\/produkt\/besafe-turvatool-izi-twist-i-size-metallic-melange\/","og_locale":"ru_RU","og_type":"article","og_title":"BeSafe turvatool iZi Twist i-Size, Metallic Melange, \u0410\u0432\u0442\u043e\u043a\u0440\u0435\u0441\u043b\u0430, \u043b\u044e\u043b\u044c\u043a\u0438, \u0410\u0432\u0442\u043e\u043a\u0440\u0435\u0441\u043b\u0430 0-18 \u043a\u0433, \u0421\u043d\u0430\u0440\u044f\u0436\u0435\u043d\u0438\u044f \u0431\u0435\u0437\u043e\u043f\u0430\u0441\u043d\u043e\u0441\u0442\u0438, A\u0432\u0442\u043e\u043a\u0440\u0435\u0441\u043b\u043e \u0441\u043f\u0438\u043d\u043e\u0439 \u043f\u043e \u0445\u043e\u0434\u0443, Beebipood","og_description":"BeSafe turvatool iZi Twist i-Size, Metallic Melange, Mugav k&uuml;ljelt k&uuml;ljele p&ouml;&ouml;ramine v&otilde;imaldab teil lapseh&otilde;lpsalt tur","og_url":"https:\/\/beebipood.ee\/ru\/produkt\/besafe-turvatool-izi-twist-i-size-metallic-melange\/","og_site_name":"Beebipood","article_modified_time":"2025-01-09T08:48:13+00:00","og_image":[{"width":1080,"height":1080,"url":"https:\/\/beebipood.ee\/wp-content\/uploads\/2020\/10\/BeSafe-turvatool-iZi-Twist-iSize-Metallic-Melange-SOODUSPAKKUMISED-Turvatoolid-hallid-Turvatoolid-018-kg-Turvavarustus-SSS-Turvatoolid_6-b2c.jpg","type":"image\/jpeg"}],"twitter_card":"summary_large_image","twitter_misc":{"\u041f\u0440\u0438\u043c\u0435\u0440\u043d\u043e\u0435 \u0432\u0440\u0435\u043c\u044f \u0434\u043b\u044f \u0447\u0442\u0435\u043d\u0438\u044f":"1 \u043c\u0438\u043d\u0443\u0442\u0430"},"schema":{"@context":"https:\/\/schema.org","@graph":[{"@type":"WebPage","@id":"https:\/\/beebipood.ee\/ru\/produkt\/besafe-turvatool-izi-twist-i-size-metallic-melange\/","url":"https:\/\/beebipood.ee\/ru\/produkt\/besafe-turvatool-izi-twist-i-size-metallic-melange\/","name":"BeSafe turvatool iZi Twist i-Size, Metallic Melange, \u0410\u0432\u0442\u043e\u043a\u0440\u0435\u0441\u043b\u0430, \u043b\u044e\u043b\u044c\u043a\u0438, \u0410\u0432\u0442\u043e\u043a\u0440\u0435\u0441\u043b\u0430 0-18 \u043a\u0433, \u0421\u043d\u0430\u0440\u044f\u0436\u0435\u043d\u0438\u044f \u0431\u0435\u0437\u043e\u043f\u0430\u0441\u043d\u043e\u0441\u0442\u0438, A\u0432\u0442\u043e\u043a\u0440\u0435\u0441\u043b\u043e \u0441\u043f\u0438\u043d\u043e\u0439 \u043f\u043e \u0445\u043e\u0434\u0443, Beebipood","isPartOf":{"@id":"https:\/\/beebipood.ee\/ru\/#website"},"primaryImageOfPage":{"@id":"https:\/\/beebipood.ee\/ru\/produkt\/besafe-turvatool-izi-twist-i-size-metallic-melange\/#primaryimage"},"image":{"@id":"https:\/\/beebipood.ee\/ru\/produkt\/besafe-turvatool-izi-twist-i-size-metallic-melange\/#primaryimage"},"thumbnailUrl":"https:\/\/beebipood.ee\/wp-content\/uploads\/2020\/10\/BeSafe-turvatool-iZi-Twist-iSize-Metallic-Melange-SOODUSPAKKUMISED-Turvatoolid-hallid-Turvatoolid-018-kg-Turvavarustus-SSS-Turvatoolid_6-b2c.jpg","datePublished":"2020-10-15T08:46:30+00:00","dateModified":"2025-01-09T08:48:13+00:00","description":"BeSafe turvatool iZi Twist i-Size, Metallic Melange, Mugav k&uuml;ljelt k&uuml;ljele p&ouml;&ouml;ramine v&otilde;imaldab teil lapseh&otilde;lpsalt tur","breadcrumb":{"@id":"https:\/\/beebipood.ee\/ru\/produkt\/besafe-turvatool-izi-twist-i-size-metallic-melange\/#breadcrumb"},"inLanguage":"ru-RU","potentialAction":[{"@type":"ReadAction","target":["https:\/\/beebipood.ee\/ru\/produkt\/besafe-turvatool-izi-twist-i-size-metallic-melange\/"]}]},{"@type":"ImageObject","inLanguage":"ru-RU","@id":"https:\/\/beebipood.ee\/ru\/produkt\/besafe-turvatool-izi-twist-i-size-metallic-melange\/#primaryimage","url":"https:\/\/beebipood.ee\/wp-content\/uploads\/2020\/10\/BeSafe-turvatool-iZi-Twist-iSize-Metallic-Melange-SOODUSPAKKUMISED-Turvatoolid-hallid-Turvatoolid-018-kg-Turvavarustus-SSS-Turvatoolid_6-b2c.jpg","contentUrl":"https:\/\/beebipood.ee\/wp-content\/uploads\/2020\/10\/BeSafe-turvatool-iZi-Twist-iSize-Metallic-Melange-SOODUSPAKKUMISED-Turvatoolid-hallid-Turvatoolid-018-kg-Turvavarustus-SSS-Turvatoolid_6-b2c.jpg","width":1080,"height":1080},{"@type":"BreadcrumbList","@id":"https:\/\/beebipood.ee\/ru\/produkt\/besafe-turvatool-izi-twist-i-size-metallic-melange\/#breadcrumb","itemListElement":[{"@type":"ListItem","position":1,"name":"Home","item":"https:\/\/beebipood.ee\/ru\/"},{"@type":"ListItem","position":2,"name":"\u041a\u0430\u0442\u0430\u043b\u043e\u0433 \u0442\u043e\u0432\u0430\u0440\u043e\u0432","item":"https:\/\/beebipood.ee\/tooted\/"},{"@type":"ListItem","position":3,"name":"BeSafe turvatool iZi Twist i-Size, Metallic Melange"}]},{"@type":"WebSite","@id":"https:\/\/beebipood.ee\/ru\/#website","url":"https:\/\/beebipood.ee\/ru\/","name":"Beebipood","description":"Lastekaubad, beebikaubad, m\u00e4nguasjad","publisher":{"@id":"https:\/\/beebipood.ee\/ru\/#organization"},"potentialAction":[{"@type":"SearchAction","target":{"@type":"EntryPoint","urlTemplate":"https:\/\/beebipood.ee\/ru\/?s={search_term_string}"},"query-input":{"@type":"PropertyValueSpecification","valueRequired":true,"valueName":"search_term_string"}}],"inLanguage":"ru-RU"},{"@type":"Organization","@id":"https:\/\/beebipood.ee\/ru\/#organization","name":"Beebipood","url":"https:\/\/beebipood.ee\/ru\/","logo":{"@type":"ImageObject","inLanguage":"ru-RU","@id":"https:\/\/beebipood.ee\/ru\/#\/schema\/logo\/image\/","url":"https:\/\/beebipood.ee\/wp-content\/uploads\/2025\/03\/beebipood.ee-logo-1.svg","contentUrl":"https:\/\/beebipood.ee\/wp-content\/uploads\/2025\/03\/beebipood.ee-logo-1.svg","caption":"Beebipood"},"image":{"@id":"https:\/\/beebipood.ee\/ru\/#\/schema\/logo\/image\/"}}]}},"brands":[{"id":11956,"name":"BeSafe","slug":"besafe-ru"}],"_links":{"self":[{"href":"https:\/\/beebipood.ee\/ru\/wp-json\/wp\/v2\/product\/459677","targetHints":{"allow":["GET"]}}],"collection":[{"href":"https:\/\/beebipood.ee\/ru\/wp-json\/wp\/v2\/product"}],"about":[{"href":"https:\/\/beebipood.ee\/ru\/wp-json\/wp\/v2\/types\/product"}],"wp:featuredmedia":[{"embeddable":true,"href":"https:\/\/beebipood.ee\/ru\/wp-json\/wp\/v2\/media\/136747"}],"wp:attachment":[{"href":"https:\/\/beebipood.ee\/ru\/wp-json\/wp\/v2\/media?parent=459677"}],"wp:term":[{"taxonomy":"pwb-brand","embeddable":true,"href":"https:\/\/beebipood.ee\/ru\/wp-json\/wp\/v2\/pwb-brand?post=459677"},{"taxonomy":"product_brand","embeddable":true,"href":"https:\/\/beebipood.ee\/ru\/wp-json\/wp\/v2\/product_brand?post=459677"},{"taxonomy":"product_cat","embeddable":true,"href":"https:\/\/beebipood.ee\/ru\/wp-json\/wp\/v2\/product_cat?post=459677"},{"taxonomy":"product_tag","embeddable":true,"href":"https:\/\/beebipood.ee\/ru\/wp-json\/wp\/v2\/product_tag?post=459677"}],"curies":[{"name":"wp","href":"https:\/\/api.w.org\/{rel}","templated":true}]}}