{"id":459683,"date":"2020-10-16T08:01:23","date_gmt":"2020-10-16T05:01:23","guid":{"rendered":"https:\/\/beebipood.ee\/toode\/besafe-turvatool-izi-turn-i-size-premium-car-interior-black\/"},"modified":"2026-02-03T14:30:06","modified_gmt":"2026-02-03T12:30:06","slug":"besafe-izi-turn-m-i-size-turvatool-metallic-melange","status":"publish","type":"product","link":"https:\/\/beebipood.ee\/ru\/produkt\/besafe-izi-turn-m-i-size-turvatool-metallic-melange\/","title":{"rendered":"BeSafe iZi Turn M i-Size turvatool, Metallic Melange"},"content":{"rendered":"<h3 data-start=\"163\" data-end=\"248\">BeSafe iZi Turn M i-Size \u2013 nutikas 360\u00b0 p\u00f6\u00f6rlev turvatool meelerahuks igal s\u00f5idul<\/h3>\n<p data-start=\"250\" data-end=\"602\"><strong data-start=\"250\" data-end=\"278\">BeSafe iZi Turn M i-Size<\/strong> on 360\u00b0 p\u00f6\u00f6rlev turvatool, mis \u00fchendab tipptasemel turvalisuse, suurep\u00e4rase mugavuse ja nutika tehnoloogia. See sobib kasutamiseks p\u00e4rast turvah\u00e4lli kuni lapse pikkuseni umbes <strong data-start=\"455\" data-end=\"465\">105 cm<\/strong> (kuni 18 kg) ning v\u00f5imaldab last s\u00f5idutada nii <strong data-start=\"513\" data-end=\"566\">seljaga s\u00f5idusuunas (soovitatav v\u00f5imalikult kaua)<\/strong> kui ka vajadusel n\u00e4oga s\u00f5idusuunas.<\/p>\n<p data-start=\"604\" data-end=\"821\">Isofix-kinnituss\u00fcsteem koos optiliste ja heliindikaatoritega muudab paigalduse kiireks ja v\u00e4hendab vigade tekkimise riski. 360\u00b0 p\u00f6\u00f6rlemine teeb lapse istmesse t\u00f5stmise ja kinnitamise mugavaks ka kiiretel argip\u00e4evadel.<\/p>\n<p data-start=\"823\" data-end=\"1101\">Turn M eristub teistest mudelitest <strong data-start=\"858\" data-end=\"894\">rakendusega \u00fchildamise v\u00f5imaluse<\/strong> poolest \u2013 lapsevanem saab teavituse, kui laps on s\u00f5idu ajal turvarihmad avanud v\u00f5i kui lapsevanem on turvatooli kinnitatud lapsest liiga kaugele liikunud. See annab lisakindlust ja meelerahu igas olukorras.<\/p>\n<p data-start=\"1103\" data-end=\"1231\">Hingav <strong data-start=\"1110\" data-end=\"1125\">mesh-kangas<\/strong>, mis on kuni 8\u00d7 \u00f5hku l\u00e4bilaskvam kui tavakangas, hoiab lapse jaheda ja mugavana ka soojadel suvep\u00e4evadel.<\/p>\n<hr data-start=\"1233\" data-end=\"1236\" \/>\n<h3 data-start=\"1238\" data-end=\"1279\">Miks valida BeSafe iZi Turn M i-Size?<\/h3>\n<ul data-start=\"1281\" data-end=\"2127\">\n<li data-start=\"1281\" data-end=\"1350\">\n<p data-start=\"1283\" data-end=\"1350\"><strong data-start=\"1283\" data-end=\"1309\">360\u00b0 p\u00f6\u00f6rlev turvatool<\/strong> \u2013 lihtne lapse sisse- ja v\u00e4ljat\u00f5stmine<\/p>\n<\/li>\n<li data-start=\"1351\" data-end=\"1409\">\n<p data-start=\"1353\" data-end=\"1409\"><strong data-start=\"1353\" data-end=\"1395\">Seljaga ja n\u00e4oga s\u00f5idusuunas kasutatav<\/strong> (SSS \/ NSS)<\/p>\n<\/li>\n<li data-start=\"1410\" data-end=\"1486\">\n<p data-start=\"1412\" data-end=\"1486\"><strong data-start=\"1412\" data-end=\"1438\">Nutikas rakenduse tugi<\/strong> \u2013 teavitused rihmade avamise ja kauguse kohta<\/p>\n<\/li>\n<li data-start=\"1487\" data-end=\"1558\">\n<p data-start=\"1489\" data-end=\"1558\"><strong data-start=\"1489\" data-end=\"1509\">Isofix-paigaldus<\/strong> \u2013 kiire, turvaline ja v\u00e4iksema veaohtlikkusega<\/p>\n<\/li>\n<li data-start=\"1559\" data-end=\"1614\">\n<p data-start=\"1561\" data-end=\"1614\"><strong data-start=\"1561\" data-end=\"1576\">Mesh-kangas<\/strong> \u2013 suurep\u00e4rane hingavus kuuma ilmaga<\/p>\n<\/li>\n<li data-start=\"1615\" data-end=\"1697\">\n<p data-start=\"1617\" data-end=\"1697\"><strong data-start=\"1617\" data-end=\"1637\">Two-Fit Cushion\u2122<\/strong> kaheosaline beebisisu pakub lisatuge v\u00e4iksematele lastele<\/p>\n<\/li>\n<li data-start=\"1698\" data-end=\"1763\">\n<p data-start=\"1700\" data-end=\"1763\"><strong data-start=\"1700\" data-end=\"1731\">Universal Level Technology\u2122<\/strong> \u2013 \u00f5ige istumisnurk igas autos<\/p>\n<\/li>\n<li data-start=\"1764\" data-end=\"1854\">\n<p data-start=\"1766\" data-end=\"1854\"><strong data-start=\"1766\" data-end=\"1795\">Magnetic Belt Assistants\u2122<\/strong> hoiavad rihmad eest \u00e4ra ja muudavad kinnitamise lihtsaks<\/p>\n<\/li>\n<li data-start=\"1855\" data-end=\"1919\">\n<p data-start=\"1857\" data-end=\"1919\"><strong data-start=\"1857\" data-end=\"1877\">4 lamamisasendit<\/strong> ja <strong data-start=\"1881\" data-end=\"1917\">6-astmeline reguleeritav peatugi<\/strong><\/p>\n<\/li>\n<li data-start=\"1920\" data-end=\"1989\">\n<p data-start=\"1922\" data-end=\"1989\">Sisseehitatud <strong data-start=\"1936\" data-end=\"1967\">k\u00fclgkokkup\u00f5rke kaitse (SIP)<\/strong> + t\u00e4iendav <strong data-start=\"1979\" data-end=\"1987\">SIP+<\/strong><\/p>\n<\/li>\n<li data-start=\"1990\" data-end=\"2065\">\n<p data-start=\"1992\" data-end=\"2065\">Pehme ja kaitsev peatugi koos <strong data-start=\"2022\" data-end=\"2049\">Dynamic Force Absorber\u2122<\/strong> tehnoloogiaga<\/p>\n<\/li>\n<li data-start=\"2066\" data-end=\"2127\">\n<p data-start=\"2068\" data-end=\"2127\">Optimaalne \u00f5huvahetus t\u00e4nu istme tagaosa ventilatsioonile<\/p>\n<\/li>\n<\/ul>\n<hr data-start=\"2129\" data-end=\"2132\" \/>\n<h3 data-start=\"2134\" data-end=\"2169\">Turvalisus ja tehnilised andmed<\/h3>\n<ul data-start=\"2171\" data-end=\"2502\">\n<li data-start=\"2171\" data-end=\"2221\">\n<p data-start=\"2173\" data-end=\"2221\">Lapse pikkus: <strong data-start=\"2187\" data-end=\"2200\">61\u2013105 cm<\/strong> (NSS alates 88 cm)<\/p>\n<\/li>\n<li data-start=\"2222\" data-end=\"2267\">\n<p data-start=\"2224\" data-end=\"2267\">Soovituslik vanus: <strong data-start=\"2243\" data-end=\"2264\">6 kuud \u2013 4 aastat<\/strong>*<\/p>\n<\/li>\n<li data-start=\"2268\" data-end=\"2297\">\n<p data-start=\"2270\" data-end=\"2297\">Paigaldusviis: <strong data-start=\"2285\" data-end=\"2295\">Isofix<\/strong><\/p>\n<\/li>\n<li data-start=\"2298\" data-end=\"2329\">\n<p data-start=\"2300\" data-end=\"2329\">Turvaseadme kaal: <strong data-start=\"2318\" data-end=\"2327\">15 kg<\/strong><\/p>\n<\/li>\n<li data-start=\"2330\" data-end=\"2396\">\n<p data-start=\"2332\" data-end=\"2396\"><strong data-start=\"2332\" data-end=\"2374\">ADAC turvalisuse hinne: 1,5 (v\u00e4ga hea)<\/strong> seljaga s\u00f5idusuunas<\/p>\n<\/li>\n<li data-start=\"2397\" data-end=\"2443\">\n<p data-start=\"2399\" data-end=\"2443\">Vastavus standardile: <strong data-start=\"2421\" data-end=\"2441\">UN R129 (i-Size)<\/strong><\/p>\n<\/li>\n<li data-start=\"2444\" data-end=\"2502\">\n<p data-start=\"2446\" data-end=\"2502\">M\u00f5\u00f5dud: <strong data-start=\"2454\" data-end=\"2473\">44 \u00d7 73 \u00d7 50 cm<\/strong> (peatugi madalaimas asendis)<\/p>\n<\/li>\n<\/ul>\n<p data-start=\"2504\" data-end=\"2626\">*Vanusevahemik on informatiivne ja p\u00f5hineb keskmistel v\u00e4\u00e4rtustel \u2013 tegelik kasutusaeg s\u00f5ltub lapse pikkusest ja arengust.<\/p>\n","protected":false},"excerpt":{"rendered":"<p>BeSafe iZi Turn M i-Size \u2013 nutikas 360\u00b0 p\u00f6\u00f6rlev turvatool meelerahuks igal s\u00f5idul BeSafe iZi Turn M i-Size on 360\u00b0 p\u00f6\u00f6rlev turvatool, mis \u00fchendab tipptasemel turvalisuse, suurep\u00e4rase mugavuse ja nutika tehnoloogia. See sobib kasutamiseks p\u00e4rast turvah\u00e4lli kuni lapse pikkuseni umbes 105 cm (kuni 18 kg) ning v\u00f5imaldab last s\u00f5idutada nii seljaga s\u00f5idusuunas (soovitatav v\u00f5imalikult kaua) [&hellip;]<\/p>\n","protected":false},"featured_media":510694,"template":"","meta":{"_acf_changed":false},"pwb-brand":[11956],"product_brand":[],"product_cat":[11729,11727,11855,11791],"product_tag":[],"class_list":{"0":"post-459683","1":"product","2":"type-product","3":"status-publish","4":"has-post-thumbnail","6":"pwb-brand-besafe-ru","7":"product_cat-turvatoolid-0-18-kg-ru","8":"product_cat-turvatoolid-hallid-ru","9":"product_cat-sss-turvatoolid-ru","10":"product_cat-turvavarustus-ru","11":"pa_manufacturer-besafe-ru","13":"first","14":"onbackorder","15":"taxable","16":"shipping-taxable","17":"purchasable","18":"product-type-simple"},"exclude_global_add_ons":[],"addons":[],"acf":[],"yoast_head":"<!-- This site is optimized with the Yoast SEO plugin v27.1.1 - https:\/\/yoast.com\/product\/yoast-seo-wordpress\/ -->\n<title>BeSafe turvatool iZi Turn i-Size, Premium Car Interior Black, \u0410\u0432\u0442\u043e\u043a\u0440\u0435\u0441\u043b\u0430, \u043b\u044e\u043b\u044c\u043a\u0438, \u0410\u0432\u0442\u043e\u043a\u0440\u0435\u0441\u043b\u0430 0-18 \u043a\u0433, \u0421\u043d\u0430\u0440\u044f\u0436\u0435\u043d\u0438\u044f \u0431\u0435\u0437\u043e\u043f\u0430\u0441\u043d\u043e\u0441\u0442\u0438, A\u0432\u0442\u043e\u043a\u0440\u0435\u0441\u043b\u043e \u0441\u043f\u0438\u043d\u043e\u0439 \u043f\u043e \u0445\u043e\u0434\u0443, Beebipood<\/title>\n<meta name=\"description\" content=\"BeSafe turvatool iZi Turn i-Size, Premium Car Interior Black, Mugav k\u00fcljelt k\u00fcljele p\u00f6\u00f6ramine v\u00f5imaldab teil lapseh\u00f5l\" \/>\n<meta name=\"robots\" content=\"index, follow, max-snippet:-1, max-image-preview:large, max-video-preview:-1\" \/>\n<link rel=\"canonical\" href=\"https:\/\/beebipood.ee\/ru\/produkt\/besafe-izi-turn-m-i-size-turvatool-metallic-melange\/\" \/>\n<meta property=\"og:locale\" content=\"ru_RU\" \/>\n<meta property=\"og:type\" content=\"article\" \/>\n<meta property=\"og:title\" content=\"BeSafe turvatool iZi Turn i-Size, Premium Car Interior Black, \u0410\u0432\u0442\u043e\u043a\u0440\u0435\u0441\u043b\u0430, \u043b\u044e\u043b\u044c\u043a\u0438, \u0410\u0432\u0442\u043e\u043a\u0440\u0435\u0441\u043b\u0430 0-18 \u043a\u0433, \u0421\u043d\u0430\u0440\u044f\u0436\u0435\u043d\u0438\u044f \u0431\u0435\u0437\u043e\u043f\u0430\u0441\u043d\u043e\u0441\u0442\u0438, A\u0432\u0442\u043e\u043a\u0440\u0435\u0441\u043b\u043e \u0441\u043f\u0438\u043d\u043e\u0439 \u043f\u043e \u0445\u043e\u0434\u0443, Beebipood\" \/>\n<meta property=\"og:description\" content=\"BeSafe turvatool iZi Turn i-Size, Premium Car Interior Black, Mugav k\u00fcljelt k\u00fcljele p\u00f6\u00f6ramine v\u00f5imaldab teil lapseh\u00f5l\" \/>\n<meta property=\"og:url\" content=\"https:\/\/beebipood.ee\/ru\/produkt\/besafe-izi-turn-m-i-size-turvatool-metallic-melange\/\" \/>\n<meta property=\"og:site_name\" content=\"Beebipood\" \/>\n<meta property=\"article:modified_time\" content=\"2026-02-03T12:30:06+00:00\" \/>\n<meta property=\"og:image\" content=\"https:\/\/beebipood.ee\/wp-content\/uploads\/2020\/10\/besafe-izi-turn-m-i-size-turvatool-metallic-melang1.webp\" \/>\n\t<meta property=\"og:image:width\" content=\"700\" \/>\n\t<meta property=\"og:image:height\" content=\"992\" \/>\n\t<meta property=\"og:image:type\" content=\"image\/webp\" \/>\n<meta name=\"twitter:card\" content=\"summary_large_image\" \/>\n<meta name=\"twitter:label1\" content=\"\u041f\u0440\u0438\u043c\u0435\u0440\u043d\u043e\u0435 \u0432\u0440\u0435\u043c\u044f \u0434\u043b\u044f \u0447\u0442\u0435\u043d\u0438\u044f\" \/>\n\t<meta name=\"twitter:data1\" content=\"2 \u043c\u0438\u043d\u0443\u0442\u044b\" \/>\n<script type=\"application\/ld+json\" class=\"yoast-schema-graph\">{\"@context\":\"https:\/\/schema.org\",\"@graph\":[{\"@type\":\"WebPage\",\"@id\":\"https:\/\/beebipood.ee\/ru\/produkt\/besafe-izi-turn-m-i-size-turvatool-metallic-melange\/\",\"url\":\"https:\/\/beebipood.ee\/ru\/produkt\/besafe-izi-turn-m-i-size-turvatool-metallic-melange\/\",\"name\":\"BeSafe turvatool iZi Turn i-Size, Premium Car Interior Black, \u0410\u0432\u0442\u043e\u043a\u0440\u0435\u0441\u043b\u0430, \u043b\u044e\u043b\u044c\u043a\u0438, \u0410\u0432\u0442\u043e\u043a\u0440\u0435\u0441\u043b\u0430 0-18 \u043a\u0433, \u0421\u043d\u0430\u0440\u044f\u0436\u0435\u043d\u0438\u044f \u0431\u0435\u0437\u043e\u043f\u0430\u0441\u043d\u043e\u0441\u0442\u0438, A\u0432\u0442\u043e\u043a\u0440\u0435\u0441\u043b\u043e \u0441\u043f\u0438\u043d\u043e\u0439 \u043f\u043e \u0445\u043e\u0434\u0443, Beebipood\",\"isPartOf\":{\"@id\":\"https:\/\/beebipood.ee\/ru\/#website\"},\"primaryImageOfPage\":{\"@id\":\"https:\/\/beebipood.ee\/ru\/produkt\/besafe-izi-turn-m-i-size-turvatool-metallic-melange\/#primaryimage\"},\"image\":{\"@id\":\"https:\/\/beebipood.ee\/ru\/produkt\/besafe-izi-turn-m-i-size-turvatool-metallic-melange\/#primaryimage\"},\"thumbnailUrl\":\"https:\/\/beebipood.ee\/wp-content\/uploads\/2020\/10\/besafe-izi-turn-m-i-size-turvatool-metallic-melang1.webp\",\"datePublished\":\"2020-10-16T05:01:23+00:00\",\"dateModified\":\"2026-02-03T12:30:06+00:00\",\"description\":\"BeSafe turvatool iZi Turn i-Size, Premium Car Interior Black, Mugav k\u00fcljelt k\u00fcljele p\u00f6\u00f6ramine v\u00f5imaldab teil lapseh\u00f5l\",\"breadcrumb\":{\"@id\":\"https:\/\/beebipood.ee\/ru\/produkt\/besafe-izi-turn-m-i-size-turvatool-metallic-melange\/#breadcrumb\"},\"inLanguage\":\"ru-RU\",\"potentialAction\":[{\"@type\":\"ReadAction\",\"target\":[\"https:\/\/beebipood.ee\/ru\/produkt\/besafe-izi-turn-m-i-size-turvatool-metallic-melange\/\"]}]},{\"@type\":\"ImageObject\",\"inLanguage\":\"ru-RU\",\"@id\":\"https:\/\/beebipood.ee\/ru\/produkt\/besafe-izi-turn-m-i-size-turvatool-metallic-melange\/#primaryimage\",\"url\":\"https:\/\/beebipood.ee\/wp-content\/uploads\/2020\/10\/besafe-izi-turn-m-i-size-turvatool-metallic-melang1.webp\",\"contentUrl\":\"https:\/\/beebipood.ee\/wp-content\/uploads\/2020\/10\/besafe-izi-turn-m-i-size-turvatool-metallic-melang1.webp\",\"width\":700,\"height\":992},{\"@type\":\"BreadcrumbList\",\"@id\":\"https:\/\/beebipood.ee\/ru\/produkt\/besafe-izi-turn-m-i-size-turvatool-metallic-melange\/#breadcrumb\",\"itemListElement\":[{\"@type\":\"ListItem\",\"position\":1,\"name\":\"Home\",\"item\":\"https:\/\/beebipood.ee\/ru\/\"},{\"@type\":\"ListItem\",\"position\":2,\"name\":\"\u041a\u0430\u0442\u0430\u043b\u043e\u0433 \u0442\u043e\u0432\u0430\u0440\u043e\u0432\",\"item\":\"https:\/\/beebipood.ee\/tooted\/\"},{\"@type\":\"ListItem\",\"position\":3,\"name\":\"BeSafe iZi Turn M i-Size turvatool, Metallic Melange\"}]},{\"@type\":\"WebSite\",\"@id\":\"https:\/\/beebipood.ee\/ru\/#website\",\"url\":\"https:\/\/beebipood.ee\/ru\/\",\"name\":\"Beebipood\",\"description\":\"Lastekaubad, beebikaubad, m\u00e4nguasjad\",\"publisher\":{\"@id\":\"https:\/\/beebipood.ee\/ru\/#organization\"},\"potentialAction\":[{\"@type\":\"SearchAction\",\"target\":{\"@type\":\"EntryPoint\",\"urlTemplate\":\"https:\/\/beebipood.ee\/ru\/?s={search_term_string}\"},\"query-input\":{\"@type\":\"PropertyValueSpecification\",\"valueRequired\":true,\"valueName\":\"search_term_string\"}}],\"inLanguage\":\"ru-RU\"},{\"@type\":\"Organization\",\"@id\":\"https:\/\/beebipood.ee\/ru\/#organization\",\"name\":\"Beebipood\",\"url\":\"https:\/\/beebipood.ee\/ru\/\",\"logo\":{\"@type\":\"ImageObject\",\"inLanguage\":\"ru-RU\",\"@id\":\"https:\/\/beebipood.ee\/ru\/#\/schema\/logo\/image\/\",\"url\":\"https:\/\/beebipood.ee\/wp-content\/uploads\/2025\/03\/beebipood.ee-logo-1.svg\",\"contentUrl\":\"https:\/\/beebipood.ee\/wp-content\/uploads\/2025\/03\/beebipood.ee-logo-1.svg\",\"caption\":\"Beebipood\"},\"image\":{\"@id\":\"https:\/\/beebipood.ee\/ru\/#\/schema\/logo\/image\/\"}}]}<\/script>\n<!-- \/ Yoast SEO plugin. -->","yoast_head_json":{"title":"BeSafe turvatool iZi Turn i-Size, Premium Car Interior Black, \u0410\u0432\u0442\u043e\u043a\u0440\u0435\u0441\u043b\u0430, \u043b\u044e\u043b\u044c\u043a\u0438, \u0410\u0432\u0442\u043e\u043a\u0440\u0435\u0441\u043b\u0430 0-18 \u043a\u0433, \u0421\u043d\u0430\u0440\u044f\u0436\u0435\u043d\u0438\u044f \u0431\u0435\u0437\u043e\u043f\u0430\u0441\u043d\u043e\u0441\u0442\u0438, A\u0432\u0442\u043e\u043a\u0440\u0435\u0441\u043b\u043e \u0441\u043f\u0438\u043d\u043e\u0439 \u043f\u043e \u0445\u043e\u0434\u0443, Beebipood","description":"BeSafe turvatool iZi Turn i-Size, Premium Car Interior Black, Mugav k\u00fcljelt k\u00fcljele p\u00f6\u00f6ramine v\u00f5imaldab teil lapseh\u00f5l","robots":{"index":"index","follow":"follow","max-snippet":"max-snippet:-1","max-image-preview":"max-image-preview:large","max-video-preview":"max-video-preview:-1"},"canonical":"https:\/\/beebipood.ee\/ru\/produkt\/besafe-izi-turn-m-i-size-turvatool-metallic-melange\/","og_locale":"ru_RU","og_type":"article","og_title":"BeSafe turvatool iZi Turn i-Size, Premium Car Interior Black, \u0410\u0432\u0442\u043e\u043a\u0440\u0435\u0441\u043b\u0430, \u043b\u044e\u043b\u044c\u043a\u0438, \u0410\u0432\u0442\u043e\u043a\u0440\u0435\u0441\u043b\u0430 0-18 \u043a\u0433, \u0421\u043d\u0430\u0440\u044f\u0436\u0435\u043d\u0438\u044f \u0431\u0435\u0437\u043e\u043f\u0430\u0441\u043d\u043e\u0441\u0442\u0438, A\u0432\u0442\u043e\u043a\u0440\u0435\u0441\u043b\u043e \u0441\u043f\u0438\u043d\u043e\u0439 \u043f\u043e \u0445\u043e\u0434\u0443, Beebipood","og_description":"BeSafe turvatool iZi Turn i-Size, Premium Car Interior Black, Mugav k\u00fcljelt k\u00fcljele p\u00f6\u00f6ramine v\u00f5imaldab teil lapseh\u00f5l","og_url":"https:\/\/beebipood.ee\/ru\/produkt\/besafe-izi-turn-m-i-size-turvatool-metallic-melange\/","og_site_name":"Beebipood","article_modified_time":"2026-02-03T12:30:06+00:00","og_image":[{"width":700,"height":992,"url":"https:\/\/beebipood.ee\/wp-content\/uploads\/2020\/10\/besafe-izi-turn-m-i-size-turvatool-metallic-melang1.webp","type":"image\/webp"}],"twitter_card":"summary_large_image","twitter_misc":{"\u041f\u0440\u0438\u043c\u0435\u0440\u043d\u043e\u0435 \u0432\u0440\u0435\u043c\u044f \u0434\u043b\u044f \u0447\u0442\u0435\u043d\u0438\u044f":"2 \u043c\u0438\u043d\u0443\u0442\u044b"},"schema":{"@context":"https:\/\/schema.org","@graph":[{"@type":"WebPage","@id":"https:\/\/beebipood.ee\/ru\/produkt\/besafe-izi-turn-m-i-size-turvatool-metallic-melange\/","url":"https:\/\/beebipood.ee\/ru\/produkt\/besafe-izi-turn-m-i-size-turvatool-metallic-melange\/","name":"BeSafe turvatool iZi Turn i-Size, Premium Car Interior Black, \u0410\u0432\u0442\u043e\u043a\u0440\u0435\u0441\u043b\u0430, \u043b\u044e\u043b\u044c\u043a\u0438, \u0410\u0432\u0442\u043e\u043a\u0440\u0435\u0441\u043b\u0430 0-18 \u043a\u0433, \u0421\u043d\u0430\u0440\u044f\u0436\u0435\u043d\u0438\u044f \u0431\u0435\u0437\u043e\u043f\u0430\u0441\u043d\u043e\u0441\u0442\u0438, A\u0432\u0442\u043e\u043a\u0440\u0435\u0441\u043b\u043e \u0441\u043f\u0438\u043d\u043e\u0439 \u043f\u043e \u0445\u043e\u0434\u0443, Beebipood","isPartOf":{"@id":"https:\/\/beebipood.ee\/ru\/#website"},"primaryImageOfPage":{"@id":"https:\/\/beebipood.ee\/ru\/produkt\/besafe-izi-turn-m-i-size-turvatool-metallic-melange\/#primaryimage"},"image":{"@id":"https:\/\/beebipood.ee\/ru\/produkt\/besafe-izi-turn-m-i-size-turvatool-metallic-melange\/#primaryimage"},"thumbnailUrl":"https:\/\/beebipood.ee\/wp-content\/uploads\/2020\/10\/besafe-izi-turn-m-i-size-turvatool-metallic-melang1.webp","datePublished":"2020-10-16T05:01:23+00:00","dateModified":"2026-02-03T12:30:06+00:00","description":"BeSafe turvatool iZi Turn i-Size, Premium Car Interior Black, Mugav k\u00fcljelt k\u00fcljele p\u00f6\u00f6ramine v\u00f5imaldab teil lapseh\u00f5l","breadcrumb":{"@id":"https:\/\/beebipood.ee\/ru\/produkt\/besafe-izi-turn-m-i-size-turvatool-metallic-melange\/#breadcrumb"},"inLanguage":"ru-RU","potentialAction":[{"@type":"ReadAction","target":["https:\/\/beebipood.ee\/ru\/produkt\/besafe-izi-turn-m-i-size-turvatool-metallic-melange\/"]}]},{"@type":"ImageObject","inLanguage":"ru-RU","@id":"https:\/\/beebipood.ee\/ru\/produkt\/besafe-izi-turn-m-i-size-turvatool-metallic-melange\/#primaryimage","url":"https:\/\/beebipood.ee\/wp-content\/uploads\/2020\/10\/besafe-izi-turn-m-i-size-turvatool-metallic-melang1.webp","contentUrl":"https:\/\/beebipood.ee\/wp-content\/uploads\/2020\/10\/besafe-izi-turn-m-i-size-turvatool-metallic-melang1.webp","width":700,"height":992},{"@type":"BreadcrumbList","@id":"https:\/\/beebipood.ee\/ru\/produkt\/besafe-izi-turn-m-i-size-turvatool-metallic-melange\/#breadcrumb","itemListElement":[{"@type":"ListItem","position":1,"name":"Home","item":"https:\/\/beebipood.ee\/ru\/"},{"@type":"ListItem","position":2,"name":"\u041a\u0430\u0442\u0430\u043b\u043e\u0433 \u0442\u043e\u0432\u0430\u0440\u043e\u0432","item":"https:\/\/beebipood.ee\/tooted\/"},{"@type":"ListItem","position":3,"name":"BeSafe iZi Turn M i-Size turvatool, Metallic Melange"}]},{"@type":"WebSite","@id":"https:\/\/beebipood.ee\/ru\/#website","url":"https:\/\/beebipood.ee\/ru\/","name":"Beebipood","description":"Lastekaubad, beebikaubad, m\u00e4nguasjad","publisher":{"@id":"https:\/\/beebipood.ee\/ru\/#organization"},"potentialAction":[{"@type":"SearchAction","target":{"@type":"EntryPoint","urlTemplate":"https:\/\/beebipood.ee\/ru\/?s={search_term_string}"},"query-input":{"@type":"PropertyValueSpecification","valueRequired":true,"valueName":"search_term_string"}}],"inLanguage":"ru-RU"},{"@type":"Organization","@id":"https:\/\/beebipood.ee\/ru\/#organization","name":"Beebipood","url":"https:\/\/beebipood.ee\/ru\/","logo":{"@type":"ImageObject","inLanguage":"ru-RU","@id":"https:\/\/beebipood.ee\/ru\/#\/schema\/logo\/image\/","url":"https:\/\/beebipood.ee\/wp-content\/uploads\/2025\/03\/beebipood.ee-logo-1.svg","contentUrl":"https:\/\/beebipood.ee\/wp-content\/uploads\/2025\/03\/beebipood.ee-logo-1.svg","caption":"Beebipood"},"image":{"@id":"https:\/\/beebipood.ee\/ru\/#\/schema\/logo\/image\/"}}]}},"brands":[{"id":11956,"name":"BeSafe","slug":"besafe-ru"}],"_links":{"self":[{"href":"https:\/\/beebipood.ee\/ru\/wp-json\/wp\/v2\/product\/459683","targetHints":{"allow":["GET"]}}],"collection":[{"href":"https:\/\/beebipood.ee\/ru\/wp-json\/wp\/v2\/product"}],"about":[{"href":"https:\/\/beebipood.ee\/ru\/wp-json\/wp\/v2\/types\/product"}],"wp:featuredmedia":[{"embeddable":true,"href":"https:\/\/beebipood.ee\/ru\/wp-json\/wp\/v2\/media\/510694"}],"wp:attachment":[{"href":"https:\/\/beebipood.ee\/ru\/wp-json\/wp\/v2\/media?parent=459683"}],"wp:term":[{"taxonomy":"pwb-brand","embeddable":true,"href":"https:\/\/beebipood.ee\/ru\/wp-json\/wp\/v2\/pwb-brand?post=459683"},{"taxonomy":"product_brand","embeddable":true,"href":"https:\/\/beebipood.ee\/ru\/wp-json\/wp\/v2\/product_brand?post=459683"},{"taxonomy":"product_cat","embeddable":true,"href":"https:\/\/beebipood.ee\/ru\/wp-json\/wp\/v2\/product_cat?post=459683"},{"taxonomy":"product_tag","embeddable":true,"href":"https:\/\/beebipood.ee\/ru\/wp-json\/wp\/v2\/product_tag?post=459683"}],"curies":[{"name":"wp","href":"https:\/\/api.w.org\/{rel}","templated":true}]}}