{"id":459685,"date":"2020-10-16T08:02:26","date_gmt":"2020-10-16T05:02:26","guid":{"rendered":"https:\/\/beebipood.ee\/toode\/besafe-turvatool-izi-turn-i-size-cloud-melange\/"},"modified":"2026-02-03T14:14:39","modified_gmt":"2026-02-03T12:14:39","slug":"besafe-izi-turn-i-size-turvatool-peak-mesh","status":"publish","type":"product","link":"https:\/\/beebipood.ee\/ru\/produkt\/besafe-izi-turn-i-size-turvatool-peak-mesh\/","title":{"rendered":"BeSafe iZi Turn i-Size turvatool, Peak Mesh"},"content":{"rendered":"<h3 data-start=\"108\" data-end=\"178\">BeSafe iZi Turn i-Size \u2013 turvaline ja mugav 360\u00b0 p\u00f6\u00f6rlev turvatool<\/h3>\n<p data-start=\"180\" data-end=\"436\"><strong data-start=\"180\" data-end=\"206\">BeSafe iZi Turn i-Size<\/strong> on kvaliteetne ja kasutajas\u00f5bralik 360\u00b0 p\u00f6\u00f6rlev turvatool, mis teeb igap\u00e4evased autos\u00f5idud lihtsamaks nii lapsele kui vanemale. T\u00e4nu p\u00f6\u00f6rlevale funktsioonile on lapse turvatooli asetamine ja kinnitamine mugav ka kitsastes oludes.<\/p>\n<p data-start=\"438\" data-end=\"649\">Turvatooli saab kasutada nii <strong data-start=\"467\" data-end=\"520\">seljaga s\u00f5idusuunas (soovitatav v\u00f5imalikult kaua)<\/strong> kui ka vajadusel n\u00e4oga s\u00f5idusuunas. See sobib kasutamiseks p\u00e4rast turvah\u00e4lli kuni lapse pikkuseni umbes <strong data-start=\"625\" data-end=\"635\">105 cm<\/strong> (kuni 18 kg).<\/p>\n<p data-start=\"651\" data-end=\"882\">Hingav <strong data-start=\"658\" data-end=\"673\">mesh-kangas<\/strong>, mis on kuni 8\u00d7 \u00f5hku l\u00e4bilaskvam kui tavakangas, tagab lapsele mugavuse ka soojadel suvep\u00e4evadel. Isofix-kinnituss\u00fcsteem koos optiliste ja heliindikaatoritega teeb paigalduse kiireks, lihtsaks ja turvaliseks.<\/p>\n<hr data-start=\"884\" data-end=\"887\" \/>\n<h3 data-start=\"889\" data-end=\"928\">Miks valida BeSafe iZi Turn i-Size?<\/h3>\n<ul data-start=\"930\" data-end=\"1692\">\n<li data-start=\"930\" data-end=\"994\">\n<p data-start=\"932\" data-end=\"994\"><strong data-start=\"932\" data-end=\"953\">360\u00b0 p\u00f6\u00f6rlev iste<\/strong> \u2013 lihtne lapse sisse- ja v\u00e4ljat\u00f5stmine<\/p>\n<\/li>\n<li data-start=\"995\" data-end=\"1053\">\n<p data-start=\"997\" data-end=\"1053\"><strong data-start=\"997\" data-end=\"1039\">Seljaga ja n\u00e4oga s\u00f5idusuunas kasutatav<\/strong> (SSS \/ NSS)<\/p>\n<\/li>\n<li data-start=\"1054\" data-end=\"1114\">\n<p data-start=\"1056\" data-end=\"1114\"><strong data-start=\"1056\" data-end=\"1076\">Isofix-paigaldus<\/strong> \u2013 kiire ja v\u00e4iksema veaohtlikkusega<\/p>\n<\/li>\n<li data-start=\"1115\" data-end=\"1172\">\n<p data-start=\"1117\" data-end=\"1172\"><strong data-start=\"1117\" data-end=\"1132\">Mesh-kangas<\/strong> \u2013 suurep\u00e4rane \u00f5huvahetus kuuma ilmaga<\/p>\n<\/li>\n<li data-start=\"1173\" data-end=\"1255\">\n<p data-start=\"1175\" data-end=\"1255\"><strong data-start=\"1175\" data-end=\"1195\">Two-Fit Cushion\u2122<\/strong> kaheosaline beebisisu pakub lisatuge v\u00e4iksematele lastele<\/p>\n<\/li>\n<li data-start=\"1256\" data-end=\"1328\">\n<p data-start=\"1258\" data-end=\"1328\"><strong data-start=\"1258\" data-end=\"1289\">Universal Level Technology\u2122<\/strong> \u2013 tagab \u00f5ige istumisnurga igas autos<\/p>\n<\/li>\n<li data-start=\"1329\" data-end=\"1393\">\n<p data-start=\"1331\" data-end=\"1393\"><strong data-start=\"1331\" data-end=\"1351\">4 lamamisasendit<\/strong> ja <strong data-start=\"1355\" data-end=\"1391\">6-astmeline reguleeritav peatugi<\/strong><\/p>\n<\/li>\n<li data-start=\"1394\" data-end=\"1484\">\n<p data-start=\"1396\" data-end=\"1484\"><strong data-start=\"1396\" data-end=\"1425\">Magnetic Belt Assistants\u2122<\/strong> hoiavad rihmad eest \u00e4ra ja muudavad kinnitamise mugavaks<\/p>\n<\/li>\n<li data-start=\"1485\" data-end=\"1554\">\n<p data-start=\"1487\" data-end=\"1554\">Sisseehitatud <strong data-start=\"1501\" data-end=\"1532\">k\u00fclgkokkup\u00f5rke kaitse (SIP)<\/strong> + t\u00e4iendav <strong data-start=\"1544\" data-end=\"1552\">SIP+<\/strong><\/p>\n<\/li>\n<li data-start=\"1555\" data-end=\"1630\">\n<p data-start=\"1557\" data-end=\"1630\">Pehme ja kaitsev peatugi koos <strong data-start=\"1587\" data-end=\"1614\">Dynamic Force Absorber\u2122<\/strong> tehnoloogiaga<\/p>\n<\/li>\n<li data-start=\"1631\" data-end=\"1692\">\n<p data-start=\"1633\" data-end=\"1692\">Optimaalne ventilatsioon t\u00e4nu istme tagaosa \u00f5hukanalitele<\/p>\n<\/li>\n<\/ul>\n<hr data-start=\"1694\" data-end=\"1697\" \/>\n<h3 data-start=\"1699\" data-end=\"1734\">Turvalisus ja tehnilised andmed<\/h3>\n<ul data-start=\"1736\" data-end=\"2067\">\n<li data-start=\"1736\" data-end=\"1786\">\n<p data-start=\"1738\" data-end=\"1786\">Lapse pikkus: <strong data-start=\"1752\" data-end=\"1765\">61\u2013105 cm<\/strong> (NSS alates 88 cm)<\/p>\n<\/li>\n<li data-start=\"1787\" data-end=\"1832\">\n<p data-start=\"1789\" data-end=\"1832\">Soovituslik vanus: <strong data-start=\"1808\" data-end=\"1829\">6 kuud \u2013 4 aastat<\/strong>*<\/p>\n<\/li>\n<li data-start=\"1833\" data-end=\"1862\">\n<p data-start=\"1835\" data-end=\"1862\">Paigaldusviis: <strong data-start=\"1850\" data-end=\"1860\">Isofix<\/strong><\/p>\n<\/li>\n<li data-start=\"1863\" data-end=\"1894\">\n<p data-start=\"1865\" data-end=\"1894\">Turvaseadme kaal: <strong data-start=\"1883\" data-end=\"1892\">15 kg<\/strong><\/p>\n<\/li>\n<li data-start=\"1895\" data-end=\"1961\">\n<p data-start=\"1897\" data-end=\"1961\"><strong data-start=\"1897\" data-end=\"1939\">ADAC turvalisuse hinne: 1,5 (v\u00e4ga hea)<\/strong> seljaga s\u00f5idusuunas<\/p>\n<\/li>\n<li data-start=\"1962\" data-end=\"2008\">\n<p data-start=\"1964\" data-end=\"2008\">Vastavus standardile: <strong data-start=\"1986\" data-end=\"2006\">UN R129 (i-Size)<\/strong><\/p>\n<\/li>\n<li data-start=\"2009\" data-end=\"2067\">\n<p data-start=\"2011\" data-end=\"2067\">M\u00f5\u00f5dud: <strong data-start=\"2019\" data-end=\"2038\">44 \u00d7 73 \u00d7 50 cm<\/strong> (peatugi madalaimas asendis)<\/p>\n<\/li>\n<\/ul>\n<p data-start=\"2069\" data-end=\"2191\">*Vanusevahemik on informatiivne ja p\u00f5hineb keskmistel v\u00e4\u00e4rtustel \u2013 tegelik kasutusaeg s\u00f5ltub lapse pikkusest ja arengust.<\/p>\n","protected":false},"excerpt":{"rendered":"<p>BeSafe iZi Turn i-Size \u2013 turvaline ja mugav 360\u00b0 p\u00f6\u00f6rlev turvatool BeSafe iZi Turn i-Size on kvaliteetne ja kasutajas\u00f5bralik 360\u00b0 p\u00f6\u00f6rlev turvatool, mis teeb igap\u00e4evased autos\u00f5idud lihtsamaks nii lapsele kui vanemale. T\u00e4nu p\u00f6\u00f6rlevale funktsioonile on lapse turvatooli asetamine ja kinnitamine mugav ka kitsastes oludes. Turvatooli saab kasutada nii seljaga s\u00f5idusuunas (soovitatav v\u00f5imalikult kaua) kui ka [&hellip;]<\/p>\n","protected":false},"featured_media":510685,"template":"","meta":{"_acf_changed":false},"pwb-brand":[11956],"product_brand":[],"product_cat":[11729,11727,11855,11791],"product_tag":[],"class_list":{"0":"post-459685","1":"product","2":"type-product","3":"status-publish","4":"has-post-thumbnail","6":"pwb-brand-besafe-ru","7":"product_cat-turvatoolid-0-18-kg-ru","8":"product_cat-turvatoolid-hallid-ru","9":"product_cat-sss-turvatoolid-ru","10":"product_cat-turvavarustus-ru","11":"pa_manufacturer-besafe-ru","13":"first","14":"onbackorder","15":"taxable","16":"shipping-taxable","17":"purchasable","18":"product-type-simple"},"exclude_global_add_ons":[],"addons":[],"acf":[],"yoast_head":"<!-- This site is optimized with the Yoast SEO plugin v27.1.1 - https:\/\/yoast.com\/product\/yoast-seo-wordpress\/ -->\n<title>BeSafe turvatool iZi Turn i-Size, Cloud Melange, \u0410\u0432\u0442\u043e\u043a\u0440\u0435\u0441\u043b\u0430, \u043b\u044e\u043b\u044c\u043a\u0438, \u0410\u0432\u0442\u043e\u043a\u0440\u0435\u0441\u043b\u0430 0-18 \u043a\u0433, \u0421\u043d\u0430\u0440\u044f\u0436\u0435\u043d\u0438\u044f \u0431\u0435\u0437\u043e\u043f\u0430\u0441\u043d\u043e\u0441\u0442\u0438, A\u0432\u0442\u043e\u043a\u0440\u0435\u0441\u043b\u043e \u0441\u043f\u0438\u043d\u043e\u0439 \u043f\u043e \u0445\u043e\u0434\u0443, Beebipood<\/title>\n<meta name=\"description\" content=\"BeSafe turvatool iZi Turn i-Size, Cloud Melange, Turvatool p\u00f6\u00f6rleb 360\u00b0, t\u00e4nu millele on lihtne last toolist v\u00e4lja v\u00f5tta\" \/>\n<meta name=\"robots\" content=\"index, follow, max-snippet:-1, max-image-preview:large, max-video-preview:-1\" \/>\n<link rel=\"canonical\" href=\"https:\/\/beebipood.ee\/ru\/produkt\/besafe-izi-turn-i-size-turvatool-peak-mesh\/\" \/>\n<meta property=\"og:locale\" content=\"ru_RU\" \/>\n<meta property=\"og:type\" content=\"article\" \/>\n<meta property=\"og:title\" content=\"BeSafe turvatool iZi Turn i-Size, Cloud Melange, \u0410\u0432\u0442\u043e\u043a\u0440\u0435\u0441\u043b\u0430, \u043b\u044e\u043b\u044c\u043a\u0438, \u0410\u0432\u0442\u043e\u043a\u0440\u0435\u0441\u043b\u0430 0-18 \u043a\u0433, \u0421\u043d\u0430\u0440\u044f\u0436\u0435\u043d\u0438\u044f \u0431\u0435\u0437\u043e\u043f\u0430\u0441\u043d\u043e\u0441\u0442\u0438, A\u0432\u0442\u043e\u043a\u0440\u0435\u0441\u043b\u043e \u0441\u043f\u0438\u043d\u043e\u0439 \u043f\u043e \u0445\u043e\u0434\u0443, Beebipood\" \/>\n<meta property=\"og:description\" content=\"BeSafe turvatool iZi Turn i-Size, Cloud Melange, Turvatool p\u00f6\u00f6rleb 360\u00b0, t\u00e4nu millele on lihtne last toolist v\u00e4lja v\u00f5tta\" \/>\n<meta property=\"og:url\" content=\"https:\/\/beebipood.ee\/ru\/produkt\/besafe-izi-turn-i-size-turvatool-peak-mesh\/\" \/>\n<meta property=\"og:site_name\" content=\"Beebipood\" \/>\n<meta property=\"article:modified_time\" content=\"2026-02-03T12:14:39+00:00\" \/>\n<meta property=\"og:image\" content=\"https:\/\/beebipood.ee\/wp-content\/uploads\/2020\/10\/besafe-izi-turn-i-size-turvatool-peak-mesh.jpg\" \/>\n\t<meta property=\"og:image:width\" content=\"1080\" \/>\n\t<meta property=\"og:image:height\" content=\"1080\" \/>\n\t<meta property=\"og:image:type\" content=\"image\/jpeg\" \/>\n<meta name=\"twitter:card\" content=\"summary_large_image\" \/>\n<meta name=\"twitter:label1\" content=\"\u041f\u0440\u0438\u043c\u0435\u0440\u043d\u043e\u0435 \u0432\u0440\u0435\u043c\u044f \u0434\u043b\u044f \u0447\u0442\u0435\u043d\u0438\u044f\" \/>\n\t<meta name=\"twitter:data1\" content=\"2 \u043c\u0438\u043d\u0443\u0442\u044b\" \/>\n<script type=\"application\/ld+json\" class=\"yoast-schema-graph\">{\"@context\":\"https:\/\/schema.org\",\"@graph\":[{\"@type\":\"WebPage\",\"@id\":\"https:\/\/beebipood.ee\/ru\/produkt\/besafe-izi-turn-i-size-turvatool-peak-mesh\/\",\"url\":\"https:\/\/beebipood.ee\/ru\/produkt\/besafe-izi-turn-i-size-turvatool-peak-mesh\/\",\"name\":\"BeSafe turvatool iZi Turn i-Size, Cloud Melange, \u0410\u0432\u0442\u043e\u043a\u0440\u0435\u0441\u043b\u0430, \u043b\u044e\u043b\u044c\u043a\u0438, \u0410\u0432\u0442\u043e\u043a\u0440\u0435\u0441\u043b\u0430 0-18 \u043a\u0433, \u0421\u043d\u0430\u0440\u044f\u0436\u0435\u043d\u0438\u044f \u0431\u0435\u0437\u043e\u043f\u0430\u0441\u043d\u043e\u0441\u0442\u0438, A\u0432\u0442\u043e\u043a\u0440\u0435\u0441\u043b\u043e \u0441\u043f\u0438\u043d\u043e\u0439 \u043f\u043e \u0445\u043e\u0434\u0443, Beebipood\",\"isPartOf\":{\"@id\":\"https:\/\/beebipood.ee\/ru\/#website\"},\"primaryImageOfPage\":{\"@id\":\"https:\/\/beebipood.ee\/ru\/produkt\/besafe-izi-turn-i-size-turvatool-peak-mesh\/#primaryimage\"},\"image\":{\"@id\":\"https:\/\/beebipood.ee\/ru\/produkt\/besafe-izi-turn-i-size-turvatool-peak-mesh\/#primaryimage\"},\"thumbnailUrl\":\"https:\/\/beebipood.ee\/wp-content\/uploads\/2020\/10\/besafe-izi-turn-i-size-turvatool-peak-mesh.jpg\",\"datePublished\":\"2020-10-16T05:02:26+00:00\",\"dateModified\":\"2026-02-03T12:14:39+00:00\",\"description\":\"BeSafe turvatool iZi Turn i-Size, Cloud Melange, Turvatool p\u00f6\u00f6rleb 360\u00b0, t\u00e4nu millele on lihtne last toolist v\u00e4lja v\u00f5tta\",\"breadcrumb\":{\"@id\":\"https:\/\/beebipood.ee\/ru\/produkt\/besafe-izi-turn-i-size-turvatool-peak-mesh\/#breadcrumb\"},\"inLanguage\":\"ru-RU\",\"potentialAction\":[{\"@type\":\"ReadAction\",\"target\":[\"https:\/\/beebipood.ee\/ru\/produkt\/besafe-izi-turn-i-size-turvatool-peak-mesh\/\"]}]},{\"@type\":\"ImageObject\",\"inLanguage\":\"ru-RU\",\"@id\":\"https:\/\/beebipood.ee\/ru\/produkt\/besafe-izi-turn-i-size-turvatool-peak-mesh\/#primaryimage\",\"url\":\"https:\/\/beebipood.ee\/wp-content\/uploads\/2020\/10\/besafe-izi-turn-i-size-turvatool-peak-mesh.jpg\",\"contentUrl\":\"https:\/\/beebipood.ee\/wp-content\/uploads\/2020\/10\/besafe-izi-turn-i-size-turvatool-peak-mesh.jpg\",\"width\":1080,\"height\":1080},{\"@type\":\"BreadcrumbList\",\"@id\":\"https:\/\/beebipood.ee\/ru\/produkt\/besafe-izi-turn-i-size-turvatool-peak-mesh\/#breadcrumb\",\"itemListElement\":[{\"@type\":\"ListItem\",\"position\":1,\"name\":\"Home\",\"item\":\"https:\/\/beebipood.ee\/ru\/\"},{\"@type\":\"ListItem\",\"position\":2,\"name\":\"\u041a\u0430\u0442\u0430\u043b\u043e\u0433 \u0442\u043e\u0432\u0430\u0440\u043e\u0432\",\"item\":\"https:\/\/beebipood.ee\/tooted\/\"},{\"@type\":\"ListItem\",\"position\":3,\"name\":\"BeSafe iZi Turn i-Size turvatool, Peak Mesh\"}]},{\"@type\":\"WebSite\",\"@id\":\"https:\/\/beebipood.ee\/ru\/#website\",\"url\":\"https:\/\/beebipood.ee\/ru\/\",\"name\":\"Beebipood\",\"description\":\"Lastekaubad, beebikaubad, m\u00e4nguasjad\",\"publisher\":{\"@id\":\"https:\/\/beebipood.ee\/ru\/#organization\"},\"potentialAction\":[{\"@type\":\"SearchAction\",\"target\":{\"@type\":\"EntryPoint\",\"urlTemplate\":\"https:\/\/beebipood.ee\/ru\/?s={search_term_string}\"},\"query-input\":{\"@type\":\"PropertyValueSpecification\",\"valueRequired\":true,\"valueName\":\"search_term_string\"}}],\"inLanguage\":\"ru-RU\"},{\"@type\":\"Organization\",\"@id\":\"https:\/\/beebipood.ee\/ru\/#organization\",\"name\":\"Beebipood\",\"url\":\"https:\/\/beebipood.ee\/ru\/\",\"logo\":{\"@type\":\"ImageObject\",\"inLanguage\":\"ru-RU\",\"@id\":\"https:\/\/beebipood.ee\/ru\/#\/schema\/logo\/image\/\",\"url\":\"https:\/\/beebipood.ee\/wp-content\/uploads\/2025\/03\/beebipood.ee-logo-1.svg\",\"contentUrl\":\"https:\/\/beebipood.ee\/wp-content\/uploads\/2025\/03\/beebipood.ee-logo-1.svg\",\"caption\":\"Beebipood\"},\"image\":{\"@id\":\"https:\/\/beebipood.ee\/ru\/#\/schema\/logo\/image\/\"}}]}<\/script>\n<!-- \/ Yoast SEO plugin. -->","yoast_head_json":{"title":"BeSafe turvatool iZi Turn i-Size, Cloud Melange, \u0410\u0432\u0442\u043e\u043a\u0440\u0435\u0441\u043b\u0430, \u043b\u044e\u043b\u044c\u043a\u0438, \u0410\u0432\u0442\u043e\u043a\u0440\u0435\u0441\u043b\u0430 0-18 \u043a\u0433, \u0421\u043d\u0430\u0440\u044f\u0436\u0435\u043d\u0438\u044f \u0431\u0435\u0437\u043e\u043f\u0430\u0441\u043d\u043e\u0441\u0442\u0438, A\u0432\u0442\u043e\u043a\u0440\u0435\u0441\u043b\u043e \u0441\u043f\u0438\u043d\u043e\u0439 \u043f\u043e \u0445\u043e\u0434\u0443, Beebipood","description":"BeSafe turvatool iZi Turn i-Size, Cloud Melange, Turvatool p\u00f6\u00f6rleb 360\u00b0, t\u00e4nu millele on lihtne last toolist v\u00e4lja v\u00f5tta","robots":{"index":"index","follow":"follow","max-snippet":"max-snippet:-1","max-image-preview":"max-image-preview:large","max-video-preview":"max-video-preview:-1"},"canonical":"https:\/\/beebipood.ee\/ru\/produkt\/besafe-izi-turn-i-size-turvatool-peak-mesh\/","og_locale":"ru_RU","og_type":"article","og_title":"BeSafe turvatool iZi Turn i-Size, Cloud Melange, \u0410\u0432\u0442\u043e\u043a\u0440\u0435\u0441\u043b\u0430, \u043b\u044e\u043b\u044c\u043a\u0438, \u0410\u0432\u0442\u043e\u043a\u0440\u0435\u0441\u043b\u0430 0-18 \u043a\u0433, \u0421\u043d\u0430\u0440\u044f\u0436\u0435\u043d\u0438\u044f \u0431\u0435\u0437\u043e\u043f\u0430\u0441\u043d\u043e\u0441\u0442\u0438, A\u0432\u0442\u043e\u043a\u0440\u0435\u0441\u043b\u043e \u0441\u043f\u0438\u043d\u043e\u0439 \u043f\u043e \u0445\u043e\u0434\u0443, Beebipood","og_description":"BeSafe turvatool iZi Turn i-Size, Cloud Melange, Turvatool p\u00f6\u00f6rleb 360\u00b0, t\u00e4nu millele on lihtne last toolist v\u00e4lja v\u00f5tta","og_url":"https:\/\/beebipood.ee\/ru\/produkt\/besafe-izi-turn-i-size-turvatool-peak-mesh\/","og_site_name":"Beebipood","article_modified_time":"2026-02-03T12:14:39+00:00","og_image":[{"width":1080,"height":1080,"url":"https:\/\/beebipood.ee\/wp-content\/uploads\/2020\/10\/besafe-izi-turn-i-size-turvatool-peak-mesh.jpg","type":"image\/jpeg"}],"twitter_card":"summary_large_image","twitter_misc":{"\u041f\u0440\u0438\u043c\u0435\u0440\u043d\u043e\u0435 \u0432\u0440\u0435\u043c\u044f \u0434\u043b\u044f \u0447\u0442\u0435\u043d\u0438\u044f":"2 \u043c\u0438\u043d\u0443\u0442\u044b"},"schema":{"@context":"https:\/\/schema.org","@graph":[{"@type":"WebPage","@id":"https:\/\/beebipood.ee\/ru\/produkt\/besafe-izi-turn-i-size-turvatool-peak-mesh\/","url":"https:\/\/beebipood.ee\/ru\/produkt\/besafe-izi-turn-i-size-turvatool-peak-mesh\/","name":"BeSafe turvatool iZi Turn i-Size, Cloud Melange, \u0410\u0432\u0442\u043e\u043a\u0440\u0435\u0441\u043b\u0430, \u043b\u044e\u043b\u044c\u043a\u0438, \u0410\u0432\u0442\u043e\u043a\u0440\u0435\u0441\u043b\u0430 0-18 \u043a\u0433, \u0421\u043d\u0430\u0440\u044f\u0436\u0435\u043d\u0438\u044f \u0431\u0435\u0437\u043e\u043f\u0430\u0441\u043d\u043e\u0441\u0442\u0438, A\u0432\u0442\u043e\u043a\u0440\u0435\u0441\u043b\u043e \u0441\u043f\u0438\u043d\u043e\u0439 \u043f\u043e \u0445\u043e\u0434\u0443, Beebipood","isPartOf":{"@id":"https:\/\/beebipood.ee\/ru\/#website"},"primaryImageOfPage":{"@id":"https:\/\/beebipood.ee\/ru\/produkt\/besafe-izi-turn-i-size-turvatool-peak-mesh\/#primaryimage"},"image":{"@id":"https:\/\/beebipood.ee\/ru\/produkt\/besafe-izi-turn-i-size-turvatool-peak-mesh\/#primaryimage"},"thumbnailUrl":"https:\/\/beebipood.ee\/wp-content\/uploads\/2020\/10\/besafe-izi-turn-i-size-turvatool-peak-mesh.jpg","datePublished":"2020-10-16T05:02:26+00:00","dateModified":"2026-02-03T12:14:39+00:00","description":"BeSafe turvatool iZi Turn i-Size, Cloud Melange, Turvatool p\u00f6\u00f6rleb 360\u00b0, t\u00e4nu millele on lihtne last toolist v\u00e4lja v\u00f5tta","breadcrumb":{"@id":"https:\/\/beebipood.ee\/ru\/produkt\/besafe-izi-turn-i-size-turvatool-peak-mesh\/#breadcrumb"},"inLanguage":"ru-RU","potentialAction":[{"@type":"ReadAction","target":["https:\/\/beebipood.ee\/ru\/produkt\/besafe-izi-turn-i-size-turvatool-peak-mesh\/"]}]},{"@type":"ImageObject","inLanguage":"ru-RU","@id":"https:\/\/beebipood.ee\/ru\/produkt\/besafe-izi-turn-i-size-turvatool-peak-mesh\/#primaryimage","url":"https:\/\/beebipood.ee\/wp-content\/uploads\/2020\/10\/besafe-izi-turn-i-size-turvatool-peak-mesh.jpg","contentUrl":"https:\/\/beebipood.ee\/wp-content\/uploads\/2020\/10\/besafe-izi-turn-i-size-turvatool-peak-mesh.jpg","width":1080,"height":1080},{"@type":"BreadcrumbList","@id":"https:\/\/beebipood.ee\/ru\/produkt\/besafe-izi-turn-i-size-turvatool-peak-mesh\/#breadcrumb","itemListElement":[{"@type":"ListItem","position":1,"name":"Home","item":"https:\/\/beebipood.ee\/ru\/"},{"@type":"ListItem","position":2,"name":"\u041a\u0430\u0442\u0430\u043b\u043e\u0433 \u0442\u043e\u0432\u0430\u0440\u043e\u0432","item":"https:\/\/beebipood.ee\/tooted\/"},{"@type":"ListItem","position":3,"name":"BeSafe iZi Turn i-Size turvatool, Peak Mesh"}]},{"@type":"WebSite","@id":"https:\/\/beebipood.ee\/ru\/#website","url":"https:\/\/beebipood.ee\/ru\/","name":"Beebipood","description":"Lastekaubad, beebikaubad, m\u00e4nguasjad","publisher":{"@id":"https:\/\/beebipood.ee\/ru\/#organization"},"potentialAction":[{"@type":"SearchAction","target":{"@type":"EntryPoint","urlTemplate":"https:\/\/beebipood.ee\/ru\/?s={search_term_string}"},"query-input":{"@type":"PropertyValueSpecification","valueRequired":true,"valueName":"search_term_string"}}],"inLanguage":"ru-RU"},{"@type":"Organization","@id":"https:\/\/beebipood.ee\/ru\/#organization","name":"Beebipood","url":"https:\/\/beebipood.ee\/ru\/","logo":{"@type":"ImageObject","inLanguage":"ru-RU","@id":"https:\/\/beebipood.ee\/ru\/#\/schema\/logo\/image\/","url":"https:\/\/beebipood.ee\/wp-content\/uploads\/2025\/03\/beebipood.ee-logo-1.svg","contentUrl":"https:\/\/beebipood.ee\/wp-content\/uploads\/2025\/03\/beebipood.ee-logo-1.svg","caption":"Beebipood"},"image":{"@id":"https:\/\/beebipood.ee\/ru\/#\/schema\/logo\/image\/"}}]}},"brands":[{"id":11956,"name":"BeSafe","slug":"besafe-ru"}],"_links":{"self":[{"href":"https:\/\/beebipood.ee\/ru\/wp-json\/wp\/v2\/product\/459685","targetHints":{"allow":["GET"]}}],"collection":[{"href":"https:\/\/beebipood.ee\/ru\/wp-json\/wp\/v2\/product"}],"about":[{"href":"https:\/\/beebipood.ee\/ru\/wp-json\/wp\/v2\/types\/product"}],"wp:featuredmedia":[{"embeddable":true,"href":"https:\/\/beebipood.ee\/ru\/wp-json\/wp\/v2\/media\/510685"}],"wp:attachment":[{"href":"https:\/\/beebipood.ee\/ru\/wp-json\/wp\/v2\/media?parent=459685"}],"wp:term":[{"taxonomy":"pwb-brand","embeddable":true,"href":"https:\/\/beebipood.ee\/ru\/wp-json\/wp\/v2\/pwb-brand?post=459685"},{"taxonomy":"product_brand","embeddable":true,"href":"https:\/\/beebipood.ee\/ru\/wp-json\/wp\/v2\/product_brand?post=459685"},{"taxonomy":"product_cat","embeddable":true,"href":"https:\/\/beebipood.ee\/ru\/wp-json\/wp\/v2\/product_cat?post=459685"},{"taxonomy":"product_tag","embeddable":true,"href":"https:\/\/beebipood.ee\/ru\/wp-json\/wp\/v2\/product_tag?post=459685"}],"curies":[{"name":"wp","href":"https:\/\/api.w.org\/{rel}","templated":true}]}}