{"id":459701,"date":"2020-10-21T10:05:53","date_gmt":"2020-10-21T07:05:53","guid":{"rendered":"https:\/\/beebipood.ee\/toode\/memi-meriinovillane-kootud-tekk-beebile-baby-blue\/"},"modified":"2025-03-04T11:16:22","modified_gmt":"2025-03-04T09:16:22","slug":"memi-meriinovillane-kootud-tekk-beebile-baby-blue","status":"publish","type":"product","link":"https:\/\/beebipood.ee\/ru\/produkt\/memi-meriinovillane-kootud-tekk-beebile-baby-blue\/","title":{"rendered":"MEMI meriinovillane kootud tekk beebile, baby blue"},"content":{"rendered":"<p>Kirjeldus<\/p>\n<p>100% meriinovillast tekk lastele.<br \/>Miks valida meriinovillane tekk?<br \/>V\u00f5rreldes teiste villasortidega on meriinovilla kiud pikad ja erakordselt <br \/>peenikesed, mis muudavad sellest valmistatud toote eriti pehmeks. <br \/>T\u00e4nu oma pehmusele sobib meriinovill ideaalselt \u00f5rna naha vastu, <br \/>see ei torgi ega aja nahka s\u00fcgelema.<br \/>T\u00e4nu termoregulatoorsetele omadustele aitab vill reguleerida kehatemperatuuri, <br \/>pakkudes k\u00fclma korral sooja ja sooja korral jahutust. Sooja ilmaga imab see liigse <br \/>niiskuse endasse (meriinovill on suuteline imama niiskust kuni 33% oma kaalust), <br \/>aurustades selle \u00f5hku ning j\u00e4ttes nahale kuiva tunde.<br \/>M\u00f5\u00f5dud: 80*100cm<br \/>Koostis: 100% meriinovill<br \/>Pese tekki villapesu programmiga, \u00e4ra kasuta kuivatamiseks radiaatorit.<\/p>\n","protected":false},"excerpt":{"rendered":"<p>Kirjeldus 100% meriinovillast tekk lastele.Miks valida meriinovillane tekk?V\u00f5rreldes teiste villasortidega on meriinovilla kiud pikad ja erakordselt peenikesed, mis muudavad sellest valmistatud toote eriti pehmeks. T\u00e4nu oma pehmusele sobib meriinovill ideaalselt \u00f5rna naha vastu, see ei torgi ega aja nahka s\u00fcgelema.T\u00e4nu termoregulatoorsetele omadustele aitab vill reguleerida kehatemperatuuri, pakkudes k\u00fclma korral sooja ja sooja korral jahutust. Sooja [&hellip;]<\/p>\n","protected":false},"featured_media":136878,"template":"","meta":{"_acf_changed":false},"pwb-brand":[11973],"product_brand":[],"product_cat":[11613,11763,11789],"product_tag":[],"class_list":{"0":"post-459701","1":"product","2":"type-product","3":"status-publish","4":"has-post-thumbnail","6":"pwb-brand-memi-ru","7":"product_cat-voodipesu-ru","8":"product_cat-tekid-padjad-lisad-ru","9":"product_cat-lastemoobel-ja-sisustus-ru","10":"pa_manufacturer-memi-ru","12":"first","13":"outofstock","14":"taxable","15":"shipping-taxable","16":"purchasable","17":"product-type-simple"},"exclude_global_add_ons":[],"addons":[],"acf":[],"yoast_head":"<!-- This site is optimized with the Yoast SEO plugin v27.1.1 - https:\/\/yoast.com\/product\/yoast-seo-wordpress\/ -->\n<title>MEMI meriinovillane kootud tekk beebile, baby blue, \u041f\u043e\u0441\u0442\u0435\u043b\u044c\u043d\u043e\u0435 \u0431\u0435\u043b\u044c\u0435, \u041e\u0434\u0435\u044f\u043b\u0430, \u043f\u043e\u0434\u0443\u0448\u043a\u0438, \u0434\u043e\u043f\u043e\u043b\u043d\u0435\u043d\u0438\u044f, M\u0435\u0431\u0435\u043b\u044c, Beebipood<\/title>\n<meta name=\"description\" content=\"MEMI meriinovillane kootud tekk beebile, baby blue, Kirjeldus 100% meriinovillast tekk lastele.Miks valida meriinovillane tekk?V&otilde;r\" \/>\n<meta name=\"robots\" content=\"index, follow, max-snippet:-1, max-image-preview:large, max-video-preview:-1\" \/>\n<link rel=\"canonical\" href=\"https:\/\/beebipood.ee\/ru\/produkt\/memi-meriinovillane-kootud-tekk-beebile-baby-blue\/\" \/>\n<meta property=\"og:locale\" content=\"ru_RU\" \/>\n<meta property=\"og:type\" content=\"article\" \/>\n<meta property=\"og:title\" content=\"MEMI meriinovillane kootud tekk beebile, baby blue, \u041f\u043e\u0441\u0442\u0435\u043b\u044c\u043d\u043e\u0435 \u0431\u0435\u043b\u044c\u0435, \u041e\u0434\u0435\u044f\u043b\u0430, \u043f\u043e\u0434\u0443\u0448\u043a\u0438, \u0434\u043e\u043f\u043e\u043b\u043d\u0435\u043d\u0438\u044f, M\u0435\u0431\u0435\u043b\u044c, Beebipood\" \/>\n<meta property=\"og:description\" content=\"MEMI meriinovillane kootud tekk beebile, baby blue, Kirjeldus 100% meriinovillast tekk lastele.Miks valida meriinovillane tekk?V&otilde;r\" \/>\n<meta property=\"og:url\" content=\"https:\/\/beebipood.ee\/ru\/produkt\/memi-meriinovillane-kootud-tekk-beebile-baby-blue\/\" \/>\n<meta property=\"og:site_name\" content=\"Beebipood\" \/>\n<meta property=\"article:modified_time\" content=\"2025-03-04T09:16:22+00:00\" \/>\n<meta property=\"og:image\" content=\"https:\/\/beebipood.ee\/wp-content\/uploads\/2020\/10\/MEMI-meriinovillane-kootud-tekk-beebile-baby-blue-Voodipesu-Tekid-padjad-lisad-Lastemoobel-ja-sisustus_1-058.jpg\" \/>\n\t<meta property=\"og:image:width\" content=\"1000\" \/>\n\t<meta property=\"og:image:height\" content=\"667\" \/>\n\t<meta property=\"og:image:type\" content=\"image\/jpeg\" \/>\n<meta name=\"twitter:card\" content=\"summary_large_image\" \/>\n<script type=\"application\/ld+json\" class=\"yoast-schema-graph\">{\"@context\":\"https:\/\/schema.org\",\"@graph\":[{\"@type\":\"WebPage\",\"@id\":\"https:\/\/beebipood.ee\/ru\/produkt\/memi-meriinovillane-kootud-tekk-beebile-baby-blue\/\",\"url\":\"https:\/\/beebipood.ee\/ru\/produkt\/memi-meriinovillane-kootud-tekk-beebile-baby-blue\/\",\"name\":\"MEMI meriinovillane kootud tekk beebile, baby blue, \u041f\u043e\u0441\u0442\u0435\u043b\u044c\u043d\u043e\u0435 \u0431\u0435\u043b\u044c\u0435, \u041e\u0434\u0435\u044f\u043b\u0430, \u043f\u043e\u0434\u0443\u0448\u043a\u0438, \u0434\u043e\u043f\u043e\u043b\u043d\u0435\u043d\u0438\u044f, M\u0435\u0431\u0435\u043b\u044c, Beebipood\",\"isPartOf\":{\"@id\":\"https:\/\/beebipood.ee\/ru\/#website\"},\"primaryImageOfPage\":{\"@id\":\"https:\/\/beebipood.ee\/ru\/produkt\/memi-meriinovillane-kootud-tekk-beebile-baby-blue\/#primaryimage\"},\"image\":{\"@id\":\"https:\/\/beebipood.ee\/ru\/produkt\/memi-meriinovillane-kootud-tekk-beebile-baby-blue\/#primaryimage\"},\"thumbnailUrl\":\"https:\/\/beebipood.ee\/wp-content\/uploads\/2020\/10\/MEMI-meriinovillane-kootud-tekk-beebile-baby-blue-Voodipesu-Tekid-padjad-lisad-Lastemoobel-ja-sisustus_1-058.jpg\",\"datePublished\":\"2020-10-21T07:05:53+00:00\",\"dateModified\":\"2025-03-04T09:16:22+00:00\",\"description\":\"MEMI meriinovillane kootud tekk beebile, baby blue, Kirjeldus 100% meriinovillast tekk lastele.Miks valida meriinovillane tekk?V&otilde;r\",\"breadcrumb\":{\"@id\":\"https:\/\/beebipood.ee\/ru\/produkt\/memi-meriinovillane-kootud-tekk-beebile-baby-blue\/#breadcrumb\"},\"inLanguage\":\"ru-RU\",\"potentialAction\":[{\"@type\":\"ReadAction\",\"target\":[\"https:\/\/beebipood.ee\/ru\/produkt\/memi-meriinovillane-kootud-tekk-beebile-baby-blue\/\"]}]},{\"@type\":\"ImageObject\",\"inLanguage\":\"ru-RU\",\"@id\":\"https:\/\/beebipood.ee\/ru\/produkt\/memi-meriinovillane-kootud-tekk-beebile-baby-blue\/#primaryimage\",\"url\":\"https:\/\/beebipood.ee\/wp-content\/uploads\/2020\/10\/MEMI-meriinovillane-kootud-tekk-beebile-baby-blue-Voodipesu-Tekid-padjad-lisad-Lastemoobel-ja-sisustus_1-058.jpg\",\"contentUrl\":\"https:\/\/beebipood.ee\/wp-content\/uploads\/2020\/10\/MEMI-meriinovillane-kootud-tekk-beebile-baby-blue-Voodipesu-Tekid-padjad-lisad-Lastemoobel-ja-sisustus_1-058.jpg\",\"width\":1000,\"height\":667},{\"@type\":\"BreadcrumbList\",\"@id\":\"https:\/\/beebipood.ee\/ru\/produkt\/memi-meriinovillane-kootud-tekk-beebile-baby-blue\/#breadcrumb\",\"itemListElement\":[{\"@type\":\"ListItem\",\"position\":1,\"name\":\"Home\",\"item\":\"https:\/\/beebipood.ee\/ru\/\"},{\"@type\":\"ListItem\",\"position\":2,\"name\":\"\u041a\u0430\u0442\u0430\u043b\u043e\u0433 \u0442\u043e\u0432\u0430\u0440\u043e\u0432\",\"item\":\"https:\/\/beebipood.ee\/tooted\/\"},{\"@type\":\"ListItem\",\"position\":3,\"name\":\"MEMI meriinovillane kootud tekk beebile, baby blue\"}]},{\"@type\":\"WebSite\",\"@id\":\"https:\/\/beebipood.ee\/ru\/#website\",\"url\":\"https:\/\/beebipood.ee\/ru\/\",\"name\":\"Beebipood\",\"description\":\"Lastekaubad, beebikaubad, m\u00e4nguasjad\",\"publisher\":{\"@id\":\"https:\/\/beebipood.ee\/ru\/#organization\"},\"potentialAction\":[{\"@type\":\"SearchAction\",\"target\":{\"@type\":\"EntryPoint\",\"urlTemplate\":\"https:\/\/beebipood.ee\/ru\/?s={search_term_string}\"},\"query-input\":{\"@type\":\"PropertyValueSpecification\",\"valueRequired\":true,\"valueName\":\"search_term_string\"}}],\"inLanguage\":\"ru-RU\"},{\"@type\":\"Organization\",\"@id\":\"https:\/\/beebipood.ee\/ru\/#organization\",\"name\":\"Beebipood\",\"url\":\"https:\/\/beebipood.ee\/ru\/\",\"logo\":{\"@type\":\"ImageObject\",\"inLanguage\":\"ru-RU\",\"@id\":\"https:\/\/beebipood.ee\/ru\/#\/schema\/logo\/image\/\",\"url\":\"https:\/\/beebipood.ee\/wp-content\/uploads\/2025\/03\/beebipood.ee-logo-1.svg\",\"contentUrl\":\"https:\/\/beebipood.ee\/wp-content\/uploads\/2025\/03\/beebipood.ee-logo-1.svg\",\"caption\":\"Beebipood\"},\"image\":{\"@id\":\"https:\/\/beebipood.ee\/ru\/#\/schema\/logo\/image\/\"}}]}<\/script>\n<!-- \/ Yoast SEO plugin. -->","yoast_head_json":{"title":"MEMI meriinovillane kootud tekk beebile, baby blue, \u041f\u043e\u0441\u0442\u0435\u043b\u044c\u043d\u043e\u0435 \u0431\u0435\u043b\u044c\u0435, \u041e\u0434\u0435\u044f\u043b\u0430, \u043f\u043e\u0434\u0443\u0448\u043a\u0438, \u0434\u043e\u043f\u043e\u043b\u043d\u0435\u043d\u0438\u044f, M\u0435\u0431\u0435\u043b\u044c, Beebipood","description":"MEMI meriinovillane kootud tekk beebile, baby blue, Kirjeldus 100% meriinovillast tekk lastele.Miks valida meriinovillane tekk?V&otilde;r","robots":{"index":"index","follow":"follow","max-snippet":"max-snippet:-1","max-image-preview":"max-image-preview:large","max-video-preview":"max-video-preview:-1"},"canonical":"https:\/\/beebipood.ee\/ru\/produkt\/memi-meriinovillane-kootud-tekk-beebile-baby-blue\/","og_locale":"ru_RU","og_type":"article","og_title":"MEMI meriinovillane kootud tekk beebile, baby blue, \u041f\u043e\u0441\u0442\u0435\u043b\u044c\u043d\u043e\u0435 \u0431\u0435\u043b\u044c\u0435, \u041e\u0434\u0435\u044f\u043b\u0430, \u043f\u043e\u0434\u0443\u0448\u043a\u0438, \u0434\u043e\u043f\u043e\u043b\u043d\u0435\u043d\u0438\u044f, M\u0435\u0431\u0435\u043b\u044c, Beebipood","og_description":"MEMI meriinovillane kootud tekk beebile, baby blue, Kirjeldus 100% meriinovillast tekk lastele.Miks valida meriinovillane tekk?V&otilde;r","og_url":"https:\/\/beebipood.ee\/ru\/produkt\/memi-meriinovillane-kootud-tekk-beebile-baby-blue\/","og_site_name":"Beebipood","article_modified_time":"2025-03-04T09:16:22+00:00","og_image":[{"width":1000,"height":667,"url":"https:\/\/beebipood.ee\/wp-content\/uploads\/2020\/10\/MEMI-meriinovillane-kootud-tekk-beebile-baby-blue-Voodipesu-Tekid-padjad-lisad-Lastemoobel-ja-sisustus_1-058.jpg","type":"image\/jpeg"}],"twitter_card":"summary_large_image","schema":{"@context":"https:\/\/schema.org","@graph":[{"@type":"WebPage","@id":"https:\/\/beebipood.ee\/ru\/produkt\/memi-meriinovillane-kootud-tekk-beebile-baby-blue\/","url":"https:\/\/beebipood.ee\/ru\/produkt\/memi-meriinovillane-kootud-tekk-beebile-baby-blue\/","name":"MEMI meriinovillane kootud tekk beebile, baby blue, \u041f\u043e\u0441\u0442\u0435\u043b\u044c\u043d\u043e\u0435 \u0431\u0435\u043b\u044c\u0435, \u041e\u0434\u0435\u044f\u043b\u0430, \u043f\u043e\u0434\u0443\u0448\u043a\u0438, \u0434\u043e\u043f\u043e\u043b\u043d\u0435\u043d\u0438\u044f, M\u0435\u0431\u0435\u043b\u044c, Beebipood","isPartOf":{"@id":"https:\/\/beebipood.ee\/ru\/#website"},"primaryImageOfPage":{"@id":"https:\/\/beebipood.ee\/ru\/produkt\/memi-meriinovillane-kootud-tekk-beebile-baby-blue\/#primaryimage"},"image":{"@id":"https:\/\/beebipood.ee\/ru\/produkt\/memi-meriinovillane-kootud-tekk-beebile-baby-blue\/#primaryimage"},"thumbnailUrl":"https:\/\/beebipood.ee\/wp-content\/uploads\/2020\/10\/MEMI-meriinovillane-kootud-tekk-beebile-baby-blue-Voodipesu-Tekid-padjad-lisad-Lastemoobel-ja-sisustus_1-058.jpg","datePublished":"2020-10-21T07:05:53+00:00","dateModified":"2025-03-04T09:16:22+00:00","description":"MEMI meriinovillane kootud tekk beebile, baby blue, Kirjeldus 100% meriinovillast tekk lastele.Miks valida meriinovillane tekk?V&otilde;r","breadcrumb":{"@id":"https:\/\/beebipood.ee\/ru\/produkt\/memi-meriinovillane-kootud-tekk-beebile-baby-blue\/#breadcrumb"},"inLanguage":"ru-RU","potentialAction":[{"@type":"ReadAction","target":["https:\/\/beebipood.ee\/ru\/produkt\/memi-meriinovillane-kootud-tekk-beebile-baby-blue\/"]}]},{"@type":"ImageObject","inLanguage":"ru-RU","@id":"https:\/\/beebipood.ee\/ru\/produkt\/memi-meriinovillane-kootud-tekk-beebile-baby-blue\/#primaryimage","url":"https:\/\/beebipood.ee\/wp-content\/uploads\/2020\/10\/MEMI-meriinovillane-kootud-tekk-beebile-baby-blue-Voodipesu-Tekid-padjad-lisad-Lastemoobel-ja-sisustus_1-058.jpg","contentUrl":"https:\/\/beebipood.ee\/wp-content\/uploads\/2020\/10\/MEMI-meriinovillane-kootud-tekk-beebile-baby-blue-Voodipesu-Tekid-padjad-lisad-Lastemoobel-ja-sisustus_1-058.jpg","width":1000,"height":667},{"@type":"BreadcrumbList","@id":"https:\/\/beebipood.ee\/ru\/produkt\/memi-meriinovillane-kootud-tekk-beebile-baby-blue\/#breadcrumb","itemListElement":[{"@type":"ListItem","position":1,"name":"Home","item":"https:\/\/beebipood.ee\/ru\/"},{"@type":"ListItem","position":2,"name":"\u041a\u0430\u0442\u0430\u043b\u043e\u0433 \u0442\u043e\u0432\u0430\u0440\u043e\u0432","item":"https:\/\/beebipood.ee\/tooted\/"},{"@type":"ListItem","position":3,"name":"MEMI meriinovillane kootud tekk beebile, baby blue"}]},{"@type":"WebSite","@id":"https:\/\/beebipood.ee\/ru\/#website","url":"https:\/\/beebipood.ee\/ru\/","name":"Beebipood","description":"Lastekaubad, beebikaubad, m\u00e4nguasjad","publisher":{"@id":"https:\/\/beebipood.ee\/ru\/#organization"},"potentialAction":[{"@type":"SearchAction","target":{"@type":"EntryPoint","urlTemplate":"https:\/\/beebipood.ee\/ru\/?s={search_term_string}"},"query-input":{"@type":"PropertyValueSpecification","valueRequired":true,"valueName":"search_term_string"}}],"inLanguage":"ru-RU"},{"@type":"Organization","@id":"https:\/\/beebipood.ee\/ru\/#organization","name":"Beebipood","url":"https:\/\/beebipood.ee\/ru\/","logo":{"@type":"ImageObject","inLanguage":"ru-RU","@id":"https:\/\/beebipood.ee\/ru\/#\/schema\/logo\/image\/","url":"https:\/\/beebipood.ee\/wp-content\/uploads\/2025\/03\/beebipood.ee-logo-1.svg","contentUrl":"https:\/\/beebipood.ee\/wp-content\/uploads\/2025\/03\/beebipood.ee-logo-1.svg","caption":"Beebipood"},"image":{"@id":"https:\/\/beebipood.ee\/ru\/#\/schema\/logo\/image\/"}}]}},"brands":[{"id":11973,"name":"MEMI","slug":"memi-ru"}],"_links":{"self":[{"href":"https:\/\/beebipood.ee\/ru\/wp-json\/wp\/v2\/product\/459701","targetHints":{"allow":["GET"]}}],"collection":[{"href":"https:\/\/beebipood.ee\/ru\/wp-json\/wp\/v2\/product"}],"about":[{"href":"https:\/\/beebipood.ee\/ru\/wp-json\/wp\/v2\/types\/product"}],"wp:featuredmedia":[{"embeddable":true,"href":"https:\/\/beebipood.ee\/ru\/wp-json\/wp\/v2\/media\/136878"}],"wp:attachment":[{"href":"https:\/\/beebipood.ee\/ru\/wp-json\/wp\/v2\/media?parent=459701"}],"wp:term":[{"taxonomy":"pwb-brand","embeddable":true,"href":"https:\/\/beebipood.ee\/ru\/wp-json\/wp\/v2\/pwb-brand?post=459701"},{"taxonomy":"product_brand","embeddable":true,"href":"https:\/\/beebipood.ee\/ru\/wp-json\/wp\/v2\/product_brand?post=459701"},{"taxonomy":"product_cat","embeddable":true,"href":"https:\/\/beebipood.ee\/ru\/wp-json\/wp\/v2\/product_cat?post=459701"},{"taxonomy":"product_tag","embeddable":true,"href":"https:\/\/beebipood.ee\/ru\/wp-json\/wp\/v2\/product_tag?post=459701"}],"curies":[{"name":"wp","href":"https:\/\/api.w.org\/{rel}","templated":true}]}}