{"id":459705,"date":"2020-10-21T11:02:26","date_gmt":"2020-10-21T08:02:26","guid":{"rendered":"https:\/\/beebipood.ee\/toode\/memi-kootud-bambustekk-chain-light-beige\/"},"modified":"2025-03-04T11:16:37","modified_gmt":"2025-03-04T09:16:37","slug":"memi-kootud-bambustekk-chain-light-beige","status":"publish","type":"product","link":"https:\/\/beebipood.ee\/ru\/produkt\/memi-kootud-bambustekk-chain-light-beige\/","title":{"rendered":"MEMI kootud bambustekk chain, Light Beige"},"content":{"rendered":"<p>Astaringseks kasutamiseks pehme ja hingav bambusest-puuvillast tekk<br \/>on kujundatud minimalistlikus Skandinaavia stiilis.<br \/>Kootud looduslikust puuvillast ja bambusest.<br \/>Ideaalne beebidele ja v\u00e4ikelastele.<br \/>Imab t\u00f5husalt niiskust ja hoiab seda lapse nahast eemal.<br \/>T\u00e4nu termoregulatsiooniomadustele hoiab tekk \u00f5iget temperatuuri<br \/>ja kaitseb \u00fclekuumenemise eest.<br \/>Meie l\u00f5ngale kuulub STANDARD 100 by OEKO-TEX -sertifikaat \u2013 I klass,<br \/>mis kinnitab toote ohutust k\u00f5ige noorematele lastele.<br \/>Ideaalne katsikukingitus igale emale.<br \/>Kasutada saab seda v\u00f5revoodis, \u00f5ues pikkadel jautusk\u00e4ikudel ja ka autos.<br \/>T\u00e4nu oma suurusele saab seda kasutada aastaid.<br \/>Suurus: 80\u00d7100 (+\/- 4cm)<br \/>Koostis: 50% CV bambus, 50% puuvill<br \/>Hooldusjuhend: masinpesu max. 30\u00baC.<br \/>Kasutage k\u00e4sitsi pesemise asemel pigem \u00f5rna pesuts\u00fcklit.<br \/>\u00c4rge kasutage pleegitajat ega kloori.<br \/>Peske sarnaste v\u00e4rvidega.<br \/>Trummelkuivati v\u00f5ib kiudaineid h\u00e4vitada.<br \/>\u00c4rge triikige.<\/p>\n","protected":false},"excerpt":{"rendered":"<p>Astaringseks kasutamiseks pehme ja hingav bambusest-puuvillast tekkon kujundatud minimalistlikus Skandinaavia stiilis.Kootud looduslikust puuvillast ja bambusest.Ideaalne beebidele ja v\u00e4ikelastele.Imab t\u00f5husalt niiskust ja hoiab seda lapse nahast eemal.T\u00e4nu termoregulatsiooniomadustele hoiab tekk \u00f5iget temperatuurija kaitseb \u00fclekuumenemise eest.Meie l\u00f5ngale kuulub STANDARD 100 by OEKO-TEX -sertifikaat \u2013 I klass,mis kinnitab toote ohutust k\u00f5ige noorematele lastele.Ideaalne katsikukingitus igale emale.Kasutada saab seda [&hellip;]<\/p>\n","protected":false},"featured_media":136890,"template":"","meta":{"_acf_changed":false},"pwb-brand":[11973],"product_brand":[],"product_cat":[11613,11763,11789],"product_tag":[],"class_list":{"0":"post-459705","1":"product","2":"type-product","3":"status-publish","4":"has-post-thumbnail","6":"pwb-brand-memi-ru","7":"product_cat-voodipesu-ru","8":"product_cat-tekid-padjad-lisad-ru","9":"product_cat-lastemoobel-ja-sisustus-ru","10":"pa_manufacturer-memi-ru","12":"first","13":"instock","14":"taxable","15":"shipping-taxable","16":"purchasable","17":"product-type-simple"},"exclude_global_add_ons":[],"addons":[],"acf":[],"yoast_head":"<!-- This site is optimized with the Yoast SEO plugin v27.1.1 - https:\/\/yoast.com\/product\/yoast-seo-wordpress\/ -->\n<title>MEMI kootud bambustekk chain, Light Beige, \u041f\u043e\u0441\u0442\u0435\u043b\u044c\u043d\u043e\u0435 \u0431\u0435\u043b\u044c\u0435, \u041e\u0434\u0435\u044f\u043b\u0430, \u043f\u043e\u0434\u0443\u0448\u043a\u0438, \u0434\u043e\u043f\u043e\u043b\u043d\u0435\u043d\u0438\u044f, M\u0435\u0431\u0435\u043b\u044c, Beebipood<\/title>\n<meta name=\"description\" content=\"MEMI kootud bambustekk chain, Light Beige, Astaringseks kasutamiseks pehme ja hingav bambusest-puuvillast tekkon kujundatud minimalistlikus Skandinaavi\" \/>\n<meta name=\"robots\" content=\"index, follow, max-snippet:-1, max-image-preview:large, max-video-preview:-1\" \/>\n<link rel=\"canonical\" href=\"https:\/\/beebipood.ee\/ru\/produkt\/memi-kootud-bambustekk-chain-light-beige\/\" \/>\n<meta property=\"og:locale\" content=\"ru_RU\" \/>\n<meta property=\"og:type\" content=\"article\" \/>\n<meta property=\"og:title\" content=\"MEMI kootud bambustekk chain, Light Beige, \u041f\u043e\u0441\u0442\u0435\u043b\u044c\u043d\u043e\u0435 \u0431\u0435\u043b\u044c\u0435, \u041e\u0434\u0435\u044f\u043b\u0430, \u043f\u043e\u0434\u0443\u0448\u043a\u0438, \u0434\u043e\u043f\u043e\u043b\u043d\u0435\u043d\u0438\u044f, M\u0435\u0431\u0435\u043b\u044c, Beebipood\" \/>\n<meta property=\"og:description\" content=\"MEMI kootud bambustekk chain, Light Beige, Astaringseks kasutamiseks pehme ja hingav bambusest-puuvillast tekkon kujundatud minimalistlikus Skandinaavi\" \/>\n<meta property=\"og:url\" content=\"https:\/\/beebipood.ee\/ru\/produkt\/memi-kootud-bambustekk-chain-light-beige\/\" \/>\n<meta property=\"og:site_name\" content=\"Beebipood\" \/>\n<meta property=\"article:modified_time\" content=\"2025-03-04T09:16:37+00:00\" \/>\n<meta property=\"og:image\" content=\"https:\/\/beebipood.ee\/wp-content\/uploads\/2020\/10\/MEMI-kootud-bambustekk-chain-Light-Beige-Voodipesu-Tekid-padjad-lisad-Lastemoobel-ja-sisustus_1-468.jpg\" \/>\n\t<meta property=\"og:image:width\" content=\"960\" \/>\n\t<meta property=\"og:image:height\" content=\"640\" \/>\n\t<meta property=\"og:image:type\" content=\"image\/jpeg\" \/>\n<meta name=\"twitter:card\" content=\"summary_large_image\" \/>\n<meta name=\"twitter:label1\" content=\"\u041f\u0440\u0438\u043c\u0435\u0440\u043d\u043e\u0435 \u0432\u0440\u0435\u043c\u044f \u0434\u043b\u044f \u0447\u0442\u0435\u043d\u0438\u044f\" \/>\n\t<meta name=\"twitter:data1\" content=\"1 \u043c\u0438\u043d\u0443\u0442\u0430\" \/>\n<script type=\"application\/ld+json\" class=\"yoast-schema-graph\">{\"@context\":\"https:\/\/schema.org\",\"@graph\":[{\"@type\":\"WebPage\",\"@id\":\"https:\/\/beebipood.ee\/ru\/produkt\/memi-kootud-bambustekk-chain-light-beige\/\",\"url\":\"https:\/\/beebipood.ee\/ru\/produkt\/memi-kootud-bambustekk-chain-light-beige\/\",\"name\":\"MEMI kootud bambustekk chain, Light Beige, \u041f\u043e\u0441\u0442\u0435\u043b\u044c\u043d\u043e\u0435 \u0431\u0435\u043b\u044c\u0435, \u041e\u0434\u0435\u044f\u043b\u0430, \u043f\u043e\u0434\u0443\u0448\u043a\u0438, \u0434\u043e\u043f\u043e\u043b\u043d\u0435\u043d\u0438\u044f, M\u0435\u0431\u0435\u043b\u044c, Beebipood\",\"isPartOf\":{\"@id\":\"https:\/\/beebipood.ee\/ru\/#website\"},\"primaryImageOfPage\":{\"@id\":\"https:\/\/beebipood.ee\/ru\/produkt\/memi-kootud-bambustekk-chain-light-beige\/#primaryimage\"},\"image\":{\"@id\":\"https:\/\/beebipood.ee\/ru\/produkt\/memi-kootud-bambustekk-chain-light-beige\/#primaryimage\"},\"thumbnailUrl\":\"https:\/\/beebipood.ee\/wp-content\/uploads\/2020\/10\/MEMI-kootud-bambustekk-chain-Light-Beige-Voodipesu-Tekid-padjad-lisad-Lastemoobel-ja-sisustus_1-468.jpg\",\"datePublished\":\"2020-10-21T08:02:26+00:00\",\"dateModified\":\"2025-03-04T09:16:37+00:00\",\"description\":\"MEMI kootud bambustekk chain, Light Beige, Astaringseks kasutamiseks pehme ja hingav bambusest-puuvillast tekkon kujundatud minimalistlikus Skandinaavi\",\"breadcrumb\":{\"@id\":\"https:\/\/beebipood.ee\/ru\/produkt\/memi-kootud-bambustekk-chain-light-beige\/#breadcrumb\"},\"inLanguage\":\"ru-RU\",\"potentialAction\":[{\"@type\":\"ReadAction\",\"target\":[\"https:\/\/beebipood.ee\/ru\/produkt\/memi-kootud-bambustekk-chain-light-beige\/\"]}]},{\"@type\":\"ImageObject\",\"inLanguage\":\"ru-RU\",\"@id\":\"https:\/\/beebipood.ee\/ru\/produkt\/memi-kootud-bambustekk-chain-light-beige\/#primaryimage\",\"url\":\"https:\/\/beebipood.ee\/wp-content\/uploads\/2020\/10\/MEMI-kootud-bambustekk-chain-Light-Beige-Voodipesu-Tekid-padjad-lisad-Lastemoobel-ja-sisustus_1-468.jpg\",\"contentUrl\":\"https:\/\/beebipood.ee\/wp-content\/uploads\/2020\/10\/MEMI-kootud-bambustekk-chain-Light-Beige-Voodipesu-Tekid-padjad-lisad-Lastemoobel-ja-sisustus_1-468.jpg\",\"width\":960,\"height\":640},{\"@type\":\"BreadcrumbList\",\"@id\":\"https:\/\/beebipood.ee\/ru\/produkt\/memi-kootud-bambustekk-chain-light-beige\/#breadcrumb\",\"itemListElement\":[{\"@type\":\"ListItem\",\"position\":1,\"name\":\"Home\",\"item\":\"https:\/\/beebipood.ee\/ru\/\"},{\"@type\":\"ListItem\",\"position\":2,\"name\":\"\u041a\u0430\u0442\u0430\u043b\u043e\u0433 \u0442\u043e\u0432\u0430\u0440\u043e\u0432\",\"item\":\"https:\/\/beebipood.ee\/tooted\/\"},{\"@type\":\"ListItem\",\"position\":3,\"name\":\"MEMI kootud bambustekk chain, Light Beige\"}]},{\"@type\":\"WebSite\",\"@id\":\"https:\/\/beebipood.ee\/ru\/#website\",\"url\":\"https:\/\/beebipood.ee\/ru\/\",\"name\":\"Beebipood\",\"description\":\"Lastekaubad, beebikaubad, m\u00e4nguasjad\",\"publisher\":{\"@id\":\"https:\/\/beebipood.ee\/ru\/#organization\"},\"potentialAction\":[{\"@type\":\"SearchAction\",\"target\":{\"@type\":\"EntryPoint\",\"urlTemplate\":\"https:\/\/beebipood.ee\/ru\/?s={search_term_string}\"},\"query-input\":{\"@type\":\"PropertyValueSpecification\",\"valueRequired\":true,\"valueName\":\"search_term_string\"}}],\"inLanguage\":\"ru-RU\"},{\"@type\":\"Organization\",\"@id\":\"https:\/\/beebipood.ee\/ru\/#organization\",\"name\":\"Beebipood\",\"url\":\"https:\/\/beebipood.ee\/ru\/\",\"logo\":{\"@type\":\"ImageObject\",\"inLanguage\":\"ru-RU\",\"@id\":\"https:\/\/beebipood.ee\/ru\/#\/schema\/logo\/image\/\",\"url\":\"https:\/\/beebipood.ee\/wp-content\/uploads\/2025\/03\/beebipood.ee-logo-1.svg\",\"contentUrl\":\"https:\/\/beebipood.ee\/wp-content\/uploads\/2025\/03\/beebipood.ee-logo-1.svg\",\"caption\":\"Beebipood\"},\"image\":{\"@id\":\"https:\/\/beebipood.ee\/ru\/#\/schema\/logo\/image\/\"}}]}<\/script>\n<!-- \/ Yoast SEO plugin. -->","yoast_head_json":{"title":"MEMI kootud bambustekk chain, Light Beige, \u041f\u043e\u0441\u0442\u0435\u043b\u044c\u043d\u043e\u0435 \u0431\u0435\u043b\u044c\u0435, \u041e\u0434\u0435\u044f\u043b\u0430, \u043f\u043e\u0434\u0443\u0448\u043a\u0438, \u0434\u043e\u043f\u043e\u043b\u043d\u0435\u043d\u0438\u044f, M\u0435\u0431\u0435\u043b\u044c, Beebipood","description":"MEMI kootud bambustekk chain, Light Beige, Astaringseks kasutamiseks pehme ja hingav bambusest-puuvillast tekkon kujundatud minimalistlikus Skandinaavi","robots":{"index":"index","follow":"follow","max-snippet":"max-snippet:-1","max-image-preview":"max-image-preview:large","max-video-preview":"max-video-preview:-1"},"canonical":"https:\/\/beebipood.ee\/ru\/produkt\/memi-kootud-bambustekk-chain-light-beige\/","og_locale":"ru_RU","og_type":"article","og_title":"MEMI kootud bambustekk chain, Light Beige, \u041f\u043e\u0441\u0442\u0435\u043b\u044c\u043d\u043e\u0435 \u0431\u0435\u043b\u044c\u0435, \u041e\u0434\u0435\u044f\u043b\u0430, \u043f\u043e\u0434\u0443\u0448\u043a\u0438, \u0434\u043e\u043f\u043e\u043b\u043d\u0435\u043d\u0438\u044f, M\u0435\u0431\u0435\u043b\u044c, Beebipood","og_description":"MEMI kootud bambustekk chain, Light Beige, Astaringseks kasutamiseks pehme ja hingav bambusest-puuvillast tekkon kujundatud minimalistlikus Skandinaavi","og_url":"https:\/\/beebipood.ee\/ru\/produkt\/memi-kootud-bambustekk-chain-light-beige\/","og_site_name":"Beebipood","article_modified_time":"2025-03-04T09:16:37+00:00","og_image":[{"width":960,"height":640,"url":"https:\/\/beebipood.ee\/wp-content\/uploads\/2020\/10\/MEMI-kootud-bambustekk-chain-Light-Beige-Voodipesu-Tekid-padjad-lisad-Lastemoobel-ja-sisustus_1-468.jpg","type":"image\/jpeg"}],"twitter_card":"summary_large_image","twitter_misc":{"\u041f\u0440\u0438\u043c\u0435\u0440\u043d\u043e\u0435 \u0432\u0440\u0435\u043c\u044f \u0434\u043b\u044f \u0447\u0442\u0435\u043d\u0438\u044f":"1 \u043c\u0438\u043d\u0443\u0442\u0430"},"schema":{"@context":"https:\/\/schema.org","@graph":[{"@type":"WebPage","@id":"https:\/\/beebipood.ee\/ru\/produkt\/memi-kootud-bambustekk-chain-light-beige\/","url":"https:\/\/beebipood.ee\/ru\/produkt\/memi-kootud-bambustekk-chain-light-beige\/","name":"MEMI kootud bambustekk chain, Light Beige, \u041f\u043e\u0441\u0442\u0435\u043b\u044c\u043d\u043e\u0435 \u0431\u0435\u043b\u044c\u0435, \u041e\u0434\u0435\u044f\u043b\u0430, \u043f\u043e\u0434\u0443\u0448\u043a\u0438, \u0434\u043e\u043f\u043e\u043b\u043d\u0435\u043d\u0438\u044f, M\u0435\u0431\u0435\u043b\u044c, Beebipood","isPartOf":{"@id":"https:\/\/beebipood.ee\/ru\/#website"},"primaryImageOfPage":{"@id":"https:\/\/beebipood.ee\/ru\/produkt\/memi-kootud-bambustekk-chain-light-beige\/#primaryimage"},"image":{"@id":"https:\/\/beebipood.ee\/ru\/produkt\/memi-kootud-bambustekk-chain-light-beige\/#primaryimage"},"thumbnailUrl":"https:\/\/beebipood.ee\/wp-content\/uploads\/2020\/10\/MEMI-kootud-bambustekk-chain-Light-Beige-Voodipesu-Tekid-padjad-lisad-Lastemoobel-ja-sisustus_1-468.jpg","datePublished":"2020-10-21T08:02:26+00:00","dateModified":"2025-03-04T09:16:37+00:00","description":"MEMI kootud bambustekk chain, Light Beige, Astaringseks kasutamiseks pehme ja hingav bambusest-puuvillast tekkon kujundatud minimalistlikus Skandinaavi","breadcrumb":{"@id":"https:\/\/beebipood.ee\/ru\/produkt\/memi-kootud-bambustekk-chain-light-beige\/#breadcrumb"},"inLanguage":"ru-RU","potentialAction":[{"@type":"ReadAction","target":["https:\/\/beebipood.ee\/ru\/produkt\/memi-kootud-bambustekk-chain-light-beige\/"]}]},{"@type":"ImageObject","inLanguage":"ru-RU","@id":"https:\/\/beebipood.ee\/ru\/produkt\/memi-kootud-bambustekk-chain-light-beige\/#primaryimage","url":"https:\/\/beebipood.ee\/wp-content\/uploads\/2020\/10\/MEMI-kootud-bambustekk-chain-Light-Beige-Voodipesu-Tekid-padjad-lisad-Lastemoobel-ja-sisustus_1-468.jpg","contentUrl":"https:\/\/beebipood.ee\/wp-content\/uploads\/2020\/10\/MEMI-kootud-bambustekk-chain-Light-Beige-Voodipesu-Tekid-padjad-lisad-Lastemoobel-ja-sisustus_1-468.jpg","width":960,"height":640},{"@type":"BreadcrumbList","@id":"https:\/\/beebipood.ee\/ru\/produkt\/memi-kootud-bambustekk-chain-light-beige\/#breadcrumb","itemListElement":[{"@type":"ListItem","position":1,"name":"Home","item":"https:\/\/beebipood.ee\/ru\/"},{"@type":"ListItem","position":2,"name":"\u041a\u0430\u0442\u0430\u043b\u043e\u0433 \u0442\u043e\u0432\u0430\u0440\u043e\u0432","item":"https:\/\/beebipood.ee\/tooted\/"},{"@type":"ListItem","position":3,"name":"MEMI kootud bambustekk chain, Light Beige"}]},{"@type":"WebSite","@id":"https:\/\/beebipood.ee\/ru\/#website","url":"https:\/\/beebipood.ee\/ru\/","name":"Beebipood","description":"Lastekaubad, beebikaubad, m\u00e4nguasjad","publisher":{"@id":"https:\/\/beebipood.ee\/ru\/#organization"},"potentialAction":[{"@type":"SearchAction","target":{"@type":"EntryPoint","urlTemplate":"https:\/\/beebipood.ee\/ru\/?s={search_term_string}"},"query-input":{"@type":"PropertyValueSpecification","valueRequired":true,"valueName":"search_term_string"}}],"inLanguage":"ru-RU"},{"@type":"Organization","@id":"https:\/\/beebipood.ee\/ru\/#organization","name":"Beebipood","url":"https:\/\/beebipood.ee\/ru\/","logo":{"@type":"ImageObject","inLanguage":"ru-RU","@id":"https:\/\/beebipood.ee\/ru\/#\/schema\/logo\/image\/","url":"https:\/\/beebipood.ee\/wp-content\/uploads\/2025\/03\/beebipood.ee-logo-1.svg","contentUrl":"https:\/\/beebipood.ee\/wp-content\/uploads\/2025\/03\/beebipood.ee-logo-1.svg","caption":"Beebipood"},"image":{"@id":"https:\/\/beebipood.ee\/ru\/#\/schema\/logo\/image\/"}}]}},"brands":[{"id":11973,"name":"MEMI","slug":"memi-ru"}],"_links":{"self":[{"href":"https:\/\/beebipood.ee\/ru\/wp-json\/wp\/v2\/product\/459705","targetHints":{"allow":["GET"]}}],"collection":[{"href":"https:\/\/beebipood.ee\/ru\/wp-json\/wp\/v2\/product"}],"about":[{"href":"https:\/\/beebipood.ee\/ru\/wp-json\/wp\/v2\/types\/product"}],"wp:featuredmedia":[{"embeddable":true,"href":"https:\/\/beebipood.ee\/ru\/wp-json\/wp\/v2\/media\/136890"}],"wp:attachment":[{"href":"https:\/\/beebipood.ee\/ru\/wp-json\/wp\/v2\/media?parent=459705"}],"wp:term":[{"taxonomy":"pwb-brand","embeddable":true,"href":"https:\/\/beebipood.ee\/ru\/wp-json\/wp\/v2\/pwb-brand?post=459705"},{"taxonomy":"product_brand","embeddable":true,"href":"https:\/\/beebipood.ee\/ru\/wp-json\/wp\/v2\/product_brand?post=459705"},{"taxonomy":"product_cat","embeddable":true,"href":"https:\/\/beebipood.ee\/ru\/wp-json\/wp\/v2\/product_cat?post=459705"},{"taxonomy":"product_tag","embeddable":true,"href":"https:\/\/beebipood.ee\/ru\/wp-json\/wp\/v2\/product_tag?post=459705"}],"curies":[{"name":"wp","href":"https:\/\/api.w.org\/{rel}","templated":true}]}}