{"id":459717,"date":"2020-10-21T13:26:27","date_gmt":"2020-10-21T10:26:27","guid":{"rendered":"https:\/\/beebipood.ee\/toode\/klippan-opti129-turvatool-sport\/"},"modified":"2025-01-09T10:48:12","modified_gmt":"2025-01-09T08:48:12","slug":"klippan-opti129-turvatool-sport","status":"publish","type":"product","link":"https:\/\/beebipood.ee\/ru\/produkt\/klippan-opti129-turvatool-sport\/","title":{"rendered":"Klippan Opti129 turvatool, Sport"},"content":{"rendered":"<p>Seljaga s\u00f5idusuunas turvatool Klippan Opti 129 <br \/>vastab uuele iSize standardile UN R 129-3.<br \/>Turvatooli kategooria on 61-125cm ja soovitatav maksimaalne kaal kuni 32kg.<br \/>Klippan Opti 129 on m\u00f5eldud nii v\u00e4iksematele<br \/>kui ka suurematele lastele parima v\u00f5imaliku ohutuse ja mugavuse tagamiseks.<br \/>Klippan Opti 129 v\u00f5imaldab teie lapsel s\u00f5ita autos seljaga s\u00f5idusuunas nii kaua kui v\u00f5imalik,<br \/>sest tooli raam on v\u00e4ga k\u00f5rge ja mahutab isegi kuni 135cm v\u00f5i 7-aastaseid lapsed. <\/p>\n<p>Klippan Opti 129 tugijalga saab pikendada ainult \u00fche nupuvajutusega<br \/>ning on sellele k\u00fcljepealt lihtsam juurde p\u00e4\u00e4seda.<br \/>Lihtne katte eemaldamine ja tagasi peale panemine, et katet oleks h\u00f5lpsam pesta.<br \/>Peatoed on paksemad ja mugavamad, et lapsel oleks optimaalne ja mugav magamisasend.<br \/>Lihtne turvarihmade k\u00f5rguse reguleerimine<br \/>Turvatooli all reguleeritav jalg, mis v\u00f5imaldab Teil reguleerida tooli kallet.<br \/>Klippan Opti 129 komplekti KUULUB ka beebisisu, et paremini toetada k\u00f5ige pisemaid.<br \/>Klippan Opti 129 komplekti KUULUVAD ka kinnitusrihmad (tether straps).<br \/>Klippan Opti 129 on heaks kiidetud kaalukategoorias 0-32 kg (umbes 135 cm, 7 aastat)<br \/>K\u00f5rged pehmendusega \u00e4\u00e4red pakkumaks turvalist kaitset ka k\u00fclgedelt<br \/>K\u00fclgkokkup\u00f5rke kaitse<br \/>5-punkti turvav\u00f6\u00f6<br \/>Beebisisu<br \/>Reguleeritav kaldenurk<br \/>Lihtne kinnitada 3-punkti turvav\u00f6\u00f6ga (sobib k\u00f5ikidele istmetele autos)<br \/>Ekstrapikk tugijalg tagab mugava paigutuse erinevatesse autodesse<br \/>Reguleeritav peatugi<br \/>Turvatooli kate on eemaldatav ja masinpestav 30\u00b0 juures<br \/>L\u00e4binud PLUS TESTI Rootsis (Plus testi number: VTI-0027)<br \/>Klippan Opti 123 vastab Euroopas kehtivatele i-Size ohutusstandardile UN R 129-3<\/p>\n<p><span style=\"text-decoration: underline;\">Andmed:<\/span><br \/>Seljatoe k\u00f5rgus: 49 cm<br \/>Istme laius: 44 cm<br \/>Lapse \u00f5lgade laius: max 34cm<br \/>Kaal 11,6 kg<br \/>NB! Klippan Opti129 istme kasutusiga on 10 aastat alates ostukuup\u00e4evast, <br \/>tingimusel, et istet on korralikult kasutatud ja hoiustatud.<\/p>\n<p>Autode nimekiri: <a href=\"https:\/\/www.klippan.fi\/files\/upload_pdf\/24354\/U11040-P02%20Klippan%20Opti%20129%20-%20Vehicle%20List.pdf\">SIIN<\/a><\/p>\n","protected":false},"excerpt":{"rendered":"<p>Seljaga s\u00f5idusuunas turvatool Klippan Opti 129 vastab uuele iSize standardile UN R 129-3.Turvatooli kategooria on 61-125cm ja soovitatav maksimaalne kaal kuni 32kg.Klippan Opti 129 on m\u00f5eldud nii v\u00e4iksematelekui ka suurematele lastele parima v\u00f5imaliku ohutuse ja mugavuse tagamiseks.Klippan Opti 129 v\u00f5imaldab teie lapsel s\u00f5ita autos seljaga s\u00f5idusuunas nii kaua kui v\u00f5imalik,sest tooli raam on v\u00e4ga k\u00f5rge [&hellip;]<\/p>\n","protected":false},"featured_media":136942,"template":"","meta":{"_acf_changed":false},"pwb-brand":[11963],"product_brand":[],"product_cat":[11573,11727,11857,11735,11855,11791],"product_tag":[],"class_list":{"0":"post-459717","1":"product","2":"type-product","3":"status-publish","4":"has-post-thumbnail","6":"pwb-brand-klippan-ru","7":"product_cat-sooduspakkumised-ru","8":"product_cat-turvatoolid-hallid-ru","9":"product_cat-klippan-ru","10":"product_cat-turvatoolid-9-25-kg-ru","11":"product_cat-sss-turvatoolid-ru","12":"product_cat-turvavarustus-ru","13":"pa_manufacturer-klippan-ru","15":"first","16":"onbackorder","17":"sale","18":"taxable","19":"shipping-taxable","20":"purchasable","21":"product-type-simple"},"exclude_global_add_ons":[],"addons":[],"acf":[],"yoast_head":"<!-- This site is optimized with the Yoast SEO plugin v27.1.1 - https:\/\/yoast.com\/product\/yoast-seo-wordpress\/ -->\n<title>Klippan Opti129 turvatool, Sport, \u0421\u041a\u0418\u0414\u041a\u0418, \u0410\u0432\u0442\u043e\u043a\u0440\u0435\u0441\u043b\u0430, \u043b\u044e\u043b\u044c\u043a\u0438, \u0410\u0432\u0442\u043e\u043a\u0440\u0435\u0441\u043b\u0430 9-25 \u043a\u0433, \u0421\u043d\u0430\u0440\u044f\u0436\u0435\u043d\u0438\u044f \u0431\u0435\u0437\u043e\u043f\u0430\u0441\u043d\u043e\u0441\u0442\u0438, A\u0432\u0442\u043e\u043a\u0440\u0435\u0441\u043b\u043e \u0441\u043f\u0438\u043d\u043e\u0439 \u043f\u043e \u0445\u043e\u0434\u0443, Klippan, Beebipood<\/title>\n<meta name=\"description\" content=\"Klippan Opti129 turvatool, Sport, Seljaga s&otilde;idusuunas turvatool Klippan Opti 129 vastab uuele iSize standardile UN R 129-3.Turvatooli kate\" \/>\n<meta name=\"robots\" content=\"index, follow, max-snippet:-1, max-image-preview:large, max-video-preview:-1\" \/>\n<link rel=\"canonical\" href=\"https:\/\/beebipood.ee\/ru\/produkt\/klippan-opti129-turvatool-sport\/\" \/>\n<meta property=\"og:locale\" content=\"ru_RU\" \/>\n<meta property=\"og:type\" content=\"article\" \/>\n<meta property=\"og:title\" content=\"Klippan Opti129 turvatool, Sport, \u0421\u041a\u0418\u0414\u041a\u0418, \u0410\u0432\u0442\u043e\u043a\u0440\u0435\u0441\u043b\u0430, \u043b\u044e\u043b\u044c\u043a\u0438, \u0410\u0432\u0442\u043e\u043a\u0440\u0435\u0441\u043b\u0430 9-25 \u043a\u0433, \u0421\u043d\u0430\u0440\u044f\u0436\u0435\u043d\u0438\u044f \u0431\u0435\u0437\u043e\u043f\u0430\u0441\u043d\u043e\u0441\u0442\u0438, A\u0432\u0442\u043e\u043a\u0440\u0435\u0441\u043b\u043e \u0441\u043f\u0438\u043d\u043e\u0439 \u043f\u043e \u0445\u043e\u0434\u0443, Klippan, Beebipood\" \/>\n<meta property=\"og:description\" content=\"Klippan Opti129 turvatool, Sport, Seljaga s&otilde;idusuunas turvatool Klippan Opti 129 vastab uuele iSize standardile UN R 129-3.Turvatooli kate\" \/>\n<meta property=\"og:url\" content=\"https:\/\/beebipood.ee\/ru\/produkt\/klippan-opti129-turvatool-sport\/\" \/>\n<meta property=\"og:site_name\" content=\"Beebipood\" \/>\n<meta property=\"article:modified_time\" content=\"2025-01-09T08:48:12+00:00\" \/>\n<meta property=\"og:image\" content=\"https:\/\/beebipood.ee\/wp-content\/uploads\/2020\/10\/Klippan-Opti129-turvatool-Sport-SOODUSPAKKUMISED-UUED-TOOTED-Turvatoolid-hallid-Turvatoolid-925-kg-Turvavarustus-SSS-Turvatoolid-Klippan_1-97f.jpeg\" \/>\n\t<meta property=\"og:image:width\" content=\"1276\" \/>\n\t<meta property=\"og:image:height\" content=\"1276\" \/>\n\t<meta property=\"og:image:type\" content=\"image\/jpeg\" \/>\n<meta name=\"twitter:card\" content=\"summary_large_image\" \/>\n<meta name=\"twitter:label1\" content=\"\u041f\u0440\u0438\u043c\u0435\u0440\u043d\u043e\u0435 \u0432\u0440\u0435\u043c\u044f \u0434\u043b\u044f \u0447\u0442\u0435\u043d\u0438\u044f\" \/>\n\t<meta name=\"twitter:data1\" content=\"1 \u043c\u0438\u043d\u0443\u0442\u0430\" \/>\n<script type=\"application\/ld+json\" class=\"yoast-schema-graph\">{\"@context\":\"https:\/\/schema.org\",\"@graph\":[{\"@type\":\"WebPage\",\"@id\":\"https:\/\/beebipood.ee\/ru\/produkt\/klippan-opti129-turvatool-sport\/\",\"url\":\"https:\/\/beebipood.ee\/ru\/produkt\/klippan-opti129-turvatool-sport\/\",\"name\":\"Klippan Opti129 turvatool, Sport, \u0421\u041a\u0418\u0414\u041a\u0418, \u0410\u0432\u0442\u043e\u043a\u0440\u0435\u0441\u043b\u0430, \u043b\u044e\u043b\u044c\u043a\u0438, \u0410\u0432\u0442\u043e\u043a\u0440\u0435\u0441\u043b\u0430 9-25 \u043a\u0433, \u0421\u043d\u0430\u0440\u044f\u0436\u0435\u043d\u0438\u044f \u0431\u0435\u0437\u043e\u043f\u0430\u0441\u043d\u043e\u0441\u0442\u0438, A\u0432\u0442\u043e\u043a\u0440\u0435\u0441\u043b\u043e \u0441\u043f\u0438\u043d\u043e\u0439 \u043f\u043e \u0445\u043e\u0434\u0443, Klippan, Beebipood\",\"isPartOf\":{\"@id\":\"https:\/\/beebipood.ee\/ru\/#website\"},\"primaryImageOfPage\":{\"@id\":\"https:\/\/beebipood.ee\/ru\/produkt\/klippan-opti129-turvatool-sport\/#primaryimage\"},\"image\":{\"@id\":\"https:\/\/beebipood.ee\/ru\/produkt\/klippan-opti129-turvatool-sport\/#primaryimage\"},\"thumbnailUrl\":\"https:\/\/beebipood.ee\/wp-content\/uploads\/2020\/10\/Klippan-Opti129-turvatool-Sport-SOODUSPAKKUMISED-UUED-TOOTED-Turvatoolid-hallid-Turvatoolid-925-kg-Turvavarustus-SSS-Turvatoolid-Klippan_1-97f.jpeg\",\"datePublished\":\"2020-10-21T10:26:27+00:00\",\"dateModified\":\"2025-01-09T08:48:12+00:00\",\"description\":\"Klippan Opti129 turvatool, Sport, Seljaga s&otilde;idusuunas turvatool Klippan Opti 129 vastab uuele iSize standardile UN R 129-3.Turvatooli kate\",\"breadcrumb\":{\"@id\":\"https:\/\/beebipood.ee\/ru\/produkt\/klippan-opti129-turvatool-sport\/#breadcrumb\"},\"inLanguage\":\"ru-RU\",\"potentialAction\":[{\"@type\":\"ReadAction\",\"target\":[\"https:\/\/beebipood.ee\/ru\/produkt\/klippan-opti129-turvatool-sport\/\"]}]},{\"@type\":\"ImageObject\",\"inLanguage\":\"ru-RU\",\"@id\":\"https:\/\/beebipood.ee\/ru\/produkt\/klippan-opti129-turvatool-sport\/#primaryimage\",\"url\":\"https:\/\/beebipood.ee\/wp-content\/uploads\/2020\/10\/Klippan-Opti129-turvatool-Sport-SOODUSPAKKUMISED-UUED-TOOTED-Turvatoolid-hallid-Turvatoolid-925-kg-Turvavarustus-SSS-Turvatoolid-Klippan_1-97f.jpeg\",\"contentUrl\":\"https:\/\/beebipood.ee\/wp-content\/uploads\/2020\/10\/Klippan-Opti129-turvatool-Sport-SOODUSPAKKUMISED-UUED-TOOTED-Turvatoolid-hallid-Turvatoolid-925-kg-Turvavarustus-SSS-Turvatoolid-Klippan_1-97f.jpeg\",\"width\":1276,\"height\":1276},{\"@type\":\"BreadcrumbList\",\"@id\":\"https:\/\/beebipood.ee\/ru\/produkt\/klippan-opti129-turvatool-sport\/#breadcrumb\",\"itemListElement\":[{\"@type\":\"ListItem\",\"position\":1,\"name\":\"Home\",\"item\":\"https:\/\/beebipood.ee\/ru\/\"},{\"@type\":\"ListItem\",\"position\":2,\"name\":\"\u041a\u0430\u0442\u0430\u043b\u043e\u0433 \u0442\u043e\u0432\u0430\u0440\u043e\u0432\",\"item\":\"https:\/\/beebipood.ee\/tooted\/\"},{\"@type\":\"ListItem\",\"position\":3,\"name\":\"Klippan Opti129 turvatool, Sport\"}]},{\"@type\":\"WebSite\",\"@id\":\"https:\/\/beebipood.ee\/ru\/#website\",\"url\":\"https:\/\/beebipood.ee\/ru\/\",\"name\":\"Beebipood\",\"description\":\"Lastekaubad, beebikaubad, m\u00e4nguasjad\",\"publisher\":{\"@id\":\"https:\/\/beebipood.ee\/ru\/#organization\"},\"potentialAction\":[{\"@type\":\"SearchAction\",\"target\":{\"@type\":\"EntryPoint\",\"urlTemplate\":\"https:\/\/beebipood.ee\/ru\/?s={search_term_string}\"},\"query-input\":{\"@type\":\"PropertyValueSpecification\",\"valueRequired\":true,\"valueName\":\"search_term_string\"}}],\"inLanguage\":\"ru-RU\"},{\"@type\":\"Organization\",\"@id\":\"https:\/\/beebipood.ee\/ru\/#organization\",\"name\":\"Beebipood\",\"url\":\"https:\/\/beebipood.ee\/ru\/\",\"logo\":{\"@type\":\"ImageObject\",\"inLanguage\":\"ru-RU\",\"@id\":\"https:\/\/beebipood.ee\/ru\/#\/schema\/logo\/image\/\",\"url\":\"https:\/\/beebipood.ee\/wp-content\/uploads\/2025\/03\/beebipood.ee-logo-1.svg\",\"contentUrl\":\"https:\/\/beebipood.ee\/wp-content\/uploads\/2025\/03\/beebipood.ee-logo-1.svg\",\"caption\":\"Beebipood\"},\"image\":{\"@id\":\"https:\/\/beebipood.ee\/ru\/#\/schema\/logo\/image\/\"}}]}<\/script>\n<!-- \/ Yoast SEO plugin. -->","yoast_head_json":{"title":"Klippan Opti129 turvatool, Sport, \u0421\u041a\u0418\u0414\u041a\u0418, \u0410\u0432\u0442\u043e\u043a\u0440\u0435\u0441\u043b\u0430, \u043b\u044e\u043b\u044c\u043a\u0438, \u0410\u0432\u0442\u043e\u043a\u0440\u0435\u0441\u043b\u0430 9-25 \u043a\u0433, \u0421\u043d\u0430\u0440\u044f\u0436\u0435\u043d\u0438\u044f \u0431\u0435\u0437\u043e\u043f\u0430\u0441\u043d\u043e\u0441\u0442\u0438, A\u0432\u0442\u043e\u043a\u0440\u0435\u0441\u043b\u043e \u0441\u043f\u0438\u043d\u043e\u0439 \u043f\u043e \u0445\u043e\u0434\u0443, Klippan, Beebipood","description":"Klippan Opti129 turvatool, Sport, Seljaga s&otilde;idusuunas turvatool Klippan Opti 129 vastab uuele iSize standardile UN R 129-3.Turvatooli kate","robots":{"index":"index","follow":"follow","max-snippet":"max-snippet:-1","max-image-preview":"max-image-preview:large","max-video-preview":"max-video-preview:-1"},"canonical":"https:\/\/beebipood.ee\/ru\/produkt\/klippan-opti129-turvatool-sport\/","og_locale":"ru_RU","og_type":"article","og_title":"Klippan Opti129 turvatool, Sport, \u0421\u041a\u0418\u0414\u041a\u0418, \u0410\u0432\u0442\u043e\u043a\u0440\u0435\u0441\u043b\u0430, \u043b\u044e\u043b\u044c\u043a\u0438, \u0410\u0432\u0442\u043e\u043a\u0440\u0435\u0441\u043b\u0430 9-25 \u043a\u0433, \u0421\u043d\u0430\u0440\u044f\u0436\u0435\u043d\u0438\u044f \u0431\u0435\u0437\u043e\u043f\u0430\u0441\u043d\u043e\u0441\u0442\u0438, A\u0432\u0442\u043e\u043a\u0440\u0435\u0441\u043b\u043e \u0441\u043f\u0438\u043d\u043e\u0439 \u043f\u043e \u0445\u043e\u0434\u0443, Klippan, Beebipood","og_description":"Klippan Opti129 turvatool, Sport, Seljaga s&otilde;idusuunas turvatool Klippan Opti 129 vastab uuele iSize standardile UN R 129-3.Turvatooli kate","og_url":"https:\/\/beebipood.ee\/ru\/produkt\/klippan-opti129-turvatool-sport\/","og_site_name":"Beebipood","article_modified_time":"2025-01-09T08:48:12+00:00","og_image":[{"width":1276,"height":1276,"url":"https:\/\/beebipood.ee\/wp-content\/uploads\/2020\/10\/Klippan-Opti129-turvatool-Sport-SOODUSPAKKUMISED-UUED-TOOTED-Turvatoolid-hallid-Turvatoolid-925-kg-Turvavarustus-SSS-Turvatoolid-Klippan_1-97f.jpeg","type":"image\/jpeg"}],"twitter_card":"summary_large_image","twitter_misc":{"\u041f\u0440\u0438\u043c\u0435\u0440\u043d\u043e\u0435 \u0432\u0440\u0435\u043c\u044f \u0434\u043b\u044f \u0447\u0442\u0435\u043d\u0438\u044f":"1 \u043c\u0438\u043d\u0443\u0442\u0430"},"schema":{"@context":"https:\/\/schema.org","@graph":[{"@type":"WebPage","@id":"https:\/\/beebipood.ee\/ru\/produkt\/klippan-opti129-turvatool-sport\/","url":"https:\/\/beebipood.ee\/ru\/produkt\/klippan-opti129-turvatool-sport\/","name":"Klippan Opti129 turvatool, Sport, \u0421\u041a\u0418\u0414\u041a\u0418, \u0410\u0432\u0442\u043e\u043a\u0440\u0435\u0441\u043b\u0430, \u043b\u044e\u043b\u044c\u043a\u0438, \u0410\u0432\u0442\u043e\u043a\u0440\u0435\u0441\u043b\u0430 9-25 \u043a\u0433, \u0421\u043d\u0430\u0440\u044f\u0436\u0435\u043d\u0438\u044f \u0431\u0435\u0437\u043e\u043f\u0430\u0441\u043d\u043e\u0441\u0442\u0438, A\u0432\u0442\u043e\u043a\u0440\u0435\u0441\u043b\u043e \u0441\u043f\u0438\u043d\u043e\u0439 \u043f\u043e \u0445\u043e\u0434\u0443, Klippan, Beebipood","isPartOf":{"@id":"https:\/\/beebipood.ee\/ru\/#website"},"primaryImageOfPage":{"@id":"https:\/\/beebipood.ee\/ru\/produkt\/klippan-opti129-turvatool-sport\/#primaryimage"},"image":{"@id":"https:\/\/beebipood.ee\/ru\/produkt\/klippan-opti129-turvatool-sport\/#primaryimage"},"thumbnailUrl":"https:\/\/beebipood.ee\/wp-content\/uploads\/2020\/10\/Klippan-Opti129-turvatool-Sport-SOODUSPAKKUMISED-UUED-TOOTED-Turvatoolid-hallid-Turvatoolid-925-kg-Turvavarustus-SSS-Turvatoolid-Klippan_1-97f.jpeg","datePublished":"2020-10-21T10:26:27+00:00","dateModified":"2025-01-09T08:48:12+00:00","description":"Klippan Opti129 turvatool, Sport, Seljaga s&otilde;idusuunas turvatool Klippan Opti 129 vastab uuele iSize standardile UN R 129-3.Turvatooli kate","breadcrumb":{"@id":"https:\/\/beebipood.ee\/ru\/produkt\/klippan-opti129-turvatool-sport\/#breadcrumb"},"inLanguage":"ru-RU","potentialAction":[{"@type":"ReadAction","target":["https:\/\/beebipood.ee\/ru\/produkt\/klippan-opti129-turvatool-sport\/"]}]},{"@type":"ImageObject","inLanguage":"ru-RU","@id":"https:\/\/beebipood.ee\/ru\/produkt\/klippan-opti129-turvatool-sport\/#primaryimage","url":"https:\/\/beebipood.ee\/wp-content\/uploads\/2020\/10\/Klippan-Opti129-turvatool-Sport-SOODUSPAKKUMISED-UUED-TOOTED-Turvatoolid-hallid-Turvatoolid-925-kg-Turvavarustus-SSS-Turvatoolid-Klippan_1-97f.jpeg","contentUrl":"https:\/\/beebipood.ee\/wp-content\/uploads\/2020\/10\/Klippan-Opti129-turvatool-Sport-SOODUSPAKKUMISED-UUED-TOOTED-Turvatoolid-hallid-Turvatoolid-925-kg-Turvavarustus-SSS-Turvatoolid-Klippan_1-97f.jpeg","width":1276,"height":1276},{"@type":"BreadcrumbList","@id":"https:\/\/beebipood.ee\/ru\/produkt\/klippan-opti129-turvatool-sport\/#breadcrumb","itemListElement":[{"@type":"ListItem","position":1,"name":"Home","item":"https:\/\/beebipood.ee\/ru\/"},{"@type":"ListItem","position":2,"name":"\u041a\u0430\u0442\u0430\u043b\u043e\u0433 \u0442\u043e\u0432\u0430\u0440\u043e\u0432","item":"https:\/\/beebipood.ee\/tooted\/"},{"@type":"ListItem","position":3,"name":"Klippan Opti129 turvatool, Sport"}]},{"@type":"WebSite","@id":"https:\/\/beebipood.ee\/ru\/#website","url":"https:\/\/beebipood.ee\/ru\/","name":"Beebipood","description":"Lastekaubad, beebikaubad, m\u00e4nguasjad","publisher":{"@id":"https:\/\/beebipood.ee\/ru\/#organization"},"potentialAction":[{"@type":"SearchAction","target":{"@type":"EntryPoint","urlTemplate":"https:\/\/beebipood.ee\/ru\/?s={search_term_string}"},"query-input":{"@type":"PropertyValueSpecification","valueRequired":true,"valueName":"search_term_string"}}],"inLanguage":"ru-RU"},{"@type":"Organization","@id":"https:\/\/beebipood.ee\/ru\/#organization","name":"Beebipood","url":"https:\/\/beebipood.ee\/ru\/","logo":{"@type":"ImageObject","inLanguage":"ru-RU","@id":"https:\/\/beebipood.ee\/ru\/#\/schema\/logo\/image\/","url":"https:\/\/beebipood.ee\/wp-content\/uploads\/2025\/03\/beebipood.ee-logo-1.svg","contentUrl":"https:\/\/beebipood.ee\/wp-content\/uploads\/2025\/03\/beebipood.ee-logo-1.svg","caption":"Beebipood"},"image":{"@id":"https:\/\/beebipood.ee\/ru\/#\/schema\/logo\/image\/"}}]}},"brands":[{"id":11963,"name":"Klippan","slug":"klippan-ru"}],"_links":{"self":[{"href":"https:\/\/beebipood.ee\/ru\/wp-json\/wp\/v2\/product\/459717","targetHints":{"allow":["GET"]}}],"collection":[{"href":"https:\/\/beebipood.ee\/ru\/wp-json\/wp\/v2\/product"}],"about":[{"href":"https:\/\/beebipood.ee\/ru\/wp-json\/wp\/v2\/types\/product"}],"wp:featuredmedia":[{"embeddable":true,"href":"https:\/\/beebipood.ee\/ru\/wp-json\/wp\/v2\/media\/136942"}],"wp:attachment":[{"href":"https:\/\/beebipood.ee\/ru\/wp-json\/wp\/v2\/media?parent=459717"}],"wp:term":[{"taxonomy":"pwb-brand","embeddable":true,"href":"https:\/\/beebipood.ee\/ru\/wp-json\/wp\/v2\/pwb-brand?post=459717"},{"taxonomy":"product_brand","embeddable":true,"href":"https:\/\/beebipood.ee\/ru\/wp-json\/wp\/v2\/product_brand?post=459717"},{"taxonomy":"product_cat","embeddable":true,"href":"https:\/\/beebipood.ee\/ru\/wp-json\/wp\/v2\/product_cat?post=459717"},{"taxonomy":"product_tag","embeddable":true,"href":"https:\/\/beebipood.ee\/ru\/wp-json\/wp\/v2\/product_tag?post=459717"}],"curies":[{"name":"wp","href":"https:\/\/api.w.org\/{rel}","templated":true}]}}