{"id":459747,"date":"2020-10-23T08:01:23","date_gmt":"2020-10-23T05:01:23","guid":{"rendered":"https:\/\/beebipood.ee\/toode\/memi-bambusest-vannilina-85-85-light-grey\/"},"modified":"2025-01-09T10:48:11","modified_gmt":"2025-01-09T08:48:11","slug":"memi-bambusest-vannilina-85-85-light-grey","status":"publish","type":"product","link":"https:\/\/beebipood.ee\/ru\/produkt\/memi-bambusest-vannilina-85-85-light-grey\/","title":{"rendered":"MEMI bambusest vannilina Rabbit 85\u00d785, light grey"},"content":{"rendered":"<p>Kirjeldus<br \/>Hea imavusega ja eriti pehme bambusest vannir\u00e4tik lastele. <br \/>R\u00e4tikul on kapuuts, mille k\u00fclge on efekti andmiseks \u00f5mmeldud <br \/>k\u00f5rvakesed ja tikitud peale ka silmad ja suu.<\/p>\n<p>Bambusest froteer\u00e4tik on lapsele parim valik. <br \/>See on allergiavastane ja antibakteriaalsete omadustega. <br \/>Bambus on 60% imavam materjal kui puuvill, t\u00e4nu millele kuivab r\u00e4tik kiiresti.<\/p>\n<p>M\u00f5\u00f5dud: 85*85cm (+-4cm)<br \/>Koostis: 100% CV bambusfrotee<br \/>Masinpestav 40 kraadi juures, kasutades \u00f5rna pesuprogrammi. <br \/>Peale pesemist raputa r\u00e4tikut, siis j\u00e4\u00e4b see eriti kohev.<\/p>\n","protected":false},"excerpt":{"rendered":"<p>KirjeldusHea imavusega ja eriti pehme bambusest vannir\u00e4tik lastele. R\u00e4tikul on kapuuts, mille k\u00fclge on efekti andmiseks \u00f5mmeldud k\u00f5rvakesed ja tikitud peale ka silmad ja suu. Bambusest froteer\u00e4tik on lapsele parim valik. See on allergiavastane ja antibakteriaalsete omadustega. Bambus on 60% imavam materjal kui puuvill, t\u00e4nu millele kuivab r\u00e4tik kiiresti. M\u00f5\u00f5dud: 85*85cm (+-4cm)Koostis: 100% CV bambusfroteeMasinpestav [&hellip;]<\/p>\n","protected":false},"featured_media":137016,"template":"","meta":{"_acf_changed":false},"pwb-brand":[11973],"product_brand":[],"product_cat":[11613,11763,11789],"product_tag":[],"class_list":{"0":"post-459747","1":"product","2":"type-product","3":"status-publish","4":"has-post-thumbnail","6":"pwb-brand-memi-ru","7":"product_cat-voodipesu-ru","8":"product_cat-tekid-padjad-lisad-ru","9":"product_cat-lastemoobel-ja-sisustus-ru","10":"pa_manufacturer-memi-ru","12":"first","13":"onbackorder","14":"taxable","15":"shipping-taxable","16":"purchasable","17":"product-type-simple"},"exclude_global_add_ons":[],"addons":[],"acf":[],"yoast_head":"<!-- This site is optimized with the Yoast SEO plugin v27.3 - https:\/\/yoast.com\/product\/yoast-seo-wordpress\/ -->\n<title>MEMI bambusest vannilina Rabbit 85\u00d785, light grey, \u041f\u043e\u0441\u0442\u0435\u043b\u044c\u043d\u043e\u0435 \u0431\u0435\u043b\u044c\u0435, \u041e\u0434\u0435\u044f\u043b\u0430, \u043f\u043e\u0434\u0443\u0448\u043a\u0438, \u0434\u043e\u043f\u043e\u043b\u043d\u0435\u043d\u0438\u044f, M\u0435\u0431\u0435\u043b\u044c, Beebipood<\/title>\n<meta name=\"description\" content=\"MEMI bambusest vannilina Rabbit 85\u00d785, light grey, KirjeldusHea imavusega ja eriti pehme bambusest vannir&auml;tik lastele. R&auml;tikul on kapu\" \/>\n<meta name=\"robots\" content=\"index, follow, max-snippet:-1, max-image-preview:large, max-video-preview:-1\" \/>\n<link rel=\"canonical\" href=\"https:\/\/beebipood.ee\/ru\/produkt\/memi-bambusest-vannilina-85-85-light-grey\/\" \/>\n<meta property=\"og:locale\" content=\"ru_RU\" \/>\n<meta property=\"og:type\" content=\"article\" \/>\n<meta property=\"og:title\" content=\"MEMI bambusest vannilina Rabbit 85\u00d785, light grey, \u041f\u043e\u0441\u0442\u0435\u043b\u044c\u043d\u043e\u0435 \u0431\u0435\u043b\u044c\u0435, \u041e\u0434\u0435\u044f\u043b\u0430, \u043f\u043e\u0434\u0443\u0448\u043a\u0438, \u0434\u043e\u043f\u043e\u043b\u043d\u0435\u043d\u0438\u044f, M\u0435\u0431\u0435\u043b\u044c, Beebipood\" \/>\n<meta property=\"og:description\" content=\"MEMI bambusest vannilina Rabbit 85\u00d785, light grey, KirjeldusHea imavusega ja eriti pehme bambusest vannir&auml;tik lastele. R&auml;tikul on kapu\" \/>\n<meta property=\"og:url\" content=\"https:\/\/beebipood.ee\/ru\/produkt\/memi-bambusest-vannilina-85-85-light-grey\/\" \/>\n<meta property=\"og:site_name\" content=\"Beebipood\" \/>\n<meta property=\"article:modified_time\" content=\"2025-01-09T08:48:11+00:00\" \/>\n<meta property=\"og:image\" content=\"https:\/\/beebipood.ee\/wp-content\/uploads\/2020\/10\/MEMI-bambusest-vannilina-8585-light-grey-Voodipesu-Tekid-padjad-lisad-Lastemoobel-ja-sisustus_1-68d.jpg\" \/>\n\t<meta property=\"og:image:width\" content=\"1000\" \/>\n\t<meta property=\"og:image:height\" content=\"667\" \/>\n\t<meta property=\"og:image:type\" content=\"image\/jpeg\" \/>\n<meta name=\"twitter:card\" content=\"summary_large_image\" \/>\n<script type=\"application\/ld+json\" class=\"yoast-schema-graph\">{\"@context\":\"https:\\\/\\\/schema.org\",\"@graph\":[{\"@type\":\"WebPage\",\"@id\":\"https:\\\/\\\/beebipood.ee\\\/ru\\\/produkt\\\/memi-bambusest-vannilina-85-85-light-grey\\\/\",\"url\":\"https:\\\/\\\/beebipood.ee\\\/ru\\\/produkt\\\/memi-bambusest-vannilina-85-85-light-grey\\\/\",\"name\":\"MEMI bambusest vannilina Rabbit 85\u00d785, light grey, \u041f\u043e\u0441\u0442\u0435\u043b\u044c\u043d\u043e\u0435 \u0431\u0435\u043b\u044c\u0435, \u041e\u0434\u0435\u044f\u043b\u0430, \u043f\u043e\u0434\u0443\u0448\u043a\u0438, \u0434\u043e\u043f\u043e\u043b\u043d\u0435\u043d\u0438\u044f, M\u0435\u0431\u0435\u043b\u044c, Beebipood\",\"isPartOf\":{\"@id\":\"https:\\\/\\\/beebipood.ee\\\/ru\\\/#website\"},\"primaryImageOfPage\":{\"@id\":\"https:\\\/\\\/beebipood.ee\\\/ru\\\/produkt\\\/memi-bambusest-vannilina-85-85-light-grey\\\/#primaryimage\"},\"image\":{\"@id\":\"https:\\\/\\\/beebipood.ee\\\/ru\\\/produkt\\\/memi-bambusest-vannilina-85-85-light-grey\\\/#primaryimage\"},\"thumbnailUrl\":\"https:\\\/\\\/beebipood.ee\\\/wp-content\\\/uploads\\\/2020\\\/10\\\/MEMI-bambusest-vannilina-8585-light-grey-Voodipesu-Tekid-padjad-lisad-Lastemoobel-ja-sisustus_1-68d.jpg\",\"datePublished\":\"2020-10-23T05:01:23+00:00\",\"dateModified\":\"2025-01-09T08:48:11+00:00\",\"description\":\"MEMI bambusest vannilina Rabbit 85\u00d785, light grey, KirjeldusHea imavusega ja eriti pehme bambusest vannir&auml;tik lastele. R&auml;tikul on kapu\",\"breadcrumb\":{\"@id\":\"https:\\\/\\\/beebipood.ee\\\/ru\\\/produkt\\\/memi-bambusest-vannilina-85-85-light-grey\\\/#breadcrumb\"},\"inLanguage\":\"ru-RU\",\"potentialAction\":[{\"@type\":\"ReadAction\",\"target\":[\"https:\\\/\\\/beebipood.ee\\\/ru\\\/produkt\\\/memi-bambusest-vannilina-85-85-light-grey\\\/\"]}]},{\"@type\":\"ImageObject\",\"inLanguage\":\"ru-RU\",\"@id\":\"https:\\\/\\\/beebipood.ee\\\/ru\\\/produkt\\\/memi-bambusest-vannilina-85-85-light-grey\\\/#primaryimage\",\"url\":\"https:\\\/\\\/beebipood.ee\\\/wp-content\\\/uploads\\\/2020\\\/10\\\/MEMI-bambusest-vannilina-8585-light-grey-Voodipesu-Tekid-padjad-lisad-Lastemoobel-ja-sisustus_1-68d.jpg\",\"contentUrl\":\"https:\\\/\\\/beebipood.ee\\\/wp-content\\\/uploads\\\/2020\\\/10\\\/MEMI-bambusest-vannilina-8585-light-grey-Voodipesu-Tekid-padjad-lisad-Lastemoobel-ja-sisustus_1-68d.jpg\",\"width\":1000,\"height\":667},{\"@type\":\"BreadcrumbList\",\"@id\":\"https:\\\/\\\/beebipood.ee\\\/ru\\\/produkt\\\/memi-bambusest-vannilina-85-85-light-grey\\\/#breadcrumb\",\"itemListElement\":[{\"@type\":\"ListItem\",\"position\":1,\"name\":\"Home\",\"item\":\"https:\\\/\\\/beebipood.ee\\\/ru\\\/\"},{\"@type\":\"ListItem\",\"position\":2,\"name\":\"\u041a\u0430\u0442\u0430\u043b\u043e\u0433 \u0442\u043e\u0432\u0430\u0440\u043e\u0432\",\"item\":\"https:\\\/\\\/beebipood.ee\\\/tooted\\\/\"},{\"@type\":\"ListItem\",\"position\":3,\"name\":\"MEMI bambusest vannilina Rabbit 85\u00d785, light grey\"}]},{\"@type\":\"WebSite\",\"@id\":\"https:\\\/\\\/beebipood.ee\\\/ru\\\/#website\",\"url\":\"https:\\\/\\\/beebipood.ee\\\/ru\\\/\",\"name\":\"Beebipood\",\"description\":\"Lastekaubad, beebikaubad, m\u00e4nguasjad\",\"publisher\":{\"@id\":\"https:\\\/\\\/beebipood.ee\\\/ru\\\/#organization\"},\"potentialAction\":[{\"@type\":\"SearchAction\",\"target\":{\"@type\":\"EntryPoint\",\"urlTemplate\":\"https:\\\/\\\/beebipood.ee\\\/ru\\\/?s={search_term_string}\"},\"query-input\":{\"@type\":\"PropertyValueSpecification\",\"valueRequired\":true,\"valueName\":\"search_term_string\"}}],\"inLanguage\":\"ru-RU\"},{\"@type\":\"Organization\",\"@id\":\"https:\\\/\\\/beebipood.ee\\\/ru\\\/#organization\",\"name\":\"Beebipood\",\"url\":\"https:\\\/\\\/beebipood.ee\\\/ru\\\/\",\"logo\":{\"@type\":\"ImageObject\",\"inLanguage\":\"ru-RU\",\"@id\":\"https:\\\/\\\/beebipood.ee\\\/ru\\\/#\\\/schema\\\/logo\\\/image\\\/\",\"url\":\"https:\\\/\\\/beebipood.ee\\\/wp-content\\\/uploads\\\/2025\\\/03\\\/beebipood.ee-logo-1.svg\",\"contentUrl\":\"https:\\\/\\\/beebipood.ee\\\/wp-content\\\/uploads\\\/2025\\\/03\\\/beebipood.ee-logo-1.svg\",\"caption\":\"Beebipood\"},\"image\":{\"@id\":\"https:\\\/\\\/beebipood.ee\\\/ru\\\/#\\\/schema\\\/logo\\\/image\\\/\"}}]}<\/script>\n<!-- \/ Yoast SEO plugin. -->","yoast_head_json":{"title":"MEMI bambusest vannilina Rabbit 85\u00d785, light grey, \u041f\u043e\u0441\u0442\u0435\u043b\u044c\u043d\u043e\u0435 \u0431\u0435\u043b\u044c\u0435, \u041e\u0434\u0435\u044f\u043b\u0430, \u043f\u043e\u0434\u0443\u0448\u043a\u0438, \u0434\u043e\u043f\u043e\u043b\u043d\u0435\u043d\u0438\u044f, M\u0435\u0431\u0435\u043b\u044c, Beebipood","description":"MEMI bambusest vannilina Rabbit 85\u00d785, light grey, KirjeldusHea imavusega ja eriti pehme bambusest vannir&auml;tik lastele. R&auml;tikul on kapu","robots":{"index":"index","follow":"follow","max-snippet":"max-snippet:-1","max-image-preview":"max-image-preview:large","max-video-preview":"max-video-preview:-1"},"canonical":"https:\/\/beebipood.ee\/ru\/produkt\/memi-bambusest-vannilina-85-85-light-grey\/","og_locale":"ru_RU","og_type":"article","og_title":"MEMI bambusest vannilina Rabbit 85\u00d785, light grey, \u041f\u043e\u0441\u0442\u0435\u043b\u044c\u043d\u043e\u0435 \u0431\u0435\u043b\u044c\u0435, \u041e\u0434\u0435\u044f\u043b\u0430, \u043f\u043e\u0434\u0443\u0448\u043a\u0438, \u0434\u043e\u043f\u043e\u043b\u043d\u0435\u043d\u0438\u044f, M\u0435\u0431\u0435\u043b\u044c, Beebipood","og_description":"MEMI bambusest vannilina Rabbit 85\u00d785, light grey, KirjeldusHea imavusega ja eriti pehme bambusest vannir&auml;tik lastele. R&auml;tikul on kapu","og_url":"https:\/\/beebipood.ee\/ru\/produkt\/memi-bambusest-vannilina-85-85-light-grey\/","og_site_name":"Beebipood","article_modified_time":"2025-01-09T08:48:11+00:00","og_image":[{"width":1000,"height":667,"url":"https:\/\/beebipood.ee\/wp-content\/uploads\/2020\/10\/MEMI-bambusest-vannilina-8585-light-grey-Voodipesu-Tekid-padjad-lisad-Lastemoobel-ja-sisustus_1-68d.jpg","type":"image\/jpeg"}],"twitter_card":"summary_large_image","schema":{"@context":"https:\/\/schema.org","@graph":[{"@type":"WebPage","@id":"https:\/\/beebipood.ee\/ru\/produkt\/memi-bambusest-vannilina-85-85-light-grey\/","url":"https:\/\/beebipood.ee\/ru\/produkt\/memi-bambusest-vannilina-85-85-light-grey\/","name":"MEMI bambusest vannilina Rabbit 85\u00d785, light grey, \u041f\u043e\u0441\u0442\u0435\u043b\u044c\u043d\u043e\u0435 \u0431\u0435\u043b\u044c\u0435, \u041e\u0434\u0435\u044f\u043b\u0430, \u043f\u043e\u0434\u0443\u0448\u043a\u0438, \u0434\u043e\u043f\u043e\u043b\u043d\u0435\u043d\u0438\u044f, M\u0435\u0431\u0435\u043b\u044c, Beebipood","isPartOf":{"@id":"https:\/\/beebipood.ee\/ru\/#website"},"primaryImageOfPage":{"@id":"https:\/\/beebipood.ee\/ru\/produkt\/memi-bambusest-vannilina-85-85-light-grey\/#primaryimage"},"image":{"@id":"https:\/\/beebipood.ee\/ru\/produkt\/memi-bambusest-vannilina-85-85-light-grey\/#primaryimage"},"thumbnailUrl":"https:\/\/beebipood.ee\/wp-content\/uploads\/2020\/10\/MEMI-bambusest-vannilina-8585-light-grey-Voodipesu-Tekid-padjad-lisad-Lastemoobel-ja-sisustus_1-68d.jpg","datePublished":"2020-10-23T05:01:23+00:00","dateModified":"2025-01-09T08:48:11+00:00","description":"MEMI bambusest vannilina Rabbit 85\u00d785, light grey, KirjeldusHea imavusega ja eriti pehme bambusest vannir&auml;tik lastele. R&auml;tikul on kapu","breadcrumb":{"@id":"https:\/\/beebipood.ee\/ru\/produkt\/memi-bambusest-vannilina-85-85-light-grey\/#breadcrumb"},"inLanguage":"ru-RU","potentialAction":[{"@type":"ReadAction","target":["https:\/\/beebipood.ee\/ru\/produkt\/memi-bambusest-vannilina-85-85-light-grey\/"]}]},{"@type":"ImageObject","inLanguage":"ru-RU","@id":"https:\/\/beebipood.ee\/ru\/produkt\/memi-bambusest-vannilina-85-85-light-grey\/#primaryimage","url":"https:\/\/beebipood.ee\/wp-content\/uploads\/2020\/10\/MEMI-bambusest-vannilina-8585-light-grey-Voodipesu-Tekid-padjad-lisad-Lastemoobel-ja-sisustus_1-68d.jpg","contentUrl":"https:\/\/beebipood.ee\/wp-content\/uploads\/2020\/10\/MEMI-bambusest-vannilina-8585-light-grey-Voodipesu-Tekid-padjad-lisad-Lastemoobel-ja-sisustus_1-68d.jpg","width":1000,"height":667},{"@type":"BreadcrumbList","@id":"https:\/\/beebipood.ee\/ru\/produkt\/memi-bambusest-vannilina-85-85-light-grey\/#breadcrumb","itemListElement":[{"@type":"ListItem","position":1,"name":"Home","item":"https:\/\/beebipood.ee\/ru\/"},{"@type":"ListItem","position":2,"name":"\u041a\u0430\u0442\u0430\u043b\u043e\u0433 \u0442\u043e\u0432\u0430\u0440\u043e\u0432","item":"https:\/\/beebipood.ee\/tooted\/"},{"@type":"ListItem","position":3,"name":"MEMI bambusest vannilina Rabbit 85\u00d785, light grey"}]},{"@type":"WebSite","@id":"https:\/\/beebipood.ee\/ru\/#website","url":"https:\/\/beebipood.ee\/ru\/","name":"Beebipood","description":"Lastekaubad, beebikaubad, m\u00e4nguasjad","publisher":{"@id":"https:\/\/beebipood.ee\/ru\/#organization"},"potentialAction":[{"@type":"SearchAction","target":{"@type":"EntryPoint","urlTemplate":"https:\/\/beebipood.ee\/ru\/?s={search_term_string}"},"query-input":{"@type":"PropertyValueSpecification","valueRequired":true,"valueName":"search_term_string"}}],"inLanguage":"ru-RU"},{"@type":"Organization","@id":"https:\/\/beebipood.ee\/ru\/#organization","name":"Beebipood","url":"https:\/\/beebipood.ee\/ru\/","logo":{"@type":"ImageObject","inLanguage":"ru-RU","@id":"https:\/\/beebipood.ee\/ru\/#\/schema\/logo\/image\/","url":"https:\/\/beebipood.ee\/wp-content\/uploads\/2025\/03\/beebipood.ee-logo-1.svg","contentUrl":"https:\/\/beebipood.ee\/wp-content\/uploads\/2025\/03\/beebipood.ee-logo-1.svg","caption":"Beebipood"},"image":{"@id":"https:\/\/beebipood.ee\/ru\/#\/schema\/logo\/image\/"}}]}},"brands":[{"id":11973,"name":"MEMI","slug":"memi-ru"}],"_links":{"self":[{"href":"https:\/\/beebipood.ee\/ru\/wp-json\/wp\/v2\/product\/459747","targetHints":{"allow":["GET"]}}],"collection":[{"href":"https:\/\/beebipood.ee\/ru\/wp-json\/wp\/v2\/product"}],"about":[{"href":"https:\/\/beebipood.ee\/ru\/wp-json\/wp\/v2\/types\/product"}],"wp:featuredmedia":[{"embeddable":true,"href":"https:\/\/beebipood.ee\/ru\/wp-json\/wp\/v2\/media\/137016"}],"wp:attachment":[{"href":"https:\/\/beebipood.ee\/ru\/wp-json\/wp\/v2\/media?parent=459747"}],"wp:term":[{"taxonomy":"pwb-brand","embeddable":true,"href":"https:\/\/beebipood.ee\/ru\/wp-json\/wp\/v2\/pwb-brand?post=459747"},{"taxonomy":"product_brand","embeddable":true,"href":"https:\/\/beebipood.ee\/ru\/wp-json\/wp\/v2\/product_brand?post=459747"},{"taxonomy":"product_cat","embeddable":true,"href":"https:\/\/beebipood.ee\/ru\/wp-json\/wp\/v2\/product_cat?post=459747"},{"taxonomy":"product_tag","embeddable":true,"href":"https:\/\/beebipood.ee\/ru\/wp-json\/wp\/v2\/product_tag?post=459747"}],"curies":[{"name":"wp","href":"https:\/\/api.w.org\/{rel}","templated":true}]}}