{"id":459761,"date":"2020-11-02T11:25:57","date_gmt":"2020-11-02T09:25:57","guid":{"rendered":"https:\/\/beebipood.ee\/toode\/babymoov-beebimonitor-premium-care\/"},"modified":"2025-05-01T00:00:25","modified_gmt":"2025-04-30T21:00:25","slug":"babymoov-beebimonitor-premium-care","status":"publish","type":"product","link":"https:\/\/beebipood.ee\/ru\/produkt\/babymoov-beebimonitor-premium-care\/","title":{"rendered":"Babymoov beebimonitor Premium Care"},"content":{"rendered":"<p>Innovaatiline ja multifunktsionaalne beebimonitor, <br \/>millel on selge digitaalne heli ning millel puuduvad igasugused segajad. <br \/>Madal emissioonitase t\u00e4hendab, et need monitorid on lastele ohutud.<\/p>\n<p><span style=\"text-decoration: underline;\">Omadused<\/span><br \/>Leviala 1400m<br \/>LCD puutetundlik ekraan<br \/>Saatjal \u00f6\u00f6valgustus<br \/>Raadiosaatja funktsioon (v\u00f5imalik lapsele vastata)<br \/>V\u00f5imalik eraldi seadistada vastuv\u00f5tja ja saatja helitugevust<br \/>H\u00e4\u00e4laktiveeruv<br \/>Automaatne kanaliotsing<br \/>3 alarmi: heli, valgus, vibratsiooniga<br \/>Annab heliga m\u00e4rku kui levialast v\u00e4ljas v\u00f5i kui aku hakkab t\u00fchjenema<br \/>Temperatuuri n\u00e4idik<br \/>Vastuv\u00f5tjal on liitiumaku<br \/>Toiteallikad: Taaslaetav liitiumaku (vastuv\u00f5tjal) <br \/>ja AAA patareid (edastajal\/saatjal) v\u00f5i l\u00e4bi vooluv\u00f5rgu (komplektis adapterid)<br \/>V\u00f6\u00f6pannal vastuv\u00f5tjal<br \/>Ideaalne beebimonitor mitmikute vanematele. Eraldi on v\u00f5imalik \u00fcks lisasaatja juurde osta.<br \/><span style=\"text-decoration: underline;\">N\u00e4itajad<\/span><br \/>Emissiooni tugevus 2,99mW<br \/>Sagedus 865MHz<\/p>\n","protected":false},"excerpt":{"rendered":"<p>Innovaatiline ja multifunktsionaalne beebimonitor, millel on selge digitaalne heli ning millel puuduvad igasugused segajad. Madal emissioonitase t\u00e4hendab, et need monitorid on lastele ohutud. OmadusedLeviala 1400mLCD puutetundlik ekraanSaatjal \u00f6\u00f6valgustusRaadiosaatja funktsioon (v\u00f5imalik lapsele vastata)V\u00f5imalik eraldi seadistada vastuv\u00f5tja ja saatja helitugevustH\u00e4\u00e4laktiveeruvAutomaatne kanaliotsing3 alarmi: heli, valgus, vibratsioonigaAnnab heliga m\u00e4rku kui levialast v\u00e4ljas v\u00f5i kui aku hakkab t\u00fchjenemaTemperatuuri n\u00e4idikVastuv\u00f5tjal on [&hellip;]<\/p>\n","protected":false},"featured_media":137124,"template":"","meta":{"_acf_changed":false},"pwb-brand":[11976],"product_brand":[],"product_cat":[11573,11707,11709,11791],"product_tag":[],"class_list":{"0":"post-459761","1":"product","2":"type-product","3":"status-publish","4":"has-post-thumbnail","6":"pwb-brand-babymoov-ru","7":"product_cat-sooduspakkumised-ru","8":"product_cat-beebimonitorid-ru","9":"product_cat-sootmistoolid-beebi-ja-lastetarbed-mahkimine-hugieen-ru","10":"product_cat-turvavarustus-ru","11":"pa_manufacturer-babymoov-ru","13":"first","14":"onbackorder","15":"sale","16":"taxable","17":"shipping-taxable","18":"purchasable","19":"product-type-simple"},"exclude_global_add_ons":[],"addons":[],"acf":[],"yoast_head":"<!-- This site is optimized with the Yoast SEO plugin v27.1.1 - https:\/\/yoast.com\/product\/yoast-seo-wordpress\/ -->\n<title>Babymoov beebimonitor Premium Care, \u0421\u041a\u0418\u0414\u041a\u0418, \u0420\u0430\u0434\u0438\u043e\u043d\u044f\u043d\u0438, \u041f\u0440\u0438\u043d\u0430\u0434\u043b\u0435\u0436\u043d\u043e\u0441\u0442\u0438 \u0434\u043b\u044f \u043c\u043b\u0430\u0434\u0435\u043d\u0446\u0435\u0432, \u0421\u043d\u0430\u0440\u044f\u0436\u0435\u043d\u0438\u044f \u0431\u0435\u0437\u043e\u043f\u0430\u0441\u043d\u043e\u0441\u0442\u0438, Beebipood<\/title>\n<meta name=\"description\" content=\"Babymoov beebimonitor Premium Care, Innovaatiline ja multifunktsionaalne beebimonitor, millel on selge digitaalne heli ning millel puuduvad igasugused\" \/>\n<meta name=\"robots\" content=\"index, follow, max-snippet:-1, max-image-preview:large, max-video-preview:-1\" \/>\n<link rel=\"canonical\" href=\"https:\/\/beebipood.ee\/ru\/produkt\/babymoov-beebimonitor-premium-care\/\" \/>\n<meta property=\"og:locale\" content=\"ru_RU\" \/>\n<meta property=\"og:type\" content=\"article\" \/>\n<meta property=\"og:title\" content=\"Babymoov beebimonitor Premium Care, \u0421\u041a\u0418\u0414\u041a\u0418, \u0420\u0430\u0434\u0438\u043e\u043d\u044f\u043d\u0438, \u041f\u0440\u0438\u043d\u0430\u0434\u043b\u0435\u0436\u043d\u043e\u0441\u0442\u0438 \u0434\u043b\u044f \u043c\u043b\u0430\u0434\u0435\u043d\u0446\u0435\u0432, \u0421\u043d\u0430\u0440\u044f\u0436\u0435\u043d\u0438\u044f \u0431\u0435\u0437\u043e\u043f\u0430\u0441\u043d\u043e\u0441\u0442\u0438, Beebipood\" \/>\n<meta property=\"og:description\" content=\"Babymoov beebimonitor Premium Care, Innovaatiline ja multifunktsionaalne beebimonitor, millel on selge digitaalne heli ning millel puuduvad igasugused\" \/>\n<meta property=\"og:url\" content=\"https:\/\/beebipood.ee\/ru\/produkt\/babymoov-beebimonitor-premium-care\/\" \/>\n<meta property=\"og:site_name\" content=\"Beebipood\" \/>\n<meta property=\"article:modified_time\" content=\"2025-04-30T21:00:25+00:00\" \/>\n<meta property=\"og:image\" content=\"https:\/\/beebipood.ee\/wp-content\/uploads\/2020\/11\/Babymoov-beebimonitor-Premium-Care-SOODUSPAKKUMISED-Beebimonitorid-Beebi-ja-lastetarbed-Turvavarustus_1-518.jpg\" \/>\n\t<meta property=\"og:image:width\" content=\"955\" \/>\n\t<meta property=\"og:image:height\" content=\"638\" \/>\n\t<meta property=\"og:image:type\" content=\"image\/jpeg\" \/>\n<meta name=\"twitter:card\" content=\"summary_large_image\" \/>\n<meta name=\"twitter:label1\" content=\"\u041f\u0440\u0438\u043c\u0435\u0440\u043d\u043e\u0435 \u0432\u0440\u0435\u043c\u044f \u0434\u043b\u044f \u0447\u0442\u0435\u043d\u0438\u044f\" \/>\n\t<meta name=\"twitter:data1\" content=\"1 \u043c\u0438\u043d\u0443\u0442\u0430\" \/>\n<script type=\"application\/ld+json\" class=\"yoast-schema-graph\">{\"@context\":\"https:\/\/schema.org\",\"@graph\":[{\"@type\":\"WebPage\",\"@id\":\"https:\/\/beebipood.ee\/ru\/produkt\/babymoov-beebimonitor-premium-care\/\",\"url\":\"https:\/\/beebipood.ee\/ru\/produkt\/babymoov-beebimonitor-premium-care\/\",\"name\":\"Babymoov beebimonitor Premium Care, \u0421\u041a\u0418\u0414\u041a\u0418, \u0420\u0430\u0434\u0438\u043e\u043d\u044f\u043d\u0438, \u041f\u0440\u0438\u043d\u0430\u0434\u043b\u0435\u0436\u043d\u043e\u0441\u0442\u0438 \u0434\u043b\u044f \u043c\u043b\u0430\u0434\u0435\u043d\u0446\u0435\u0432, \u0421\u043d\u0430\u0440\u044f\u0436\u0435\u043d\u0438\u044f \u0431\u0435\u0437\u043e\u043f\u0430\u0441\u043d\u043e\u0441\u0442\u0438, Beebipood\",\"isPartOf\":{\"@id\":\"https:\/\/beebipood.ee\/ru\/#website\"},\"primaryImageOfPage\":{\"@id\":\"https:\/\/beebipood.ee\/ru\/produkt\/babymoov-beebimonitor-premium-care\/#primaryimage\"},\"image\":{\"@id\":\"https:\/\/beebipood.ee\/ru\/produkt\/babymoov-beebimonitor-premium-care\/#primaryimage\"},\"thumbnailUrl\":\"https:\/\/beebipood.ee\/wp-content\/uploads\/2020\/11\/Babymoov-beebimonitor-Premium-Care-SOODUSPAKKUMISED-Beebimonitorid-Beebi-ja-lastetarbed-Turvavarustus_1-518.jpg\",\"datePublished\":\"2020-11-02T09:25:57+00:00\",\"dateModified\":\"2025-04-30T21:00:25+00:00\",\"description\":\"Babymoov beebimonitor Premium Care, Innovaatiline ja multifunktsionaalne beebimonitor, millel on selge digitaalne heli ning millel puuduvad igasugused\",\"breadcrumb\":{\"@id\":\"https:\/\/beebipood.ee\/ru\/produkt\/babymoov-beebimonitor-premium-care\/#breadcrumb\"},\"inLanguage\":\"ru-RU\",\"potentialAction\":[{\"@type\":\"ReadAction\",\"target\":[\"https:\/\/beebipood.ee\/ru\/produkt\/babymoov-beebimonitor-premium-care\/\"]}]},{\"@type\":\"ImageObject\",\"inLanguage\":\"ru-RU\",\"@id\":\"https:\/\/beebipood.ee\/ru\/produkt\/babymoov-beebimonitor-premium-care\/#primaryimage\",\"url\":\"https:\/\/beebipood.ee\/wp-content\/uploads\/2020\/11\/Babymoov-beebimonitor-Premium-Care-SOODUSPAKKUMISED-Beebimonitorid-Beebi-ja-lastetarbed-Turvavarustus_1-518.jpg\",\"contentUrl\":\"https:\/\/beebipood.ee\/wp-content\/uploads\/2020\/11\/Babymoov-beebimonitor-Premium-Care-SOODUSPAKKUMISED-Beebimonitorid-Beebi-ja-lastetarbed-Turvavarustus_1-518.jpg\",\"width\":955,\"height\":638},{\"@type\":\"BreadcrumbList\",\"@id\":\"https:\/\/beebipood.ee\/ru\/produkt\/babymoov-beebimonitor-premium-care\/#breadcrumb\",\"itemListElement\":[{\"@type\":\"ListItem\",\"position\":1,\"name\":\"Home\",\"item\":\"https:\/\/beebipood.ee\/ru\/\"},{\"@type\":\"ListItem\",\"position\":2,\"name\":\"\u041a\u0430\u0442\u0430\u043b\u043e\u0433 \u0442\u043e\u0432\u0430\u0440\u043e\u0432\",\"item\":\"https:\/\/beebipood.ee\/tooted\/\"},{\"@type\":\"ListItem\",\"position\":3,\"name\":\"Babymoov beebimonitor Premium Care\"}]},{\"@type\":\"WebSite\",\"@id\":\"https:\/\/beebipood.ee\/ru\/#website\",\"url\":\"https:\/\/beebipood.ee\/ru\/\",\"name\":\"Beebipood\",\"description\":\"Lastekaubad, beebikaubad, m\u00e4nguasjad\",\"publisher\":{\"@id\":\"https:\/\/beebipood.ee\/ru\/#organization\"},\"potentialAction\":[{\"@type\":\"SearchAction\",\"target\":{\"@type\":\"EntryPoint\",\"urlTemplate\":\"https:\/\/beebipood.ee\/ru\/?s={search_term_string}\"},\"query-input\":{\"@type\":\"PropertyValueSpecification\",\"valueRequired\":true,\"valueName\":\"search_term_string\"}}],\"inLanguage\":\"ru-RU\"},{\"@type\":\"Organization\",\"@id\":\"https:\/\/beebipood.ee\/ru\/#organization\",\"name\":\"Beebipood\",\"url\":\"https:\/\/beebipood.ee\/ru\/\",\"logo\":{\"@type\":\"ImageObject\",\"inLanguage\":\"ru-RU\",\"@id\":\"https:\/\/beebipood.ee\/ru\/#\/schema\/logo\/image\/\",\"url\":\"https:\/\/beebipood.ee\/wp-content\/uploads\/2025\/03\/beebipood.ee-logo-1.svg\",\"contentUrl\":\"https:\/\/beebipood.ee\/wp-content\/uploads\/2025\/03\/beebipood.ee-logo-1.svg\",\"caption\":\"Beebipood\"},\"image\":{\"@id\":\"https:\/\/beebipood.ee\/ru\/#\/schema\/logo\/image\/\"}}]}<\/script>\n<!-- \/ Yoast SEO plugin. -->","yoast_head_json":{"title":"Babymoov beebimonitor Premium Care, \u0421\u041a\u0418\u0414\u041a\u0418, \u0420\u0430\u0434\u0438\u043e\u043d\u044f\u043d\u0438, \u041f\u0440\u0438\u043d\u0430\u0434\u043b\u0435\u0436\u043d\u043e\u0441\u0442\u0438 \u0434\u043b\u044f \u043c\u043b\u0430\u0434\u0435\u043d\u0446\u0435\u0432, \u0421\u043d\u0430\u0440\u044f\u0436\u0435\u043d\u0438\u044f \u0431\u0435\u0437\u043e\u043f\u0430\u0441\u043d\u043e\u0441\u0442\u0438, Beebipood","description":"Babymoov beebimonitor Premium Care, Innovaatiline ja multifunktsionaalne beebimonitor, millel on selge digitaalne heli ning millel puuduvad igasugused","robots":{"index":"index","follow":"follow","max-snippet":"max-snippet:-1","max-image-preview":"max-image-preview:large","max-video-preview":"max-video-preview:-1"},"canonical":"https:\/\/beebipood.ee\/ru\/produkt\/babymoov-beebimonitor-premium-care\/","og_locale":"ru_RU","og_type":"article","og_title":"Babymoov beebimonitor Premium Care, \u0421\u041a\u0418\u0414\u041a\u0418, \u0420\u0430\u0434\u0438\u043e\u043d\u044f\u043d\u0438, \u041f\u0440\u0438\u043d\u0430\u0434\u043b\u0435\u0436\u043d\u043e\u0441\u0442\u0438 \u0434\u043b\u044f \u043c\u043b\u0430\u0434\u0435\u043d\u0446\u0435\u0432, \u0421\u043d\u0430\u0440\u044f\u0436\u0435\u043d\u0438\u044f \u0431\u0435\u0437\u043e\u043f\u0430\u0441\u043d\u043e\u0441\u0442\u0438, Beebipood","og_description":"Babymoov beebimonitor Premium Care, Innovaatiline ja multifunktsionaalne beebimonitor, millel on selge digitaalne heli ning millel puuduvad igasugused","og_url":"https:\/\/beebipood.ee\/ru\/produkt\/babymoov-beebimonitor-premium-care\/","og_site_name":"Beebipood","article_modified_time":"2025-04-30T21:00:25+00:00","og_image":[{"width":955,"height":638,"url":"https:\/\/beebipood.ee\/wp-content\/uploads\/2020\/11\/Babymoov-beebimonitor-Premium-Care-SOODUSPAKKUMISED-Beebimonitorid-Beebi-ja-lastetarbed-Turvavarustus_1-518.jpg","type":"image\/jpeg"}],"twitter_card":"summary_large_image","twitter_misc":{"\u041f\u0440\u0438\u043c\u0435\u0440\u043d\u043e\u0435 \u0432\u0440\u0435\u043c\u044f \u0434\u043b\u044f \u0447\u0442\u0435\u043d\u0438\u044f":"1 \u043c\u0438\u043d\u0443\u0442\u0430"},"schema":{"@context":"https:\/\/schema.org","@graph":[{"@type":"WebPage","@id":"https:\/\/beebipood.ee\/ru\/produkt\/babymoov-beebimonitor-premium-care\/","url":"https:\/\/beebipood.ee\/ru\/produkt\/babymoov-beebimonitor-premium-care\/","name":"Babymoov beebimonitor Premium Care, \u0421\u041a\u0418\u0414\u041a\u0418, \u0420\u0430\u0434\u0438\u043e\u043d\u044f\u043d\u0438, \u041f\u0440\u0438\u043d\u0430\u0434\u043b\u0435\u0436\u043d\u043e\u0441\u0442\u0438 \u0434\u043b\u044f \u043c\u043b\u0430\u0434\u0435\u043d\u0446\u0435\u0432, \u0421\u043d\u0430\u0440\u044f\u0436\u0435\u043d\u0438\u044f \u0431\u0435\u0437\u043e\u043f\u0430\u0441\u043d\u043e\u0441\u0442\u0438, Beebipood","isPartOf":{"@id":"https:\/\/beebipood.ee\/ru\/#website"},"primaryImageOfPage":{"@id":"https:\/\/beebipood.ee\/ru\/produkt\/babymoov-beebimonitor-premium-care\/#primaryimage"},"image":{"@id":"https:\/\/beebipood.ee\/ru\/produkt\/babymoov-beebimonitor-premium-care\/#primaryimage"},"thumbnailUrl":"https:\/\/beebipood.ee\/wp-content\/uploads\/2020\/11\/Babymoov-beebimonitor-Premium-Care-SOODUSPAKKUMISED-Beebimonitorid-Beebi-ja-lastetarbed-Turvavarustus_1-518.jpg","datePublished":"2020-11-02T09:25:57+00:00","dateModified":"2025-04-30T21:00:25+00:00","description":"Babymoov beebimonitor Premium Care, Innovaatiline ja multifunktsionaalne beebimonitor, millel on selge digitaalne heli ning millel puuduvad igasugused","breadcrumb":{"@id":"https:\/\/beebipood.ee\/ru\/produkt\/babymoov-beebimonitor-premium-care\/#breadcrumb"},"inLanguage":"ru-RU","potentialAction":[{"@type":"ReadAction","target":["https:\/\/beebipood.ee\/ru\/produkt\/babymoov-beebimonitor-premium-care\/"]}]},{"@type":"ImageObject","inLanguage":"ru-RU","@id":"https:\/\/beebipood.ee\/ru\/produkt\/babymoov-beebimonitor-premium-care\/#primaryimage","url":"https:\/\/beebipood.ee\/wp-content\/uploads\/2020\/11\/Babymoov-beebimonitor-Premium-Care-SOODUSPAKKUMISED-Beebimonitorid-Beebi-ja-lastetarbed-Turvavarustus_1-518.jpg","contentUrl":"https:\/\/beebipood.ee\/wp-content\/uploads\/2020\/11\/Babymoov-beebimonitor-Premium-Care-SOODUSPAKKUMISED-Beebimonitorid-Beebi-ja-lastetarbed-Turvavarustus_1-518.jpg","width":955,"height":638},{"@type":"BreadcrumbList","@id":"https:\/\/beebipood.ee\/ru\/produkt\/babymoov-beebimonitor-premium-care\/#breadcrumb","itemListElement":[{"@type":"ListItem","position":1,"name":"Home","item":"https:\/\/beebipood.ee\/ru\/"},{"@type":"ListItem","position":2,"name":"\u041a\u0430\u0442\u0430\u043b\u043e\u0433 \u0442\u043e\u0432\u0430\u0440\u043e\u0432","item":"https:\/\/beebipood.ee\/tooted\/"},{"@type":"ListItem","position":3,"name":"Babymoov beebimonitor Premium Care"}]},{"@type":"WebSite","@id":"https:\/\/beebipood.ee\/ru\/#website","url":"https:\/\/beebipood.ee\/ru\/","name":"Beebipood","description":"Lastekaubad, beebikaubad, m\u00e4nguasjad","publisher":{"@id":"https:\/\/beebipood.ee\/ru\/#organization"},"potentialAction":[{"@type":"SearchAction","target":{"@type":"EntryPoint","urlTemplate":"https:\/\/beebipood.ee\/ru\/?s={search_term_string}"},"query-input":{"@type":"PropertyValueSpecification","valueRequired":true,"valueName":"search_term_string"}}],"inLanguage":"ru-RU"},{"@type":"Organization","@id":"https:\/\/beebipood.ee\/ru\/#organization","name":"Beebipood","url":"https:\/\/beebipood.ee\/ru\/","logo":{"@type":"ImageObject","inLanguage":"ru-RU","@id":"https:\/\/beebipood.ee\/ru\/#\/schema\/logo\/image\/","url":"https:\/\/beebipood.ee\/wp-content\/uploads\/2025\/03\/beebipood.ee-logo-1.svg","contentUrl":"https:\/\/beebipood.ee\/wp-content\/uploads\/2025\/03\/beebipood.ee-logo-1.svg","caption":"Beebipood"},"image":{"@id":"https:\/\/beebipood.ee\/ru\/#\/schema\/logo\/image\/"}}]}},"brands":[{"id":11976,"name":"Babymoov","slug":"babymoov-ru"}],"_links":{"self":[{"href":"https:\/\/beebipood.ee\/ru\/wp-json\/wp\/v2\/product\/459761","targetHints":{"allow":["GET"]}}],"collection":[{"href":"https:\/\/beebipood.ee\/ru\/wp-json\/wp\/v2\/product"}],"about":[{"href":"https:\/\/beebipood.ee\/ru\/wp-json\/wp\/v2\/types\/product"}],"wp:featuredmedia":[{"embeddable":true,"href":"https:\/\/beebipood.ee\/ru\/wp-json\/wp\/v2\/media\/137124"}],"wp:attachment":[{"href":"https:\/\/beebipood.ee\/ru\/wp-json\/wp\/v2\/media?parent=459761"}],"wp:term":[{"taxonomy":"pwb-brand","embeddable":true,"href":"https:\/\/beebipood.ee\/ru\/wp-json\/wp\/v2\/pwb-brand?post=459761"},{"taxonomy":"product_brand","embeddable":true,"href":"https:\/\/beebipood.ee\/ru\/wp-json\/wp\/v2\/product_brand?post=459761"},{"taxonomy":"product_cat","embeddable":true,"href":"https:\/\/beebipood.ee\/ru\/wp-json\/wp\/v2\/product_cat?post=459761"},{"taxonomy":"product_tag","embeddable":true,"href":"https:\/\/beebipood.ee\/ru\/wp-json\/wp\/v2\/product_tag?post=459761"}],"curies":[{"name":"wp","href":"https:\/\/api.w.org\/{rel}","templated":true}]}}