{"id":459769,"date":"2020-11-11T10:12:08","date_gmt":"2020-11-11T08:12:08","guid":{"rendered":"https:\/\/beebipood.ee\/toode\/thule-internal-hub-hitch-adapter-shimano\/"},"modified":"2025-01-09T10:48:10","modified_gmt":"2025-01-09T08:48:10","slug":"thule-internal-hub-hitch-adapter-shimano","status":"publish","type":"product","link":"https:\/\/beebipood.ee\/ru\/produkt\/thule-internal-hub-hitch-adapter-shimano\/","title":{"rendered":"Thule internal hub hitch adapter Shimano"},"content":{"rendered":"<p>V\u00f5imaldab \u00fchildada Thule Jalgratta Kit-i jalgrattaga.<br \/>Lihtne ja kerge paigaldada.<br \/>\u00dchilduvus<br \/>Thule Chariot Cheetah, Thule Cadence, Thule Chariot Cab, <br \/>Thule Coaster XT, Thule Chariot CX, Thule Chariot Cougar, <br \/>Thule Chariot Captain, Thule Chariot Corsaire, Thule Chariot Cheetah XT, <br \/>Thule Chariot Cross, Thule Chariot Lite, Thule Chariot Sport<\/p>\n","protected":false},"excerpt":{"rendered":"<p>V\u00f5imaldab \u00fchildada Thule Jalgratta Kit-i jalgrattaga.Lihtne ja kerge paigaldada.\u00dchilduvusThule Chariot Cheetah, Thule Cadence, Thule Chariot Cab, Thule Coaster XT, Thule Chariot CX, Thule Chariot Cougar, Thule Chariot Captain, Thule Chariot Corsaire, Thule Chariot Cheetah XT, Thule Chariot Cross, Thule Chariot Lite, Thule Chariot Sport<\/p>\n","protected":false},"featured_media":173437,"template":"","meta":{"_acf_changed":false},"pwb-brand":[11980],"product_brand":[],"product_cat":[11573,11841,11847],"product_tag":[],"class_list":{"0":"post-459769","1":"product","2":"type-product","3":"status-publish","4":"has-post-thumbnail","6":"pwb-brand-thule-ru","7":"product_cat-sooduspakkumised-ru","8":"product_cat-jalgrattahaagised-ru","9":"product_cat-thule-ru","10":"pa_manufacturer-thule-ru","12":"first","13":"onbackorder","14":"taxable","15":"shipping-taxable","16":"purchasable","17":"product-type-simple"},"exclude_global_add_ons":[],"addons":[],"acf":[],"yoast_head":"<!-- This site is optimized with the Yoast SEO plugin v27.1.1 - https:\/\/yoast.com\/product\/yoast-seo-wordpress\/ -->\n<title>Thule internal hub hitch adapter Shimano, \u0421\u041a\u0418\u0414\u041a\u0418, \u041b\u043e\u0448\u0430\u0434\u043a\u0430-\u043a\u0430\u0447\u0430\u043b\u043a\u0430, \u041f\u0440\u0438\u0446\u0435\u043f\u044b \u0434\u043b\u044f \u0432\u0435\u043b\u043e\u0441\u0438\u043f\u0435\u0434\u0430, THULE, Beebipood<\/title>\n<meta name=\"description\" content=\"Thule internal hub hitch adapter Shimano, V&otilde;imaldab &uuml;hildada Thule Jalgratta Kit-i jalgrattaga.Lihtne ja kerge paigaldada.&Uuml;hildu\" \/>\n<meta name=\"robots\" content=\"index, follow, max-snippet:-1, max-image-preview:large, max-video-preview:-1\" \/>\n<link rel=\"canonical\" href=\"https:\/\/beebipood.ee\/ru\/produkt\/thule-internal-hub-hitch-adapter-shimano\/\" \/>\n<meta property=\"og:locale\" content=\"ru_RU\" \/>\n<meta property=\"og:type\" content=\"article\" \/>\n<meta property=\"og:title\" content=\"Thule internal hub hitch adapter Shimano, \u0421\u041a\u0418\u0414\u041a\u0418, \u041b\u043e\u0448\u0430\u0434\u043a\u0430-\u043a\u0430\u0447\u0430\u043b\u043a\u0430, \u041f\u0440\u0438\u0446\u0435\u043f\u044b \u0434\u043b\u044f \u0432\u0435\u043b\u043e\u0441\u0438\u043f\u0435\u0434\u0430, THULE, Beebipood\" \/>\n<meta property=\"og:description\" content=\"Thule internal hub hitch adapter Shimano, V&otilde;imaldab &uuml;hildada Thule Jalgratta Kit-i jalgrattaga.Lihtne ja kerge paigaldada.&Uuml;hildu\" \/>\n<meta property=\"og:url\" content=\"https:\/\/beebipood.ee\/ru\/produkt\/thule-internal-hub-hitch-adapter-shimano\/\" \/>\n<meta property=\"og:site_name\" content=\"Beebipood\" \/>\n<meta property=\"article:modified_time\" content=\"2025-01-09T08:48:10+00:00\" \/>\n<meta property=\"og:image\" content=\"https:\/\/beebipood.ee\/wp-content\/uploads\/2020\/11\/thule_internal_hub_hitch_adapter-57b.png\" \/>\n\t<meta property=\"og:image:width\" content=\"800\" \/>\n\t<meta property=\"og:image:height\" content=\"800\" \/>\n\t<meta property=\"og:image:type\" content=\"image\/png\" \/>\n<meta name=\"twitter:card\" content=\"summary_large_image\" \/>\n<script type=\"application\/ld+json\" class=\"yoast-schema-graph\">{\"@context\":\"https:\/\/schema.org\",\"@graph\":[{\"@type\":\"WebPage\",\"@id\":\"https:\/\/beebipood.ee\/ru\/produkt\/thule-internal-hub-hitch-adapter-shimano\/\",\"url\":\"https:\/\/beebipood.ee\/ru\/produkt\/thule-internal-hub-hitch-adapter-shimano\/\",\"name\":\"Thule internal hub hitch adapter Shimano, \u0421\u041a\u0418\u0414\u041a\u0418, \u041b\u043e\u0448\u0430\u0434\u043a\u0430-\u043a\u0430\u0447\u0430\u043b\u043a\u0430, \u041f\u0440\u0438\u0446\u0435\u043f\u044b \u0434\u043b\u044f \u0432\u0435\u043b\u043e\u0441\u0438\u043f\u0435\u0434\u0430, THULE, Beebipood\",\"isPartOf\":{\"@id\":\"https:\/\/beebipood.ee\/ru\/#website\"},\"primaryImageOfPage\":{\"@id\":\"https:\/\/beebipood.ee\/ru\/produkt\/thule-internal-hub-hitch-adapter-shimano\/#primaryimage\"},\"image\":{\"@id\":\"https:\/\/beebipood.ee\/ru\/produkt\/thule-internal-hub-hitch-adapter-shimano\/#primaryimage\"},\"thumbnailUrl\":\"https:\/\/beebipood.ee\/wp-content\/uploads\/2020\/11\/thule_internal_hub_hitch_adapter-57b.png\",\"datePublished\":\"2020-11-11T08:12:08+00:00\",\"dateModified\":\"2025-01-09T08:48:10+00:00\",\"description\":\"Thule internal hub hitch adapter Shimano, V&otilde;imaldab &uuml;hildada Thule Jalgratta Kit-i jalgrattaga.Lihtne ja kerge paigaldada.&Uuml;hildu\",\"breadcrumb\":{\"@id\":\"https:\/\/beebipood.ee\/ru\/produkt\/thule-internal-hub-hitch-adapter-shimano\/#breadcrumb\"},\"inLanguage\":\"ru-RU\",\"potentialAction\":[{\"@type\":\"ReadAction\",\"target\":[\"https:\/\/beebipood.ee\/ru\/produkt\/thule-internal-hub-hitch-adapter-shimano\/\"]}]},{\"@type\":\"ImageObject\",\"inLanguage\":\"ru-RU\",\"@id\":\"https:\/\/beebipood.ee\/ru\/produkt\/thule-internal-hub-hitch-adapter-shimano\/#primaryimage\",\"url\":\"https:\/\/beebipood.ee\/wp-content\/uploads\/2020\/11\/thule_internal_hub_hitch_adapter-57b.png\",\"contentUrl\":\"https:\/\/beebipood.ee\/wp-content\/uploads\/2020\/11\/thule_internal_hub_hitch_adapter-57b.png\",\"width\":800,\"height\":800},{\"@type\":\"BreadcrumbList\",\"@id\":\"https:\/\/beebipood.ee\/ru\/produkt\/thule-internal-hub-hitch-adapter-shimano\/#breadcrumb\",\"itemListElement\":[{\"@type\":\"ListItem\",\"position\":1,\"name\":\"Home\",\"item\":\"https:\/\/beebipood.ee\/ru\/\"},{\"@type\":\"ListItem\",\"position\":2,\"name\":\"\u041a\u0430\u0442\u0430\u043b\u043e\u0433 \u0442\u043e\u0432\u0430\u0440\u043e\u0432\",\"item\":\"https:\/\/beebipood.ee\/tooted\/\"},{\"@type\":\"ListItem\",\"position\":3,\"name\":\"Thule internal hub hitch adapter Shimano\"}]},{\"@type\":\"WebSite\",\"@id\":\"https:\/\/beebipood.ee\/ru\/#website\",\"url\":\"https:\/\/beebipood.ee\/ru\/\",\"name\":\"Beebipood\",\"description\":\"Lastekaubad, beebikaubad, m\u00e4nguasjad\",\"publisher\":{\"@id\":\"https:\/\/beebipood.ee\/ru\/#organization\"},\"potentialAction\":[{\"@type\":\"SearchAction\",\"target\":{\"@type\":\"EntryPoint\",\"urlTemplate\":\"https:\/\/beebipood.ee\/ru\/?s={search_term_string}\"},\"query-input\":{\"@type\":\"PropertyValueSpecification\",\"valueRequired\":true,\"valueName\":\"search_term_string\"}}],\"inLanguage\":\"ru-RU\"},{\"@type\":\"Organization\",\"@id\":\"https:\/\/beebipood.ee\/ru\/#organization\",\"name\":\"Beebipood\",\"url\":\"https:\/\/beebipood.ee\/ru\/\",\"logo\":{\"@type\":\"ImageObject\",\"inLanguage\":\"ru-RU\",\"@id\":\"https:\/\/beebipood.ee\/ru\/#\/schema\/logo\/image\/\",\"url\":\"https:\/\/beebipood.ee\/wp-content\/uploads\/2025\/03\/beebipood.ee-logo-1.svg\",\"contentUrl\":\"https:\/\/beebipood.ee\/wp-content\/uploads\/2025\/03\/beebipood.ee-logo-1.svg\",\"caption\":\"Beebipood\"},\"image\":{\"@id\":\"https:\/\/beebipood.ee\/ru\/#\/schema\/logo\/image\/\"}}]}<\/script>\n<!-- \/ Yoast SEO plugin. -->","yoast_head_json":{"title":"Thule internal hub hitch adapter Shimano, \u0421\u041a\u0418\u0414\u041a\u0418, \u041b\u043e\u0448\u0430\u0434\u043a\u0430-\u043a\u0430\u0447\u0430\u043b\u043a\u0430, \u041f\u0440\u0438\u0446\u0435\u043f\u044b \u0434\u043b\u044f \u0432\u0435\u043b\u043e\u0441\u0438\u043f\u0435\u0434\u0430, THULE, Beebipood","description":"Thule internal hub hitch adapter Shimano, V&otilde;imaldab &uuml;hildada Thule Jalgratta Kit-i jalgrattaga.Lihtne ja kerge paigaldada.&Uuml;hildu","robots":{"index":"index","follow":"follow","max-snippet":"max-snippet:-1","max-image-preview":"max-image-preview:large","max-video-preview":"max-video-preview:-1"},"canonical":"https:\/\/beebipood.ee\/ru\/produkt\/thule-internal-hub-hitch-adapter-shimano\/","og_locale":"ru_RU","og_type":"article","og_title":"Thule internal hub hitch adapter Shimano, \u0421\u041a\u0418\u0414\u041a\u0418, \u041b\u043e\u0448\u0430\u0434\u043a\u0430-\u043a\u0430\u0447\u0430\u043b\u043a\u0430, \u041f\u0440\u0438\u0446\u0435\u043f\u044b \u0434\u043b\u044f \u0432\u0435\u043b\u043e\u0441\u0438\u043f\u0435\u0434\u0430, THULE, Beebipood","og_description":"Thule internal hub hitch adapter Shimano, V&otilde;imaldab &uuml;hildada Thule Jalgratta Kit-i jalgrattaga.Lihtne ja kerge paigaldada.&Uuml;hildu","og_url":"https:\/\/beebipood.ee\/ru\/produkt\/thule-internal-hub-hitch-adapter-shimano\/","og_site_name":"Beebipood","article_modified_time":"2025-01-09T08:48:10+00:00","og_image":[{"width":800,"height":800,"url":"https:\/\/beebipood.ee\/wp-content\/uploads\/2020\/11\/thule_internal_hub_hitch_adapter-57b.png","type":"image\/png"}],"twitter_card":"summary_large_image","schema":{"@context":"https:\/\/schema.org","@graph":[{"@type":"WebPage","@id":"https:\/\/beebipood.ee\/ru\/produkt\/thule-internal-hub-hitch-adapter-shimano\/","url":"https:\/\/beebipood.ee\/ru\/produkt\/thule-internal-hub-hitch-adapter-shimano\/","name":"Thule internal hub hitch adapter Shimano, \u0421\u041a\u0418\u0414\u041a\u0418, \u041b\u043e\u0448\u0430\u0434\u043a\u0430-\u043a\u0430\u0447\u0430\u043b\u043a\u0430, \u041f\u0440\u0438\u0446\u0435\u043f\u044b \u0434\u043b\u044f \u0432\u0435\u043b\u043e\u0441\u0438\u043f\u0435\u0434\u0430, THULE, Beebipood","isPartOf":{"@id":"https:\/\/beebipood.ee\/ru\/#website"},"primaryImageOfPage":{"@id":"https:\/\/beebipood.ee\/ru\/produkt\/thule-internal-hub-hitch-adapter-shimano\/#primaryimage"},"image":{"@id":"https:\/\/beebipood.ee\/ru\/produkt\/thule-internal-hub-hitch-adapter-shimano\/#primaryimage"},"thumbnailUrl":"https:\/\/beebipood.ee\/wp-content\/uploads\/2020\/11\/thule_internal_hub_hitch_adapter-57b.png","datePublished":"2020-11-11T08:12:08+00:00","dateModified":"2025-01-09T08:48:10+00:00","description":"Thule internal hub hitch adapter Shimano, V&otilde;imaldab &uuml;hildada Thule Jalgratta Kit-i jalgrattaga.Lihtne ja kerge paigaldada.&Uuml;hildu","breadcrumb":{"@id":"https:\/\/beebipood.ee\/ru\/produkt\/thule-internal-hub-hitch-adapter-shimano\/#breadcrumb"},"inLanguage":"ru-RU","potentialAction":[{"@type":"ReadAction","target":["https:\/\/beebipood.ee\/ru\/produkt\/thule-internal-hub-hitch-adapter-shimano\/"]}]},{"@type":"ImageObject","inLanguage":"ru-RU","@id":"https:\/\/beebipood.ee\/ru\/produkt\/thule-internal-hub-hitch-adapter-shimano\/#primaryimage","url":"https:\/\/beebipood.ee\/wp-content\/uploads\/2020\/11\/thule_internal_hub_hitch_adapter-57b.png","contentUrl":"https:\/\/beebipood.ee\/wp-content\/uploads\/2020\/11\/thule_internal_hub_hitch_adapter-57b.png","width":800,"height":800},{"@type":"BreadcrumbList","@id":"https:\/\/beebipood.ee\/ru\/produkt\/thule-internal-hub-hitch-adapter-shimano\/#breadcrumb","itemListElement":[{"@type":"ListItem","position":1,"name":"Home","item":"https:\/\/beebipood.ee\/ru\/"},{"@type":"ListItem","position":2,"name":"\u041a\u0430\u0442\u0430\u043b\u043e\u0433 \u0442\u043e\u0432\u0430\u0440\u043e\u0432","item":"https:\/\/beebipood.ee\/tooted\/"},{"@type":"ListItem","position":3,"name":"Thule internal hub hitch adapter Shimano"}]},{"@type":"WebSite","@id":"https:\/\/beebipood.ee\/ru\/#website","url":"https:\/\/beebipood.ee\/ru\/","name":"Beebipood","description":"Lastekaubad, beebikaubad, m\u00e4nguasjad","publisher":{"@id":"https:\/\/beebipood.ee\/ru\/#organization"},"potentialAction":[{"@type":"SearchAction","target":{"@type":"EntryPoint","urlTemplate":"https:\/\/beebipood.ee\/ru\/?s={search_term_string}"},"query-input":{"@type":"PropertyValueSpecification","valueRequired":true,"valueName":"search_term_string"}}],"inLanguage":"ru-RU"},{"@type":"Organization","@id":"https:\/\/beebipood.ee\/ru\/#organization","name":"Beebipood","url":"https:\/\/beebipood.ee\/ru\/","logo":{"@type":"ImageObject","inLanguage":"ru-RU","@id":"https:\/\/beebipood.ee\/ru\/#\/schema\/logo\/image\/","url":"https:\/\/beebipood.ee\/wp-content\/uploads\/2025\/03\/beebipood.ee-logo-1.svg","contentUrl":"https:\/\/beebipood.ee\/wp-content\/uploads\/2025\/03\/beebipood.ee-logo-1.svg","caption":"Beebipood"},"image":{"@id":"https:\/\/beebipood.ee\/ru\/#\/schema\/logo\/image\/"}}]}},"brands":[{"id":11980,"name":"THULE","slug":"thule-ru"}],"_links":{"self":[{"href":"https:\/\/beebipood.ee\/ru\/wp-json\/wp\/v2\/product\/459769","targetHints":{"allow":["GET"]}}],"collection":[{"href":"https:\/\/beebipood.ee\/ru\/wp-json\/wp\/v2\/product"}],"about":[{"href":"https:\/\/beebipood.ee\/ru\/wp-json\/wp\/v2\/types\/product"}],"wp:featuredmedia":[{"embeddable":true,"href":"https:\/\/beebipood.ee\/ru\/wp-json\/wp\/v2\/media\/173437"}],"wp:attachment":[{"href":"https:\/\/beebipood.ee\/ru\/wp-json\/wp\/v2\/media?parent=459769"}],"wp:term":[{"taxonomy":"pwb-brand","embeddable":true,"href":"https:\/\/beebipood.ee\/ru\/wp-json\/wp\/v2\/pwb-brand?post=459769"},{"taxonomy":"product_brand","embeddable":true,"href":"https:\/\/beebipood.ee\/ru\/wp-json\/wp\/v2\/product_brand?post=459769"},{"taxonomy":"product_cat","embeddable":true,"href":"https:\/\/beebipood.ee\/ru\/wp-json\/wp\/v2\/product_cat?post=459769"},{"taxonomy":"product_tag","embeddable":true,"href":"https:\/\/beebipood.ee\/ru\/wp-json\/wp\/v2\/product_tag?post=459769"}],"curies":[{"name":"wp","href":"https:\/\/api.w.org\/{rel}","templated":true}]}}