{"id":459771,"date":"2020-11-11T10:18:56","date_gmt":"2020-11-11T08:18:56","guid":{"rendered":"https:\/\/beebipood.ee\/toode\/baby-jogger-city-mini-gt2-barre-limited-edition\/"},"modified":"2025-01-09T10:48:10","modified_gmt":"2025-01-09T08:48:10","slug":"baby-jogger-city-mini-gt2-barre-limited-edition","status":"publish","type":"product","link":"https:\/\/beebipood.ee\/ru\/produkt\/baby-jogger-city-mini-gt2-barre-limited-edition\/","title":{"rendered":"Baby Jogger City Mini GT2 Barre Limited Edition"},"content":{"rendered":"<p>Baby Jogger City Mini GT2 Barre Limited Edition, lihtne ja kompaktne! <br \/>Selle piiratud kollektsiooni kangad ja v\u00e4rvid on inspireeritud spordimaailmast <br \/>ja spordir\u00f5ivaste jaoks kasutatavatest k\u00f5rgtehnoloogilistest materjalidest, <br \/>mille tulemuseks on ainulaadne stiil, mis ei j\u00e4\u00e4 linnat\u00e4navatel ja parkides m\u00e4rkamatuks. <br \/>K\u00e4ru on kerge ning tagab kompromissitu liikuvuse igal maastikul.<\/p>\n<p>Patendeeritud Quick-Fold Technology- v\u00f5imaldab vaid \u00fche <br \/>liigutusega k\u00e4ru kokku panna (spetsiaalne rihm)<br \/>Automaatne lukustuss\u00fcsteem, mis fikseerib k\u00e4ru kokkupandud asendis<br \/>Kangas on vastupidav ja vetth\u00fclgav<br \/>Kahe \u201ePeek-a-boo\u201c aknaga suur kaarvari millel on p\u00e4ikesekaitse faktor 50+<br \/>\u201ePeek-a-boo\u201c aknad sulguvad magnetiga<br \/>T\u00e4ielikult etteulatuv kaarvari<br \/>Mugav ja reguleeritav k\u00e4epide<br \/>K\u00e4sitsi juhitav seisupidur<br \/>5- punkti turvarihmad koos pehmendustega<br \/>Turvakaar komplektis<br \/>Allalastav seljatugi <br \/>Seljatuge on v\u00f5imalik lasta alla moodustades horisontaalse tasapinna<br \/>Seljatoe allalaskmine ja \u00fclest\u00f5stmine toimub rihma abil<br \/>Seljatoe all on tasku, milles on v\u00f5imalik asju hoida<br \/>Reguleeritav jalgade tugi ei j\u00e4ta magava lapse jalgu rippuma \u2013 lapsel on mugavam magada<br \/>Pehmed kummirattad<br \/>K\u00f5igil kolmel rattal on vedrustus<br \/>Esiratas P\u00f6\u00f6rlev (360\u02da) ja otse lukustatav (vedrustusega)<br \/>Praktiline ja mahukas kaubakorv <br \/>Kiireemaldatavad rattad. <br \/>K\u00f5ik jalutusk\u00e4ru rattad on eemaldatavad hoolduseks v\u00f5i eraldi ladustamiseks.<br \/>Sobib alates s\u00fcnnist 0+ kuni 22kg <br \/>Kandev\u00f5ime 29,5kg<br \/>V\u00f5imalik paigaldada turvakaar v\u00f5i kandik.<br \/>Lisaks saadaval: vankrikorv, turvah\u00e4lli adapterid, putukav\u00f5rk, vihmalike<\/p>\n<p><span style=\"text-decoration: underline;\">M\u00f5\u00f5dud:<\/span><br \/>Avatuna: 105cm x 65cm x 109,5cm <br \/>Kokkupanduna: 25,5cm x 65cm x 81cm <br \/>K\u00e4ru kaal: 9,7 kg<br \/>Rataste l\u00e4bim\u00f5\u00f5t: 22cm<br \/>Vanuser\u00fchmast: alates s\u00fcnnist 0+ kuni 22kg<\/p>\n","protected":false},"excerpt":{"rendered":"<p>Baby Jogger City Mini GT2 Barre Limited Edition, lihtne ja kompaktne! Selle piiratud kollektsiooni kangad ja v\u00e4rvid on inspireeritud spordimaailmast ja spordir\u00f5ivaste jaoks kasutatavatest k\u00f5rgtehnoloogilistest materjalidest, mille tulemuseks on ainulaadne stiil, mis ei j\u00e4\u00e4 linnat\u00e4navatel ja parkides m\u00e4rkamatuks. K\u00e4ru on kerge ning tagab kompromissitu liikuvuse igal maastikul. Patendeeritud Quick-Fold Technology- v\u00f5imaldab vaid \u00fche liigutusega k\u00e4ru [&hellip;]<\/p>\n","protected":false},"featured_media":137176,"template":"","meta":{"_acf_changed":false},"pwb-brand":[11959],"product_brand":[],"product_cat":[11823,11721,11873,11717],"product_tag":[],"class_list":{"0":"post-459771","1":"product","2":"type-product","3":"status-publish","4":"has-post-thumbnail","6":"pwb-brand-baby-jogger-ru","7":"product_cat-baby-jogger-ru","8":"product_cat-jalutuskarud-ru","9":"product_cat-city-mini-gt-2-ru","10":"product_cat-lastevankrid-ja-karud-ru","11":"pa_manufacturer-babyjogger-ru","13":"first","14":"onbackorder","15":"taxable","16":"shipping-taxable","17":"purchasable","18":"product-type-simple"},"exclude_global_add_ons":[],"addons":[],"acf":[],"yoast_head":"<!-- This site is optimized with the Yoast SEO plugin v27.3 - https:\/\/yoast.com\/product\/yoast-seo-wordpress\/ -->\n<title>Baby Jogger City Mini GT2 Barre Limited Edition, \u041a\u043e\u043b\u044f\u0441\u043a\u0438, \u041f\u0440\u043e\u0433\u0443\u043b\u043e\u0447\u043d\u044b\u0435 \u043a\u043e\u043b\u044f\u0441\u043a\u0438, Baby Jogger, City Mini GT 2, Beebipood<\/title>\n<meta name=\"description\" content=\"Baby Jogger City Mini GT2 Barre Limited Edition, Baby Jogger City Mini GT2 Barre Limited Edition, lihtne ja kompaktne! Selle piiratud kollektsiooni kan\" \/>\n<meta name=\"robots\" content=\"index, follow, max-snippet:-1, max-image-preview:large, max-video-preview:-1\" \/>\n<link rel=\"canonical\" href=\"https:\/\/beebipood.ee\/ru\/produkt\/baby-jogger-city-mini-gt2-barre-limited-edition\/\" \/>\n<meta property=\"og:locale\" content=\"ru_RU\" \/>\n<meta property=\"og:type\" content=\"article\" \/>\n<meta property=\"og:title\" content=\"Baby Jogger City Mini GT2 Barre Limited Edition, \u041a\u043e\u043b\u044f\u0441\u043a\u0438, \u041f\u0440\u043e\u0433\u0443\u043b\u043e\u0447\u043d\u044b\u0435 \u043a\u043e\u043b\u044f\u0441\u043a\u0438, Baby Jogger, City Mini GT 2, Beebipood\" \/>\n<meta property=\"og:description\" content=\"Baby Jogger City Mini GT2 Barre Limited Edition, Baby Jogger City Mini GT2 Barre Limited Edition, lihtne ja kompaktne! Selle piiratud kollektsiooni kan\" \/>\n<meta property=\"og:url\" content=\"https:\/\/beebipood.ee\/ru\/produkt\/baby-jogger-city-mini-gt2-barre-limited-edition\/\" \/>\n<meta property=\"og:site_name\" content=\"Beebipood\" \/>\n<meta property=\"article:modified_time\" content=\"2025-01-09T08:48:10+00:00\" \/>\n<meta property=\"og:image\" content=\"https:\/\/beebipood.ee\/wp-content\/uploads\/2020\/11\/Baby-Jogger-City-Mini-GT2-Barre-Limited-Edition-UUED-TOOTED-Lastevankrid-ja-karud-Jalutuskarud-Baby-Jogger-City-Mini-GT-2_1-ad3.jpg\" \/>\n\t<meta property=\"og:image:width\" content=\"1500\" \/>\n\t<meta property=\"og:image:height\" content=\"1500\" \/>\n\t<meta property=\"og:image:type\" content=\"image\/jpeg\" \/>\n<meta name=\"twitter:card\" content=\"summary_large_image\" \/>\n<meta name=\"twitter:label1\" content=\"\u041f\u0440\u0438\u043c\u0435\u0440\u043d\u043e\u0435 \u0432\u0440\u0435\u043c\u044f \u0434\u043b\u044f \u0447\u0442\u0435\u043d\u0438\u044f\" \/>\n\t<meta name=\"twitter:data1\" content=\"1 \u043c\u0438\u043d\u0443\u0442\u0430\" \/>\n<script type=\"application\/ld+json\" class=\"yoast-schema-graph\">{\"@context\":\"https:\\\/\\\/schema.org\",\"@graph\":[{\"@type\":\"WebPage\",\"@id\":\"https:\\\/\\\/beebipood.ee\\\/ru\\\/produkt\\\/baby-jogger-city-mini-gt2-barre-limited-edition\\\/\",\"url\":\"https:\\\/\\\/beebipood.ee\\\/ru\\\/produkt\\\/baby-jogger-city-mini-gt2-barre-limited-edition\\\/\",\"name\":\"Baby Jogger City Mini GT2 Barre Limited Edition, \u041a\u043e\u043b\u044f\u0441\u043a\u0438, \u041f\u0440\u043e\u0433\u0443\u043b\u043e\u0447\u043d\u044b\u0435 \u043a\u043e\u043b\u044f\u0441\u043a\u0438, Baby Jogger, City Mini GT 2, Beebipood\",\"isPartOf\":{\"@id\":\"https:\\\/\\\/beebipood.ee\\\/ru\\\/#website\"},\"primaryImageOfPage\":{\"@id\":\"https:\\\/\\\/beebipood.ee\\\/ru\\\/produkt\\\/baby-jogger-city-mini-gt2-barre-limited-edition\\\/#primaryimage\"},\"image\":{\"@id\":\"https:\\\/\\\/beebipood.ee\\\/ru\\\/produkt\\\/baby-jogger-city-mini-gt2-barre-limited-edition\\\/#primaryimage\"},\"thumbnailUrl\":\"https:\\\/\\\/beebipood.ee\\\/wp-content\\\/uploads\\\/2020\\\/11\\\/Baby-Jogger-City-Mini-GT2-Barre-Limited-Edition-UUED-TOOTED-Lastevankrid-ja-karud-Jalutuskarud-Baby-Jogger-City-Mini-GT-2_1-ad3.jpg\",\"datePublished\":\"2020-11-11T08:18:56+00:00\",\"dateModified\":\"2025-01-09T08:48:10+00:00\",\"description\":\"Baby Jogger City Mini GT2 Barre Limited Edition, Baby Jogger City Mini GT2 Barre Limited Edition, lihtne ja kompaktne! Selle piiratud kollektsiooni kan\",\"breadcrumb\":{\"@id\":\"https:\\\/\\\/beebipood.ee\\\/ru\\\/produkt\\\/baby-jogger-city-mini-gt2-barre-limited-edition\\\/#breadcrumb\"},\"inLanguage\":\"ru-RU\",\"potentialAction\":[{\"@type\":\"ReadAction\",\"target\":[\"https:\\\/\\\/beebipood.ee\\\/ru\\\/produkt\\\/baby-jogger-city-mini-gt2-barre-limited-edition\\\/\"]}]},{\"@type\":\"ImageObject\",\"inLanguage\":\"ru-RU\",\"@id\":\"https:\\\/\\\/beebipood.ee\\\/ru\\\/produkt\\\/baby-jogger-city-mini-gt2-barre-limited-edition\\\/#primaryimage\",\"url\":\"https:\\\/\\\/beebipood.ee\\\/wp-content\\\/uploads\\\/2020\\\/11\\\/Baby-Jogger-City-Mini-GT2-Barre-Limited-Edition-UUED-TOOTED-Lastevankrid-ja-karud-Jalutuskarud-Baby-Jogger-City-Mini-GT-2_1-ad3.jpg\",\"contentUrl\":\"https:\\\/\\\/beebipood.ee\\\/wp-content\\\/uploads\\\/2020\\\/11\\\/Baby-Jogger-City-Mini-GT2-Barre-Limited-Edition-UUED-TOOTED-Lastevankrid-ja-karud-Jalutuskarud-Baby-Jogger-City-Mini-GT-2_1-ad3.jpg\",\"width\":1500,\"height\":1500},{\"@type\":\"BreadcrumbList\",\"@id\":\"https:\\\/\\\/beebipood.ee\\\/ru\\\/produkt\\\/baby-jogger-city-mini-gt2-barre-limited-edition\\\/#breadcrumb\",\"itemListElement\":[{\"@type\":\"ListItem\",\"position\":1,\"name\":\"Home\",\"item\":\"https:\\\/\\\/beebipood.ee\\\/ru\\\/\"},{\"@type\":\"ListItem\",\"position\":2,\"name\":\"\u041a\u0430\u0442\u0430\u043b\u043e\u0433 \u0442\u043e\u0432\u0430\u0440\u043e\u0432\",\"item\":\"https:\\\/\\\/beebipood.ee\\\/tooted\\\/\"},{\"@type\":\"ListItem\",\"position\":3,\"name\":\"Baby Jogger City Mini GT2 Barre Limited Edition\"}]},{\"@type\":\"WebSite\",\"@id\":\"https:\\\/\\\/beebipood.ee\\\/ru\\\/#website\",\"url\":\"https:\\\/\\\/beebipood.ee\\\/ru\\\/\",\"name\":\"Beebipood\",\"description\":\"Lastekaubad, beebikaubad, m\u00e4nguasjad\",\"publisher\":{\"@id\":\"https:\\\/\\\/beebipood.ee\\\/ru\\\/#organization\"},\"potentialAction\":[{\"@type\":\"SearchAction\",\"target\":{\"@type\":\"EntryPoint\",\"urlTemplate\":\"https:\\\/\\\/beebipood.ee\\\/ru\\\/?s={search_term_string}\"},\"query-input\":{\"@type\":\"PropertyValueSpecification\",\"valueRequired\":true,\"valueName\":\"search_term_string\"}}],\"inLanguage\":\"ru-RU\"},{\"@type\":\"Organization\",\"@id\":\"https:\\\/\\\/beebipood.ee\\\/ru\\\/#organization\",\"name\":\"Beebipood\",\"url\":\"https:\\\/\\\/beebipood.ee\\\/ru\\\/\",\"logo\":{\"@type\":\"ImageObject\",\"inLanguage\":\"ru-RU\",\"@id\":\"https:\\\/\\\/beebipood.ee\\\/ru\\\/#\\\/schema\\\/logo\\\/image\\\/\",\"url\":\"https:\\\/\\\/beebipood.ee\\\/wp-content\\\/uploads\\\/2025\\\/03\\\/beebipood.ee-logo-1.svg\",\"contentUrl\":\"https:\\\/\\\/beebipood.ee\\\/wp-content\\\/uploads\\\/2025\\\/03\\\/beebipood.ee-logo-1.svg\",\"caption\":\"Beebipood\"},\"image\":{\"@id\":\"https:\\\/\\\/beebipood.ee\\\/ru\\\/#\\\/schema\\\/logo\\\/image\\\/\"}}]}<\/script>\n<!-- \/ Yoast SEO plugin. -->","yoast_head_json":{"title":"Baby Jogger City Mini GT2 Barre Limited Edition, \u041a\u043e\u043b\u044f\u0441\u043a\u0438, \u041f\u0440\u043e\u0433\u0443\u043b\u043e\u0447\u043d\u044b\u0435 \u043a\u043e\u043b\u044f\u0441\u043a\u0438, Baby Jogger, City Mini GT 2, Beebipood","description":"Baby Jogger City Mini GT2 Barre Limited Edition, Baby Jogger City Mini GT2 Barre Limited Edition, lihtne ja kompaktne! Selle piiratud kollektsiooni kan","robots":{"index":"index","follow":"follow","max-snippet":"max-snippet:-1","max-image-preview":"max-image-preview:large","max-video-preview":"max-video-preview:-1"},"canonical":"https:\/\/beebipood.ee\/ru\/produkt\/baby-jogger-city-mini-gt2-barre-limited-edition\/","og_locale":"ru_RU","og_type":"article","og_title":"Baby Jogger City Mini GT2 Barre Limited Edition, \u041a\u043e\u043b\u044f\u0441\u043a\u0438, \u041f\u0440\u043e\u0433\u0443\u043b\u043e\u0447\u043d\u044b\u0435 \u043a\u043e\u043b\u044f\u0441\u043a\u0438, Baby Jogger, City Mini GT 2, Beebipood","og_description":"Baby Jogger City Mini GT2 Barre Limited Edition, Baby Jogger City Mini GT2 Barre Limited Edition, lihtne ja kompaktne! Selle piiratud kollektsiooni kan","og_url":"https:\/\/beebipood.ee\/ru\/produkt\/baby-jogger-city-mini-gt2-barre-limited-edition\/","og_site_name":"Beebipood","article_modified_time":"2025-01-09T08:48:10+00:00","og_image":[{"width":1500,"height":1500,"url":"https:\/\/beebipood.ee\/wp-content\/uploads\/2020\/11\/Baby-Jogger-City-Mini-GT2-Barre-Limited-Edition-UUED-TOOTED-Lastevankrid-ja-karud-Jalutuskarud-Baby-Jogger-City-Mini-GT-2_1-ad3.jpg","type":"image\/jpeg"}],"twitter_card":"summary_large_image","twitter_misc":{"\u041f\u0440\u0438\u043c\u0435\u0440\u043d\u043e\u0435 \u0432\u0440\u0435\u043c\u044f \u0434\u043b\u044f \u0447\u0442\u0435\u043d\u0438\u044f":"1 \u043c\u0438\u043d\u0443\u0442\u0430"},"schema":{"@context":"https:\/\/schema.org","@graph":[{"@type":"WebPage","@id":"https:\/\/beebipood.ee\/ru\/produkt\/baby-jogger-city-mini-gt2-barre-limited-edition\/","url":"https:\/\/beebipood.ee\/ru\/produkt\/baby-jogger-city-mini-gt2-barre-limited-edition\/","name":"Baby Jogger City Mini GT2 Barre Limited Edition, \u041a\u043e\u043b\u044f\u0441\u043a\u0438, \u041f\u0440\u043e\u0433\u0443\u043b\u043e\u0447\u043d\u044b\u0435 \u043a\u043e\u043b\u044f\u0441\u043a\u0438, Baby Jogger, City Mini GT 2, Beebipood","isPartOf":{"@id":"https:\/\/beebipood.ee\/ru\/#website"},"primaryImageOfPage":{"@id":"https:\/\/beebipood.ee\/ru\/produkt\/baby-jogger-city-mini-gt2-barre-limited-edition\/#primaryimage"},"image":{"@id":"https:\/\/beebipood.ee\/ru\/produkt\/baby-jogger-city-mini-gt2-barre-limited-edition\/#primaryimage"},"thumbnailUrl":"https:\/\/beebipood.ee\/wp-content\/uploads\/2020\/11\/Baby-Jogger-City-Mini-GT2-Barre-Limited-Edition-UUED-TOOTED-Lastevankrid-ja-karud-Jalutuskarud-Baby-Jogger-City-Mini-GT-2_1-ad3.jpg","datePublished":"2020-11-11T08:18:56+00:00","dateModified":"2025-01-09T08:48:10+00:00","description":"Baby Jogger City Mini GT2 Barre Limited Edition, Baby Jogger City Mini GT2 Barre Limited Edition, lihtne ja kompaktne! Selle piiratud kollektsiooni kan","breadcrumb":{"@id":"https:\/\/beebipood.ee\/ru\/produkt\/baby-jogger-city-mini-gt2-barre-limited-edition\/#breadcrumb"},"inLanguage":"ru-RU","potentialAction":[{"@type":"ReadAction","target":["https:\/\/beebipood.ee\/ru\/produkt\/baby-jogger-city-mini-gt2-barre-limited-edition\/"]}]},{"@type":"ImageObject","inLanguage":"ru-RU","@id":"https:\/\/beebipood.ee\/ru\/produkt\/baby-jogger-city-mini-gt2-barre-limited-edition\/#primaryimage","url":"https:\/\/beebipood.ee\/wp-content\/uploads\/2020\/11\/Baby-Jogger-City-Mini-GT2-Barre-Limited-Edition-UUED-TOOTED-Lastevankrid-ja-karud-Jalutuskarud-Baby-Jogger-City-Mini-GT-2_1-ad3.jpg","contentUrl":"https:\/\/beebipood.ee\/wp-content\/uploads\/2020\/11\/Baby-Jogger-City-Mini-GT2-Barre-Limited-Edition-UUED-TOOTED-Lastevankrid-ja-karud-Jalutuskarud-Baby-Jogger-City-Mini-GT-2_1-ad3.jpg","width":1500,"height":1500},{"@type":"BreadcrumbList","@id":"https:\/\/beebipood.ee\/ru\/produkt\/baby-jogger-city-mini-gt2-barre-limited-edition\/#breadcrumb","itemListElement":[{"@type":"ListItem","position":1,"name":"Home","item":"https:\/\/beebipood.ee\/ru\/"},{"@type":"ListItem","position":2,"name":"\u041a\u0430\u0442\u0430\u043b\u043e\u0433 \u0442\u043e\u0432\u0430\u0440\u043e\u0432","item":"https:\/\/beebipood.ee\/tooted\/"},{"@type":"ListItem","position":3,"name":"Baby Jogger City Mini GT2 Barre Limited Edition"}]},{"@type":"WebSite","@id":"https:\/\/beebipood.ee\/ru\/#website","url":"https:\/\/beebipood.ee\/ru\/","name":"Beebipood","description":"Lastekaubad, beebikaubad, m\u00e4nguasjad","publisher":{"@id":"https:\/\/beebipood.ee\/ru\/#organization"},"potentialAction":[{"@type":"SearchAction","target":{"@type":"EntryPoint","urlTemplate":"https:\/\/beebipood.ee\/ru\/?s={search_term_string}"},"query-input":{"@type":"PropertyValueSpecification","valueRequired":true,"valueName":"search_term_string"}}],"inLanguage":"ru-RU"},{"@type":"Organization","@id":"https:\/\/beebipood.ee\/ru\/#organization","name":"Beebipood","url":"https:\/\/beebipood.ee\/ru\/","logo":{"@type":"ImageObject","inLanguage":"ru-RU","@id":"https:\/\/beebipood.ee\/ru\/#\/schema\/logo\/image\/","url":"https:\/\/beebipood.ee\/wp-content\/uploads\/2025\/03\/beebipood.ee-logo-1.svg","contentUrl":"https:\/\/beebipood.ee\/wp-content\/uploads\/2025\/03\/beebipood.ee-logo-1.svg","caption":"Beebipood"},"image":{"@id":"https:\/\/beebipood.ee\/ru\/#\/schema\/logo\/image\/"}}]}},"brands":[{"id":11959,"name":"Baby Jogger","slug":"baby-jogger-ru"}],"_links":{"self":[{"href":"https:\/\/beebipood.ee\/ru\/wp-json\/wp\/v2\/product\/459771","targetHints":{"allow":["GET"]}}],"collection":[{"href":"https:\/\/beebipood.ee\/ru\/wp-json\/wp\/v2\/product"}],"about":[{"href":"https:\/\/beebipood.ee\/ru\/wp-json\/wp\/v2\/types\/product"}],"wp:featuredmedia":[{"embeddable":true,"href":"https:\/\/beebipood.ee\/ru\/wp-json\/wp\/v2\/media\/137176"}],"wp:attachment":[{"href":"https:\/\/beebipood.ee\/ru\/wp-json\/wp\/v2\/media?parent=459771"}],"wp:term":[{"taxonomy":"pwb-brand","embeddable":true,"href":"https:\/\/beebipood.ee\/ru\/wp-json\/wp\/v2\/pwb-brand?post=459771"},{"taxonomy":"product_brand","embeddable":true,"href":"https:\/\/beebipood.ee\/ru\/wp-json\/wp\/v2\/product_brand?post=459771"},{"taxonomy":"product_cat","embeddable":true,"href":"https:\/\/beebipood.ee\/ru\/wp-json\/wp\/v2\/product_cat?post=459771"},{"taxonomy":"product_tag","embeddable":true,"href":"https:\/\/beebipood.ee\/ru\/wp-json\/wp\/v2\/product_tag?post=459771"}],"curies":[{"name":"wp","href":"https:\/\/api.w.org\/{rel}","templated":true}]}}