{"id":459775,"date":"2020-11-20T09:47:01","date_gmt":"2020-11-20T07:47:01","guid":{"rendered":"https:\/\/beebipood.ee\/toode\/laud-ja-tool-komplekt-join-me\/"},"modified":"2025-01-09T10:48:10","modified_gmt":"2025-01-09T08:48:10","slug":"laud-ja-tool-komplekt-join-me","status":"publish","type":"product","link":"https:\/\/beebipood.ee\/ru\/produkt\/laud-ja-tool-komplekt-join-me\/","title":{"rendered":"Laud ja tool komplekt Join Me"},"content":{"rendered":"<p><span style=\"text-decoration: underline;\">Uue KUKUU lastetooli<\/span> kumer seljatugi muudab v\u00e4ikeste kunstniku<br \/>olemise istudes v\u00e4ga m\u00f5nusaks ja mugavaks.<br \/>Ruumi kokkuhoiuks saab toole h\u00f5lpsasti \u00fcksteise sisse laduda.<br \/>Sobitub suurep\u00e4raselt teiste KUKUU kollektsioonide toodetega.<br \/>Tugev ja stabiilne konstruktsioon<br \/>Viimistlus: naturaalne \/ valge<br \/>Valmistatud Euroopas toodetud kasevineerist ja kasepuidust.<br \/>T\u00f6\u00f6deldud EL-is valmistatud vesialuseliste pinnakattevahenditega.<br \/>Vastab EN ohutusstandarditele<br \/>Tooli m\u00f5\u00f5dud: 36 x 35 x 52 cm<\/p>\n<p><span style=\"text-decoration: underline;\">Laste kasvades nende loovus kasvab<\/span>, ning on vaja rohkem ruumi tarvikutele.<br \/>Laud sobib lastele vanuses 2 &#8212; 8 aastat,<br \/>sobitub suurep\u00e4raselt teiste KUKUU kollektsioonide toodetega.<br \/>Tugev ja stabiilne konstruktsioon<br \/>Viimistlus: naturaalne \/ valge<br \/>Valmistatud Euroopas toodetud kasevineerist ja kasepuidust.<br \/>T\u00f6\u00f6deldud EL-is valmistatud vesialuseliste pinnakattevahenditega.<br \/>Vastab EN ohutusstandarditele<br \/>T\u00f6\u00f6riistakast ei kuulu komplekti, seda saab osta eraldi<br \/>Laua m\u00f5\u00f5dud: 86 x 50 x 50 cm<\/p>\n<p><span style=\"text-decoration: underline;\">Ohutusn\u00f5uanded<\/span><br \/>veenduge, et ostate lapse vanusele k\u00f5ige sobivama toote.<br \/>Enne kui kasutate m\u00f5nda KUKUU toodet, lugege juhiseid.<br \/>\u00c4rge j\u00e4tke lapsi j\u00e4relevalveta.<\/p>\n","protected":false},"excerpt":{"rendered":"<p>Uue KUKUU lastetooli kumer seljatugi muudab v\u00e4ikeste kunstnikuolemise istudes v\u00e4ga m\u00f5nusaks ja mugavaks.Ruumi kokkuhoiuks saab toole h\u00f5lpsasti \u00fcksteise sisse laduda.Sobitub suurep\u00e4raselt teiste KUKUU kollektsioonide toodetega.Tugev ja stabiilne konstruktsioonViimistlus: naturaalne \/ valgeValmistatud Euroopas toodetud kasevineerist ja kasepuidust.T\u00f6\u00f6deldud EL-is valmistatud vesialuseliste pinnakattevahenditega.Vastab EN ohutusstandarditeleTooli m\u00f5\u00f5dud: 36 x 35 x 52 cm Laste kasvades nende loovus kasvab, ning [&hellip;]<\/p>\n","protected":false},"featured_media":137262,"template":"","meta":{"_acf_changed":false},"pwb-brand":[11948],"product_brand":[],"product_cat":[11647,11655,11789],"product_tag":[],"class_list":{"0":"post-459775","1":"product","2":"type-product","3":"status-publish","4":"has-post-thumbnail","6":"pwb-brand-kukuu-ru","7":"product_cat-lastelauad-toolid-arvuti-ja-kirjutuslauad-ru","8":"product_cat-lastelaud-toolid-komplektid-ru","9":"product_cat-lastemoobel-ja-sisustus-ru","10":"pa_manufacturer-kukuu-ru","12":"first","13":"onbackorder","14":"sale","15":"taxable","16":"shipping-taxable","17":"purchasable","18":"product-type-simple"},"exclude_global_add_ons":[],"addons":[],"acf":[],"yoast_head":"<!-- This site is optimized with the Yoast SEO plugin v27.3 - https:\/\/yoast.com\/product\/yoast-seo-wordpress\/ -->\n<title>Laud ja tool komplekt Join Me, \u0414\u0435\u0442\u0441\u043a\u0438\u0435 \u0441\u0442\u043e\u043b\u044b, \u0441\u0442\u0443\u043b\u044c\u044f, \u043f\u0438\u0441\u044c\u043c\u0435\u043d\u043d\u044b\u0435 \u0441\u0442\u043e\u043b\u044b, \u041a\u043e\u043c\u043f\u043b\u0435\u043a\u0442\u044b - \u0434\u0435\u0442\u0441\u043a\u0438\u0439 \u0441\u0442\u043e\u043b+\u0441\u0442\u0443\u043b\u044c\u044f, M\u0435\u0431\u0435\u043b\u044c, Beebipood<\/title>\n<meta name=\"description\" content=\"Laud ja tool komplekt Join Me, Uue KUKUU lastetooli kumer seljatugi muudab v&auml;ikeste kunstnikuolem\" \/>\n<meta name=\"robots\" content=\"index, follow, max-snippet:-1, max-image-preview:large, max-video-preview:-1\" \/>\n<link rel=\"canonical\" href=\"https:\/\/beebipood.ee\/ru\/produkt\/laud-ja-tool-komplekt-join-me\/\" \/>\n<meta property=\"og:locale\" content=\"ru_RU\" \/>\n<meta property=\"og:type\" content=\"article\" \/>\n<meta property=\"og:title\" content=\"Laud ja tool komplekt Join Me, \u0414\u0435\u0442\u0441\u043a\u0438\u0435 \u0441\u0442\u043e\u043b\u044b, \u0441\u0442\u0443\u043b\u044c\u044f, \u043f\u0438\u0441\u044c\u043c\u0435\u043d\u043d\u044b\u0435 \u0441\u0442\u043e\u043b\u044b, \u041a\u043e\u043c\u043f\u043b\u0435\u043a\u0442\u044b - \u0434\u0435\u0442\u0441\u043a\u0438\u0439 \u0441\u0442\u043e\u043b+\u0441\u0442\u0443\u043b\u044c\u044f, M\u0435\u0431\u0435\u043b\u044c, Beebipood\" \/>\n<meta property=\"og:description\" content=\"Laud ja tool komplekt Join Me, Uue KUKUU lastetooli kumer seljatugi muudab v&auml;ikeste kunstnikuolem\" \/>\n<meta property=\"og:url\" content=\"https:\/\/beebipood.ee\/ru\/produkt\/laud-ja-tool-komplekt-join-me\/\" \/>\n<meta property=\"og:site_name\" content=\"Beebipood\" \/>\n<meta property=\"article:modified_time\" content=\"2025-01-09T08:48:10+00:00\" \/>\n<meta property=\"og:image\" content=\"https:\/\/beebipood.ee\/wp-content\/uploads\/2020\/11\/tablechair-scaled-275.jpg\" \/>\n\t<meta property=\"og:image:width\" content=\"2560\" \/>\n\t<meta property=\"og:image:height\" content=\"2560\" \/>\n\t<meta property=\"og:image:type\" content=\"image\/jpeg\" \/>\n<meta name=\"twitter:card\" content=\"summary_large_image\" \/>\n<meta name=\"twitter:label1\" content=\"\u041f\u0440\u0438\u043c\u0435\u0440\u043d\u043e\u0435 \u0432\u0440\u0435\u043c\u044f \u0434\u043b\u044f \u0447\u0442\u0435\u043d\u0438\u044f\" \/>\n\t<meta name=\"twitter:data1\" content=\"1 \u043c\u0438\u043d\u0443\u0442\u0430\" \/>\n<script type=\"application\/ld+json\" class=\"yoast-schema-graph\">{\"@context\":\"https:\\\/\\\/schema.org\",\"@graph\":[{\"@type\":\"WebPage\",\"@id\":\"https:\\\/\\\/beebipood.ee\\\/ru\\\/produkt\\\/laud-ja-tool-komplekt-join-me\\\/\",\"url\":\"https:\\\/\\\/beebipood.ee\\\/ru\\\/produkt\\\/laud-ja-tool-komplekt-join-me\\\/\",\"name\":\"Laud ja tool komplekt Join Me, \u0414\u0435\u0442\u0441\u043a\u0438\u0435 \u0441\u0442\u043e\u043b\u044b, \u0441\u0442\u0443\u043b\u044c\u044f, \u043f\u0438\u0441\u044c\u043c\u0435\u043d\u043d\u044b\u0435 \u0441\u0442\u043e\u043b\u044b, \u041a\u043e\u043c\u043f\u043b\u0435\u043a\u0442\u044b - \u0434\u0435\u0442\u0441\u043a\u0438\u0439 \u0441\u0442\u043e\u043b+\u0441\u0442\u0443\u043b\u044c\u044f, M\u0435\u0431\u0435\u043b\u044c, Beebipood\",\"isPartOf\":{\"@id\":\"https:\\\/\\\/beebipood.ee\\\/ru\\\/#website\"},\"primaryImageOfPage\":{\"@id\":\"https:\\\/\\\/beebipood.ee\\\/ru\\\/produkt\\\/laud-ja-tool-komplekt-join-me\\\/#primaryimage\"},\"image\":{\"@id\":\"https:\\\/\\\/beebipood.ee\\\/ru\\\/produkt\\\/laud-ja-tool-komplekt-join-me\\\/#primaryimage\"},\"thumbnailUrl\":\"https:\\\/\\\/beebipood.ee\\\/wp-content\\\/uploads\\\/2020\\\/11\\\/tablechair-scaled-275.jpg\",\"datePublished\":\"2020-11-20T07:47:01+00:00\",\"dateModified\":\"2025-01-09T08:48:10+00:00\",\"description\":\"Laud ja tool komplekt Join Me, Uue KUKUU lastetooli kumer seljatugi muudab v&auml;ikeste kunstnikuolem\",\"breadcrumb\":{\"@id\":\"https:\\\/\\\/beebipood.ee\\\/ru\\\/produkt\\\/laud-ja-tool-komplekt-join-me\\\/#breadcrumb\"},\"inLanguage\":\"ru-RU\",\"potentialAction\":[{\"@type\":\"ReadAction\",\"target\":[\"https:\\\/\\\/beebipood.ee\\\/ru\\\/produkt\\\/laud-ja-tool-komplekt-join-me\\\/\"]}]},{\"@type\":\"ImageObject\",\"inLanguage\":\"ru-RU\",\"@id\":\"https:\\\/\\\/beebipood.ee\\\/ru\\\/produkt\\\/laud-ja-tool-komplekt-join-me\\\/#primaryimage\",\"url\":\"https:\\\/\\\/beebipood.ee\\\/wp-content\\\/uploads\\\/2020\\\/11\\\/tablechair-scaled-275.jpg\",\"contentUrl\":\"https:\\\/\\\/beebipood.ee\\\/wp-content\\\/uploads\\\/2020\\\/11\\\/tablechair-scaled-275.jpg\",\"width\":2560,\"height\":2560},{\"@type\":\"BreadcrumbList\",\"@id\":\"https:\\\/\\\/beebipood.ee\\\/ru\\\/produkt\\\/laud-ja-tool-komplekt-join-me\\\/#breadcrumb\",\"itemListElement\":[{\"@type\":\"ListItem\",\"position\":1,\"name\":\"Home\",\"item\":\"https:\\\/\\\/beebipood.ee\\\/ru\\\/\"},{\"@type\":\"ListItem\",\"position\":2,\"name\":\"\u041a\u0430\u0442\u0430\u043b\u043e\u0433 \u0442\u043e\u0432\u0430\u0440\u043e\u0432\",\"item\":\"https:\\\/\\\/beebipood.ee\\\/tooted\\\/\"},{\"@type\":\"ListItem\",\"position\":3,\"name\":\"Laud ja tool komplekt Join Me\"}]},{\"@type\":\"WebSite\",\"@id\":\"https:\\\/\\\/beebipood.ee\\\/ru\\\/#website\",\"url\":\"https:\\\/\\\/beebipood.ee\\\/ru\\\/\",\"name\":\"Beebipood\",\"description\":\"Lastekaubad, beebikaubad, m\u00e4nguasjad\",\"publisher\":{\"@id\":\"https:\\\/\\\/beebipood.ee\\\/ru\\\/#organization\"},\"potentialAction\":[{\"@type\":\"SearchAction\",\"target\":{\"@type\":\"EntryPoint\",\"urlTemplate\":\"https:\\\/\\\/beebipood.ee\\\/ru\\\/?s={search_term_string}\"},\"query-input\":{\"@type\":\"PropertyValueSpecification\",\"valueRequired\":true,\"valueName\":\"search_term_string\"}}],\"inLanguage\":\"ru-RU\"},{\"@type\":\"Organization\",\"@id\":\"https:\\\/\\\/beebipood.ee\\\/ru\\\/#organization\",\"name\":\"Beebipood\",\"url\":\"https:\\\/\\\/beebipood.ee\\\/ru\\\/\",\"logo\":{\"@type\":\"ImageObject\",\"inLanguage\":\"ru-RU\",\"@id\":\"https:\\\/\\\/beebipood.ee\\\/ru\\\/#\\\/schema\\\/logo\\\/image\\\/\",\"url\":\"https:\\\/\\\/beebipood.ee\\\/wp-content\\\/uploads\\\/2025\\\/03\\\/beebipood.ee-logo-1.svg\",\"contentUrl\":\"https:\\\/\\\/beebipood.ee\\\/wp-content\\\/uploads\\\/2025\\\/03\\\/beebipood.ee-logo-1.svg\",\"caption\":\"Beebipood\"},\"image\":{\"@id\":\"https:\\\/\\\/beebipood.ee\\\/ru\\\/#\\\/schema\\\/logo\\\/image\\\/\"}}]}<\/script>\n<!-- \/ Yoast SEO plugin. -->","yoast_head_json":{"title":"Laud ja tool komplekt Join Me, \u0414\u0435\u0442\u0441\u043a\u0438\u0435 \u0441\u0442\u043e\u043b\u044b, \u0441\u0442\u0443\u043b\u044c\u044f, \u043f\u0438\u0441\u044c\u043c\u0435\u043d\u043d\u044b\u0435 \u0441\u0442\u043e\u043b\u044b, \u041a\u043e\u043c\u043f\u043b\u0435\u043a\u0442\u044b - \u0434\u0435\u0442\u0441\u043a\u0438\u0439 \u0441\u0442\u043e\u043b+\u0441\u0442\u0443\u043b\u044c\u044f, M\u0435\u0431\u0435\u043b\u044c, Beebipood","description":"Laud ja tool komplekt Join Me, Uue KUKUU lastetooli kumer seljatugi muudab v&auml;ikeste kunstnikuolem","robots":{"index":"index","follow":"follow","max-snippet":"max-snippet:-1","max-image-preview":"max-image-preview:large","max-video-preview":"max-video-preview:-1"},"canonical":"https:\/\/beebipood.ee\/ru\/produkt\/laud-ja-tool-komplekt-join-me\/","og_locale":"ru_RU","og_type":"article","og_title":"Laud ja tool komplekt Join Me, \u0414\u0435\u0442\u0441\u043a\u0438\u0435 \u0441\u0442\u043e\u043b\u044b, \u0441\u0442\u0443\u043b\u044c\u044f, \u043f\u0438\u0441\u044c\u043c\u0435\u043d\u043d\u044b\u0435 \u0441\u0442\u043e\u043b\u044b, \u041a\u043e\u043c\u043f\u043b\u0435\u043a\u0442\u044b - \u0434\u0435\u0442\u0441\u043a\u0438\u0439 \u0441\u0442\u043e\u043b+\u0441\u0442\u0443\u043b\u044c\u044f, M\u0435\u0431\u0435\u043b\u044c, Beebipood","og_description":"Laud ja tool komplekt Join Me, Uue KUKUU lastetooli kumer seljatugi muudab v&auml;ikeste kunstnikuolem","og_url":"https:\/\/beebipood.ee\/ru\/produkt\/laud-ja-tool-komplekt-join-me\/","og_site_name":"Beebipood","article_modified_time":"2025-01-09T08:48:10+00:00","og_image":[{"width":2560,"height":2560,"url":"https:\/\/beebipood.ee\/wp-content\/uploads\/2020\/11\/tablechair-scaled-275.jpg","type":"image\/jpeg"}],"twitter_card":"summary_large_image","twitter_misc":{"\u041f\u0440\u0438\u043c\u0435\u0440\u043d\u043e\u0435 \u0432\u0440\u0435\u043c\u044f \u0434\u043b\u044f \u0447\u0442\u0435\u043d\u0438\u044f":"1 \u043c\u0438\u043d\u0443\u0442\u0430"},"schema":{"@context":"https:\/\/schema.org","@graph":[{"@type":"WebPage","@id":"https:\/\/beebipood.ee\/ru\/produkt\/laud-ja-tool-komplekt-join-me\/","url":"https:\/\/beebipood.ee\/ru\/produkt\/laud-ja-tool-komplekt-join-me\/","name":"Laud ja tool komplekt Join Me, \u0414\u0435\u0442\u0441\u043a\u0438\u0435 \u0441\u0442\u043e\u043b\u044b, \u0441\u0442\u0443\u043b\u044c\u044f, \u043f\u0438\u0441\u044c\u043c\u0435\u043d\u043d\u044b\u0435 \u0441\u0442\u043e\u043b\u044b, \u041a\u043e\u043c\u043f\u043b\u0435\u043a\u0442\u044b - \u0434\u0435\u0442\u0441\u043a\u0438\u0439 \u0441\u0442\u043e\u043b+\u0441\u0442\u0443\u043b\u044c\u044f, M\u0435\u0431\u0435\u043b\u044c, Beebipood","isPartOf":{"@id":"https:\/\/beebipood.ee\/ru\/#website"},"primaryImageOfPage":{"@id":"https:\/\/beebipood.ee\/ru\/produkt\/laud-ja-tool-komplekt-join-me\/#primaryimage"},"image":{"@id":"https:\/\/beebipood.ee\/ru\/produkt\/laud-ja-tool-komplekt-join-me\/#primaryimage"},"thumbnailUrl":"https:\/\/beebipood.ee\/wp-content\/uploads\/2020\/11\/tablechair-scaled-275.jpg","datePublished":"2020-11-20T07:47:01+00:00","dateModified":"2025-01-09T08:48:10+00:00","description":"Laud ja tool komplekt Join Me, Uue KUKUU lastetooli kumer seljatugi muudab v&auml;ikeste kunstnikuolem","breadcrumb":{"@id":"https:\/\/beebipood.ee\/ru\/produkt\/laud-ja-tool-komplekt-join-me\/#breadcrumb"},"inLanguage":"ru-RU","potentialAction":[{"@type":"ReadAction","target":["https:\/\/beebipood.ee\/ru\/produkt\/laud-ja-tool-komplekt-join-me\/"]}]},{"@type":"ImageObject","inLanguage":"ru-RU","@id":"https:\/\/beebipood.ee\/ru\/produkt\/laud-ja-tool-komplekt-join-me\/#primaryimage","url":"https:\/\/beebipood.ee\/wp-content\/uploads\/2020\/11\/tablechair-scaled-275.jpg","contentUrl":"https:\/\/beebipood.ee\/wp-content\/uploads\/2020\/11\/tablechair-scaled-275.jpg","width":2560,"height":2560},{"@type":"BreadcrumbList","@id":"https:\/\/beebipood.ee\/ru\/produkt\/laud-ja-tool-komplekt-join-me\/#breadcrumb","itemListElement":[{"@type":"ListItem","position":1,"name":"Home","item":"https:\/\/beebipood.ee\/ru\/"},{"@type":"ListItem","position":2,"name":"\u041a\u0430\u0442\u0430\u043b\u043e\u0433 \u0442\u043e\u0432\u0430\u0440\u043e\u0432","item":"https:\/\/beebipood.ee\/tooted\/"},{"@type":"ListItem","position":3,"name":"Laud ja tool komplekt Join Me"}]},{"@type":"WebSite","@id":"https:\/\/beebipood.ee\/ru\/#website","url":"https:\/\/beebipood.ee\/ru\/","name":"Beebipood","description":"Lastekaubad, beebikaubad, m\u00e4nguasjad","publisher":{"@id":"https:\/\/beebipood.ee\/ru\/#organization"},"potentialAction":[{"@type":"SearchAction","target":{"@type":"EntryPoint","urlTemplate":"https:\/\/beebipood.ee\/ru\/?s={search_term_string}"},"query-input":{"@type":"PropertyValueSpecification","valueRequired":true,"valueName":"search_term_string"}}],"inLanguage":"ru-RU"},{"@type":"Organization","@id":"https:\/\/beebipood.ee\/ru\/#organization","name":"Beebipood","url":"https:\/\/beebipood.ee\/ru\/","logo":{"@type":"ImageObject","inLanguage":"ru-RU","@id":"https:\/\/beebipood.ee\/ru\/#\/schema\/logo\/image\/","url":"https:\/\/beebipood.ee\/wp-content\/uploads\/2025\/03\/beebipood.ee-logo-1.svg","contentUrl":"https:\/\/beebipood.ee\/wp-content\/uploads\/2025\/03\/beebipood.ee-logo-1.svg","caption":"Beebipood"},"image":{"@id":"https:\/\/beebipood.ee\/ru\/#\/schema\/logo\/image\/"}}]}},"brands":[{"id":11948,"name":"Kukuu","slug":"kukuu-ru"}],"_links":{"self":[{"href":"https:\/\/beebipood.ee\/ru\/wp-json\/wp\/v2\/product\/459775","targetHints":{"allow":["GET"]}}],"collection":[{"href":"https:\/\/beebipood.ee\/ru\/wp-json\/wp\/v2\/product"}],"about":[{"href":"https:\/\/beebipood.ee\/ru\/wp-json\/wp\/v2\/types\/product"}],"wp:featuredmedia":[{"embeddable":true,"href":"https:\/\/beebipood.ee\/ru\/wp-json\/wp\/v2\/media\/137262"}],"wp:attachment":[{"href":"https:\/\/beebipood.ee\/ru\/wp-json\/wp\/v2\/media?parent=459775"}],"wp:term":[{"taxonomy":"pwb-brand","embeddable":true,"href":"https:\/\/beebipood.ee\/ru\/wp-json\/wp\/v2\/pwb-brand?post=459775"},{"taxonomy":"product_brand","embeddable":true,"href":"https:\/\/beebipood.ee\/ru\/wp-json\/wp\/v2\/product_brand?post=459775"},{"taxonomy":"product_cat","embeddable":true,"href":"https:\/\/beebipood.ee\/ru\/wp-json\/wp\/v2\/product_cat?post=459775"},{"taxonomy":"product_tag","embeddable":true,"href":"https:\/\/beebipood.ee\/ru\/wp-json\/wp\/v2\/product_tag?post=459775"}],"curies":[{"name":"wp","href":"https:\/\/api.w.org\/{rel}","templated":true}]}}