{"id":459785,"date":"2021-03-08T14:28:39","date_gmt":"2021-03-08T12:28:39","guid":{"rendered":"https:\/\/beebipood.ee\/toode\/babymoov-ohuniistuaja-hygro\/"},"modified":"2025-01-09T10:48:09","modified_gmt":"2025-01-09T08:48:09","slug":"babymoov-ohuniistuaja-hygro","status":"publish","type":"product","link":"https:\/\/beebipood.ee\/ru\/produkt\/babymoov-ohuniistuaja-hygro\/","title":{"rendered":"Babymoov \u00f5huniistuaja Hygro+"},"content":{"rendered":"<p>See pilkup\u00fc\u00fcdev ning \u00fclimalt vaikne \u00f5huniisutaja v\u00f5imaldab sul kontrollida <br \/>oma lapse toa keskkonda ning veenduda, et \u00f5hk oleks v\u00f5imalikult tervislik.<br \/>Niiskustaset on v\u00f5imalik reguleerida nii manuaalselt kui ka automaatselt <br \/>ning seda saab j\u00e4lgida puutetundlikult ekraanilt. <br \/>\u00d5huniisutaja \u00fcheks funktsiooniks on ka mitmev\u00e4rviline \u00f6\u00f6valgus, <br \/>mis aitab lapsel lihtsamini uinuda.<\/p>\n<p><span style=\"text-decoration: underline;\">Omadused<\/span><br \/>\u00dclimalt vaikne (25dB)<br \/>Ultrahelil toimiv<br \/>K\u00fclm veeaur<br \/>Suur veepaagi mahutavus (2,5 liitrit) &#8212; kestab kuni 22h<br \/>M\u00f5eldud 20m2 ruumi jaoks<br \/>5 erinevat veeauru v\u00e4ljastustaset<br \/>Sisseehitatud \u00f6\u00f6valgus (7 erinevat v\u00e4vi)<br \/>Puutetundlik ekraan, mille pealt on v\u00f5imalik k\u00f5iki funktsioone reguleerida<br \/>Eeterlike \u00f5lide hajuti &#8212; v\u00f5imaldab l\u00e4bi veeauru hajutada ka eeterlikke \u00f5lisid<br \/>Automaatne v\u00e4ljal\u00fclitus (kas taimeriga v\u00f5i soovitud niiskustasemeni j\u00f5udes)<br \/>Veeauru v\u00e4ljalaske toru on v\u00f5imalik suunata vastavalt soovile<br \/><span style=\"text-decoration: underline;\">N\u00e4itajad<\/span><br \/>M\u00f5\u00f5dud: 26,8 x 24,2 x 35cm<br \/>V\u00f5imsus: 220-240V &#8212; 50-60HZ<br \/>Kaal: 1,275kg<\/p>\n","protected":false},"excerpt":{"rendered":"<p>See pilkup\u00fc\u00fcdev ning \u00fclimalt vaikne \u00f5huniisutaja v\u00f5imaldab sul kontrollida oma lapse toa keskkonda ning veenduda, et \u00f5hk oleks v\u00f5imalikult tervislik.Niiskustaset on v\u00f5imalik reguleerida nii manuaalselt kui ka automaatselt ning seda saab j\u00e4lgida puutetundlikult ekraanilt. \u00d5huniisutaja \u00fcheks funktsiooniks on ka mitmev\u00e4rviline \u00f6\u00f6valgus, mis aitab lapsel lihtsamini uinuda. Omadused\u00dclimalt vaikne (25dB)Ultrahelil toimivK\u00fclm veeaurSuur veepaagi mahutavus (2,5 liitrit) [&hellip;]<\/p>\n","protected":false},"featured_media":137339,"template":"","meta":{"_acf_changed":false},"pwb-brand":[11976],"product_brand":[],"product_cat":[11573,11715,11709],"product_tag":[],"class_list":{"0":"post-459785","1":"product","2":"type-product","3":"status-publish","4":"has-post-thumbnail","6":"pwb-brand-babymoov-ru","7":"product_cat-sooduspakkumised-ru","8":"product_cat-hugieenitarbed-ru","9":"product_cat-sootmistoolid-beebi-ja-lastetarbed-mahkimine-hugieen-ru","10":"pa_manufacturer-babymoov-ru","12":"first","13":"onbackorder","14":"sale","15":"taxable","16":"shipping-taxable","17":"purchasable","18":"product-type-simple"},"exclude_global_add_ons":[],"addons":[],"acf":[],"yoast_head":"<!-- This site is optimized with the Yoast SEO plugin v27.1.1 - https:\/\/yoast.com\/product\/yoast-seo-wordpress\/ -->\n<title>Babymoov \u00f5huniistuaja Hygro+, \u0421\u041a\u0418\u0414\u041a\u0418, \u041f\u0440\u0438\u043d\u0430\u0434\u043b\u0435\u0436\u043d\u043e\u0441\u0442\u0438 \u0434\u043b\u044f \u043c\u043b\u0430\u0434\u0435\u043d\u0446\u0435\u0432, \u0413\u0438\u0433\u0438\u0435\u043d\u0430, Beebipood<\/title>\n<meta name=\"description\" content=\"Babymoov \u00f5huniistuaja Hygro+, See pilkup&uuml;&uuml;dev ning &uuml;limalt vaikne &otilde;huniisutaja v&otilde;imaldab sul kontrollida oma lapse toa ke\" \/>\n<meta name=\"robots\" content=\"index, follow, max-snippet:-1, max-image-preview:large, max-video-preview:-1\" \/>\n<link rel=\"canonical\" href=\"https:\/\/beebipood.ee\/ru\/produkt\/babymoov-ohuniistuaja-hygro\/\" \/>\n<meta property=\"og:locale\" content=\"ru_RU\" \/>\n<meta property=\"og:type\" content=\"article\" \/>\n<meta property=\"og:title\" content=\"Babymoov \u00f5huniistuaja Hygro+, \u0421\u041a\u0418\u0414\u041a\u0418, \u041f\u0440\u0438\u043d\u0430\u0434\u043b\u0435\u0436\u043d\u043e\u0441\u0442\u0438 \u0434\u043b\u044f \u043c\u043b\u0430\u0434\u0435\u043d\u0446\u0435\u0432, \u0413\u0438\u0433\u0438\u0435\u043d\u0430, Beebipood\" \/>\n<meta property=\"og:description\" content=\"Babymoov \u00f5huniistuaja Hygro+, See pilkup&uuml;&uuml;dev ning &uuml;limalt vaikne &otilde;huniisutaja v&otilde;imaldab sul kontrollida oma lapse toa ke\" \/>\n<meta property=\"og:url\" content=\"https:\/\/beebipood.ee\/ru\/produkt\/babymoov-ohuniistuaja-hygro\/\" \/>\n<meta property=\"og:site_name\" content=\"Beebipood\" \/>\n<meta property=\"article:modified_time\" content=\"2025-01-09T08:48:09+00:00\" \/>\n<meta property=\"og:image\" content=\"https:\/\/beebipood.ee\/wp-content\/uploads\/2021\/03\/Babymoov-ohuniistuaja-Hygro-UUED-TOOTED-Beebi-ja-lastetarbed-Hugieenitarbed_5-fff.jpg\" \/>\n\t<meta property=\"og:image:width\" content=\"822\" \/>\n\t<meta property=\"og:image:height\" content=\"1200\" \/>\n\t<meta property=\"og:image:type\" content=\"image\/jpeg\" \/>\n<meta name=\"twitter:card\" content=\"summary_large_image\" \/>\n<meta name=\"twitter:label1\" content=\"\u041f\u0440\u0438\u043c\u0435\u0440\u043d\u043e\u0435 \u0432\u0440\u0435\u043c\u044f \u0434\u043b\u044f \u0447\u0442\u0435\u043d\u0438\u044f\" \/>\n\t<meta name=\"twitter:data1\" content=\"1 \u043c\u0438\u043d\u0443\u0442\u0430\" \/>\n<script type=\"application\/ld+json\" class=\"yoast-schema-graph\">{\"@context\":\"https:\/\/schema.org\",\"@graph\":[{\"@type\":\"WebPage\",\"@id\":\"https:\/\/beebipood.ee\/ru\/produkt\/babymoov-ohuniistuaja-hygro\/\",\"url\":\"https:\/\/beebipood.ee\/ru\/produkt\/babymoov-ohuniistuaja-hygro\/\",\"name\":\"Babymoov \u00f5huniistuaja Hygro+, \u0421\u041a\u0418\u0414\u041a\u0418, \u041f\u0440\u0438\u043d\u0430\u0434\u043b\u0435\u0436\u043d\u043e\u0441\u0442\u0438 \u0434\u043b\u044f \u043c\u043b\u0430\u0434\u0435\u043d\u0446\u0435\u0432, \u0413\u0438\u0433\u0438\u0435\u043d\u0430, Beebipood\",\"isPartOf\":{\"@id\":\"https:\/\/beebipood.ee\/ru\/#website\"},\"primaryImageOfPage\":{\"@id\":\"https:\/\/beebipood.ee\/ru\/produkt\/babymoov-ohuniistuaja-hygro\/#primaryimage\"},\"image\":{\"@id\":\"https:\/\/beebipood.ee\/ru\/produkt\/babymoov-ohuniistuaja-hygro\/#primaryimage\"},\"thumbnailUrl\":\"https:\/\/beebipood.ee\/wp-content\/uploads\/2021\/03\/Babymoov-ohuniistuaja-Hygro-UUED-TOOTED-Beebi-ja-lastetarbed-Hugieenitarbed_5-fff.jpg\",\"datePublished\":\"2021-03-08T12:28:39+00:00\",\"dateModified\":\"2025-01-09T08:48:09+00:00\",\"description\":\"Babymoov \u00f5huniistuaja Hygro+, See pilkup&uuml;&uuml;dev ning &uuml;limalt vaikne &otilde;huniisutaja v&otilde;imaldab sul kontrollida oma lapse toa ke\",\"breadcrumb\":{\"@id\":\"https:\/\/beebipood.ee\/ru\/produkt\/babymoov-ohuniistuaja-hygro\/#breadcrumb\"},\"inLanguage\":\"ru-RU\",\"potentialAction\":[{\"@type\":\"ReadAction\",\"target\":[\"https:\/\/beebipood.ee\/ru\/produkt\/babymoov-ohuniistuaja-hygro\/\"]}]},{\"@type\":\"ImageObject\",\"inLanguage\":\"ru-RU\",\"@id\":\"https:\/\/beebipood.ee\/ru\/produkt\/babymoov-ohuniistuaja-hygro\/#primaryimage\",\"url\":\"https:\/\/beebipood.ee\/wp-content\/uploads\/2021\/03\/Babymoov-ohuniistuaja-Hygro-UUED-TOOTED-Beebi-ja-lastetarbed-Hugieenitarbed_5-fff.jpg\",\"contentUrl\":\"https:\/\/beebipood.ee\/wp-content\/uploads\/2021\/03\/Babymoov-ohuniistuaja-Hygro-UUED-TOOTED-Beebi-ja-lastetarbed-Hugieenitarbed_5-fff.jpg\",\"width\":822,\"height\":1200},{\"@type\":\"BreadcrumbList\",\"@id\":\"https:\/\/beebipood.ee\/ru\/produkt\/babymoov-ohuniistuaja-hygro\/#breadcrumb\",\"itemListElement\":[{\"@type\":\"ListItem\",\"position\":1,\"name\":\"Home\",\"item\":\"https:\/\/beebipood.ee\/ru\/\"},{\"@type\":\"ListItem\",\"position\":2,\"name\":\"\u041a\u0430\u0442\u0430\u043b\u043e\u0433 \u0442\u043e\u0432\u0430\u0440\u043e\u0432\",\"item\":\"https:\/\/beebipood.ee\/tooted\/\"},{\"@type\":\"ListItem\",\"position\":3,\"name\":\"Babymoov \u00f5huniistuaja Hygro+\"}]},{\"@type\":\"WebSite\",\"@id\":\"https:\/\/beebipood.ee\/ru\/#website\",\"url\":\"https:\/\/beebipood.ee\/ru\/\",\"name\":\"Beebipood\",\"description\":\"Lastekaubad, beebikaubad, m\u00e4nguasjad\",\"publisher\":{\"@id\":\"https:\/\/beebipood.ee\/ru\/#organization\"},\"potentialAction\":[{\"@type\":\"SearchAction\",\"target\":{\"@type\":\"EntryPoint\",\"urlTemplate\":\"https:\/\/beebipood.ee\/ru\/?s={search_term_string}\"},\"query-input\":{\"@type\":\"PropertyValueSpecification\",\"valueRequired\":true,\"valueName\":\"search_term_string\"}}],\"inLanguage\":\"ru-RU\"},{\"@type\":\"Organization\",\"@id\":\"https:\/\/beebipood.ee\/ru\/#organization\",\"name\":\"Beebipood\",\"url\":\"https:\/\/beebipood.ee\/ru\/\",\"logo\":{\"@type\":\"ImageObject\",\"inLanguage\":\"ru-RU\",\"@id\":\"https:\/\/beebipood.ee\/ru\/#\/schema\/logo\/image\/\",\"url\":\"https:\/\/beebipood.ee\/wp-content\/uploads\/2025\/03\/beebipood.ee-logo-1.svg\",\"contentUrl\":\"https:\/\/beebipood.ee\/wp-content\/uploads\/2025\/03\/beebipood.ee-logo-1.svg\",\"caption\":\"Beebipood\"},\"image\":{\"@id\":\"https:\/\/beebipood.ee\/ru\/#\/schema\/logo\/image\/\"}}]}<\/script>\n<!-- \/ Yoast SEO plugin. -->","yoast_head_json":{"title":"Babymoov \u00f5huniistuaja Hygro+, \u0421\u041a\u0418\u0414\u041a\u0418, \u041f\u0440\u0438\u043d\u0430\u0434\u043b\u0435\u0436\u043d\u043e\u0441\u0442\u0438 \u0434\u043b\u044f \u043c\u043b\u0430\u0434\u0435\u043d\u0446\u0435\u0432, \u0413\u0438\u0433\u0438\u0435\u043d\u0430, Beebipood","description":"Babymoov \u00f5huniistuaja Hygro+, See pilkup&uuml;&uuml;dev ning &uuml;limalt vaikne &otilde;huniisutaja v&otilde;imaldab sul kontrollida oma lapse toa ke","robots":{"index":"index","follow":"follow","max-snippet":"max-snippet:-1","max-image-preview":"max-image-preview:large","max-video-preview":"max-video-preview:-1"},"canonical":"https:\/\/beebipood.ee\/ru\/produkt\/babymoov-ohuniistuaja-hygro\/","og_locale":"ru_RU","og_type":"article","og_title":"Babymoov \u00f5huniistuaja Hygro+, \u0421\u041a\u0418\u0414\u041a\u0418, \u041f\u0440\u0438\u043d\u0430\u0434\u043b\u0435\u0436\u043d\u043e\u0441\u0442\u0438 \u0434\u043b\u044f \u043c\u043b\u0430\u0434\u0435\u043d\u0446\u0435\u0432, \u0413\u0438\u0433\u0438\u0435\u043d\u0430, Beebipood","og_description":"Babymoov \u00f5huniistuaja Hygro+, See pilkup&uuml;&uuml;dev ning &uuml;limalt vaikne &otilde;huniisutaja v&otilde;imaldab sul kontrollida oma lapse toa ke","og_url":"https:\/\/beebipood.ee\/ru\/produkt\/babymoov-ohuniistuaja-hygro\/","og_site_name":"Beebipood","article_modified_time":"2025-01-09T08:48:09+00:00","og_image":[{"width":822,"height":1200,"url":"https:\/\/beebipood.ee\/wp-content\/uploads\/2021\/03\/Babymoov-ohuniistuaja-Hygro-UUED-TOOTED-Beebi-ja-lastetarbed-Hugieenitarbed_5-fff.jpg","type":"image\/jpeg"}],"twitter_card":"summary_large_image","twitter_misc":{"\u041f\u0440\u0438\u043c\u0435\u0440\u043d\u043e\u0435 \u0432\u0440\u0435\u043c\u044f \u0434\u043b\u044f \u0447\u0442\u0435\u043d\u0438\u044f":"1 \u043c\u0438\u043d\u0443\u0442\u0430"},"schema":{"@context":"https:\/\/schema.org","@graph":[{"@type":"WebPage","@id":"https:\/\/beebipood.ee\/ru\/produkt\/babymoov-ohuniistuaja-hygro\/","url":"https:\/\/beebipood.ee\/ru\/produkt\/babymoov-ohuniistuaja-hygro\/","name":"Babymoov \u00f5huniistuaja Hygro+, \u0421\u041a\u0418\u0414\u041a\u0418, \u041f\u0440\u0438\u043d\u0430\u0434\u043b\u0435\u0436\u043d\u043e\u0441\u0442\u0438 \u0434\u043b\u044f \u043c\u043b\u0430\u0434\u0435\u043d\u0446\u0435\u0432, \u0413\u0438\u0433\u0438\u0435\u043d\u0430, Beebipood","isPartOf":{"@id":"https:\/\/beebipood.ee\/ru\/#website"},"primaryImageOfPage":{"@id":"https:\/\/beebipood.ee\/ru\/produkt\/babymoov-ohuniistuaja-hygro\/#primaryimage"},"image":{"@id":"https:\/\/beebipood.ee\/ru\/produkt\/babymoov-ohuniistuaja-hygro\/#primaryimage"},"thumbnailUrl":"https:\/\/beebipood.ee\/wp-content\/uploads\/2021\/03\/Babymoov-ohuniistuaja-Hygro-UUED-TOOTED-Beebi-ja-lastetarbed-Hugieenitarbed_5-fff.jpg","datePublished":"2021-03-08T12:28:39+00:00","dateModified":"2025-01-09T08:48:09+00:00","description":"Babymoov \u00f5huniistuaja Hygro+, See pilkup&uuml;&uuml;dev ning &uuml;limalt vaikne &otilde;huniisutaja v&otilde;imaldab sul kontrollida oma lapse toa ke","breadcrumb":{"@id":"https:\/\/beebipood.ee\/ru\/produkt\/babymoov-ohuniistuaja-hygro\/#breadcrumb"},"inLanguage":"ru-RU","potentialAction":[{"@type":"ReadAction","target":["https:\/\/beebipood.ee\/ru\/produkt\/babymoov-ohuniistuaja-hygro\/"]}]},{"@type":"ImageObject","inLanguage":"ru-RU","@id":"https:\/\/beebipood.ee\/ru\/produkt\/babymoov-ohuniistuaja-hygro\/#primaryimage","url":"https:\/\/beebipood.ee\/wp-content\/uploads\/2021\/03\/Babymoov-ohuniistuaja-Hygro-UUED-TOOTED-Beebi-ja-lastetarbed-Hugieenitarbed_5-fff.jpg","contentUrl":"https:\/\/beebipood.ee\/wp-content\/uploads\/2021\/03\/Babymoov-ohuniistuaja-Hygro-UUED-TOOTED-Beebi-ja-lastetarbed-Hugieenitarbed_5-fff.jpg","width":822,"height":1200},{"@type":"BreadcrumbList","@id":"https:\/\/beebipood.ee\/ru\/produkt\/babymoov-ohuniistuaja-hygro\/#breadcrumb","itemListElement":[{"@type":"ListItem","position":1,"name":"Home","item":"https:\/\/beebipood.ee\/ru\/"},{"@type":"ListItem","position":2,"name":"\u041a\u0430\u0442\u0430\u043b\u043e\u0433 \u0442\u043e\u0432\u0430\u0440\u043e\u0432","item":"https:\/\/beebipood.ee\/tooted\/"},{"@type":"ListItem","position":3,"name":"Babymoov \u00f5huniistuaja Hygro+"}]},{"@type":"WebSite","@id":"https:\/\/beebipood.ee\/ru\/#website","url":"https:\/\/beebipood.ee\/ru\/","name":"Beebipood","description":"Lastekaubad, beebikaubad, m\u00e4nguasjad","publisher":{"@id":"https:\/\/beebipood.ee\/ru\/#organization"},"potentialAction":[{"@type":"SearchAction","target":{"@type":"EntryPoint","urlTemplate":"https:\/\/beebipood.ee\/ru\/?s={search_term_string}"},"query-input":{"@type":"PropertyValueSpecification","valueRequired":true,"valueName":"search_term_string"}}],"inLanguage":"ru-RU"},{"@type":"Organization","@id":"https:\/\/beebipood.ee\/ru\/#organization","name":"Beebipood","url":"https:\/\/beebipood.ee\/ru\/","logo":{"@type":"ImageObject","inLanguage":"ru-RU","@id":"https:\/\/beebipood.ee\/ru\/#\/schema\/logo\/image\/","url":"https:\/\/beebipood.ee\/wp-content\/uploads\/2025\/03\/beebipood.ee-logo-1.svg","contentUrl":"https:\/\/beebipood.ee\/wp-content\/uploads\/2025\/03\/beebipood.ee-logo-1.svg","caption":"Beebipood"},"image":{"@id":"https:\/\/beebipood.ee\/ru\/#\/schema\/logo\/image\/"}}]}},"brands":[{"id":11976,"name":"Babymoov","slug":"babymoov-ru"}],"_links":{"self":[{"href":"https:\/\/beebipood.ee\/ru\/wp-json\/wp\/v2\/product\/459785","targetHints":{"allow":["GET"]}}],"collection":[{"href":"https:\/\/beebipood.ee\/ru\/wp-json\/wp\/v2\/product"}],"about":[{"href":"https:\/\/beebipood.ee\/ru\/wp-json\/wp\/v2\/types\/product"}],"wp:featuredmedia":[{"embeddable":true,"href":"https:\/\/beebipood.ee\/ru\/wp-json\/wp\/v2\/media\/137339"}],"wp:attachment":[{"href":"https:\/\/beebipood.ee\/ru\/wp-json\/wp\/v2\/media?parent=459785"}],"wp:term":[{"taxonomy":"pwb-brand","embeddable":true,"href":"https:\/\/beebipood.ee\/ru\/wp-json\/wp\/v2\/pwb-brand?post=459785"},{"taxonomy":"product_brand","embeddable":true,"href":"https:\/\/beebipood.ee\/ru\/wp-json\/wp\/v2\/product_brand?post=459785"},{"taxonomy":"product_cat","embeddable":true,"href":"https:\/\/beebipood.ee\/ru\/wp-json\/wp\/v2\/product_cat?post=459785"},{"taxonomy":"product_tag","embeddable":true,"href":"https:\/\/beebipood.ee\/ru\/wp-json\/wp\/v2\/product_tag?post=459785"}],"curies":[{"name":"wp","href":"https:\/\/api.w.org\/{rel}","templated":true}]}}