{"id":459787,"date":"2021-06-29T11:19:27","date_gmt":"2021-06-29T08:19:27","guid":{"rendered":"https:\/\/beebipood.ee\/toode\/vankrisuusad-snow-walk-2tk\/"},"modified":"2025-03-05T07:10:49","modified_gmt":"2025-03-05T05:10:49","slug":"vankrisuusad-snow-walk-2tk","status":"publish","type":"product","link":"https:\/\/beebipood.ee\/ru\/produkt\/vankrisuusad-snow-walk-2tk\/","title":{"rendered":"Vankrisuusad SNoW WALK (2tk)"},"content":{"rendered":"<p>Universaalse kinnitusega SNoW WALK suuskade komplekt <br \/>vankrile v\u00f5i jalutusk\u00e4rule.<br \/>Kas lumi takistab k\u00e4ruga liikumist? <br \/>Siis on lahedus SNoW WALK k\u00e4rusuusad! <br \/>Kinnitage need suusad oma jalutusk\u00e4ru ratastele <br \/>ning teie on jalutusk\u00e4ru liugleb kergesti \u00fcle lume!<br \/>SNoW WALK k\u00e4rusuusad sobivad k\u00f5ikidele jalutusk\u00e4rudele, <br \/>mille rattad on kuni 6 sentimeetrit laiad ja kuni 30 sentimeetrise l\u00e4bim\u00f5\u00f5duga. <br \/>Lihtsalt reguleerid suusad \u00fcks kord oma jalutusk\u00e4ru rataste jaoks <br \/>ning siis on neid juba lihtne paigaldada ja kasutada.<br \/>Nelja rattaga jalutusk\u00e4rul on vaja 2 suuska esiratastele, <br \/>et k\u00e4ru kergemalt lume peal liikuma p\u00e4\u00e4seks. <br \/>Loomulikult v\u00f5id soovi korral suusad k\u00f5igile neljale rattale panna.<br \/>Need, kellel on kolme rattaga jalutusk\u00e4ru, saavad valida, <br \/>kas panna esirattale ainult \u00fcks v\u00f5i panna igale rattale suusk, <br \/>mis muudab teie vankri veelgi lumes\u00f5bralikumaks.<br \/>Jalutusk\u00e4rud suusad on v\u00e4lja t\u00f6\u00f6tatud ja toodetud Rootsis.<br \/>M\u00fc\u00fcakse kaks suuska (2tk) pakendis.<\/p>\n","protected":false},"excerpt":{"rendered":"<p>Universaalse kinnitusega SNoW WALK suuskade komplekt vankrile v\u00f5i jalutusk\u00e4rule.Kas lumi takistab k\u00e4ruga liikumist? Siis on lahedus SNoW WALK k\u00e4rusuusad! Kinnitage need suusad oma jalutusk\u00e4ru ratastele ning teie on jalutusk\u00e4ru liugleb kergesti \u00fcle lume!SNoW WALK k\u00e4rusuusad sobivad k\u00f5ikidele jalutusk\u00e4rudele, mille rattad on kuni 6 sentimeetrit laiad ja kuni 30 sentimeetrise l\u00e4bim\u00f5\u00f5duga. Lihtsalt reguleerid suusad \u00fcks kord [&hellip;]<\/p>\n","protected":false},"featured_media":137363,"template":"","meta":{"_acf_changed":false},"pwb-brand":[],"product_brand":[],"product_cat":[11721,11725,11717],"product_tag":[],"class_list":{"0":"post-459787","1":"product","2":"type-product","3":"status-publish","4":"has-post-thumbnail","6":"product_cat-jalutuskarud-ru","7":"product_cat-lisatarvikud-ru","8":"product_cat-lastevankrid-ja-karud-ru","10":"first","11":"instock","12":"taxable","13":"shipping-taxable","14":"purchasable","15":"product-type-simple"},"exclude_global_add_ons":[],"addons":[],"acf":[],"yoast_head":"<!-- This site is optimized with the Yoast SEO plugin v27.3 - https:\/\/yoast.com\/product\/yoast-seo-wordpress\/ -->\n<title>Vankrisuusad SNoW WALK (2tk), \u041a\u043e\u043b\u044f\u0441\u043a\u0438, \u041f\u0440\u043e\u0433\u0443\u043b\u043e\u0447\u043d\u044b\u0435 \u043a\u043e\u043b\u044f\u0441\u043a\u0438, \u041f\u0440\u0438\u043d\u0430\u0434\u043b\u0435\u0436\u043d\u043e\u0441\u0442\u0438, Beebipood<\/title>\n<meta name=\"description\" content=\"Vankrisuusad SNoW WALK (2tk), Universaalse kinnitusega SNoW WALK suuskade komplekt vankrile v&otilde;i jalutusk&auml;rule.Kas lumi takistab k&amp;aum\" \/>\n<meta name=\"robots\" content=\"index, follow, max-snippet:-1, max-image-preview:large, max-video-preview:-1\" \/>\n<link rel=\"canonical\" href=\"https:\/\/beebipood.ee\/ru\/produkt\/vankrisuusad-snow-walk-2tk\/\" \/>\n<meta property=\"og:locale\" content=\"ru_RU\" \/>\n<meta property=\"og:type\" content=\"article\" \/>\n<meta property=\"og:title\" content=\"Vankrisuusad SNoW WALK (2tk), \u041a\u043e\u043b\u044f\u0441\u043a\u0438, \u041f\u0440\u043e\u0433\u0443\u043b\u043e\u0447\u043d\u044b\u0435 \u043a\u043e\u043b\u044f\u0441\u043a\u0438, \u041f\u0440\u0438\u043d\u0430\u0434\u043b\u0435\u0436\u043d\u043e\u0441\u0442\u0438, Beebipood\" \/>\n<meta property=\"og:description\" content=\"Vankrisuusad SNoW WALK (2tk), Universaalse kinnitusega SNoW WALK suuskade komplekt vankrile v&otilde;i jalutusk&auml;rule.Kas lumi takistab k&amp;aum\" \/>\n<meta property=\"og:url\" content=\"https:\/\/beebipood.ee\/ru\/produkt\/vankrisuusad-snow-walk-2tk\/\" \/>\n<meta property=\"og:site_name\" content=\"Beebipood\" \/>\n<meta property=\"article:modified_time\" content=\"2025-03-05T05:10:49+00:00\" \/>\n<meta property=\"og:image\" content=\"https:\/\/beebipood.ee\/wp-content\/uploads\/2021\/06\/Vankrisuusad-SNoW-WALK-2tk-UUED-TOOTED-Lastevankrid-ja-karud-Jalutuskarud-Lisavarustus-_5-68c.jpg\" \/>\n\t<meta property=\"og:image:width\" content=\"827\" \/>\n\t<meta property=\"og:image:height\" content=\"827\" \/>\n\t<meta property=\"og:image:type\" content=\"image\/jpeg\" \/>\n<meta name=\"twitter:card\" content=\"summary_large_image\" \/>\n<meta name=\"twitter:label1\" content=\"\u041f\u0440\u0438\u043c\u0435\u0440\u043d\u043e\u0435 \u0432\u0440\u0435\u043c\u044f \u0434\u043b\u044f \u0447\u0442\u0435\u043d\u0438\u044f\" \/>\n\t<meta name=\"twitter:data1\" content=\"1 \u043c\u0438\u043d\u0443\u0442\u0430\" \/>\n<script type=\"application\/ld+json\" class=\"yoast-schema-graph\">{\"@context\":\"https:\\\/\\\/schema.org\",\"@graph\":[{\"@type\":\"WebPage\",\"@id\":\"https:\\\/\\\/beebipood.ee\\\/ru\\\/produkt\\\/vankrisuusad-snow-walk-2tk\\\/\",\"url\":\"https:\\\/\\\/beebipood.ee\\\/ru\\\/produkt\\\/vankrisuusad-snow-walk-2tk\\\/\",\"name\":\"Vankrisuusad SNoW WALK (2tk), \u041a\u043e\u043b\u044f\u0441\u043a\u0438, \u041f\u0440\u043e\u0433\u0443\u043b\u043e\u0447\u043d\u044b\u0435 \u043a\u043e\u043b\u044f\u0441\u043a\u0438, \u041f\u0440\u0438\u043d\u0430\u0434\u043b\u0435\u0436\u043d\u043e\u0441\u0442\u0438, Beebipood\",\"isPartOf\":{\"@id\":\"https:\\\/\\\/beebipood.ee\\\/ru\\\/#website\"},\"primaryImageOfPage\":{\"@id\":\"https:\\\/\\\/beebipood.ee\\\/ru\\\/produkt\\\/vankrisuusad-snow-walk-2tk\\\/#primaryimage\"},\"image\":{\"@id\":\"https:\\\/\\\/beebipood.ee\\\/ru\\\/produkt\\\/vankrisuusad-snow-walk-2tk\\\/#primaryimage\"},\"thumbnailUrl\":\"https:\\\/\\\/beebipood.ee\\\/wp-content\\\/uploads\\\/2021\\\/06\\\/Vankrisuusad-SNoW-WALK-2tk-UUED-TOOTED-Lastevankrid-ja-karud-Jalutuskarud-Lisavarustus-_5-68c.jpg\",\"datePublished\":\"2021-06-29T08:19:27+00:00\",\"dateModified\":\"2025-03-05T05:10:49+00:00\",\"description\":\"Vankrisuusad SNoW WALK (2tk), Universaalse kinnitusega SNoW WALK suuskade komplekt vankrile v&otilde;i jalutusk&auml;rule.Kas lumi takistab k&aum\",\"breadcrumb\":{\"@id\":\"https:\\\/\\\/beebipood.ee\\\/ru\\\/produkt\\\/vankrisuusad-snow-walk-2tk\\\/#breadcrumb\"},\"inLanguage\":\"ru-RU\",\"potentialAction\":[{\"@type\":\"ReadAction\",\"target\":[\"https:\\\/\\\/beebipood.ee\\\/ru\\\/produkt\\\/vankrisuusad-snow-walk-2tk\\\/\"]}]},{\"@type\":\"ImageObject\",\"inLanguage\":\"ru-RU\",\"@id\":\"https:\\\/\\\/beebipood.ee\\\/ru\\\/produkt\\\/vankrisuusad-snow-walk-2tk\\\/#primaryimage\",\"url\":\"https:\\\/\\\/beebipood.ee\\\/wp-content\\\/uploads\\\/2021\\\/06\\\/Vankrisuusad-SNoW-WALK-2tk-UUED-TOOTED-Lastevankrid-ja-karud-Jalutuskarud-Lisavarustus-_5-68c.jpg\",\"contentUrl\":\"https:\\\/\\\/beebipood.ee\\\/wp-content\\\/uploads\\\/2021\\\/06\\\/Vankrisuusad-SNoW-WALK-2tk-UUED-TOOTED-Lastevankrid-ja-karud-Jalutuskarud-Lisavarustus-_5-68c.jpg\",\"width\":827,\"height\":827},{\"@type\":\"BreadcrumbList\",\"@id\":\"https:\\\/\\\/beebipood.ee\\\/ru\\\/produkt\\\/vankrisuusad-snow-walk-2tk\\\/#breadcrumb\",\"itemListElement\":[{\"@type\":\"ListItem\",\"position\":1,\"name\":\"Home\",\"item\":\"https:\\\/\\\/beebipood.ee\\\/ru\\\/\"},{\"@type\":\"ListItem\",\"position\":2,\"name\":\"\u041a\u0430\u0442\u0430\u043b\u043e\u0433 \u0442\u043e\u0432\u0430\u0440\u043e\u0432\",\"item\":\"https:\\\/\\\/beebipood.ee\\\/tooted\\\/\"},{\"@type\":\"ListItem\",\"position\":3,\"name\":\"Vankrisuusad SNoW WALK (2tk)\"}]},{\"@type\":\"WebSite\",\"@id\":\"https:\\\/\\\/beebipood.ee\\\/ru\\\/#website\",\"url\":\"https:\\\/\\\/beebipood.ee\\\/ru\\\/\",\"name\":\"Beebipood\",\"description\":\"Lastekaubad, beebikaubad, m\u00e4nguasjad\",\"publisher\":{\"@id\":\"https:\\\/\\\/beebipood.ee\\\/ru\\\/#organization\"},\"potentialAction\":[{\"@type\":\"SearchAction\",\"target\":{\"@type\":\"EntryPoint\",\"urlTemplate\":\"https:\\\/\\\/beebipood.ee\\\/ru\\\/?s={search_term_string}\"},\"query-input\":{\"@type\":\"PropertyValueSpecification\",\"valueRequired\":true,\"valueName\":\"search_term_string\"}}],\"inLanguage\":\"ru-RU\"},{\"@type\":\"Organization\",\"@id\":\"https:\\\/\\\/beebipood.ee\\\/ru\\\/#organization\",\"name\":\"Beebipood\",\"url\":\"https:\\\/\\\/beebipood.ee\\\/ru\\\/\",\"logo\":{\"@type\":\"ImageObject\",\"inLanguage\":\"ru-RU\",\"@id\":\"https:\\\/\\\/beebipood.ee\\\/ru\\\/#\\\/schema\\\/logo\\\/image\\\/\",\"url\":\"https:\\\/\\\/beebipood.ee\\\/wp-content\\\/uploads\\\/2025\\\/03\\\/beebipood.ee-logo-1.svg\",\"contentUrl\":\"https:\\\/\\\/beebipood.ee\\\/wp-content\\\/uploads\\\/2025\\\/03\\\/beebipood.ee-logo-1.svg\",\"caption\":\"Beebipood\"},\"image\":{\"@id\":\"https:\\\/\\\/beebipood.ee\\\/ru\\\/#\\\/schema\\\/logo\\\/image\\\/\"}}]}<\/script>\n<!-- \/ Yoast SEO plugin. -->","yoast_head_json":{"title":"Vankrisuusad SNoW WALK (2tk), \u041a\u043e\u043b\u044f\u0441\u043a\u0438, \u041f\u0440\u043e\u0433\u0443\u043b\u043e\u0447\u043d\u044b\u0435 \u043a\u043e\u043b\u044f\u0441\u043a\u0438, \u041f\u0440\u0438\u043d\u0430\u0434\u043b\u0435\u0436\u043d\u043e\u0441\u0442\u0438, Beebipood","description":"Vankrisuusad SNoW WALK (2tk), Universaalse kinnitusega SNoW WALK suuskade komplekt vankrile v&otilde;i jalutusk&auml;rule.Kas lumi takistab k&aum","robots":{"index":"index","follow":"follow","max-snippet":"max-snippet:-1","max-image-preview":"max-image-preview:large","max-video-preview":"max-video-preview:-1"},"canonical":"https:\/\/beebipood.ee\/ru\/produkt\/vankrisuusad-snow-walk-2tk\/","og_locale":"ru_RU","og_type":"article","og_title":"Vankrisuusad SNoW WALK (2tk), \u041a\u043e\u043b\u044f\u0441\u043a\u0438, \u041f\u0440\u043e\u0433\u0443\u043b\u043e\u0447\u043d\u044b\u0435 \u043a\u043e\u043b\u044f\u0441\u043a\u0438, \u041f\u0440\u0438\u043d\u0430\u0434\u043b\u0435\u0436\u043d\u043e\u0441\u0442\u0438, Beebipood","og_description":"Vankrisuusad SNoW WALK (2tk), Universaalse kinnitusega SNoW WALK suuskade komplekt vankrile v&otilde;i jalutusk&auml;rule.Kas lumi takistab k&aum","og_url":"https:\/\/beebipood.ee\/ru\/produkt\/vankrisuusad-snow-walk-2tk\/","og_site_name":"Beebipood","article_modified_time":"2025-03-05T05:10:49+00:00","og_image":[{"width":827,"height":827,"url":"https:\/\/beebipood.ee\/wp-content\/uploads\/2021\/06\/Vankrisuusad-SNoW-WALK-2tk-UUED-TOOTED-Lastevankrid-ja-karud-Jalutuskarud-Lisavarustus-_5-68c.jpg","type":"image\/jpeg"}],"twitter_card":"summary_large_image","twitter_misc":{"\u041f\u0440\u0438\u043c\u0435\u0440\u043d\u043e\u0435 \u0432\u0440\u0435\u043c\u044f \u0434\u043b\u044f \u0447\u0442\u0435\u043d\u0438\u044f":"1 \u043c\u0438\u043d\u0443\u0442\u0430"},"schema":{"@context":"https:\/\/schema.org","@graph":[{"@type":"WebPage","@id":"https:\/\/beebipood.ee\/ru\/produkt\/vankrisuusad-snow-walk-2tk\/","url":"https:\/\/beebipood.ee\/ru\/produkt\/vankrisuusad-snow-walk-2tk\/","name":"Vankrisuusad SNoW WALK (2tk), \u041a\u043e\u043b\u044f\u0441\u043a\u0438, \u041f\u0440\u043e\u0433\u0443\u043b\u043e\u0447\u043d\u044b\u0435 \u043a\u043e\u043b\u044f\u0441\u043a\u0438, \u041f\u0440\u0438\u043d\u0430\u0434\u043b\u0435\u0436\u043d\u043e\u0441\u0442\u0438, Beebipood","isPartOf":{"@id":"https:\/\/beebipood.ee\/ru\/#website"},"primaryImageOfPage":{"@id":"https:\/\/beebipood.ee\/ru\/produkt\/vankrisuusad-snow-walk-2tk\/#primaryimage"},"image":{"@id":"https:\/\/beebipood.ee\/ru\/produkt\/vankrisuusad-snow-walk-2tk\/#primaryimage"},"thumbnailUrl":"https:\/\/beebipood.ee\/wp-content\/uploads\/2021\/06\/Vankrisuusad-SNoW-WALK-2tk-UUED-TOOTED-Lastevankrid-ja-karud-Jalutuskarud-Lisavarustus-_5-68c.jpg","datePublished":"2021-06-29T08:19:27+00:00","dateModified":"2025-03-05T05:10:49+00:00","description":"Vankrisuusad SNoW WALK (2tk), Universaalse kinnitusega SNoW WALK suuskade komplekt vankrile v&otilde;i jalutusk&auml;rule.Kas lumi takistab k&aum","breadcrumb":{"@id":"https:\/\/beebipood.ee\/ru\/produkt\/vankrisuusad-snow-walk-2tk\/#breadcrumb"},"inLanguage":"ru-RU","potentialAction":[{"@type":"ReadAction","target":["https:\/\/beebipood.ee\/ru\/produkt\/vankrisuusad-snow-walk-2tk\/"]}]},{"@type":"ImageObject","inLanguage":"ru-RU","@id":"https:\/\/beebipood.ee\/ru\/produkt\/vankrisuusad-snow-walk-2tk\/#primaryimage","url":"https:\/\/beebipood.ee\/wp-content\/uploads\/2021\/06\/Vankrisuusad-SNoW-WALK-2tk-UUED-TOOTED-Lastevankrid-ja-karud-Jalutuskarud-Lisavarustus-_5-68c.jpg","contentUrl":"https:\/\/beebipood.ee\/wp-content\/uploads\/2021\/06\/Vankrisuusad-SNoW-WALK-2tk-UUED-TOOTED-Lastevankrid-ja-karud-Jalutuskarud-Lisavarustus-_5-68c.jpg","width":827,"height":827},{"@type":"BreadcrumbList","@id":"https:\/\/beebipood.ee\/ru\/produkt\/vankrisuusad-snow-walk-2tk\/#breadcrumb","itemListElement":[{"@type":"ListItem","position":1,"name":"Home","item":"https:\/\/beebipood.ee\/ru\/"},{"@type":"ListItem","position":2,"name":"\u041a\u0430\u0442\u0430\u043b\u043e\u0433 \u0442\u043e\u0432\u0430\u0440\u043e\u0432","item":"https:\/\/beebipood.ee\/tooted\/"},{"@type":"ListItem","position":3,"name":"Vankrisuusad SNoW WALK (2tk)"}]},{"@type":"WebSite","@id":"https:\/\/beebipood.ee\/ru\/#website","url":"https:\/\/beebipood.ee\/ru\/","name":"Beebipood","description":"Lastekaubad, beebikaubad, m\u00e4nguasjad","publisher":{"@id":"https:\/\/beebipood.ee\/ru\/#organization"},"potentialAction":[{"@type":"SearchAction","target":{"@type":"EntryPoint","urlTemplate":"https:\/\/beebipood.ee\/ru\/?s={search_term_string}"},"query-input":{"@type":"PropertyValueSpecification","valueRequired":true,"valueName":"search_term_string"}}],"inLanguage":"ru-RU"},{"@type":"Organization","@id":"https:\/\/beebipood.ee\/ru\/#organization","name":"Beebipood","url":"https:\/\/beebipood.ee\/ru\/","logo":{"@type":"ImageObject","inLanguage":"ru-RU","@id":"https:\/\/beebipood.ee\/ru\/#\/schema\/logo\/image\/","url":"https:\/\/beebipood.ee\/wp-content\/uploads\/2025\/03\/beebipood.ee-logo-1.svg","contentUrl":"https:\/\/beebipood.ee\/wp-content\/uploads\/2025\/03\/beebipood.ee-logo-1.svg","caption":"Beebipood"},"image":{"@id":"https:\/\/beebipood.ee\/ru\/#\/schema\/logo\/image\/"}}]}},"brands":[],"_links":{"self":[{"href":"https:\/\/beebipood.ee\/ru\/wp-json\/wp\/v2\/product\/459787","targetHints":{"allow":["GET"]}}],"collection":[{"href":"https:\/\/beebipood.ee\/ru\/wp-json\/wp\/v2\/product"}],"about":[{"href":"https:\/\/beebipood.ee\/ru\/wp-json\/wp\/v2\/types\/product"}],"wp:featuredmedia":[{"embeddable":true,"href":"https:\/\/beebipood.ee\/ru\/wp-json\/wp\/v2\/media\/137363"}],"wp:attachment":[{"href":"https:\/\/beebipood.ee\/ru\/wp-json\/wp\/v2\/media?parent=459787"}],"wp:term":[{"taxonomy":"pwb-brand","embeddable":true,"href":"https:\/\/beebipood.ee\/ru\/wp-json\/wp\/v2\/pwb-brand?post=459787"},{"taxonomy":"product_brand","embeddable":true,"href":"https:\/\/beebipood.ee\/ru\/wp-json\/wp\/v2\/product_brand?post=459787"},{"taxonomy":"product_cat","embeddable":true,"href":"https:\/\/beebipood.ee\/ru\/wp-json\/wp\/v2\/product_cat?post=459787"},{"taxonomy":"product_tag","embeddable":true,"href":"https:\/\/beebipood.ee\/ru\/wp-json\/wp\/v2\/product_tag?post=459787"}],"curies":[{"name":"wp","href":"https:\/\/api.w.org\/{rel}","templated":true}]}}